{"id":1068,"date":"2015-07-13T11:00:31","date_gmt":"2015-07-13T10:00:31","guid":{"rendered":"http:\/\/de.dicapac.de\/ueber-uns\/copyright-information\/"},"modified":"2017-04-04T14:18:53","modified_gmt":"2017-04-04T13:18:53","slug":"copyright-information","status":"publish","type":"page","link":"https:\/\/ewa-marine.com\/de\/ueber-uns\/copyright-information\/","title":{"rendered":"Copyright Information"},"content":{"rendered":"<div id=\"pl-1068\"  class=\"panel-layout\" ><div id=\"pg-1068-0\"  class=\"panel-grid panel-no-style\" ><div id=\"pgc-1068-0-0\"  class=\"panel-grid-cell\" ><div id=\"panel-1068-0-0-0\" class=\"so-panel widget widget_sow-editor panel-first-child panel-last-child\" data-index=\"0\" ><div\n\t\t\t\n\t\t\tclass=\"so-widget-sow-editor so-widget-sow-editor-base\"\n\t\t\t\n\t\t>\n<div class=\"siteorigin-widget-tinymce textwidget\">\n\t<h1>Copyright<\/h1>\n<p>Wir freuen uns \u00fcber Ihr Interesse an ewa-marine und unseren Produkten. ewa-marine bem\u00fcht sich, Ihnen eine informative und unterhaltsame Website zu bieten. Wenn Sie H\u00e4ndler oder sonstiger Vertriebspartner der ewa-marine GmbH sind, werden wir Ihnen die Nutzung von Elementen dieser Website unter bestimmten Bedingungen gestatten.<\/p>\n<p>Alle Inhalte (Text, Bilder, Grafiken, Animationen) von <a href=\"http:\/\/www.ewa-marine.de\">www.ewa-marine.de<\/a> und <a href=\"https:\/\/ewa-marine.com\">www.ewa-marine.com<\/a> sowie deren Subdomains unterliegen dem Urheberrecht und anderen Gesetzen zum Schutz der Rechte des geistigen Eigentums. Elemente d\u00fcrfen weder f\u00fcr private noch f\u00fcr gesch\u00e4ftliche Zwecke genutzt, kopiert oder ver\u00e4ndert werden. Dies gilt f\u00fcr alle Inhalte, aktuelle sowie die von Vorg\u00e4ngerversionen der Seite, die seit Mai 1998 auf den oben genannten Websites ver\u00f6ffentlicht wurden.<br \/>Ausnahmen hiervon k\u00f6nnen gemacht werden, wenn das oben genannte Material zur F\u00f6rderung der Marke ewa-marine, zur Verkaufsf\u00f6rderung f\u00fcr ewa-marine Produkten, oder zum Verkauf dieser Produkte zum offiziellen, vom Hersteller oder lokalen Importeur empfohlenen Listenpreis benutzt wird.<\/p>\n<p>Alle auf dieser Website verwendeten Marken und Markennamen sind das Eigentum der jeweiligen Besitzer. Wenn Sie H\u00e4ndler oder Vertriebspartner der ewa-marine GmbH sind, k\u00f6nnen wir die Nutzung von Elementen dieser Website unter bestimmten Bedingungen gestatten. Sie k\u00f6nnen die Erlaubnis per E-Mail beantragen, wenn Sie Inhalte oder Teile davon auf anderen Webseiten oder auf anderen Medien ver\u00f6ffentlichen m\u00f6chten. Das Material darf erst dann verwendet werden, wenn Sie eine schriftliche Genehmigung erhalten haben.<\/p>\n<p>Die Verwendung von Bildern, Textausschnitten, Diagrammen oder Animationen auf Auktions-Websites wie Ebay oder Vertriebsplattformen wie Amazon oder Alibaba ist unter keinen Umst\u00e4nden zul\u00e4ssig.<\/p>\n<p>Letztes Update: 1. Januar 2010<\/p>\n<\/div>\n<\/div><\/div><\/div><\/div><\/div>","protected":false},"excerpt":{"rendered":"<p>CopyrightWir freuen uns \u00fcber Ihr Interesse an ewa-marine und unseren Produkten. ewa-marine bem\u00fcht sich, Ihnen eine informative und unterhaltsame Website zu bieten. Wenn Sie H\u00e4ndler oder sonstiger Vertriebspartner der ewa-marine GmbH sind, werden wir Ihnen die Nutzung von Elementen dieser Website unter bestimmten Bedingungen gestatten.Alle Inhalte (Text, Bilder, Grafiken, Animationen) von www.ewa-marine.de und www.ewa-marine.com sowie deren Subdomains unterliegen dem Urheberrecht und anderen Gesetzen zum Schutz der Rechte des geistigen Eigentums. Elemente d\u00fcrfen weder f\u00fcr private noch f\u00fcr gesch\u00e4ftliche Zwecke genutzt, &hellip; <a href=\"https:\/\/ewa-marine.com\/de\/ueber-uns\/copyright-information\/\">Weiterlesen<\/a><\/p>\n","protected":false},"author":1,"featured_media":1310,"parent":129,"menu_order":5,"comment_status":"closed","ping_status":"closed","template":"","meta":{"kt_blocks_editor_width":"","footnotes":""},"class_list":["post-1068","page","type-page","status-publish","has-post-thumbnail","hentry"],"yoast_head":"<!-- This site is optimized with the Yoast SEO plugin v27.3 - https:\/\/yoast.com\/product\/yoast-seo-wordpress\/ -->\n<title>Copyright f\u00fcr die ewa-marine Homepage und Inhalt<\/title>\n<meta name=\"description\" content=\"Alle Inhalte (Texte, Bilder, Grafiken, Animationen) unterliegen dem Urheberrecht nach EU-, US- und internationalem Recht. Kopieren und Einf\u00fcgen ist illegal.\" \/>\n<meta name=\"robots\" content=\"noindex, nofollow\" \/>\n<meta property=\"og:locale\" content=\"de_DE\" \/>\n<meta property=\"og:type\" content=\"article\" \/>\n<meta property=\"og:title\" content=\"Copyright f\u00fcr die ewa-marine Homepage und Inhalt\" \/>\n<meta property=\"og:description\" content=\"Alle Inhalte (Texte, Bilder, Grafiken, Animationen) unterliegen dem Urheberrecht nach EU-, US- und internationalem Recht. Kopieren und Einf\u00fcgen ist illegal.\" \/>\n<meta property=\"og:url\" content=\"https:\/\/ewa-marine.com\/de\/ueber-uns\/copyright-information\/\" \/>\n<meta property=\"og:site_name\" content=\"ewa-marine\" \/>\n<meta property=\"article:publisher\" content=\"https:\/\/www.facebook.com\/ewa-marine\" \/>\n<meta property=\"article:modified_time\" content=\"2017-04-04T13:18:53+00:00\" \/>\n<meta property=\"og:image\" content=\"https:\/\/i0.wp.com\/www.ewa-marine.de\/wp-content\/uploads\/2015\/07\/read-more-U-AX.jpg?fit=200%2C200&ssl=1\" \/>\n\t<meta property=\"og:image:width\" content=\"200\" \/>\n\t<meta property=\"og:image:height\" content=\"200\" \/>\n\t<meta property=\"og:image:type\" content=\"image\/jpeg\" \/>\n<meta name=\"twitter:card\" content=\"summary_large_image\" \/>\n<meta name=\"twitter:site\" content=\"@ewa_marine\" \/>\n<meta name=\"twitter:label1\" content=\"Gesch\u00e4tzte Lesezeit\" \/>\n\t<meta name=\"twitter:data1\" content=\"1\u00a0Minute\" \/>\n<script type=\"application\/ld+json\" class=\"yoast-schema-graph\">{\"@context\":\"https:\\\/\\\/schema.org\",\"@graph\":[{\"@type\":\"WebPage\",\"@id\":\"https:\\\/\\\/ewa-marine.com\\\/de\\\/ueber-uns\\\/copyright-information\\\/\",\"url\":\"https:\\\/\\\/ewa-marine.com\\\/de\\\/ueber-uns\\\/copyright-information\\\/\",\"name\":\"Copyright f\u00fcr die ewa-marine Homepage und Inhalt\",\"isPartOf\":{\"@id\":\"https:\\\/\\\/ewa-marine.com\\\/de\\\/#website\"},\"primaryImageOfPage\":{\"@id\":\"https:\\\/\\\/ewa-marine.com\\\/de\\\/ueber-uns\\\/copyright-information\\\/#primaryimage\"},\"image\":{\"@id\":\"https:\\\/\\\/ewa-marine.com\\\/de\\\/ueber-uns\\\/copyright-information\\\/#primaryimage\"},\"thumbnailUrl\":\"https:\\\/\\\/ewa-marine.com\\\/wp-content\\\/uploads\\\/2015\\\/07\\\/read-more-U-AX.jpg\",\"datePublished\":\"2015-07-13T10:00:31+00:00\",\"dateModified\":\"2017-04-04T13:18:53+00:00\",\"description\":\"Alle Inhalte (Texte, Bilder, Grafiken, Animationen) unterliegen dem Urheberrecht nach EU-, US- und internationalem Recht. Kopieren und Einf\u00fcgen ist illegal.\",\"breadcrumb\":{\"@id\":\"https:\\\/\\\/ewa-marine.com\\\/de\\\/ueber-uns\\\/copyright-information\\\/#breadcrumb\"},\"inLanguage\":\"de\",\"potentialAction\":[{\"@type\":\"ReadAction\",\"target\":[\"https:\\\/\\\/ewa-marine.com\\\/de\\\/ueber-uns\\\/copyright-information\\\/\"]}]},{\"@type\":\"ImageObject\",\"inLanguage\":\"de\",\"@id\":\"https:\\\/\\\/ewa-marine.com\\\/de\\\/ueber-uns\\\/copyright-information\\\/#primaryimage\",\"url\":\"https:\\\/\\\/ewa-marine.com\\\/wp-content\\\/uploads\\\/2015\\\/07\\\/read-more-U-AX.jpg\",\"contentUrl\":\"https:\\\/\\\/ewa-marine.com\\\/wp-content\\\/uploads\\\/2015\\\/07\\\/read-more-U-AX.jpg\",\"width\":200,\"height\":200,\"caption\":\"ewa-marine SLR underwater housings\"},{\"@type\":\"BreadcrumbList\",\"@id\":\"https:\\\/\\\/ewa-marine.com\\\/de\\\/ueber-uns\\\/copyright-information\\\/#breadcrumb\",\"itemListElement\":[{\"@type\":\"ListItem\",\"position\":1,\"name\":\"Startseite\",\"item\":\"https:\\\/\\\/www.ewa-marine.de\\\/\"},{\"@type\":\"ListItem\",\"position\":2,\"name\":\"\u00dcber Uns\",\"item\":\"https:\\\/\\\/www.ewa-marine.de\\\/ueber-uns\\\/\"},{\"@type\":\"ListItem\",\"position\":3,\"name\":\"Copyright Information\"}]},{\"@type\":\"WebSite\",\"@id\":\"https:\\\/\\\/ewa-marine.com\\\/de\\\/#website\",\"url\":\"https:\\\/\\\/ewa-marine.com\\\/de\\\/\",\"name\":\"ewa-marine\",\"description\":\"Capture the Extreme !\",\"potentialAction\":[{\"@type\":\"SearchAction\",\"target\":{\"@type\":\"EntryPoint\",\"urlTemplate\":\"https:\\\/\\\/ewa-marine.com\\\/de\\\/?s={search_term_string}\"},\"query-input\":{\"@type\":\"PropertyValueSpecification\",\"valueRequired\":true,\"valueName\":\"search_term_string\"}}],\"inLanguage\":\"de\"}]}<\/script>\n<!-- \/ Yoast SEO plugin. -->","yoast_head_json":{"title":"Copyright f\u00fcr die ewa-marine Homepage und Inhalt","description":"Alle Inhalte (Texte, Bilder, Grafiken, Animationen) unterliegen dem Urheberrecht nach EU-, US- und internationalem Recht. Kopieren und Einf\u00fcgen ist illegal.","robots":{"index":"noindex","follow":"nofollow"},"og_locale":"de_DE","og_type":"article","og_title":"Copyright f\u00fcr die ewa-marine Homepage und Inhalt","og_description":"Alle Inhalte (Texte, Bilder, Grafiken, Animationen) unterliegen dem Urheberrecht nach EU-, US- und internationalem Recht. Kopieren und Einf\u00fcgen ist illegal.","og_url":"https:\/\/ewa-marine.com\/de\/ueber-uns\/copyright-information\/","og_site_name":"ewa-marine","article_publisher":"https:\/\/www.facebook.com\/ewa-marine","article_modified_time":"2017-04-04T13:18:53+00:00","og_image":[{"width":200,"height":200,"url":"https:\/\/i0.wp.com\/www.ewa-marine.de\/wp-content\/uploads\/2015\/07\/read-more-U-AX.jpg?fit=200%2C200&ssl=1","type":"image\/jpeg"}],"twitter_card":"summary_large_image","twitter_site":"@ewa_marine","twitter_misc":{"Gesch\u00e4tzte Lesezeit":"1\u00a0Minute"},"schema":{"@context":"https:\/\/schema.org","@graph":[{"@type":"WebPage","@id":"https:\/\/ewa-marine.com\/de\/ueber-uns\/copyright-information\/","url":"https:\/\/ewa-marine.com\/de\/ueber-uns\/copyright-information\/","name":"Copyright f\u00fcr die ewa-marine Homepage und Inhalt","isPartOf":{"@id":"https:\/\/ewa-marine.com\/de\/#website"},"primaryImageOfPage":{"@id":"https:\/\/ewa-marine.com\/de\/ueber-uns\/copyright-information\/#primaryimage"},"image":{"@id":"https:\/\/ewa-marine.com\/de\/ueber-uns\/copyright-information\/#primaryimage"},"thumbnailUrl":"https:\/\/ewa-marine.com\/wp-content\/uploads\/2015\/07\/read-more-U-AX.jpg","datePublished":"2015-07-13T10:00:31+00:00","dateModified":"2017-04-04T13:18:53+00:00","description":"Alle Inhalte (Texte, Bilder, Grafiken, Animationen) unterliegen dem Urheberrecht nach EU-, US- und internationalem Recht. Kopieren und Einf\u00fcgen ist illegal.","breadcrumb":{"@id":"https:\/\/ewa-marine.com\/de\/ueber-uns\/copyright-information\/#breadcrumb"},"inLanguage":"de","potentialAction":[{"@type":"ReadAction","target":["https:\/\/ewa-marine.com\/de\/ueber-uns\/copyright-information\/"]}]},{"@type":"ImageObject","inLanguage":"de","@id":"https:\/\/ewa-marine.com\/de\/ueber-uns\/copyright-information\/#primaryimage","url":"https:\/\/ewa-marine.com\/wp-content\/uploads\/2015\/07\/read-more-U-AX.jpg","contentUrl":"https:\/\/ewa-marine.com\/wp-content\/uploads\/2015\/07\/read-more-U-AX.jpg","width":200,"height":200,"caption":"ewa-marine SLR underwater housings"},{"@type":"BreadcrumbList","@id":"https:\/\/ewa-marine.com\/de\/ueber-uns\/copyright-information\/#breadcrumb","itemListElement":[{"@type":"ListItem","position":1,"name":"Startseite","item":"https:\/\/www.ewa-marine.de\/"},{"@type":"ListItem","position":2,"name":"\u00dcber Uns","item":"https:\/\/www.ewa-marine.de\/ueber-uns\/"},{"@type":"ListItem","position":3,"name":"Copyright Information"}]},{"@type":"WebSite","@id":"https:\/\/ewa-marine.com\/de\/#website","url":"https:\/\/ewa-marine.com\/de\/","name":"ewa-marine","description":"Capture the Extreme !","potentialAction":[{"@type":"SearchAction","target":{"@type":"EntryPoint","urlTemplate":"https:\/\/ewa-marine.com\/de\/?s={search_term_string}"},"query-input":{"@type":"PropertyValueSpecification","valueRequired":true,"valueName":"search_term_string"}}],"inLanguage":"de"}]}},"_links":{"self":[{"href":"https:\/\/ewa-marine.com\/de\/wp-json\/wp\/v2\/pages\/1068","targetHints":{"allow":["GET"]}}],"collection":[{"href":"https:\/\/ewa-marine.com\/de\/wp-json\/wp\/v2\/pages"}],"about":[{"href":"https:\/\/ewa-marine.com\/de\/wp-json\/wp\/v2\/types\/page"}],"author":[{"embeddable":true,"href":"https:\/\/ewa-marine.com\/de\/wp-json\/wp\/v2\/users\/1"}],"replies":[{"embeddable":true,"href":"https:\/\/ewa-marine.com\/de\/wp-json\/wp\/v2\/comments?post=1068"}],"version-history":[{"count":0,"href":"https:\/\/ewa-marine.com\/de\/wp-json\/wp\/v2\/pages\/1068\/revisions"}],"up":[{"embeddable":true,"href":"https:\/\/ewa-marine.com\/de\/wp-json\/wp\/v2\/pages\/129"}],"wp:featuredmedia":[{"embeddable":true,"href":"https:\/\/ewa-marine.com\/de\/wp-json\/wp\/v2\/media\/1310"}],"wp:attachment":[{"href":"https:\/\/ewa-marine.com\/de\/wp-json\/wp\/v2\/media?parent=1068"}],"curies":[{"name":"wp","href":"https:\/\/api.w.org\/{rel}","templated":true}]}}