{"id":1071,"date":"2015-07-13T10:53:43","date_gmt":"2015-07-13T09:53:43","guid":{"rendered":"http:\/\/de.dicapac.de\/produkte\/ewa-sports\/"},"modified":"2017-02-14T09:22:02","modified_gmt":"2017-02-14T08:22:02","slug":"ewa-sports","status":"publish","type":"page","link":"https:\/\/ewa-marine.com\/de\/products\/ewa-sports\/","title":{"rendered":"ewa-sports"},"content":{"rendered":"<div id=\"pl-1071\"  class=\"panel-layout\" ><div id=\"pg-1071-0\"  class=\"panel-grid panel-no-style\" ><div id=\"pgc-1071-0-0\"  class=\"panel-grid-cell\" ><div id=\"panel-1071-0-0-0\" class=\"so-panel widget widget_sow-editor panel-first-child\" data-index=\"0\" ><div\n\t\t\t\n\t\t\tclass=\"so-widget-sow-editor so-widget-sow-editor-base\"\n\t\t\t\n\t\t>\n<div class=\"siteorigin-widget-tinymce textwidget\">\n\t<h1>ewa-sports<\/h1>\n<h2>die Serie wasserdichter Taschen von ewa-marine<\/h2>\n<p>Wollen Sie Ihr Equipment und elektronischen Ger\u00e4te vor Staub, Sand, Wasser oder anderen Gefahren sch\u00fctzen? Dann hat ewa-marine die L\u00f6sung f\u00fcr Ihr Problem mit dem ewa-sports Sortiment von hermetisch versiegelten, wasserdichten Beuteln. Touchscreens k\u00f6nnen von au\u00dfen bedient werden und die Abdichtung ist sogar so gut, dass die Taschen mit dem Schraubverschluss zeitlich unbegrenzt unter Wasser eingesetzt werden k\u00f6nnen. Einige der Einheiten k\u00f6nnen in Tauchtiefen von bis zu 100m eingesetzt werden, ohne das der Inhalt Schaden nimmt (je nach Inhalt).<\/p>\n<p>Bitte w\u00e4hlen Sie eine Kategorie aus, um mehr Informationen zu einem der Bereiche und Anwendungen zu erhalten:<\/p>\n<p style=\"padding-left: 30px;\"><a href=\"http:\/\/www.ewa-marine.de\/products\/ewa-sports\/dus\/\">DUS Taschenserie<\/a><\/p>\n<p style=\"padding-left: 30px;\"><a href=\"http:\/\/www.ewa-marine.de\/products\/ewa-sports\/iwp\/\">Smart-Phone Taschen<\/a><\/p>\n<p style=\"padding-left: 30px;\"><a href=\"http:\/\/www.ewa-marine.de\/products\/ewa-sports\/beltsafe\/\">\"Belt Safe\" G\u00fcrteltasche mit Clip<\/a><\/p>\n<p style=\"padding-left: 30px;\"><a href=\"http:\/\/www.ewa-marine.de\/products\/ewa-sports\/vhf-pouch\/\">VHF Radioschutz<\/a><\/p>\n<p style=\"padding-left: 30px;\"><a href=\"http:\/\/www.ewa-marine.de\/products\/ewa-sports\/\">Taschen f\u00fcr Signalraketen<\/a><\/p>\n<\/div>\n<\/div><\/div>\n          <div id=\"panel-1071-0-0-1\" class=\"so-panel widget widget_kadence_gallery_widget kadence_gallery_widget\" data-index=\"1\" ><h3 class=\"widget-title\">Einige Beispiele der ewa-sports Produktserie:<\/h3>          <div class=\"carousel_outerrim kad-animation\" data-animation=\"fade-in\" data-delay=\"0\">\n              \t<div id=\"gallery-carousel-57\" class=\"rowtight\">\n                \t<div id=\"carousel-57\"  class=\"slick-slider kt-slickslider kad-light-wp-gallery kt-image-carousel loading clearfix\" data-slider-fade=\"false\" data-slider-type=\"content-carousel\" data-slider-anim-speed=\"400\" data-slider-arrows=\"true\" data-slider-scroll=\"1\" data-slider-auto=true\" data-slider-speed=\"5000\" data-slider-xxl=\"4\" data-slider-xl=\"4\" data-slider-md=\"4\" data-slider-sm=\"3\" data-slider-xs=\"2\" data-slider-ss=\"2\">\n               \t\t <div class=\"tcol-lg-3 tcol-md-3 tcol-sm-4 tcol-xs-4 tcol-ss-12 g_item\"><div class=\"carousel_item grid_item gallery_item\"><a href=\"https:\/\/ewa-marine.com\/wp-content\/uploads\/2015\/07\/vhf_r.jpg\" data-rel=\"lightbox\" class=\"gallery-link\"><div class=\"kt-intrinsic\" style=\"padding-bottom:196.52173913043%;\" itemprop=\"image\" itemscope itemtype=\"http:\/\/schema.org\/ImageObject\"><img loading=\"lazy\" decoding=\"async\" src=\"https:\/\/ewa-marine.com\/wp-content\/uploads\/2015\/07\/vhf_r.jpg\" width=\"115\" height=\"226\" alt=\"\" data-caption=\"\" itemprop=\"contentUrl\"  class=\"kt-gallery-img\"\/><meta itemprop=\"url\" content=\"https:\/\/ewa-marine.com\/wp-content\/uploads\/2015\/07\/vhf_r.jpg\"><meta itemprop=\"width\" content=\"115\"><meta itemprop=\"height\" content=\"226>\"><\/div><\/a><\/div><\/div><div class=\"tcol-lg-3 tcol-md-3 tcol-sm-4 tcol-xs-4 tcol-ss-12 g_item\"><div class=\"carousel_item grid_item gallery_item\"><a href=\"https:\/\/ewa-marine.com\/wp-content\/uploads\/2015\/12\/iWP-200x200.png\" data-rel=\"lightbox\" class=\"gallery-link\"><div class=\"kt-intrinsic\" style=\"padding-bottom:100%;\" itemprop=\"image\" itemscope itemtype=\"http:\/\/schema.org\/ImageObject\"><img loading=\"lazy\" decoding=\"async\" src=\"https:\/\/ewa-marine.com\/wp-content\/uploads\/2015\/12\/iWP-200x200.png\" width=\"200\" height=\"200\" alt=\"\" data-caption=\"\" itemprop=\"contentUrl\" srcset=\"https:\/\/ewa-marine.com\/wp-content\/uploads\/2015\/12\/iWP-200x200.png 200w, https:\/\/ewa-marine.com\/wp-content\/uploads\/2015\/12\/iWP-200x200-150x150.png 150w, https:\/\/ewa-marine.com\/wp-content\/uploads\/2015\/12\/iWP-200x200-60x60.png 60w\" sizes=\"auto, (max-width: 200px) 100vw, 200px\" class=\"kt-gallery-img\"\/><meta itemprop=\"url\" content=\"https:\/\/ewa-marine.com\/wp-content\/uploads\/2015\/12\/iWP-200x200.png\"><meta itemprop=\"width\" content=\"200\"><meta itemprop=\"height\" content=\"200>\"><\/div><\/a><\/div><\/div><div class=\"tcol-lg-3 tcol-md-3 tcol-sm-4 tcol-xs-4 tcol-ss-12 g_item\"><div class=\"carousel_item grid_item gallery_item\"><a href=\"https:\/\/ewa-marine.com\/wp-content\/uploads\/2015\/12\/DUS2-200x200.png\" data-rel=\"lightbox\" class=\"gallery-link\"><div class=\"kt-intrinsic\" style=\"padding-bottom:100%;\" itemprop=\"image\" itemscope itemtype=\"http:\/\/schema.org\/ImageObject\"><img loading=\"lazy\" decoding=\"async\" src=\"https:\/\/ewa-marine.com\/wp-content\/uploads\/2015\/12\/DUS2-200x200.png\" width=\"200\" height=\"200\" alt=\"\" data-caption=\"\" itemprop=\"contentUrl\" srcset=\"https:\/\/ewa-marine.com\/wp-content\/uploads\/2015\/12\/DUS2-200x200.png 200w, https:\/\/ewa-marine.com\/wp-content\/uploads\/2015\/12\/DUS2-200x200-150x150.png 150w, https:\/\/ewa-marine.com\/wp-content\/uploads\/2015\/12\/DUS2-200x200-60x60.png 60w\" sizes=\"auto, (max-width: 200px) 100vw, 200px\" class=\"kt-gallery-img\"\/><meta itemprop=\"url\" content=\"https:\/\/ewa-marine.com\/wp-content\/uploads\/2015\/12\/DUS2-200x200.png\"><meta itemprop=\"width\" content=\"200\"><meta itemprop=\"height\" content=\"200>\"><\/div><\/a><\/div><\/div><div class=\"tcol-lg-3 tcol-md-3 tcol-sm-4 tcol-xs-4 tcol-ss-12 g_item\"><div class=\"carousel_item grid_item gallery_item\"><a href=\"https:\/\/ewa-marine.com\/wp-content\/uploads\/2015\/07\/beltsafe_200x200.png\" data-rel=\"lightbox\" class=\"gallery-link\"><div class=\"kt-intrinsic\" style=\"padding-bottom:100%;\" itemprop=\"image\" itemscope itemtype=\"http:\/\/schema.org\/ImageObject\"><img loading=\"lazy\" decoding=\"async\" src=\"https:\/\/ewa-marine.com\/wp-content\/uploads\/2015\/07\/beltsafe_200x200.png\" width=\"200\" height=\"200\" alt=\"ewa-marine belt safe\" data-caption=\"\" itemprop=\"contentUrl\" srcset=\"https:\/\/ewa-marine.com\/wp-content\/uploads\/2015\/07\/beltsafe_200x200.png 200w, https:\/\/ewa-marine.com\/wp-content\/uploads\/2015\/07\/beltsafe_200x200-150x150.png 150w, https:\/\/ewa-marine.com\/wp-content\/uploads\/2015\/07\/beltsafe_200x200-60x60.png 60w\" sizes=\"auto, (max-width: 200px) 100vw, 200px\" class=\"kt-gallery-img\"\/><meta itemprop=\"url\" content=\"https:\/\/ewa-marine.com\/wp-content\/uploads\/2015\/07\/beltsafe_200x200.png\"><meta itemprop=\"width\" content=\"200\"><meta itemprop=\"height\" content=\"200>\"><\/div><\/a><\/div><\/div><div class=\"tcol-lg-3 tcol-md-3 tcol-sm-4 tcol-xs-4 tcol-ss-12 g_item\"><div class=\"carousel_item grid_item gallery_item\"><a href=\"https:\/\/ewa-marine.com\/wp-content\/uploads\/2015\/12\/DUS.jpg\" data-rel=\"lightbox\" class=\"gallery-link\"><div class=\"kt-intrinsic\" style=\"padding-bottom:100%;\" itemprop=\"image\" itemscope itemtype=\"http:\/\/schema.org\/ImageObject\"><img loading=\"lazy\" decoding=\"async\" src=\"https:\/\/ewa-marine.com\/wp-content\/uploads\/2015\/12\/DUS.jpg\" width=\"150\" height=\"150\" alt=\"\" data-caption=\"\" itemprop=\"contentUrl\" srcset=\"https:\/\/ewa-marine.com\/wp-content\/uploads\/2015\/12\/DUS.jpg 150w, https:\/\/ewa-marine.com\/wp-content\/uploads\/2015\/12\/DUS-60x60.jpg 60w\" sizes=\"auto, (max-width: 150px) 100vw, 150px\" class=\"kt-gallery-img\"\/><meta itemprop=\"url\" content=\"https:\/\/ewa-marine.com\/wp-content\/uploads\/2015\/12\/DUS.jpg\"><meta itemprop=\"width\" content=\"150\"><meta itemprop=\"height\" content=\"150>\"><\/div><\/a><\/div><\/div><div class=\"tcol-lg-3 tcol-md-3 tcol-sm-4 tcol-xs-4 tcol-ss-12 g_item\"><div class=\"carousel_item grid_item gallery_item\"><a href=\"https:\/\/ewa-marine.com\/wp-content\/uploads\/2015\/07\/NP.jpg\" data-rel=\"lightbox\" class=\"gallery-link\"><div class=\"kt-intrinsic\" style=\"padding-bottom:79%;\" itemprop=\"image\" itemscope itemtype=\"http:\/\/schema.org\/ImageObject\"><img loading=\"lazy\" decoding=\"async\" src=\"https:\/\/ewa-marine.com\/wp-content\/uploads\/2015\/07\/NP.jpg\" width=\"200\" height=\"158\" alt=\"ewa-marien NP1\" data-caption=\"\" itemprop=\"contentUrl\"  class=\"kt-gallery-img\"\/><meta itemprop=\"url\" content=\"https:\/\/ewa-marine.com\/wp-content\/uploads\/2015\/07\/NP.jpg\"><meta itemprop=\"width\" content=\"200\"><meta itemprop=\"height\" content=\"158>\"><\/div><\/a><\/div><\/div>\n             \t\t<\/div>\n            \t<\/div>\n            <div class=\"clearfix\"><\/div>\n        <\/div>  \n    <\/div>\n    <div id=\"panel-1071-0-0-2\" class=\"so-panel widget widget_kadence_simple_image kadence_simple_image panel-last-child\" data-index=\"2\" ><div class=\"kad_img_upload_widget  kt-shape-type- kt-image-align-center kt-image-widget-widget-0-0-2\"><a href=\"\/wp-content\/uploads\/2015\/07\/made-in-Germany-100x50.gif\" rel=\"lightbox\"><div class=\"kt-image-contain  \"><div class=\"kt-image-inner-contain\"><img decoding=\"async\" src=\"\/wp-content\/uploads\/2015\/07\/made-in-Germany-100x50.gif\"><\/div><\/div><\/a><\/div><\/div><\/div><\/div><\/div>","protected":false},"excerpt":{"rendered":"<p>ewa-sportsdie Serie wasserdichter Taschen von ewa-marineWollen Sie Ihr Equipment und elektronischen Ger\u00e4te vor Staub, Sand, Wasser oder anderen Gefahren sch\u00fctzen? Dann hat ewa-marine die L\u00f6sung f\u00fcr Ihr Problem mit dem ewa-sports Sortiment von hermetisch versiegelten, wasserdichten Beuteln. Touchscreens k\u00f6nnen von au\u00dfen bedient werden und die Abdichtung ist sogar so gut, dass die Taschen mit dem Schraubverschluss zeitlich unbegrenzt unter Wasser eingesetzt werden k\u00f6nnen. Einige der Einheiten k\u00f6nnen in Tauchtiefen von bis zu 100m eingesetzt werden, ohne das der Inhalt Schaden &hellip; <a href=\"https:\/\/ewa-marine.com\/de\/products\/ewa-sports\/\">Weiterlesen<\/a><\/p>\n","protected":false},"author":1,"featured_media":4448,"parent":146,"menu_order":5,"comment_status":"closed","ping_status":"closed","template":"","meta":{"kt_blocks_editor_width":"","footnotes":""},"class_list":["post-1071","page","type-page","status-publish","has-post-thumbnail","hentry"],"yoast_head":"<!-- This site is optimized with the Yoast SEO plugin v27.3 - https:\/\/yoast.com\/product\/yoast-seo-wordpress\/ -->\n<title>ewa-sports Serie wasserdichter Taschen von ewa-marine<\/title>\n<meta name=\"description\" content=\"Sch\u00fctzen Sie Ihre elektronischen Ger\u00e4te vor Wasser, Sand, Staub und anderen Gefahren mit der ewa-sports Serie. Hermetisch und 100% wasserdicht.\" \/>\n<meta name=\"robots\" content=\"index, follow, max-snippet:-1, max-image-preview:large, max-video-preview:-1\" \/>\n<link rel=\"canonical\" href=\"https:\/\/ewa-marine.com\/de\/products\/ewa-sports\/\" \/>\n<meta property=\"og:locale\" content=\"de_DE\" \/>\n<meta property=\"og:type\" content=\"article\" \/>\n<meta property=\"og:title\" content=\"ewa-sports Serie wasserdichter Taschen von ewa-marine\" \/>\n<meta property=\"og:description\" content=\"Sch\u00fctzen Sie Ihre elektronischen Ger\u00e4te vor Wasser, Sand, Staub und anderen Gefahren mit der ewa-sports Serie. Hermetisch und 100% wasserdicht.\" \/>\n<meta property=\"og:url\" content=\"https:\/\/ewa-marine.com\/de\/products\/ewa-sports\/\" \/>\n<meta property=\"og:site_name\" content=\"ewa-marine\" \/>\n<meta property=\"article:publisher\" content=\"https:\/\/www.facebook.com\/ewa-marine\" \/>\n<meta property=\"article:modified_time\" content=\"2017-02-14T08:22:02+00:00\" \/>\n<meta property=\"og:image\" content=\"https:\/\/i0.wp.com\/www.ewa-marine.de\/wp-content\/uploads\/2015\/07\/featured-image-ewa-sports.jpg?fit=200%2C200&ssl=1\" \/>\n\t<meta property=\"og:image:width\" content=\"200\" \/>\n\t<meta property=\"og:image:height\" content=\"200\" \/>\n\t<meta property=\"og:image:type\" content=\"image\/jpeg\" \/>\n<meta name=\"twitter:card\" content=\"summary_large_image\" \/>\n<meta name=\"twitter:site\" content=\"@ewa_marine\" \/>\n<meta name=\"twitter:label1\" content=\"Gesch\u00e4tzte Lesezeit\" \/>\n\t<meta name=\"twitter:data1\" content=\"1\u00a0Minute\" \/>\n<script type=\"application\/ld+json\" class=\"yoast-schema-graph\">{\"@context\":\"https:\\\/\\\/schema.org\",\"@graph\":[{\"@type\":\"WebPage\",\"@id\":\"https:\\\/\\\/ewa-marine.com\\\/de\\\/products\\\/ewa-sports\\\/\",\"url\":\"https:\\\/\\\/ewa-marine.com\\\/de\\\/products\\\/ewa-sports\\\/\",\"name\":\"ewa-sports Serie wasserdichter Taschen von ewa-marine\",\"isPartOf\":{\"@id\":\"https:\\\/\\\/ewa-marine.com\\\/de\\\/#website\"},\"primaryImageOfPage\":{\"@id\":\"https:\\\/\\\/ewa-marine.com\\\/de\\\/products\\\/ewa-sports\\\/#primaryimage\"},\"image\":{\"@id\":\"https:\\\/\\\/ewa-marine.com\\\/de\\\/products\\\/ewa-sports\\\/#primaryimage\"},\"thumbnailUrl\":\"https:\\\/\\\/ewa-marine.com\\\/wp-content\\\/uploads\\\/2015\\\/07\\\/featured-image-ewa-sports.jpg\",\"datePublished\":\"2015-07-13T09:53:43+00:00\",\"dateModified\":\"2017-02-14T08:22:02+00:00\",\"description\":\"Sch\u00fctzen Sie Ihre elektronischen Ger\u00e4te vor Wasser, Sand, Staub und anderen Gefahren mit der ewa-sports Serie. Hermetisch und 100% wasserdicht.\",\"breadcrumb\":{\"@id\":\"https:\\\/\\\/ewa-marine.com\\\/de\\\/products\\\/ewa-sports\\\/#breadcrumb\"},\"inLanguage\":\"de\",\"potentialAction\":[{\"@type\":\"ReadAction\",\"target\":[\"https:\\\/\\\/ewa-marine.com\\\/de\\\/products\\\/ewa-sports\\\/\"]}]},{\"@type\":\"ImageObject\",\"inLanguage\":\"de\",\"@id\":\"https:\\\/\\\/ewa-marine.com\\\/de\\\/products\\\/ewa-sports\\\/#primaryimage\",\"url\":\"https:\\\/\\\/ewa-marine.com\\\/wp-content\\\/uploads\\\/2015\\\/07\\\/featured-image-ewa-sports.jpg\",\"contentUrl\":\"https:\\\/\\\/ewa-marine.com\\\/wp-content\\\/uploads\\\/2015\\\/07\\\/featured-image-ewa-sports.jpg\",\"width\":200,\"height\":200},{\"@type\":\"BreadcrumbList\",\"@id\":\"https:\\\/\\\/ewa-marine.com\\\/de\\\/products\\\/ewa-sports\\\/#breadcrumb\",\"itemListElement\":[{\"@type\":\"ListItem\",\"position\":1,\"name\":\"Startseite\",\"item\":\"https:\\\/\\\/www.ewa-marine.de\\\/\"},{\"@type\":\"ListItem\",\"position\":2,\"name\":\"Produkte\",\"item\":\"https:\\\/\\\/www.ewa-marine.de\\\/products\\\/\"},{\"@type\":\"ListItem\",\"position\":3,\"name\":\"ewa-sports\"}]},{\"@type\":\"WebSite\",\"@id\":\"https:\\\/\\\/ewa-marine.com\\\/de\\\/#website\",\"url\":\"https:\\\/\\\/ewa-marine.com\\\/de\\\/\",\"name\":\"ewa-marine\",\"description\":\"Capture the Extreme !\",\"potentialAction\":[{\"@type\":\"SearchAction\",\"target\":{\"@type\":\"EntryPoint\",\"urlTemplate\":\"https:\\\/\\\/ewa-marine.com\\\/de\\\/?s={search_term_string}\"},\"query-input\":{\"@type\":\"PropertyValueSpecification\",\"valueRequired\":true,\"valueName\":\"search_term_string\"}}],\"inLanguage\":\"de\"}]}<\/script>\n<!-- \/ Yoast SEO plugin. -->","yoast_head_json":{"title":"ewa-sports Serie wasserdichter Taschen von ewa-marine","description":"Sch\u00fctzen Sie Ihre elektronischen Ger\u00e4te vor Wasser, Sand, Staub und anderen Gefahren mit der ewa-sports Serie. Hermetisch und 100% wasserdicht.","robots":{"index":"index","follow":"follow","max-snippet":"max-snippet:-1","max-image-preview":"max-image-preview:large","max-video-preview":"max-video-preview:-1"},"canonical":"https:\/\/ewa-marine.com\/de\/products\/ewa-sports\/","og_locale":"de_DE","og_type":"article","og_title":"ewa-sports Serie wasserdichter Taschen von ewa-marine","og_description":"Sch\u00fctzen Sie Ihre elektronischen Ger\u00e4te vor Wasser, Sand, Staub und anderen Gefahren mit der ewa-sports Serie. Hermetisch und 100% wasserdicht.","og_url":"https:\/\/ewa-marine.com\/de\/products\/ewa-sports\/","og_site_name":"ewa-marine","article_publisher":"https:\/\/www.facebook.com\/ewa-marine","article_modified_time":"2017-02-14T08:22:02+00:00","og_image":[{"width":200,"height":200,"url":"https:\/\/i0.wp.com\/www.ewa-marine.de\/wp-content\/uploads\/2015\/07\/featured-image-ewa-sports.jpg?fit=200%2C200&ssl=1","type":"image\/jpeg"}],"twitter_card":"summary_large_image","twitter_site":"@ewa_marine","twitter_misc":{"Gesch\u00e4tzte Lesezeit":"1\u00a0Minute"},"schema":{"@context":"https:\/\/schema.org","@graph":[{"@type":"WebPage","@id":"https:\/\/ewa-marine.com\/de\/products\/ewa-sports\/","url":"https:\/\/ewa-marine.com\/de\/products\/ewa-sports\/","name":"ewa-sports Serie wasserdichter Taschen von ewa-marine","isPartOf":{"@id":"https:\/\/ewa-marine.com\/de\/#website"},"primaryImageOfPage":{"@id":"https:\/\/ewa-marine.com\/de\/products\/ewa-sports\/#primaryimage"},"image":{"@id":"https:\/\/ewa-marine.com\/de\/products\/ewa-sports\/#primaryimage"},"thumbnailUrl":"https:\/\/ewa-marine.com\/wp-content\/uploads\/2015\/07\/featured-image-ewa-sports.jpg","datePublished":"2015-07-13T09:53:43+00:00","dateModified":"2017-02-14T08:22:02+00:00","description":"Sch\u00fctzen Sie Ihre elektronischen Ger\u00e4te vor Wasser, Sand, Staub und anderen Gefahren mit der ewa-sports Serie. Hermetisch und 100% wasserdicht.","breadcrumb":{"@id":"https:\/\/ewa-marine.com\/de\/products\/ewa-sports\/#breadcrumb"},"inLanguage":"de","potentialAction":[{"@type":"ReadAction","target":["https:\/\/ewa-marine.com\/de\/products\/ewa-sports\/"]}]},{"@type":"ImageObject","inLanguage":"de","@id":"https:\/\/ewa-marine.com\/de\/products\/ewa-sports\/#primaryimage","url":"https:\/\/ewa-marine.com\/wp-content\/uploads\/2015\/07\/featured-image-ewa-sports.jpg","contentUrl":"https:\/\/ewa-marine.com\/wp-content\/uploads\/2015\/07\/featured-image-ewa-sports.jpg","width":200,"height":200},{"@type":"BreadcrumbList","@id":"https:\/\/ewa-marine.com\/de\/products\/ewa-sports\/#breadcrumb","itemListElement":[{"@type":"ListItem","position":1,"name":"Startseite","item":"https:\/\/www.ewa-marine.de\/"},{"@type":"ListItem","position":2,"name":"Produkte","item":"https:\/\/www.ewa-marine.de\/products\/"},{"@type":"ListItem","position":3,"name":"ewa-sports"}]},{"@type":"WebSite","@id":"https:\/\/ewa-marine.com\/de\/#website","url":"https:\/\/ewa-marine.com\/de\/","name":"ewa-marine","description":"Capture the Extreme !","potentialAction":[{"@type":"SearchAction","target":{"@type":"EntryPoint","urlTemplate":"https:\/\/ewa-marine.com\/de\/?s={search_term_string}"},"query-input":{"@type":"PropertyValueSpecification","valueRequired":true,"valueName":"search_term_string"}}],"inLanguage":"de"}]}},"_links":{"self":[{"href":"https:\/\/ewa-marine.com\/de\/wp-json\/wp\/v2\/pages\/1071","targetHints":{"allow":["GET"]}}],"collection":[{"href":"https:\/\/ewa-marine.com\/de\/wp-json\/wp\/v2\/pages"}],"about":[{"href":"https:\/\/ewa-marine.com\/de\/wp-json\/wp\/v2\/types\/page"}],"author":[{"embeddable":true,"href":"https:\/\/ewa-marine.com\/de\/wp-json\/wp\/v2\/users\/1"}],"replies":[{"embeddable":true,"href":"https:\/\/ewa-marine.com\/de\/wp-json\/wp\/v2\/comments?post=1071"}],"version-history":[{"count":0,"href":"https:\/\/ewa-marine.com\/de\/wp-json\/wp\/v2\/pages\/1071\/revisions"}],"up":[{"embeddable":true,"href":"https:\/\/ewa-marine.com\/de\/wp-json\/wp\/v2\/pages\/146"}],"wp:featuredmedia":[{"embeddable":true,"href":"https:\/\/ewa-marine.com\/de\/wp-json\/wp\/v2\/media\/4448"}],"wp:attachment":[{"href":"https:\/\/ewa-marine.com\/de\/wp-json\/wp\/v2\/media?parent=1071"}],"curies":[{"name":"wp","href":"https:\/\/api.w.org\/{rel}","templated":true}]}}