{"id":1072,"date":"2015-07-13T10:50:56","date_gmt":"2015-07-13T09:50:56","guid":{"rendered":"http:\/\/de.dicapac.de\/produkte\/broadcast-cinema\/"},"modified":"2017-05-23T09:19:25","modified_gmt":"2017-05-23T08:19:25","slug":"broadcast","status":"publish","type":"page","link":"https:\/\/ewa-marine.com\/de\/products\/broadcast\/","title":{"rendered":"Broadcast \/ Cinema"},"content":{"rendered":"<div id=\"pl-1072\"  class=\"panel-layout\" ><div id=\"pg-1072-0\"  class=\"panel-grid panel-no-style\" ><div id=\"pgc-1072-0-0\"  class=\"panel-grid-cell\" ><div id=\"panel-1072-0-0-0\" class=\"so-panel widget widget_sow-editor panel-first-child panel-last-child\" data-index=\"0\" ><div\n\t\t\t\n\t\t\tclass=\"so-widget-sow-editor so-widget-sow-editor-base\"\n\t\t\t\n\t\t>\n<div class=\"siteorigin-widget-tinymce textwidget\">\n\t<p class=\"bodytext\"><a href=\"https:\/\/ewa-marine.com\/wp-content\/uploads\/2016\/04\/TV184.jpg\"><img loading=\"lazy\" decoding=\"async\" class=\"aligncenter wp-image-3698\" src=\"https:\/\/ewa-marine.com\/wp-content\/uploads\/2016\/04\/TV184-1024x676.jpg\" alt=\"ewa-marine TV184\" width=\"800\" height=\"528\" srcset=\"https:\/\/ewa-marine.com\/wp-content\/uploads\/2016\/04\/TV184-1024x676.jpg 1024w, https:\/\/ewa-marine.com\/wp-content\/uploads\/2016\/04\/TV184-300x198.jpg 300w, https:\/\/ewa-marine.com\/wp-content\/uploads\/2016\/04\/TV184-768x507.jpg 768w, https:\/\/ewa-marine.com\/wp-content\/uploads\/2016\/04\/TV184-740x488.jpg 740w, https:\/\/ewa-marine.com\/wp-content\/uploads\/2016\/04\/TV184-370x244.jpg 370w, https:\/\/ewa-marine.com\/wp-content\/uploads\/2016\/04\/TV184.jpg 2048w\" sizes=\"auto, (max-width: 800px) 100vw, 800px\" \/><\/a><\/p>\n<p class=\"bodytext\"><span id=\"result_box\" class=\"\" lang=\"de\"><span class=\"\">Die idealen Schutzgeh\u00e4use f\u00fcr Schulter, ENG-Typ Kameras sowie die beliebten Blackmagic, ARRI Alexa Mini und RED Kameras, die es Ihnen erm\u00f6glichen, risikofrei zu einem Set zu gehen, wo kein anderer Kameramann es wagen w\u00fcrde seine Ausr\u00fcstung mitzunehmen.<\/span><\/span><\/p>\n<p class=\"bodytext\"><span id=\"result_box\" class=\"\" lang=\"de\"><span class=\"\">Und unsere schweren TV-Capes, auch \"Hurricane Hoods\" genannt, die es Ihnen erlauben, Ihre Kamera im Regen zu lassen, egal wie schlecht das Wetter ist.<\/span><\/span><\/p>\n<p class=\"bodytext\"><span id=\"result_box\" class=\"\" lang=\"de\"><span class=\"\">Nat\u00fcrlich bieten wir auch L\u00f6sungen f\u00fcr \"Prosumer\" Kameras wie die Canon XF205, die Panasonic AG-UX180, die Sony PXW-FS7 und FS5 und viele mehr<\/span><\/span>.<\/p>\n<\/div>\n<\/div><\/div><\/div><\/div><div id=\"pg-1072-1\"  class=\"panel-grid panel-no-style\" ><div id=\"pgc-1072-1-0\"  class=\"panel-grid-cell\" ><div id=\"panel-1072-1-0-0\" class=\"so-panel widget widget_black-studio-tinymce widget_black_studio_tinymce panel-first-child panel-last-child\" data-index=\"1\" ><div class=\"textwidget\"><p style=\"text-align: center;\">F\u00fcr mehr Informationen \u00fcber unsere TVC Regencapes<br \/> f\u00fcr ENG Kameras klicken Sie bitte hier: <a href=\"\/products\/raincapes\/broadcast-cine\/\" data-wplink-edit=\"true\">...[mehr]<\/a><\/p>\n<p style=\"text-align: center;\"><a href=\"https:\/\/ewa-marine.com\/wp-content\/uploads\/2015\/07\/TVC-1-with-cameraman-in-the-rain.jpg\"><img loading=\"lazy\" decoding=\"async\" class=\"wp-image-4506 size-full aligncenter\" src=\"https:\/\/ewa-marine.com\/wp-content\/uploads\/2015\/07\/TVC-1-with-cameraman-in-the-rain.jpg\" alt=\"TVC-1 Hurrican Hood in action in the rain\" width=\"300\" height=\"300\" srcset=\"https:\/\/ewa-marine.com\/wp-content\/uploads\/2015\/07\/TVC-1-with-cameraman-in-the-rain.jpg 300w, https:\/\/ewa-marine.com\/wp-content\/uploads\/2015\/07\/TVC-1-with-cameraman-in-the-rain-150x150.jpg 150w, https:\/\/ewa-marine.com\/wp-content\/uploads\/2015\/07\/TVC-1-with-cameraman-in-the-rain-60x60.jpg 60w\" sizes=\"auto, (max-width: 300px) 100vw, 300px\" \/><\/a><\/p>\n<\/div><\/div><\/div><div id=\"pgc-1072-1-1\"  class=\"panel-grid-cell\" ><div id=\"panel-1072-1-1-0\" class=\"so-panel widget widget_black-studio-tinymce widget_black_studio_tinymce panel-first-child panel-last-child\" data-index=\"2\" ><div class=\"textwidget\"><p style=\"text-align: center;\">F\u00fcr mehr Informationen \u00fcber unsere Unterwassergeh\u00e4use<br \/> f\u00fcr ENG Kameras klicken Sie bitte hier:\u00a0 <a href=\"http:\/\/www.ewa-marine.de\/products\/broadcast\/tv182-tv184\/\">...[mehr]<\/a><\/p>\n<p style=\"text-align: center;\"><a href=\"https:\/\/ewa-marine.com\/wp-content\/uploads\/2015\/07\/broadcast.jpg\"><img loading=\"lazy\" decoding=\"async\" class=\"alignnone wp-image-1287 size-full\" src=\"https:\/\/ewa-marine.com\/wp-content\/uploads\/2015\/07\/broadcast.jpg\" width=\"300\" height=\"300\" srcset=\"https:\/\/ewa-marine.com\/wp-content\/uploads\/2015\/07\/broadcast.jpg 300w, https:\/\/ewa-marine.com\/wp-content\/uploads\/2015\/07\/broadcast-150x150.jpg 150w, https:\/\/ewa-marine.com\/wp-content\/uploads\/2015\/07\/broadcast-60x60.jpg 60w\" sizes=\"auto, (max-width: 300px) 100vw, 300px\" \/><\/a><\/p>\n<\/div><\/div><\/div><\/div><div id=\"pg-1072-2\"  class=\"panel-grid panel-no-style\" ><div id=\"pgc-1072-2-0\"  class=\"panel-grid-cell\" ><div id=\"panel-1072-2-0-0\" class=\"so-panel widget widget_black-studio-tinymce widget_black_studio_tinymce panel-first-child panel-last-child\" data-index=\"3\" ><div class=\"textwidget\"><p>Und f\u00fcr mehr kameraspezifische Geh\u00e4use:<\/p>\n<table>\n<tbody>\n<tr>\n<th>Geh\u00e4use f\u00fcr Cinema Kameras<\/th>\n<th>entwickelt f\u00fcr:<\/th>\n<\/tr>\n<tr>\n<td><a href=\"http:\/\/www.ewa-marine.de\/products\/broadcast\/a-bm\/\">A-BM<\/a><\/td>\n<td>Blackmagic Cinema Kamera (Originalversion)<\/td>\n<\/tr>\n<tr>\n<td><a href=\"http:\/\/www.ewa-marine.de\/products\/broadcast\/a-bm2\/\">A-BM2<\/a><\/td>\n<td>Blackmagic Ursa Mini Pro Cinema Kamera (Originalversion)<\/td>\n<\/tr>\n<tr>\n<td><a href=\"http:\/\/www.ewa-marine.de\/products\/broadcast\/a-fr\/\">A-FR<\/a><\/td>\n<td>Sony PMW-F5 und PMW-F55<\/td>\n<\/tr>\n<tr>\n<td><a href=\"http:\/\/www.ewa-marine.de\/products\/broadcast\/a-mini\/\">A-MINI<\/a><\/td>\n<td>Aaton Minima 16mm<\/td>\n<\/tr>\n<tr>\n<td><a href=\"http:\/\/www.ewa-marine.de\/products\/broadcast\/a-red\/\">A-RED<\/a><\/td>\n<td>RED Kameras (ausschlie\u00dflich die RED One) <\/td>\n<\/tr>\n<tr>\n<td>TV171<\/td>\n<td>\u00a0JVC GY-HD100, HD101 und HD110<\/td>\n<\/tr>\n<\/tbody>\n<\/table>\n<p>\u00a0<\/p>\n<p><span id=\"result_box\" class=\"\" lang=\"de\"><span class=\"\">Ihre Videokamera ist nicht auf dieser Liste und keine ENG-Style Schulterkamera? Dann verwenden Sie bitte die Suchoption, um zu sehen, ob eines unserer allgemeineren Geh\u00e4use passt.<\/span><\/span><\/p>\n<p>\u00a0<\/p>\n<\/div><\/div><\/div><\/div><\/div>","protected":false},"excerpt":{"rendered":"<p>Die idealen Schutzgeh\u00e4use f\u00fcr Schulter, ENG-Typ Kameras sowie die beliebten Blackmagic, ARRI Alexa Mini und RED Kameras, die es Ihnen erm\u00f6glichen, risikofrei zu einem Set zu gehen, wo kein anderer Kameramann es wagen w\u00fcrde seine Ausr\u00fcstung mitzunehmen.Und unsere schweren TV-Capes, auch &#8222;Hurricane Hoods&#8220; genannt, die es Ihnen erlauben, Ihre Kamera im Regen zu lassen, egal wie schlecht das Wetter ist.Nat\u00fcrlich bieten wir auch L\u00f6sungen f\u00fcr &#8222;Prosumer&#8220; Kameras wie die Canon XF205, die Panasonic AG-UX180, die Sony PXW-FS7 und FS5 und &hellip; <a href=\"https:\/\/ewa-marine.com\/de\/products\/broadcast\/\">Weiterlesen<\/a><\/p>\n","protected":false},"author":1,"featured_media":0,"parent":146,"menu_order":3,"comment_status":"closed","ping_status":"closed","template":"","meta":{"kt_blocks_editor_width":"","footnotes":""},"class_list":["post-1072","page","type-page","status-publish","hentry"],"yoast_head":"<!-- This site is optimized with the Yoast SEO plugin v27.5 - https:\/\/yoast.com\/product\/yoast-seo-wordpress\/ -->\n<title>Products for Broadcast and Cinematic cameras by ewa-marine<\/title>\n<meta name=\"description\" content=\"ewa-marine manufactures a range of products for broadcast and cinematic cameras. Both underwater housings and rain capes, for out-door film production.\" \/>\n<meta name=\"robots\" content=\"index, follow, max-snippet:-1, max-image-preview:large, max-video-preview:-1\" \/>\n<link rel=\"canonical\" href=\"https:\/\/ewa-marine.com\/de\/products\/broadcast\/\" \/>\n<meta property=\"og:locale\" content=\"de_DE\" \/>\n<meta property=\"og:type\" content=\"article\" \/>\n<meta property=\"og:title\" content=\"Products for Broadcast and Cinematic cameras by ewa-marine\" \/>\n<meta property=\"og:description\" content=\"ewa-marine manufactures a range of products for broadcast and cinematic cameras. Both underwater housings and rain capes, for out-door film production.\" \/>\n<meta property=\"og:url\" content=\"https:\/\/ewa-marine.com\/de\/products\/broadcast\/\" \/>\n<meta property=\"og:site_name\" content=\"ewa-marine\" \/>\n<meta property=\"article:publisher\" content=\"https:\/\/www.facebook.com\/ewa-marine\" \/>\n<meta property=\"article:modified_time\" content=\"2017-05-23T08:19:25+00:00\" \/>\n<meta property=\"og:image\" content=\"https:\/\/i1.wp.com\/www.ewa-marine.com\/wp-content\/uploads\/2016\/04\/TV184-1024x676.jpg?resize=800%2C528\" \/>\n<meta name=\"twitter:card\" content=\"summary_large_image\" \/>\n<meta name=\"twitter:site\" content=\"@ewa_marine\" \/>\n<meta name=\"twitter:label1\" content=\"Gesch\u00e4tzte Lesezeit\" \/>\n\t<meta name=\"twitter:data1\" content=\"1\u00a0Minute\" \/>\n<script type=\"application\/ld+json\" class=\"yoast-schema-graph\">{\"@context\":\"https:\\\/\\\/schema.org\",\"@graph\":[{\"@type\":\"WebPage\",\"@id\":\"https:\\\/\\\/ewa-marine.com\\\/de\\\/products\\\/broadcast\\\/\",\"url\":\"https:\\\/\\\/ewa-marine.com\\\/de\\\/products\\\/broadcast\\\/\",\"name\":\"Products for Broadcast and Cinematic cameras by ewa-marine\",\"isPartOf\":{\"@id\":\"https:\\\/\\\/ewa-marine.com\\\/de\\\/#website\"},\"primaryImageOfPage\":{\"@id\":\"https:\\\/\\\/ewa-marine.com\\\/de\\\/products\\\/broadcast\\\/#primaryimage\"},\"image\":{\"@id\":\"https:\\\/\\\/ewa-marine.com\\\/de\\\/products\\\/broadcast\\\/#primaryimage\"},\"thumbnailUrl\":\"https:\\\/\\\/i1.wp.com\\\/www.ewa-marine.com\\\/wp-content\\\/uploads\\\/2016\\\/04\\\/TV184-1024x676.jpg?resize=800%2C528\",\"datePublished\":\"2015-07-13T09:50:56+00:00\",\"dateModified\":\"2017-05-23T08:19:25+00:00\",\"description\":\"ewa-marine manufactures a range of products for broadcast and cinematic cameras. Both underwater housings and rain capes, for out-door film production.\",\"breadcrumb\":{\"@id\":\"https:\\\/\\\/ewa-marine.com\\\/de\\\/products\\\/broadcast\\\/#breadcrumb\"},\"inLanguage\":\"de\",\"potentialAction\":[{\"@type\":\"ReadAction\",\"target\":[\"https:\\\/\\\/ewa-marine.com\\\/de\\\/products\\\/broadcast\\\/\"]}]},{\"@type\":\"ImageObject\",\"inLanguage\":\"de\",\"@id\":\"https:\\\/\\\/ewa-marine.com\\\/de\\\/products\\\/broadcast\\\/#primaryimage\",\"url\":\"https:\\\/\\\/i1.wp.com\\\/www.ewa-marine.com\\\/wp-content\\\/uploads\\\/2016\\\/04\\\/TV184-1024x676.jpg?resize=800%2C528\",\"contentUrl\":\"https:\\\/\\\/i1.wp.com\\\/www.ewa-marine.com\\\/wp-content\\\/uploads\\\/2016\\\/04\\\/TV184-1024x676.jpg?resize=800%2C528\"},{\"@type\":\"BreadcrumbList\",\"@id\":\"https:\\\/\\\/ewa-marine.com\\\/de\\\/products\\\/broadcast\\\/#breadcrumb\",\"itemListElement\":[{\"@type\":\"ListItem\",\"position\":1,\"name\":\"Startseite\",\"item\":\"https:\\\/\\\/www.ewa-marine.de\\\/\"},{\"@type\":\"ListItem\",\"position\":2,\"name\":\"Produkte\",\"item\":\"https:\\\/\\\/www.ewa-marine.de\\\/products\\\/\"},{\"@type\":\"ListItem\",\"position\":3,\"name\":\"Broadcast \\\/ Cinema\"}]},{\"@type\":\"WebSite\",\"@id\":\"https:\\\/\\\/ewa-marine.com\\\/de\\\/#website\",\"url\":\"https:\\\/\\\/ewa-marine.com\\\/de\\\/\",\"name\":\"ewa-marine\",\"description\":\"Capture the Extreme !\",\"potentialAction\":[{\"@type\":\"SearchAction\",\"target\":{\"@type\":\"EntryPoint\",\"urlTemplate\":\"https:\\\/\\\/ewa-marine.com\\\/de\\\/?s={search_term_string}\"},\"query-input\":{\"@type\":\"PropertyValueSpecification\",\"valueRequired\":true,\"valueName\":\"search_term_string\"}}],\"inLanguage\":\"de\"}]}<\/script>\n<!-- \/ Yoast SEO plugin. -->","yoast_head_json":{"title":"Products for Broadcast and Cinematic cameras by ewa-marine","description":"ewa-marine manufactures a range of products for broadcast and cinematic cameras. Both underwater housings and rain capes, for out-door film production.","robots":{"index":"index","follow":"follow","max-snippet":"max-snippet:-1","max-image-preview":"max-image-preview:large","max-video-preview":"max-video-preview:-1"},"canonical":"https:\/\/ewa-marine.com\/de\/products\/broadcast\/","og_locale":"de_DE","og_type":"article","og_title":"Products for Broadcast and Cinematic cameras by ewa-marine","og_description":"ewa-marine manufactures a range of products for broadcast and cinematic cameras. Both underwater housings and rain capes, for out-door film production.","og_url":"https:\/\/ewa-marine.com\/de\/products\/broadcast\/","og_site_name":"ewa-marine","article_publisher":"https:\/\/www.facebook.com\/ewa-marine","article_modified_time":"2017-05-23T08:19:25+00:00","og_image":[{"url":"https:\/\/i1.wp.com\/www.ewa-marine.com\/wp-content\/uploads\/2016\/04\/TV184-1024x676.jpg?resize=800%2C528","type":"","width":"","height":""}],"twitter_card":"summary_large_image","twitter_site":"@ewa_marine","twitter_misc":{"Gesch\u00e4tzte Lesezeit":"1\u00a0Minute"},"schema":{"@context":"https:\/\/schema.org","@graph":[{"@type":"WebPage","@id":"https:\/\/ewa-marine.com\/de\/products\/broadcast\/","url":"https:\/\/ewa-marine.com\/de\/products\/broadcast\/","name":"Products for Broadcast and Cinematic cameras by ewa-marine","isPartOf":{"@id":"https:\/\/ewa-marine.com\/de\/#website"},"primaryImageOfPage":{"@id":"https:\/\/ewa-marine.com\/de\/products\/broadcast\/#primaryimage"},"image":{"@id":"https:\/\/ewa-marine.com\/de\/products\/broadcast\/#primaryimage"},"thumbnailUrl":"https:\/\/i1.wp.com\/www.ewa-marine.com\/wp-content\/uploads\/2016\/04\/TV184-1024x676.jpg?resize=800%2C528","datePublished":"2015-07-13T09:50:56+00:00","dateModified":"2017-05-23T08:19:25+00:00","description":"ewa-marine manufactures a range of products for broadcast and cinematic cameras. Both underwater housings and rain capes, for out-door film production.","breadcrumb":{"@id":"https:\/\/ewa-marine.com\/de\/products\/broadcast\/#breadcrumb"},"inLanguage":"de","potentialAction":[{"@type":"ReadAction","target":["https:\/\/ewa-marine.com\/de\/products\/broadcast\/"]}]},{"@type":"ImageObject","inLanguage":"de","@id":"https:\/\/ewa-marine.com\/de\/products\/broadcast\/#primaryimage","url":"https:\/\/i1.wp.com\/www.ewa-marine.com\/wp-content\/uploads\/2016\/04\/TV184-1024x676.jpg?resize=800%2C528","contentUrl":"https:\/\/i1.wp.com\/www.ewa-marine.com\/wp-content\/uploads\/2016\/04\/TV184-1024x676.jpg?resize=800%2C528"},{"@type":"BreadcrumbList","@id":"https:\/\/ewa-marine.com\/de\/products\/broadcast\/#breadcrumb","itemListElement":[{"@type":"ListItem","position":1,"name":"Startseite","item":"https:\/\/www.ewa-marine.de\/"},{"@type":"ListItem","position":2,"name":"Produkte","item":"https:\/\/www.ewa-marine.de\/products\/"},{"@type":"ListItem","position":3,"name":"Broadcast \/ Cinema"}]},{"@type":"WebSite","@id":"https:\/\/ewa-marine.com\/de\/#website","url":"https:\/\/ewa-marine.com\/de\/","name":"ewa-marine","description":"Capture the Extreme !","potentialAction":[{"@type":"SearchAction","target":{"@type":"EntryPoint","urlTemplate":"https:\/\/ewa-marine.com\/de\/?s={search_term_string}"},"query-input":{"@type":"PropertyValueSpecification","valueRequired":true,"valueName":"search_term_string"}}],"inLanguage":"de"}]}},"_links":{"self":[{"href":"https:\/\/ewa-marine.com\/de\/wp-json\/wp\/v2\/pages\/1072","targetHints":{"allow":["GET"]}}],"collection":[{"href":"https:\/\/ewa-marine.com\/de\/wp-json\/wp\/v2\/pages"}],"about":[{"href":"https:\/\/ewa-marine.com\/de\/wp-json\/wp\/v2\/types\/page"}],"author":[{"embeddable":true,"href":"https:\/\/ewa-marine.com\/de\/wp-json\/wp\/v2\/users\/1"}],"replies":[{"embeddable":true,"href":"https:\/\/ewa-marine.com\/de\/wp-json\/wp\/v2\/comments?post=1072"}],"version-history":[{"count":0,"href":"https:\/\/ewa-marine.com\/de\/wp-json\/wp\/v2\/pages\/1072\/revisions"}],"up":[{"embeddable":true,"href":"https:\/\/ewa-marine.com\/de\/wp-json\/wp\/v2\/pages\/146"}],"wp:attachment":[{"href":"https:\/\/ewa-marine.com\/de\/wp-json\/wp\/v2\/media?parent=1072"}],"curies":[{"name":"wp","href":"https:\/\/api.w.org\/{rel}","templated":true}]}}