{"id":1073,"date":"2015-07-13T10:33:23","date_gmt":"2015-07-13T09:33:23","guid":{"rendered":"http:\/\/de.dicapac.de\/produkte\/industry\/"},"modified":"2017-02-15T11:40:55","modified_gmt":"2017-02-15T10:40:55","slug":"industrie","status":"publish","type":"page","link":"https:\/\/ewa-marine.com\/de\/products\/industrie\/","title":{"rendered":"Industrie"},"content":{"rendered":"<h1>Kundenspezifische L\u00f6sungen f\u00fcr unsere OEM-Industriekunden<\/h1>\n<p>Alle ewa-marine Produkte werden in unserem Werk in Wolfratshausen hergestellt, ausgehend vom Rohmaterial. Daher ist uns auch die Herstellung von Produkten f\u00fcr andere Anwendungen als Fotografie kein Problem. Eine eigene Werkstatt f\u00fcr Prototypenbau sowie Maschinen und erfahrene Mitarbeiter f\u00fcr die Massenproduktion stehen Ihnen zur Verf\u00fcgung. Wir sind Spezialisten f\u00fcr das Schwei\u00dfen und Tiefziehen \/ Formen von wasserdichten und luftdichten Teilen (gerne auch aufblasbar und druckdicht) aus PVC-Folie f\u00fcr alle Arten von Anwendungen.<\/p>\n<p>In der Vergangenheit waren unsere Kunden im OEM Bereich f\u00fchrende Kamerahersteller, Labor-, medizinische, milit\u00e4rische und polizeiliche Ausr\u00fcstung, Messe-Design und Standbau, Automobilhersteller, Schutzpolsterung f\u00fcr Motorradbekleidung, Teile f\u00fcr verstellbare Reitsattel und die Bauindustrie.<\/p>\n<p>Wenn also Sie und Ihr Unternehmen eine L\u00f6sung f\u00fcr ein kniffliges Problem ben\u00f6tigen, unser engagiertes Designteam freut sich darauf Ihnen kurzfristig eine L\u00f6sung und Prototypen vorstellen zu d\u00fcrfen!<\/p>\n<p><a href=\"http:\/\/www.ewa-marine.de\/wp-content\/uploads\/2015\/07\/Firma-01.jpg\"><img loading=\"lazy\" decoding=\"async\" class=\"size-full wp-image-1655 aligncenter\" src=\"http:\/\/www.ewa-marine.de\/wp-content\/uploads\/2015\/07\/Firma-01.jpg\" alt=\"ewa-marine factory Germany\" width=\"250\" height=\"188\" \/><\/a><\/p>\n<p>&nbsp;<\/p>\n","protected":false},"excerpt":{"rendered":"<p>Kundenspezifische L\u00f6sungen f\u00fcr unsere OEM-Industriekunden Alle ewa-marine Produkte werden in unserem Werk in Wolfratshausen hergestellt, ausgehend vom Rohmaterial. Daher ist uns auch die Herstellung von Produkten f\u00fcr andere Anwendungen als Fotografie kein Problem. Eine eigene Werkstatt f\u00fcr Prototypenbau sowie Maschinen und erfahrene Mitarbeiter f\u00fcr die Massenproduktion stehen Ihnen zur Verf\u00fcgung. Wir sind Spezialisten f\u00fcr das Schwei\u00dfen und Tiefziehen \/ Formen von wasserdichten und luftdichten Teilen (gerne auch aufblasbar und druckdicht) aus PVC-Folie f\u00fcr alle Arten von Anwendungen. In der Vergangenheit &hellip; <a href=\"https:\/\/ewa-marine.com\/de\/products\/industrie\/\">Weiterlesen<\/a><\/p>\n","protected":false},"author":1,"featured_media":0,"parent":146,"menu_order":6,"comment_status":"closed","ping_status":"closed","template":"","meta":{"kt_blocks_editor_width":"","footnotes":""},"class_list":["post-1073","page","type-page","status-publish","hentry"],"yoast_head":"<!-- This site is optimized with the Yoast SEO plugin v27.4 - https:\/\/yoast.com\/product\/yoast-seo-wordpress\/ -->\n<title>Industrie - ewa-marine<\/title>\n<meta name=\"robots\" content=\"index, follow, max-snippet:-1, max-image-preview:large, max-video-preview:-1\" \/>\n<link rel=\"canonical\" href=\"https:\/\/ewa-marine.com\/de\/products\/industrie\/\" \/>\n<meta property=\"og:locale\" content=\"de_DE\" \/>\n<meta property=\"og:type\" content=\"article\" \/>\n<meta property=\"og:title\" content=\"Industrie - ewa-marine\" \/>\n<meta property=\"og:description\" content=\"Kundenspezifische L\u00f6sungen f\u00fcr unsere OEM-Industriekunden Alle ewa-marine Produkte werden in unserem Werk in Wolfratshausen hergestellt, ausgehend vom Rohmaterial. Daher ist uns auch die Herstellung von Produkten f\u00fcr andere Anwendungen als Fotografie kein Problem. Eine eigene Werkstatt f\u00fcr Prototypenbau sowie Maschinen und erfahrene Mitarbeiter f\u00fcr die Massenproduktion stehen Ihnen zur Verf\u00fcgung. Wir sind Spezialisten f\u00fcr das Schwei\u00dfen und Tiefziehen \/ Formen von wasserdichten und luftdichten Teilen (gerne auch aufblasbar und druckdicht) aus PVC-Folie f\u00fcr alle Arten von Anwendungen. In der Vergangenheit &hellip; Weiterlesen\" \/>\n<meta property=\"og:url\" content=\"https:\/\/ewa-marine.com\/de\/products\/industrie\/\" \/>\n<meta property=\"og:site_name\" content=\"ewa-marine\" \/>\n<meta property=\"article:publisher\" content=\"https:\/\/www.facebook.com\/ewa-marine\" \/>\n<meta property=\"article:modified_time\" content=\"2017-02-15T10:40:55+00:00\" \/>\n<meta property=\"og:image\" content=\"http:\/\/www.ewa-marine.de\/wp-content\/uploads\/2015\/07\/Firma-01.jpg\" \/>\n<meta name=\"twitter:card\" content=\"summary_large_image\" \/>\n<meta name=\"twitter:site\" content=\"@ewa_marine\" \/>\n<meta name=\"twitter:label1\" content=\"Gesch\u00e4tzte Lesezeit\" \/>\n\t<meta name=\"twitter:data1\" content=\"1\u00a0Minute\" \/>\n<script type=\"application\/ld+json\" class=\"yoast-schema-graph\">{\"@context\":\"https:\\\/\\\/schema.org\",\"@graph\":[{\"@type\":\"WebPage\",\"@id\":\"https:\\\/\\\/ewa-marine.com\\\/de\\\/products\\\/industrie\\\/\",\"url\":\"https:\\\/\\\/ewa-marine.com\\\/de\\\/products\\\/industrie\\\/\",\"name\":\"Industrie - ewa-marine\",\"isPartOf\":{\"@id\":\"https:\\\/\\\/ewa-marine.com\\\/de\\\/#website\"},\"primaryImageOfPage\":{\"@id\":\"https:\\\/\\\/ewa-marine.com\\\/de\\\/products\\\/industrie\\\/#primaryimage\"},\"image\":{\"@id\":\"https:\\\/\\\/ewa-marine.com\\\/de\\\/products\\\/industrie\\\/#primaryimage\"},\"thumbnailUrl\":\"http:\\\/\\\/www.ewa-marine.de\\\/wp-content\\\/uploads\\\/2015\\\/07\\\/Firma-01.jpg\",\"datePublished\":\"2015-07-13T09:33:23+00:00\",\"dateModified\":\"2017-02-15T10:40:55+00:00\",\"breadcrumb\":{\"@id\":\"https:\\\/\\\/ewa-marine.com\\\/de\\\/products\\\/industrie\\\/#breadcrumb\"},\"inLanguage\":\"de\",\"potentialAction\":[{\"@type\":\"ReadAction\",\"target\":[\"https:\\\/\\\/ewa-marine.com\\\/de\\\/products\\\/industrie\\\/\"]}]},{\"@type\":\"ImageObject\",\"inLanguage\":\"de\",\"@id\":\"https:\\\/\\\/ewa-marine.com\\\/de\\\/products\\\/industrie\\\/#primaryimage\",\"url\":\"http:\\\/\\\/www.ewa-marine.de\\\/wp-content\\\/uploads\\\/2015\\\/07\\\/Firma-01.jpg\",\"contentUrl\":\"http:\\\/\\\/www.ewa-marine.de\\\/wp-content\\\/uploads\\\/2015\\\/07\\\/Firma-01.jpg\"},{\"@type\":\"BreadcrumbList\",\"@id\":\"https:\\\/\\\/ewa-marine.com\\\/de\\\/products\\\/industrie\\\/#breadcrumb\",\"itemListElement\":[{\"@type\":\"ListItem\",\"position\":1,\"name\":\"Startseite\",\"item\":\"https:\\\/\\\/www.ewa-marine.de\\\/\"},{\"@type\":\"ListItem\",\"position\":2,\"name\":\"Produkte\",\"item\":\"https:\\\/\\\/www.ewa-marine.de\\\/products\\\/\"},{\"@type\":\"ListItem\",\"position\":3,\"name\":\"Industrie\"}]},{\"@type\":\"WebSite\",\"@id\":\"https:\\\/\\\/ewa-marine.com\\\/de\\\/#website\",\"url\":\"https:\\\/\\\/ewa-marine.com\\\/de\\\/\",\"name\":\"ewa-marine\",\"description\":\"Capture the Extreme !\",\"potentialAction\":[{\"@type\":\"SearchAction\",\"target\":{\"@type\":\"EntryPoint\",\"urlTemplate\":\"https:\\\/\\\/ewa-marine.com\\\/de\\\/?s={search_term_string}\"},\"query-input\":{\"@type\":\"PropertyValueSpecification\",\"valueRequired\":true,\"valueName\":\"search_term_string\"}}],\"inLanguage\":\"de\"}]}<\/script>\n<!-- \/ Yoast SEO plugin. -->","yoast_head_json":{"title":"Industrie - ewa-marine","robots":{"index":"index","follow":"follow","max-snippet":"max-snippet:-1","max-image-preview":"max-image-preview:large","max-video-preview":"max-video-preview:-1"},"canonical":"https:\/\/ewa-marine.com\/de\/products\/industrie\/","og_locale":"de_DE","og_type":"article","og_title":"Industrie - ewa-marine","og_description":"Kundenspezifische L\u00f6sungen f\u00fcr unsere OEM-Industriekunden Alle ewa-marine Produkte werden in unserem Werk in Wolfratshausen hergestellt, ausgehend vom Rohmaterial. Daher ist uns auch die Herstellung von Produkten f\u00fcr andere Anwendungen als Fotografie kein Problem. Eine eigene Werkstatt f\u00fcr Prototypenbau sowie Maschinen und erfahrene Mitarbeiter f\u00fcr die Massenproduktion stehen Ihnen zur Verf\u00fcgung. Wir sind Spezialisten f\u00fcr das Schwei\u00dfen und Tiefziehen \/ Formen von wasserdichten und luftdichten Teilen (gerne auch aufblasbar und druckdicht) aus PVC-Folie f\u00fcr alle Arten von Anwendungen. In der Vergangenheit &hellip; Weiterlesen","og_url":"https:\/\/ewa-marine.com\/de\/products\/industrie\/","og_site_name":"ewa-marine","article_publisher":"https:\/\/www.facebook.com\/ewa-marine","article_modified_time":"2017-02-15T10:40:55+00:00","og_image":[{"url":"http:\/\/www.ewa-marine.de\/wp-content\/uploads\/2015\/07\/Firma-01.jpg","type":"","width":"","height":""}],"twitter_card":"summary_large_image","twitter_site":"@ewa_marine","twitter_misc":{"Gesch\u00e4tzte Lesezeit":"1\u00a0Minute"},"schema":{"@context":"https:\/\/schema.org","@graph":[{"@type":"WebPage","@id":"https:\/\/ewa-marine.com\/de\/products\/industrie\/","url":"https:\/\/ewa-marine.com\/de\/products\/industrie\/","name":"Industrie - ewa-marine","isPartOf":{"@id":"https:\/\/ewa-marine.com\/de\/#website"},"primaryImageOfPage":{"@id":"https:\/\/ewa-marine.com\/de\/products\/industrie\/#primaryimage"},"image":{"@id":"https:\/\/ewa-marine.com\/de\/products\/industrie\/#primaryimage"},"thumbnailUrl":"http:\/\/www.ewa-marine.de\/wp-content\/uploads\/2015\/07\/Firma-01.jpg","datePublished":"2015-07-13T09:33:23+00:00","dateModified":"2017-02-15T10:40:55+00:00","breadcrumb":{"@id":"https:\/\/ewa-marine.com\/de\/products\/industrie\/#breadcrumb"},"inLanguage":"de","potentialAction":[{"@type":"ReadAction","target":["https:\/\/ewa-marine.com\/de\/products\/industrie\/"]}]},{"@type":"ImageObject","inLanguage":"de","@id":"https:\/\/ewa-marine.com\/de\/products\/industrie\/#primaryimage","url":"http:\/\/www.ewa-marine.de\/wp-content\/uploads\/2015\/07\/Firma-01.jpg","contentUrl":"http:\/\/www.ewa-marine.de\/wp-content\/uploads\/2015\/07\/Firma-01.jpg"},{"@type":"BreadcrumbList","@id":"https:\/\/ewa-marine.com\/de\/products\/industrie\/#breadcrumb","itemListElement":[{"@type":"ListItem","position":1,"name":"Startseite","item":"https:\/\/www.ewa-marine.de\/"},{"@type":"ListItem","position":2,"name":"Produkte","item":"https:\/\/www.ewa-marine.de\/products\/"},{"@type":"ListItem","position":3,"name":"Industrie"}]},{"@type":"WebSite","@id":"https:\/\/ewa-marine.com\/de\/#website","url":"https:\/\/ewa-marine.com\/de\/","name":"ewa-marine","description":"Capture the Extreme !","potentialAction":[{"@type":"SearchAction","target":{"@type":"EntryPoint","urlTemplate":"https:\/\/ewa-marine.com\/de\/?s={search_term_string}"},"query-input":{"@type":"PropertyValueSpecification","valueRequired":true,"valueName":"search_term_string"}}],"inLanguage":"de"}]}},"_links":{"self":[{"href":"https:\/\/ewa-marine.com\/de\/wp-json\/wp\/v2\/pages\/1073","targetHints":{"allow":["GET"]}}],"collection":[{"href":"https:\/\/ewa-marine.com\/de\/wp-json\/wp\/v2\/pages"}],"about":[{"href":"https:\/\/ewa-marine.com\/de\/wp-json\/wp\/v2\/types\/page"}],"author":[{"embeddable":true,"href":"https:\/\/ewa-marine.com\/de\/wp-json\/wp\/v2\/users\/1"}],"replies":[{"embeddable":true,"href":"https:\/\/ewa-marine.com\/de\/wp-json\/wp\/v2\/comments?post=1073"}],"version-history":[{"count":0,"href":"https:\/\/ewa-marine.com\/de\/wp-json\/wp\/v2\/pages\/1073\/revisions"}],"up":[{"embeddable":true,"href":"https:\/\/ewa-marine.com\/de\/wp-json\/wp\/v2\/pages\/146"}],"wp:attachment":[{"href":"https:\/\/ewa-marine.com\/de\/wp-json\/wp\/v2\/media?parent=1073"}],"curies":[{"name":"wp","href":"https:\/\/api.w.org\/{rel}","templated":true}]}}