{"id":10740,"date":"2017-03-02T09:55:12","date_gmt":"2017-03-02T08:55:12","guid":{"rendered":"http:\/\/www.ewa-marine.com\/products\/regencapes\/camcorders\/vc-fx\/"},"modified":"2019-01-29T12:41:22","modified_gmt":"2019-01-29T11:41:22","slug":"vc-fx","status":"publish","type":"page","link":"https:\/\/ewa-marine.com\/de\/products\/regencapes\/camcorders\/vc-fx\/","title":{"rendered":"VC-FX"},"content":{"rendered":"<div id=\"pl-10740\"  class=\"panel-layout\" ><div id=\"pg-10740-0\"  class=\"panel-grid panel-has-style\" ><div class=\"panel-widget-style panel-row-style panel-row-style-for-10740-0\" ><div id=\"pgc-10740-0-0\"  class=\"panel-grid-cell\" ><div id=\"panel-10740-0-0-0\" class=\"so-panel widget widget_kadence_simple_image kadence_simple_image panel-first-child\" data-index=\"0\" ><div class=\"panel-widget-style panel-widget-style-for-10740-0-0-0\" ><div class=\"kad_img_upload_widget  kt-shape-type- kt-image-align-center kt-image-widget-widget-0-0-0\"><a href=\"https:\/\/ewa-marine.com\/wp-content\/uploads\/2015\/12\/VC-FX-200x200.jpg\" rel=\"lightbox\"><div class=\"kt-image-contain  \"><div class=\"kt-image-inner-contain\"><img loading=\"lazy\" decoding=\"async\" width=\"200\" height=\"200\" src=\"https:\/\/ewa-marine.com\/wp-content\/uploads\/2015\/12\/VC-FX-200x200.jpg\" class=\"attachment-full size-full\" alt=\"\" srcset=\"https:\/\/ewa-marine.com\/wp-content\/uploads\/2015\/12\/VC-FX-200x200.jpg 200w, https:\/\/ewa-marine.com\/wp-content\/uploads\/2015\/12\/VC-FX-200x200-150x150.jpg 150w, https:\/\/ewa-marine.com\/wp-content\/uploads\/2015\/12\/VC-FX-200x200-60x60.jpg 60w\" sizes=\"auto, (max-width: 200px) 100vw, 200px\" \/><\/div><\/div><\/a><div class=\"kadence_image_widget_caption\">ewa-marine VC-FX Regencape, Kamera nicht inklusive.<\/div><\/div><\/div><\/div><div id=\"panel-10740-0-0-1\" class=\"so-panel widget widget_siteorigin-panels-builder panel-last-child\" data-index=\"1\" ><div id=\"pl-w588877d292ef1\"  class=\"panel-layout\" ><div id=\"pg-w588877d292ef1-0\"  class=\"panel-grid panel-no-style\" ><div id=\"pgc-w588877d292ef1-0-0\"  class=\"panel-grid-cell\" ><div id=\"panel-w588877d292ef1-0-0-0\" class=\"so-panel widget widget_kadence_simple_image kadence_simple_image panel-first-child panel-last-child\" data-index=\"0\" ><div class=\"kad_img_upload_widget  kt-shape-type- kt-image-align-center kt-image-widget-widget-0-0-0\"><div class=\"kt-image-contain  \"><div class=\"kt-image-inner-contain\"><img decoding=\"async\" src=\"https:\/\/ewa-marine.com\/wp-content\/uploads\/2015\/07\/made-in-Germany-100x50.gif\"><\/div><\/div><\/div><\/div><\/div><div id=\"pgc-w588877d292ef1-0-1\"  class=\"panel-grid-cell panel-grid-cell-empty\" ><\/div><div id=\"pgc-w588877d292ef1-0-2\"  class=\"panel-grid-cell\" ><div id=\"panel-w588877d292ef1-0-2-0\" class=\"so-panel widget widget_kadence_simple_image kadence_simple_image panel-first-child panel-last-child\" data-index=\"1\" ><div class=\"kad_img_upload_widget  kt-shape-type- kt-image-align-center kt-image-widget-widget-0-2-0\"><div class=\"kt-image-contain  \"><div class=\"kt-image-inner-contain\"><img decoding=\"async\" src=\"https:\/\/ewa-marine.com\/wp-content\/uploads\/2015\/07\/opticalglass_100x45.png\"><\/div><\/div><\/div><\/div><\/div><\/div><\/div><\/div><\/div><div id=\"pgc-10740-0-1\"  class=\"panel-grid-cell\" ><div id=\"panel-10740-0-1-0\" class=\"so-panel widget widget_black-studio-tinymce widget_black_studio_tinymce panel-first-child\" data-index=\"2\" ><div class=\"panel-widget-style panel-widget-style-for-10740-0-1-0\" ><div class=\"textwidget\"><p><a href=\"https:\/\/www.marinsolar.de\/produkt\/ewa-marine-vc-fx-regencape\/\" target=\"_blank\"><img loading=\"lazy\" decoding=\"async\" class=\"alignright wp-image-5203\" src=\"\/wp-content\/uploads\/2016\/03\/online-kaufen.png\" alt=\"Online Einkaufen bei marinSolar\" width=\"149\" height=\"50\" \/><\/a><\/p>\n<h1 class=\"bodytext\">ewa-marine VC-FX Regencape<\/h1>\n<h2 class=\"bodytext\">universelles Regen-Cape f\u00fcr Camcorder<\/h2>\n<h6>Bestellcode: VC-FX<\/h6>\n<p class=\"bodytext\">Das VC-FX Regencape wurde speziell f\u00fcr die Sony HDR-FX1 und Sony HVR-Z1 Camcorder entwickelt. <span id=\"result_box\" class=\"\" lang=\"de\"><span class=\"\">Aber es passt auch f\u00fcr andere Kameras, die die gleiche Form und Gr\u00f6\u00dfe haben.<\/span><\/span><\/p>\n<p class=\"bodytext\">Das Cape wird aus Spezialfolie hergestellt und hat eine integrierte optische Planglasscheibe.<\/p>\n<p class=\"bodytext\"><span id=\"result_box\" class=\"\" lang=\"de\"><span class=\"\">Die Kamera wird mittels eines ewa-marine C-A52 Adapter an den Frontport angeschlossen.<\/span> <span class=\"\">Dieses patentierte System befestigt das Cape am Camcorder und h\u00e4lt den Frontport parallel und mittig vor der Linse, wie ein klarer, neutraler, optischer\u00a0Filter.<\/span><\/span><\/p>\n<p class=\"bodytext\"><span id=\"result_box\" class=\"\" lang=\"de\"><span class=\"\">Aufgrund eines extra eingearbeiteten Klarsichtfensters an der Oberseite des Capes\u00a0k\u00f6nnen Sie nun den\u00a0Monitor unter dem Cape verwenden. Hierzu einfach den ausgeklappten Monitor einmal um die eigene Achse drehen und wieder einklappen.<\/span><\/span><\/p>\n<p class=\"bodytext\">Das VC-FX kann am Boden mit Druckkn\u00f6pfen verschlossen werden.<\/p>\n<p class=\"bodytext\"><strong>Bitte beachten:<\/strong> <span id=\"result_box\" class=\"\" lang=\"de\">M\u00f6glicherweise m\u00fcssen Sie einen zus\u00e4tzlichen<\/span> <a href=\"http:\/\/www.ewa-marine.de\/products\/zubehoer\/reduzieradapter\/\">Reduzieradapter<\/a> <span id=\"result_box\" class=\"\" lang=\"de\">kaufen, um das Filtergewinde Ihres Camcorders mit dem mitgelieferten C-A52 Adapter zu verbinden. <span class=\"\">Diese sind als optionales Zubeh\u00f6r separat erh\u00e4ltlich.<\/span><\/span><\/p>\n<\/div><\/div><\/div><div id=\"panel-10740-0-1-1\" class=\"so-panel widget widget_black-studio-tinymce widget_black_studio_tinymce\" data-index=\"3\" ><div class=\"textwidget\">\n<div class=\"panel-group\" id=\"accordionname673\"><div class=\"panel panel-default\"><div class=\"panel-heading\"><a class=\"accordion-toggle collapsed\" data-toggle=\"collapse\" data-parent=\"#accordionname673\" href=\"#collapse6730\"><h5><i class=\"kt-icon-minus primary-color\"><\/i><i class=\"kt-icon-plus\"><\/i>Abmessungen<\/h5><\/a><\/div><div id=\"collapse6730\" class=\"panel-collapse collapse \"><div class=\"panel-body postclass\">\n<p>L\u00e4nge: 37 cm<\/p>\n<p>Breite: 11 cm<\/p>\n<p>H\u00f6he: 30 cm<\/p>\n<p>Position Sucher: gro\u00df, zentral<\/p>\n<p>Frontglasdurchmesser: 75 mm<\/p>\n<p>Gewicht: 300 g<\/p>\n<\/div><\/div><\/div><\/div>\n\n<\/div><\/div><div id=\"panel-10740-0-1-2\" class=\"so-panel widget widget_black-studio-tinymce widget_black_studio_tinymce panel-last-child\" data-index=\"4\" ><div class=\"textwidget\">\n<div class=\"panel-group\" id=\"accordionname129\"><div class=\"panel panel-default\"><div class=\"panel-heading\"><a class=\"accordion-toggle collapsed\" data-toggle=\"collapse\" data-parent=\"#accordionname129\" href=\"#collapse1290\"><h5><i class=\"kt-icon-minus primary-color\"><\/i><i class=\"kt-icon-plus\"><\/i>Was im Lieferumfang enthalten ist<\/h5><\/a><\/div><div id=\"collapse1290\" class=\"panel-collapse collapse \"><div class=\"panel-body postclass\">\n<ul>\n<li>CAF-52 Adapter f\u00fcr 52mm Filtergewinde<\/li>\n<\/ul>\n<\/div><\/div><\/div><\/div>\n\n<\/div><\/div><\/div><\/div><\/div><div id=\"pg-10740-1\"  class=\"panel-grid panel-has-style\" ><div class=\"panel-widget-style panel-row-style panel-row-style-for-10740-1\" ><div id=\"pgc-10740-1-0\"  class=\"panel-grid-cell\" ><div id=\"panel-10740-1-0-0\" class=\"so-panel widget widget_text panel-first-child\" data-index=\"5\" >\t\t\t<div class=\"textwidget\"><hr>\n<h4>   Produkte, die Sie ebenfalls interessieren k\u00f6nnten:<\/h4>\n<\/div>\n\t\t<\/div><div id=\"panel-10740-1-0-1\" class=\"so-panel widget widget_siteorigin-panels-builder panel-last-child\" data-index=\"6\" ><div class=\"Optional Extras panel-widget-style panel-widget-style-for-10740-1-0-1\" ><div id=\"pl-w5c503be1ef757\"  class=\"panel-layout\" ><div id=\"pg-w5c503be1ef757-0\"  class=\"panel-grid panel-no-style\" ><div id=\"pgc-w5c503be1ef757-0-0\"  class=\"panel-grid-cell\" ><div id=\"panel-w5c503be1ef757-0-0-0\" class=\"so-panel widget widget_kadence_simple_image kadence_simple_image panel-first-child\" data-index=\"0\" ><div class=\"kad_img_upload_widget  kt-shape-type- kt-image-align-center kt-image-widget-widget-0-0-0\"><a href=\"\/products\/accessories\/cd5-silica-gel\/\" target=\"_self\"><div class=\"kt-image-contain  \"><div class=\"kt-image-inner-contain\"><img decoding=\"async\" src=\"https:\/\/ewa-marine.com\/wp-content\/uploads\/2015\/07\/CD5_200x150.jpg\"><\/div><\/div><\/a><div class=\"kadence_image_widget_caption\">CD5 Silica gel<\/div><\/div><\/div><div id=\"panel-w5c503be1ef757-0-0-1\" class=\"so-panel widget widget_kadence_simple_image kadence_simple_image\" data-index=\"1\" ><div class=\"kad_img_upload_widget  kt-shape-type- kt-image-align-center kt-image-widget-widget-0-0-1\"><a href=\"\/products\/accessories\/av110\/\" target=\"_self\"><div class=\"kt-image-contain  \"><div class=\"kt-image-inner-contain\"><img decoding=\"async\" src=\"https:\/\/ewa-marine.com\/wp-content\/uploads\/2015\/07\/AV110-Adapter-200x150.jpg\"><\/div><\/div><\/a><div class=\"kadence_image_widget_caption\">AV110 Adapter<\/div><\/div><\/div><div id=\"panel-w5c503be1ef757-0-0-2\" class=\"so-panel widget widget_kadence_simple_image kadence_simple_image panel-last-child\" data-index=\"2\" ><div class=\"kad_img_upload_widget  kt-shape-type- kt-image-align-center kt-image-widget-widget-0-0-2\"><a href=\"\/products\/accessories\/cable-exit\/\" target=\"_self\"><div class=\"kt-image-contain  \"><div class=\"kt-image-inner-contain\"><img decoding=\"async\" src=\"https:\/\/ewa-marine.com\/wp-content\/uploads\/2015\/07\/cableexit-200-150.jpg\"><\/div><\/div><\/a><div class=\"kadence_image_widget_caption\">Cable Exit<\/div><\/div><\/div><\/div><div id=\"pgc-w5c503be1ef757-0-1\"  class=\"panel-grid-cell\" ><div id=\"panel-w5c503be1ef757-0-1-0\" class=\"so-panel widget widget_kadence_simple_image kadence_simple_image panel-first-child\" data-index=\"3\" ><div class=\"kad_img_upload_widget  kt-shape-type- kt-image-align-center kt-image-widget-widget-0-1-0\"><a href=\"\/products\/accessories\/ewa-marine-ca-adapter\/%20\" target=\"_self\"><div class=\"kt-image-contain  \"><div class=\"kt-image-inner-contain\"><img decoding=\"async\" src=\"https:\/\/ewa-marine.com\/wp-content\/uploads\/2015\/07\/CAF-Ringadapter-200x150.jpg\"><\/div><\/div><\/a><div class=\"kadence_image_widget_caption\">CA Adapter Set<\/div><\/div><\/div><div id=\"panel-w5c503be1ef757-0-1-1\" class=\"so-panel widget widget_kadence_simple_image kadence_simple_image\" data-index=\"4\" ><div class=\"kad_img_upload_widget  kt-shape-type- kt-image-align-center kt-image-widget-widget-0-1-1\"><a href=\"https:\/\/ewa-marine.com\/wp-content\/uploads\/2015\/07\/Step_Up_Ring_200x150.jpg\" rel=\"lightbox\"><div class=\"kt-image-contain  \"><div class=\"kt-image-inner-contain\"><img decoding=\"async\" src=\"https:\/\/ewa-marine.com\/wp-content\/uploads\/2015\/07\/Step_Up_Ring_200x150.jpg\"><\/div><\/div><\/a><div class=\"kadence_image_widget_caption\">Step-Up Adapters<\/div><\/div><\/div><div id=\"panel-w5c503be1ef757-0-1-2\" class=\"so-panel widget widget_kadence_simple_image kadence_simple_image panel-last-child\" data-index=\"5\" ><div class=\"kad_img_upload_widget  kt-shape-type- kt-image-align-center kt-image-widget-widget-0-1-2\"><a href=\"\/products\/accessories\/tripod-connector\/\" target=\"_self\"><div class=\"kt-image-contain  \"><div class=\"kt-image-inner-contain\"><img decoding=\"async\" src=\"https:\/\/ewa-marine.com\/wp-content\/uploads\/2015\/07\/tripodmount-200x150.jpg\"><\/div><\/div><\/a><div class=\"kadence_image_widget_caption\">Tripod mount<\/div><\/div><\/div><\/div><div id=\"pgc-w5c503be1ef757-0-2\"  class=\"panel-grid-cell\" ><div id=\"panel-w5c503be1ef757-0-2-0\" class=\"so-panel widget widget_kadence_simple_image kadence_simple_image panel-first-child\" data-index=\"6\" ><div class=\"panel-widget-style panel-widget-style-for-w5c503be1ef757-0-2-0\" ><div class=\"kad_img_upload_widget  kt-shape-type- kt-image-align-center kt-image-widget-widget-0-2-0\"><a href=\"\/products\/accessories\/bv2\/\" target=\"_self\"><div class=\"kt-image-contain  \"><div class=\"kt-image-inner-contain\"><img decoding=\"async\" src=\"https:\/\/ewa-marine.com\/wp-content\/uploads\/2015\/07\/BV2_200x150.jpg\"><\/div><\/div><\/a><div class=\"kadence_image_widget_caption\">BV2\nweight<\/div><\/div><\/div><\/div><div id=\"panel-w5c503be1ef757-0-2-1\" class=\"so-panel widget widget_kadence_simple_image kadence_simple_image panel-last-child\" data-index=\"7\" ><div class=\"kad_img_upload_widget  kt-shape-type- kt-image-align-center kt-image-widget-widget-0-2-1\"><a href=\"\/products\/accessories\/ewa-marine-ca-adapter\/\" target=\"_self\"><div class=\"kt-image-contain  \"><div class=\"kt-image-inner-contain\"><img decoding=\"async\" src=\"https:\/\/ewa-marine.com\/wp-content\/uploads\/2015\/07\/C-A67-200x150.jpg\"><\/div><\/div><\/a><div class=\"kadence_image_widget_caption\">CA67<\/div><\/div><\/div><\/div><div id=\"pgc-w5c503be1ef757-0-3\"  class=\"panel-grid-cell\" ><div id=\"panel-w5c503be1ef757-0-3-0\" class=\"so-panel widget widget_kadence_simple_image kadence_simple_image panel-first-child panel-last-child\" data-index=\"8\" ><div class=\"panel-widget-style panel-widget-style-for-w5c503be1ef757-0-3-0\" ><div class=\"kad_img_upload_widget  kt-shape-type- kt-image-align-center kt-image-widget-widget-0-3-0\"><a href=\"\/products\/accessories\/bf1\/\" target=\"_self\"><div class=\"kt-image-contain  \"><div class=\"kt-image-inner-contain\"><img decoding=\"async\" src=\"https:\/\/ewa-marine.com\/wp-content\/uploads\/2015\/07\/BF1-200x150.jpg\"><\/div><\/div><\/a><div class=\"kadence_image_widget_caption\">BF1 weight<\/div><\/div><\/div><\/div><\/div><div id=\"pgc-w5c503be1ef757-0-4\"  class=\"panel-grid-cell\" ><div id=\"panel-w5c503be1ef757-0-4-0\" class=\"so-panel widget widget_kadence_simple_image kadence_simple_image panel-first-child\" data-index=\"9\" ><div class=\"kad_img_upload_widget  kt-shape-type- kt-image-align-center kt-image-widget-widget-0-4-0\"><a href=\"\/soft-lead-weights-bs7\/\" target=\"_self\"><div class=\"kt-image-contain  \"><div class=\"kt-image-inner-contain\"><img decoding=\"async\" src=\"https:\/\/ewa-marine.com\/wp-content\/uploads\/2015\/07\/BS7-200x150.jpg\"><\/div><\/div><\/a><div class=\"kadence_image_widget_caption\">BS7\nweight<\/div><\/div><\/div><div id=\"panel-w5c503be1ef757-0-4-1\" class=\"so-panel widget widget_kadence_simple_image kadence_simple_image panel-last-child\" data-index=\"10\" ><div class=\"kad_img_upload_widget  kt-shape-type- kt-image-align-center kt-image-widget-widget-0-4-1\"><a href=\"\/products\/accessories\/ewa-marine-ca-adapter\/\" target=\"_self\"><div class=\"kt-image-contain  \"><div class=\"kt-image-inner-contain\"><img decoding=\"async\" src=\"https:\/\/ewa-marine.com\/wp-content\/uploads\/2015\/07\/Adapter-82-200x150.jpg\"><\/div><\/div><\/a><div class=\"kadence_image_widget_caption\">CA77 &amp; CA82<\/div><\/div><\/div><\/div><\/div><\/div><\/div><\/div><\/div><\/div><\/div><div id=\"pg-10740-2\"  class=\"panel-grid panel-no-style\" ><div id=\"pgc-10740-2-0\"  class=\"panel-grid-cell\" ><div id=\"panel-10740-2-0-0\" class=\"so-panel widget widget_black-studio-tinymce widget_black_studio_tinymce panel-first-child panel-last-child\" data-index=\"7\" ><div class=\"textwidget\"><hr \/>\n<h6>Alle Daten und Bilder von Unterwassergeh\u00e4usen und Regencapes entsprechen dem Stand unserer Produkte zum Zeitpunkt der letzten redaktionellen Bearbeitung dieser Seite. ewa-marine beh\u00e4lt sich jedoch vor, alle Produkte im Rahmen unseres kontinuierlichen Verbesserungprozesses zu \u00e4ndern und zu verbessern. Daher k\u00f6nnen die aktuell im Markt angebotenen Produkte in Einzelpunkten eventuell von den Abbildungen abweichen. Eine Garantie f\u00fcr Vollst\u00e4ndigkeit oder Richtigkeit kann nicht \u00fcbernommen werden, ebenso wenig wie eine Haftung f\u00fcr die Verwendung dieser Seiten oder deren Inhalt.<br \/>\nEinige Bilder auf dieser Website zeigen die ewa-marine Produkt einschlie\u00dflich Kamera oder anderer elektronischer Ger\u00e4te. Diese Kameras oder andere Elektronik sind nicht im Lieferumfang enthalten und dienen hier nur als Anwendungsbeispiel.<\/h6>\n<\/div><\/div><\/div><\/div><\/div>","protected":false},"excerpt":{"rendered":"<p>ewa-marine VC-FX Regencape universelles Regen-Cape f\u00fcr Camcorder Bestellcode: VC-FX Das VC-FX Regencape wurde speziell f\u00fcr die Sony HDR-FX1 und Sony HVR-Z1 Camcorder entwickelt. Aber es passt auch f\u00fcr andere Kameras, die die gleiche Form und Gr\u00f6\u00dfe haben. Das Cape wird aus Spezialfolie hergestellt und hat eine integrierte optische Planglasscheibe. Die Kamera wird mittels eines ewa-marine C-A52 Adapter an den Frontport angeschlossen. Dieses patentierte System befestigt das Cape am Camcorder und h\u00e4lt den Frontport parallel und mittig vor der Linse, wie &hellip; <a href=\"https:\/\/ewa-marine.com\/de\/products\/regencapes\/camcorders\/vc-fx\/\">Weiterlesen<\/a><\/p>\n","protected":false},"author":3,"featured_media":2962,"parent":828,"menu_order":6,"comment_status":"closed","ping_status":"closed","template":"","meta":{"kt_blocks_editor_width":"","footnotes":""},"class_list":["post-10740","page","type-page","status-publish","has-post-thumbnail","hentry"],"yoast_head":"<!-- This site is optimized with the Yoast SEO plugin v27.3 - https:\/\/yoast.com\/product\/yoast-seo-wordpress\/ -->\n<title>ewa-marine VC-FX universelles Regencape f\u00fcr Videocamcorder<\/title>\n<meta name=\"robots\" content=\"index, follow, max-snippet:-1, max-image-preview:large, max-video-preview:-1\" \/>\n<link rel=\"canonical\" href=\"https:\/\/ewa-marine.com\/de\/products\/regencapes\/camcorders\/vc-fx\/\" \/>\n<meta property=\"og:locale\" content=\"de_DE\" \/>\n<meta property=\"og:type\" content=\"article\" \/>\n<meta property=\"og:title\" content=\"ewa-marine VC-FX universelles Regencape f\u00fcr Videocamcorder\" \/>\n<meta property=\"og:description\" content=\"ewa-marine VC-FX Regencape universelles Regen-Cape f\u00fcr Camcorder Bestellcode: VC-FX Das VC-FX Regencape wurde speziell f\u00fcr die Sony HDR-FX1 und Sony HVR-Z1 Camcorder entwickelt. Aber es passt auch f\u00fcr andere Kameras, die die gleiche Form und Gr\u00f6\u00dfe haben. Das Cape wird aus Spezialfolie hergestellt und hat eine integrierte optische Planglasscheibe. Die Kamera wird mittels eines ewa-marine C-A52 Adapter an den Frontport angeschlossen. Dieses patentierte System befestigt das Cape am Camcorder und h\u00e4lt den Frontport parallel und mittig vor der Linse, wie &hellip; Weiterlesen\" \/>\n<meta property=\"og:url\" content=\"https:\/\/ewa-marine.com\/de\/products\/regencapes\/camcorders\/vc-fx\/\" \/>\n<meta property=\"og:site_name\" content=\"ewa-marine\" \/>\n<meta property=\"article:publisher\" content=\"https:\/\/www.facebook.com\/ewa-marine\" \/>\n<meta property=\"article:modified_time\" content=\"2019-01-29T11:41:22+00:00\" \/>\n<meta property=\"og:image\" content=\"https:\/\/ewa-marine.com\/wp-content\/uploads\/2015\/12\/VC-FX-200x200.jpg\" \/>\n\t<meta property=\"og:image:width\" content=\"200\" \/>\n\t<meta property=\"og:image:height\" content=\"200\" \/>\n\t<meta property=\"og:image:type\" content=\"image\/jpeg\" \/>\n<meta name=\"twitter:card\" content=\"summary_large_image\" \/>\n<meta name=\"twitter:site\" content=\"@ewa_marine\" \/>\n<meta name=\"twitter:label1\" content=\"Gesch\u00e4tzte Lesezeit\" \/>\n\t<meta name=\"twitter:data1\" content=\"2\u00a0Minuten\" \/>\n<script type=\"application\/ld+json\" class=\"yoast-schema-graph\">{\"@context\":\"https:\\\/\\\/schema.org\",\"@graph\":[{\"@type\":\"WebPage\",\"@id\":\"https:\\\/\\\/ewa-marine.com\\\/de\\\/products\\\/regencapes\\\/camcorders\\\/vc-fx\\\/\",\"url\":\"https:\\\/\\\/ewa-marine.com\\\/de\\\/products\\\/regencapes\\\/camcorders\\\/vc-fx\\\/\",\"name\":\"ewa-marine VC-FX universelles Regencape f\u00fcr Videocamcorder\",\"isPartOf\":{\"@id\":\"https:\\\/\\\/ewa-marine.com\\\/de\\\/#website\"},\"primaryImageOfPage\":{\"@id\":\"https:\\\/\\\/ewa-marine.com\\\/de\\\/products\\\/regencapes\\\/camcorders\\\/vc-fx\\\/#primaryimage\"},\"image\":{\"@id\":\"https:\\\/\\\/ewa-marine.com\\\/de\\\/products\\\/regencapes\\\/camcorders\\\/vc-fx\\\/#primaryimage\"},\"thumbnailUrl\":\"https:\\\/\\\/ewa-marine.com\\\/wp-content\\\/uploads\\\/2015\\\/12\\\/VC-FX-200x200.jpg\",\"datePublished\":\"2017-03-02T08:55:12+00:00\",\"dateModified\":\"2019-01-29T11:41:22+00:00\",\"breadcrumb\":{\"@id\":\"https:\\\/\\\/ewa-marine.com\\\/de\\\/products\\\/regencapes\\\/camcorders\\\/vc-fx\\\/#breadcrumb\"},\"inLanguage\":\"de\",\"potentialAction\":[{\"@type\":\"ReadAction\",\"target\":[\"https:\\\/\\\/ewa-marine.com\\\/de\\\/products\\\/regencapes\\\/camcorders\\\/vc-fx\\\/\"]}]},{\"@type\":\"ImageObject\",\"inLanguage\":\"de\",\"@id\":\"https:\\\/\\\/ewa-marine.com\\\/de\\\/products\\\/regencapes\\\/camcorders\\\/vc-fx\\\/#primaryimage\",\"url\":\"https:\\\/\\\/ewa-marine.com\\\/wp-content\\\/uploads\\\/2015\\\/12\\\/VC-FX-200x200.jpg\",\"contentUrl\":\"https:\\\/\\\/ewa-marine.com\\\/wp-content\\\/uploads\\\/2015\\\/12\\\/VC-FX-200x200.jpg\",\"width\":200,\"height\":200},{\"@type\":\"BreadcrumbList\",\"@id\":\"https:\\\/\\\/ewa-marine.com\\\/de\\\/products\\\/regencapes\\\/camcorders\\\/vc-fx\\\/#breadcrumb\",\"itemListElement\":[{\"@type\":\"ListItem\",\"position\":1,\"name\":\"Startseite\",\"item\":\"https:\\\/\\\/www.ewa-marine.de\\\/\"},{\"@type\":\"ListItem\",\"position\":2,\"name\":\"Produkte\",\"item\":\"https:\\\/\\\/www.ewa-marine.de\\\/products\\\/\"},{\"@type\":\"ListItem\",\"position\":3,\"name\":\"Regencapes\",\"item\":\"https:\\\/\\\/www.ewa-marine.de\\\/products\\\/regencapes\\\/\"},{\"@type\":\"ListItem\",\"position\":4,\"name\":\"Camcorders\",\"item\":\"https:\\\/\\\/www.ewa-marine.de\\\/products\\\/regencapes\\\/camcorders\\\/\"},{\"@type\":\"ListItem\",\"position\":5,\"name\":\"VC-FX\"}]},{\"@type\":\"WebSite\",\"@id\":\"https:\\\/\\\/ewa-marine.com\\\/de\\\/#website\",\"url\":\"https:\\\/\\\/ewa-marine.com\\\/de\\\/\",\"name\":\"ewa-marine\",\"description\":\"Capture the Extreme !\",\"potentialAction\":[{\"@type\":\"SearchAction\",\"target\":{\"@type\":\"EntryPoint\",\"urlTemplate\":\"https:\\\/\\\/ewa-marine.com\\\/de\\\/?s={search_term_string}\"},\"query-input\":{\"@type\":\"PropertyValueSpecification\",\"valueRequired\":true,\"valueName\":\"search_term_string\"}}],\"inLanguage\":\"de\"}]}<\/script>\n<!-- \/ Yoast SEO plugin. -->","yoast_head_json":{"title":"ewa-marine VC-FX universelles Regencape f\u00fcr Videocamcorder","robots":{"index":"index","follow":"follow","max-snippet":"max-snippet:-1","max-image-preview":"max-image-preview:large","max-video-preview":"max-video-preview:-1"},"canonical":"https:\/\/ewa-marine.com\/de\/products\/regencapes\/camcorders\/vc-fx\/","og_locale":"de_DE","og_type":"article","og_title":"ewa-marine VC-FX universelles Regencape f\u00fcr Videocamcorder","og_description":"ewa-marine VC-FX Regencape universelles Regen-Cape f\u00fcr Camcorder Bestellcode: VC-FX Das VC-FX Regencape wurde speziell f\u00fcr die Sony HDR-FX1 und Sony HVR-Z1 Camcorder entwickelt. Aber es passt auch f\u00fcr andere Kameras, die die gleiche Form und Gr\u00f6\u00dfe haben. Das Cape wird aus Spezialfolie hergestellt und hat eine integrierte optische Planglasscheibe. Die Kamera wird mittels eines ewa-marine C-A52 Adapter an den Frontport angeschlossen. Dieses patentierte System befestigt das Cape am Camcorder und h\u00e4lt den Frontport parallel und mittig vor der Linse, wie &hellip; Weiterlesen","og_url":"https:\/\/ewa-marine.com\/de\/products\/regencapes\/camcorders\/vc-fx\/","og_site_name":"ewa-marine","article_publisher":"https:\/\/www.facebook.com\/ewa-marine","article_modified_time":"2019-01-29T11:41:22+00:00","og_image":[{"width":200,"height":200,"url":"https:\/\/ewa-marine.com\/wp-content\/uploads\/2015\/12\/VC-FX-200x200.jpg","type":"image\/jpeg"}],"twitter_card":"summary_large_image","twitter_site":"@ewa_marine","twitter_misc":{"Gesch\u00e4tzte Lesezeit":"2\u00a0Minuten"},"schema":{"@context":"https:\/\/schema.org","@graph":[{"@type":"WebPage","@id":"https:\/\/ewa-marine.com\/de\/products\/regencapes\/camcorders\/vc-fx\/","url":"https:\/\/ewa-marine.com\/de\/products\/regencapes\/camcorders\/vc-fx\/","name":"ewa-marine VC-FX universelles Regencape f\u00fcr Videocamcorder","isPartOf":{"@id":"https:\/\/ewa-marine.com\/de\/#website"},"primaryImageOfPage":{"@id":"https:\/\/ewa-marine.com\/de\/products\/regencapes\/camcorders\/vc-fx\/#primaryimage"},"image":{"@id":"https:\/\/ewa-marine.com\/de\/products\/regencapes\/camcorders\/vc-fx\/#primaryimage"},"thumbnailUrl":"https:\/\/ewa-marine.com\/wp-content\/uploads\/2015\/12\/VC-FX-200x200.jpg","datePublished":"2017-03-02T08:55:12+00:00","dateModified":"2019-01-29T11:41:22+00:00","breadcrumb":{"@id":"https:\/\/ewa-marine.com\/de\/products\/regencapes\/camcorders\/vc-fx\/#breadcrumb"},"inLanguage":"de","potentialAction":[{"@type":"ReadAction","target":["https:\/\/ewa-marine.com\/de\/products\/regencapes\/camcorders\/vc-fx\/"]}]},{"@type":"ImageObject","inLanguage":"de","@id":"https:\/\/ewa-marine.com\/de\/products\/regencapes\/camcorders\/vc-fx\/#primaryimage","url":"https:\/\/ewa-marine.com\/wp-content\/uploads\/2015\/12\/VC-FX-200x200.jpg","contentUrl":"https:\/\/ewa-marine.com\/wp-content\/uploads\/2015\/12\/VC-FX-200x200.jpg","width":200,"height":200},{"@type":"BreadcrumbList","@id":"https:\/\/ewa-marine.com\/de\/products\/regencapes\/camcorders\/vc-fx\/#breadcrumb","itemListElement":[{"@type":"ListItem","position":1,"name":"Startseite","item":"https:\/\/www.ewa-marine.de\/"},{"@type":"ListItem","position":2,"name":"Produkte","item":"https:\/\/www.ewa-marine.de\/products\/"},{"@type":"ListItem","position":3,"name":"Regencapes","item":"https:\/\/www.ewa-marine.de\/products\/regencapes\/"},{"@type":"ListItem","position":4,"name":"Camcorders","item":"https:\/\/www.ewa-marine.de\/products\/regencapes\/camcorders\/"},{"@type":"ListItem","position":5,"name":"VC-FX"}]},{"@type":"WebSite","@id":"https:\/\/ewa-marine.com\/de\/#website","url":"https:\/\/ewa-marine.com\/de\/","name":"ewa-marine","description":"Capture the Extreme !","potentialAction":[{"@type":"SearchAction","target":{"@type":"EntryPoint","urlTemplate":"https:\/\/ewa-marine.com\/de\/?s={search_term_string}"},"query-input":{"@type":"PropertyValueSpecification","valueRequired":true,"valueName":"search_term_string"}}],"inLanguage":"de"}]}},"_links":{"self":[{"href":"https:\/\/ewa-marine.com\/de\/wp-json\/wp\/v2\/pages\/10740","targetHints":{"allow":["GET"]}}],"collection":[{"href":"https:\/\/ewa-marine.com\/de\/wp-json\/wp\/v2\/pages"}],"about":[{"href":"https:\/\/ewa-marine.com\/de\/wp-json\/wp\/v2\/types\/page"}],"author":[{"embeddable":true,"href":"https:\/\/ewa-marine.com\/de\/wp-json\/wp\/v2\/users\/3"}],"replies":[{"embeddable":true,"href":"https:\/\/ewa-marine.com\/de\/wp-json\/wp\/v2\/comments?post=10740"}],"version-history":[{"count":0,"href":"https:\/\/ewa-marine.com\/de\/wp-json\/wp\/v2\/pages\/10740\/revisions"}],"up":[{"embeddable":true,"href":"https:\/\/ewa-marine.com\/de\/wp-json\/wp\/v2\/pages\/828"}],"wp:featuredmedia":[{"embeddable":true,"href":"https:\/\/ewa-marine.com\/de\/wp-json\/wp\/v2\/media\/2962"}],"wp:attachment":[{"href":"https:\/\/ewa-marine.com\/de\/wp-json\/wp\/v2\/media?parent=10740"}],"curies":[{"name":"wp","href":"https:\/\/api.w.org\/{rel}","templated":true}]}}