{"id":1200,"date":"2015-07-15T12:03:17","date_gmt":"2015-07-15T11:03:17","guid":{"rendered":"http:\/\/de.dicapac.de\/?page_id=1200"},"modified":"2015-07-16T07:57:44","modified_gmt":"2015-07-16T06:57:44","slug":"flexible-gehaeuse-was-ist-das","status":"publish","type":"page","link":"https:\/\/ewa-marine.com\/de\/service\/flexible-gehaeuse-was-ist-das\/","title":{"rendered":"Flexible Geh\u00e4use: was ist das?"},"content":{"rendered":"<div id=\"pl-1200\"  class=\"panel-layout\" ><div id=\"pg-1200-0\"  class=\"panel-grid panel-no-style\" ><div id=\"pgc-1200-0-0\"  class=\"panel-grid-cell\" ><div id=\"panel-1200-0-0-0\" class=\"so-panel widget widget_kadence_simple_image kadence_simple_image panel-first-child panel-last-child\" data-index=\"0\" ><div class=\"kad_img_upload_widget  kt-shape-type- kt-image-align-center kt-image-widget-widget-0-0-0\"><a href=\"https:\/\/ewa-marine.com\/wp-content\/uploads\/2015\/07\/boyle-mariotte-schema.gif\" rel=\"lightbox\"><div class=\"kt-image-contain  \"><div class=\"kt-image-inner-contain\"><img decoding=\"async\" src=\"https:\/\/ewa-marine.com\/wp-content\/uploads\/2015\/07\/boyle-mariotte-schema.gif\"><\/div><\/div><\/a><\/div><\/div><\/div><div id=\"pgc-1200-0-1\"  class=\"panel-grid-cell\" ><div id=\"panel-1200-0-1-0\" class=\"so-panel widget widget_black-studio-tinymce widget_black_studio_tinymce panel-first-child panel-last-child\" data-index=\"1\" ><div class=\"textwidget\"><h1>Flexible Geh\u00e4use<\/h1>\n<h2>Was ist das und wie funktioniert es?<\/h2>\n<p>Der gr\u00f6\u00dfte Sicherheitsvorteil eines ewa-marine Geh\u00e4uses ist die Tatsache, dass der Luftdruck im Inneren des Geh\u00e4uses genauso gro\u00df ist, wie der Wasserdruck, der von au\u00dfen auf das Geh\u00e4use wirkt. Aus diesem Grund gibt es keine \u00fcberm\u00e4\u00dfige Belastung der Schwei\u00dfn\u00e4hte und auch nicht das Risiko einer Implosion. Dadurch ist es auch m\u00f6glich, <strong>d\u00fcnneres Frontglas<\/strong> zu verwenden als vergleichbare Hartschalengeh\u00e4use, <strong>was nat\u00fcrlich der Fotoqualit\u00e4t zugute kommt<\/strong>.<\/p>\n<p>Das Verh\u00e4ltnis zwischen Volumen und Druck ist im physikalischen Gesetz von Boyle-Mariotte wie folgt beschrieben:<\/p>\n<p><strong>Druck x Volumen = konstant<\/strong><\/p>\n<p>Aufgrund dieser Gesetzm\u00e4\u00dfigkeit haben wir die Geh\u00e4use so konstruiert, dass gen\u00fcgend Luft in einem aufgeblasenen Geh\u00e4use ist, damit Sie die unsererseits getestete Tauchtiefe auch erreichen k\u00f6nnen. Die Schaumgummi-Polster und die Ventile, die bei bestimmten Geh\u00e4usen angebracht sind, stellen sicher, dass sich die erforderliche Luftmenge im Geh\u00e4use befindet, w\u00e4hrend Sie nach wie vor alle wichtigen Funktionen der Kamera kontrollieren k\u00f6nnen.<\/p>\n<p>Durch das Luftvolumen wird auch das Auftriebsverhalten des Geh\u00e4uses beeinflusst. Aus diesem Grund ist es von Vorteil, die Luftmenge im Geh\u00e4use zum Schnorcheln zu reduzieren. Bitte beachten Sie, dass das Geh\u00e4use an der Oberfl\u00e4che einen starken Auftrieb hat, der jedoch beim Abtauchen, und daher geringerem Luftvolumen im Geh\u00e4use sogar ins Gegenteil umschlagen kann und die Kamera absinken l\u00e4sst (insbesondere mit den gr\u00f6\u00dferen Kameras \/ Camcordern).<\/p>\n<p><strong>Wenn Sie die von uns getestete Tauchtiefe erreicht haben<\/strong>, ist die Luft im Geh\u00e4use vollkommen komprimiert und das flexible Geh\u00e4use legt sich an die Kamera \/ den Camcorder an. Sollten Sie den Abstieg weiter fortsetzen, so k\u00f6nnen die empfindlichen Teile der Kamera (z.B. Start \/ Stoptaste etc.) in Mitleidenschaft gezogen werden. <strong>Stoppen Sie sofort den Abstieg<\/strong> und kehren Sie auf eine sichere Tiefe zur\u00fcck und alle Funktionen an Ihrem Camcorder werden sich wieder normalisieren.<\/p>\n<p>HINWEIS:<\/p>\n<p>In kleinen Hohlr\u00e4umen an der Unterschiene sammelt sich Luft, die nach dem Eintauchen und leichtem Schr\u00e4ghalten an die Wasseroberfl\u00e4che aufsteigt. Dieser Vorgang dauert ca. 1\/2 Minute und stoppt dann. Diese Luftbl\u00e4schen sind kein Zeichen von Undichtigkeit.<\/p>\n<\/div><\/div><\/div><\/div><\/div>","protected":false},"excerpt":{"rendered":"<p>Flexible Geh\u00e4useWas ist das und wie funktioniert es?Der gr\u00f6\u00dfte Sicherheitsvorteil eines ewa-marine Geh\u00e4uses ist die Tatsache, dass der Luftdruck im Inneren des Geh\u00e4uses genauso gro\u00df ist, wie der Wasserdruck, der von au\u00dfen auf das Geh\u00e4use wirkt. Aus diesem Grund gibt es keine \u00fcberm\u00e4\u00dfige Belastung der Schwei\u00dfn\u00e4hte und auch nicht das Risiko einer Implosion. Dadurch ist es auch m\u00f6glich, d\u00fcnneres Frontglas zu verwenden als vergleichbare Hartschalengeh\u00e4use, was nat\u00fcrlich der Fotoqualit\u00e4t zugute kommt.Das Verh\u00e4ltnis zwischen Volumen und Druck ist im physikalischen Gesetz &hellip; <a href=\"https:\/\/ewa-marine.com\/de\/service\/flexible-gehaeuse-was-ist-das\/\">Weiterlesen<\/a><\/p>\n","protected":false},"author":2,"featured_media":384,"parent":997,"menu_order":0,"comment_status":"closed","ping_status":"closed","template":"","meta":{"kt_blocks_editor_width":"","footnotes":""},"class_list":["post-1200","page","type-page","status-publish","has-post-thumbnail","hentry"],"yoast_head":"<!-- This site is optimized with the Yoast SEO plugin v27.4 - https:\/\/yoast.com\/product\/yoast-seo-wordpress\/ -->\n<title>Flexible Geh\u00e4use: was ist das? - ewa-marine<\/title>\n<meta name=\"description\" content=\"Das flexible ewa-marine Geh\u00e4use hat einen gro\u00dfen Sicherheitsvorteil dank der Tatsache, dass der innere Luftdruck im Geh\u00e4use so gro\u00df wie der Wasserdruck ist.\" \/>\n<meta name=\"robots\" content=\"index, follow, max-snippet:-1, max-image-preview:large, max-video-preview:-1\" \/>\n<link rel=\"canonical\" href=\"https:\/\/ewa-marine.com\/de\/service\/flexible-gehaeuse-was-ist-das\/\" \/>\n<meta property=\"og:locale\" content=\"de_DE\" \/>\n<meta property=\"og:type\" content=\"article\" \/>\n<meta property=\"og:title\" content=\"Flexible Geh\u00e4use: was ist das? - ewa-marine\" \/>\n<meta property=\"og:description\" content=\"Das flexible ewa-marine Geh\u00e4use hat einen gro\u00dfen Sicherheitsvorteil dank der Tatsache, dass der innere Luftdruck im Geh\u00e4use so gro\u00df wie der Wasserdruck ist.\" \/>\n<meta property=\"og:url\" content=\"https:\/\/ewa-marine.com\/de\/service\/flexible-gehaeuse-was-ist-das\/\" \/>\n<meta property=\"og:site_name\" content=\"ewa-marine\" \/>\n<meta property=\"article:publisher\" content=\"https:\/\/www.facebook.com\/ewa-marine\" \/>\n<meta property=\"article:modified_time\" content=\"2015-07-16T06:57:44+00:00\" \/>\n<meta property=\"og:image\" content=\"https:\/\/ewa-marine.com\/wp-content\/uploads\/2015\/07\/read-more.png\" \/>\n\t<meta property=\"og:image:width\" content=\"200\" \/>\n\t<meta property=\"og:image:height\" content=\"200\" \/>\n\t<meta property=\"og:image:type\" content=\"image\/png\" \/>\n<meta name=\"twitter:card\" content=\"summary_large_image\" \/>\n<meta name=\"twitter:site\" content=\"@ewa_marine\" \/>\n<meta name=\"twitter:label1\" content=\"Gesch\u00e4tzte Lesezeit\" \/>\n\t<meta name=\"twitter:data1\" content=\"2\u00a0Minuten\" \/>\n<script type=\"application\/ld+json\" class=\"yoast-schema-graph\">{\"@context\":\"https:\\\/\\\/schema.org\",\"@graph\":[{\"@type\":\"WebPage\",\"@id\":\"https:\\\/\\\/ewa-marine.com\\\/de\\\/service\\\/flexible-gehaeuse-was-ist-das\\\/\",\"url\":\"https:\\\/\\\/ewa-marine.com\\\/de\\\/service\\\/flexible-gehaeuse-was-ist-das\\\/\",\"name\":\"Flexible Geh\u00e4use: was ist das? - ewa-marine\",\"isPartOf\":{\"@id\":\"https:\\\/\\\/ewa-marine.com\\\/de\\\/#website\"},\"primaryImageOfPage\":{\"@id\":\"https:\\\/\\\/ewa-marine.com\\\/de\\\/service\\\/flexible-gehaeuse-was-ist-das\\\/#primaryimage\"},\"image\":{\"@id\":\"https:\\\/\\\/ewa-marine.com\\\/de\\\/service\\\/flexible-gehaeuse-was-ist-das\\\/#primaryimage\"},\"thumbnailUrl\":\"https:\\\/\\\/ewa-marine.com\\\/wp-content\\\/uploads\\\/2015\\\/07\\\/read-more.png\",\"datePublished\":\"2015-07-15T11:03:17+00:00\",\"dateModified\":\"2015-07-16T06:57:44+00:00\",\"description\":\"Das flexible ewa-marine Geh\u00e4use hat einen gro\u00dfen Sicherheitsvorteil dank der Tatsache, dass der innere Luftdruck im Geh\u00e4use so gro\u00df wie der Wasserdruck ist.\",\"breadcrumb\":{\"@id\":\"https:\\\/\\\/ewa-marine.com\\\/de\\\/service\\\/flexible-gehaeuse-was-ist-das\\\/#breadcrumb\"},\"inLanguage\":\"de\",\"potentialAction\":[{\"@type\":\"ReadAction\",\"target\":[\"https:\\\/\\\/ewa-marine.com\\\/de\\\/service\\\/flexible-gehaeuse-was-ist-das\\\/\"]}]},{\"@type\":\"ImageObject\",\"inLanguage\":\"de\",\"@id\":\"https:\\\/\\\/ewa-marine.com\\\/de\\\/service\\\/flexible-gehaeuse-was-ist-das\\\/#primaryimage\",\"url\":\"https:\\\/\\\/ewa-marine.com\\\/wp-content\\\/uploads\\\/2015\\\/07\\\/read-more.png\",\"contentUrl\":\"https:\\\/\\\/ewa-marine.com\\\/wp-content\\\/uploads\\\/2015\\\/07\\\/read-more.png\",\"width\":200,\"height\":200,\"caption\":\"Stativ-Bodenplatte\"},{\"@type\":\"BreadcrumbList\",\"@id\":\"https:\\\/\\\/ewa-marine.com\\\/de\\\/service\\\/flexible-gehaeuse-was-ist-das\\\/#breadcrumb\",\"itemListElement\":[{\"@type\":\"ListItem\",\"position\":1,\"name\":\"Startseite\",\"item\":\"https:\\\/\\\/www.ewa-marine.de\\\/\"},{\"@type\":\"ListItem\",\"position\":2,\"name\":\"Service\",\"item\":\"https:\\\/\\\/www.ewa-marine.de\\\/service\\\/\"},{\"@type\":\"ListItem\",\"position\":3,\"name\":\"Flexible Geh\u00e4use: was ist das?\"}]},{\"@type\":\"WebSite\",\"@id\":\"https:\\\/\\\/ewa-marine.com\\\/de\\\/#website\",\"url\":\"https:\\\/\\\/ewa-marine.com\\\/de\\\/\",\"name\":\"ewa-marine\",\"description\":\"Capture the Extreme !\",\"potentialAction\":[{\"@type\":\"SearchAction\",\"target\":{\"@type\":\"EntryPoint\",\"urlTemplate\":\"https:\\\/\\\/ewa-marine.com\\\/de\\\/?s={search_term_string}\"},\"query-input\":{\"@type\":\"PropertyValueSpecification\",\"valueRequired\":true,\"valueName\":\"search_term_string\"}}],\"inLanguage\":\"de\"}]}<\/script>\n<!-- \/ Yoast SEO plugin. -->","yoast_head_json":{"title":"Flexible Geh\u00e4use: was ist das? - ewa-marine","description":"Das flexible ewa-marine Geh\u00e4use hat einen gro\u00dfen Sicherheitsvorteil dank der Tatsache, dass der innere Luftdruck im Geh\u00e4use so gro\u00df wie der Wasserdruck ist.","robots":{"index":"index","follow":"follow","max-snippet":"max-snippet:-1","max-image-preview":"max-image-preview:large","max-video-preview":"max-video-preview:-1"},"canonical":"https:\/\/ewa-marine.com\/de\/service\/flexible-gehaeuse-was-ist-das\/","og_locale":"de_DE","og_type":"article","og_title":"Flexible Geh\u00e4use: was ist das? - ewa-marine","og_description":"Das flexible ewa-marine Geh\u00e4use hat einen gro\u00dfen Sicherheitsvorteil dank der Tatsache, dass der innere Luftdruck im Geh\u00e4use so gro\u00df wie der Wasserdruck ist.","og_url":"https:\/\/ewa-marine.com\/de\/service\/flexible-gehaeuse-was-ist-das\/","og_site_name":"ewa-marine","article_publisher":"https:\/\/www.facebook.com\/ewa-marine","article_modified_time":"2015-07-16T06:57:44+00:00","og_image":[{"width":200,"height":200,"url":"https:\/\/ewa-marine.com\/wp-content\/uploads\/2015\/07\/read-more.png","type":"image\/png"}],"twitter_card":"summary_large_image","twitter_site":"@ewa_marine","twitter_misc":{"Gesch\u00e4tzte Lesezeit":"2\u00a0Minuten"},"schema":{"@context":"https:\/\/schema.org","@graph":[{"@type":"WebPage","@id":"https:\/\/ewa-marine.com\/de\/service\/flexible-gehaeuse-was-ist-das\/","url":"https:\/\/ewa-marine.com\/de\/service\/flexible-gehaeuse-was-ist-das\/","name":"Flexible Geh\u00e4use: was ist das? - ewa-marine","isPartOf":{"@id":"https:\/\/ewa-marine.com\/de\/#website"},"primaryImageOfPage":{"@id":"https:\/\/ewa-marine.com\/de\/service\/flexible-gehaeuse-was-ist-das\/#primaryimage"},"image":{"@id":"https:\/\/ewa-marine.com\/de\/service\/flexible-gehaeuse-was-ist-das\/#primaryimage"},"thumbnailUrl":"https:\/\/ewa-marine.com\/wp-content\/uploads\/2015\/07\/read-more.png","datePublished":"2015-07-15T11:03:17+00:00","dateModified":"2015-07-16T06:57:44+00:00","description":"Das flexible ewa-marine Geh\u00e4use hat einen gro\u00dfen Sicherheitsvorteil dank der Tatsache, dass der innere Luftdruck im Geh\u00e4use so gro\u00df wie der Wasserdruck ist.","breadcrumb":{"@id":"https:\/\/ewa-marine.com\/de\/service\/flexible-gehaeuse-was-ist-das\/#breadcrumb"},"inLanguage":"de","potentialAction":[{"@type":"ReadAction","target":["https:\/\/ewa-marine.com\/de\/service\/flexible-gehaeuse-was-ist-das\/"]}]},{"@type":"ImageObject","inLanguage":"de","@id":"https:\/\/ewa-marine.com\/de\/service\/flexible-gehaeuse-was-ist-das\/#primaryimage","url":"https:\/\/ewa-marine.com\/wp-content\/uploads\/2015\/07\/read-more.png","contentUrl":"https:\/\/ewa-marine.com\/wp-content\/uploads\/2015\/07\/read-more.png","width":200,"height":200,"caption":"Stativ-Bodenplatte"},{"@type":"BreadcrumbList","@id":"https:\/\/ewa-marine.com\/de\/service\/flexible-gehaeuse-was-ist-das\/#breadcrumb","itemListElement":[{"@type":"ListItem","position":1,"name":"Startseite","item":"https:\/\/www.ewa-marine.de\/"},{"@type":"ListItem","position":2,"name":"Service","item":"https:\/\/www.ewa-marine.de\/service\/"},{"@type":"ListItem","position":3,"name":"Flexible Geh\u00e4use: was ist das?"}]},{"@type":"WebSite","@id":"https:\/\/ewa-marine.com\/de\/#website","url":"https:\/\/ewa-marine.com\/de\/","name":"ewa-marine","description":"Capture the Extreme !","potentialAction":[{"@type":"SearchAction","target":{"@type":"EntryPoint","urlTemplate":"https:\/\/ewa-marine.com\/de\/?s={search_term_string}"},"query-input":{"@type":"PropertyValueSpecification","valueRequired":true,"valueName":"search_term_string"}}],"inLanguage":"de"}]}},"_links":{"self":[{"href":"https:\/\/ewa-marine.com\/de\/wp-json\/wp\/v2\/pages\/1200","targetHints":{"allow":["GET"]}}],"collection":[{"href":"https:\/\/ewa-marine.com\/de\/wp-json\/wp\/v2\/pages"}],"about":[{"href":"https:\/\/ewa-marine.com\/de\/wp-json\/wp\/v2\/types\/page"}],"author":[{"embeddable":true,"href":"https:\/\/ewa-marine.com\/de\/wp-json\/wp\/v2\/users\/2"}],"replies":[{"embeddable":true,"href":"https:\/\/ewa-marine.com\/de\/wp-json\/wp\/v2\/comments?post=1200"}],"version-history":[{"count":0,"href":"https:\/\/ewa-marine.com\/de\/wp-json\/wp\/v2\/pages\/1200\/revisions"}],"up":[{"embeddable":true,"href":"https:\/\/ewa-marine.com\/de\/wp-json\/wp\/v2\/pages\/997"}],"wp:featuredmedia":[{"embeddable":true,"href":"https:\/\/ewa-marine.com\/de\/wp-json\/wp\/v2\/media\/384"}],"wp:attachment":[{"href":"https:\/\/ewa-marine.com\/de\/wp-json\/wp\/v2\/media?parent=1200"}],"curies":[{"name":"wp","href":"https:\/\/api.w.org\/{rel}","templated":true}]}}