{"id":1208,"date":"2015-07-15T12:28:29","date_gmt":"2015-07-15T11:28:29","guid":{"rendered":"http:\/\/de.dicapac.de\/?page_id=1208"},"modified":"2015-07-16T12:26:06","modified_gmt":"2015-07-16T11:26:06","slug":"fotobleie-und-videobleie","status":"publish","type":"page","link":"https:\/\/ewa-marine.com\/de\/service\/fotobleie-und-videobleie\/","title":{"rendered":"Fotobleie und Videobleie"},"content":{"rendered":"<div id=\"pl-1208\"  class=\"panel-layout\" ><div id=\"pg-1208-0\"  class=\"panel-grid panel-no-style\" ><div id=\"pgc-1208-0-0\"  class=\"panel-grid-cell\" ><div id=\"panel-1208-0-0-0\" class=\"so-panel widget widget_kadence_simple_image kadence_simple_image panel-first-child\" data-index=\"0\" ><div class=\"kad_img_upload_widget  kt-shape-type- kt-image-align-center kt-image-widget-widget-0-0-0\"><a href=\"\/produkte\/zubehoer-2\/bv2\/\" target=\"_self\"><div class=\"kt-image-contain  \"><div class=\"kt-image-inner-contain\"><img decoding=\"async\" src=\"https:\/\/ewa-marine.com\/wp-content\/uploads\/2015\/07\/BV2_200x200.jpg\"><\/div><\/div><\/a><div class=\"kadence_image_widget_caption\">ewa-marine BV2 Videobleie\nUm mehr zu erfahren, folgen Sie dem Link<\/div><\/div><\/div><div id=\"panel-1208-0-0-1\" class=\"so-panel widget widget_kadence_simple_image kadence_simple_image panel-last-child\" data-index=\"1\" ><div class=\"kad_img_upload_widget  kt-shape-type- kt-image-align-center kt-image-widget-widget-0-0-1\"><a href=\"\/produkte\/zubehoer-2\/bf1-fotoblei\/%20\" target=\"_self\"><div class=\"kt-image-contain  \"><div class=\"kt-image-inner-contain\"><img decoding=\"async\" src=\"https:\/\/ewa-marine.com\/wp-content\/uploads\/2015\/07\/BF1_200x200.png\"><\/div><\/div><\/a><div class=\"kadence_image_widget_caption\">ewa-marine BF1 Fotoblei\nUm mehr zu erfahren, folgen Sie dem Link<\/div><\/div><\/div><\/div><div id=\"pgc-1208-0-1\"  class=\"panel-grid-cell\" ><div id=\"panel-1208-0-1-0\" class=\"so-panel widget widget_black-studio-tinymce widget_black_studio_tinymce panel-first-child panel-last-child\" data-index=\"2\" ><div class=\"textwidget\"><h1 class=\"csc-firstHeader\">Fotobleie und Videobleie<\/h1>\n<h1 class=\"csc-firstHeader\">Was das ist und welche zu Ihrem Geh\u00e4use passen<\/h1>\n<div class=\"csc-textpic csc-textpic-intext-left-nowrap csc-textpic-caption-c\">\n<div>\n<div class=\"csc-textpic-text\">\n<p class=\"bodytext\">\u00a0<\/p>\n<\/div>\n<\/div>\n<\/div>\n<div class=\"csc-textpic csc-textpic-center csc-textpic-above\">\n<div class=\"csc-textpic-text\">\n<p class=\"bodytext\">ewa-marine hat die Fotobleie und Videobleie als Erg\u00e4nzung zu den flexiblen Geh\u00e4usen im Programm. Diese zus\u00e4tzlichen Bleie dienen dazu, den nat\u00fcrlichen Auftrieb der Geh\u00e4use zu kompensieren und bei einer gewissen, vom Taucher gew\u00fcnschten Tiefe zu neutralisieren<\/p>\n<\/div>\n<\/div>\n<div class=\"csc-textpic-clear\">\u00a0<\/div>\n<div class=\"csc-textpic csc-textpic-intext-left-nowrap csc-textpic-caption-c\">\n<div>\n<div class=\"csc-textpic-text\">\n<h4>\u00a0BV2 Video-Blei:<\/h4>\n<p class=\"bodytext\">Das Videoblei in Form von kleinen Platten (7x7x1,5cm) mit \u00d6se kann entweder in die Bleitaschen in den Videogeh\u00e4usen eingelegt werden oder bei einigen Modellen auch an den daf\u00fcr vorgesehenen Bleihaltegurten eingeh\u00e4ngt werden. Bitte h\u00e4ngen Sie die Bleie jedoch erst im Wasser an das Geh\u00e4use, da der dauerhafte Zug an Land die Lebensdauer des Geh\u00e4uses reduzieren w\u00fcrde. Diese Gewichte k\u00f6nnen Sie auch an die \u00e4u\u00dferen Bleigurte des Foto-Geh\u00e4use U-AXP anh\u00e4ngen.<\/p>\n<p class=\"bodytext\">\u00a0<\/p>\n<\/div>\n<\/div>\n<\/div>\n<div class=\"csc-textpic csc-textpic-intext-left-nowrap csc-textpic-caption-c\">\n<div>\n<div class=\"csc-textpic-text\">\n<h4>BF1 Photo-Blei:<\/h4>\n<p class=\"bodytext\">Die Fotobleie haben die gleiche Form wie das Schaumstoffteil in den Geh\u00e4usen U-A, U-AX, U-AXP und U-AZ. Diese Schaumstofteile k\u00f6nnen durch das Blei ersetzt werden.<\/p>\n<p class=\"bodytext\">\u00a0<\/p>\n<\/div>\n<\/div>\n<\/div>\n<div class=\"csc-textpic-clear\" style=\"text-align: center;\"><strong>Beide Bleiarten sind mit Latex \u00fcberzogen und k\u00f6nnen daher Ihre Kamera nicht verkratzen.<\/strong><\/div>\n<p class=\"bodytext\">\u00a0<\/p>\n<p class=\"bodytext\">Bitte beachten Sie, dass sich die flexiblen Geh\u00e4use bez\u00fcglich des Wasserdrucks genauso wie der Taucher selbst verhalten. Gem\u00e4\u00df des Gesetzes von Boyle-Mariotte (Druck x Volumen = konstant) nimmt das Volumen der Luft im Geh\u00e4use (genau wie das in den Lungen, im Jacket und der Luftblasen im Neoprenanzug) mit zunehmender Tauchtiefe ab. Mit anderen Worten: Ein Geh\u00e4use, das an der Oberfl\u00e4che Auftrieb hat, ist bei einer gewissen Tauchtiefe neutral und hat danach einen gewissen Abtrieb. Dieser Punkt kann mittels der Bleie und der Luftmenge im Geh\u00e4use mit etwas \u00dcbung vor dem Tauchgang \"eingestellt\" werden.<\/p>\n<\/div><\/div><\/div><\/div><\/div>","protected":false},"excerpt":{"rendered":"<p>Fotobleie und VideobleieWas das ist und welche zu Ihrem Geh\u00e4use passen\u00a0ewa-marine hat die Fotobleie und Videobleie als Erg\u00e4nzung zu den flexiblen Geh\u00e4usen im Programm. Diese zus\u00e4tzlichen Bleie dienen dazu, den nat\u00fcrlichen Auftrieb der Geh\u00e4use zu kompensieren und bei einer gewissen, vom Taucher gew\u00fcnschten Tiefe zu neutralisieren\u00a0\u00a0BV2 Video-Blei:Das Videoblei in Form von kleinen Platten (7x7x1,5cm) mit \u00d6se kann entweder in die Bleitaschen in den Videogeh\u00e4usen eingelegt werden oder bei einigen Modellen auch an den daf\u00fcr vorgesehenen Bleihaltegurten eingeh\u00e4ngt werden. Bitte h\u00e4ngen &hellip; <a href=\"https:\/\/ewa-marine.com\/de\/service\/fotobleie-und-videobleie\/\">Weiterlesen<\/a><\/p>\n","protected":false},"author":2,"featured_media":624,"parent":997,"menu_order":2,"comment_status":"closed","ping_status":"closed","template":"","meta":{"kt_blocks_editor_width":"","footnotes":""},"class_list":["post-1208","page","type-page","status-publish","has-post-thumbnail","hentry"],"yoast_head":"<!-- This site is optimized with the Yoast SEO plugin v27.4 - https:\/\/yoast.com\/product\/yoast-seo-wordpress\/ -->\n<title>Fotobleie und Videobleie - ewa-marine<\/title>\n<meta name=\"description\" content=\"ewa-marine hat die Fotobleie und Videobleie als Erg\u00e4nzung zu den flexiblen Geh\u00e4usen im Programm, um ihren nat\u00fcrlichen Auftrieb im Wasser zu kompensieren.\" \/>\n<meta name=\"robots\" content=\"index, follow, max-snippet:-1, max-image-preview:large, max-video-preview:-1\" \/>\n<link rel=\"canonical\" href=\"https:\/\/ewa-marine.com\/de\/service\/fotobleie-und-videobleie\/\" \/>\n<meta property=\"og:locale\" content=\"de_DE\" \/>\n<meta property=\"og:type\" content=\"article\" \/>\n<meta property=\"og:title\" content=\"Fotobleie und Videobleie - ewa-marine\" \/>\n<meta property=\"og:description\" content=\"ewa-marine hat die Fotobleie und Videobleie als Erg\u00e4nzung zu den flexiblen Geh\u00e4usen im Programm, um ihren nat\u00fcrlichen Auftrieb im Wasser zu kompensieren.\" \/>\n<meta property=\"og:url\" content=\"https:\/\/ewa-marine.com\/de\/service\/fotobleie-und-videobleie\/\" \/>\n<meta property=\"og:site_name\" content=\"ewa-marine\" \/>\n<meta property=\"article:publisher\" content=\"https:\/\/www.facebook.com\/ewa-marine\" \/>\n<meta property=\"article:modified_time\" content=\"2015-07-16T11:26:06+00:00\" \/>\n<meta property=\"og:image\" content=\"http:\/\/www.ewa-marine.de\/wp-content\/uploads\/2015\/07\/BV2_200x200.jpg\" \/>\n<meta name=\"twitter:card\" content=\"summary_large_image\" \/>\n<meta name=\"twitter:site\" content=\"@ewa_marine\" \/>\n<meta name=\"twitter:label1\" content=\"Gesch\u00e4tzte Lesezeit\" \/>\n\t<meta name=\"twitter:data1\" content=\"2\u00a0Minuten\" \/>\n<script type=\"application\/ld+json\" class=\"yoast-schema-graph\">{\"@context\":\"https:\\\/\\\/schema.org\",\"@graph\":[{\"@type\":\"WebPage\",\"@id\":\"https:\\\/\\\/ewa-marine.com\\\/de\\\/service\\\/fotobleie-und-videobleie\\\/\",\"url\":\"https:\\\/\\\/ewa-marine.com\\\/de\\\/service\\\/fotobleie-und-videobleie\\\/\",\"name\":\"Fotobleie und Videobleie - ewa-marine\",\"isPartOf\":{\"@id\":\"https:\\\/\\\/ewa-marine.com\\\/de\\\/#website\"},\"primaryImageOfPage\":{\"@id\":\"https:\\\/\\\/ewa-marine.com\\\/de\\\/service\\\/fotobleie-und-videobleie\\\/#primaryimage\"},\"image\":{\"@id\":\"https:\\\/\\\/ewa-marine.com\\\/de\\\/service\\\/fotobleie-und-videobleie\\\/#primaryimage\"},\"thumbnailUrl\":\"https:\\\/\\\/ewa-marine.com\\\/wp-content\\\/uploads\\\/2015\\\/07\\\/BF1_200x200.png\",\"datePublished\":\"2015-07-15T11:28:29+00:00\",\"dateModified\":\"2015-07-16T11:26:06+00:00\",\"description\":\"ewa-marine hat die Fotobleie und Videobleie als Erg\u00e4nzung zu den flexiblen Geh\u00e4usen im Programm, um ihren nat\u00fcrlichen Auftrieb im Wasser zu kompensieren.\",\"breadcrumb\":{\"@id\":\"https:\\\/\\\/ewa-marine.com\\\/de\\\/service\\\/fotobleie-und-videobleie\\\/#breadcrumb\"},\"inLanguage\":\"de\",\"potentialAction\":[{\"@type\":\"ReadAction\",\"target\":[\"https:\\\/\\\/ewa-marine.com\\\/de\\\/service\\\/fotobleie-und-videobleie\\\/\"]}]},{\"@type\":\"ImageObject\",\"inLanguage\":\"de\",\"@id\":\"https:\\\/\\\/ewa-marine.com\\\/de\\\/service\\\/fotobleie-und-videobleie\\\/#primaryimage\",\"url\":\"https:\\\/\\\/ewa-marine.com\\\/wp-content\\\/uploads\\\/2015\\\/07\\\/BF1_200x200.png\",\"contentUrl\":\"https:\\\/\\\/ewa-marine.com\\\/wp-content\\\/uploads\\\/2015\\\/07\\\/BF1_200x200.png\",\"width\":200,\"height\":200,\"caption\":\"BF1 weight\"},{\"@type\":\"BreadcrumbList\",\"@id\":\"https:\\\/\\\/ewa-marine.com\\\/de\\\/service\\\/fotobleie-und-videobleie\\\/#breadcrumb\",\"itemListElement\":[{\"@type\":\"ListItem\",\"position\":1,\"name\":\"Startseite\",\"item\":\"https:\\\/\\\/www.ewa-marine.de\\\/\"},{\"@type\":\"ListItem\",\"position\":2,\"name\":\"Service\",\"item\":\"https:\\\/\\\/www.ewa-marine.de\\\/service\\\/\"},{\"@type\":\"ListItem\",\"position\":3,\"name\":\"Fotobleie und Videobleie\"}]},{\"@type\":\"WebSite\",\"@id\":\"https:\\\/\\\/ewa-marine.com\\\/de\\\/#website\",\"url\":\"https:\\\/\\\/ewa-marine.com\\\/de\\\/\",\"name\":\"ewa-marine\",\"description\":\"Capture the Extreme !\",\"potentialAction\":[{\"@type\":\"SearchAction\",\"target\":{\"@type\":\"EntryPoint\",\"urlTemplate\":\"https:\\\/\\\/ewa-marine.com\\\/de\\\/?s={search_term_string}\"},\"query-input\":{\"@type\":\"PropertyValueSpecification\",\"valueRequired\":true,\"valueName\":\"search_term_string\"}}],\"inLanguage\":\"de\"}]}<\/script>\n<!-- \/ Yoast SEO plugin. -->","yoast_head_json":{"title":"Fotobleie und Videobleie - ewa-marine","description":"ewa-marine hat die Fotobleie und Videobleie als Erg\u00e4nzung zu den flexiblen Geh\u00e4usen im Programm, um ihren nat\u00fcrlichen Auftrieb im Wasser zu kompensieren.","robots":{"index":"index","follow":"follow","max-snippet":"max-snippet:-1","max-image-preview":"max-image-preview:large","max-video-preview":"max-video-preview:-1"},"canonical":"https:\/\/ewa-marine.com\/de\/service\/fotobleie-und-videobleie\/","og_locale":"de_DE","og_type":"article","og_title":"Fotobleie und Videobleie - ewa-marine","og_description":"ewa-marine hat die Fotobleie und Videobleie als Erg\u00e4nzung zu den flexiblen Geh\u00e4usen im Programm, um ihren nat\u00fcrlichen Auftrieb im Wasser zu kompensieren.","og_url":"https:\/\/ewa-marine.com\/de\/service\/fotobleie-und-videobleie\/","og_site_name":"ewa-marine","article_publisher":"https:\/\/www.facebook.com\/ewa-marine","article_modified_time":"2015-07-16T11:26:06+00:00","og_image":[{"url":"http:\/\/www.ewa-marine.de\/wp-content\/uploads\/2015\/07\/BV2_200x200.jpg","type":"","width":"","height":""}],"twitter_card":"summary_large_image","twitter_site":"@ewa_marine","twitter_misc":{"Gesch\u00e4tzte Lesezeit":"2\u00a0Minuten"},"schema":{"@context":"https:\/\/schema.org","@graph":[{"@type":"WebPage","@id":"https:\/\/ewa-marine.com\/de\/service\/fotobleie-und-videobleie\/","url":"https:\/\/ewa-marine.com\/de\/service\/fotobleie-und-videobleie\/","name":"Fotobleie und Videobleie - ewa-marine","isPartOf":{"@id":"https:\/\/ewa-marine.com\/de\/#website"},"primaryImageOfPage":{"@id":"https:\/\/ewa-marine.com\/de\/service\/fotobleie-und-videobleie\/#primaryimage"},"image":{"@id":"https:\/\/ewa-marine.com\/de\/service\/fotobleie-und-videobleie\/#primaryimage"},"thumbnailUrl":"https:\/\/ewa-marine.com\/wp-content\/uploads\/2015\/07\/BF1_200x200.png","datePublished":"2015-07-15T11:28:29+00:00","dateModified":"2015-07-16T11:26:06+00:00","description":"ewa-marine hat die Fotobleie und Videobleie als Erg\u00e4nzung zu den flexiblen Geh\u00e4usen im Programm, um ihren nat\u00fcrlichen Auftrieb im Wasser zu kompensieren.","breadcrumb":{"@id":"https:\/\/ewa-marine.com\/de\/service\/fotobleie-und-videobleie\/#breadcrumb"},"inLanguage":"de","potentialAction":[{"@type":"ReadAction","target":["https:\/\/ewa-marine.com\/de\/service\/fotobleie-und-videobleie\/"]}]},{"@type":"ImageObject","inLanguage":"de","@id":"https:\/\/ewa-marine.com\/de\/service\/fotobleie-und-videobleie\/#primaryimage","url":"https:\/\/ewa-marine.com\/wp-content\/uploads\/2015\/07\/BF1_200x200.png","contentUrl":"https:\/\/ewa-marine.com\/wp-content\/uploads\/2015\/07\/BF1_200x200.png","width":200,"height":200,"caption":"BF1 weight"},{"@type":"BreadcrumbList","@id":"https:\/\/ewa-marine.com\/de\/service\/fotobleie-und-videobleie\/#breadcrumb","itemListElement":[{"@type":"ListItem","position":1,"name":"Startseite","item":"https:\/\/www.ewa-marine.de\/"},{"@type":"ListItem","position":2,"name":"Service","item":"https:\/\/www.ewa-marine.de\/service\/"},{"@type":"ListItem","position":3,"name":"Fotobleie und Videobleie"}]},{"@type":"WebSite","@id":"https:\/\/ewa-marine.com\/de\/#website","url":"https:\/\/ewa-marine.com\/de\/","name":"ewa-marine","description":"Capture the Extreme !","potentialAction":[{"@type":"SearchAction","target":{"@type":"EntryPoint","urlTemplate":"https:\/\/ewa-marine.com\/de\/?s={search_term_string}"},"query-input":{"@type":"PropertyValueSpecification","valueRequired":true,"valueName":"search_term_string"}}],"inLanguage":"de"}]}},"_links":{"self":[{"href":"https:\/\/ewa-marine.com\/de\/wp-json\/wp\/v2\/pages\/1208","targetHints":{"allow":["GET"]}}],"collection":[{"href":"https:\/\/ewa-marine.com\/de\/wp-json\/wp\/v2\/pages"}],"about":[{"href":"https:\/\/ewa-marine.com\/de\/wp-json\/wp\/v2\/types\/page"}],"author":[{"embeddable":true,"href":"https:\/\/ewa-marine.com\/de\/wp-json\/wp\/v2\/users\/2"}],"replies":[{"embeddable":true,"href":"https:\/\/ewa-marine.com\/de\/wp-json\/wp\/v2\/comments?post=1208"}],"version-history":[{"count":0,"href":"https:\/\/ewa-marine.com\/de\/wp-json\/wp\/v2\/pages\/1208\/revisions"}],"up":[{"embeddable":true,"href":"https:\/\/ewa-marine.com\/de\/wp-json\/wp\/v2\/pages\/997"}],"wp:featuredmedia":[{"embeddable":true,"href":"https:\/\/ewa-marine.com\/de\/wp-json\/wp\/v2\/media\/624"}],"wp:attachment":[{"href":"https:\/\/ewa-marine.com\/de\/wp-json\/wp\/v2\/media?parent=1208"}],"curies":[{"name":"wp","href":"https:\/\/api.w.org\/{rel}","templated":true}]}}