{"id":1213,"date":"2015-07-15T12:39:08","date_gmt":"2015-07-15T11:39:08","guid":{"rendered":"http:\/\/de.dicapac.de\/?page_id=1213"},"modified":"2015-07-16T12:29:43","modified_gmt":"2015-07-16T11:29:43","slug":"maximale-tauchtiefe","status":"publish","type":"page","link":"https:\/\/ewa-marine.com\/de\/service\/maximale-tauchtiefe\/","title":{"rendered":"Tauchtiefe, die nicht \u00fcberschritten werden sollte"},"content":{"rendered":"<div id=\"pl-1213\"  class=\"panel-layout\" ><div id=\"pg-1213-0\"  class=\"panel-grid panel-no-style\" ><div id=\"pgc-1213-0-0\"  class=\"panel-grid-cell\" ><div id=\"panel-1213-0-0-0\" class=\"so-panel widget widget_kadence_simple_image kadence_simple_image panel-first-child panel-last-child\" data-index=\"0\" ><div class=\"kad_img_upload_widget  kt-shape-type- kt-image-align-center kt-image-widget-widget-0-0-0\"><a href=\"https:\/\/ewa-marine.com\/wp-content\/uploads\/2015\/07\/diver-2.jpg\" rel=\"lightbox\"><div class=\"kt-image-contain  \"><div class=\"kt-image-inner-contain\"><img decoding=\"async\" src=\"https:\/\/ewa-marine.com\/wp-content\/uploads\/2015\/07\/diver-2.jpg\"><\/div><\/div><\/a><\/div><\/div><\/div><div id=\"pgc-1213-0-1\"  class=\"panel-grid-cell\" ><div id=\"panel-1213-0-1-0\" class=\"so-panel widget widget_black-studio-tinymce widget_black_studio_tinymce panel-first-child panel-last-child\" data-index=\"1\" ><div class=\"textwidget\"><h1>Maximale Tauchtiefe<\/h1>\n<h2>Wie tief kann ich mit den Schutz-Geh\u00e4usen tauchen ?<\/h2>\n<p>Prinzipiell gilt f\u00fcr jedes Geh\u00e4use die folgende maximale Tauchtiefe:<\/p>\n<p><strong>Video-Geh\u00e4use<\/strong>:\u00a0\u00a0\u00a0\u00a0\u00a0\u00a0\u00a0\u00a0\u00a0\u00a0\u00a0\u00a0\u00a0\u00a0\u00a0\u00a0\u00a0\u00a0 max. 10m<\/p>\n<p><strong>Kompakt-Geh\u00e4use<\/strong>:\u00a0\u00a0\u00a0\u00a0\u00a0\u00a0\u00a0\u00a0\u00a0\u00a0\u00a0\u00a0\u00a0 max. 10m<\/p>\n<p><strong>manualle SLR Geh\u00e4use<\/strong>:\u00a0\u00a0\u00a0\u00a0\u00a0 max. 10m<\/p>\n<p><strong>digitale \/ AF SLR Geh\u00e4use<\/strong>:\u00a0 max. 20 bis 50m*<\/p>\n<p><strong>ewa-sports DUS Taschen<\/strong>:\u00a0\u00a0\u00a0 max. 100m<\/p>\n<p>(* je nach Modell siehe Datenbl\u00e4tter)<\/p>\n<p><strong>Die angegebenen Tiefen sind maximal-Angaben, die nicht \u00fcberschritten werden sollten.<\/strong><\/p>\n<p>Das Schutz-Geh\u00e4use wird nicht automatisch in gr\u00f6\u00dferen Tiefen undicht, sondern die Handhabung und Bedienung der Ger\u00e4te wird stark beeintr\u00e4chtigt. Durch den zunehmenden Wasserdruck legt sich das flexible Schutz-Geh\u00e4use wie eine zweite Haut um die Kamera. Durch das Anliegen der Folie kann der Ausl\u00f6ser selbst\u00e4ndig bet\u00e4tigt und\/oder nicht mehr gedr\u00fcckt werden (z.B. bei Serienbild-Schaltung rauscht der Film komplett durch). Wenn Sie dann einfach wieder etwas h\u00f6her tauchen, nimmt der Wasserdruck ab und der Ausl\u00f6ser kann wieder bedient werden.<\/p>\n<\/div><\/div><\/div><\/div><\/div>","protected":false},"excerpt":{"rendered":"<p>Maximale TauchtiefeWie tief kann ich mit den Schutz-Geh\u00e4usen tauchen ?Prinzipiell gilt f\u00fcr jedes Geh\u00e4use die folgende maximale Tauchtiefe:Video-Geh\u00e4use:\u00a0\u00a0\u00a0\u00a0\u00a0\u00a0\u00a0\u00a0\u00a0\u00a0\u00a0\u00a0\u00a0\u00a0\u00a0\u00a0\u00a0\u00a0 max. 10mKompakt-Geh\u00e4use:\u00a0\u00a0\u00a0\u00a0\u00a0\u00a0\u00a0\u00a0\u00a0\u00a0\u00a0\u00a0\u00a0 max. 10mmanualle SLR Geh\u00e4use:\u00a0\u00a0\u00a0\u00a0\u00a0 max. 10mdigitale \/ AF SLR Geh\u00e4use:\u00a0 max. 20 bis 50m*ewa-sports DUS Taschen:\u00a0\u00a0\u00a0 max. 100m(* je nach Modell siehe Datenbl\u00e4tter)Die angegebenen Tiefen sind maximal-Angaben, die nicht \u00fcberschritten werden sollten.Das Schutz-Geh\u00e4use wird nicht automatisch in gr\u00f6\u00dferen Tiefen undicht, sondern die Handhabung und Bedienung der Ger\u00e4te wird stark beeintr\u00e4chtigt. Durch den zunehmenden Wasserdruck legt sich das flexible Schutz-Geh\u00e4use wie &hellip; <a href=\"https:\/\/ewa-marine.com\/de\/service\/maximale-tauchtiefe\/\">Weiterlesen<\/a><\/p>\n","protected":false},"author":2,"featured_media":1067,"parent":997,"menu_order":3,"comment_status":"closed","ping_status":"closed","template":"","meta":{"kt_blocks_editor_width":"","footnotes":""},"class_list":["post-1213","page","type-page","status-publish","has-post-thumbnail","hentry"],"yoast_head":"<!-- This site is optimized with the Yoast SEO plugin v27.4 - https:\/\/yoast.com\/product\/yoast-seo-wordpress\/ -->\n<title>Tauchtiefe, die nicht \u00fcberschritten werden sollte - ewa-marine<\/title>\n<meta name=\"description\" content=\"Das Schutz-Geh\u00e4use wird nicht automatisch unter der maximalen Tauchtiefe undicht, sondern die Handhabung und Bedienung der Ger\u00e4te wird stark beeintr\u00e4chtigt.\" \/>\n<meta name=\"robots\" content=\"index, follow, max-snippet:-1, max-image-preview:large, max-video-preview:-1\" \/>\n<link rel=\"canonical\" href=\"https:\/\/ewa-marine.com\/de\/service\/maximale-tauchtiefe\/\" \/>\n<meta property=\"og:locale\" content=\"de_DE\" \/>\n<meta property=\"og:type\" content=\"article\" \/>\n<meta property=\"og:title\" content=\"Tauchtiefe, die nicht \u00fcberschritten werden sollte - ewa-marine\" \/>\n<meta property=\"og:description\" content=\"Das Schutz-Geh\u00e4use wird nicht automatisch unter der maximalen Tauchtiefe undicht, sondern die Handhabung und Bedienung der Ger\u00e4te wird stark beeintr\u00e4chtigt.\" \/>\n<meta property=\"og:url\" content=\"https:\/\/ewa-marine.com\/de\/service\/maximale-tauchtiefe\/\" \/>\n<meta property=\"og:site_name\" content=\"ewa-marine\" \/>\n<meta property=\"article:publisher\" content=\"https:\/\/www.facebook.com\/ewa-marine\" \/>\n<meta property=\"article:modified_time\" content=\"2015-07-16T11:29:43+00:00\" \/>\n<meta property=\"og:image\" content=\"https:\/\/ewa-marine.com\/wp-content\/uploads\/2015\/07\/diver-2.jpg\" \/>\n\t<meta property=\"og:image:width\" content=\"200\" \/>\n\t<meta property=\"og:image:height\" content=\"215\" \/>\n\t<meta property=\"og:image:type\" content=\"image\/jpeg\" \/>\n<meta name=\"twitter:card\" content=\"summary_large_image\" \/>\n<meta name=\"twitter:site\" content=\"@ewa_marine\" \/>\n<meta name=\"twitter:label1\" content=\"Gesch\u00e4tzte Lesezeit\" \/>\n\t<meta name=\"twitter:data1\" content=\"1\u00a0Minute\" \/>\n<script type=\"application\/ld+json\" class=\"yoast-schema-graph\">{\"@context\":\"https:\\\/\\\/schema.org\",\"@graph\":[{\"@type\":\"WebPage\",\"@id\":\"https:\\\/\\\/ewa-marine.com\\\/de\\\/service\\\/maximale-tauchtiefe\\\/\",\"url\":\"https:\\\/\\\/ewa-marine.com\\\/de\\\/service\\\/maximale-tauchtiefe\\\/\",\"name\":\"Tauchtiefe, die nicht \u00fcberschritten werden sollte - ewa-marine\",\"isPartOf\":{\"@id\":\"https:\\\/\\\/ewa-marine.com\\\/de\\\/#website\"},\"primaryImageOfPage\":{\"@id\":\"https:\\\/\\\/ewa-marine.com\\\/de\\\/service\\\/maximale-tauchtiefe\\\/#primaryimage\"},\"image\":{\"@id\":\"https:\\\/\\\/ewa-marine.com\\\/de\\\/service\\\/maximale-tauchtiefe\\\/#primaryimage\"},\"thumbnailUrl\":\"https:\\\/\\\/ewa-marine.com\\\/wp-content\\\/uploads\\\/2015\\\/07\\\/diver-2.jpg\",\"datePublished\":\"2015-07-15T11:39:08+00:00\",\"dateModified\":\"2015-07-16T11:29:43+00:00\",\"description\":\"Das Schutz-Geh\u00e4use wird nicht automatisch unter der maximalen Tauchtiefe undicht, sondern die Handhabung und Bedienung der Ger\u00e4te wird stark beeintr\u00e4chtigt.\",\"breadcrumb\":{\"@id\":\"https:\\\/\\\/ewa-marine.com\\\/de\\\/service\\\/maximale-tauchtiefe\\\/#breadcrumb\"},\"inLanguage\":\"de\",\"potentialAction\":[{\"@type\":\"ReadAction\",\"target\":[\"https:\\\/\\\/ewa-marine.com\\\/de\\\/service\\\/maximale-tauchtiefe\\\/\"]}]},{\"@type\":\"ImageObject\",\"inLanguage\":\"de\",\"@id\":\"https:\\\/\\\/ewa-marine.com\\\/de\\\/service\\\/maximale-tauchtiefe\\\/#primaryimage\",\"url\":\"https:\\\/\\\/ewa-marine.com\\\/wp-content\\\/uploads\\\/2015\\\/07\\\/diver-2.jpg\",\"contentUrl\":\"https:\\\/\\\/ewa-marine.com\\\/wp-content\\\/uploads\\\/2015\\\/07\\\/diver-2.jpg\",\"width\":200,\"height\":215},{\"@type\":\"BreadcrumbList\",\"@id\":\"https:\\\/\\\/ewa-marine.com\\\/de\\\/service\\\/maximale-tauchtiefe\\\/#breadcrumb\",\"itemListElement\":[{\"@type\":\"ListItem\",\"position\":1,\"name\":\"Startseite\",\"item\":\"https:\\\/\\\/www.ewa-marine.de\\\/\"},{\"@type\":\"ListItem\",\"position\":2,\"name\":\"Service\",\"item\":\"https:\\\/\\\/www.ewa-marine.de\\\/service\\\/\"},{\"@type\":\"ListItem\",\"position\":3,\"name\":\"Tauchtiefe, die nicht \u00fcberschritten werden sollte\"}]},{\"@type\":\"WebSite\",\"@id\":\"https:\\\/\\\/ewa-marine.com\\\/de\\\/#website\",\"url\":\"https:\\\/\\\/ewa-marine.com\\\/de\\\/\",\"name\":\"ewa-marine\",\"description\":\"Capture the Extreme !\",\"potentialAction\":[{\"@type\":\"SearchAction\",\"target\":{\"@type\":\"EntryPoint\",\"urlTemplate\":\"https:\\\/\\\/ewa-marine.com\\\/de\\\/?s={search_term_string}\"},\"query-input\":{\"@type\":\"PropertyValueSpecification\",\"valueRequired\":true,\"valueName\":\"search_term_string\"}}],\"inLanguage\":\"de\"}]}<\/script>\n<!-- \/ Yoast SEO plugin. -->","yoast_head_json":{"title":"Tauchtiefe, die nicht \u00fcberschritten werden sollte - ewa-marine","description":"Das Schutz-Geh\u00e4use wird nicht automatisch unter der maximalen Tauchtiefe undicht, sondern die Handhabung und Bedienung der Ger\u00e4te wird stark beeintr\u00e4chtigt.","robots":{"index":"index","follow":"follow","max-snippet":"max-snippet:-1","max-image-preview":"max-image-preview:large","max-video-preview":"max-video-preview:-1"},"canonical":"https:\/\/ewa-marine.com\/de\/service\/maximale-tauchtiefe\/","og_locale":"de_DE","og_type":"article","og_title":"Tauchtiefe, die nicht \u00fcberschritten werden sollte - ewa-marine","og_description":"Das Schutz-Geh\u00e4use wird nicht automatisch unter der maximalen Tauchtiefe undicht, sondern die Handhabung und Bedienung der Ger\u00e4te wird stark beeintr\u00e4chtigt.","og_url":"https:\/\/ewa-marine.com\/de\/service\/maximale-tauchtiefe\/","og_site_name":"ewa-marine","article_publisher":"https:\/\/www.facebook.com\/ewa-marine","article_modified_time":"2015-07-16T11:29:43+00:00","og_image":[{"width":200,"height":215,"url":"https:\/\/ewa-marine.com\/wp-content\/uploads\/2015\/07\/diver-2.jpg","type":"image\/jpeg"}],"twitter_card":"summary_large_image","twitter_site":"@ewa_marine","twitter_misc":{"Gesch\u00e4tzte Lesezeit":"1\u00a0Minute"},"schema":{"@context":"https:\/\/schema.org","@graph":[{"@type":"WebPage","@id":"https:\/\/ewa-marine.com\/de\/service\/maximale-tauchtiefe\/","url":"https:\/\/ewa-marine.com\/de\/service\/maximale-tauchtiefe\/","name":"Tauchtiefe, die nicht \u00fcberschritten werden sollte - ewa-marine","isPartOf":{"@id":"https:\/\/ewa-marine.com\/de\/#website"},"primaryImageOfPage":{"@id":"https:\/\/ewa-marine.com\/de\/service\/maximale-tauchtiefe\/#primaryimage"},"image":{"@id":"https:\/\/ewa-marine.com\/de\/service\/maximale-tauchtiefe\/#primaryimage"},"thumbnailUrl":"https:\/\/ewa-marine.com\/wp-content\/uploads\/2015\/07\/diver-2.jpg","datePublished":"2015-07-15T11:39:08+00:00","dateModified":"2015-07-16T11:29:43+00:00","description":"Das Schutz-Geh\u00e4use wird nicht automatisch unter der maximalen Tauchtiefe undicht, sondern die Handhabung und Bedienung der Ger\u00e4te wird stark beeintr\u00e4chtigt.","breadcrumb":{"@id":"https:\/\/ewa-marine.com\/de\/service\/maximale-tauchtiefe\/#breadcrumb"},"inLanguage":"de","potentialAction":[{"@type":"ReadAction","target":["https:\/\/ewa-marine.com\/de\/service\/maximale-tauchtiefe\/"]}]},{"@type":"ImageObject","inLanguage":"de","@id":"https:\/\/ewa-marine.com\/de\/service\/maximale-tauchtiefe\/#primaryimage","url":"https:\/\/ewa-marine.com\/wp-content\/uploads\/2015\/07\/diver-2.jpg","contentUrl":"https:\/\/ewa-marine.com\/wp-content\/uploads\/2015\/07\/diver-2.jpg","width":200,"height":215},{"@type":"BreadcrumbList","@id":"https:\/\/ewa-marine.com\/de\/service\/maximale-tauchtiefe\/#breadcrumb","itemListElement":[{"@type":"ListItem","position":1,"name":"Startseite","item":"https:\/\/www.ewa-marine.de\/"},{"@type":"ListItem","position":2,"name":"Service","item":"https:\/\/www.ewa-marine.de\/service\/"},{"@type":"ListItem","position":3,"name":"Tauchtiefe, die nicht \u00fcberschritten werden sollte"}]},{"@type":"WebSite","@id":"https:\/\/ewa-marine.com\/de\/#website","url":"https:\/\/ewa-marine.com\/de\/","name":"ewa-marine","description":"Capture the Extreme !","potentialAction":[{"@type":"SearchAction","target":{"@type":"EntryPoint","urlTemplate":"https:\/\/ewa-marine.com\/de\/?s={search_term_string}"},"query-input":{"@type":"PropertyValueSpecification","valueRequired":true,"valueName":"search_term_string"}}],"inLanguage":"de"}]}},"_links":{"self":[{"href":"https:\/\/ewa-marine.com\/de\/wp-json\/wp\/v2\/pages\/1213","targetHints":{"allow":["GET"]}}],"collection":[{"href":"https:\/\/ewa-marine.com\/de\/wp-json\/wp\/v2\/pages"}],"about":[{"href":"https:\/\/ewa-marine.com\/de\/wp-json\/wp\/v2\/types\/page"}],"author":[{"embeddable":true,"href":"https:\/\/ewa-marine.com\/de\/wp-json\/wp\/v2\/users\/2"}],"replies":[{"embeddable":true,"href":"https:\/\/ewa-marine.com\/de\/wp-json\/wp\/v2\/comments?post=1213"}],"version-history":[{"count":0,"href":"https:\/\/ewa-marine.com\/de\/wp-json\/wp\/v2\/pages\/1213\/revisions"}],"up":[{"embeddable":true,"href":"https:\/\/ewa-marine.com\/de\/wp-json\/wp\/v2\/pages\/997"}],"wp:featuredmedia":[{"embeddable":true,"href":"https:\/\/ewa-marine.com\/de\/wp-json\/wp\/v2\/media\/1067"}],"wp:attachment":[{"href":"https:\/\/ewa-marine.com\/de\/wp-json\/wp\/v2\/media?parent=1213"}],"curies":[{"name":"wp","href":"https:\/\/api.w.org\/{rel}","templated":true}]}}