{"id":1219,"date":"2015-07-15T12:52:29","date_gmt":"2015-07-15T11:52:29","guid":{"rendered":"http:\/\/de.dicapac.de\/?page_id=1219"},"modified":"2015-07-16T12:32:42","modified_gmt":"2015-07-16T11:32:42","slug":"bedienung-der-geschuetzten-geraete","status":"publish","type":"page","link":"https:\/\/ewa-marine.com\/de\/service\/bedienung-der-geschuetzten-geraete\/","title":{"rendered":"Bedienung der gesch\u00fctzten Ger\u00e4te"},"content":{"rendered":"<div id=\"pl-1219\"  class=\"panel-layout\" ><div id=\"pg-1219-0\"  class=\"panel-grid panel-no-style\" ><div id=\"pgc-1219-0-0\"  class=\"panel-grid-cell\" ><div id=\"panel-1219-0-0-0\" class=\"so-panel widget widget_kadence_simple_image kadence_simple_image panel-first-child panel-last-child\" data-index=\"0\" ><div class=\"kad_img_upload_widget  kt-shape-type- kt-image-align-center kt-image-widget-widget-0-0-0\"><a href=\"https:\/\/ewa-marine.com\/wp-content\/uploads\/2015\/07\/canoe.jpg\" rel=\"lightbox\"><div class=\"kt-image-contain  \"><div class=\"kt-image-inner-contain\"><img decoding=\"async\" src=\"https:\/\/ewa-marine.com\/wp-content\/uploads\/2015\/07\/canoe.jpg\"><\/div><\/div><\/a><\/div><\/div><\/div><div id=\"pgc-1219-0-1\"  class=\"panel-grid-cell\" ><div id=\"panel-1219-0-1-0\" class=\"so-panel widget widget_black-studio-tinymce widget_black_studio_tinymce panel-first-child panel-last-child\" data-index=\"1\" ><div class=\"textwidget\"><h1>Bedienung der im flexiblen Geh\u00e4use gesch\u00fctzten Ger\u00e4te<\/h1>\n<h2>Wie geht das?<\/h2>\n<p>Die <strong>Zoom-Tasten und Ausl\u00f6ser<\/strong> k\u00f6nnen <strong>bei allen Geh\u00e4usen von au\u00dfen <\/strong>erreicht und<strong> bedient werden<\/strong>. In einzelnen F\u00e4llen haben wir an entsprechender Position einen \"Fingerling\" eingebaut, der die Bedienung vereinfacht. Die restlichen Bedienelemente sollten entweder aus oder auf Automatic geschaltet werden.<\/p>\n<p>Auch f\u00fcr die kleinen Mobil-Telefone und VHF-Radios haben wir Schutz-Geh\u00e4use in zwei unterschiedlichen Gr\u00f6\u00dfen im Programm. Trotz der Schutz-H\u00fclle ist einwandfreier Sprechbetrieb mit nur ca. 5% Qualit\u00e4tseinbu\u00dfe gew\u00e4hrt.<\/p>\n<\/div><\/div><\/div><\/div><\/div>","protected":false},"excerpt":{"rendered":"<p>Bedienung der im flexiblen Geh\u00e4use gesch\u00fctzten Ger\u00e4teWie geht das?Die Zoom-Tasten und Ausl\u00f6ser k\u00f6nnen bei allen Geh\u00e4usen von au\u00dfen erreicht und bedient werden. In einzelnen F\u00e4llen haben wir an entsprechender Position einen &#8222;Fingerling&#8220; eingebaut, der die Bedienung vereinfacht. Die restlichen Bedienelemente sollten entweder aus oder auf Automatic geschaltet werden.Auch f\u00fcr die kleinen Mobil-Telefone und VHF-Radios haben wir Schutz-Geh\u00e4use in zwei unterschiedlichen Gr\u00f6\u00dfen im Programm. Trotz der Schutz-H\u00fclle ist einwandfreier Sprechbetrieb mit nur ca. 5% Qualit\u00e4tseinbu\u00dfe gew\u00e4hrt.<\/p>\n","protected":false},"author":2,"featured_media":1089,"parent":997,"menu_order":4,"comment_status":"closed","ping_status":"closed","template":"","meta":{"kt_blocks_editor_width":"","footnotes":""},"class_list":["post-1219","page","type-page","status-publish","has-post-thumbnail","hentry"],"yoast_head":"<!-- This site is optimized with the Yoast SEO plugin v27.4 - https:\/\/yoast.com\/product\/yoast-seo-wordpress\/ -->\n<title>Bedienung der gesch\u00fctzten Ger\u00e4te - ewa-marine<\/title>\n<meta name=\"description\" content=\"Die Zoom-Tasten und Ausl\u00f6ser k\u00f6nnen bei allen Geh\u00e4usen von au\u00dfen bedient werden. Der in einzelnen F\u00e4llen eingebaute &quot;Fingerling&quot; vereinfacht die Bedienung.\" \/>\n<meta name=\"robots\" content=\"index, follow, max-snippet:-1, max-image-preview:large, max-video-preview:-1\" \/>\n<link rel=\"canonical\" href=\"https:\/\/ewa-marine.com\/de\/service\/bedienung-der-geschuetzten-geraete\/\" \/>\n<meta property=\"og:locale\" content=\"de_DE\" \/>\n<meta property=\"og:type\" content=\"article\" \/>\n<meta property=\"og:title\" content=\"Bedienung der gesch\u00fctzten Ger\u00e4te - ewa-marine\" \/>\n<meta property=\"og:description\" content=\"Die Zoom-Tasten und Ausl\u00f6ser k\u00f6nnen bei allen Geh\u00e4usen von au\u00dfen bedient werden. Der in einzelnen F\u00e4llen eingebaute &quot;Fingerling&quot; vereinfacht die Bedienung.\" \/>\n<meta property=\"og:url\" content=\"https:\/\/ewa-marine.com\/de\/service\/bedienung-der-geschuetzten-geraete\/\" \/>\n<meta property=\"og:site_name\" content=\"ewa-marine\" \/>\n<meta property=\"article:publisher\" content=\"https:\/\/www.facebook.com\/ewa-marine\" \/>\n<meta property=\"article:modified_time\" content=\"2015-07-16T11:32:42+00:00\" \/>\n<meta property=\"og:image\" content=\"https:\/\/ewa-marine.com\/wp-content\/uploads\/2015\/07\/canoe.jpg\" \/>\n\t<meta property=\"og:image:width\" content=\"400\" \/>\n\t<meta property=\"og:image:height\" content=\"276\" \/>\n\t<meta property=\"og:image:type\" content=\"image\/jpeg\" \/>\n<meta name=\"twitter:card\" content=\"summary_large_image\" \/>\n<meta name=\"twitter:site\" content=\"@ewa_marine\" \/>\n<script type=\"application\/ld+json\" class=\"yoast-schema-graph\">{\"@context\":\"https:\\\/\\\/schema.org\",\"@graph\":[{\"@type\":\"WebPage\",\"@id\":\"https:\\\/\\\/ewa-marine.com\\\/de\\\/service\\\/bedienung-der-geschuetzten-geraete\\\/\",\"url\":\"https:\\\/\\\/ewa-marine.com\\\/de\\\/service\\\/bedienung-der-geschuetzten-geraete\\\/\",\"name\":\"Bedienung der gesch\u00fctzten Ger\u00e4te - ewa-marine\",\"isPartOf\":{\"@id\":\"https:\\\/\\\/ewa-marine.com\\\/de\\\/#website\"},\"primaryImageOfPage\":{\"@id\":\"https:\\\/\\\/ewa-marine.com\\\/de\\\/service\\\/bedienung-der-geschuetzten-geraete\\\/#primaryimage\"},\"image\":{\"@id\":\"https:\\\/\\\/ewa-marine.com\\\/de\\\/service\\\/bedienung-der-geschuetzten-geraete\\\/#primaryimage\"},\"thumbnailUrl\":\"https:\\\/\\\/ewa-marine.com\\\/wp-content\\\/uploads\\\/2015\\\/07\\\/canoe.jpg\",\"datePublished\":\"2015-07-15T11:52:29+00:00\",\"dateModified\":\"2015-07-16T11:32:42+00:00\",\"description\":\"Die Zoom-Tasten und Ausl\u00f6ser k\u00f6nnen bei allen Geh\u00e4usen von au\u00dfen bedient werden. Der in einzelnen F\u00e4llen eingebaute \\\"Fingerling\\\" vereinfacht die Bedienung.\",\"breadcrumb\":{\"@id\":\"https:\\\/\\\/ewa-marine.com\\\/de\\\/service\\\/bedienung-der-geschuetzten-geraete\\\/#breadcrumb\"},\"inLanguage\":\"de\",\"potentialAction\":[{\"@type\":\"ReadAction\",\"target\":[\"https:\\\/\\\/ewa-marine.com\\\/de\\\/service\\\/bedienung-der-geschuetzten-geraete\\\/\"]}]},{\"@type\":\"ImageObject\",\"inLanguage\":\"de\",\"@id\":\"https:\\\/\\\/ewa-marine.com\\\/de\\\/service\\\/bedienung-der-geschuetzten-geraete\\\/#primaryimage\",\"url\":\"https:\\\/\\\/ewa-marine.com\\\/wp-content\\\/uploads\\\/2015\\\/07\\\/canoe.jpg\",\"contentUrl\":\"https:\\\/\\\/ewa-marine.com\\\/wp-content\\\/uploads\\\/2015\\\/07\\\/canoe.jpg\",\"width\":400,\"height\":276,\"caption\":\"Bedienung des gesch\u00fctzten Ger\u00e4tes\"},{\"@type\":\"BreadcrumbList\",\"@id\":\"https:\\\/\\\/ewa-marine.com\\\/de\\\/service\\\/bedienung-der-geschuetzten-geraete\\\/#breadcrumb\",\"itemListElement\":[{\"@type\":\"ListItem\",\"position\":1,\"name\":\"Startseite\",\"item\":\"https:\\\/\\\/www.ewa-marine.de\\\/\"},{\"@type\":\"ListItem\",\"position\":2,\"name\":\"Service\",\"item\":\"https:\\\/\\\/www.ewa-marine.de\\\/service\\\/\"},{\"@type\":\"ListItem\",\"position\":3,\"name\":\"Bedienung der gesch\u00fctzten Ger\u00e4te\"}]},{\"@type\":\"WebSite\",\"@id\":\"https:\\\/\\\/ewa-marine.com\\\/de\\\/#website\",\"url\":\"https:\\\/\\\/ewa-marine.com\\\/de\\\/\",\"name\":\"ewa-marine\",\"description\":\"Capture the Extreme !\",\"potentialAction\":[{\"@type\":\"SearchAction\",\"target\":{\"@type\":\"EntryPoint\",\"urlTemplate\":\"https:\\\/\\\/ewa-marine.com\\\/de\\\/?s={search_term_string}\"},\"query-input\":{\"@type\":\"PropertyValueSpecification\",\"valueRequired\":true,\"valueName\":\"search_term_string\"}}],\"inLanguage\":\"de\"}]}<\/script>\n<!-- \/ Yoast SEO plugin. -->","yoast_head_json":{"title":"Bedienung der gesch\u00fctzten Ger\u00e4te - ewa-marine","description":"Die Zoom-Tasten und Ausl\u00f6ser k\u00f6nnen bei allen Geh\u00e4usen von au\u00dfen bedient werden. Der in einzelnen F\u00e4llen eingebaute \"Fingerling\" vereinfacht die Bedienung.","robots":{"index":"index","follow":"follow","max-snippet":"max-snippet:-1","max-image-preview":"max-image-preview:large","max-video-preview":"max-video-preview:-1"},"canonical":"https:\/\/ewa-marine.com\/de\/service\/bedienung-der-geschuetzten-geraete\/","og_locale":"de_DE","og_type":"article","og_title":"Bedienung der gesch\u00fctzten Ger\u00e4te - ewa-marine","og_description":"Die Zoom-Tasten und Ausl\u00f6ser k\u00f6nnen bei allen Geh\u00e4usen von au\u00dfen bedient werden. Der in einzelnen F\u00e4llen eingebaute \"Fingerling\" vereinfacht die Bedienung.","og_url":"https:\/\/ewa-marine.com\/de\/service\/bedienung-der-geschuetzten-geraete\/","og_site_name":"ewa-marine","article_publisher":"https:\/\/www.facebook.com\/ewa-marine","article_modified_time":"2015-07-16T11:32:42+00:00","og_image":[{"width":400,"height":276,"url":"https:\/\/ewa-marine.com\/wp-content\/uploads\/2015\/07\/canoe.jpg","type":"image\/jpeg"}],"twitter_card":"summary_large_image","twitter_site":"@ewa_marine","schema":{"@context":"https:\/\/schema.org","@graph":[{"@type":"WebPage","@id":"https:\/\/ewa-marine.com\/de\/service\/bedienung-der-geschuetzten-geraete\/","url":"https:\/\/ewa-marine.com\/de\/service\/bedienung-der-geschuetzten-geraete\/","name":"Bedienung der gesch\u00fctzten Ger\u00e4te - ewa-marine","isPartOf":{"@id":"https:\/\/ewa-marine.com\/de\/#website"},"primaryImageOfPage":{"@id":"https:\/\/ewa-marine.com\/de\/service\/bedienung-der-geschuetzten-geraete\/#primaryimage"},"image":{"@id":"https:\/\/ewa-marine.com\/de\/service\/bedienung-der-geschuetzten-geraete\/#primaryimage"},"thumbnailUrl":"https:\/\/ewa-marine.com\/wp-content\/uploads\/2015\/07\/canoe.jpg","datePublished":"2015-07-15T11:52:29+00:00","dateModified":"2015-07-16T11:32:42+00:00","description":"Die Zoom-Tasten und Ausl\u00f6ser k\u00f6nnen bei allen Geh\u00e4usen von au\u00dfen bedient werden. Der in einzelnen F\u00e4llen eingebaute \"Fingerling\" vereinfacht die Bedienung.","breadcrumb":{"@id":"https:\/\/ewa-marine.com\/de\/service\/bedienung-der-geschuetzten-geraete\/#breadcrumb"},"inLanguage":"de","potentialAction":[{"@type":"ReadAction","target":["https:\/\/ewa-marine.com\/de\/service\/bedienung-der-geschuetzten-geraete\/"]}]},{"@type":"ImageObject","inLanguage":"de","@id":"https:\/\/ewa-marine.com\/de\/service\/bedienung-der-geschuetzten-geraete\/#primaryimage","url":"https:\/\/ewa-marine.com\/wp-content\/uploads\/2015\/07\/canoe.jpg","contentUrl":"https:\/\/ewa-marine.com\/wp-content\/uploads\/2015\/07\/canoe.jpg","width":400,"height":276,"caption":"Bedienung des gesch\u00fctzten Ger\u00e4tes"},{"@type":"BreadcrumbList","@id":"https:\/\/ewa-marine.com\/de\/service\/bedienung-der-geschuetzten-geraete\/#breadcrumb","itemListElement":[{"@type":"ListItem","position":1,"name":"Startseite","item":"https:\/\/www.ewa-marine.de\/"},{"@type":"ListItem","position":2,"name":"Service","item":"https:\/\/www.ewa-marine.de\/service\/"},{"@type":"ListItem","position":3,"name":"Bedienung der gesch\u00fctzten Ger\u00e4te"}]},{"@type":"WebSite","@id":"https:\/\/ewa-marine.com\/de\/#website","url":"https:\/\/ewa-marine.com\/de\/","name":"ewa-marine","description":"Capture the Extreme !","potentialAction":[{"@type":"SearchAction","target":{"@type":"EntryPoint","urlTemplate":"https:\/\/ewa-marine.com\/de\/?s={search_term_string}"},"query-input":{"@type":"PropertyValueSpecification","valueRequired":true,"valueName":"search_term_string"}}],"inLanguage":"de"}]}},"_links":{"self":[{"href":"https:\/\/ewa-marine.com\/de\/wp-json\/wp\/v2\/pages\/1219","targetHints":{"allow":["GET"]}}],"collection":[{"href":"https:\/\/ewa-marine.com\/de\/wp-json\/wp\/v2\/pages"}],"about":[{"href":"https:\/\/ewa-marine.com\/de\/wp-json\/wp\/v2\/types\/page"}],"author":[{"embeddable":true,"href":"https:\/\/ewa-marine.com\/de\/wp-json\/wp\/v2\/users\/2"}],"replies":[{"embeddable":true,"href":"https:\/\/ewa-marine.com\/de\/wp-json\/wp\/v2\/comments?post=1219"}],"version-history":[{"count":0,"href":"https:\/\/ewa-marine.com\/de\/wp-json\/wp\/v2\/pages\/1219\/revisions"}],"up":[{"embeddable":true,"href":"https:\/\/ewa-marine.com\/de\/wp-json\/wp\/v2\/pages\/997"}],"wp:featuredmedia":[{"embeddable":true,"href":"https:\/\/ewa-marine.com\/de\/wp-json\/wp\/v2\/media\/1089"}],"wp:attachment":[{"href":"https:\/\/ewa-marine.com\/de\/wp-json\/wp\/v2\/media?parent=1219"}],"curies":[{"name":"wp","href":"https:\/\/api.w.org\/{rel}","templated":true}]}}