{"id":1225,"date":"2015-07-15T13:05:07","date_gmt":"2015-07-15T12:05:07","guid":{"rendered":"http:\/\/de.dicapac.de\/?page_id=1225"},"modified":"2015-07-16T12:36:10","modified_gmt":"2015-07-16T11:36:10","slug":"mikrofon-nutzung-unter-wasser","status":"publish","type":"page","link":"https:\/\/ewa-marine.com\/de\/service\/mikrofon-nutzung-unter-wasser\/","title":{"rendered":"Mikrofon &#8211; Nutzung unter Wasser"},"content":{"rendered":"<div id=\"pl-1225\"  class=\"panel-layout\" ><div id=\"pg-1225-0\"  class=\"panel-grid panel-no-style\" ><div id=\"pgc-1225-0-0\"  class=\"panel-grid-cell\" ><div id=\"panel-1225-0-0-0\" class=\"so-panel widget widget_kadence_simple_image kadence_simple_image panel-first-child panel-last-child\" data-index=\"0\" ><div class=\"kad_img_upload_widget  kt-shape-type- kt-image-align-center kt-image-widget-widget-0-0-0\"><a href=\"\" rel=\"lightbox\"><div class=\"kt-image-contain  \"><div class=\"kt-image-inner-contain\"><img decoding=\"async\" src=\"\"><\/div><\/div><\/a><\/div><\/div><\/div><div id=\"pgc-1225-0-1\"  class=\"panel-grid-cell\" ><div id=\"panel-1225-0-1-0\" class=\"so-panel widget widget_black-studio-tinymce widget_black_studio_tinymce panel-first-child panel-last-child\" data-index=\"1\" ><div class=\"textwidget\"><h1>Kann ich mein Mikrofon weiter nutzen ?<\/h1>\n<h2>Ja, Sie k\u00f6nnen Ihr Mikrofon weiterhin nutzen. Und die Ergebnisse sind f\u00fcr die private und professionelle Nutzung der Kamera akzeptabel.<\/h2>\n<p>Der <strong>Ton wird auf alle F\u00e4lle durch die Folie \u00fcbertragen<\/strong>, jedoch nicht in ganz genau der gleichen Qualit\u00e4t wie ohne Schutzgeh\u00e4use. Gemessen wurde ein Verlust von ca. 5% dBA. Der Ton ist daher etwas ged\u00e4mpfter und bei den meisten F\u00e4llen wird das Ger\u00e4usch des Cassettenmotors auf dem Band mit einem leisen Brummen bemerkbar.<\/p>\n<p>Wollen Sie jedoch die optimale Tonqualit\u00e4t beibehalten, bieten wir als Option einen <strong><a href=\"\/produkte\/zubehoer-2\/kabelausgang\/\">4-fachen Kabeldurchlass<\/a> <\/strong>an. F\u00fcr den privaten Gebrauch w\u00e4re dieses jedoch \u00fcbertrieben.<\/p>\n<p>Wenn Sie perfekten Eingangston ben\u00f6tigen, k\u00f6nnen wir Ihnen einen wasserdichten Kabelausgang an das Geh\u00e4use anschweissen.<\/p>\n<\/div><\/div><\/div><\/div><\/div>","protected":false},"excerpt":{"rendered":"<p>Kann ich mein Mikrofon weiter nutzen ?Ja, Sie k\u00f6nnen Ihr Mikrofon weiterhin nutzen. Und die Ergebnisse sind f\u00fcr die private und professionelle Nutzung der Kamera akzeptabel.Der Ton wird auf alle F\u00e4lle durch die Folie \u00fcbertragen, jedoch nicht in ganz genau der gleichen Qualit\u00e4t wie ohne Schutzgeh\u00e4use. Gemessen wurde ein Verlust von ca. 5% dBA. Der Ton ist daher etwas ged\u00e4mpfter und bei den meisten F\u00e4llen wird das Ger\u00e4usch des Cassettenmotors auf dem Band mit einem leisen Brummen bemerkbar.Wollen Sie jedoch &hellip; <a href=\"https:\/\/ewa-marine.com\/de\/service\/mikrofon-nutzung-unter-wasser\/\">Weiterlesen<\/a><\/p>\n","protected":false},"author":2,"featured_media":384,"parent":997,"menu_order":5,"comment_status":"closed","ping_status":"closed","template":"","meta":{"kt_blocks_editor_width":"","footnotes":""},"class_list":["post-1225","page","type-page","status-publish","has-post-thumbnail","hentry"],"yoast_head":"<!-- This site is optimized with the Yoast SEO plugin v27.4 - https:\/\/yoast.com\/product\/yoast-seo-wordpress\/ -->\n<title>Mikrofon - Nutzung unter Wasser - ewa-marine<\/title>\n<meta name=\"description\" content=\"Ja, Sie k\u00f6nnen Ihr Mikrofon weiterhin nutzen. Die Ergebnisse sind f\u00fcr die private und professionelle Nutzung der Kamera akzeptabel (Verlust von ca. 5% dBA).\" \/>\n<meta name=\"robots\" content=\"index, follow, max-snippet:-1, max-image-preview:large, max-video-preview:-1\" \/>\n<link rel=\"canonical\" href=\"https:\/\/ewa-marine.com\/de\/service\/mikrofon-nutzung-unter-wasser\/\" \/>\n<meta property=\"og:locale\" content=\"de_DE\" \/>\n<meta property=\"og:type\" content=\"article\" \/>\n<meta property=\"og:title\" content=\"Mikrofon - Nutzung unter Wasser - ewa-marine\" \/>\n<meta property=\"og:description\" content=\"Ja, Sie k\u00f6nnen Ihr Mikrofon weiterhin nutzen. Die Ergebnisse sind f\u00fcr die private und professionelle Nutzung der Kamera akzeptabel (Verlust von ca. 5% dBA).\" \/>\n<meta property=\"og:url\" content=\"https:\/\/ewa-marine.com\/de\/service\/mikrofon-nutzung-unter-wasser\/\" \/>\n<meta property=\"og:site_name\" content=\"ewa-marine\" \/>\n<meta property=\"article:publisher\" content=\"https:\/\/www.facebook.com\/ewa-marine\" \/>\n<meta property=\"article:modified_time\" content=\"2015-07-16T11:36:10+00:00\" \/>\n<meta property=\"og:image\" content=\"https:\/\/ewa-marine.com\/wp-content\/uploads\/2015\/07\/ewa-marine-icon.jpg\" \/>\n\t<meta property=\"og:image:width\" content=\"250\" \/>\n\t<meta property=\"og:image:height\" content=\"250\" \/>\n\t<meta property=\"og:image:type\" content=\"image\/jpeg\" \/>\n<meta name=\"twitter:card\" content=\"summary_large_image\" \/>\n<meta name=\"twitter:site\" content=\"@ewa_marine\" \/>\n<meta name=\"twitter:label1\" content=\"Gesch\u00e4tzte Lesezeit\" \/>\n\t<meta name=\"twitter:data1\" content=\"1\u00a0Minute\" \/>\n<script type=\"application\/ld+json\" class=\"yoast-schema-graph\">{\"@context\":\"https:\\\/\\\/schema.org\",\"@graph\":[{\"@type\":\"WebPage\",\"@id\":\"https:\\\/\\\/ewa-marine.com\\\/de\\\/service\\\/mikrofon-nutzung-unter-wasser\\\/\",\"url\":\"https:\\\/\\\/ewa-marine.com\\\/de\\\/service\\\/mikrofon-nutzung-unter-wasser\\\/\",\"name\":\"Mikrofon - Nutzung unter Wasser - ewa-marine\",\"isPartOf\":{\"@id\":\"https:\\\/\\\/ewa-marine.com\\\/de\\\/#website\"},\"primaryImageOfPage\":{\"@id\":\"https:\\\/\\\/ewa-marine.com\\\/de\\\/service\\\/mikrofon-nutzung-unter-wasser\\\/#primaryimage\"},\"image\":{\"@id\":\"https:\\\/\\\/ewa-marine.com\\\/de\\\/service\\\/mikrofon-nutzung-unter-wasser\\\/#primaryimage\"},\"thumbnailUrl\":\"https:\\\/\\\/ewa-marine.com\\\/wp-content\\\/uploads\\\/2015\\\/07\\\/read-more.png\",\"datePublished\":\"2015-07-15T12:05:07+00:00\",\"dateModified\":\"2015-07-16T11:36:10+00:00\",\"description\":\"Ja, Sie k\u00f6nnen Ihr Mikrofon weiterhin nutzen. Die Ergebnisse sind f\u00fcr die private und professionelle Nutzung der Kamera akzeptabel (Verlust von ca. 5% dBA).\",\"breadcrumb\":{\"@id\":\"https:\\\/\\\/ewa-marine.com\\\/de\\\/service\\\/mikrofon-nutzung-unter-wasser\\\/#breadcrumb\"},\"inLanguage\":\"de\",\"potentialAction\":[{\"@type\":\"ReadAction\",\"target\":[\"https:\\\/\\\/ewa-marine.com\\\/de\\\/service\\\/mikrofon-nutzung-unter-wasser\\\/\"]}]},{\"@type\":\"ImageObject\",\"inLanguage\":\"de\",\"@id\":\"https:\\\/\\\/ewa-marine.com\\\/de\\\/service\\\/mikrofon-nutzung-unter-wasser\\\/#primaryimage\",\"url\":\"https:\\\/\\\/ewa-marine.com\\\/wp-content\\\/uploads\\\/2015\\\/07\\\/read-more.png\",\"contentUrl\":\"https:\\\/\\\/ewa-marine.com\\\/wp-content\\\/uploads\\\/2015\\\/07\\\/read-more.png\",\"width\":200,\"height\":200,\"caption\":\"Stativ-Bodenplatte\"},{\"@type\":\"BreadcrumbList\",\"@id\":\"https:\\\/\\\/ewa-marine.com\\\/de\\\/service\\\/mikrofon-nutzung-unter-wasser\\\/#breadcrumb\",\"itemListElement\":[{\"@type\":\"ListItem\",\"position\":1,\"name\":\"Startseite\",\"item\":\"https:\\\/\\\/www.ewa-marine.de\\\/\"},{\"@type\":\"ListItem\",\"position\":2,\"name\":\"Service\",\"item\":\"https:\\\/\\\/www.ewa-marine.de\\\/service\\\/\"},{\"@type\":\"ListItem\",\"position\":3,\"name\":\"Mikrofon &#8211; Nutzung unter Wasser\"}]},{\"@type\":\"WebSite\",\"@id\":\"https:\\\/\\\/ewa-marine.com\\\/de\\\/#website\",\"url\":\"https:\\\/\\\/ewa-marine.com\\\/de\\\/\",\"name\":\"ewa-marine\",\"description\":\"Capture the Extreme !\",\"potentialAction\":[{\"@type\":\"SearchAction\",\"target\":{\"@type\":\"EntryPoint\",\"urlTemplate\":\"https:\\\/\\\/ewa-marine.com\\\/de\\\/?s={search_term_string}\"},\"query-input\":{\"@type\":\"PropertyValueSpecification\",\"valueRequired\":true,\"valueName\":\"search_term_string\"}}],\"inLanguage\":\"de\"}]}<\/script>\n<!-- \/ Yoast SEO plugin. -->","yoast_head_json":{"title":"Mikrofon - Nutzung unter Wasser - ewa-marine","description":"Ja, Sie k\u00f6nnen Ihr Mikrofon weiterhin nutzen. Die Ergebnisse sind f\u00fcr die private und professionelle Nutzung der Kamera akzeptabel (Verlust von ca. 5% dBA).","robots":{"index":"index","follow":"follow","max-snippet":"max-snippet:-1","max-image-preview":"max-image-preview:large","max-video-preview":"max-video-preview:-1"},"canonical":"https:\/\/ewa-marine.com\/de\/service\/mikrofon-nutzung-unter-wasser\/","og_locale":"de_DE","og_type":"article","og_title":"Mikrofon - Nutzung unter Wasser - ewa-marine","og_description":"Ja, Sie k\u00f6nnen Ihr Mikrofon weiterhin nutzen. Die Ergebnisse sind f\u00fcr die private und professionelle Nutzung der Kamera akzeptabel (Verlust von ca. 5% dBA).","og_url":"https:\/\/ewa-marine.com\/de\/service\/mikrofon-nutzung-unter-wasser\/","og_site_name":"ewa-marine","article_publisher":"https:\/\/www.facebook.com\/ewa-marine","article_modified_time":"2015-07-16T11:36:10+00:00","og_image":[{"width":250,"height":250,"url":"https:\/\/ewa-marine.com\/wp-content\/uploads\/2015\/07\/ewa-marine-icon.jpg","type":"image\/jpeg"}],"twitter_card":"summary_large_image","twitter_site":"@ewa_marine","twitter_misc":{"Gesch\u00e4tzte Lesezeit":"1\u00a0Minute"},"schema":{"@context":"https:\/\/schema.org","@graph":[{"@type":"WebPage","@id":"https:\/\/ewa-marine.com\/de\/service\/mikrofon-nutzung-unter-wasser\/","url":"https:\/\/ewa-marine.com\/de\/service\/mikrofon-nutzung-unter-wasser\/","name":"Mikrofon - Nutzung unter Wasser - ewa-marine","isPartOf":{"@id":"https:\/\/ewa-marine.com\/de\/#website"},"primaryImageOfPage":{"@id":"https:\/\/ewa-marine.com\/de\/service\/mikrofon-nutzung-unter-wasser\/#primaryimage"},"image":{"@id":"https:\/\/ewa-marine.com\/de\/service\/mikrofon-nutzung-unter-wasser\/#primaryimage"},"thumbnailUrl":"https:\/\/ewa-marine.com\/wp-content\/uploads\/2015\/07\/read-more.png","datePublished":"2015-07-15T12:05:07+00:00","dateModified":"2015-07-16T11:36:10+00:00","description":"Ja, Sie k\u00f6nnen Ihr Mikrofon weiterhin nutzen. Die Ergebnisse sind f\u00fcr die private und professionelle Nutzung der Kamera akzeptabel (Verlust von ca. 5% dBA).","breadcrumb":{"@id":"https:\/\/ewa-marine.com\/de\/service\/mikrofon-nutzung-unter-wasser\/#breadcrumb"},"inLanguage":"de","potentialAction":[{"@type":"ReadAction","target":["https:\/\/ewa-marine.com\/de\/service\/mikrofon-nutzung-unter-wasser\/"]}]},{"@type":"ImageObject","inLanguage":"de","@id":"https:\/\/ewa-marine.com\/de\/service\/mikrofon-nutzung-unter-wasser\/#primaryimage","url":"https:\/\/ewa-marine.com\/wp-content\/uploads\/2015\/07\/read-more.png","contentUrl":"https:\/\/ewa-marine.com\/wp-content\/uploads\/2015\/07\/read-more.png","width":200,"height":200,"caption":"Stativ-Bodenplatte"},{"@type":"BreadcrumbList","@id":"https:\/\/ewa-marine.com\/de\/service\/mikrofon-nutzung-unter-wasser\/#breadcrumb","itemListElement":[{"@type":"ListItem","position":1,"name":"Startseite","item":"https:\/\/www.ewa-marine.de\/"},{"@type":"ListItem","position":2,"name":"Service","item":"https:\/\/www.ewa-marine.de\/service\/"},{"@type":"ListItem","position":3,"name":"Mikrofon &#8211; Nutzung unter Wasser"}]},{"@type":"WebSite","@id":"https:\/\/ewa-marine.com\/de\/#website","url":"https:\/\/ewa-marine.com\/de\/","name":"ewa-marine","description":"Capture the Extreme !","potentialAction":[{"@type":"SearchAction","target":{"@type":"EntryPoint","urlTemplate":"https:\/\/ewa-marine.com\/de\/?s={search_term_string}"},"query-input":{"@type":"PropertyValueSpecification","valueRequired":true,"valueName":"search_term_string"}}],"inLanguage":"de"}]}},"_links":{"self":[{"href":"https:\/\/ewa-marine.com\/de\/wp-json\/wp\/v2\/pages\/1225","targetHints":{"allow":["GET"]}}],"collection":[{"href":"https:\/\/ewa-marine.com\/de\/wp-json\/wp\/v2\/pages"}],"about":[{"href":"https:\/\/ewa-marine.com\/de\/wp-json\/wp\/v2\/types\/page"}],"author":[{"embeddable":true,"href":"https:\/\/ewa-marine.com\/de\/wp-json\/wp\/v2\/users\/2"}],"replies":[{"embeddable":true,"href":"https:\/\/ewa-marine.com\/de\/wp-json\/wp\/v2\/comments?post=1225"}],"version-history":[{"count":0,"href":"https:\/\/ewa-marine.com\/de\/wp-json\/wp\/v2\/pages\/1225\/revisions"}],"up":[{"embeddable":true,"href":"https:\/\/ewa-marine.com\/de\/wp-json\/wp\/v2\/pages\/997"}],"wp:featuredmedia":[{"embeddable":true,"href":"https:\/\/ewa-marine.com\/de\/wp-json\/wp\/v2\/media\/384"}],"wp:attachment":[{"href":"https:\/\/ewa-marine.com\/de\/wp-json\/wp\/v2\/media?parent=1225"}],"curies":[{"name":"wp","href":"https:\/\/api.w.org\/{rel}","templated":true}]}}