{"id":1231,"date":"2015-07-15T13:12:00","date_gmt":"2015-07-15T12:12:00","guid":{"rendered":"http:\/\/de.dicapac.de\/?page_id=1231"},"modified":"2015-07-16T12:38:18","modified_gmt":"2015-07-16T11:38:18","slug":"der-camcorder-wackelt-in-meinem-gehaeuse","status":"publish","type":"page","link":"https:\/\/ewa-marine.com\/de\/service\/der-camcorder-wackelt-in-meinem-gehaeuse\/","title":{"rendered":"Der Camcorder wackelt in meinem Geh\u00e4use"},"content":{"rendered":"<div id=\"pl-1231\"  class=\"panel-layout\" ><div id=\"pg-1231-0\"  class=\"panel-grid panel-no-style\" ><div id=\"pgc-1231-0-0\"  class=\"panel-grid-cell\" ><div id=\"panel-1231-0-0-0\" class=\"so-panel widget widget_kadence_simple_image kadence_simple_image panel-first-child panel-last-child\" data-index=\"0\" ><div class=\"kad_img_upload_widget  kt-shape-type- kt-image-align-center kt-image-widget-widget-0-0-0\"><a href=\"\" rel=\"lightbox\"><div class=\"kt-image-contain  \"><div class=\"kt-image-inner-contain\"><img decoding=\"async\" src=\"\"><\/div><\/div><\/a><\/div><\/div><\/div><div id=\"pgc-1231-0-1\"  class=\"panel-grid-cell\" ><div id=\"panel-1231-0-1-0\" class=\"so-panel widget widget_black-studio-tinymce widget_black_studio_tinymce panel-first-child panel-last-child\" data-index=\"1\" ><div class=\"textwidget\"><h1>Der Camcorder wackelt in meinem Geh\u00e4use<\/h1>\n<h2>Wie verhindere ich das?<\/h2>\n<p>Dadurch, dass wir viele Universal-Geh\u00e4use herstellen, kann es vorkommen, dass ein Camcorder etwas wackelt bzw. sich nicht besonders stabil verh\u00e4lt.<\/p>\n<p>Sie k\u00f6nnen Abhilfe schaffen, indem Sie den Camcorder mit <strong>Schaumstoff-Pads<\/strong> unterlegen bzw. seitlich ausf\u00fcttern.<br \/> Manchmal hilft auch schon, wenn Sie <strong>die restliche Luft aus dem Geh\u00e4use pressen<\/strong>. Verschlie\u00dfen Sie das Geh\u00e4use leicht, halten es gegen Ihre Brust und dr\u00fccken Sie vorsichtig die Luft heraus wie bei einem Wasserball. Dann verschlie\u00dfen Sie das Geh\u00e4use richtig. Achten Sie bitte darauf - wenn Sie unter Wasser gehen wollen - dass soviel Luft wie m\u00f6glich im Geh\u00e4use ist, da der Camcorder die Luft als Knautschzone gegen den Wasserdruck braucht.<\/p>\n<\/div><\/div><\/div><\/div><\/div>","protected":false},"excerpt":{"rendered":"<p>Der Camcorder wackelt in meinem Geh\u00e4useWie verhindere ich das?Dadurch, dass wir viele Universal-Geh\u00e4use herstellen, kann es vorkommen, dass ein Camcorder etwas wackelt bzw. sich nicht besonders stabil verh\u00e4lt.Sie k\u00f6nnen Abhilfe schaffen, indem Sie den Camcorder mit Schaumstoff-Pads unterlegen bzw. seitlich ausf\u00fcttern. Manchmal hilft auch schon, wenn Sie die restliche Luft aus dem Geh\u00e4use pressen. Verschlie\u00dfen Sie das Geh\u00e4use leicht, halten es gegen Ihre Brust und dr\u00fccken Sie vorsichtig die Luft heraus wie bei einem Wasserball. Dann verschlie\u00dfen Sie das Geh\u00e4use &hellip; <a href=\"https:\/\/ewa-marine.com\/de\/service\/der-camcorder-wackelt-in-meinem-gehaeuse\/\">Weiterlesen<\/a><\/p>\n","protected":false},"author":2,"featured_media":1310,"parent":997,"menu_order":6,"comment_status":"closed","ping_status":"closed","template":"","meta":{"kt_blocks_editor_width":"","footnotes":""},"class_list":["post-1231","page","type-page","status-publish","has-post-thumbnail","hentry"],"yoast_head":"<!-- This site is optimized with the Yoast SEO plugin v27.4 - https:\/\/yoast.com\/product\/yoast-seo-wordpress\/ -->\n<title>Der Camcorder wackelt in meinem Geh\u00e4use - ewa-marine<\/title>\n<meta name=\"description\" content=\"Dadurch, da\u00df wir viele Universal-Geh\u00e4use herstellen, kann es vorkommen, da\u00df ein Camcorder etwas wackelt bzw. sich nicht besonders stabil verh\u00e4lt.\" \/>\n<meta name=\"robots\" content=\"index, follow, max-snippet:-1, max-image-preview:large, max-video-preview:-1\" \/>\n<link rel=\"canonical\" href=\"https:\/\/ewa-marine.com\/de\/service\/der-camcorder-wackelt-in-meinem-gehaeuse\/\" \/>\n<meta property=\"og:locale\" content=\"de_DE\" \/>\n<meta property=\"og:type\" content=\"article\" \/>\n<meta property=\"og:title\" content=\"Der Camcorder wackelt in meinem Geh\u00e4use - ewa-marine\" \/>\n<meta property=\"og:description\" content=\"Dadurch, da\u00df wir viele Universal-Geh\u00e4use herstellen, kann es vorkommen, da\u00df ein Camcorder etwas wackelt bzw. sich nicht besonders stabil verh\u00e4lt.\" \/>\n<meta property=\"og:url\" content=\"https:\/\/ewa-marine.com\/de\/service\/der-camcorder-wackelt-in-meinem-gehaeuse\/\" \/>\n<meta property=\"og:site_name\" content=\"ewa-marine\" \/>\n<meta property=\"article:publisher\" content=\"https:\/\/www.facebook.com\/ewa-marine\" \/>\n<meta property=\"article:modified_time\" content=\"2015-07-16T11:38:18+00:00\" \/>\n<meta property=\"og:image\" content=\"https:\/\/ewa-marine.com\/wp-content\/uploads\/2015\/07\/ewa-marine-icon.jpg\" \/>\n\t<meta property=\"og:image:width\" content=\"250\" \/>\n\t<meta property=\"og:image:height\" content=\"250\" \/>\n\t<meta property=\"og:image:type\" content=\"image\/jpeg\" \/>\n<meta name=\"twitter:card\" content=\"summary_large_image\" \/>\n<meta name=\"twitter:site\" content=\"@ewa_marine\" \/>\n<meta name=\"twitter:label1\" content=\"Gesch\u00e4tzte Lesezeit\" \/>\n\t<meta name=\"twitter:data1\" content=\"1\u00a0Minute\" \/>\n<script type=\"application\/ld+json\" class=\"yoast-schema-graph\">{\"@context\":\"https:\\\/\\\/schema.org\",\"@graph\":[{\"@type\":\"WebPage\",\"@id\":\"https:\\\/\\\/ewa-marine.com\\\/de\\\/service\\\/der-camcorder-wackelt-in-meinem-gehaeuse\\\/\",\"url\":\"https:\\\/\\\/ewa-marine.com\\\/de\\\/service\\\/der-camcorder-wackelt-in-meinem-gehaeuse\\\/\",\"name\":\"Der Camcorder wackelt in meinem Geh\u00e4use - ewa-marine\",\"isPartOf\":{\"@id\":\"https:\\\/\\\/ewa-marine.com\\\/de\\\/#website\"},\"primaryImageOfPage\":{\"@id\":\"https:\\\/\\\/ewa-marine.com\\\/de\\\/service\\\/der-camcorder-wackelt-in-meinem-gehaeuse\\\/#primaryimage\"},\"image\":{\"@id\":\"https:\\\/\\\/ewa-marine.com\\\/de\\\/service\\\/der-camcorder-wackelt-in-meinem-gehaeuse\\\/#primaryimage\"},\"thumbnailUrl\":\"https:\\\/\\\/ewa-marine.com\\\/wp-content\\\/uploads\\\/2015\\\/07\\\/read-more-U-AX.jpg\",\"datePublished\":\"2015-07-15T12:12:00+00:00\",\"dateModified\":\"2015-07-16T11:38:18+00:00\",\"description\":\"Dadurch, da\u00df wir viele Universal-Geh\u00e4use herstellen, kann es vorkommen, da\u00df ein Camcorder etwas wackelt bzw. sich nicht besonders stabil verh\u00e4lt.\",\"breadcrumb\":{\"@id\":\"https:\\\/\\\/ewa-marine.com\\\/de\\\/service\\\/der-camcorder-wackelt-in-meinem-gehaeuse\\\/#breadcrumb\"},\"inLanguage\":\"de\",\"potentialAction\":[{\"@type\":\"ReadAction\",\"target\":[\"https:\\\/\\\/ewa-marine.com\\\/de\\\/service\\\/der-camcorder-wackelt-in-meinem-gehaeuse\\\/\"]}]},{\"@type\":\"ImageObject\",\"inLanguage\":\"de\",\"@id\":\"https:\\\/\\\/ewa-marine.com\\\/de\\\/service\\\/der-camcorder-wackelt-in-meinem-gehaeuse\\\/#primaryimage\",\"url\":\"https:\\\/\\\/ewa-marine.com\\\/wp-content\\\/uploads\\\/2015\\\/07\\\/read-more-U-AX.jpg\",\"contentUrl\":\"https:\\\/\\\/ewa-marine.com\\\/wp-content\\\/uploads\\\/2015\\\/07\\\/read-more-U-AX.jpg\",\"width\":200,\"height\":200,\"caption\":\"ewa-marine SLR underwater housings\"},{\"@type\":\"BreadcrumbList\",\"@id\":\"https:\\\/\\\/ewa-marine.com\\\/de\\\/service\\\/der-camcorder-wackelt-in-meinem-gehaeuse\\\/#breadcrumb\",\"itemListElement\":[{\"@type\":\"ListItem\",\"position\":1,\"name\":\"Startseite\",\"item\":\"https:\\\/\\\/www.ewa-marine.de\\\/\"},{\"@type\":\"ListItem\",\"position\":2,\"name\":\"Service\",\"item\":\"https:\\\/\\\/www.ewa-marine.de\\\/service\\\/\"},{\"@type\":\"ListItem\",\"position\":3,\"name\":\"Der Camcorder wackelt in meinem Geh\u00e4use\"}]},{\"@type\":\"WebSite\",\"@id\":\"https:\\\/\\\/ewa-marine.com\\\/de\\\/#website\",\"url\":\"https:\\\/\\\/ewa-marine.com\\\/de\\\/\",\"name\":\"ewa-marine\",\"description\":\"Capture the Extreme !\",\"potentialAction\":[{\"@type\":\"SearchAction\",\"target\":{\"@type\":\"EntryPoint\",\"urlTemplate\":\"https:\\\/\\\/ewa-marine.com\\\/de\\\/?s={search_term_string}\"},\"query-input\":{\"@type\":\"PropertyValueSpecification\",\"valueRequired\":true,\"valueName\":\"search_term_string\"}}],\"inLanguage\":\"de\"}]}<\/script>\n<!-- \/ Yoast SEO plugin. -->","yoast_head_json":{"title":"Der Camcorder wackelt in meinem Geh\u00e4use - ewa-marine","description":"Dadurch, da\u00df wir viele Universal-Geh\u00e4use herstellen, kann es vorkommen, da\u00df ein Camcorder etwas wackelt bzw. sich nicht besonders stabil verh\u00e4lt.","robots":{"index":"index","follow":"follow","max-snippet":"max-snippet:-1","max-image-preview":"max-image-preview:large","max-video-preview":"max-video-preview:-1"},"canonical":"https:\/\/ewa-marine.com\/de\/service\/der-camcorder-wackelt-in-meinem-gehaeuse\/","og_locale":"de_DE","og_type":"article","og_title":"Der Camcorder wackelt in meinem Geh\u00e4use - ewa-marine","og_description":"Dadurch, da\u00df wir viele Universal-Geh\u00e4use herstellen, kann es vorkommen, da\u00df ein Camcorder etwas wackelt bzw. sich nicht besonders stabil verh\u00e4lt.","og_url":"https:\/\/ewa-marine.com\/de\/service\/der-camcorder-wackelt-in-meinem-gehaeuse\/","og_site_name":"ewa-marine","article_publisher":"https:\/\/www.facebook.com\/ewa-marine","article_modified_time":"2015-07-16T11:38:18+00:00","og_image":[{"width":250,"height":250,"url":"https:\/\/ewa-marine.com\/wp-content\/uploads\/2015\/07\/ewa-marine-icon.jpg","type":"image\/jpeg"}],"twitter_card":"summary_large_image","twitter_site":"@ewa_marine","twitter_misc":{"Gesch\u00e4tzte Lesezeit":"1\u00a0Minute"},"schema":{"@context":"https:\/\/schema.org","@graph":[{"@type":"WebPage","@id":"https:\/\/ewa-marine.com\/de\/service\/der-camcorder-wackelt-in-meinem-gehaeuse\/","url":"https:\/\/ewa-marine.com\/de\/service\/der-camcorder-wackelt-in-meinem-gehaeuse\/","name":"Der Camcorder wackelt in meinem Geh\u00e4use - ewa-marine","isPartOf":{"@id":"https:\/\/ewa-marine.com\/de\/#website"},"primaryImageOfPage":{"@id":"https:\/\/ewa-marine.com\/de\/service\/der-camcorder-wackelt-in-meinem-gehaeuse\/#primaryimage"},"image":{"@id":"https:\/\/ewa-marine.com\/de\/service\/der-camcorder-wackelt-in-meinem-gehaeuse\/#primaryimage"},"thumbnailUrl":"https:\/\/ewa-marine.com\/wp-content\/uploads\/2015\/07\/read-more-U-AX.jpg","datePublished":"2015-07-15T12:12:00+00:00","dateModified":"2015-07-16T11:38:18+00:00","description":"Dadurch, da\u00df wir viele Universal-Geh\u00e4use herstellen, kann es vorkommen, da\u00df ein Camcorder etwas wackelt bzw. sich nicht besonders stabil verh\u00e4lt.","breadcrumb":{"@id":"https:\/\/ewa-marine.com\/de\/service\/der-camcorder-wackelt-in-meinem-gehaeuse\/#breadcrumb"},"inLanguage":"de","potentialAction":[{"@type":"ReadAction","target":["https:\/\/ewa-marine.com\/de\/service\/der-camcorder-wackelt-in-meinem-gehaeuse\/"]}]},{"@type":"ImageObject","inLanguage":"de","@id":"https:\/\/ewa-marine.com\/de\/service\/der-camcorder-wackelt-in-meinem-gehaeuse\/#primaryimage","url":"https:\/\/ewa-marine.com\/wp-content\/uploads\/2015\/07\/read-more-U-AX.jpg","contentUrl":"https:\/\/ewa-marine.com\/wp-content\/uploads\/2015\/07\/read-more-U-AX.jpg","width":200,"height":200,"caption":"ewa-marine SLR underwater housings"},{"@type":"BreadcrumbList","@id":"https:\/\/ewa-marine.com\/de\/service\/der-camcorder-wackelt-in-meinem-gehaeuse\/#breadcrumb","itemListElement":[{"@type":"ListItem","position":1,"name":"Startseite","item":"https:\/\/www.ewa-marine.de\/"},{"@type":"ListItem","position":2,"name":"Service","item":"https:\/\/www.ewa-marine.de\/service\/"},{"@type":"ListItem","position":3,"name":"Der Camcorder wackelt in meinem Geh\u00e4use"}]},{"@type":"WebSite","@id":"https:\/\/ewa-marine.com\/de\/#website","url":"https:\/\/ewa-marine.com\/de\/","name":"ewa-marine","description":"Capture the Extreme !","potentialAction":[{"@type":"SearchAction","target":{"@type":"EntryPoint","urlTemplate":"https:\/\/ewa-marine.com\/de\/?s={search_term_string}"},"query-input":{"@type":"PropertyValueSpecification","valueRequired":true,"valueName":"search_term_string"}}],"inLanguage":"de"}]}},"_links":{"self":[{"href":"https:\/\/ewa-marine.com\/de\/wp-json\/wp\/v2\/pages\/1231","targetHints":{"allow":["GET"]}}],"collection":[{"href":"https:\/\/ewa-marine.com\/de\/wp-json\/wp\/v2\/pages"}],"about":[{"href":"https:\/\/ewa-marine.com\/de\/wp-json\/wp\/v2\/types\/page"}],"author":[{"embeddable":true,"href":"https:\/\/ewa-marine.com\/de\/wp-json\/wp\/v2\/users\/2"}],"replies":[{"embeddable":true,"href":"https:\/\/ewa-marine.com\/de\/wp-json\/wp\/v2\/comments?post=1231"}],"version-history":[{"count":0,"href":"https:\/\/ewa-marine.com\/de\/wp-json\/wp\/v2\/pages\/1231\/revisions"}],"up":[{"embeddable":true,"href":"https:\/\/ewa-marine.com\/de\/wp-json\/wp\/v2\/pages\/997"}],"wp:featuredmedia":[{"embeddable":true,"href":"https:\/\/ewa-marine.com\/de\/wp-json\/wp\/v2\/media\/1310"}],"wp:attachment":[{"href":"https:\/\/ewa-marine.com\/de\/wp-json\/wp\/v2\/media?parent=1231"}],"curies":[{"name":"wp","href":"https:\/\/api.w.org\/{rel}","templated":true}]}}