{"id":1240,"date":"2015-07-15T13:20:37","date_gmt":"2015-07-15T12:20:37","guid":{"rendered":"http:\/\/de.dicapac.de\/?page_id=1240"},"modified":"2017-02-10T10:08:36","modified_gmt":"2017-02-10T09:08:36","slug":"ueberfluessige-luft-im-gehaeuse","status":"publish","type":"page","link":"https:\/\/ewa-marine.com\/de\/service\/ueberfluessige-luft-im-gehaeuse\/","title":{"rendered":"Luft im Geh\u00e4use: ist sie \u00fcberfl\u00fcssig?"},"content":{"rendered":"<div id=\"pl-1240\"  class=\"panel-layout\" ><div id=\"pg-1240-0\"  class=\"panel-grid panel-no-style\" ><div id=\"pgc-1240-0-0\"  class=\"panel-grid-cell\" ><div id=\"panel-1240-0-0-0\" class=\"so-panel widget widget_kadence_simple_image kadence_simple_image panel-first-child panel-last-child\" data-index=\"0\" ><div class=\"kad_img_upload_widget  kt-shape-type- kt-image-align-center kt-image-widget-widget-0-0-0\"><a href=\"https:\/\/ewa-marine.com\/wp-content\/uploads\/2015\/07\/redsea-diver3.jpg\" rel=\"lightbox\"><div class=\"kt-image-contain  \"><div class=\"kt-image-inner-contain\"><img loading=\"lazy\" decoding=\"async\" width=\"400\" height=\"256\" src=\"https:\/\/ewa-marine.com\/wp-content\/uploads\/2015\/07\/redsea-diver3.jpg\" class=\"attachment-full size-full\" alt=\"\" srcset=\"https:\/\/ewa-marine.com\/wp-content\/uploads\/2015\/07\/redsea-diver3.jpg 400w, https:\/\/ewa-marine.com\/wp-content\/uploads\/2015\/07\/redsea-diver3-300x192.jpg 300w\" sizes=\"auto, (max-width: 400px) 100vw, 400px\" \/><\/div><\/div><\/a><\/div><\/div><\/div><div id=\"pgc-1240-0-1\"  class=\"panel-grid-cell\" ><div id=\"panel-1240-0-1-0\" class=\"so-panel widget widget_black-studio-tinymce widget_black_studio_tinymce panel-first-child panel-last-child\" data-index=\"1\" ><div class=\"textwidget\"><h1>\u00dcberfl\u00fcssige Luft im Geh\u00e4use<\/h1>\n<h2>Soll \u00fcberfl\u00fcssige Luft herausgepresst werden oder nicht ?<\/h2>\n<p>Gem\u00e4\u00df dem physikalischen Gesetz von Boyle-Mariotte gilt:<\/p>\n<p><strong>Druck x Volumen = konstant<\/strong><\/p>\n<p>nimmt das Volumen der Luft im Geh\u00e4use (genau wie das in den Lungen, Jacket und der Luftblasen im Neoprenanzug) mit zunehmender Tauchtiefe ab.<\/p>\n<p>Die Luft wird also in das Innere der Kamera hineingedr\u00fcckt. Da wir jedoch im Inneren des Geh\u00e4uses und der Kamera immer den Umgebungsdruck haben wollen (also auf 10m Tauchtiefe 2 bar) sollte bei<strong> Tauchbeginn immer ausreichend Luft im Geh\u00e4use<\/strong> sein. Dazu tragen unter anderem die im Geh\u00e4use mitgelieferten Schaumstoffteile als \"Luftreservoir\" bei. Im Fall des U-A, U-AX und U-AXP kann das Geh\u00e4use, vor dem Tauchen \u00fcber Wasser, durch ein Ventil zus\u00e4tzlich aufgeblasen werden und somit sichergestellt werden, dass das gesamte potentielle Volumen im Geh\u00e4use genutzt wird.<\/p>\n<p>Anderseits, m\u00f6chte man <strong>beim Schnorcheln<\/strong> gegebenenfalls <strong>keinen unn\u00f6tigen Auftrieb<\/strong> haben....<\/p>\n<p>Tipp:<\/p>\n<p>Beim Schnorcheln und am Strand wird die \u00fcberfl\u00fcssige Luft herausgedr\u00fcckt \/ abgesaugt.<\/p>\n<p>Beim Tauchen, je nach Tiefe des geplanten Tauchgangs, f\u00fcr zus\u00e4tzliche Luft sorgen.<\/p>\n<p><em>Diese Seiten k\u00f6nnten Sie ebenfalls interessieren<\/em>:<\/p>\n<p style=\"text-align: center;\">\"<a href=\"http:\/\/de.ewa-marine.com\/service\/fotobleie-und-videobleie\/\">Foto- und Videobleie<\/a>\"<\/p>\n<p style=\"text-align: center;\">und\u00a0<\/p>\n<p style=\"text-align: center;\">\"<a href=\"http:\/\/de.ewa-marine.com\/service\/flexible-gehaeuse-was-ist-das\/\">Flexible Geh\u00e4use: Was ist das und wie funktioniert es?<\/a>\"<\/p>\n<\/div><\/div><\/div><\/div><\/div>","protected":false},"excerpt":{"rendered":"<p>\u00dcberfl\u00fcssige Luft im Geh\u00e4useSoll \u00fcberfl\u00fcssige Luft herausgepresst werden oder nicht ?Gem\u00e4\u00df dem physikalischen Gesetz von Boyle-Mariotte gilt:Druck x Volumen = konstantnimmt das Volumen der Luft im Geh\u00e4use (genau wie das in den Lungen, Jacket und der Luftblasen im Neoprenanzug) mit zunehmender Tauchtiefe ab.Die Luft wird also in das Innere der Kamera hineingedr\u00fcckt. Da wir jedoch im Inneren des Geh\u00e4uses und der Kamera immer den Umgebungsdruck haben wollen (also auf 10m Tauchtiefe 2 bar) sollte bei Tauchbeginn immer ausreichend Luft im &hellip; <a href=\"https:\/\/ewa-marine.com\/de\/service\/ueberfluessige-luft-im-gehaeuse\/\">Weiterlesen<\/a><\/p>\n","protected":false},"author":2,"featured_media":384,"parent":997,"menu_order":7,"comment_status":"closed","ping_status":"closed","template":"","meta":{"kt_blocks_editor_width":"","footnotes":""},"class_list":["post-1240","page","type-page","status-publish","has-post-thumbnail","hentry"],"yoast_head":"<!-- This site is optimized with the Yoast SEO plugin v27.4 - https:\/\/yoast.com\/product\/yoast-seo-wordpress\/ -->\n<title>Luft im Geh\u00e4use: ist sie \u00fcberfl\u00fcssig? - ewa-marine<\/title>\n<meta name=\"description\" content=\"Beim Schnorcheln und am Strand wird die \u00fcberfl\u00fcssige Luft herausgedr\u00fcckt. Beim Tauchen, je nach Tiefe des geplanten Tauchgangs, f\u00fcr zus\u00e4tzliche Luft sorgen.\" \/>\n<meta name=\"robots\" content=\"index, follow, max-snippet:-1, max-image-preview:large, max-video-preview:-1\" \/>\n<link rel=\"canonical\" href=\"https:\/\/ewa-marine.com\/de\/service\/ueberfluessige-luft-im-gehaeuse\/\" \/>\n<meta property=\"og:locale\" content=\"de_DE\" \/>\n<meta property=\"og:type\" content=\"article\" \/>\n<meta property=\"og:title\" content=\"Luft im Geh\u00e4use: ist sie \u00fcberfl\u00fcssig? - ewa-marine\" \/>\n<meta property=\"og:description\" content=\"Beim Schnorcheln und am Strand wird die \u00fcberfl\u00fcssige Luft herausgedr\u00fcckt. Beim Tauchen, je nach Tiefe des geplanten Tauchgangs, f\u00fcr zus\u00e4tzliche Luft sorgen.\" \/>\n<meta property=\"og:url\" content=\"https:\/\/ewa-marine.com\/de\/service\/ueberfluessige-luft-im-gehaeuse\/\" \/>\n<meta property=\"og:site_name\" content=\"ewa-marine\" \/>\n<meta property=\"article:publisher\" content=\"https:\/\/www.facebook.com\/ewa-marine\" \/>\n<meta property=\"article:modified_time\" content=\"2017-02-10T09:08:36+00:00\" \/>\n<meta property=\"og:image\" content=\"https:\/\/ewa-marine.com\/wp-content\/uploads\/2015\/07\/read-more.png\" \/>\n\t<meta property=\"og:image:width\" content=\"200\" \/>\n\t<meta property=\"og:image:height\" content=\"200\" \/>\n\t<meta property=\"og:image:type\" content=\"image\/png\" \/>\n<meta name=\"twitter:card\" content=\"summary_large_image\" \/>\n<meta name=\"twitter:site\" content=\"@ewa_marine\" \/>\n<meta name=\"twitter:label1\" content=\"Gesch\u00e4tzte Lesezeit\" \/>\n\t<meta name=\"twitter:data1\" content=\"1\u00a0Minute\" \/>\n<script type=\"application\/ld+json\" class=\"yoast-schema-graph\">{\"@context\":\"https:\\\/\\\/schema.org\",\"@graph\":[{\"@type\":\"WebPage\",\"@id\":\"https:\\\/\\\/ewa-marine.com\\\/de\\\/service\\\/ueberfluessige-luft-im-gehaeuse\\\/\",\"url\":\"https:\\\/\\\/ewa-marine.com\\\/de\\\/service\\\/ueberfluessige-luft-im-gehaeuse\\\/\",\"name\":\"Luft im Geh\u00e4use: ist sie \u00fcberfl\u00fcssig? - ewa-marine\",\"isPartOf\":{\"@id\":\"https:\\\/\\\/ewa-marine.com\\\/de\\\/#website\"},\"primaryImageOfPage\":{\"@id\":\"https:\\\/\\\/ewa-marine.com\\\/de\\\/service\\\/ueberfluessige-luft-im-gehaeuse\\\/#primaryimage\"},\"image\":{\"@id\":\"https:\\\/\\\/ewa-marine.com\\\/de\\\/service\\\/ueberfluessige-luft-im-gehaeuse\\\/#primaryimage\"},\"thumbnailUrl\":\"https:\\\/\\\/ewa-marine.com\\\/wp-content\\\/uploads\\\/2015\\\/07\\\/read-more.png\",\"datePublished\":\"2015-07-15T12:20:37+00:00\",\"dateModified\":\"2017-02-10T09:08:36+00:00\",\"description\":\"Beim Schnorcheln und am Strand wird die \u00fcberfl\u00fcssige Luft herausgedr\u00fcckt. Beim Tauchen, je nach Tiefe des geplanten Tauchgangs, f\u00fcr zus\u00e4tzliche Luft sorgen.\",\"breadcrumb\":{\"@id\":\"https:\\\/\\\/ewa-marine.com\\\/de\\\/service\\\/ueberfluessige-luft-im-gehaeuse\\\/#breadcrumb\"},\"inLanguage\":\"de\",\"potentialAction\":[{\"@type\":\"ReadAction\",\"target\":[\"https:\\\/\\\/ewa-marine.com\\\/de\\\/service\\\/ueberfluessige-luft-im-gehaeuse\\\/\"]}]},{\"@type\":\"ImageObject\",\"inLanguage\":\"de\",\"@id\":\"https:\\\/\\\/ewa-marine.com\\\/de\\\/service\\\/ueberfluessige-luft-im-gehaeuse\\\/#primaryimage\",\"url\":\"https:\\\/\\\/ewa-marine.com\\\/wp-content\\\/uploads\\\/2015\\\/07\\\/read-more.png\",\"contentUrl\":\"https:\\\/\\\/ewa-marine.com\\\/wp-content\\\/uploads\\\/2015\\\/07\\\/read-more.png\",\"width\":200,\"height\":200,\"caption\":\"Stativ-Bodenplatte\"},{\"@type\":\"BreadcrumbList\",\"@id\":\"https:\\\/\\\/ewa-marine.com\\\/de\\\/service\\\/ueberfluessige-luft-im-gehaeuse\\\/#breadcrumb\",\"itemListElement\":[{\"@type\":\"ListItem\",\"position\":1,\"name\":\"Startseite\",\"item\":\"https:\\\/\\\/www.ewa-marine.de\\\/\"},{\"@type\":\"ListItem\",\"position\":2,\"name\":\"Service\",\"item\":\"https:\\\/\\\/www.ewa-marine.de\\\/service\\\/\"},{\"@type\":\"ListItem\",\"position\":3,\"name\":\"Luft im Geh\u00e4use: ist sie \u00fcberfl\u00fcssig?\"}]},{\"@type\":\"WebSite\",\"@id\":\"https:\\\/\\\/ewa-marine.com\\\/de\\\/#website\",\"url\":\"https:\\\/\\\/ewa-marine.com\\\/de\\\/\",\"name\":\"ewa-marine\",\"description\":\"Capture the Extreme !\",\"potentialAction\":[{\"@type\":\"SearchAction\",\"target\":{\"@type\":\"EntryPoint\",\"urlTemplate\":\"https:\\\/\\\/ewa-marine.com\\\/de\\\/?s={search_term_string}\"},\"query-input\":{\"@type\":\"PropertyValueSpecification\",\"valueRequired\":true,\"valueName\":\"search_term_string\"}}],\"inLanguage\":\"de\"}]}<\/script>\n<!-- \/ Yoast SEO plugin. -->","yoast_head_json":{"title":"Luft im Geh\u00e4use: ist sie \u00fcberfl\u00fcssig? - ewa-marine","description":"Beim Schnorcheln und am Strand wird die \u00fcberfl\u00fcssige Luft herausgedr\u00fcckt. Beim Tauchen, je nach Tiefe des geplanten Tauchgangs, f\u00fcr zus\u00e4tzliche Luft sorgen.","robots":{"index":"index","follow":"follow","max-snippet":"max-snippet:-1","max-image-preview":"max-image-preview:large","max-video-preview":"max-video-preview:-1"},"canonical":"https:\/\/ewa-marine.com\/de\/service\/ueberfluessige-luft-im-gehaeuse\/","og_locale":"de_DE","og_type":"article","og_title":"Luft im Geh\u00e4use: ist sie \u00fcberfl\u00fcssig? - ewa-marine","og_description":"Beim Schnorcheln und am Strand wird die \u00fcberfl\u00fcssige Luft herausgedr\u00fcckt. Beim Tauchen, je nach Tiefe des geplanten Tauchgangs, f\u00fcr zus\u00e4tzliche Luft sorgen.","og_url":"https:\/\/ewa-marine.com\/de\/service\/ueberfluessige-luft-im-gehaeuse\/","og_site_name":"ewa-marine","article_publisher":"https:\/\/www.facebook.com\/ewa-marine","article_modified_time":"2017-02-10T09:08:36+00:00","og_image":[{"width":200,"height":200,"url":"https:\/\/ewa-marine.com\/wp-content\/uploads\/2015\/07\/read-more.png","type":"image\/png"}],"twitter_card":"summary_large_image","twitter_site":"@ewa_marine","twitter_misc":{"Gesch\u00e4tzte Lesezeit":"1\u00a0Minute"},"schema":{"@context":"https:\/\/schema.org","@graph":[{"@type":"WebPage","@id":"https:\/\/ewa-marine.com\/de\/service\/ueberfluessige-luft-im-gehaeuse\/","url":"https:\/\/ewa-marine.com\/de\/service\/ueberfluessige-luft-im-gehaeuse\/","name":"Luft im Geh\u00e4use: ist sie \u00fcberfl\u00fcssig? - ewa-marine","isPartOf":{"@id":"https:\/\/ewa-marine.com\/de\/#website"},"primaryImageOfPage":{"@id":"https:\/\/ewa-marine.com\/de\/service\/ueberfluessige-luft-im-gehaeuse\/#primaryimage"},"image":{"@id":"https:\/\/ewa-marine.com\/de\/service\/ueberfluessige-luft-im-gehaeuse\/#primaryimage"},"thumbnailUrl":"https:\/\/ewa-marine.com\/wp-content\/uploads\/2015\/07\/read-more.png","datePublished":"2015-07-15T12:20:37+00:00","dateModified":"2017-02-10T09:08:36+00:00","description":"Beim Schnorcheln und am Strand wird die \u00fcberfl\u00fcssige Luft herausgedr\u00fcckt. Beim Tauchen, je nach Tiefe des geplanten Tauchgangs, f\u00fcr zus\u00e4tzliche Luft sorgen.","breadcrumb":{"@id":"https:\/\/ewa-marine.com\/de\/service\/ueberfluessige-luft-im-gehaeuse\/#breadcrumb"},"inLanguage":"de","potentialAction":[{"@type":"ReadAction","target":["https:\/\/ewa-marine.com\/de\/service\/ueberfluessige-luft-im-gehaeuse\/"]}]},{"@type":"ImageObject","inLanguage":"de","@id":"https:\/\/ewa-marine.com\/de\/service\/ueberfluessige-luft-im-gehaeuse\/#primaryimage","url":"https:\/\/ewa-marine.com\/wp-content\/uploads\/2015\/07\/read-more.png","contentUrl":"https:\/\/ewa-marine.com\/wp-content\/uploads\/2015\/07\/read-more.png","width":200,"height":200,"caption":"Stativ-Bodenplatte"},{"@type":"BreadcrumbList","@id":"https:\/\/ewa-marine.com\/de\/service\/ueberfluessige-luft-im-gehaeuse\/#breadcrumb","itemListElement":[{"@type":"ListItem","position":1,"name":"Startseite","item":"https:\/\/www.ewa-marine.de\/"},{"@type":"ListItem","position":2,"name":"Service","item":"https:\/\/www.ewa-marine.de\/service\/"},{"@type":"ListItem","position":3,"name":"Luft im Geh\u00e4use: ist sie \u00fcberfl\u00fcssig?"}]},{"@type":"WebSite","@id":"https:\/\/ewa-marine.com\/de\/#website","url":"https:\/\/ewa-marine.com\/de\/","name":"ewa-marine","description":"Capture the Extreme !","potentialAction":[{"@type":"SearchAction","target":{"@type":"EntryPoint","urlTemplate":"https:\/\/ewa-marine.com\/de\/?s={search_term_string}"},"query-input":{"@type":"PropertyValueSpecification","valueRequired":true,"valueName":"search_term_string"}}],"inLanguage":"de"}]}},"_links":{"self":[{"href":"https:\/\/ewa-marine.com\/de\/wp-json\/wp\/v2\/pages\/1240","targetHints":{"allow":["GET"]}}],"collection":[{"href":"https:\/\/ewa-marine.com\/de\/wp-json\/wp\/v2\/pages"}],"about":[{"href":"https:\/\/ewa-marine.com\/de\/wp-json\/wp\/v2\/types\/page"}],"author":[{"embeddable":true,"href":"https:\/\/ewa-marine.com\/de\/wp-json\/wp\/v2\/users\/2"}],"replies":[{"embeddable":true,"href":"https:\/\/ewa-marine.com\/de\/wp-json\/wp\/v2\/comments?post=1240"}],"version-history":[{"count":0,"href":"https:\/\/ewa-marine.com\/de\/wp-json\/wp\/v2\/pages\/1240\/revisions"}],"up":[{"embeddable":true,"href":"https:\/\/ewa-marine.com\/de\/wp-json\/wp\/v2\/pages\/997"}],"wp:featuredmedia":[{"embeddable":true,"href":"https:\/\/ewa-marine.com\/de\/wp-json\/wp\/v2\/media\/384"}],"wp:attachment":[{"href":"https:\/\/ewa-marine.com\/de\/wp-json\/wp\/v2\/media?parent=1240"}],"curies":[{"name":"wp","href":"https:\/\/api.w.org\/{rel}","templated":true}]}}