{"id":1245,"date":"2015-07-15T13:31:15","date_gmt":"2015-07-15T12:31:15","guid":{"rendered":"http:\/\/de.dicapac.de\/?page_id=1245"},"modified":"2019-01-28T09:21:27","modified_gmt":"2019-01-28T08:21:27","slug":"nutzen-der-av110-und-caf-adapter","status":"publish","type":"page","link":"https:\/\/ewa-marine.com\/de\/service\/nutzen-der-av110-und-caf-adapter\/","title":{"rendered":"Adapter AV110 und C-A"},"content":{"rendered":"<div id=\"pl-1245\"  class=\"panel-layout\" ><div id=\"pg-1245-0\"  class=\"panel-grid panel-no-style\" ><div id=\"pgc-1245-0-0\"  class=\"panel-grid-cell\" ><div id=\"panel-1245-0-0-0\" class=\"so-panel widget widget_kadence_simple_image kadence_simple_image panel-first-child\" data-index=\"0\" ><div class=\"kad_img_upload_widget  kt-shape-type- kt-image-align-center kt-image-widget-widget-0-0-0\"><a href=\"\/produkte\/zubehoer-2\/av110\/%20\" target=\"_self\"><div class=\"kt-image-contain  \"><div class=\"kt-image-inner-contain\"><img decoding=\"async\" src=\"https:\/\/ewa-marine.com\/wp-content\/uploads\/2015\/07\/AV110-Adapter-200x150.jpg\"><\/div><\/div><\/a><div class=\"kadence_image_widget_caption\">AV110 Adapter:\nUm mehr dar\u00fcber zu erfahren, folgen Sie dem Link<\/div><\/div><\/div><div id=\"panel-1245-0-0-1\" class=\"so-panel widget widget_kadence_simple_image kadence_simple_image panel-last-child\" data-index=\"1\" ><div class=\"kad_img_upload_widget  kt-shape-type- kt-image-align-center kt-image-widget-widget-0-0-1\"><a href=\"\/produkte\/zubehoer-2\/ca-adapter\/\" target=\"_self\"><div class=\"kt-image-contain  \"><div class=\"kt-image-inner-contain\"><img decoding=\"async\" src=\"https:\/\/ewa-marine.com\/wp-content\/uploads\/2015\/07\/CAF-Ringadapter-200x150.jpg\"><\/div><\/div><\/a><div class=\"kadence_image_widget_caption\">CAF Ringadapter:\nUm mehr dar\u00fcber zu erfahren, folgen Sie dem Link<\/div><\/div><\/div><\/div><div id=\"pgc-1245-0-1\"  class=\"panel-grid-cell\" ><div id=\"panel-1245-0-1-0\" class=\"so-panel widget widget_black-studio-tinymce widget_black_studio_tinymce panel-first-child panel-last-child\" data-index=\"2\" ><div class=\"textwidget\"><h1>AV110 und C-A Adapter<\/h1>\n<h2>Wof\u00fcr braucht man sie?<\/h2>\n<p>Der <strong>Autofokus-Vorsatz AV110<\/strong> ist ein <strong>Abstandshalter f\u00fcr das Foto-Objektiv<\/strong> (im Lieferumfang der D-A-Serie enthalten) der verhindert, da\u00df beim Einsatz unter Wasser die vorher eingestellte Brennweite des Objektives durch den Wasserdruck nicht ver\u00e4ndert wird. Durch den AV110 ist es nicht m\u00f6glich, unter Wasser zu zoomen und das Objektiv zu verstellen. Sie m\u00fcssen mit einer fest eingestellten Brennweiten fotografieren. Am besten eignen sich hierf\u00fcr Festbrennweiten-Objektive.<\/p>\n<p>Der AV110 wird an das Stativgewinde der SLR-Kamera angeschraubt. Die andere Seite des Halters endet in einem Ring, der von innen an den Rahmen des Geh\u00e4usefrontglases angeklickt wird.<\/p>\n<p>Wollen Sie \u00fcber Wasser Bilder machen, empfehlen wir Ihnen das <strong>CA-Adapter-Set <\/strong>(als Zubeh\u00f6r erh\u00e4ltlich). Die ewa-marine C-A Adapter werden anstelle des ewa-marine AV110 direkt an das Objektiv geschraubt und anschlie\u00dfend in die Innenseite des Frontglasrings geklemmt. Durch leichtes, vorsichtiges Ziehen und Schieben am Frontglas k\u00f6nnen Sie dann die Brennweite von au\u00dfen verstellen. NUR \u00dcBER WASSER M\u00d6GLICH!<\/p>\n<p>Das CA-Adapter-System <strong>besteht aus mindestens zwei Ringen<\/strong>. Dem C-AF-Ring und einem Adapter-Ring (Filtergewinde 49, 52, 55, 58, und 62mm). Die Verbindung der beiden Ringe wird durch das Nut-und-Feder-System hergestellt. Zuerst wird der entsprechende Adapter-Ring auf das Objektiv geschraubt und dann der geschlitzte C-AF-Ring aufgesetzt.<\/p>\n<p>Dann wird das Objektiv mit dem C-AF-Adapter von innen in die Frontfassung des Geh\u00e4uses oder Capes geklemmt, und l\u00e4sst das Objektiv trotzdem noch drehen zum Zoomen oder Fokussieren.<\/p>\n<p>Das C-A-Adapter-Set enth\u00e4lt einen C-AF-Ring und die <strong>Adapterringe 49, 52, 55, 58 und 62mm<\/strong>.<\/p>\n<p>F\u00fcr die Filtergr\u00f6\u00dfen 67mm und 72mm gibt es als Sonderzubeh\u00f6r die Spezial-Adapter C-A67 bzw. C-A72.<\/p>\n<\/div><\/div><\/div><\/div><\/div>","protected":false},"excerpt":{"rendered":"<p>AV110 und C-A Adapter Wof\u00fcr braucht man sie? Der Autofokus-Vorsatz AV110 ist ein Abstandshalter f\u00fcr das Foto-Objektiv (im Lieferumfang der D-A-Serie enthalten) der verhindert, da\u00df beim Einsatz unter Wasser die vorher eingestellte Brennweite des Objektives durch den Wasserdruck nicht ver\u00e4ndert wird. Durch den AV110 ist es nicht m\u00f6glich, unter Wasser zu zoomen und das Objektiv zu verstellen. Sie m\u00fcssen mit einer fest eingestellten Brennweiten fotografieren. Am besten eignen sich hierf\u00fcr Festbrennweiten-Objektive. Der AV110 wird an das Stativgewinde der SLR-Kamera angeschraubt. &hellip; <a href=\"https:\/\/ewa-marine.com\/de\/service\/nutzen-der-av110-und-caf-adapter\/\">Weiterlesen<\/a><\/p>\n","protected":false},"author":2,"featured_media":951,"parent":997,"menu_order":8,"comment_status":"closed","ping_status":"closed","template":"","meta":{"kt_blocks_editor_width":"","footnotes":""},"class_list":["post-1245","page","type-page","status-publish","has-post-thumbnail","hentry"],"yoast_head":"<!-- This site is optimized with the Yoast SEO plugin v27.4 - https:\/\/yoast.com\/product\/yoast-seo-wordpress\/ -->\n<title>Adapter AV110 und C-A - ewa-marine<\/title>\n<meta name=\"description\" content=\"Der AV110 Adapter verhindert, dass beim Einsatz unter Wasser die vorher eingestellte Brennweite des Objektives durch den Wasserdruck ver\u00e4ndert wird.\" \/>\n<meta name=\"robots\" content=\"index, follow, max-snippet:-1, max-image-preview:large, max-video-preview:-1\" \/>\n<link rel=\"canonical\" href=\"https:\/\/ewa-marine.com\/de\/service\/nutzen-der-av110-und-caf-adapter\/\" \/>\n<meta property=\"og:locale\" content=\"de_DE\" \/>\n<meta property=\"og:type\" content=\"article\" \/>\n<meta property=\"og:title\" content=\"Adapter AV110 und C-A - ewa-marine\" \/>\n<meta property=\"og:description\" content=\"Der AV110 Adapter verhindert, dass beim Einsatz unter Wasser die vorher eingestellte Brennweite des Objektives durch den Wasserdruck ver\u00e4ndert wird.\" \/>\n<meta property=\"og:url\" content=\"https:\/\/ewa-marine.com\/de\/service\/nutzen-der-av110-und-caf-adapter\/\" \/>\n<meta property=\"og:site_name\" content=\"ewa-marine\" \/>\n<meta property=\"article:publisher\" content=\"https:\/\/www.facebook.com\/ewa-marine\" \/>\n<meta property=\"article:modified_time\" content=\"2019-01-28T08:21:27+00:00\" \/>\n<meta property=\"og:image\" content=\"https:\/\/ewa-marine.com\/wp-content\/uploads\/2015\/07\/ewa-marine-icon.jpg\" \/>\n\t<meta property=\"og:image:width\" content=\"250\" \/>\n\t<meta property=\"og:image:height\" content=\"250\" \/>\n\t<meta property=\"og:image:type\" content=\"image\/jpeg\" \/>\n<meta name=\"twitter:card\" content=\"summary_large_image\" \/>\n<meta name=\"twitter:site\" content=\"@ewa_marine\" \/>\n<meta name=\"twitter:label1\" content=\"Gesch\u00e4tzte Lesezeit\" \/>\n\t<meta name=\"twitter:data1\" content=\"1\u00a0Minute\" \/>\n<script type=\"application\/ld+json\" class=\"yoast-schema-graph\">{\"@context\":\"https:\\\/\\\/schema.org\",\"@graph\":[{\"@type\":\"WebPage\",\"@id\":\"https:\\\/\\\/ewa-marine.com\\\/de\\\/service\\\/nutzen-der-av110-und-caf-adapter\\\/\",\"url\":\"https:\\\/\\\/ewa-marine.com\\\/de\\\/service\\\/nutzen-der-av110-und-caf-adapter\\\/\",\"name\":\"Adapter AV110 und C-A - ewa-marine\",\"isPartOf\":{\"@id\":\"https:\\\/\\\/ewa-marine.com\\\/de\\\/#website\"},\"primaryImageOfPage\":{\"@id\":\"https:\\\/\\\/ewa-marine.com\\\/de\\\/service\\\/nutzen-der-av110-und-caf-adapter\\\/#primaryimage\"},\"image\":{\"@id\":\"https:\\\/\\\/ewa-marine.com\\\/de\\\/service\\\/nutzen-der-av110-und-caf-adapter\\\/#primaryimage\"},\"thumbnailUrl\":\"https:\\\/\\\/ewa-marine.com\\\/wp-content\\\/uploads\\\/2015\\\/07\\\/Reduzieradapter-49-58-200x200.jpg\",\"datePublished\":\"2015-07-15T12:31:15+00:00\",\"dateModified\":\"2019-01-28T08:21:27+00:00\",\"description\":\"Der AV110 Adapter verhindert, dass beim Einsatz unter Wasser die vorher eingestellte Brennweite des Objektives durch den Wasserdruck ver\u00e4ndert wird.\",\"breadcrumb\":{\"@id\":\"https:\\\/\\\/ewa-marine.com\\\/de\\\/service\\\/nutzen-der-av110-und-caf-adapter\\\/#breadcrumb\"},\"inLanguage\":\"de\",\"potentialAction\":[{\"@type\":\"ReadAction\",\"target\":[\"https:\\\/\\\/ewa-marine.com\\\/de\\\/service\\\/nutzen-der-av110-und-caf-adapter\\\/\"]}]},{\"@type\":\"ImageObject\",\"inLanguage\":\"de\",\"@id\":\"https:\\\/\\\/ewa-marine.com\\\/de\\\/service\\\/nutzen-der-av110-und-caf-adapter\\\/#primaryimage\",\"url\":\"https:\\\/\\\/ewa-marine.com\\\/wp-content\\\/uploads\\\/2015\\\/07\\\/Reduzieradapter-49-58-200x200.jpg\",\"contentUrl\":\"https:\\\/\\\/ewa-marine.com\\\/wp-content\\\/uploads\\\/2015\\\/07\\\/Reduzieradapter-49-58-200x200.jpg\",\"width\":200,\"height\":200,\"caption\":\"Reduieradapter\"},{\"@type\":\"BreadcrumbList\",\"@id\":\"https:\\\/\\\/ewa-marine.com\\\/de\\\/service\\\/nutzen-der-av110-und-caf-adapter\\\/#breadcrumb\",\"itemListElement\":[{\"@type\":\"ListItem\",\"position\":1,\"name\":\"Startseite\",\"item\":\"https:\\\/\\\/www.ewa-marine.de\\\/\"},{\"@type\":\"ListItem\",\"position\":2,\"name\":\"Service\",\"item\":\"https:\\\/\\\/www.ewa-marine.de\\\/service\\\/\"},{\"@type\":\"ListItem\",\"position\":3,\"name\":\"Adapter AV110 und C-A\"}]},{\"@type\":\"WebSite\",\"@id\":\"https:\\\/\\\/ewa-marine.com\\\/de\\\/#website\",\"url\":\"https:\\\/\\\/ewa-marine.com\\\/de\\\/\",\"name\":\"ewa-marine\",\"description\":\"Capture the Extreme !\",\"potentialAction\":[{\"@type\":\"SearchAction\",\"target\":{\"@type\":\"EntryPoint\",\"urlTemplate\":\"https:\\\/\\\/ewa-marine.com\\\/de\\\/?s={search_term_string}\"},\"query-input\":{\"@type\":\"PropertyValueSpecification\",\"valueRequired\":true,\"valueName\":\"search_term_string\"}}],\"inLanguage\":\"de\"}]}<\/script>\n<!-- \/ Yoast SEO plugin. -->","yoast_head_json":{"title":"Adapter AV110 und C-A - ewa-marine","description":"Der AV110 Adapter verhindert, dass beim Einsatz unter Wasser die vorher eingestellte Brennweite des Objektives durch den Wasserdruck ver\u00e4ndert wird.","robots":{"index":"index","follow":"follow","max-snippet":"max-snippet:-1","max-image-preview":"max-image-preview:large","max-video-preview":"max-video-preview:-1"},"canonical":"https:\/\/ewa-marine.com\/de\/service\/nutzen-der-av110-und-caf-adapter\/","og_locale":"de_DE","og_type":"article","og_title":"Adapter AV110 und C-A - ewa-marine","og_description":"Der AV110 Adapter verhindert, dass beim Einsatz unter Wasser die vorher eingestellte Brennweite des Objektives durch den Wasserdruck ver\u00e4ndert wird.","og_url":"https:\/\/ewa-marine.com\/de\/service\/nutzen-der-av110-und-caf-adapter\/","og_site_name":"ewa-marine","article_publisher":"https:\/\/www.facebook.com\/ewa-marine","article_modified_time":"2019-01-28T08:21:27+00:00","og_image":[{"width":250,"height":250,"url":"https:\/\/ewa-marine.com\/wp-content\/uploads\/2015\/07\/ewa-marine-icon.jpg","type":"image\/jpeg"}],"twitter_card":"summary_large_image","twitter_site":"@ewa_marine","twitter_misc":{"Gesch\u00e4tzte Lesezeit":"1\u00a0Minute"},"schema":{"@context":"https:\/\/schema.org","@graph":[{"@type":"WebPage","@id":"https:\/\/ewa-marine.com\/de\/service\/nutzen-der-av110-und-caf-adapter\/","url":"https:\/\/ewa-marine.com\/de\/service\/nutzen-der-av110-und-caf-adapter\/","name":"Adapter AV110 und C-A - ewa-marine","isPartOf":{"@id":"https:\/\/ewa-marine.com\/de\/#website"},"primaryImageOfPage":{"@id":"https:\/\/ewa-marine.com\/de\/service\/nutzen-der-av110-und-caf-adapter\/#primaryimage"},"image":{"@id":"https:\/\/ewa-marine.com\/de\/service\/nutzen-der-av110-und-caf-adapter\/#primaryimage"},"thumbnailUrl":"https:\/\/ewa-marine.com\/wp-content\/uploads\/2015\/07\/Reduzieradapter-49-58-200x200.jpg","datePublished":"2015-07-15T12:31:15+00:00","dateModified":"2019-01-28T08:21:27+00:00","description":"Der AV110 Adapter verhindert, dass beim Einsatz unter Wasser die vorher eingestellte Brennweite des Objektives durch den Wasserdruck ver\u00e4ndert wird.","breadcrumb":{"@id":"https:\/\/ewa-marine.com\/de\/service\/nutzen-der-av110-und-caf-adapter\/#breadcrumb"},"inLanguage":"de","potentialAction":[{"@type":"ReadAction","target":["https:\/\/ewa-marine.com\/de\/service\/nutzen-der-av110-und-caf-adapter\/"]}]},{"@type":"ImageObject","inLanguage":"de","@id":"https:\/\/ewa-marine.com\/de\/service\/nutzen-der-av110-und-caf-adapter\/#primaryimage","url":"https:\/\/ewa-marine.com\/wp-content\/uploads\/2015\/07\/Reduzieradapter-49-58-200x200.jpg","contentUrl":"https:\/\/ewa-marine.com\/wp-content\/uploads\/2015\/07\/Reduzieradapter-49-58-200x200.jpg","width":200,"height":200,"caption":"Reduieradapter"},{"@type":"BreadcrumbList","@id":"https:\/\/ewa-marine.com\/de\/service\/nutzen-der-av110-und-caf-adapter\/#breadcrumb","itemListElement":[{"@type":"ListItem","position":1,"name":"Startseite","item":"https:\/\/www.ewa-marine.de\/"},{"@type":"ListItem","position":2,"name":"Service","item":"https:\/\/www.ewa-marine.de\/service\/"},{"@type":"ListItem","position":3,"name":"Adapter AV110 und C-A"}]},{"@type":"WebSite","@id":"https:\/\/ewa-marine.com\/de\/#website","url":"https:\/\/ewa-marine.com\/de\/","name":"ewa-marine","description":"Capture the Extreme !","potentialAction":[{"@type":"SearchAction","target":{"@type":"EntryPoint","urlTemplate":"https:\/\/ewa-marine.com\/de\/?s={search_term_string}"},"query-input":{"@type":"PropertyValueSpecification","valueRequired":true,"valueName":"search_term_string"}}],"inLanguage":"de"}]}},"_links":{"self":[{"href":"https:\/\/ewa-marine.com\/de\/wp-json\/wp\/v2\/pages\/1245","targetHints":{"allow":["GET"]}}],"collection":[{"href":"https:\/\/ewa-marine.com\/de\/wp-json\/wp\/v2\/pages"}],"about":[{"href":"https:\/\/ewa-marine.com\/de\/wp-json\/wp\/v2\/types\/page"}],"author":[{"embeddable":true,"href":"https:\/\/ewa-marine.com\/de\/wp-json\/wp\/v2\/users\/2"}],"replies":[{"embeddable":true,"href":"https:\/\/ewa-marine.com\/de\/wp-json\/wp\/v2\/comments?post=1245"}],"version-history":[{"count":0,"href":"https:\/\/ewa-marine.com\/de\/wp-json\/wp\/v2\/pages\/1245\/revisions"}],"up":[{"embeddable":true,"href":"https:\/\/ewa-marine.com\/de\/wp-json\/wp\/v2\/pages\/997"}],"wp:featuredmedia":[{"embeddable":true,"href":"https:\/\/ewa-marine.com\/de\/wp-json\/wp\/v2\/media\/951"}],"wp:attachment":[{"href":"https:\/\/ewa-marine.com\/de\/wp-json\/wp\/v2\/media?parent=1245"}],"curies":[{"name":"wp","href":"https:\/\/api.w.org\/{rel}","templated":true}]}}