{"id":1256,"date":"2015-07-15T13:47:21","date_gmt":"2015-07-15T12:47:21","guid":{"rendered":"http:\/\/de.dicapac.de\/?page_id=1256"},"modified":"2015-07-16T12:45:29","modified_gmt":"2015-07-16T11:45:29","slug":"reinigungsbedarf-des-gehaeuses","status":"publish","type":"page","link":"https:\/\/ewa-marine.com\/de\/service\/reinigungsbedarf-des-gehaeuses\/","title":{"rendered":"Reinigungsbedarf des Geh\u00e4uses"},"content":{"rendered":"<div id=\"pl-1256\"  class=\"panel-layout\" ><div id=\"pg-1256-0\"  class=\"panel-grid panel-no-style\" ><div id=\"pgc-1256-0-0\"  class=\"panel-grid-cell\" ><div id=\"panel-1256-0-0-0\" class=\"so-panel widget widget_kadence_simple_image kadence_simple_image panel-first-child panel-last-child\" data-index=\"0\" ><div class=\"kad_img_upload_widget  kt-shape-type- kt-image-align-center kt-image-widget-widget-0-0-0\"><a href=\"https:\/\/ewa-marine.com\/wp-content\/uploads\/2015\/07\/diver-4.jpg\" rel=\"lightbox\"><div class=\"kt-image-contain  \"><div class=\"kt-image-inner-contain\"><img decoding=\"async\" src=\"https:\/\/ewa-marine.com\/wp-content\/uploads\/2015\/07\/diver-4.jpg\"><\/div><\/div><\/a><\/div><\/div><\/div><div id=\"pgc-1256-0-1\"  class=\"panel-grid-cell\" ><div id=\"panel-1256-0-1-0\" class=\"so-panel widget widget_black-studio-tinymce widget_black_studio_tinymce panel-first-child panel-last-child\" data-index=\"1\" ><div class=\"textwidget\"><h1>Reinigungsbedarf des Geh\u00e4uses<\/h1>\n<h2>Muss ich das Geh\u00e4use pflegen ? Und wenn ja, wie ?<\/h2>\n<p>Der <strong>Reinigungsbedarf des Geh\u00e4uses ist sehr gering<\/strong>: Eincremen oder \u00e4hnliches ist nicht notwendig. Sie sollten lediglich nach Gebrauch am oder im Meerwasser das Geh\u00e4use sp\u00e4testens am Abend mit Frischwasser absp\u00fclen und trocknen. Nach dem Urlaub sollten die Schrauben und Gewinde mit einem Tropfen \u00d6l wieder poliert und eingerieben werden. Wie Sie ja selbst wissen, ist Salzwasser auf Dauer sehr aggresiv und greift jedes Material an. Deshalb nach Gebrauch kurz abwaschen und trocknen, fertig.<\/p>\n<p>Setzten Sie das Geh\u00e4use nicht der direkten Sonneneinstrahlung aus, das tut weder Ihrer Kamera, Ihrem Camcorder noch dem Geh\u00e4use gut. Legen Sie einfach ein Handtuch dr\u00fcber und schon k\u00f6nnen UV-Strahlen keinen Schaden mehr anrichten.<\/p>\n<p><strong>Lagern Sie das Schutz-Geh\u00e4use an einem dunklen Ort<\/strong>, legen Sie keine anderen Gegenst\u00e4nde drauf und knicken Sie es nicht. Durch langes abknicken und\/oder Temperaturunterschiede kann das Material an dieser Stelle por\u00f6s und l\u00f6chrig werden. Legen Sie es am besten hin und klemmen Sie ein St\u00fcck Schaumstoff in die Geh\u00e4use\u00f6ffnung damit im Innern die Luft zirkulieren kann und sich keine Stockflecken bilden k\u00f6nnen.<\/p>\n<\/div><\/div><\/div><\/div><\/div>","protected":false},"excerpt":{"rendered":"<p>Reinigungsbedarf des Geh\u00e4usesMuss ich das Geh\u00e4use pflegen ? Und wenn ja, wie ?Der Reinigungsbedarf des Geh\u00e4uses ist sehr gering: Eincremen oder \u00e4hnliches ist nicht notwendig. Sie sollten lediglich nach Gebrauch am oder im Meerwasser das Geh\u00e4use sp\u00e4testens am Abend mit Frischwasser absp\u00fclen und trocknen. Nach dem Urlaub sollten die Schrauben und Gewinde mit einem Tropfen \u00d6l wieder poliert und eingerieben werden. Wie Sie ja selbst wissen, ist Salzwasser auf Dauer sehr aggresiv und greift jedes Material an. Deshalb nach Gebrauch &hellip; <a href=\"https:\/\/ewa-marine.com\/de\/service\/reinigungsbedarf-des-gehaeuses\/\">Weiterlesen<\/a><\/p>\n","protected":false},"author":2,"featured_media":384,"parent":997,"menu_order":9,"comment_status":"closed","ping_status":"closed","template":"","meta":{"kt_blocks_editor_width":"","footnotes":""},"class_list":["post-1256","page","type-page","status-publish","has-post-thumbnail","hentry"],"yoast_head":"<!-- This site is optimized with the Yoast SEO plugin v27.4 - https:\/\/yoast.com\/product\/yoast-seo-wordpress\/ -->\n<title>Reinigungsbedarf des Geh\u00e4uses - ewa-marine<\/title>\n<meta name=\"description\" content=\"Der Reinigungsbedarf des Geh\u00e4uses ist sehr gering. Nach Gebrauch im Meerwasser sollten Sie das Geh\u00e4use sp\u00e4testens am Abend mit Frischwasser absp\u00fclen.\" \/>\n<meta name=\"robots\" content=\"index, follow, max-snippet:-1, max-image-preview:large, max-video-preview:-1\" \/>\n<link rel=\"canonical\" href=\"https:\/\/ewa-marine.com\/de\/service\/reinigungsbedarf-des-gehaeuses\/\" \/>\n<meta property=\"og:locale\" content=\"de_DE\" \/>\n<meta property=\"og:type\" content=\"article\" \/>\n<meta property=\"og:title\" content=\"Reinigungsbedarf des Geh\u00e4uses - ewa-marine\" \/>\n<meta property=\"og:description\" content=\"Der Reinigungsbedarf des Geh\u00e4uses ist sehr gering. Nach Gebrauch im Meerwasser sollten Sie das Geh\u00e4use sp\u00e4testens am Abend mit Frischwasser absp\u00fclen.\" \/>\n<meta property=\"og:url\" content=\"https:\/\/ewa-marine.com\/de\/service\/reinigungsbedarf-des-gehaeuses\/\" \/>\n<meta property=\"og:site_name\" content=\"ewa-marine\" \/>\n<meta property=\"article:publisher\" content=\"https:\/\/www.facebook.com\/ewa-marine\" \/>\n<meta property=\"article:modified_time\" content=\"2015-07-16T11:45:29+00:00\" \/>\n<meta property=\"og:image\" content=\"http:\/\/www.ewa-marine.de\/wp-content\/uploads\/2015\/07\/diver-4.jpg\" \/>\n<meta name=\"twitter:card\" content=\"summary_large_image\" \/>\n<meta name=\"twitter:site\" content=\"@ewa_marine\" \/>\n<meta name=\"twitter:label1\" content=\"Gesch\u00e4tzte Lesezeit\" \/>\n\t<meta name=\"twitter:data1\" content=\"1\u00a0Minute\" \/>\n<script type=\"application\/ld+json\" class=\"yoast-schema-graph\">{\"@context\":\"https:\\\/\\\/schema.org\",\"@graph\":[{\"@type\":\"WebPage\",\"@id\":\"https:\\\/\\\/ewa-marine.com\\\/de\\\/service\\\/reinigungsbedarf-des-gehaeuses\\\/\",\"url\":\"https:\\\/\\\/ewa-marine.com\\\/de\\\/service\\\/reinigungsbedarf-des-gehaeuses\\\/\",\"name\":\"Reinigungsbedarf des Geh\u00e4uses - ewa-marine\",\"isPartOf\":{\"@id\":\"https:\\\/\\\/ewa-marine.com\\\/de\\\/#website\"},\"primaryImageOfPage\":{\"@id\":\"https:\\\/\\\/ewa-marine.com\\\/de\\\/service\\\/reinigungsbedarf-des-gehaeuses\\\/#primaryimage\"},\"image\":{\"@id\":\"https:\\\/\\\/ewa-marine.com\\\/de\\\/service\\\/reinigungsbedarf-des-gehaeuses\\\/#primaryimage\"},\"thumbnailUrl\":\"https:\\\/\\\/ewa-marine.com\\\/wp-content\\\/uploads\\\/2015\\\/07\\\/read-more.png\",\"datePublished\":\"2015-07-15T12:47:21+00:00\",\"dateModified\":\"2015-07-16T11:45:29+00:00\",\"description\":\"Der Reinigungsbedarf des Geh\u00e4uses ist sehr gering. Nach Gebrauch im Meerwasser sollten Sie das Geh\u00e4use sp\u00e4testens am Abend mit Frischwasser absp\u00fclen.\",\"breadcrumb\":{\"@id\":\"https:\\\/\\\/ewa-marine.com\\\/de\\\/service\\\/reinigungsbedarf-des-gehaeuses\\\/#breadcrumb\"},\"inLanguage\":\"de\",\"potentialAction\":[{\"@type\":\"ReadAction\",\"target\":[\"https:\\\/\\\/ewa-marine.com\\\/de\\\/service\\\/reinigungsbedarf-des-gehaeuses\\\/\"]}]},{\"@type\":\"ImageObject\",\"inLanguage\":\"de\",\"@id\":\"https:\\\/\\\/ewa-marine.com\\\/de\\\/service\\\/reinigungsbedarf-des-gehaeuses\\\/#primaryimage\",\"url\":\"https:\\\/\\\/ewa-marine.com\\\/wp-content\\\/uploads\\\/2015\\\/07\\\/read-more.png\",\"contentUrl\":\"https:\\\/\\\/ewa-marine.com\\\/wp-content\\\/uploads\\\/2015\\\/07\\\/read-more.png\",\"width\":200,\"height\":200,\"caption\":\"Stativ-Bodenplatte\"},{\"@type\":\"BreadcrumbList\",\"@id\":\"https:\\\/\\\/ewa-marine.com\\\/de\\\/service\\\/reinigungsbedarf-des-gehaeuses\\\/#breadcrumb\",\"itemListElement\":[{\"@type\":\"ListItem\",\"position\":1,\"name\":\"Startseite\",\"item\":\"https:\\\/\\\/www.ewa-marine.de\\\/\"},{\"@type\":\"ListItem\",\"position\":2,\"name\":\"Service\",\"item\":\"https:\\\/\\\/www.ewa-marine.de\\\/service\\\/\"},{\"@type\":\"ListItem\",\"position\":3,\"name\":\"Reinigungsbedarf des Geh\u00e4uses\"}]},{\"@type\":\"WebSite\",\"@id\":\"https:\\\/\\\/ewa-marine.com\\\/de\\\/#website\",\"url\":\"https:\\\/\\\/ewa-marine.com\\\/de\\\/\",\"name\":\"ewa-marine\",\"description\":\"Capture the Extreme !\",\"potentialAction\":[{\"@type\":\"SearchAction\",\"target\":{\"@type\":\"EntryPoint\",\"urlTemplate\":\"https:\\\/\\\/ewa-marine.com\\\/de\\\/?s={search_term_string}\"},\"query-input\":{\"@type\":\"PropertyValueSpecification\",\"valueRequired\":true,\"valueName\":\"search_term_string\"}}],\"inLanguage\":\"de\"}]}<\/script>\n<!-- \/ Yoast SEO plugin. -->","yoast_head_json":{"title":"Reinigungsbedarf des Geh\u00e4uses - ewa-marine","description":"Der Reinigungsbedarf des Geh\u00e4uses ist sehr gering. Nach Gebrauch im Meerwasser sollten Sie das Geh\u00e4use sp\u00e4testens am Abend mit Frischwasser absp\u00fclen.","robots":{"index":"index","follow":"follow","max-snippet":"max-snippet:-1","max-image-preview":"max-image-preview:large","max-video-preview":"max-video-preview:-1"},"canonical":"https:\/\/ewa-marine.com\/de\/service\/reinigungsbedarf-des-gehaeuses\/","og_locale":"de_DE","og_type":"article","og_title":"Reinigungsbedarf des Geh\u00e4uses - ewa-marine","og_description":"Der Reinigungsbedarf des Geh\u00e4uses ist sehr gering. Nach Gebrauch im Meerwasser sollten Sie das Geh\u00e4use sp\u00e4testens am Abend mit Frischwasser absp\u00fclen.","og_url":"https:\/\/ewa-marine.com\/de\/service\/reinigungsbedarf-des-gehaeuses\/","og_site_name":"ewa-marine","article_publisher":"https:\/\/www.facebook.com\/ewa-marine","article_modified_time":"2015-07-16T11:45:29+00:00","og_image":[{"url":"http:\/\/www.ewa-marine.de\/wp-content\/uploads\/2015\/07\/diver-4.jpg","type":"","width":"","height":""}],"twitter_card":"summary_large_image","twitter_site":"@ewa_marine","twitter_misc":{"Gesch\u00e4tzte Lesezeit":"1\u00a0Minute"},"schema":{"@context":"https:\/\/schema.org","@graph":[{"@type":"WebPage","@id":"https:\/\/ewa-marine.com\/de\/service\/reinigungsbedarf-des-gehaeuses\/","url":"https:\/\/ewa-marine.com\/de\/service\/reinigungsbedarf-des-gehaeuses\/","name":"Reinigungsbedarf des Geh\u00e4uses - ewa-marine","isPartOf":{"@id":"https:\/\/ewa-marine.com\/de\/#website"},"primaryImageOfPage":{"@id":"https:\/\/ewa-marine.com\/de\/service\/reinigungsbedarf-des-gehaeuses\/#primaryimage"},"image":{"@id":"https:\/\/ewa-marine.com\/de\/service\/reinigungsbedarf-des-gehaeuses\/#primaryimage"},"thumbnailUrl":"https:\/\/ewa-marine.com\/wp-content\/uploads\/2015\/07\/read-more.png","datePublished":"2015-07-15T12:47:21+00:00","dateModified":"2015-07-16T11:45:29+00:00","description":"Der Reinigungsbedarf des Geh\u00e4uses ist sehr gering. Nach Gebrauch im Meerwasser sollten Sie das Geh\u00e4use sp\u00e4testens am Abend mit Frischwasser absp\u00fclen.","breadcrumb":{"@id":"https:\/\/ewa-marine.com\/de\/service\/reinigungsbedarf-des-gehaeuses\/#breadcrumb"},"inLanguage":"de","potentialAction":[{"@type":"ReadAction","target":["https:\/\/ewa-marine.com\/de\/service\/reinigungsbedarf-des-gehaeuses\/"]}]},{"@type":"ImageObject","inLanguage":"de","@id":"https:\/\/ewa-marine.com\/de\/service\/reinigungsbedarf-des-gehaeuses\/#primaryimage","url":"https:\/\/ewa-marine.com\/wp-content\/uploads\/2015\/07\/read-more.png","contentUrl":"https:\/\/ewa-marine.com\/wp-content\/uploads\/2015\/07\/read-more.png","width":200,"height":200,"caption":"Stativ-Bodenplatte"},{"@type":"BreadcrumbList","@id":"https:\/\/ewa-marine.com\/de\/service\/reinigungsbedarf-des-gehaeuses\/#breadcrumb","itemListElement":[{"@type":"ListItem","position":1,"name":"Startseite","item":"https:\/\/www.ewa-marine.de\/"},{"@type":"ListItem","position":2,"name":"Service","item":"https:\/\/www.ewa-marine.de\/service\/"},{"@type":"ListItem","position":3,"name":"Reinigungsbedarf des Geh\u00e4uses"}]},{"@type":"WebSite","@id":"https:\/\/ewa-marine.com\/de\/#website","url":"https:\/\/ewa-marine.com\/de\/","name":"ewa-marine","description":"Capture the Extreme !","potentialAction":[{"@type":"SearchAction","target":{"@type":"EntryPoint","urlTemplate":"https:\/\/ewa-marine.com\/de\/?s={search_term_string}"},"query-input":{"@type":"PropertyValueSpecification","valueRequired":true,"valueName":"search_term_string"}}],"inLanguage":"de"}]}},"_links":{"self":[{"href":"https:\/\/ewa-marine.com\/de\/wp-json\/wp\/v2\/pages\/1256","targetHints":{"allow":["GET"]}}],"collection":[{"href":"https:\/\/ewa-marine.com\/de\/wp-json\/wp\/v2\/pages"}],"about":[{"href":"https:\/\/ewa-marine.com\/de\/wp-json\/wp\/v2\/types\/page"}],"author":[{"embeddable":true,"href":"https:\/\/ewa-marine.com\/de\/wp-json\/wp\/v2\/users\/2"}],"replies":[{"embeddable":true,"href":"https:\/\/ewa-marine.com\/de\/wp-json\/wp\/v2\/comments?post=1256"}],"version-history":[{"count":0,"href":"https:\/\/ewa-marine.com\/de\/wp-json\/wp\/v2\/pages\/1256\/revisions"}],"up":[{"embeddable":true,"href":"https:\/\/ewa-marine.com\/de\/wp-json\/wp\/v2\/pages\/997"}],"wp:featuredmedia":[{"embeddable":true,"href":"https:\/\/ewa-marine.com\/de\/wp-json\/wp\/v2\/media\/384"}],"wp:attachment":[{"href":"https:\/\/ewa-marine.com\/de\/wp-json\/wp\/v2\/media?parent=1256"}],"curies":[{"name":"wp","href":"https:\/\/api.w.org\/{rel}","templated":true}]}}