{"id":1259,"date":"2015-07-15T14:01:05","date_gmt":"2015-07-15T13:01:05","guid":{"rendered":"http:\/\/de.dicapac.de\/?page_id=1259"},"modified":"2020-03-16T09:32:57","modified_gmt":"2020-03-16T08:32:57","slug":"gebrauchszeit-des-schutzgehaeuses","status":"publish","type":"page","link":"https:\/\/ewa-marine.com\/de\/service\/gebrauchszeit-des-schutzgehaeuses\/","title":{"rendered":"Gebrauchszeit des Schutz-Geh\u00e4uses"},"content":{"rendered":"<div id=\"pl-1259\"  class=\"panel-layout\" ><div id=\"pg-1259-0\"  class=\"panel-grid panel-no-style\" ><div id=\"pgc-1259-0-0\"  class=\"panel-grid-cell\" ><div id=\"panel-1259-0-0-0\" class=\"so-panel widget widget_kadence_simple_image kadence_simple_image panel-first-child panel-last-child\" data-index=\"0\" ><div class=\"kad_img_upload_widget  kt-shape-type- kt-image-align-center kt-image-widget-widget-0-0-0\"><a href=\"https:\/\/ewa-marine.com\/wp-content\/uploads\/2015\/07\/beach-ubr.jpg\" rel=\"lightbox\"><div class=\"kt-image-contain  \"><div class=\"kt-image-inner-contain\"><img decoding=\"async\" src=\"https:\/\/ewa-marine.com\/wp-content\/uploads\/2015\/07\/beach-ubr.jpg\"><\/div><\/div><\/a><\/div><\/div><\/div><div id=\"pgc-1259-0-1\"  class=\"panel-grid-cell\" ><div id=\"panel-1259-0-1-0\" class=\"so-panel widget widget_black-studio-tinymce widget_black_studio_tinymce panel-first-child panel-last-child\" data-index=\"1\" ><div class=\"textwidget\"><h1>Gebrauchszeit der Schutz-Geh\u00e4use<\/h1>\n<h2>Wie lange h\u00e4lt denn so ein Schutz-Geh\u00e4use ?<\/h2>\n<p>Wie bei vielen anderen Sachen:<br \/>\n<strong>Die Gebrauchszeit des Schutz-Geh\u00e4uses h\u00e4ngt ganz davon ab, wie Sie damit umgehen....<\/strong><\/p>\n<p>Vergleich: Wenn Sie Ihr Auto das ganze Jahr Vollgas fahren, Tag und Nacht drau\u00dfen stehen lassen, kein \u00d6l wechseln und sonst nicht sonderlich pflegen, brauchen Sie sich nicht wundern, wenn Ihnen am Jahresende keiner das Auto abkaufen will.<\/p>\n<p>Sie brauchen zwar bei unseren Geh\u00e4usen keinen \u00d6lwechsel durchf\u00fchren, sollten es jedoch auch nicht nach Gebrauch einfach in die Ecke werfen.<\/p>\n<p>Wenn Sie mit dem Geh\u00e4use im Salzwasser waren, am Abend mit (lauwarmem) Frischwasser abwaschen und die Schrauben und Gewinde ab und zu mit einem Tropfen \u00d6l polieren. Vorsicht in der N\u00e4he von Korallen, Wrackteilen, Tauchermessern und den Schrauben und N\u00e4geln am Pier.<\/p>\n<p>Wir treffen immer wieder Kunden, die <strong>noch ein Geh\u00e4use der ersten Stunde, Baujahr 1970<\/strong>, im Gebrauch haben.<\/p>\n<\/div><\/div><\/div><\/div><\/div>","protected":false},"excerpt":{"rendered":"<p>Gebrauchszeit der Schutz-Geh\u00e4use Wie lange h\u00e4lt denn so ein Schutz-Geh\u00e4use ? Wie bei vielen anderen Sachen: Die Gebrauchszeit des Schutz-Geh\u00e4uses h\u00e4ngt ganz davon ab, wie Sie damit umgehen&#8230;. Vergleich: Wenn Sie Ihr Auto das ganze Jahr Vollgas fahren, Tag und Nacht drau\u00dfen stehen lassen, kein \u00d6l wechseln und sonst nicht sonderlich pflegen, brauchen Sie sich nicht wundern, wenn Ihnen am Jahresende keiner das Auto abkaufen will. Sie brauchen zwar bei unseren Geh\u00e4usen keinen \u00d6lwechsel durchf\u00fchren, sollten es jedoch auch nicht &hellip; <a href=\"https:\/\/ewa-marine.com\/de\/service\/gebrauchszeit-des-schutzgehaeuses\/\">Weiterlesen<\/a><\/p>\n","protected":false},"author":2,"featured_media":384,"parent":997,"menu_order":10,"comment_status":"closed","ping_status":"closed","template":"","meta":{"kt_blocks_editor_width":"","footnotes":""},"class_list":["post-1259","page","type-page","status-publish","has-post-thumbnail","hentry"],"yoast_head":"<!-- This site is optimized with the Yoast SEO plugin v27.4 - https:\/\/yoast.com\/product\/yoast-seo-wordpress\/ -->\n<title>Gebrauchszeit des Schutz-Geh\u00e4uses - ewa-marine<\/title>\n<meta name=\"description\" content=\"Die Gebrauchszeit des Schutz-Geh\u00e4uses h\u00e4ngt ganz davon ab, wie Sie damit umgehen. Sie sollten das Geh\u00e4use nicht nach Gebrauch einfach in die Ecke werfen.\" \/>\n<meta name=\"robots\" content=\"index, follow, max-snippet:-1, max-image-preview:large, max-video-preview:-1\" \/>\n<link rel=\"canonical\" href=\"https:\/\/ewa-marine.com\/de\/service\/gebrauchszeit-des-schutzgehaeuses\/\" \/>\n<meta property=\"og:locale\" content=\"de_DE\" \/>\n<meta property=\"og:type\" content=\"article\" \/>\n<meta property=\"og:title\" content=\"Gebrauchszeit des Schutz-Geh\u00e4uses - ewa-marine\" \/>\n<meta property=\"og:description\" content=\"Die Gebrauchszeit des Schutz-Geh\u00e4uses h\u00e4ngt ganz davon ab, wie Sie damit umgehen. Sie sollten das Geh\u00e4use nicht nach Gebrauch einfach in die Ecke werfen.\" \/>\n<meta property=\"og:url\" content=\"https:\/\/ewa-marine.com\/de\/service\/gebrauchszeit-des-schutzgehaeuses\/\" \/>\n<meta property=\"og:site_name\" content=\"ewa-marine\" \/>\n<meta property=\"article:publisher\" content=\"https:\/\/www.facebook.com\/ewa-marine\" \/>\n<meta property=\"article:modified_time\" content=\"2020-03-16T08:32:57+00:00\" \/>\n<meta property=\"og:image\" content=\"https:\/\/ewa-marine.com\/wp-content\/uploads\/2015\/07\/read-more.png\" \/>\n\t<meta property=\"og:image:width\" content=\"200\" \/>\n\t<meta property=\"og:image:height\" content=\"200\" \/>\n\t<meta property=\"og:image:type\" content=\"image\/png\" \/>\n<meta name=\"twitter:card\" content=\"summary_large_image\" \/>\n<meta name=\"twitter:site\" content=\"@ewa_marine\" \/>\n<meta name=\"twitter:label1\" content=\"Gesch\u00e4tzte Lesezeit\" \/>\n\t<meta name=\"twitter:data1\" content=\"1\u00a0Minute\" \/>\n<script type=\"application\/ld+json\" class=\"yoast-schema-graph\">{\"@context\":\"https:\\\/\\\/schema.org\",\"@graph\":[{\"@type\":\"WebPage\",\"@id\":\"https:\\\/\\\/ewa-marine.com\\\/de\\\/service\\\/gebrauchszeit-des-schutzgehaeuses\\\/\",\"url\":\"https:\\\/\\\/ewa-marine.com\\\/de\\\/service\\\/gebrauchszeit-des-schutzgehaeuses\\\/\",\"name\":\"Gebrauchszeit des Schutz-Geh\u00e4uses - ewa-marine\",\"isPartOf\":{\"@id\":\"https:\\\/\\\/ewa-marine.com\\\/de\\\/#website\"},\"primaryImageOfPage\":{\"@id\":\"https:\\\/\\\/ewa-marine.com\\\/de\\\/service\\\/gebrauchszeit-des-schutzgehaeuses\\\/#primaryimage\"},\"image\":{\"@id\":\"https:\\\/\\\/ewa-marine.com\\\/de\\\/service\\\/gebrauchszeit-des-schutzgehaeuses\\\/#primaryimage\"},\"thumbnailUrl\":\"https:\\\/\\\/ewa-marine.com\\\/wp-content\\\/uploads\\\/2015\\\/07\\\/read-more.png\",\"datePublished\":\"2015-07-15T13:01:05+00:00\",\"dateModified\":\"2020-03-16T08:32:57+00:00\",\"description\":\"Die Gebrauchszeit des Schutz-Geh\u00e4uses h\u00e4ngt ganz davon ab, wie Sie damit umgehen. Sie sollten das Geh\u00e4use nicht nach Gebrauch einfach in die Ecke werfen.\",\"breadcrumb\":{\"@id\":\"https:\\\/\\\/ewa-marine.com\\\/de\\\/service\\\/gebrauchszeit-des-schutzgehaeuses\\\/#breadcrumb\"},\"inLanguage\":\"de\",\"potentialAction\":[{\"@type\":\"ReadAction\",\"target\":[\"https:\\\/\\\/ewa-marine.com\\\/de\\\/service\\\/gebrauchszeit-des-schutzgehaeuses\\\/\"]}]},{\"@type\":\"ImageObject\",\"inLanguage\":\"de\",\"@id\":\"https:\\\/\\\/ewa-marine.com\\\/de\\\/service\\\/gebrauchszeit-des-schutzgehaeuses\\\/#primaryimage\",\"url\":\"https:\\\/\\\/ewa-marine.com\\\/wp-content\\\/uploads\\\/2015\\\/07\\\/read-more.png\",\"contentUrl\":\"https:\\\/\\\/ewa-marine.com\\\/wp-content\\\/uploads\\\/2015\\\/07\\\/read-more.png\",\"width\":200,\"height\":200,\"caption\":\"Stativ-Bodenplatte\"},{\"@type\":\"BreadcrumbList\",\"@id\":\"https:\\\/\\\/ewa-marine.com\\\/de\\\/service\\\/gebrauchszeit-des-schutzgehaeuses\\\/#breadcrumb\",\"itemListElement\":[{\"@type\":\"ListItem\",\"position\":1,\"name\":\"Startseite\",\"item\":\"https:\\\/\\\/www.ewa-marine.de\\\/\"},{\"@type\":\"ListItem\",\"position\":2,\"name\":\"Service\",\"item\":\"https:\\\/\\\/www.ewa-marine.de\\\/service\\\/\"},{\"@type\":\"ListItem\",\"position\":3,\"name\":\"Gebrauchszeit des Schutz-Geh\u00e4uses\"}]},{\"@type\":\"WebSite\",\"@id\":\"https:\\\/\\\/ewa-marine.com\\\/de\\\/#website\",\"url\":\"https:\\\/\\\/ewa-marine.com\\\/de\\\/\",\"name\":\"ewa-marine\",\"description\":\"Capture the Extreme !\",\"potentialAction\":[{\"@type\":\"SearchAction\",\"target\":{\"@type\":\"EntryPoint\",\"urlTemplate\":\"https:\\\/\\\/ewa-marine.com\\\/de\\\/?s={search_term_string}\"},\"query-input\":{\"@type\":\"PropertyValueSpecification\",\"valueRequired\":true,\"valueName\":\"search_term_string\"}}],\"inLanguage\":\"de\"}]}<\/script>\n<!-- \/ Yoast SEO plugin. -->","yoast_head_json":{"title":"Gebrauchszeit des Schutz-Geh\u00e4uses - ewa-marine","description":"Die Gebrauchszeit des Schutz-Geh\u00e4uses h\u00e4ngt ganz davon ab, wie Sie damit umgehen. Sie sollten das Geh\u00e4use nicht nach Gebrauch einfach in die Ecke werfen.","robots":{"index":"index","follow":"follow","max-snippet":"max-snippet:-1","max-image-preview":"max-image-preview:large","max-video-preview":"max-video-preview:-1"},"canonical":"https:\/\/ewa-marine.com\/de\/service\/gebrauchszeit-des-schutzgehaeuses\/","og_locale":"de_DE","og_type":"article","og_title":"Gebrauchszeit des Schutz-Geh\u00e4uses - ewa-marine","og_description":"Die Gebrauchszeit des Schutz-Geh\u00e4uses h\u00e4ngt ganz davon ab, wie Sie damit umgehen. Sie sollten das Geh\u00e4use nicht nach Gebrauch einfach in die Ecke werfen.","og_url":"https:\/\/ewa-marine.com\/de\/service\/gebrauchszeit-des-schutzgehaeuses\/","og_site_name":"ewa-marine","article_publisher":"https:\/\/www.facebook.com\/ewa-marine","article_modified_time":"2020-03-16T08:32:57+00:00","og_image":[{"width":200,"height":200,"url":"https:\/\/ewa-marine.com\/wp-content\/uploads\/2015\/07\/read-more.png","type":"image\/png"}],"twitter_card":"summary_large_image","twitter_site":"@ewa_marine","twitter_misc":{"Gesch\u00e4tzte Lesezeit":"1\u00a0Minute"},"schema":{"@context":"https:\/\/schema.org","@graph":[{"@type":"WebPage","@id":"https:\/\/ewa-marine.com\/de\/service\/gebrauchszeit-des-schutzgehaeuses\/","url":"https:\/\/ewa-marine.com\/de\/service\/gebrauchszeit-des-schutzgehaeuses\/","name":"Gebrauchszeit des Schutz-Geh\u00e4uses - ewa-marine","isPartOf":{"@id":"https:\/\/ewa-marine.com\/de\/#website"},"primaryImageOfPage":{"@id":"https:\/\/ewa-marine.com\/de\/service\/gebrauchszeit-des-schutzgehaeuses\/#primaryimage"},"image":{"@id":"https:\/\/ewa-marine.com\/de\/service\/gebrauchszeit-des-schutzgehaeuses\/#primaryimage"},"thumbnailUrl":"https:\/\/ewa-marine.com\/wp-content\/uploads\/2015\/07\/read-more.png","datePublished":"2015-07-15T13:01:05+00:00","dateModified":"2020-03-16T08:32:57+00:00","description":"Die Gebrauchszeit des Schutz-Geh\u00e4uses h\u00e4ngt ganz davon ab, wie Sie damit umgehen. Sie sollten das Geh\u00e4use nicht nach Gebrauch einfach in die Ecke werfen.","breadcrumb":{"@id":"https:\/\/ewa-marine.com\/de\/service\/gebrauchszeit-des-schutzgehaeuses\/#breadcrumb"},"inLanguage":"de","potentialAction":[{"@type":"ReadAction","target":["https:\/\/ewa-marine.com\/de\/service\/gebrauchszeit-des-schutzgehaeuses\/"]}]},{"@type":"ImageObject","inLanguage":"de","@id":"https:\/\/ewa-marine.com\/de\/service\/gebrauchszeit-des-schutzgehaeuses\/#primaryimage","url":"https:\/\/ewa-marine.com\/wp-content\/uploads\/2015\/07\/read-more.png","contentUrl":"https:\/\/ewa-marine.com\/wp-content\/uploads\/2015\/07\/read-more.png","width":200,"height":200,"caption":"Stativ-Bodenplatte"},{"@type":"BreadcrumbList","@id":"https:\/\/ewa-marine.com\/de\/service\/gebrauchszeit-des-schutzgehaeuses\/#breadcrumb","itemListElement":[{"@type":"ListItem","position":1,"name":"Startseite","item":"https:\/\/www.ewa-marine.de\/"},{"@type":"ListItem","position":2,"name":"Service","item":"https:\/\/www.ewa-marine.de\/service\/"},{"@type":"ListItem","position":3,"name":"Gebrauchszeit des Schutz-Geh\u00e4uses"}]},{"@type":"WebSite","@id":"https:\/\/ewa-marine.com\/de\/#website","url":"https:\/\/ewa-marine.com\/de\/","name":"ewa-marine","description":"Capture the Extreme !","potentialAction":[{"@type":"SearchAction","target":{"@type":"EntryPoint","urlTemplate":"https:\/\/ewa-marine.com\/de\/?s={search_term_string}"},"query-input":{"@type":"PropertyValueSpecification","valueRequired":true,"valueName":"search_term_string"}}],"inLanguage":"de"}]}},"_links":{"self":[{"href":"https:\/\/ewa-marine.com\/de\/wp-json\/wp\/v2\/pages\/1259","targetHints":{"allow":["GET"]}}],"collection":[{"href":"https:\/\/ewa-marine.com\/de\/wp-json\/wp\/v2\/pages"}],"about":[{"href":"https:\/\/ewa-marine.com\/de\/wp-json\/wp\/v2\/types\/page"}],"author":[{"embeddable":true,"href":"https:\/\/ewa-marine.com\/de\/wp-json\/wp\/v2\/users\/2"}],"replies":[{"embeddable":true,"href":"https:\/\/ewa-marine.com\/de\/wp-json\/wp\/v2\/comments?post=1259"}],"version-history":[{"count":2,"href":"https:\/\/ewa-marine.com\/de\/wp-json\/wp\/v2\/pages\/1259\/revisions"}],"predecessor-version":[{"id":33546,"href":"https:\/\/ewa-marine.com\/de\/wp-json\/wp\/v2\/pages\/1259\/revisions\/33546"}],"up":[{"embeddable":true,"href":"https:\/\/ewa-marine.com\/de\/wp-json\/wp\/v2\/pages\/997"}],"wp:featuredmedia":[{"embeddable":true,"href":"https:\/\/ewa-marine.com\/de\/wp-json\/wp\/v2\/media\/384"}],"wp:attachment":[{"href":"https:\/\/ewa-marine.com\/de\/wp-json\/wp\/v2\/media?parent=1259"}],"curies":[{"name":"wp","href":"https:\/\/api.w.org\/{rel}","templated":true}]}}