{"id":126,"date":"2015-07-05T14:15:01","date_gmt":"2015-07-05T13:15:01","guid":{"rendered":"http:\/\/www.dicapac.de\/de\/?page_id=126"},"modified":"2017-02-15T12:11:58","modified_gmt":"2017-02-15T11:11:58","slug":"firmengeschichte","status":"publish","type":"page","link":"https:\/\/ewa-marine.com\/de\/ueber-uns\/firmengeschichte\/","title":{"rendered":"Geschichte der Firma"},"content":{"rendered":"<div id=\"pl-126\"  class=\"panel-layout\" ><div id=\"pg-126-0\"  class=\"panel-grid panel-no-style\" ><div id=\"pgc-126-0-0\"  class=\"panel-grid-cell\" ><div id=\"panel-126-0-0-0\" class=\"so-panel widget widget_kadence_simple_image kadence_simple_image panel-first-child\" data-index=\"0\" ><div class=\"kad_img_upload_widget  kt-shape-type- kt-image-align-center kt-image-widget-widget-0-0-0\"><a href=\"https:\/\/ewa-marine.com\/wp-content\/uploads\/2015\/07\/goedecke.jpg\" rel=\"lightbox\"><div class=\"kt-image-contain  \"><div class=\"kt-image-inner-contain\"><img decoding=\"async\" src=\"https:\/\/ewa-marine.com\/wp-content\/uploads\/2015\/07\/goedecke.jpg\"><\/div><\/div><\/a><div class=\"kadence_image_widget_caption\">Herr H.J. Goedecke, unser Gesch\u00e4ftsf\u00fchrer von 1949 bis 1998 und Erfinder des flexiblen Geh\u00e4uses, auf einer Photokina Messe in K\u00f6ln 1986<\/div><\/div><\/div><div id=\"panel-126-0-0-1\" class=\"so-panel widget widget_kadence_simple_image kadence_simple_image panel-last-child\" data-index=\"1\" ><div class=\"kad_img_upload_widget  kt-shape-type- kt-image-align-center kt-image-widget-widget-0-0-1\"><a href=\"https:\/\/ewa-marine.com\/wp-content\/uploads\/2015\/07\/beach-ubr.jpg\" rel=\"lightbox\"><div class=\"kt-image-contain  \"><div class=\"kt-image-inner-contain\"><img decoding=\"async\" src=\"https:\/\/ewa-marine.com\/wp-content\/uploads\/2015\/07\/beach-ubr.jpg\"><\/div><\/div><\/a><div class=\"kadence_image_widget_caption\">Am Strand in den 70er Jahren<\/div><\/div><\/div><\/div><div id=\"pgc-126-0-1\"  class=\"panel-grid-cell\" ><div id=\"panel-126-0-1-0\" class=\"so-panel widget widget_black-studio-tinymce widget_black_studio_tinymce panel-first-child panel-last-child\" data-index=\"2\" ><div class=\"textwidget\"><h1>Die ewa-marine Firmengeschichte<\/h1>\n<p>\u00a0<\/p>\n<p><strong>1947 - die Geburt ewa-marines<\/strong><\/p>\n<p>Unsere Firma wurde 1947 in Tutzing am Starnberger See gegr\u00fcndet. Am Anfang wurde bei der Goedecke GmbH &amp; Co. Textil verarbeitet und Kleidung produziert. Angefangen hatte unsere Geschichte einmal, noch vor der damaligen W\u00e4hrungsreform und Einf\u00fchrung der DM in Deutschland, mit alten Milit\u00e4rfallschirmen aus Seide, aus denen man f\u00fcr eine f\u00fchrende M\u00fcnchener Warenhauskette Damenblusen fertigen konnte. Mit den 60ern kam der Verfall der deutschen Textilindustrie und damit auch beinahe das Aus f\u00fcr die Goedecke GmbH &amp; Co.<\/p>\n<p>\u00a0<\/p>\n<p><strong>1969 - Eine neue Idee f\u00fchrt zu einen neuen Kurs<\/strong><\/p>\n<p>Dann, vor fast 50 Jahren, entwickelte man einen innovativen neuen Kameraschutz vor gef\u00e4hrlichem Salzwasser und Sand. Herausgekommen sind dabei die inzwischen weltweit bekannten ewa-marine Folien-Tauchgeh\u00e4use. Und sie bieten mittlerweile nicht nur dem Hobbyanwendern, sondern auch dem Profi unsch\u00e4tzbare Vorteile. Ideenfinder, Herr Hans-Joachim Goedecke, von 1949 bis 1998 Hauptgesellschafter und Gesch\u00e4ftsf\u00fchrer der Firma, hat 1969 mit Fotozubeh\u00f6r angefangen und zun\u00e4chst nur einfach gen\u00e4hte Regen- und K\u00e4lteschutzh\u00fcllen aus Textilstoffen f\u00fcr Super-8 Kameras unter der Marke ewa-tex auf den Markt gebracht. Bald zeigte sich jedoch, dass dies den Super-8-Filmern zu wenig war. Ein wirksamer Schutz gegen Wasser und Sand, den Todfeinden aller Kameras, war gefragt.<\/p>\n<p>Er erkannte, dass nur ein hermetisch dichter Beh\u00e4lter dieser Anforderung gerecht werden kann. <strong>Dieser Schutz m\u00fcsste leicht, einfach, universell und preiswert sein<\/strong>. Solche Vorgaben f\u00fchrten zu der \u00dcberlegung, dass nur ein taschenartiges, flexibles Gebilde mit Glasfenster vor dem Objektiv mit gleichzeitigem Einblick in den Sucher erfolgreich sein konnte. Das f\u00fchrte zur Entwicklung des ersten ewa-marine Foliengeh\u00e4uses. Die Tests im Wasser waren so viel versprechend, dass aus dem geplanten einfachen Schutzgeh\u00e4use ein voll taugliches Unterwassergeh\u00e4use wurde.<\/p>\n<p>Im Vergleich mit festen Geh\u00e4usen aus Aluminiumgu\u00df, Acrylglas oder harten Kunststoffen erwiesen sich die neuen Foliengeh\u00e4use als \u00fcberraschend tauglich und universell verwendbar. Nicht nur im Wasser sondern auch an Land gegen Regen, Schnee und Sand galten die wenige hundert Gramm leichten Geh\u00e4use als willkommenes Zubeh\u00f6r.<\/p>\n<p>Im Laufe der Jahre hat sich am Produkt technisch nicht viel ge\u00e4ndert. Trotzdem: Heute sind die Geh\u00e4use f\u00fcr die Foto und Filmkameras zu gro\u00dfer Universalit\u00e4t gereift. St\u00fcrmisch verlief die Entwicklung bei Videokamerageh\u00e4usen, die seit dem Erscheinen der ersten Camcorder in den achtziger Jahren bis heute einem st\u00e4ndigen Anpassungsprozess unterworfen sind. Die UW - Geh\u00e4useformen m\u00fcssen wie ma\u00dfgeschneidert mit den verschiedenen Kamerakonturen in \u00dcbereinstimmung gebracht werden. <strong>Heute gibt es passende ewa-marine Videogeh\u00e4use f\u00fcr alle vorhandenen Camcordersysteme<\/strong>. Sogar im professionellen Bereich werden seit Anfang der neunziger Jahre gro\u00dfe Geh\u00e4use f\u00fcr 16mm-Filmkameras und hochwertige Fernsehkameras hergestellt. Sie finden sich in 30 L\u00e4ndern, und mit mehr als einer halben Millionen hergestellter Tauchgeh\u00e4use liegt das Unternehmen an der Weltspitze dieser Produktgruppe.<\/p>\n<p>\u00a0<\/p>\n<p><strong>Mit neuen Produkten die Welt erobern<\/strong><\/p>\n<p>Die Beherrschung der technisch sensiblen Fertigungsmethoden mit HF (Hochfrequenz) Folienschwei\u00dfanlagen hat dazu gef\u00fchrt, dass neben den Hauptprodukten, den UW-Geh\u00e4usen, auch noch eine Vielzahl anderer Artikel, meist wasserdichte H\u00fcllen oder flexible Beh\u00e4lter f\u00fcr technische Ger\u00e4te produziert werden. Dieses bringt dem Unternehmen den <strong>Ruf als anerkannter Spezialist auf diesem Gebiet<\/strong> ein.<\/p>\n<p>Vor allem in den 70ern wurden unter dem Namen \"ewa\" eine ganze Serie von Zubeh\u00f6rprodukten f\u00fcr Super-8 Filmkameras entwickelt. Beliebt waren unsere schon oben genannten ewa-tex Produkte aber auch LTG- Lauftitelger\u00e4te, Kompendien, Fokussierhebel und Filmr\u00fcckspuler, um nur einige der Produkte zu nennen. Mit dem Aus f\u00fcr die Super-8 Kamera, sind auch diese Produkte vom Markt verschwunden und heute nur noch in unserem Museum zu finden.<\/p>\n<p>Das Ende f\u00fcr den Bereich der Textilfertigung war seinerzeit auch das Ende f\u00fcr den Standort Tutzing. Die Produkte, die unter dem Markennamen \"ewa\" die Welt eroberten, wurden in Ottobrunn bei der Firma Goedecke und einem engen Zulieferer, Herrn Striteski, gefertigt. 1989 waren die R\u00e4umlichkeiten in Ottobrunn dann endg\u00fcltig zu eng geworden und die Firma zog in einen Neubau in der Liebigstrasse 9, in Kirchheim bei M\u00fcnchen.<\/p>\n<p>Das Ableben der anderen Produkte unter der Bezeichnung \"ewa\" in den 80ern war mit ein Grund, warum Herr Goedecke im Jahre 1992 zu dem Schluss kam, dass mit einer Besinnung auf das eigentliche, neue Kerngesch\u00e4ft auch der Name der Firma ewa-marine angepasst werden sollte. So wurde aus der \"Goedecke GmbH &amp; Co.\" die \"ewa-marine Kunststofftechnik GmbH\".<\/p>\n<p>\u00a0<\/p>\n<p><strong>1998 - Ein wesentlicher Moment in ewa-marines Geschichte<\/strong><\/p>\n<p>Im Jahr 1998 kam ein neuer, wesentlicher Wechsel f\u00fcr die ewa-marine. Herr Goedecke hatte nach langem Suchen endlich einen Nachfolger f\u00fcr seine Firma gefunden. Zum 16. Dezember 1998 wurde der Vertrag unterschrieben und <strong>Frau Giselheid Schmidt und Herr Christian Schmidt ab 1. Januar 1999 die beiden neuen Gesellschafter<\/strong> der ewa-marine Kunststofftechnik. Damit nicht genug, am 1. Januar 1999 stellte die ewa-marine dann Ihre komplette Buchhaltung und den gesamten Zahlungsverkehr auf den neuen Euro um und geh\u00f6rt damit zu den allerersten Firmen in Europa, die diesen Schritt als ein f\u00fcr alle sichtbares Zeichen unseres Vertrauens in die Zukunft Europas und die Zukunft unseres Unternehmens vollzogen.<\/p>\n<p>Nach einer Konsolidierungsphase startete die ewa-marine dann neu durch, und ben\u00f6tigte bald auch wieder mehr Platz. So stand uns dann ein neuer Umzug zum 1. November 2003 ins Haus. An unserem neuen Standort in der Blumenstrasse 17 in Geretsried und mit dem noch besser auf unser Kerngesch\u00e4ft angepassten Namen \"ewa-marine GmbH\" sehen wir nun optimistisch einer Phase des Wachstums im Interesse von Kunden und Mitarbeitern entgegen.<\/p>\n<p>\u00a0<\/p>\n<p><strong>2004 - Ein Zusammenschluss gew\u00e4hrt einen neuen Blick in die Zukunft<\/strong><\/p>\n<p>Am 15. September 2004 wurde ein Vertrag \u00fcber die \u00dcbernahme der Firma marinSolar zwischen Herrn Franz Ostermeier, marinSolar, und Herrn Christian Schmidt, ewa-marine GmbH, unterschrieben. Die marinSolar wird ab sofort als ein eigenst\u00e4ndiger Gesch\u00e4ftsbereich der ewa-marine GmbH operieren und kann durch den Zusammenschluss gest\u00e4rkt in die Zukunft blicken, um mit neuen Ideen und Produkten weiter und vor allem international zu wachsen.<\/p>\n<p>Seit der Gr\u00fcndung 1977 hat sich <strong>marinSolar im Bereich Unterwasserlicht einen Namen gemacht<\/strong>. Angefangen hat alles mit den mittlerweile legend\u00e4ren, sehr kompakten Unterwasser-Doppel-Blitzger\u00e4ten als Kabel- und Sklavenblitz mit Quicksnap-Doppelschiene f\u00fcr CALYPSO \/ NIKONOS - Amphibien Kameras. Viele dieser Einheiten sind auch heute noch im Einsatz und deren Benutzer schw\u00f6ren, dass es kein besseres Blitzsystem gibt. Es folgte 1979 die Zusammenarbeit mit der Firma Eumig, Wien. F\u00fcr die EUMIG NAUTICA, der bisher einzigen selbst gedichteten Filmkamera der Welt, fertigte marinSolar die offizielle Beleuchtungsanlage. Auch bei der Eumig handelte es sich schon um eine Beleuchtung plus Kamerastabilisierung.<\/p>\n<p>Das Konzept der Leuchten in Zusammenhang mit den Stabilisierungsfl\u00fcgeln ist der gro\u00dfe Vorteil der marinSolar-Systeme. Kameras und Festgeh\u00e4use kommen von den jeweiligen Spezialisten. Die Praktiker bei marinSolar k\u00fcmmern sich darum, dass diese dann auch in dem f\u00fcr den Kameramann \u00e4u\u00dferst anspruchsvollem Element, Unterwasser, optimal genutzt werden k\u00f6nnen: durch Leuchten mit einer optimal abgestimmten Farbtemperatur und Lichtst\u00e4rke sowie ruhige und fl\u00fcssige Kameraf\u00fchrung.<\/p>\n<p>Obwohl es viele Gemeinsamkeiten gibt, sind und <strong>bleiben marinSolar Beleuchtungssyteme und die flexiblen Geh\u00e4use der ewa-marine doch so verschieden, dass sich beide erg\u00e4nzen<\/strong> ohne den anderen ersetzen zu k\u00f6nnen. marinSolar wird weiterhin Beleuchtungsanlagen f\u00fcr alle namhaften, hochwertigen Unterwassergeh\u00e4use europ\u00e4ischer, amerikanischer und japanischer Hersteller entwickeln und vertreiben. Schon systembedingt ist die marinSolar Anlage f\u00fcr das ewa-marine Weichgeh\u00e4use ungeeignet. Man muss also nicht bef\u00fcrchten, dass zuk\u00fcnftige marinSolar System im Bezug auf das passende Geh\u00e4use herstellerunabh\u00e4ngig werden. Und das ist aus unserer Sicht sehr wichtig.<\/p>\n<p>Am erstem Oktober 2014 zogen wir erneut um, dieses Mal nach Wolfratshausen in den Hans-Urmiller-Ring 14, nur 3 km vom ehemaligen Standort entfernt. Die neuen Geb\u00e4ude wurden vor allem aus umwelttechnischen Gr\u00fcnden ausgesucht. Dank unserer modernen und durchaus besseren Isolation konnten wir unseren CO2-Aussto\u00df w\u00e4hrend des Winters drastisch reduzieren.<\/p>\n<p>\u00a0<\/p>\n<p style=\"text-align: center;\"><strong>Seitdem werden alle unsere Produkte nach wie vor ausschlie\u00dflich in unserem Werk in Wolfratshausen entwickelt, in einem aufwendigen Verfahren hergestellt, gepr\u00fcft und f\u00fcr den nationalen und internationalen Handel verpackt und verschickt.<\/strong><\/p>\n<\/div><\/div><\/div><\/div><div id=\"pg-126-1\"  class=\"panel-grid panel-no-style\" ><div id=\"pgc-126-1-0\"  class=\"panel-grid-cell\" ><div id=\"panel-126-1-0-0\" class=\"so-panel widget widget_black-studio-tinymce widget_black_studio_tinymce panel-first-child panel-last-child\" data-index=\"3\" ><div class=\"textwidget\"><p>Die Entwicklung des ewa-Logos<\/p>\n<table border=\"0\" align=\"center\">\n<tbody>\n<tr>\n<td><a href=\"https:\/\/ewa-marine.com\/wp-content\/uploads\/2015\/07\/ewa-marine-logo-70ies.png\"><img loading=\"lazy\" decoding=\"async\" class=\"size-full wp-image-312\" src=\"https:\/\/ewa-marine.com\/wp-content\/uploads\/2015\/07\/ewa-marine-logo-70ies.png\" alt=\"ewa-marine logo in the 1970ies\" width=\"114\" height=\"100\" \/><\/a><\/td>\n<td width=\"20%\"><a href=\"https:\/\/ewa-marine.com\/wp-content\/uploads\/2015\/07\/ewa-marine-logo-80ies.png\"><img loading=\"lazy\" decoding=\"async\" class=\"alignnone wp-image-316 size-medium\" src=\"https:\/\/ewa-marine.com\/wp-content\/uploads\/2015\/07\/ewa-marine-logo-80ies-300x47.png\" alt=\"ewa-marine logo in the late 1980ies and 90ies\" width=\"200\" height=\"34\" \/><\/a><\/td>\n<td width=\"20%\"><a href=\"https:\/\/ewa-marine.com\/wp-content\/uploads\/2015\/07\/ewa_200x49.bmp\"><img loading=\"lazy\" decoding=\"async\" class=\"size-full wp-image-286\" src=\"https:\/\/ewa-marine.com\/wp-content\/uploads\/2015\/07\/ewa_200x49.bmp\" alt=\"ewa-marine logo from 1998\" width=\"200\" height=\"49\" \/><\/a><\/td>\n<td width=\"20%\"><a href=\"https:\/\/ewa-marine.com\/wp-content\/uploads\/2015\/07\/ewa-marine-logo-old-2000.png\"><img loading=\"lazy\" decoding=\"async\" class=\"size-full wp-image-306\" src=\"https:\/\/ewa-marine.com\/wp-content\/uploads\/2015\/07\/ewa-marine-logo-old-2000.png\" alt=\"ewa-marine logo from 2000\" width=\"199\" height=\"49\" \/><\/a><\/td>\n<td width=\"20%\"><a href=\"https:\/\/ewa-marine.com\/wp-content\/uploads\/2015\/07\/ewa-marine-logo-3D-270x80.png\"><img loading=\"lazy\" decoding=\"async\" class=\"size-full wp-image-5\" src=\"https:\/\/ewa-marine.com\/wp-content\/uploads\/2015\/07\/ewa-marine-logo-3D-270x80.png\" alt=\"ewa-marine logo\" width=\"270\" height=\"80\" \/><\/a><\/td>\n<\/tr>\n<tr>\n<td style=\"text-align: center;\">in den 70ern<\/td>\n<td style=\"text-align: center;\" width=\"20%\">in den 80ern und 90ern<\/td>\n<td style=\"text-align: center;\" width=\"20%\">ab den 90ern<\/td>\n<td style=\"text-align: center;\" width=\"20%\">ab 2000<\/td>\n<td style=\"text-align: center;\" width=\"20%\">das aktuelle Logo<\/td>\n<\/tr>\n<\/tbody>\n<\/table>\n<\/div><\/div><\/div><\/div><\/div>","protected":false},"excerpt":{"rendered":"<p>Die ewa-marine Firmengeschichte\u00a01947 &#8211; die Geburt ewa-marinesUnsere Firma wurde 1947 in Tutzing am Starnberger See gegr\u00fcndet. Am Anfang wurde bei der Goedecke GmbH &amp; Co. Textil verarbeitet und Kleidung produziert. Angefangen hatte unsere Geschichte einmal, noch vor der damaligen W\u00e4hrungsreform und Einf\u00fchrung der DM in Deutschland, mit alten Milit\u00e4rfallschirmen aus Seide, aus denen man f\u00fcr eine f\u00fchrende M\u00fcnchener Warenhauskette Damenblusen fertigen konnte. Mit den 60ern kam der Verfall der deutschen Textilindustrie und damit auch beinahe das Aus f\u00fcr die Goedecke &hellip; <a href=\"https:\/\/ewa-marine.com\/de\/ueber-uns\/firmengeschichte\/\">Weiterlesen<\/a><\/p>\n","protected":false},"author":1,"featured_media":1310,"parent":129,"menu_order":0,"comment_status":"closed","ping_status":"closed","template":"","meta":{"kt_blocks_editor_width":"","footnotes":""},"class_list":["post-126","page","type-page","status-publish","has-post-thumbnail","hentry"],"yoast_head":"<!-- This site is optimized with the Yoast SEO plugin v27.4 - https:\/\/yoast.com\/product\/yoast-seo-wordpress\/ -->\n<title>Geschichte der Firma ewa-marine und der UW-Fotographie<\/title>\n<meta name=\"description\" content=\"1969 f\u00e4ngt unsere Geschichte an, als unser 1947 gegr\u00fcndetes Unternehmen das flexible Unterwassergeh\u00e4use gegen Sand und Salzwasser f\u00fcr alle Kameras entwarf.\" \/>\n<meta name=\"robots\" content=\"index, follow, max-snippet:-1, max-image-preview:large, max-video-preview:-1\" \/>\n<link rel=\"canonical\" href=\"https:\/\/ewa-marine.com\/de\/ueber-uns\/firmengeschichte\/\" \/>\n<meta property=\"og:locale\" content=\"de_DE\" \/>\n<meta property=\"og:type\" content=\"article\" \/>\n<meta property=\"og:title\" content=\"Geschichte der Firma ewa-marine und der UW-Fotographie\" \/>\n<meta property=\"og:description\" content=\"1969 f\u00e4ngt unsere Geschichte an, als unser 1947 gegr\u00fcndetes Unternehmen das flexible Unterwassergeh\u00e4use gegen Sand und Salzwasser f\u00fcr alle Kameras entwarf.\" \/>\n<meta property=\"og:url\" content=\"https:\/\/ewa-marine.com\/de\/ueber-uns\/firmengeschichte\/\" \/>\n<meta property=\"og:site_name\" content=\"ewa-marine\" \/>\n<meta property=\"article:publisher\" content=\"https:\/\/www.facebook.com\/ewa-marine\" \/>\n<meta property=\"article:modified_time\" content=\"2017-02-15T11:11:58+00:00\" \/>\n<meta property=\"og:image\" content=\"http:\/\/www.ewa-marine.de\/wp-content\/uploads\/2015\/07\/goedecke.jpg\" \/>\n<meta name=\"twitter:card\" content=\"summary_large_image\" \/>\n<meta name=\"twitter:site\" content=\"@ewa_marine\" \/>\n<meta name=\"twitter:label1\" content=\"Gesch\u00e4tzte Lesezeit\" \/>\n\t<meta name=\"twitter:data1\" content=\"7\u00a0Minuten\" \/>\n<script type=\"application\/ld+json\" class=\"yoast-schema-graph\">{\"@context\":\"https:\\\/\\\/schema.org\",\"@graph\":[{\"@type\":\"WebPage\",\"@id\":\"https:\\\/\\\/ewa-marine.com\\\/de\\\/ueber-uns\\\/firmengeschichte\\\/\",\"url\":\"https:\\\/\\\/ewa-marine.com\\\/de\\\/ueber-uns\\\/firmengeschichte\\\/\",\"name\":\"Geschichte der Firma ewa-marine und der UW-Fotographie\",\"isPartOf\":{\"@id\":\"https:\\\/\\\/ewa-marine.com\\\/de\\\/#website\"},\"primaryImageOfPage\":{\"@id\":\"https:\\\/\\\/ewa-marine.com\\\/de\\\/ueber-uns\\\/firmengeschichte\\\/#primaryimage\"},\"image\":{\"@id\":\"https:\\\/\\\/ewa-marine.com\\\/de\\\/ueber-uns\\\/firmengeschichte\\\/#primaryimage\"},\"thumbnailUrl\":\"https:\\\/\\\/ewa-marine.com\\\/wp-content\\\/uploads\\\/2015\\\/07\\\/read-more-U-AX.jpg\",\"datePublished\":\"2015-07-05T13:15:01+00:00\",\"dateModified\":\"2017-02-15T11:11:58+00:00\",\"description\":\"1969 f\u00e4ngt unsere Geschichte an, als unser 1947 gegr\u00fcndetes Unternehmen das flexible Unterwassergeh\u00e4use gegen Sand und Salzwasser f\u00fcr alle Kameras entwarf.\",\"breadcrumb\":{\"@id\":\"https:\\\/\\\/ewa-marine.com\\\/de\\\/ueber-uns\\\/firmengeschichte\\\/#breadcrumb\"},\"inLanguage\":\"de\",\"potentialAction\":[{\"@type\":\"ReadAction\",\"target\":[\"https:\\\/\\\/ewa-marine.com\\\/de\\\/ueber-uns\\\/firmengeschichte\\\/\"]}]},{\"@type\":\"ImageObject\",\"inLanguage\":\"de\",\"@id\":\"https:\\\/\\\/ewa-marine.com\\\/de\\\/ueber-uns\\\/firmengeschichte\\\/#primaryimage\",\"url\":\"https:\\\/\\\/ewa-marine.com\\\/wp-content\\\/uploads\\\/2015\\\/07\\\/read-more-U-AX.jpg\",\"contentUrl\":\"https:\\\/\\\/ewa-marine.com\\\/wp-content\\\/uploads\\\/2015\\\/07\\\/read-more-U-AX.jpg\",\"width\":200,\"height\":200,\"caption\":\"ewa-marine SLR underwater housings\"},{\"@type\":\"BreadcrumbList\",\"@id\":\"https:\\\/\\\/ewa-marine.com\\\/de\\\/ueber-uns\\\/firmengeschichte\\\/#breadcrumb\",\"itemListElement\":[{\"@type\":\"ListItem\",\"position\":1,\"name\":\"Startseite\",\"item\":\"https:\\\/\\\/www.ewa-marine.de\\\/\"},{\"@type\":\"ListItem\",\"position\":2,\"name\":\"\u00dcber Uns\",\"item\":\"https:\\\/\\\/www.ewa-marine.de\\\/ueber-uns\\\/\"},{\"@type\":\"ListItem\",\"position\":3,\"name\":\"Geschichte der Firma\"}]},{\"@type\":\"WebSite\",\"@id\":\"https:\\\/\\\/ewa-marine.com\\\/de\\\/#website\",\"url\":\"https:\\\/\\\/ewa-marine.com\\\/de\\\/\",\"name\":\"ewa-marine\",\"description\":\"Capture the Extreme !\",\"potentialAction\":[{\"@type\":\"SearchAction\",\"target\":{\"@type\":\"EntryPoint\",\"urlTemplate\":\"https:\\\/\\\/ewa-marine.com\\\/de\\\/?s={search_term_string}\"},\"query-input\":{\"@type\":\"PropertyValueSpecification\",\"valueRequired\":true,\"valueName\":\"search_term_string\"}}],\"inLanguage\":\"de\"}]}<\/script>\n<!-- \/ Yoast SEO plugin. -->","yoast_head_json":{"title":"Geschichte der Firma ewa-marine und der UW-Fotographie","description":"1969 f\u00e4ngt unsere Geschichte an, als unser 1947 gegr\u00fcndetes Unternehmen das flexible Unterwassergeh\u00e4use gegen Sand und Salzwasser f\u00fcr alle Kameras entwarf.","robots":{"index":"index","follow":"follow","max-snippet":"max-snippet:-1","max-image-preview":"max-image-preview:large","max-video-preview":"max-video-preview:-1"},"canonical":"https:\/\/ewa-marine.com\/de\/ueber-uns\/firmengeschichte\/","og_locale":"de_DE","og_type":"article","og_title":"Geschichte der Firma ewa-marine und der UW-Fotographie","og_description":"1969 f\u00e4ngt unsere Geschichte an, als unser 1947 gegr\u00fcndetes Unternehmen das flexible Unterwassergeh\u00e4use gegen Sand und Salzwasser f\u00fcr alle Kameras entwarf.","og_url":"https:\/\/ewa-marine.com\/de\/ueber-uns\/firmengeschichte\/","og_site_name":"ewa-marine","article_publisher":"https:\/\/www.facebook.com\/ewa-marine","article_modified_time":"2017-02-15T11:11:58+00:00","og_image":[{"url":"http:\/\/www.ewa-marine.de\/wp-content\/uploads\/2015\/07\/goedecke.jpg","type":"","width":"","height":""}],"twitter_card":"summary_large_image","twitter_site":"@ewa_marine","twitter_misc":{"Gesch\u00e4tzte Lesezeit":"7\u00a0Minuten"},"schema":{"@context":"https:\/\/schema.org","@graph":[{"@type":"WebPage","@id":"https:\/\/ewa-marine.com\/de\/ueber-uns\/firmengeschichte\/","url":"https:\/\/ewa-marine.com\/de\/ueber-uns\/firmengeschichte\/","name":"Geschichte der Firma ewa-marine und der UW-Fotographie","isPartOf":{"@id":"https:\/\/ewa-marine.com\/de\/#website"},"primaryImageOfPage":{"@id":"https:\/\/ewa-marine.com\/de\/ueber-uns\/firmengeschichte\/#primaryimage"},"image":{"@id":"https:\/\/ewa-marine.com\/de\/ueber-uns\/firmengeschichte\/#primaryimage"},"thumbnailUrl":"https:\/\/ewa-marine.com\/wp-content\/uploads\/2015\/07\/read-more-U-AX.jpg","datePublished":"2015-07-05T13:15:01+00:00","dateModified":"2017-02-15T11:11:58+00:00","description":"1969 f\u00e4ngt unsere Geschichte an, als unser 1947 gegr\u00fcndetes Unternehmen das flexible Unterwassergeh\u00e4use gegen Sand und Salzwasser f\u00fcr alle Kameras entwarf.","breadcrumb":{"@id":"https:\/\/ewa-marine.com\/de\/ueber-uns\/firmengeschichte\/#breadcrumb"},"inLanguage":"de","potentialAction":[{"@type":"ReadAction","target":["https:\/\/ewa-marine.com\/de\/ueber-uns\/firmengeschichte\/"]}]},{"@type":"ImageObject","inLanguage":"de","@id":"https:\/\/ewa-marine.com\/de\/ueber-uns\/firmengeschichte\/#primaryimage","url":"https:\/\/ewa-marine.com\/wp-content\/uploads\/2015\/07\/read-more-U-AX.jpg","contentUrl":"https:\/\/ewa-marine.com\/wp-content\/uploads\/2015\/07\/read-more-U-AX.jpg","width":200,"height":200,"caption":"ewa-marine SLR underwater housings"},{"@type":"BreadcrumbList","@id":"https:\/\/ewa-marine.com\/de\/ueber-uns\/firmengeschichte\/#breadcrumb","itemListElement":[{"@type":"ListItem","position":1,"name":"Startseite","item":"https:\/\/www.ewa-marine.de\/"},{"@type":"ListItem","position":2,"name":"\u00dcber Uns","item":"https:\/\/www.ewa-marine.de\/ueber-uns\/"},{"@type":"ListItem","position":3,"name":"Geschichte der Firma"}]},{"@type":"WebSite","@id":"https:\/\/ewa-marine.com\/de\/#website","url":"https:\/\/ewa-marine.com\/de\/","name":"ewa-marine","description":"Capture the Extreme !","potentialAction":[{"@type":"SearchAction","target":{"@type":"EntryPoint","urlTemplate":"https:\/\/ewa-marine.com\/de\/?s={search_term_string}"},"query-input":{"@type":"PropertyValueSpecification","valueRequired":true,"valueName":"search_term_string"}}],"inLanguage":"de"}]}},"_links":{"self":[{"href":"https:\/\/ewa-marine.com\/de\/wp-json\/wp\/v2\/pages\/126","targetHints":{"allow":["GET"]}}],"collection":[{"href":"https:\/\/ewa-marine.com\/de\/wp-json\/wp\/v2\/pages"}],"about":[{"href":"https:\/\/ewa-marine.com\/de\/wp-json\/wp\/v2\/types\/page"}],"author":[{"embeddable":true,"href":"https:\/\/ewa-marine.com\/de\/wp-json\/wp\/v2\/users\/1"}],"replies":[{"embeddable":true,"href":"https:\/\/ewa-marine.com\/de\/wp-json\/wp\/v2\/comments?post=126"}],"version-history":[{"count":0,"href":"https:\/\/ewa-marine.com\/de\/wp-json\/wp\/v2\/pages\/126\/revisions"}],"up":[{"embeddable":true,"href":"https:\/\/ewa-marine.com\/de\/wp-json\/wp\/v2\/pages\/129"}],"wp:featuredmedia":[{"embeddable":true,"href":"https:\/\/ewa-marine.com\/de\/wp-json\/wp\/v2\/media\/1310"}],"wp:attachment":[{"href":"https:\/\/ewa-marine.com\/de\/wp-json\/wp\/v2\/media?parent=126"}],"curies":[{"name":"wp","href":"https:\/\/api.w.org\/{rel}","templated":true}]}}