{"id":1264,"date":"2015-07-15T14:08:07","date_gmt":"2015-07-15T13:08:07","guid":{"rendered":"http:\/\/de.dicapac.de\/?page_id=1264"},"modified":"2015-07-16T12:48:22","modified_gmt":"2015-07-16T11:48:22","slug":"reparatur-eines-defekten-gehaeuses","status":"publish","type":"page","link":"https:\/\/ewa-marine.com\/de\/service\/reparatur-eines-defekten-gehaeuses\/","title":{"rendered":"Reparatur eines defekten Geh\u00e4uses"},"content":{"rendered":"<div id=\"pl-1264\"  class=\"panel-layout\" ><div id=\"pg-1264-0\"  class=\"panel-grid panel-no-style\" ><div id=\"pgc-1264-0-0\"  class=\"panel-grid-cell\" ><div id=\"panel-1264-0-0-0\" class=\"so-panel widget widget_kadence_simple_image kadence_simple_image panel-first-child panel-last-child\" data-index=\"0\" ><div class=\"kad_img_upload_widget  kt-shape-type- kt-image-align-center kt-image-widget-widget-0-0-0\"><a href=\"\" rel=\"lightbox\"><div class=\"kt-image-contain  \"><div class=\"kt-image-inner-contain\"><img decoding=\"async\" src=\"\"><\/div><\/div><\/a><\/div><\/div><\/div><div id=\"pgc-1264-0-1\"  class=\"panel-grid-cell\" ><div id=\"panel-1264-0-1-0\" class=\"so-panel widget widget_black-studio-tinymce widget_black_studio_tinymce panel-first-child panel-last-child\" data-index=\"1\" ><div class=\"textwidget\"><h1>Reparatur eines defekten Geh\u00e4uses<\/h1>\n<h2>Kann ein defektes Geh\u00e4use wieder repariert werden ?<\/h2>\n<p><strong>In den meisten F\u00e4llen ist eine Reparatur m\u00f6glich.<\/strong> Jedoch nicht, wenn Sie eigenst\u00e4ndig mit diversen Klebern eine versuchte Reparatur durchgef\u00fchrt haben. Kleber greift in der Regel das Material an und f\u00fchrt zu irreparablen Materialsch\u00e4den. Im Notfall ist nur ein provisorisches Abdichten mit Silikonkleber m\u00f6glich.<\/p>\n<p>Falls Sie beim Test zu Hause festellen sollten, dass das Geh\u00e4use nicht mehr dicht sein sollte, schicken Sie es mit einem Hinweis um welchen Fehler es sich handelt an folgende Adresse:<\/p>\n<p>ewa-marine GmbH<br \/> Abtlg. Kundendienst<br \/> Hans-Urmiller-Ring 14<br \/> D-82515 Wolfratshausen<\/p>\n<p><strong>Testen Sie am besten 4-6 Wochen vor Ihrem Urlaub<\/strong>, ob das Geh\u00e4use noch dicht ist, so bleibt im Falle des Falles noch gen\u00fcgend Zeit zum Reparieren.<\/p>\n<\/div><\/div><\/div><\/div><\/div>","protected":false},"excerpt":{"rendered":"<p>Reparatur eines defekten Geh\u00e4usesKann ein defektes Geh\u00e4use wieder repariert werden ?In den meisten F\u00e4llen ist eine Reparatur m\u00f6glich. Jedoch nicht, wenn Sie eigenst\u00e4ndig mit diversen Klebern eine versuchte Reparatur durchgef\u00fchrt haben. Kleber greift in der Regel das Material an und f\u00fchrt zu irreparablen Materialsch\u00e4den. Im Notfall ist nur ein provisorisches Abdichten mit Silikonkleber m\u00f6glich.Falls Sie beim Test zu Hause festellen sollten, dass das Geh\u00e4use nicht mehr dicht sein sollte, schicken Sie es mit einem Hinweis um welchen Fehler es sich &hellip; <a href=\"https:\/\/ewa-marine.com\/de\/service\/reparatur-eines-defekten-gehaeuses\/\">Weiterlesen<\/a><\/p>\n","protected":false},"author":2,"featured_media":384,"parent":997,"menu_order":11,"comment_status":"closed","ping_status":"closed","template":"","meta":{"kt_blocks_editor_width":"","footnotes":""},"class_list":["post-1264","page","type-page","status-publish","has-post-thumbnail","hentry"],"yoast_head":"<!-- This site is optimized with the Yoast SEO plugin v27.4 - https:\/\/yoast.com\/product\/yoast-seo-wordpress\/ -->\n<title>Reparatur eines defekten Geh\u00e4uses - ewa-marine<\/title>\n<meta name=\"description\" content=\"In den meisten F\u00e4llen ist eine Reparatur m\u00f6glich. Jedoch nicht, wenn Sie eigenst\u00e4ndig mit diversen Klebern eine versuchte Reparatur durchgef\u00fchrt haben.\" \/>\n<meta name=\"robots\" content=\"index, follow, max-snippet:-1, max-image-preview:large, max-video-preview:-1\" \/>\n<link rel=\"canonical\" href=\"https:\/\/ewa-marine.com\/de\/service\/reparatur-eines-defekten-gehaeuses\/\" \/>\n<meta property=\"og:locale\" content=\"de_DE\" \/>\n<meta property=\"og:type\" content=\"article\" \/>\n<meta property=\"og:title\" content=\"Reparatur eines defekten Geh\u00e4uses - ewa-marine\" \/>\n<meta property=\"og:description\" content=\"In den meisten F\u00e4llen ist eine Reparatur m\u00f6glich. Jedoch nicht, wenn Sie eigenst\u00e4ndig mit diversen Klebern eine versuchte Reparatur durchgef\u00fchrt haben.\" \/>\n<meta property=\"og:url\" content=\"https:\/\/ewa-marine.com\/de\/service\/reparatur-eines-defekten-gehaeuses\/\" \/>\n<meta property=\"og:site_name\" content=\"ewa-marine\" \/>\n<meta property=\"article:publisher\" content=\"https:\/\/www.facebook.com\/ewa-marine\" \/>\n<meta property=\"article:modified_time\" content=\"2015-07-16T11:48:22+00:00\" \/>\n<meta property=\"og:image\" content=\"https:\/\/ewa-marine.com\/wp-content\/uploads\/2015\/07\/ewa-marine-icon.jpg\" \/>\n\t<meta property=\"og:image:width\" content=\"250\" \/>\n\t<meta property=\"og:image:height\" content=\"250\" \/>\n\t<meta property=\"og:image:type\" content=\"image\/jpeg\" \/>\n<meta name=\"twitter:card\" content=\"summary_large_image\" \/>\n<meta name=\"twitter:site\" content=\"@ewa_marine\" \/>\n<meta name=\"twitter:label1\" content=\"Gesch\u00e4tzte Lesezeit\" \/>\n\t<meta name=\"twitter:data1\" content=\"1\u00a0Minute\" \/>\n<script type=\"application\/ld+json\" class=\"yoast-schema-graph\">{\"@context\":\"https:\\\/\\\/schema.org\",\"@graph\":[{\"@type\":\"WebPage\",\"@id\":\"https:\\\/\\\/ewa-marine.com\\\/de\\\/service\\\/reparatur-eines-defekten-gehaeuses\\\/\",\"url\":\"https:\\\/\\\/ewa-marine.com\\\/de\\\/service\\\/reparatur-eines-defekten-gehaeuses\\\/\",\"name\":\"Reparatur eines defekten Geh\u00e4uses - ewa-marine\",\"isPartOf\":{\"@id\":\"https:\\\/\\\/ewa-marine.com\\\/de\\\/#website\"},\"primaryImageOfPage\":{\"@id\":\"https:\\\/\\\/ewa-marine.com\\\/de\\\/service\\\/reparatur-eines-defekten-gehaeuses\\\/#primaryimage\"},\"image\":{\"@id\":\"https:\\\/\\\/ewa-marine.com\\\/de\\\/service\\\/reparatur-eines-defekten-gehaeuses\\\/#primaryimage\"},\"thumbnailUrl\":\"https:\\\/\\\/ewa-marine.com\\\/wp-content\\\/uploads\\\/2015\\\/07\\\/read-more.png\",\"datePublished\":\"2015-07-15T13:08:07+00:00\",\"dateModified\":\"2015-07-16T11:48:22+00:00\",\"description\":\"In den meisten F\u00e4llen ist eine Reparatur m\u00f6glich. Jedoch nicht, wenn Sie eigenst\u00e4ndig mit diversen Klebern eine versuchte Reparatur durchgef\u00fchrt haben.\",\"breadcrumb\":{\"@id\":\"https:\\\/\\\/ewa-marine.com\\\/de\\\/service\\\/reparatur-eines-defekten-gehaeuses\\\/#breadcrumb\"},\"inLanguage\":\"de\",\"potentialAction\":[{\"@type\":\"ReadAction\",\"target\":[\"https:\\\/\\\/ewa-marine.com\\\/de\\\/service\\\/reparatur-eines-defekten-gehaeuses\\\/\"]}]},{\"@type\":\"ImageObject\",\"inLanguage\":\"de\",\"@id\":\"https:\\\/\\\/ewa-marine.com\\\/de\\\/service\\\/reparatur-eines-defekten-gehaeuses\\\/#primaryimage\",\"url\":\"https:\\\/\\\/ewa-marine.com\\\/wp-content\\\/uploads\\\/2015\\\/07\\\/read-more.png\",\"contentUrl\":\"https:\\\/\\\/ewa-marine.com\\\/wp-content\\\/uploads\\\/2015\\\/07\\\/read-more.png\",\"width\":200,\"height\":200,\"caption\":\"Stativ-Bodenplatte\"},{\"@type\":\"BreadcrumbList\",\"@id\":\"https:\\\/\\\/ewa-marine.com\\\/de\\\/service\\\/reparatur-eines-defekten-gehaeuses\\\/#breadcrumb\",\"itemListElement\":[{\"@type\":\"ListItem\",\"position\":1,\"name\":\"Startseite\",\"item\":\"https:\\\/\\\/www.ewa-marine.de\\\/\"},{\"@type\":\"ListItem\",\"position\":2,\"name\":\"Service\",\"item\":\"https:\\\/\\\/www.ewa-marine.de\\\/service\\\/\"},{\"@type\":\"ListItem\",\"position\":3,\"name\":\"Reparatur eines defekten Geh\u00e4uses\"}]},{\"@type\":\"WebSite\",\"@id\":\"https:\\\/\\\/ewa-marine.com\\\/de\\\/#website\",\"url\":\"https:\\\/\\\/ewa-marine.com\\\/de\\\/\",\"name\":\"ewa-marine\",\"description\":\"Capture the Extreme !\",\"potentialAction\":[{\"@type\":\"SearchAction\",\"target\":{\"@type\":\"EntryPoint\",\"urlTemplate\":\"https:\\\/\\\/ewa-marine.com\\\/de\\\/?s={search_term_string}\"},\"query-input\":{\"@type\":\"PropertyValueSpecification\",\"valueRequired\":true,\"valueName\":\"search_term_string\"}}],\"inLanguage\":\"de\"}]}<\/script>\n<!-- \/ Yoast SEO plugin. -->","yoast_head_json":{"title":"Reparatur eines defekten Geh\u00e4uses - ewa-marine","description":"In den meisten F\u00e4llen ist eine Reparatur m\u00f6glich. Jedoch nicht, wenn Sie eigenst\u00e4ndig mit diversen Klebern eine versuchte Reparatur durchgef\u00fchrt haben.","robots":{"index":"index","follow":"follow","max-snippet":"max-snippet:-1","max-image-preview":"max-image-preview:large","max-video-preview":"max-video-preview:-1"},"canonical":"https:\/\/ewa-marine.com\/de\/service\/reparatur-eines-defekten-gehaeuses\/","og_locale":"de_DE","og_type":"article","og_title":"Reparatur eines defekten Geh\u00e4uses - ewa-marine","og_description":"In den meisten F\u00e4llen ist eine Reparatur m\u00f6glich. Jedoch nicht, wenn Sie eigenst\u00e4ndig mit diversen Klebern eine versuchte Reparatur durchgef\u00fchrt haben.","og_url":"https:\/\/ewa-marine.com\/de\/service\/reparatur-eines-defekten-gehaeuses\/","og_site_name":"ewa-marine","article_publisher":"https:\/\/www.facebook.com\/ewa-marine","article_modified_time":"2015-07-16T11:48:22+00:00","og_image":[{"width":250,"height":250,"url":"https:\/\/ewa-marine.com\/wp-content\/uploads\/2015\/07\/ewa-marine-icon.jpg","type":"image\/jpeg"}],"twitter_card":"summary_large_image","twitter_site":"@ewa_marine","twitter_misc":{"Gesch\u00e4tzte Lesezeit":"1\u00a0Minute"},"schema":{"@context":"https:\/\/schema.org","@graph":[{"@type":"WebPage","@id":"https:\/\/ewa-marine.com\/de\/service\/reparatur-eines-defekten-gehaeuses\/","url":"https:\/\/ewa-marine.com\/de\/service\/reparatur-eines-defekten-gehaeuses\/","name":"Reparatur eines defekten Geh\u00e4uses - ewa-marine","isPartOf":{"@id":"https:\/\/ewa-marine.com\/de\/#website"},"primaryImageOfPage":{"@id":"https:\/\/ewa-marine.com\/de\/service\/reparatur-eines-defekten-gehaeuses\/#primaryimage"},"image":{"@id":"https:\/\/ewa-marine.com\/de\/service\/reparatur-eines-defekten-gehaeuses\/#primaryimage"},"thumbnailUrl":"https:\/\/ewa-marine.com\/wp-content\/uploads\/2015\/07\/read-more.png","datePublished":"2015-07-15T13:08:07+00:00","dateModified":"2015-07-16T11:48:22+00:00","description":"In den meisten F\u00e4llen ist eine Reparatur m\u00f6glich. Jedoch nicht, wenn Sie eigenst\u00e4ndig mit diversen Klebern eine versuchte Reparatur durchgef\u00fchrt haben.","breadcrumb":{"@id":"https:\/\/ewa-marine.com\/de\/service\/reparatur-eines-defekten-gehaeuses\/#breadcrumb"},"inLanguage":"de","potentialAction":[{"@type":"ReadAction","target":["https:\/\/ewa-marine.com\/de\/service\/reparatur-eines-defekten-gehaeuses\/"]}]},{"@type":"ImageObject","inLanguage":"de","@id":"https:\/\/ewa-marine.com\/de\/service\/reparatur-eines-defekten-gehaeuses\/#primaryimage","url":"https:\/\/ewa-marine.com\/wp-content\/uploads\/2015\/07\/read-more.png","contentUrl":"https:\/\/ewa-marine.com\/wp-content\/uploads\/2015\/07\/read-more.png","width":200,"height":200,"caption":"Stativ-Bodenplatte"},{"@type":"BreadcrumbList","@id":"https:\/\/ewa-marine.com\/de\/service\/reparatur-eines-defekten-gehaeuses\/#breadcrumb","itemListElement":[{"@type":"ListItem","position":1,"name":"Startseite","item":"https:\/\/www.ewa-marine.de\/"},{"@type":"ListItem","position":2,"name":"Service","item":"https:\/\/www.ewa-marine.de\/service\/"},{"@type":"ListItem","position":3,"name":"Reparatur eines defekten Geh\u00e4uses"}]},{"@type":"WebSite","@id":"https:\/\/ewa-marine.com\/de\/#website","url":"https:\/\/ewa-marine.com\/de\/","name":"ewa-marine","description":"Capture the Extreme !","potentialAction":[{"@type":"SearchAction","target":{"@type":"EntryPoint","urlTemplate":"https:\/\/ewa-marine.com\/de\/?s={search_term_string}"},"query-input":{"@type":"PropertyValueSpecification","valueRequired":true,"valueName":"search_term_string"}}],"inLanguage":"de"}]}},"_links":{"self":[{"href":"https:\/\/ewa-marine.com\/de\/wp-json\/wp\/v2\/pages\/1264","targetHints":{"allow":["GET"]}}],"collection":[{"href":"https:\/\/ewa-marine.com\/de\/wp-json\/wp\/v2\/pages"}],"about":[{"href":"https:\/\/ewa-marine.com\/de\/wp-json\/wp\/v2\/types\/page"}],"author":[{"embeddable":true,"href":"https:\/\/ewa-marine.com\/de\/wp-json\/wp\/v2\/users\/2"}],"replies":[{"embeddable":true,"href":"https:\/\/ewa-marine.com\/de\/wp-json\/wp\/v2\/comments?post=1264"}],"version-history":[{"count":0,"href":"https:\/\/ewa-marine.com\/de\/wp-json\/wp\/v2\/pages\/1264\/revisions"}],"up":[{"embeddable":true,"href":"https:\/\/ewa-marine.com\/de\/wp-json\/wp\/v2\/pages\/997"}],"wp:featuredmedia":[{"embeddable":true,"href":"https:\/\/ewa-marine.com\/de\/wp-json\/wp\/v2\/media\/384"}],"wp:attachment":[{"href":"https:\/\/ewa-marine.com\/de\/wp-json\/wp\/v2\/media?parent=1264"}],"curies":[{"name":"wp","href":"https:\/\/api.w.org\/{rel}","templated":true}]}}