{"id":1266,"date":"2015-07-15T14:14:00","date_gmt":"2015-07-15T13:14:00","guid":{"rendered":"http:\/\/de.dicapac.de\/?page_id=1266"},"modified":"2015-07-16T12:49:47","modified_gmt":"2015-07-16T11:49:47","slug":"tageszeit-fuer-uw-fotografievideos","status":"publish","type":"page","link":"https:\/\/ewa-marine.com\/de\/service\/tageszeit-fuer-uw-fotografievideos\/","title":{"rendered":"Tageszeit f\u00fcr UW-Fotografie\/Videos"},"content":{"rendered":"<div id=\"pl-1266\"  class=\"panel-layout\" ><div id=\"pg-1266-0\"  class=\"panel-grid panel-no-style\" ><div id=\"pgc-1266-0-0\"  class=\"panel-grid-cell\" ><div id=\"panel-1266-0-0-0\" class=\"so-panel widget widget_kadence_simple_image kadence_simple_image panel-first-child panel-last-child\" data-index=\"0\" ><div class=\"kad_img_upload_widget  kt-shape-type- kt-image-align-center kt-image-widget-widget-0-0-0\"><a href=\"https:\/\/ewa-marine.com\/wp-content\/uploads\/2015\/07\/light-under-water.gif\" rel=\"lightbox\"><div class=\"kt-image-contain  \"><div class=\"kt-image-inner-contain\"><img decoding=\"async\" src=\"https:\/\/ewa-marine.com\/wp-content\/uploads\/2015\/07\/light-under-water.gif\"><\/div><\/div><\/a><\/div><\/div><\/div><div id=\"pgc-1266-0-1\"  class=\"panel-grid-cell\" ><div id=\"panel-1266-0-1-0\" class=\"so-panel widget widget_black-studio-tinymce widget_black_studio_tinymce panel-first-child panel-last-child\" data-index=\"1\" ><div class=\"textwidget\"><h1>UW-Fotografie \/Videos<\/h1>\n<h2>Welche Tageszeit eignet sich daf\u00fcr am besten?<\/h2>\n<p>Im Gegensatz zu Aufnahmen an Land, bei denen in der Regel die besten Lichtverh\u00e4ltnisse zur Foto- und Videografie in den Morgen- und Abendstunden herrschen, werden die Mittagsstunden als beste Tageszeit f\u00fcr Unterwasser-Aufnahmen empfohlen.<\/p>\n<p>Grund daf\u00fcr sind die Filtereigenschaften des Wassers:<br \/> Da Licht nach einem Weg von nur 1 m durch das Wasser schon merkbar an Rot-T\u00f6nen verliert, sollte die Tageszeit genutzt werden, w\u00e4hrend der das Licht den k\u00fcrzesten Weg durch das Wasser zur\u00fccklegen muss. Dieses ist dann der Fall, wenn die Sonne senkrecht auf das Wasser scheint,<\/p>\n<p><strong>also: Mittags zwischen 11:00 und 14:00<\/strong>.<\/p>\n<p>(und wenn es geht bei Ebbe beziehungsweise Niedrigwasser)<\/p>\n<\/div><\/div><\/div><\/div><\/div>","protected":false},"excerpt":{"rendered":"<p>UW-Fotografie \/VideosWelche Tageszeit eignet sich daf\u00fcr am besten?Im Gegensatz zu Aufnahmen an Land, bei denen in der Regel die besten Lichtverh\u00e4ltnisse zur Foto- und Videografie in den Morgen- und Abendstunden herrschen, werden die Mittagsstunden als beste Tageszeit f\u00fcr Unterwasser-Aufnahmen empfohlen.Grund daf\u00fcr sind die Filtereigenschaften des Wassers: Da Licht nach einem Weg von nur 1 m durch das Wasser schon merkbar an Rot-T\u00f6nen verliert, sollte die Tageszeit genutzt werden, w\u00e4hrend der das Licht den k\u00fcrzesten Weg durch das Wasser zur\u00fccklegen muss. &hellip; <a href=\"https:\/\/ewa-marine.com\/de\/service\/tageszeit-fuer-uw-fotografievideos\/\">Weiterlesen<\/a><\/p>\n","protected":false},"author":2,"featured_media":384,"parent":997,"menu_order":12,"comment_status":"closed","ping_status":"closed","template":"","meta":{"kt_blocks_editor_width":"","footnotes":""},"class_list":["post-1266","page","type-page","status-publish","has-post-thumbnail","hentry"],"yoast_head":"<!-- This site is optimized with the Yoast SEO plugin v27.4 - https:\/\/yoast.com\/product\/yoast-seo-wordpress\/ -->\n<title>Tageszeit f\u00fcr UW-Fotografie\/Videos - ewa-marine<\/title>\n<meta name=\"description\" content=\"Im Gegensatz zu Aufnahmen an Land werden f\u00fcr die UW-Aufnahmen als beste Tageszeit die Mitagsstunden empfohlen, dass hei\u00dft zwischen 11 und 14 Uhr.\" \/>\n<meta name=\"robots\" content=\"index, follow, max-snippet:-1, max-image-preview:large, max-video-preview:-1\" \/>\n<link rel=\"canonical\" href=\"https:\/\/ewa-marine.com\/de\/service\/tageszeit-fuer-uw-fotografievideos\/\" \/>\n<meta property=\"og:locale\" content=\"de_DE\" \/>\n<meta property=\"og:type\" content=\"article\" \/>\n<meta property=\"og:title\" content=\"Tageszeit f\u00fcr UW-Fotografie\/Videos - ewa-marine\" \/>\n<meta property=\"og:description\" content=\"Im Gegensatz zu Aufnahmen an Land werden f\u00fcr die UW-Aufnahmen als beste Tageszeit die Mitagsstunden empfohlen, dass hei\u00dft zwischen 11 und 14 Uhr.\" \/>\n<meta property=\"og:url\" content=\"https:\/\/ewa-marine.com\/de\/service\/tageszeit-fuer-uw-fotografievideos\/\" \/>\n<meta property=\"og:site_name\" content=\"ewa-marine\" \/>\n<meta property=\"article:publisher\" content=\"https:\/\/www.facebook.com\/ewa-marine\" \/>\n<meta property=\"article:modified_time\" content=\"2015-07-16T11:49:47+00:00\" \/>\n<meta property=\"og:image\" content=\"https:\/\/ewa-marine.com\/wp-content\/uploads\/2015\/07\/read-more.png\" \/>\n\t<meta property=\"og:image:width\" content=\"200\" \/>\n\t<meta property=\"og:image:height\" content=\"200\" \/>\n\t<meta property=\"og:image:type\" content=\"image\/png\" \/>\n<meta name=\"twitter:card\" content=\"summary_large_image\" \/>\n<meta name=\"twitter:site\" content=\"@ewa_marine\" \/>\n<meta name=\"twitter:label1\" content=\"Gesch\u00e4tzte Lesezeit\" \/>\n\t<meta name=\"twitter:data1\" content=\"1\u00a0Minute\" \/>\n<script type=\"application\/ld+json\" class=\"yoast-schema-graph\">{\"@context\":\"https:\\\/\\\/schema.org\",\"@graph\":[{\"@type\":\"WebPage\",\"@id\":\"https:\\\/\\\/ewa-marine.com\\\/de\\\/service\\\/tageszeit-fuer-uw-fotografievideos\\\/\",\"url\":\"https:\\\/\\\/ewa-marine.com\\\/de\\\/service\\\/tageszeit-fuer-uw-fotografievideos\\\/\",\"name\":\"Tageszeit f\u00fcr UW-Fotografie\\\/Videos - ewa-marine\",\"isPartOf\":{\"@id\":\"https:\\\/\\\/ewa-marine.com\\\/de\\\/#website\"},\"primaryImageOfPage\":{\"@id\":\"https:\\\/\\\/ewa-marine.com\\\/de\\\/service\\\/tageszeit-fuer-uw-fotografievideos\\\/#primaryimage\"},\"image\":{\"@id\":\"https:\\\/\\\/ewa-marine.com\\\/de\\\/service\\\/tageszeit-fuer-uw-fotografievideos\\\/#primaryimage\"},\"thumbnailUrl\":\"https:\\\/\\\/ewa-marine.com\\\/wp-content\\\/uploads\\\/2015\\\/07\\\/read-more.png\",\"datePublished\":\"2015-07-15T13:14:00+00:00\",\"dateModified\":\"2015-07-16T11:49:47+00:00\",\"description\":\"Im Gegensatz zu Aufnahmen an Land werden f\u00fcr die UW-Aufnahmen als beste Tageszeit die Mitagsstunden empfohlen, dass hei\u00dft zwischen 11 und 14 Uhr.\",\"breadcrumb\":{\"@id\":\"https:\\\/\\\/ewa-marine.com\\\/de\\\/service\\\/tageszeit-fuer-uw-fotografievideos\\\/#breadcrumb\"},\"inLanguage\":\"de\",\"potentialAction\":[{\"@type\":\"ReadAction\",\"target\":[\"https:\\\/\\\/ewa-marine.com\\\/de\\\/service\\\/tageszeit-fuer-uw-fotografievideos\\\/\"]}]},{\"@type\":\"ImageObject\",\"inLanguage\":\"de\",\"@id\":\"https:\\\/\\\/ewa-marine.com\\\/de\\\/service\\\/tageszeit-fuer-uw-fotografievideos\\\/#primaryimage\",\"url\":\"https:\\\/\\\/ewa-marine.com\\\/wp-content\\\/uploads\\\/2015\\\/07\\\/read-more.png\",\"contentUrl\":\"https:\\\/\\\/ewa-marine.com\\\/wp-content\\\/uploads\\\/2015\\\/07\\\/read-more.png\",\"width\":200,\"height\":200,\"caption\":\"Stativ-Bodenplatte\"},{\"@type\":\"BreadcrumbList\",\"@id\":\"https:\\\/\\\/ewa-marine.com\\\/de\\\/service\\\/tageszeit-fuer-uw-fotografievideos\\\/#breadcrumb\",\"itemListElement\":[{\"@type\":\"ListItem\",\"position\":1,\"name\":\"Startseite\",\"item\":\"https:\\\/\\\/www.ewa-marine.de\\\/\"},{\"@type\":\"ListItem\",\"position\":2,\"name\":\"Service\",\"item\":\"https:\\\/\\\/www.ewa-marine.de\\\/service\\\/\"},{\"@type\":\"ListItem\",\"position\":3,\"name\":\"Tageszeit f\u00fcr UW-Fotografie\\\/Videos\"}]},{\"@type\":\"WebSite\",\"@id\":\"https:\\\/\\\/ewa-marine.com\\\/de\\\/#website\",\"url\":\"https:\\\/\\\/ewa-marine.com\\\/de\\\/\",\"name\":\"ewa-marine\",\"description\":\"Capture the Extreme !\",\"potentialAction\":[{\"@type\":\"SearchAction\",\"target\":{\"@type\":\"EntryPoint\",\"urlTemplate\":\"https:\\\/\\\/ewa-marine.com\\\/de\\\/?s={search_term_string}\"},\"query-input\":{\"@type\":\"PropertyValueSpecification\",\"valueRequired\":true,\"valueName\":\"search_term_string\"}}],\"inLanguage\":\"de\"}]}<\/script>\n<!-- \/ Yoast SEO plugin. -->","yoast_head_json":{"title":"Tageszeit f\u00fcr UW-Fotografie\/Videos - ewa-marine","description":"Im Gegensatz zu Aufnahmen an Land werden f\u00fcr die UW-Aufnahmen als beste Tageszeit die Mitagsstunden empfohlen, dass hei\u00dft zwischen 11 und 14 Uhr.","robots":{"index":"index","follow":"follow","max-snippet":"max-snippet:-1","max-image-preview":"max-image-preview:large","max-video-preview":"max-video-preview:-1"},"canonical":"https:\/\/ewa-marine.com\/de\/service\/tageszeit-fuer-uw-fotografievideos\/","og_locale":"de_DE","og_type":"article","og_title":"Tageszeit f\u00fcr UW-Fotografie\/Videos - ewa-marine","og_description":"Im Gegensatz zu Aufnahmen an Land werden f\u00fcr die UW-Aufnahmen als beste Tageszeit die Mitagsstunden empfohlen, dass hei\u00dft zwischen 11 und 14 Uhr.","og_url":"https:\/\/ewa-marine.com\/de\/service\/tageszeit-fuer-uw-fotografievideos\/","og_site_name":"ewa-marine","article_publisher":"https:\/\/www.facebook.com\/ewa-marine","article_modified_time":"2015-07-16T11:49:47+00:00","og_image":[{"width":200,"height":200,"url":"https:\/\/ewa-marine.com\/wp-content\/uploads\/2015\/07\/read-more.png","type":"image\/png"}],"twitter_card":"summary_large_image","twitter_site":"@ewa_marine","twitter_misc":{"Gesch\u00e4tzte Lesezeit":"1\u00a0Minute"},"schema":{"@context":"https:\/\/schema.org","@graph":[{"@type":"WebPage","@id":"https:\/\/ewa-marine.com\/de\/service\/tageszeit-fuer-uw-fotografievideos\/","url":"https:\/\/ewa-marine.com\/de\/service\/tageszeit-fuer-uw-fotografievideos\/","name":"Tageszeit f\u00fcr UW-Fotografie\/Videos - ewa-marine","isPartOf":{"@id":"https:\/\/ewa-marine.com\/de\/#website"},"primaryImageOfPage":{"@id":"https:\/\/ewa-marine.com\/de\/service\/tageszeit-fuer-uw-fotografievideos\/#primaryimage"},"image":{"@id":"https:\/\/ewa-marine.com\/de\/service\/tageszeit-fuer-uw-fotografievideos\/#primaryimage"},"thumbnailUrl":"https:\/\/ewa-marine.com\/wp-content\/uploads\/2015\/07\/read-more.png","datePublished":"2015-07-15T13:14:00+00:00","dateModified":"2015-07-16T11:49:47+00:00","description":"Im Gegensatz zu Aufnahmen an Land werden f\u00fcr die UW-Aufnahmen als beste Tageszeit die Mitagsstunden empfohlen, dass hei\u00dft zwischen 11 und 14 Uhr.","breadcrumb":{"@id":"https:\/\/ewa-marine.com\/de\/service\/tageszeit-fuer-uw-fotografievideos\/#breadcrumb"},"inLanguage":"de","potentialAction":[{"@type":"ReadAction","target":["https:\/\/ewa-marine.com\/de\/service\/tageszeit-fuer-uw-fotografievideos\/"]}]},{"@type":"ImageObject","inLanguage":"de","@id":"https:\/\/ewa-marine.com\/de\/service\/tageszeit-fuer-uw-fotografievideos\/#primaryimage","url":"https:\/\/ewa-marine.com\/wp-content\/uploads\/2015\/07\/read-more.png","contentUrl":"https:\/\/ewa-marine.com\/wp-content\/uploads\/2015\/07\/read-more.png","width":200,"height":200,"caption":"Stativ-Bodenplatte"},{"@type":"BreadcrumbList","@id":"https:\/\/ewa-marine.com\/de\/service\/tageszeit-fuer-uw-fotografievideos\/#breadcrumb","itemListElement":[{"@type":"ListItem","position":1,"name":"Startseite","item":"https:\/\/www.ewa-marine.de\/"},{"@type":"ListItem","position":2,"name":"Service","item":"https:\/\/www.ewa-marine.de\/service\/"},{"@type":"ListItem","position":3,"name":"Tageszeit f\u00fcr UW-Fotografie\/Videos"}]},{"@type":"WebSite","@id":"https:\/\/ewa-marine.com\/de\/#website","url":"https:\/\/ewa-marine.com\/de\/","name":"ewa-marine","description":"Capture the Extreme !","potentialAction":[{"@type":"SearchAction","target":{"@type":"EntryPoint","urlTemplate":"https:\/\/ewa-marine.com\/de\/?s={search_term_string}"},"query-input":{"@type":"PropertyValueSpecification","valueRequired":true,"valueName":"search_term_string"}}],"inLanguage":"de"}]}},"_links":{"self":[{"href":"https:\/\/ewa-marine.com\/de\/wp-json\/wp\/v2\/pages\/1266","targetHints":{"allow":["GET"]}}],"collection":[{"href":"https:\/\/ewa-marine.com\/de\/wp-json\/wp\/v2\/pages"}],"about":[{"href":"https:\/\/ewa-marine.com\/de\/wp-json\/wp\/v2\/types\/page"}],"author":[{"embeddable":true,"href":"https:\/\/ewa-marine.com\/de\/wp-json\/wp\/v2\/users\/2"}],"replies":[{"embeddable":true,"href":"https:\/\/ewa-marine.com\/de\/wp-json\/wp\/v2\/comments?post=1266"}],"version-history":[{"count":0,"href":"https:\/\/ewa-marine.com\/de\/wp-json\/wp\/v2\/pages\/1266\/revisions"}],"up":[{"embeddable":true,"href":"https:\/\/ewa-marine.com\/de\/wp-json\/wp\/v2\/pages\/997"}],"wp:featuredmedia":[{"embeddable":true,"href":"https:\/\/ewa-marine.com\/de\/wp-json\/wp\/v2\/media\/384"}],"wp:attachment":[{"href":"https:\/\/ewa-marine.com\/de\/wp-json\/wp\/v2\/media?parent=1266"}],"curies":[{"name":"wp","href":"https:\/\/api.w.org\/{rel}","templated":true}]}}