{"id":1269,"date":"2015-07-15T14:24:09","date_gmt":"2015-07-15T13:24:09","guid":{"rendered":"http:\/\/de.dicapac.de\/?page_id=1269"},"modified":"2015-07-16T12:52:04","modified_gmt":"2015-07-16T11:52:04","slug":"weitwinkelvorsatz","status":"publish","type":"page","link":"https:\/\/ewa-marine.com\/de\/service\/weitwinkelvorsatz\/","title":{"rendered":"Weitwinkelvorsatz, wann und warum"},"content":{"rendered":"<div id=\"pl-1269\"  class=\"panel-layout\" ><div id=\"pg-1269-0\"  class=\"panel-grid panel-no-style\" ><div id=\"pgc-1269-0-0\"  class=\"panel-grid-cell\" ><div id=\"panel-1269-0-0-0\" class=\"so-panel widget widget_kadence_simple_image kadence_simple_image panel-first-child panel-last-child\" data-index=\"0\" ><div class=\"kad_img_upload_widget  kt-shape-type- kt-image-align-center kt-image-widget-widget-0-0-0\"><a href=\"https:\/\/ewa-marine.com\/wp-content\/uploads\/2015\/07\/redsea-diver3.jpg\" rel=\"lightbox\"><div class=\"kt-image-contain  \"><div class=\"kt-image-inner-contain\"><img decoding=\"async\" src=\"https:\/\/ewa-marine.com\/wp-content\/uploads\/2015\/07\/redsea-diver3.jpg\"><\/div><\/div><\/a><\/div><\/div><\/div><div id=\"pgc-1269-0-1\"  class=\"panel-grid-cell\" ><div id=\"panel-1269-0-1-0\" class=\"so-panel widget widget_black-studio-tinymce widget_black_studio_tinymce panel-first-child panel-last-child\" data-index=\"1\" ><div class=\"textwidget\"><h1>Weitwinkelvorsatz\u00a0<\/h1>\n<h2>Warum und wann Weitwinkelvors\u00e4tze genutzt werden sollten<\/h2>\n<p>Es bestehen mindestens <strong>vier sehr gute Gr\u00fcnde<\/strong>, warum beim Filmen unter Wasser ein zus\u00e4tzlicher Weitwinkelvorsatz am Camcorder angebracht werden sollte (im Fall von Spiegelreflexkameras ist jedoch die serienm\u00e4\u00dfige Brennweite von ca. 30mm ausreichend):<\/p>\n<p><strong>Wasser ist ein sehr effektiver Filter<\/strong>. Schon nach einem Weg von nur 5 m durch das Wasser hat das Licht merkbar an Rot-T\u00f6nen verloren. Nach ca. 10 m ist das Rot g\u00e4nzlich verschwunden. Kurz danach folgen die Farben Gelb und Gr\u00fcn.<br \/> Mit anderen Worten, wenn der Kameramann ein Objekt 5 m vor sich und 5 m unter Wasser filmen m\u00f6chte (=10 m f\u00fcr den Lichtstrahl) erh\u00e4lt er z.B. einen blauen Fisch vor einem blauen Hintergrund. Daran \u00e4ndert auch der bunteste Fisch nichts...<br \/> Also: in der N\u00e4he ist die Farbe, und damit so viel davon wie m\u00f6glich auf das Bild kommt: Benutzen Sie einen Weitwinkelvorsatz als Erg\u00e4nzung zum serienm\u00e4\u00dfigen Weitwinkel Ihres Camcorders.<\/p>\n<p><strong>Beim \u00dcbergang vom Wasser zur Luft, im Geh\u00e4use<\/strong>, wird ein <strong>Teil der Weitwinkelwirkung eines jeden Objektives aufgehoben<\/strong>. Dies bedeutet, dass ein Weitwinkelobjektiv mit einem Vergr\u00f6\u00dferungsfaktor von x0,7 lediglich die durch den Brechungsindex des Wassers verursachte Verkleinerung des Aufnahmewinkels ausgleicht.<\/p>\n<p><strong>Das Wasser ist selten ganz klar<\/strong>. Sand, Plankton und Mineralien verdecken und vertr\u00fcben den Blick in die Ferne.<\/p>\n<p><strong>Durch die st\u00e4ndige Bewegung des Wassers \"steht\" der Taucher nie ganz still<\/strong> (Bitte nicht an den Korallen festhalten! Die Unterwasserwelt wird es Ihnen danken). Es ist daher beinahe unm\u00f6glich, ein sich bewegendes Objekt, wie einen Fisch mit Zoom zu treffen. Der Versuch endet in der Regel mit verwackelten Aufnahmen einzelner Flossen.<\/p>\n<p>Ihr Fotofachh\u00e4ndler hat eine Auswahl diverser Weitwinkelvors\u00e4tze f\u00fcr Ihre Kamera oder kann Ihnen diese von Firmen Wie HAMA bestellen.<\/p>\n<\/div><\/div><\/div><\/div><\/div>","protected":false},"excerpt":{"rendered":"<p>Weitwinkelvorsatz\u00a0Warum und wann Weitwinkelvors\u00e4tze genutzt werden solltenEs bestehen mindestens vier sehr gute Gr\u00fcnde, warum beim Filmen unter Wasser ein zus\u00e4tzlicher Weitwinkelvorsatz am Camcorder angebracht werden sollte (im Fall von Spiegelreflexkameras ist jedoch die serienm\u00e4\u00dfige Brennweite von ca. 30mm ausreichend):Wasser ist ein sehr effektiver Filter. Schon nach einem Weg von nur 5 m durch das Wasser hat das Licht merkbar an Rot-T\u00f6nen verloren. Nach ca. 10 m ist das Rot g\u00e4nzlich verschwunden. Kurz danach folgen die Farben Gelb und Gr\u00fcn. Mit &hellip; <a href=\"https:\/\/ewa-marine.com\/de\/service\/weitwinkelvorsatz\/\">Weiterlesen<\/a><\/p>\n","protected":false},"author":2,"featured_media":384,"parent":997,"menu_order":13,"comment_status":"closed","ping_status":"closed","template":"","meta":{"kt_blocks_editor_width":"","footnotes":""},"class_list":["post-1269","page","type-page","status-publish","has-post-thumbnail","hentry"],"yoast_head":"<!-- This site is optimized with the Yoast SEO plugin v27.4 - https:\/\/yoast.com\/product\/yoast-seo-wordpress\/ -->\n<title>Weitwinkelvorsatz, wann und warum - ewa-marine<\/title>\n<meta name=\"description\" content=\"Es bestehen mindestens vier sehr gute Gr\u00fcnde, warum beim Filmen unter Wasser ein zus\u00e4tzlicher Weitwinkelvorsatz am Camcorder angebracht werden sollte.\" \/>\n<meta name=\"robots\" content=\"index, follow, max-snippet:-1, max-image-preview:large, max-video-preview:-1\" \/>\n<link rel=\"canonical\" href=\"https:\/\/ewa-marine.com\/de\/service\/weitwinkelvorsatz\/\" \/>\n<meta property=\"og:locale\" content=\"de_DE\" \/>\n<meta property=\"og:type\" content=\"article\" \/>\n<meta property=\"og:title\" content=\"Weitwinkelvorsatz, wann und warum - ewa-marine\" \/>\n<meta property=\"og:description\" content=\"Es bestehen mindestens vier sehr gute Gr\u00fcnde, warum beim Filmen unter Wasser ein zus\u00e4tzlicher Weitwinkelvorsatz am Camcorder angebracht werden sollte.\" \/>\n<meta property=\"og:url\" content=\"https:\/\/ewa-marine.com\/de\/service\/weitwinkelvorsatz\/\" \/>\n<meta property=\"og:site_name\" content=\"ewa-marine\" \/>\n<meta property=\"article:publisher\" content=\"https:\/\/www.facebook.com\/ewa-marine\" \/>\n<meta property=\"article:modified_time\" content=\"2015-07-16T11:52:04+00:00\" \/>\n<meta property=\"og:image\" content=\"http:\/\/www.ewa-marine.de\/wp-content\/uploads\/2015\/07\/redsea-diver3.jpg\" \/>\n<meta name=\"twitter:card\" content=\"summary_large_image\" \/>\n<meta name=\"twitter:site\" content=\"@ewa_marine\" \/>\n<meta name=\"twitter:label1\" content=\"Gesch\u00e4tzte Lesezeit\" \/>\n\t<meta name=\"twitter:data1\" content=\"1\u00a0Minute\" \/>\n<script type=\"application\/ld+json\" class=\"yoast-schema-graph\">{\"@context\":\"https:\\\/\\\/schema.org\",\"@graph\":[{\"@type\":\"WebPage\",\"@id\":\"https:\\\/\\\/ewa-marine.com\\\/de\\\/service\\\/weitwinkelvorsatz\\\/\",\"url\":\"https:\\\/\\\/ewa-marine.com\\\/de\\\/service\\\/weitwinkelvorsatz\\\/\",\"name\":\"Weitwinkelvorsatz, wann und warum - ewa-marine\",\"isPartOf\":{\"@id\":\"https:\\\/\\\/ewa-marine.com\\\/de\\\/#website\"},\"primaryImageOfPage\":{\"@id\":\"https:\\\/\\\/ewa-marine.com\\\/de\\\/service\\\/weitwinkelvorsatz\\\/#primaryimage\"},\"image\":{\"@id\":\"https:\\\/\\\/ewa-marine.com\\\/de\\\/service\\\/weitwinkelvorsatz\\\/#primaryimage\"},\"thumbnailUrl\":\"https:\\\/\\\/ewa-marine.com\\\/wp-content\\\/uploads\\\/2015\\\/07\\\/read-more.png\",\"datePublished\":\"2015-07-15T13:24:09+00:00\",\"dateModified\":\"2015-07-16T11:52:04+00:00\",\"description\":\"Es bestehen mindestens vier sehr gute Gr\u00fcnde, warum beim Filmen unter Wasser ein zus\u00e4tzlicher Weitwinkelvorsatz am Camcorder angebracht werden sollte.\",\"breadcrumb\":{\"@id\":\"https:\\\/\\\/ewa-marine.com\\\/de\\\/service\\\/weitwinkelvorsatz\\\/#breadcrumb\"},\"inLanguage\":\"de\",\"potentialAction\":[{\"@type\":\"ReadAction\",\"target\":[\"https:\\\/\\\/ewa-marine.com\\\/de\\\/service\\\/weitwinkelvorsatz\\\/\"]}]},{\"@type\":\"ImageObject\",\"inLanguage\":\"de\",\"@id\":\"https:\\\/\\\/ewa-marine.com\\\/de\\\/service\\\/weitwinkelvorsatz\\\/#primaryimage\",\"url\":\"https:\\\/\\\/ewa-marine.com\\\/wp-content\\\/uploads\\\/2015\\\/07\\\/read-more.png\",\"contentUrl\":\"https:\\\/\\\/ewa-marine.com\\\/wp-content\\\/uploads\\\/2015\\\/07\\\/read-more.png\",\"width\":200,\"height\":200,\"caption\":\"Stativ-Bodenplatte\"},{\"@type\":\"BreadcrumbList\",\"@id\":\"https:\\\/\\\/ewa-marine.com\\\/de\\\/service\\\/weitwinkelvorsatz\\\/#breadcrumb\",\"itemListElement\":[{\"@type\":\"ListItem\",\"position\":1,\"name\":\"Startseite\",\"item\":\"https:\\\/\\\/www.ewa-marine.de\\\/\"},{\"@type\":\"ListItem\",\"position\":2,\"name\":\"Service\",\"item\":\"https:\\\/\\\/www.ewa-marine.de\\\/service\\\/\"},{\"@type\":\"ListItem\",\"position\":3,\"name\":\"Weitwinkelvorsatz, wann und warum\"}]},{\"@type\":\"WebSite\",\"@id\":\"https:\\\/\\\/ewa-marine.com\\\/de\\\/#website\",\"url\":\"https:\\\/\\\/ewa-marine.com\\\/de\\\/\",\"name\":\"ewa-marine\",\"description\":\"Capture the Extreme !\",\"potentialAction\":[{\"@type\":\"SearchAction\",\"target\":{\"@type\":\"EntryPoint\",\"urlTemplate\":\"https:\\\/\\\/ewa-marine.com\\\/de\\\/?s={search_term_string}\"},\"query-input\":{\"@type\":\"PropertyValueSpecification\",\"valueRequired\":true,\"valueName\":\"search_term_string\"}}],\"inLanguage\":\"de\"}]}<\/script>\n<!-- \/ Yoast SEO plugin. -->","yoast_head_json":{"title":"Weitwinkelvorsatz, wann und warum - ewa-marine","description":"Es bestehen mindestens vier sehr gute Gr\u00fcnde, warum beim Filmen unter Wasser ein zus\u00e4tzlicher Weitwinkelvorsatz am Camcorder angebracht werden sollte.","robots":{"index":"index","follow":"follow","max-snippet":"max-snippet:-1","max-image-preview":"max-image-preview:large","max-video-preview":"max-video-preview:-1"},"canonical":"https:\/\/ewa-marine.com\/de\/service\/weitwinkelvorsatz\/","og_locale":"de_DE","og_type":"article","og_title":"Weitwinkelvorsatz, wann und warum - ewa-marine","og_description":"Es bestehen mindestens vier sehr gute Gr\u00fcnde, warum beim Filmen unter Wasser ein zus\u00e4tzlicher Weitwinkelvorsatz am Camcorder angebracht werden sollte.","og_url":"https:\/\/ewa-marine.com\/de\/service\/weitwinkelvorsatz\/","og_site_name":"ewa-marine","article_publisher":"https:\/\/www.facebook.com\/ewa-marine","article_modified_time":"2015-07-16T11:52:04+00:00","og_image":[{"url":"http:\/\/www.ewa-marine.de\/wp-content\/uploads\/2015\/07\/redsea-diver3.jpg","type":"","width":"","height":""}],"twitter_card":"summary_large_image","twitter_site":"@ewa_marine","twitter_misc":{"Gesch\u00e4tzte Lesezeit":"1\u00a0Minute"},"schema":{"@context":"https:\/\/schema.org","@graph":[{"@type":"WebPage","@id":"https:\/\/ewa-marine.com\/de\/service\/weitwinkelvorsatz\/","url":"https:\/\/ewa-marine.com\/de\/service\/weitwinkelvorsatz\/","name":"Weitwinkelvorsatz, wann und warum - ewa-marine","isPartOf":{"@id":"https:\/\/ewa-marine.com\/de\/#website"},"primaryImageOfPage":{"@id":"https:\/\/ewa-marine.com\/de\/service\/weitwinkelvorsatz\/#primaryimage"},"image":{"@id":"https:\/\/ewa-marine.com\/de\/service\/weitwinkelvorsatz\/#primaryimage"},"thumbnailUrl":"https:\/\/ewa-marine.com\/wp-content\/uploads\/2015\/07\/read-more.png","datePublished":"2015-07-15T13:24:09+00:00","dateModified":"2015-07-16T11:52:04+00:00","description":"Es bestehen mindestens vier sehr gute Gr\u00fcnde, warum beim Filmen unter Wasser ein zus\u00e4tzlicher Weitwinkelvorsatz am Camcorder angebracht werden sollte.","breadcrumb":{"@id":"https:\/\/ewa-marine.com\/de\/service\/weitwinkelvorsatz\/#breadcrumb"},"inLanguage":"de","potentialAction":[{"@type":"ReadAction","target":["https:\/\/ewa-marine.com\/de\/service\/weitwinkelvorsatz\/"]}]},{"@type":"ImageObject","inLanguage":"de","@id":"https:\/\/ewa-marine.com\/de\/service\/weitwinkelvorsatz\/#primaryimage","url":"https:\/\/ewa-marine.com\/wp-content\/uploads\/2015\/07\/read-more.png","contentUrl":"https:\/\/ewa-marine.com\/wp-content\/uploads\/2015\/07\/read-more.png","width":200,"height":200,"caption":"Stativ-Bodenplatte"},{"@type":"BreadcrumbList","@id":"https:\/\/ewa-marine.com\/de\/service\/weitwinkelvorsatz\/#breadcrumb","itemListElement":[{"@type":"ListItem","position":1,"name":"Startseite","item":"https:\/\/www.ewa-marine.de\/"},{"@type":"ListItem","position":2,"name":"Service","item":"https:\/\/www.ewa-marine.de\/service\/"},{"@type":"ListItem","position":3,"name":"Weitwinkelvorsatz, wann und warum"}]},{"@type":"WebSite","@id":"https:\/\/ewa-marine.com\/de\/#website","url":"https:\/\/ewa-marine.com\/de\/","name":"ewa-marine","description":"Capture the Extreme !","potentialAction":[{"@type":"SearchAction","target":{"@type":"EntryPoint","urlTemplate":"https:\/\/ewa-marine.com\/de\/?s={search_term_string}"},"query-input":{"@type":"PropertyValueSpecification","valueRequired":true,"valueName":"search_term_string"}}],"inLanguage":"de"}]}},"_links":{"self":[{"href":"https:\/\/ewa-marine.com\/de\/wp-json\/wp\/v2\/pages\/1269","targetHints":{"allow":["GET"]}}],"collection":[{"href":"https:\/\/ewa-marine.com\/de\/wp-json\/wp\/v2\/pages"}],"about":[{"href":"https:\/\/ewa-marine.com\/de\/wp-json\/wp\/v2\/types\/page"}],"author":[{"embeddable":true,"href":"https:\/\/ewa-marine.com\/de\/wp-json\/wp\/v2\/users\/2"}],"replies":[{"embeddable":true,"href":"https:\/\/ewa-marine.com\/de\/wp-json\/wp\/v2\/comments?post=1269"}],"version-history":[{"count":0,"href":"https:\/\/ewa-marine.com\/de\/wp-json\/wp\/v2\/pages\/1269\/revisions"}],"up":[{"embeddable":true,"href":"https:\/\/ewa-marine.com\/de\/wp-json\/wp\/v2\/pages\/997"}],"wp:featuredmedia":[{"embeddable":true,"href":"https:\/\/ewa-marine.com\/de\/wp-json\/wp\/v2\/media\/384"}],"wp:attachment":[{"href":"https:\/\/ewa-marine.com\/de\/wp-json\/wp\/v2\/media?parent=1269"}],"curies":[{"name":"wp","href":"https:\/\/api.w.org\/{rel}","templated":true}]}}