{"id":1274,"date":"2015-07-15T14:27:20","date_gmt":"2015-07-15T13:27:20","guid":{"rendered":"http:\/\/de.dicapac.de\/?page_id=1274"},"modified":"2015-07-16T12:58:40","modified_gmt":"2015-07-16T11:58:40","slug":"uw-korrekturfilter","status":"publish","type":"page","link":"https:\/\/ewa-marine.com\/de\/service\/uw-korrekturfilter\/","title":{"rendered":"UW-Korrekturfilter &#8211; warum und wann"},"content":{"rendered":"<div id=\"pl-1274\"  class=\"panel-layout\" ><div id=\"pg-1274-0\"  class=\"panel-grid panel-no-style\" ><div id=\"pgc-1274-0-0\"  class=\"panel-grid-cell\" ><div id=\"panel-1274-0-0-0\" class=\"so-panel widget widget_kadence_simple_image kadence_simple_image panel-first-child panel-last-child\" data-index=\"0\" ><div class=\"kad_img_upload_widget  kt-shape-type- kt-image-align-center kt-image-widget-widget-0-0-0\"><a href=\"\" rel=\"lightbox\"><div class=\"kt-image-contain  \"><div class=\"kt-image-inner-contain\"><img decoding=\"async\" src=\"\"><\/div><\/div><\/a><\/div><\/div><\/div><div id=\"pgc-1274-0-1\"  class=\"panel-grid-cell\" ><div id=\"panel-1274-0-1-0\" class=\"so-panel widget widget_black-studio-tinymce widget_black_studio_tinymce panel-first-child panel-last-child\" data-index=\"1\" ><div class=\"textwidget\"><h1>UW-Korrekturfilter\u00a0<\/h1>\n<h2>Warum und wann sie genutzt werden sollten<\/h2>\n<p><strong>UW-Korrekturfilter sind Farbfilter<\/strong>, die bei Aufnahmen mit Foto- und Videokameras zu einer Verbesserung der Bildqualit\u00e4t (Farbechtheit) f\u00fchren. Wasser ver\u00e4ndert das nat\u00fcrliche Farbgleichgewicht, indem es unter anderem die roten Farbt\u00f6ne schon bei sehr geringen Tauchtiefen herausfiltert. Die Folge ist somit bei Unterwasseraufnahmen der bekannte Blaustich. Die rot get\u00f6nten UW-Korrekturfilter helfen hier aus, indem sie das verloren gegangene rote Licht nachtr\u00e4glich, kurz vor dem Objektiv, wieder hinzuf\u00fcgen.<\/p>\n<p>Auch die jeweilige Wasserfarbe f\u00fchrt zu unterschiedlichen Filtereigenschaften. Man differenziert zwischen \"blauem\" (in den Tropen) und \"gr\u00fcnem\" (in unseren S\u00fc\u00dfwasserseen, im n\u00f6rdlichen Mittelmeer) Wasser<\/p>\n<p>ewa-marine bietet Ihnen daher zwei unterschiedliche UW-Korrekturfilter-Systeme an:<\/p>\n<p><strong>FUW-b f\u00fcr blaues Wasser<\/strong><br \/> <strong>FUW-g f\u00fcr gr\u00fcnes Wasser<\/strong><\/p>\n<p>Beide Farb-Filter sind f\u00fcr die Filter \u00d8 37, 46, 49, 52, 55, 62 und 67mm erh\u00e4ltlich.<\/p>\n<p>Die Belichtungsautomatik der Kamera wird in der Regel die Blende \u00fcber zwei Stufen weiter \u00f6ffnen als ohne Filter. In gr\u00f6\u00dferen Tauchtiefen kann das von der Lichtmenge her kritisch werden. \u00dcberpr\u00fcfen Sie die Blende, sofern dieses bei Ihrer Kamera m\u00f6glich ist, immer wieder einmal. Sie werden staunen, wie schnell die Automatik dann \u00fcber die offene Blende hinaus in den Verst\u00e4rkungsmodus schaltet. Halten Sie allgemein die notwendigen Rahmenbedingungen wie Mindesttauchtiefe (5 m) und hohen Sonnenstand nicht ein, werden Ihre Bilder vom Filter stark in seiner Eigenfarbe get\u00f6nt, was leider meist zu unbrauchbaren Ergebnissen f\u00fchrt.<br \/> Diese <strong>Filter<\/strong> sollten bei Camcordern jedoch <strong>nur mit manuell eingestelltem Daylight-Abgleich eingesetzt werden<\/strong>. Es darf auch nicht vergessen werden, dass diese Filter eine ganze Menge Licht schlucken.<\/p>\n<p>Achtung: Aufnahmen mit Zusatzlicht \/ Blitz k\u00f6nnen nur ohne UW-Filter realisiert werden, da deren Licht sonst stark orange get\u00f6nt werden w\u00fcrde. Auch die Lichtfarbe einer Taucherlampe in der Hand des Models verschiebt sich ins R\u00f6tliche.<\/p>\n<p><em>Dies k\u00f6nnte Sie ebenfalls interessieren<\/em>:<\/p>\n<p>\"<a href=\"\/tageszeit-fuer-uw-fotografievideos\/\">Welche Tageszeit eignet sich am besten f\u00fcr UW-Fotografie \/Videos?<\/a>\"<\/p>\n<\/div><\/div><\/div><\/div><\/div>","protected":false},"excerpt":{"rendered":"<p>UW-Korrekturfilter\u00a0Warum und wann sie genutzt werden solltenUW-Korrekturfilter sind Farbfilter, die bei Aufnahmen mit Foto- und Videokameras zu einer Verbesserung der Bildqualit\u00e4t (Farbechtheit) f\u00fchren. Wasser ver\u00e4ndert das nat\u00fcrliche Farbgleichgewicht, indem es unter anderem die roten Farbt\u00f6ne schon bei sehr geringen Tauchtiefen herausfiltert. Die Folge ist somit bei Unterwasseraufnahmen der bekannte Blaustich. Die rot get\u00f6nten UW-Korrekturfilter helfen hier aus, indem sie das verloren gegangene rote Licht nachtr\u00e4glich, kurz vor dem Objektiv, wieder hinzuf\u00fcgen.Auch die jeweilige Wasserfarbe f\u00fchrt zu unterschiedlichen Filtereigenschaften. Man differenziert &hellip; <a href=\"https:\/\/ewa-marine.com\/de\/service\/uw-korrekturfilter\/\">Weiterlesen<\/a><\/p>\n","protected":false},"author":2,"featured_media":384,"parent":997,"menu_order":14,"comment_status":"closed","ping_status":"closed","template":"","meta":{"kt_blocks_editor_width":"","footnotes":""},"class_list":["post-1274","page","type-page","status-publish","has-post-thumbnail","hentry"],"yoast_head":"<!-- This site is optimized with the Yoast SEO plugin v27.4 - https:\/\/yoast.com\/product\/yoast-seo-wordpress\/ -->\n<title>UW-Korrekturfilter - warum und wann - ewa-marine<\/title>\n<meta name=\"description\" content=\"UW-Korrekturfilter sind Farbfilter, die bei Aufnahmen mit Foto- und Videokameras zu einer Verbesserung der Bildqualit\u00e4t (Farbechtheit) f\u00fchren.\" \/>\n<meta name=\"robots\" content=\"index, follow, max-snippet:-1, max-image-preview:large, max-video-preview:-1\" \/>\n<link rel=\"canonical\" href=\"https:\/\/ewa-marine.com\/de\/service\/uw-korrekturfilter\/\" \/>\n<meta property=\"og:locale\" content=\"de_DE\" \/>\n<meta property=\"og:type\" content=\"article\" \/>\n<meta property=\"og:title\" content=\"UW-Korrekturfilter - warum und wann - ewa-marine\" \/>\n<meta property=\"og:description\" content=\"UW-Korrekturfilter sind Farbfilter, die bei Aufnahmen mit Foto- und Videokameras zu einer Verbesserung der Bildqualit\u00e4t (Farbechtheit) f\u00fchren.\" \/>\n<meta property=\"og:url\" content=\"https:\/\/ewa-marine.com\/de\/service\/uw-korrekturfilter\/\" \/>\n<meta property=\"og:site_name\" content=\"ewa-marine\" \/>\n<meta property=\"article:publisher\" content=\"https:\/\/www.facebook.com\/ewa-marine\" \/>\n<meta property=\"article:modified_time\" content=\"2015-07-16T11:58:40+00:00\" \/>\n<meta property=\"og:image\" content=\"https:\/\/ewa-marine.com\/wp-content\/uploads\/2015\/07\/ewa-marine-icon.jpg\" \/>\n\t<meta property=\"og:image:width\" content=\"250\" \/>\n\t<meta property=\"og:image:height\" content=\"250\" \/>\n\t<meta property=\"og:image:type\" content=\"image\/jpeg\" \/>\n<meta name=\"twitter:card\" content=\"summary_large_image\" \/>\n<meta name=\"twitter:site\" content=\"@ewa_marine\" \/>\n<meta name=\"twitter:label1\" content=\"Gesch\u00e4tzte Lesezeit\" \/>\n\t<meta name=\"twitter:data1\" content=\"2\u00a0Minuten\" \/>\n<script type=\"application\/ld+json\" class=\"yoast-schema-graph\">{\"@context\":\"https:\\\/\\\/schema.org\",\"@graph\":[{\"@type\":\"WebPage\",\"@id\":\"https:\\\/\\\/ewa-marine.com\\\/de\\\/service\\\/uw-korrekturfilter\\\/\",\"url\":\"https:\\\/\\\/ewa-marine.com\\\/de\\\/service\\\/uw-korrekturfilter\\\/\",\"name\":\"UW-Korrekturfilter - warum und wann - ewa-marine\",\"isPartOf\":{\"@id\":\"https:\\\/\\\/ewa-marine.com\\\/de\\\/#website\"},\"primaryImageOfPage\":{\"@id\":\"https:\\\/\\\/ewa-marine.com\\\/de\\\/service\\\/uw-korrekturfilter\\\/#primaryimage\"},\"image\":{\"@id\":\"https:\\\/\\\/ewa-marine.com\\\/de\\\/service\\\/uw-korrekturfilter\\\/#primaryimage\"},\"thumbnailUrl\":\"https:\\\/\\\/ewa-marine.com\\\/wp-content\\\/uploads\\\/2015\\\/07\\\/read-more.png\",\"datePublished\":\"2015-07-15T13:27:20+00:00\",\"dateModified\":\"2015-07-16T11:58:40+00:00\",\"description\":\"UW-Korrekturfilter sind Farbfilter, die bei Aufnahmen mit Foto- und Videokameras zu einer Verbesserung der Bildqualit\u00e4t (Farbechtheit) f\u00fchren.\",\"breadcrumb\":{\"@id\":\"https:\\\/\\\/ewa-marine.com\\\/de\\\/service\\\/uw-korrekturfilter\\\/#breadcrumb\"},\"inLanguage\":\"de\",\"potentialAction\":[{\"@type\":\"ReadAction\",\"target\":[\"https:\\\/\\\/ewa-marine.com\\\/de\\\/service\\\/uw-korrekturfilter\\\/\"]}]},{\"@type\":\"ImageObject\",\"inLanguage\":\"de\",\"@id\":\"https:\\\/\\\/ewa-marine.com\\\/de\\\/service\\\/uw-korrekturfilter\\\/#primaryimage\",\"url\":\"https:\\\/\\\/ewa-marine.com\\\/wp-content\\\/uploads\\\/2015\\\/07\\\/read-more.png\",\"contentUrl\":\"https:\\\/\\\/ewa-marine.com\\\/wp-content\\\/uploads\\\/2015\\\/07\\\/read-more.png\",\"width\":200,\"height\":200,\"caption\":\"Stativ-Bodenplatte\"},{\"@type\":\"BreadcrumbList\",\"@id\":\"https:\\\/\\\/ewa-marine.com\\\/de\\\/service\\\/uw-korrekturfilter\\\/#breadcrumb\",\"itemListElement\":[{\"@type\":\"ListItem\",\"position\":1,\"name\":\"Startseite\",\"item\":\"https:\\\/\\\/www.ewa-marine.de\\\/\"},{\"@type\":\"ListItem\",\"position\":2,\"name\":\"Service\",\"item\":\"https:\\\/\\\/www.ewa-marine.de\\\/service\\\/\"},{\"@type\":\"ListItem\",\"position\":3,\"name\":\"UW-Korrekturfilter &#8211; warum und wann\"}]},{\"@type\":\"WebSite\",\"@id\":\"https:\\\/\\\/ewa-marine.com\\\/de\\\/#website\",\"url\":\"https:\\\/\\\/ewa-marine.com\\\/de\\\/\",\"name\":\"ewa-marine\",\"description\":\"Capture the Extreme !\",\"potentialAction\":[{\"@type\":\"SearchAction\",\"target\":{\"@type\":\"EntryPoint\",\"urlTemplate\":\"https:\\\/\\\/ewa-marine.com\\\/de\\\/?s={search_term_string}\"},\"query-input\":{\"@type\":\"PropertyValueSpecification\",\"valueRequired\":true,\"valueName\":\"search_term_string\"}}],\"inLanguage\":\"de\"}]}<\/script>\n<!-- \/ Yoast SEO plugin. -->","yoast_head_json":{"title":"UW-Korrekturfilter - warum und wann - ewa-marine","description":"UW-Korrekturfilter sind Farbfilter, die bei Aufnahmen mit Foto- und Videokameras zu einer Verbesserung der Bildqualit\u00e4t (Farbechtheit) f\u00fchren.","robots":{"index":"index","follow":"follow","max-snippet":"max-snippet:-1","max-image-preview":"max-image-preview:large","max-video-preview":"max-video-preview:-1"},"canonical":"https:\/\/ewa-marine.com\/de\/service\/uw-korrekturfilter\/","og_locale":"de_DE","og_type":"article","og_title":"UW-Korrekturfilter - warum und wann - ewa-marine","og_description":"UW-Korrekturfilter sind Farbfilter, die bei Aufnahmen mit Foto- und Videokameras zu einer Verbesserung der Bildqualit\u00e4t (Farbechtheit) f\u00fchren.","og_url":"https:\/\/ewa-marine.com\/de\/service\/uw-korrekturfilter\/","og_site_name":"ewa-marine","article_publisher":"https:\/\/www.facebook.com\/ewa-marine","article_modified_time":"2015-07-16T11:58:40+00:00","og_image":[{"width":250,"height":250,"url":"https:\/\/ewa-marine.com\/wp-content\/uploads\/2015\/07\/ewa-marine-icon.jpg","type":"image\/jpeg"}],"twitter_card":"summary_large_image","twitter_site":"@ewa_marine","twitter_misc":{"Gesch\u00e4tzte Lesezeit":"2\u00a0Minuten"},"schema":{"@context":"https:\/\/schema.org","@graph":[{"@type":"WebPage","@id":"https:\/\/ewa-marine.com\/de\/service\/uw-korrekturfilter\/","url":"https:\/\/ewa-marine.com\/de\/service\/uw-korrekturfilter\/","name":"UW-Korrekturfilter - warum und wann - ewa-marine","isPartOf":{"@id":"https:\/\/ewa-marine.com\/de\/#website"},"primaryImageOfPage":{"@id":"https:\/\/ewa-marine.com\/de\/service\/uw-korrekturfilter\/#primaryimage"},"image":{"@id":"https:\/\/ewa-marine.com\/de\/service\/uw-korrekturfilter\/#primaryimage"},"thumbnailUrl":"https:\/\/ewa-marine.com\/wp-content\/uploads\/2015\/07\/read-more.png","datePublished":"2015-07-15T13:27:20+00:00","dateModified":"2015-07-16T11:58:40+00:00","description":"UW-Korrekturfilter sind Farbfilter, die bei Aufnahmen mit Foto- und Videokameras zu einer Verbesserung der Bildqualit\u00e4t (Farbechtheit) f\u00fchren.","breadcrumb":{"@id":"https:\/\/ewa-marine.com\/de\/service\/uw-korrekturfilter\/#breadcrumb"},"inLanguage":"de","potentialAction":[{"@type":"ReadAction","target":["https:\/\/ewa-marine.com\/de\/service\/uw-korrekturfilter\/"]}]},{"@type":"ImageObject","inLanguage":"de","@id":"https:\/\/ewa-marine.com\/de\/service\/uw-korrekturfilter\/#primaryimage","url":"https:\/\/ewa-marine.com\/wp-content\/uploads\/2015\/07\/read-more.png","contentUrl":"https:\/\/ewa-marine.com\/wp-content\/uploads\/2015\/07\/read-more.png","width":200,"height":200,"caption":"Stativ-Bodenplatte"},{"@type":"BreadcrumbList","@id":"https:\/\/ewa-marine.com\/de\/service\/uw-korrekturfilter\/#breadcrumb","itemListElement":[{"@type":"ListItem","position":1,"name":"Startseite","item":"https:\/\/www.ewa-marine.de\/"},{"@type":"ListItem","position":2,"name":"Service","item":"https:\/\/www.ewa-marine.de\/service\/"},{"@type":"ListItem","position":3,"name":"UW-Korrekturfilter &#8211; warum und wann"}]},{"@type":"WebSite","@id":"https:\/\/ewa-marine.com\/de\/#website","url":"https:\/\/ewa-marine.com\/de\/","name":"ewa-marine","description":"Capture the Extreme !","potentialAction":[{"@type":"SearchAction","target":{"@type":"EntryPoint","urlTemplate":"https:\/\/ewa-marine.com\/de\/?s={search_term_string}"},"query-input":{"@type":"PropertyValueSpecification","valueRequired":true,"valueName":"search_term_string"}}],"inLanguage":"de"}]}},"_links":{"self":[{"href":"https:\/\/ewa-marine.com\/de\/wp-json\/wp\/v2\/pages\/1274","targetHints":{"allow":["GET"]}}],"collection":[{"href":"https:\/\/ewa-marine.com\/de\/wp-json\/wp\/v2\/pages"}],"about":[{"href":"https:\/\/ewa-marine.com\/de\/wp-json\/wp\/v2\/types\/page"}],"author":[{"embeddable":true,"href":"https:\/\/ewa-marine.com\/de\/wp-json\/wp\/v2\/users\/2"}],"replies":[{"embeddable":true,"href":"https:\/\/ewa-marine.com\/de\/wp-json\/wp\/v2\/comments?post=1274"}],"version-history":[{"count":0,"href":"https:\/\/ewa-marine.com\/de\/wp-json\/wp\/v2\/pages\/1274\/revisions"}],"up":[{"embeddable":true,"href":"https:\/\/ewa-marine.com\/de\/wp-json\/wp\/v2\/pages\/997"}],"wp:featuredmedia":[{"embeddable":true,"href":"https:\/\/ewa-marine.com\/de\/wp-json\/wp\/v2\/media\/384"}],"wp:attachment":[{"href":"https:\/\/ewa-marine.com\/de\/wp-json\/wp\/v2\/media?parent=1274"}],"curies":[{"name":"wp","href":"https:\/\/api.w.org\/{rel}","templated":true}]}}