{"id":1276,"date":"2015-07-15T14:32:59","date_gmt":"2015-07-15T13:32:59","guid":{"rendered":"http:\/\/de.dicapac.de\/?page_id=1276"},"modified":"2015-07-16T13:02:21","modified_gmt":"2015-07-16T12:02:21","slug":"uv-filter-polarisationsfilter","status":"publish","type":"page","link":"https:\/\/ewa-marine.com\/de\/service\/uv-filter-polarisationsfilter\/","title":{"rendered":"Polarisationsfilter und UV-Filter"},"content":{"rendered":"<div id=\"pl-1276\"  class=\"panel-layout\" ><div id=\"pg-1276-0\"  class=\"panel-grid panel-no-style\" ><div id=\"pgc-1276-0-0\"  class=\"panel-grid-cell\" ><div id=\"panel-1276-0-0-0\" class=\"so-panel widget widget_kadence_simple_image kadence_simple_image panel-first-child panel-last-child\" data-index=\"0\" ><div class=\"kad_img_upload_widget  kt-shape-type- kt-image-align-center kt-image-widget-widget-0-0-0\"><a href=\"\" rel=\"lightbox\"><div class=\"kt-image-contain  \"><div class=\"kt-image-inner-contain\"><img decoding=\"async\" src=\"\"><\/div><\/div><\/a><\/div><\/div><\/div><div id=\"pgc-1276-0-1\"  class=\"panel-grid-cell\" ><div id=\"panel-1276-0-1-0\" class=\"so-panel widget widget_black-studio-tinymce widget_black_studio_tinymce panel-first-child panel-last-child\" data-index=\"1\" ><div class=\"textwidget\"><h1>UV-Filter und Polarisationsfilter<\/h1>\n<h2>Warum und f\u00fcr welche Kameras<\/h2>\n<p>Durch<strong> UV-Filter<\/strong> werden die durch unsichtbare UV-Strahlen verursachten Unsch\u00e4rfen und Dunst weggefiltert. Das Ergebnis: klare, scharfe Aufnahmen. Ein UV-Filter ist auch ein Objektivschutz, der die kostbare Korrektivlinse vor Kratzern, Fingerabdr\u00fccken und Verschmutzung sch\u00fctzt.<\/p>\n<p><strong>Polarisationsfilter<\/strong> (kurz: Polfilter) sind n\u00fctzliche Helfer, wenn es um Reflexe auf nichtmetallischen Oberfl\u00e4chen geht und\/oder um die Farben zu verst\u00e4rken. Wasser und Glas werden durchsichtig (z. B. Autoscheiben oder Schaufenster etc.) und das fahle Blau des Himmels weicht einem kr\u00e4ftigen Blau.<\/p>\n<p>Der zirkulare Polarisationsfilter ist die Alternative f\u00fcr Kameras mit Autofokus und Belichtungsmessung durch das Objektiv. Er wirkt wie ein linearer Polarisationsfilter, bringt jedoch die Lichtstrahlen in eine sich drehende Schwingungsebene. Dadurch werden auch Fehlmessungen und somit falsche Belichtungen verhindert.<\/p>\n<p><strong>F\u00fcr den Unterwassergebrauch sind diese Filter jedoch nicht relevant<\/strong>. Das UV-Licht wird schon nach weniger als einem Meter aus dem Wasser herausgefiltert .<\/p>\n<\/div><\/div><\/div><\/div><\/div>","protected":false},"excerpt":{"rendered":"<p>UV-Filter und PolarisationsfilterWarum und f\u00fcr welche KamerasDurch UV-Filter werden die durch unsichtbare UV-Strahlen verursachten Unsch\u00e4rfen und Dunst weggefiltert. Das Ergebnis: klare, scharfe Aufnahmen. Ein UV-Filter ist auch ein Objektivschutz, der die kostbare Korrektivlinse vor Kratzern, Fingerabdr\u00fccken und Verschmutzung sch\u00fctzt.Polarisationsfilter (kurz: Polfilter) sind n\u00fctzliche Helfer, wenn es um Reflexe auf nichtmetallischen Oberfl\u00e4chen geht und\/oder um die Farben zu verst\u00e4rken. Wasser und Glas werden durchsichtig (z. B. Autoscheiben oder Schaufenster etc.) und das fahle Blau des Himmels weicht einem kr\u00e4ftigen Blau.Der zirkulare &hellip; <a href=\"https:\/\/ewa-marine.com\/de\/service\/uv-filter-polarisationsfilter\/\">Weiterlesen<\/a><\/p>\n","protected":false},"author":2,"featured_media":384,"parent":997,"menu_order":15,"comment_status":"closed","ping_status":"closed","template":"","meta":{"kt_blocks_editor_width":"","footnotes":""},"class_list":["post-1276","page","type-page","status-publish","has-post-thumbnail","hentry"],"yoast_head":"<!-- This site is optimized with the Yoast SEO plugin v27.4 - https:\/\/yoast.com\/product\/yoast-seo-wordpress\/ -->\n<title>Polarisationsfilter und UV-Filter - ewa-marine<\/title>\n<meta name=\"description\" content=\"Polarisationsfilter sind n\u00fctzliche Helfer, wenn es um Reflexe auf nichtmetallischen Oberfl\u00e4chen geht und\/oder um die Farben zu verst\u00e4rken.\" \/>\n<meta name=\"robots\" content=\"index, follow, max-snippet:-1, max-image-preview:large, max-video-preview:-1\" \/>\n<link rel=\"canonical\" href=\"https:\/\/ewa-marine.com\/de\/service\/uv-filter-polarisationsfilter\/\" \/>\n<meta property=\"og:locale\" content=\"de_DE\" \/>\n<meta property=\"og:type\" content=\"article\" \/>\n<meta property=\"og:title\" content=\"Polarisationsfilter und UV-Filter - ewa-marine\" \/>\n<meta property=\"og:description\" content=\"Polarisationsfilter sind n\u00fctzliche Helfer, wenn es um Reflexe auf nichtmetallischen Oberfl\u00e4chen geht und\/oder um die Farben zu verst\u00e4rken.\" \/>\n<meta property=\"og:url\" content=\"https:\/\/ewa-marine.com\/de\/service\/uv-filter-polarisationsfilter\/\" \/>\n<meta property=\"og:site_name\" content=\"ewa-marine\" \/>\n<meta property=\"article:publisher\" content=\"https:\/\/www.facebook.com\/ewa-marine\" \/>\n<meta property=\"article:modified_time\" content=\"2015-07-16T12:02:21+00:00\" \/>\n<meta property=\"og:image\" content=\"https:\/\/ewa-marine.com\/wp-content\/uploads\/2015\/07\/read-more.png\" \/>\n\t<meta property=\"og:image:width\" content=\"200\" \/>\n\t<meta property=\"og:image:height\" content=\"200\" \/>\n\t<meta property=\"og:image:type\" content=\"image\/png\" \/>\n<meta name=\"twitter:card\" content=\"summary_large_image\" \/>\n<meta name=\"twitter:site\" content=\"@ewa_marine\" \/>\n<meta name=\"twitter:label1\" content=\"Gesch\u00e4tzte Lesezeit\" \/>\n\t<meta name=\"twitter:data1\" content=\"1\u00a0Minute\" \/>\n<script type=\"application\/ld+json\" class=\"yoast-schema-graph\">{\"@context\":\"https:\\\/\\\/schema.org\",\"@graph\":[{\"@type\":\"WebPage\",\"@id\":\"https:\\\/\\\/ewa-marine.com\\\/de\\\/service\\\/uv-filter-polarisationsfilter\\\/\",\"url\":\"https:\\\/\\\/ewa-marine.com\\\/de\\\/service\\\/uv-filter-polarisationsfilter\\\/\",\"name\":\"Polarisationsfilter und UV-Filter - ewa-marine\",\"isPartOf\":{\"@id\":\"https:\\\/\\\/ewa-marine.com\\\/de\\\/#website\"},\"primaryImageOfPage\":{\"@id\":\"https:\\\/\\\/ewa-marine.com\\\/de\\\/service\\\/uv-filter-polarisationsfilter\\\/#primaryimage\"},\"image\":{\"@id\":\"https:\\\/\\\/ewa-marine.com\\\/de\\\/service\\\/uv-filter-polarisationsfilter\\\/#primaryimage\"},\"thumbnailUrl\":\"https:\\\/\\\/ewa-marine.com\\\/wp-content\\\/uploads\\\/2015\\\/07\\\/read-more.png\",\"datePublished\":\"2015-07-15T13:32:59+00:00\",\"dateModified\":\"2015-07-16T12:02:21+00:00\",\"description\":\"Polarisationsfilter sind n\u00fctzliche Helfer, wenn es um Reflexe auf nichtmetallischen Oberfl\u00e4chen geht und\\\/oder um die Farben zu verst\u00e4rken.\",\"breadcrumb\":{\"@id\":\"https:\\\/\\\/ewa-marine.com\\\/de\\\/service\\\/uv-filter-polarisationsfilter\\\/#breadcrumb\"},\"inLanguage\":\"de\",\"potentialAction\":[{\"@type\":\"ReadAction\",\"target\":[\"https:\\\/\\\/ewa-marine.com\\\/de\\\/service\\\/uv-filter-polarisationsfilter\\\/\"]}]},{\"@type\":\"ImageObject\",\"inLanguage\":\"de\",\"@id\":\"https:\\\/\\\/ewa-marine.com\\\/de\\\/service\\\/uv-filter-polarisationsfilter\\\/#primaryimage\",\"url\":\"https:\\\/\\\/ewa-marine.com\\\/wp-content\\\/uploads\\\/2015\\\/07\\\/read-more.png\",\"contentUrl\":\"https:\\\/\\\/ewa-marine.com\\\/wp-content\\\/uploads\\\/2015\\\/07\\\/read-more.png\",\"width\":200,\"height\":200,\"caption\":\"Stativ-Bodenplatte\"},{\"@type\":\"BreadcrumbList\",\"@id\":\"https:\\\/\\\/ewa-marine.com\\\/de\\\/service\\\/uv-filter-polarisationsfilter\\\/#breadcrumb\",\"itemListElement\":[{\"@type\":\"ListItem\",\"position\":1,\"name\":\"Startseite\",\"item\":\"https:\\\/\\\/www.ewa-marine.de\\\/\"},{\"@type\":\"ListItem\",\"position\":2,\"name\":\"Service\",\"item\":\"https:\\\/\\\/www.ewa-marine.de\\\/service\\\/\"},{\"@type\":\"ListItem\",\"position\":3,\"name\":\"Polarisationsfilter und UV-Filter\"}]},{\"@type\":\"WebSite\",\"@id\":\"https:\\\/\\\/ewa-marine.com\\\/de\\\/#website\",\"url\":\"https:\\\/\\\/ewa-marine.com\\\/de\\\/\",\"name\":\"ewa-marine\",\"description\":\"Capture the Extreme !\",\"potentialAction\":[{\"@type\":\"SearchAction\",\"target\":{\"@type\":\"EntryPoint\",\"urlTemplate\":\"https:\\\/\\\/ewa-marine.com\\\/de\\\/?s={search_term_string}\"},\"query-input\":{\"@type\":\"PropertyValueSpecification\",\"valueRequired\":true,\"valueName\":\"search_term_string\"}}],\"inLanguage\":\"de\"}]}<\/script>\n<!-- \/ Yoast SEO plugin. -->","yoast_head_json":{"title":"Polarisationsfilter und UV-Filter - ewa-marine","description":"Polarisationsfilter sind n\u00fctzliche Helfer, wenn es um Reflexe auf nichtmetallischen Oberfl\u00e4chen geht und\/oder um die Farben zu verst\u00e4rken.","robots":{"index":"index","follow":"follow","max-snippet":"max-snippet:-1","max-image-preview":"max-image-preview:large","max-video-preview":"max-video-preview:-1"},"canonical":"https:\/\/ewa-marine.com\/de\/service\/uv-filter-polarisationsfilter\/","og_locale":"de_DE","og_type":"article","og_title":"Polarisationsfilter und UV-Filter - ewa-marine","og_description":"Polarisationsfilter sind n\u00fctzliche Helfer, wenn es um Reflexe auf nichtmetallischen Oberfl\u00e4chen geht und\/oder um die Farben zu verst\u00e4rken.","og_url":"https:\/\/ewa-marine.com\/de\/service\/uv-filter-polarisationsfilter\/","og_site_name":"ewa-marine","article_publisher":"https:\/\/www.facebook.com\/ewa-marine","article_modified_time":"2015-07-16T12:02:21+00:00","og_image":[{"width":200,"height":200,"url":"https:\/\/ewa-marine.com\/wp-content\/uploads\/2015\/07\/read-more.png","type":"image\/png"}],"twitter_card":"summary_large_image","twitter_site":"@ewa_marine","twitter_misc":{"Gesch\u00e4tzte Lesezeit":"1\u00a0Minute"},"schema":{"@context":"https:\/\/schema.org","@graph":[{"@type":"WebPage","@id":"https:\/\/ewa-marine.com\/de\/service\/uv-filter-polarisationsfilter\/","url":"https:\/\/ewa-marine.com\/de\/service\/uv-filter-polarisationsfilter\/","name":"Polarisationsfilter und UV-Filter - ewa-marine","isPartOf":{"@id":"https:\/\/ewa-marine.com\/de\/#website"},"primaryImageOfPage":{"@id":"https:\/\/ewa-marine.com\/de\/service\/uv-filter-polarisationsfilter\/#primaryimage"},"image":{"@id":"https:\/\/ewa-marine.com\/de\/service\/uv-filter-polarisationsfilter\/#primaryimage"},"thumbnailUrl":"https:\/\/ewa-marine.com\/wp-content\/uploads\/2015\/07\/read-more.png","datePublished":"2015-07-15T13:32:59+00:00","dateModified":"2015-07-16T12:02:21+00:00","description":"Polarisationsfilter sind n\u00fctzliche Helfer, wenn es um Reflexe auf nichtmetallischen Oberfl\u00e4chen geht und\/oder um die Farben zu verst\u00e4rken.","breadcrumb":{"@id":"https:\/\/ewa-marine.com\/de\/service\/uv-filter-polarisationsfilter\/#breadcrumb"},"inLanguage":"de","potentialAction":[{"@type":"ReadAction","target":["https:\/\/ewa-marine.com\/de\/service\/uv-filter-polarisationsfilter\/"]}]},{"@type":"ImageObject","inLanguage":"de","@id":"https:\/\/ewa-marine.com\/de\/service\/uv-filter-polarisationsfilter\/#primaryimage","url":"https:\/\/ewa-marine.com\/wp-content\/uploads\/2015\/07\/read-more.png","contentUrl":"https:\/\/ewa-marine.com\/wp-content\/uploads\/2015\/07\/read-more.png","width":200,"height":200,"caption":"Stativ-Bodenplatte"},{"@type":"BreadcrumbList","@id":"https:\/\/ewa-marine.com\/de\/service\/uv-filter-polarisationsfilter\/#breadcrumb","itemListElement":[{"@type":"ListItem","position":1,"name":"Startseite","item":"https:\/\/www.ewa-marine.de\/"},{"@type":"ListItem","position":2,"name":"Service","item":"https:\/\/www.ewa-marine.de\/service\/"},{"@type":"ListItem","position":3,"name":"Polarisationsfilter und UV-Filter"}]},{"@type":"WebSite","@id":"https:\/\/ewa-marine.com\/de\/#website","url":"https:\/\/ewa-marine.com\/de\/","name":"ewa-marine","description":"Capture the Extreme !","potentialAction":[{"@type":"SearchAction","target":{"@type":"EntryPoint","urlTemplate":"https:\/\/ewa-marine.com\/de\/?s={search_term_string}"},"query-input":{"@type":"PropertyValueSpecification","valueRequired":true,"valueName":"search_term_string"}}],"inLanguage":"de"}]}},"_links":{"self":[{"href":"https:\/\/ewa-marine.com\/de\/wp-json\/wp\/v2\/pages\/1276","targetHints":{"allow":["GET"]}}],"collection":[{"href":"https:\/\/ewa-marine.com\/de\/wp-json\/wp\/v2\/pages"}],"about":[{"href":"https:\/\/ewa-marine.com\/de\/wp-json\/wp\/v2\/types\/page"}],"author":[{"embeddable":true,"href":"https:\/\/ewa-marine.com\/de\/wp-json\/wp\/v2\/users\/2"}],"replies":[{"embeddable":true,"href":"https:\/\/ewa-marine.com\/de\/wp-json\/wp\/v2\/comments?post=1276"}],"version-history":[{"count":0,"href":"https:\/\/ewa-marine.com\/de\/wp-json\/wp\/v2\/pages\/1276\/revisions"}],"up":[{"embeddable":true,"href":"https:\/\/ewa-marine.com\/de\/wp-json\/wp\/v2\/pages\/997"}],"wp:featuredmedia":[{"embeddable":true,"href":"https:\/\/ewa-marine.com\/de\/wp-json\/wp\/v2\/media\/384"}],"wp:attachment":[{"href":"https:\/\/ewa-marine.com\/de\/wp-json\/wp\/v2\/media?parent=1276"}],"curies":[{"name":"wp","href":"https:\/\/api.w.org\/{rel}","templated":true}]}}