{"id":1279,"date":"2015-07-15T14:37:25","date_gmt":"2015-07-15T13:37:25","guid":{"rendered":"http:\/\/de.dicapac.de\/?page_id=1279"},"modified":"2017-10-06T10:38:45","modified_gmt":"2017-10-06T09:38:45","slug":"wassertropfen-aussen-frontscheibe","status":"publish","type":"page","link":"https:\/\/ewa-marine.com\/de\/service\/wassertropfen-aussen-frontscheibe\/","title":{"rendered":"Wassertropfen au\u00dfen auf der Frontscheibe"},"content":{"rendered":"<div id=\"pl-1279\"  class=\"panel-layout\" ><div id=\"pg-1279-0\"  class=\"panel-grid panel-no-style\" ><div id=\"pgc-1279-0-0\"  class=\"panel-grid-cell\" ><div id=\"panel-1279-0-0-0\" class=\"so-panel widget widget_kadence_simple_image kadence_simple_image panel-first-child panel-last-child\" data-index=\"0\" ><div class=\"kad_img_upload_widget  kt-shape-type- kt-image-align-center kt-image-widget-widget-0-0-0\"><a href=\"\" rel=\"lightbox\"><div class=\"kt-image-contain  \"><div class=\"kt-image-inner-contain\"><img decoding=\"async\" src=\"\"><\/div><\/div><\/a><\/div><\/div><\/div><div id=\"pgc-1279-0-1\"  class=\"panel-grid-cell\" ><div id=\"panel-1279-0-1-0\" class=\"so-panel widget widget_black-studio-tinymce widget_black_studio_tinymce panel-first-child panel-last-child\" data-index=\"1\" ><div class=\"textwidget\"><h1>Wassertropfen au\u00dfen auf der Frontscheibe beim Arbeiten an der Oberfl\u00e4che<\/h1>\n<h2>Was mache ich dagegen?<\/h2>\n<p>Immer wenn Sie Foto- und Videoaufnahmen \"halb-und-halb\" (halb unter Wasser und halb \u00fcber Wasser) machen wollen, bleiben unsch\u00f6ne Wassertropfen zur\u00fcck, die sich durch das ablaufende Wasser bilden.<\/p>\n<p>Um dies zu verhindern, <strong>reiben Sie die Frontglasscheibe mit einem frisch geschnittenen St\u00fcck Apfel ein<\/strong>. Vermeiden Sie R\u00fcckst\u00e4nde des Fruchtfleisches auf der Scheibe. Durch die Fruchts\u00e4ure werden die mikroskopisch kleinen Unebenheiten der Scheibe ausgeglichen und das Wasser kann ohne Tropfenbildung schnell ablaufen. Der Ablaufschutz h\u00e4lt je nach Einsatz-Frequenz und Wasser (Salz oder S\u00fc\u00dfwasser) ca. 3-5 Minuten und kann danach beliebig oft wiederholt werden.<\/p>\n<\/div><\/div><\/div><\/div><\/div>","protected":false},"excerpt":{"rendered":"<p>Wassertropfen au\u00dfen auf der Frontscheibe beim Arbeiten an der Oberfl\u00e4cheWas mache ich dagegen?Immer wenn Sie Foto- und Videoaufnahmen &#8222;halb-und-halb&#8220; (halb unter Wasser und halb \u00fcber Wasser) machen wollen, bleiben unsch\u00f6ne Wassertropfen zur\u00fcck, die sich durch das ablaufende Wasser bilden.Um dies zu verhindern, reiben Sie die Frontglasscheibe mit einem frisch geschnittenen St\u00fcck Apfel ein. Vermeiden Sie R\u00fcckst\u00e4nde des Fruchtfleisches auf der Scheibe. Durch die Fruchts\u00e4ure werden die mikroskopisch kleinen Unebenheiten der Scheibe ausgeglichen und das Wasser kann ohne Tropfenbildung schnell ablaufen. &hellip; <a href=\"https:\/\/ewa-marine.com\/de\/service\/wassertropfen-aussen-frontscheibe\/\">Weiterlesen<\/a><\/p>\n","protected":false},"author":2,"featured_media":384,"parent":997,"menu_order":16,"comment_status":"closed","ping_status":"closed","template":"","meta":{"kt_blocks_editor_width":"","footnotes":""},"class_list":["post-1279","page","type-page","status-publish","has-post-thumbnail","hentry"],"yoast_head":"<!-- This site is optimized with the Yoast SEO plugin v27.4 - https:\/\/yoast.com\/product\/yoast-seo-wordpress\/ -->\n<title>Wassertropfen au\u00dfen auf der Frontscheibe - ewa-marine<\/title>\n<meta name=\"description\" content=\"Immer wenn Sie Foto- und Videoaufnahmen &quot;halb-und-halb&quot; machen wollen, bleiben unsch\u00f6ne Wassertropfen zur\u00fcck, die sich durch das ablaufende Wasser bilden.\" \/>\n<meta name=\"robots\" content=\"index, follow, max-snippet:-1, max-image-preview:large, max-video-preview:-1\" \/>\n<link rel=\"canonical\" href=\"https:\/\/ewa-marine.com\/de\/service\/wassertropfen-aussen-frontscheibe\/\" \/>\n<meta property=\"og:locale\" content=\"de_DE\" \/>\n<meta property=\"og:type\" content=\"article\" \/>\n<meta property=\"og:title\" content=\"Wassertropfen au\u00dfen auf der Frontscheibe - ewa-marine\" \/>\n<meta property=\"og:description\" content=\"Immer wenn Sie Foto- und Videoaufnahmen &quot;halb-und-halb&quot; machen wollen, bleiben unsch\u00f6ne Wassertropfen zur\u00fcck, die sich durch das ablaufende Wasser bilden.\" \/>\n<meta property=\"og:url\" content=\"https:\/\/ewa-marine.com\/de\/service\/wassertropfen-aussen-frontscheibe\/\" \/>\n<meta property=\"og:site_name\" content=\"ewa-marine\" \/>\n<meta property=\"article:publisher\" content=\"https:\/\/www.facebook.com\/ewa-marine\" \/>\n<meta property=\"article:modified_time\" content=\"2017-10-06T09:38:45+00:00\" \/>\n<meta property=\"og:image\" content=\"https:\/\/ewa-marine.com\/wp-content\/uploads\/2015\/07\/ewa-marine-icon.jpg\" \/>\n\t<meta property=\"og:image:width\" content=\"250\" \/>\n\t<meta property=\"og:image:height\" content=\"250\" \/>\n\t<meta property=\"og:image:type\" content=\"image\/jpeg\" \/>\n<meta name=\"twitter:card\" content=\"summary_large_image\" \/>\n<meta name=\"twitter:site\" content=\"@ewa_marine\" \/>\n<meta name=\"twitter:label1\" content=\"Gesch\u00e4tzte Lesezeit\" \/>\n\t<meta name=\"twitter:data1\" content=\"1\u00a0Minute\" \/>\n<script type=\"application\/ld+json\" class=\"yoast-schema-graph\">{\"@context\":\"https:\\\/\\\/schema.org\",\"@graph\":[{\"@type\":\"WebPage\",\"@id\":\"https:\\\/\\\/ewa-marine.com\\\/de\\\/service\\\/wassertropfen-aussen-frontscheibe\\\/\",\"url\":\"https:\\\/\\\/ewa-marine.com\\\/de\\\/service\\\/wassertropfen-aussen-frontscheibe\\\/\",\"name\":\"Wassertropfen au\u00dfen auf der Frontscheibe - ewa-marine\",\"isPartOf\":{\"@id\":\"https:\\\/\\\/ewa-marine.com\\\/de\\\/#website\"},\"primaryImageOfPage\":{\"@id\":\"https:\\\/\\\/ewa-marine.com\\\/de\\\/service\\\/wassertropfen-aussen-frontscheibe\\\/#primaryimage\"},\"image\":{\"@id\":\"https:\\\/\\\/ewa-marine.com\\\/de\\\/service\\\/wassertropfen-aussen-frontscheibe\\\/#primaryimage\"},\"thumbnailUrl\":\"https:\\\/\\\/ewa-marine.com\\\/wp-content\\\/uploads\\\/2015\\\/07\\\/read-more.png\",\"datePublished\":\"2015-07-15T13:37:25+00:00\",\"dateModified\":\"2017-10-06T09:38:45+00:00\",\"description\":\"Immer wenn Sie Foto- und Videoaufnahmen \\\"halb-und-halb\\\" machen wollen, bleiben unsch\u00f6ne Wassertropfen zur\u00fcck, die sich durch das ablaufende Wasser bilden.\",\"breadcrumb\":{\"@id\":\"https:\\\/\\\/ewa-marine.com\\\/de\\\/service\\\/wassertropfen-aussen-frontscheibe\\\/#breadcrumb\"},\"inLanguage\":\"de\",\"potentialAction\":[{\"@type\":\"ReadAction\",\"target\":[\"https:\\\/\\\/ewa-marine.com\\\/de\\\/service\\\/wassertropfen-aussen-frontscheibe\\\/\"]}]},{\"@type\":\"ImageObject\",\"inLanguage\":\"de\",\"@id\":\"https:\\\/\\\/ewa-marine.com\\\/de\\\/service\\\/wassertropfen-aussen-frontscheibe\\\/#primaryimage\",\"url\":\"https:\\\/\\\/ewa-marine.com\\\/wp-content\\\/uploads\\\/2015\\\/07\\\/read-more.png\",\"contentUrl\":\"https:\\\/\\\/ewa-marine.com\\\/wp-content\\\/uploads\\\/2015\\\/07\\\/read-more.png\",\"width\":200,\"height\":200,\"caption\":\"Stativ-Bodenplatte\"},{\"@type\":\"BreadcrumbList\",\"@id\":\"https:\\\/\\\/ewa-marine.com\\\/de\\\/service\\\/wassertropfen-aussen-frontscheibe\\\/#breadcrumb\",\"itemListElement\":[{\"@type\":\"ListItem\",\"position\":1,\"name\":\"Startseite\",\"item\":\"https:\\\/\\\/www.ewa-marine.de\\\/\"},{\"@type\":\"ListItem\",\"position\":2,\"name\":\"Service\",\"item\":\"https:\\\/\\\/www.ewa-marine.de\\\/service\\\/\"},{\"@type\":\"ListItem\",\"position\":3,\"name\":\"Wassertropfen au\u00dfen auf der Frontscheibe\"}]},{\"@type\":\"WebSite\",\"@id\":\"https:\\\/\\\/ewa-marine.com\\\/de\\\/#website\",\"url\":\"https:\\\/\\\/ewa-marine.com\\\/de\\\/\",\"name\":\"ewa-marine\",\"description\":\"Capture the Extreme !\",\"potentialAction\":[{\"@type\":\"SearchAction\",\"target\":{\"@type\":\"EntryPoint\",\"urlTemplate\":\"https:\\\/\\\/ewa-marine.com\\\/de\\\/?s={search_term_string}\"},\"query-input\":{\"@type\":\"PropertyValueSpecification\",\"valueRequired\":true,\"valueName\":\"search_term_string\"}}],\"inLanguage\":\"de\"}]}<\/script>\n<!-- \/ Yoast SEO plugin. -->","yoast_head_json":{"title":"Wassertropfen au\u00dfen auf der Frontscheibe - ewa-marine","description":"Immer wenn Sie Foto- und Videoaufnahmen \"halb-und-halb\" machen wollen, bleiben unsch\u00f6ne Wassertropfen zur\u00fcck, die sich durch das ablaufende Wasser bilden.","robots":{"index":"index","follow":"follow","max-snippet":"max-snippet:-1","max-image-preview":"max-image-preview:large","max-video-preview":"max-video-preview:-1"},"canonical":"https:\/\/ewa-marine.com\/de\/service\/wassertropfen-aussen-frontscheibe\/","og_locale":"de_DE","og_type":"article","og_title":"Wassertropfen au\u00dfen auf der Frontscheibe - ewa-marine","og_description":"Immer wenn Sie Foto- und Videoaufnahmen \"halb-und-halb\" machen wollen, bleiben unsch\u00f6ne Wassertropfen zur\u00fcck, die sich durch das ablaufende Wasser bilden.","og_url":"https:\/\/ewa-marine.com\/de\/service\/wassertropfen-aussen-frontscheibe\/","og_site_name":"ewa-marine","article_publisher":"https:\/\/www.facebook.com\/ewa-marine","article_modified_time":"2017-10-06T09:38:45+00:00","og_image":[{"width":250,"height":250,"url":"https:\/\/ewa-marine.com\/wp-content\/uploads\/2015\/07\/ewa-marine-icon.jpg","type":"image\/jpeg"}],"twitter_card":"summary_large_image","twitter_site":"@ewa_marine","twitter_misc":{"Gesch\u00e4tzte Lesezeit":"1\u00a0Minute"},"schema":{"@context":"https:\/\/schema.org","@graph":[{"@type":"WebPage","@id":"https:\/\/ewa-marine.com\/de\/service\/wassertropfen-aussen-frontscheibe\/","url":"https:\/\/ewa-marine.com\/de\/service\/wassertropfen-aussen-frontscheibe\/","name":"Wassertropfen au\u00dfen auf der Frontscheibe - ewa-marine","isPartOf":{"@id":"https:\/\/ewa-marine.com\/de\/#website"},"primaryImageOfPage":{"@id":"https:\/\/ewa-marine.com\/de\/service\/wassertropfen-aussen-frontscheibe\/#primaryimage"},"image":{"@id":"https:\/\/ewa-marine.com\/de\/service\/wassertropfen-aussen-frontscheibe\/#primaryimage"},"thumbnailUrl":"https:\/\/ewa-marine.com\/wp-content\/uploads\/2015\/07\/read-more.png","datePublished":"2015-07-15T13:37:25+00:00","dateModified":"2017-10-06T09:38:45+00:00","description":"Immer wenn Sie Foto- und Videoaufnahmen \"halb-und-halb\" machen wollen, bleiben unsch\u00f6ne Wassertropfen zur\u00fcck, die sich durch das ablaufende Wasser bilden.","breadcrumb":{"@id":"https:\/\/ewa-marine.com\/de\/service\/wassertropfen-aussen-frontscheibe\/#breadcrumb"},"inLanguage":"de","potentialAction":[{"@type":"ReadAction","target":["https:\/\/ewa-marine.com\/de\/service\/wassertropfen-aussen-frontscheibe\/"]}]},{"@type":"ImageObject","inLanguage":"de","@id":"https:\/\/ewa-marine.com\/de\/service\/wassertropfen-aussen-frontscheibe\/#primaryimage","url":"https:\/\/ewa-marine.com\/wp-content\/uploads\/2015\/07\/read-more.png","contentUrl":"https:\/\/ewa-marine.com\/wp-content\/uploads\/2015\/07\/read-more.png","width":200,"height":200,"caption":"Stativ-Bodenplatte"},{"@type":"BreadcrumbList","@id":"https:\/\/ewa-marine.com\/de\/service\/wassertropfen-aussen-frontscheibe\/#breadcrumb","itemListElement":[{"@type":"ListItem","position":1,"name":"Startseite","item":"https:\/\/www.ewa-marine.de\/"},{"@type":"ListItem","position":2,"name":"Service","item":"https:\/\/www.ewa-marine.de\/service\/"},{"@type":"ListItem","position":3,"name":"Wassertropfen au\u00dfen auf der Frontscheibe"}]},{"@type":"WebSite","@id":"https:\/\/ewa-marine.com\/de\/#website","url":"https:\/\/ewa-marine.com\/de\/","name":"ewa-marine","description":"Capture the Extreme !","potentialAction":[{"@type":"SearchAction","target":{"@type":"EntryPoint","urlTemplate":"https:\/\/ewa-marine.com\/de\/?s={search_term_string}"},"query-input":{"@type":"PropertyValueSpecification","valueRequired":true,"valueName":"search_term_string"}}],"inLanguage":"de"}]}},"_links":{"self":[{"href":"https:\/\/ewa-marine.com\/de\/wp-json\/wp\/v2\/pages\/1279","targetHints":{"allow":["GET"]}}],"collection":[{"href":"https:\/\/ewa-marine.com\/de\/wp-json\/wp\/v2\/pages"}],"about":[{"href":"https:\/\/ewa-marine.com\/de\/wp-json\/wp\/v2\/types\/page"}],"author":[{"embeddable":true,"href":"https:\/\/ewa-marine.com\/de\/wp-json\/wp\/v2\/users\/2"}],"replies":[{"embeddable":true,"href":"https:\/\/ewa-marine.com\/de\/wp-json\/wp\/v2\/comments?post=1279"}],"version-history":[{"count":0,"href":"https:\/\/ewa-marine.com\/de\/wp-json\/wp\/v2\/pages\/1279\/revisions"}],"up":[{"embeddable":true,"href":"https:\/\/ewa-marine.com\/de\/wp-json\/wp\/v2\/pages\/997"}],"wp:featuredmedia":[{"embeddable":true,"href":"https:\/\/ewa-marine.com\/de\/wp-json\/wp\/v2\/media\/384"}],"wp:attachment":[{"href":"https:\/\/ewa-marine.com\/de\/wp-json\/wp\/v2\/media?parent=1279"}],"curies":[{"name":"wp","href":"https:\/\/api.w.org\/{rel}","templated":true}]}}