{"id":1285,"date":"2015-07-15T14:45:35","date_gmt":"2015-07-15T13:45:35","guid":{"rendered":"http:\/\/de.dicapac.de\/?page_id=1285"},"modified":"2015-07-16T13:05:31","modified_gmt":"2015-07-16T12:05:31","slug":"kondensat-frontscheibe","status":"publish","type":"page","link":"https:\/\/ewa-marine.com\/de\/service\/kondensat-frontscheibe\/","title":{"rendered":"Kondensat innen auf der Frontscheibe"},"content":{"rendered":"<div id=\"pl-1285\"  class=\"panel-layout\" ><div id=\"pg-1285-0\"  class=\"panel-grid panel-no-style\" ><div id=\"pgc-1285-0-0\"  class=\"panel-grid-cell\" ><div id=\"panel-1285-0-0-0\" class=\"so-panel widget widget_kadence_simple_image kadence_simple_image panel-first-child panel-last-child\" data-index=\"0\" ><div class=\"kad_img_upload_widget  kt-shape-type- kt-image-align-center kt-image-widget-widget-0-0-0\"><a href=\"\" rel=\"lightbox\"><div class=\"kt-image-contain  \"><div class=\"kt-image-inner-contain\"><img decoding=\"async\" src=\"\"><\/div><\/div><\/a><\/div><\/div><\/div><div id=\"pgc-1285-0-1\"  class=\"panel-grid-cell\" ><div id=\"panel-1285-0-1-0\" class=\"so-panel widget widget_black-studio-tinymce widget_black_studio_tinymce panel-first-child panel-last-child\" data-index=\"1\" ><div class=\"textwidget\"><h1>Kondensat auf der Innenseite der Frontscheibe<\/h1>\n<h2>So bildet es sich nicht<\/h2>\n<p>Beim Einsetzen der Kamera in das ewa-marine Schutz-Geh\u00e4use, schlie\u00dfen Sie auch Luft mit ein. Wenn Sie jetzt mit der Kamera unter Wasser gehen, k\u00fchlt sich die im Geh\u00e4use befindliche warme Luft ab und die enthaltene Feuchtigkeit schl\u00e4gt sich als Kondensat auf der Innenseite der Frontscheibe nieder.<\/p>\n<p>Durch die mit Trockenmittel gef\u00fcllten S\u00e4ckchen wird die Feuchtigkeit gebunden und verhindert somit die Kondensierung und Nebelbildung.<\/p>\n<p>Diese <a href=\"\/produkte\/zubehoer-2\/cd5\/\"><strong>Silica-gel Beutelchen (ewa-marine CD-5)<\/strong><\/a> legen Sie einfach mit zur Kamera in das Geh\u00e4use. Je nach H\u00f6he der Luftfeuchtigkeit ben\u00f6tigen Sie zwischen 2-5 Beutel. Legen Sie diese ca. 10-15 Minuten bevor Sie mit der Kamera ins Wasser gehen in das Geh\u00e4use.<\/p>\n<\/div><\/div><\/div><\/div><\/div>","protected":false},"excerpt":{"rendered":"<p>Kondensat auf der Innenseite der FrontscheibeSo bildet es sich nichtBeim Einsetzen der Kamera in das ewa-marine Schutz-Geh\u00e4use, schlie\u00dfen Sie auch Luft mit ein. Wenn Sie jetzt mit der Kamera unter Wasser gehen, k\u00fchlt sich die im Geh\u00e4use befindliche warme Luft ab und die enthaltene Feuchtigkeit schl\u00e4gt sich als Kondensat auf der Innenseite der Frontscheibe nieder.Durch die mit Trockenmittel gef\u00fcllten S\u00e4ckchen wird die Feuchtigkeit gebunden und verhindert somit die Kondensierung und Nebelbildung.Diese Silica-gel Beutelchen (ewa-marine CD-5) legen Sie einfach mit zur &hellip; <a href=\"https:\/\/ewa-marine.com\/de\/service\/kondensat-frontscheibe\/\">Weiterlesen<\/a><\/p>\n","protected":false},"author":2,"featured_media":384,"parent":997,"menu_order":17,"comment_status":"closed","ping_status":"closed","template":"","meta":{"kt_blocks_editor_width":"","footnotes":""},"class_list":["post-1285","page","type-page","status-publish","has-post-thumbnail","hentry"],"yoast_head":"<!-- This site is optimized with the Yoast SEO plugin v27.4 - https:\/\/yoast.com\/product\/yoast-seo-wordpress\/ -->\n<title>Kondensat innen auf der Frontscheibe - ewa-marine<\/title>\n<meta name=\"description\" content=\"Wenn die Kamera unter Wasser geht, k\u00fchlt sich die im Geh\u00e4use befindliche warme Luft ab und es bildet sich ein Kondensat auf der Innenseite der Frontscheibe.\" \/>\n<meta name=\"robots\" content=\"index, follow, max-snippet:-1, max-image-preview:large, max-video-preview:-1\" \/>\n<link rel=\"canonical\" href=\"https:\/\/ewa-marine.com\/de\/service\/kondensat-frontscheibe\/\" \/>\n<meta property=\"og:locale\" content=\"de_DE\" \/>\n<meta property=\"og:type\" content=\"article\" \/>\n<meta property=\"og:title\" content=\"Kondensat innen auf der Frontscheibe - ewa-marine\" \/>\n<meta property=\"og:description\" content=\"Wenn die Kamera unter Wasser geht, k\u00fchlt sich die im Geh\u00e4use befindliche warme Luft ab und es bildet sich ein Kondensat auf der Innenseite der Frontscheibe.\" \/>\n<meta property=\"og:url\" content=\"https:\/\/ewa-marine.com\/de\/service\/kondensat-frontscheibe\/\" \/>\n<meta property=\"og:site_name\" content=\"ewa-marine\" \/>\n<meta property=\"article:publisher\" content=\"https:\/\/www.facebook.com\/ewa-marine\" \/>\n<meta property=\"article:modified_time\" content=\"2015-07-16T12:05:31+00:00\" \/>\n<meta property=\"og:image\" content=\"https:\/\/ewa-marine.com\/wp-content\/uploads\/2015\/07\/ewa-marine-icon.jpg\" \/>\n\t<meta property=\"og:image:width\" content=\"250\" \/>\n\t<meta property=\"og:image:height\" content=\"250\" \/>\n\t<meta property=\"og:image:type\" content=\"image\/jpeg\" \/>\n<meta name=\"twitter:card\" content=\"summary_large_image\" \/>\n<meta name=\"twitter:site\" content=\"@ewa_marine\" \/>\n<meta name=\"twitter:label1\" content=\"Gesch\u00e4tzte Lesezeit\" \/>\n\t<meta name=\"twitter:data1\" content=\"1\u00a0Minute\" \/>\n<script type=\"application\/ld+json\" class=\"yoast-schema-graph\">{\"@context\":\"https:\\\/\\\/schema.org\",\"@graph\":[{\"@type\":\"WebPage\",\"@id\":\"https:\\\/\\\/ewa-marine.com\\\/de\\\/service\\\/kondensat-frontscheibe\\\/\",\"url\":\"https:\\\/\\\/ewa-marine.com\\\/de\\\/service\\\/kondensat-frontscheibe\\\/\",\"name\":\"Kondensat innen auf der Frontscheibe - ewa-marine\",\"isPartOf\":{\"@id\":\"https:\\\/\\\/ewa-marine.com\\\/de\\\/#website\"},\"primaryImageOfPage\":{\"@id\":\"https:\\\/\\\/ewa-marine.com\\\/de\\\/service\\\/kondensat-frontscheibe\\\/#primaryimage\"},\"image\":{\"@id\":\"https:\\\/\\\/ewa-marine.com\\\/de\\\/service\\\/kondensat-frontscheibe\\\/#primaryimage\"},\"thumbnailUrl\":\"https:\\\/\\\/ewa-marine.com\\\/wp-content\\\/uploads\\\/2015\\\/07\\\/read-more.png\",\"datePublished\":\"2015-07-15T13:45:35+00:00\",\"dateModified\":\"2015-07-16T12:05:31+00:00\",\"description\":\"Wenn die Kamera unter Wasser geht, k\u00fchlt sich die im Geh\u00e4use befindliche warme Luft ab und es bildet sich ein Kondensat auf der Innenseite der Frontscheibe.\",\"breadcrumb\":{\"@id\":\"https:\\\/\\\/ewa-marine.com\\\/de\\\/service\\\/kondensat-frontscheibe\\\/#breadcrumb\"},\"inLanguage\":\"de\",\"potentialAction\":[{\"@type\":\"ReadAction\",\"target\":[\"https:\\\/\\\/ewa-marine.com\\\/de\\\/service\\\/kondensat-frontscheibe\\\/\"]}]},{\"@type\":\"ImageObject\",\"inLanguage\":\"de\",\"@id\":\"https:\\\/\\\/ewa-marine.com\\\/de\\\/service\\\/kondensat-frontscheibe\\\/#primaryimage\",\"url\":\"https:\\\/\\\/ewa-marine.com\\\/wp-content\\\/uploads\\\/2015\\\/07\\\/read-more.png\",\"contentUrl\":\"https:\\\/\\\/ewa-marine.com\\\/wp-content\\\/uploads\\\/2015\\\/07\\\/read-more.png\",\"width\":200,\"height\":200,\"caption\":\"Stativ-Bodenplatte\"},{\"@type\":\"BreadcrumbList\",\"@id\":\"https:\\\/\\\/ewa-marine.com\\\/de\\\/service\\\/kondensat-frontscheibe\\\/#breadcrumb\",\"itemListElement\":[{\"@type\":\"ListItem\",\"position\":1,\"name\":\"Startseite\",\"item\":\"https:\\\/\\\/www.ewa-marine.de\\\/\"},{\"@type\":\"ListItem\",\"position\":2,\"name\":\"Service\",\"item\":\"https:\\\/\\\/www.ewa-marine.de\\\/service\\\/\"},{\"@type\":\"ListItem\",\"position\":3,\"name\":\"Kondensat innen auf der Frontscheibe\"}]},{\"@type\":\"WebSite\",\"@id\":\"https:\\\/\\\/ewa-marine.com\\\/de\\\/#website\",\"url\":\"https:\\\/\\\/ewa-marine.com\\\/de\\\/\",\"name\":\"ewa-marine\",\"description\":\"Capture the Extreme !\",\"potentialAction\":[{\"@type\":\"SearchAction\",\"target\":{\"@type\":\"EntryPoint\",\"urlTemplate\":\"https:\\\/\\\/ewa-marine.com\\\/de\\\/?s={search_term_string}\"},\"query-input\":{\"@type\":\"PropertyValueSpecification\",\"valueRequired\":true,\"valueName\":\"search_term_string\"}}],\"inLanguage\":\"de\"}]}<\/script>\n<!-- \/ Yoast SEO plugin. -->","yoast_head_json":{"title":"Kondensat innen auf der Frontscheibe - ewa-marine","description":"Wenn die Kamera unter Wasser geht, k\u00fchlt sich die im Geh\u00e4use befindliche warme Luft ab und es bildet sich ein Kondensat auf der Innenseite der Frontscheibe.","robots":{"index":"index","follow":"follow","max-snippet":"max-snippet:-1","max-image-preview":"max-image-preview:large","max-video-preview":"max-video-preview:-1"},"canonical":"https:\/\/ewa-marine.com\/de\/service\/kondensat-frontscheibe\/","og_locale":"de_DE","og_type":"article","og_title":"Kondensat innen auf der Frontscheibe - ewa-marine","og_description":"Wenn die Kamera unter Wasser geht, k\u00fchlt sich die im Geh\u00e4use befindliche warme Luft ab und es bildet sich ein Kondensat auf der Innenseite der Frontscheibe.","og_url":"https:\/\/ewa-marine.com\/de\/service\/kondensat-frontscheibe\/","og_site_name":"ewa-marine","article_publisher":"https:\/\/www.facebook.com\/ewa-marine","article_modified_time":"2015-07-16T12:05:31+00:00","og_image":[{"width":250,"height":250,"url":"https:\/\/ewa-marine.com\/wp-content\/uploads\/2015\/07\/ewa-marine-icon.jpg","type":"image\/jpeg"}],"twitter_card":"summary_large_image","twitter_site":"@ewa_marine","twitter_misc":{"Gesch\u00e4tzte Lesezeit":"1\u00a0Minute"},"schema":{"@context":"https:\/\/schema.org","@graph":[{"@type":"WebPage","@id":"https:\/\/ewa-marine.com\/de\/service\/kondensat-frontscheibe\/","url":"https:\/\/ewa-marine.com\/de\/service\/kondensat-frontscheibe\/","name":"Kondensat innen auf der Frontscheibe - ewa-marine","isPartOf":{"@id":"https:\/\/ewa-marine.com\/de\/#website"},"primaryImageOfPage":{"@id":"https:\/\/ewa-marine.com\/de\/service\/kondensat-frontscheibe\/#primaryimage"},"image":{"@id":"https:\/\/ewa-marine.com\/de\/service\/kondensat-frontscheibe\/#primaryimage"},"thumbnailUrl":"https:\/\/ewa-marine.com\/wp-content\/uploads\/2015\/07\/read-more.png","datePublished":"2015-07-15T13:45:35+00:00","dateModified":"2015-07-16T12:05:31+00:00","description":"Wenn die Kamera unter Wasser geht, k\u00fchlt sich die im Geh\u00e4use befindliche warme Luft ab und es bildet sich ein Kondensat auf der Innenseite der Frontscheibe.","breadcrumb":{"@id":"https:\/\/ewa-marine.com\/de\/service\/kondensat-frontscheibe\/#breadcrumb"},"inLanguage":"de","potentialAction":[{"@type":"ReadAction","target":["https:\/\/ewa-marine.com\/de\/service\/kondensat-frontscheibe\/"]}]},{"@type":"ImageObject","inLanguage":"de","@id":"https:\/\/ewa-marine.com\/de\/service\/kondensat-frontscheibe\/#primaryimage","url":"https:\/\/ewa-marine.com\/wp-content\/uploads\/2015\/07\/read-more.png","contentUrl":"https:\/\/ewa-marine.com\/wp-content\/uploads\/2015\/07\/read-more.png","width":200,"height":200,"caption":"Stativ-Bodenplatte"},{"@type":"BreadcrumbList","@id":"https:\/\/ewa-marine.com\/de\/service\/kondensat-frontscheibe\/#breadcrumb","itemListElement":[{"@type":"ListItem","position":1,"name":"Startseite","item":"https:\/\/www.ewa-marine.de\/"},{"@type":"ListItem","position":2,"name":"Service","item":"https:\/\/www.ewa-marine.de\/service\/"},{"@type":"ListItem","position":3,"name":"Kondensat innen auf der Frontscheibe"}]},{"@type":"WebSite","@id":"https:\/\/ewa-marine.com\/de\/#website","url":"https:\/\/ewa-marine.com\/de\/","name":"ewa-marine","description":"Capture the Extreme !","potentialAction":[{"@type":"SearchAction","target":{"@type":"EntryPoint","urlTemplate":"https:\/\/ewa-marine.com\/de\/?s={search_term_string}"},"query-input":{"@type":"PropertyValueSpecification","valueRequired":true,"valueName":"search_term_string"}}],"inLanguage":"de"}]}},"_links":{"self":[{"href":"https:\/\/ewa-marine.com\/de\/wp-json\/wp\/v2\/pages\/1285","targetHints":{"allow":["GET"]}}],"collection":[{"href":"https:\/\/ewa-marine.com\/de\/wp-json\/wp\/v2\/pages"}],"about":[{"href":"https:\/\/ewa-marine.com\/de\/wp-json\/wp\/v2\/types\/page"}],"author":[{"embeddable":true,"href":"https:\/\/ewa-marine.com\/de\/wp-json\/wp\/v2\/users\/2"}],"replies":[{"embeddable":true,"href":"https:\/\/ewa-marine.com\/de\/wp-json\/wp\/v2\/comments?post=1285"}],"version-history":[{"count":0,"href":"https:\/\/ewa-marine.com\/de\/wp-json\/wp\/v2\/pages\/1285\/revisions"}],"up":[{"embeddable":true,"href":"https:\/\/ewa-marine.com\/de\/wp-json\/wp\/v2\/pages\/997"}],"wp:featuredmedia":[{"embeddable":true,"href":"https:\/\/ewa-marine.com\/de\/wp-json\/wp\/v2\/media\/384"}],"wp:attachment":[{"href":"https:\/\/ewa-marine.com\/de\/wp-json\/wp\/v2\/media?parent=1285"}],"curies":[{"name":"wp","href":"https:\/\/api.w.org\/{rel}","templated":true}]}}