{"id":1289,"date":"2015-07-15T14:51:41","date_gmt":"2015-07-15T13:51:41","guid":{"rendered":"http:\/\/de.dicapac.de\/?page_id=1289"},"modified":"2017-10-06T10:32:07","modified_gmt":"2017-10-06T09:32:07","slug":"dome-port-warum-nicht","status":"publish","type":"page","link":"https:\/\/ewa-marine.com\/de\/service\/dome-port-warum-nicht\/","title":{"rendered":"Dome-Port: warum nicht?"},"content":{"rendered":"<div id=\"pl-1289\"  class=\"panel-layout\" ><div id=\"pg-1289-0\"  class=\"panel-grid panel-no-style\" ><div id=\"pgc-1289-0-0\"  class=\"panel-grid-cell\" ><div id=\"panel-1289-0-0-0\" class=\"so-panel widget widget_kadence_simple_image kadence_simple_image panel-first-child panel-last-child\" data-index=\"0\" ><div class=\"kad_img_upload_widget  kt-shape-type- kt-image-align-center kt-image-widget-widget-0-0-0\"><a href=\"\" rel=\"lightbox\"><div class=\"kt-image-contain  \"><div class=\"kt-image-inner-contain\"><img decoding=\"async\" src=\"\"><\/div><\/div><\/a><\/div><\/div><\/div><div id=\"pgc-1289-0-1\"  class=\"panel-grid-cell\" ><div id=\"panel-1289-0-1-0\" class=\"so-panel widget widget_black-studio-tinymce widget_black_studio_tinymce panel-first-child panel-last-child\" data-index=\"1\" ><div class=\"textwidget\"><h1>\"Dome-Port\"<\/h1>\n<h2>Sollte ich unter Wasser eigentlich nicht immer einen sogenannten \"Dome-Port\" benutzen ?<\/h2>\n<p>Kurz gesagt: <strong>Nein<\/strong>.<\/p>\n<p>Und warum nicht?<\/p>\n<p><strong>Erstens<\/strong>: Obgleich Dome-Ports f\u00fcr die starken Glasscheiben vorteilhaft sind, die in den Hartgeh\u00e4usen anderer Hersteller benutzt werden, kann ewa-marine im Vergleich dazu ein verh\u00e4ltnism\u00e4\u00dfig d\u00fcnnes Frontglas benutzen, da ewa-marine Frontgl\u00e4ser immer bei einem Druckunterschied von Null Bar benutzt werden, w\u00e4hrend Hartgeh\u00e4useports einer Druckdifferenz von bis zu 6 Athmosph\u00e4ren standhalten m\u00fcssen. Aufgrund des d\u00fcnneren Glases der ewa-marine Frontgl\u00e4ser entstehen in einem viel geringeren Umfang die Verzerrungen die bei den Festgeh\u00e4usen durch Domports kompensiert werden m\u00fcssen.<\/p>\n<p><strong>Zweitens<\/strong>: Der Preis eines guten Dome-Ports \u00fcbersteigt den deines ewa-marine Geh\u00e4uses um ein Vielfaches. Ein Domeport ist ein Luxuszubeh\u00f6r f\u00fcr die teuersten Geh\u00e4use auf dem Markt: Sie dienen der perfekten Brechung des Lichtes das aus dem Wasser \u00fcber das Glas in die Luft des Geh\u00e4uses eintritt und soll sicherzustellen das auch halb\/halb, \u00dcber-\/Unterwasserfotos perfekt gelingen. Normalerweise erfordert diese Art der Photographie eine sehr hohes K\u00f6nnen im Bereich der Kameraarbeit, sowie der manuellen Einstellung der Kamera und des Objektives. Dieses ist nicht die Anwendung, f\u00fcr die unsere ewa-marine Geh\u00e4use entworfen wurden. ewa-marine bietet Ihnen ein preiswertes, gutes Geh\u00e4use f\u00fcr vollautomatische Kameraarbeit. Der Domeport w\u00fcrde enorme Zusatzkosten verursachen, Ihnen aber trotzdem nicht die ganzen M\u00f6glichkeiten der manuellen Kameraarbeit bieten, die sie ben\u00f6tigen um den Dome-Port optimal einzusetzen.<\/p>\n<\/div><\/div><\/div><\/div><\/div>","protected":false},"excerpt":{"rendered":"<p>&#8222;Dome-Port&#8220;Sollte ich unter Wasser eigentlich nicht immer einen sogenannten &#8222;Dome-Port&#8220; benutzen ?Kurz gesagt: Nein.Und warum nicht?Erstens: Obgleich Dome-Ports f\u00fcr die starken Glasscheiben vorteilhaft sind, die in den Hartgeh\u00e4usen anderer Hersteller benutzt werden, kann ewa-marine im Vergleich dazu ein verh\u00e4ltnism\u00e4\u00dfig d\u00fcnnes Frontglas benutzen, da ewa-marine Frontgl\u00e4ser immer bei einem Druckunterschied von Null Bar benutzt werden, w\u00e4hrend Hartgeh\u00e4useports einer Druckdifferenz von bis zu 6 Athmosph\u00e4ren standhalten m\u00fcssen. Aufgrund des d\u00fcnneren Glases der ewa-marine Frontgl\u00e4ser entstehen in einem viel geringeren Umfang die Verzerrungen &hellip; <a href=\"https:\/\/ewa-marine.com\/de\/service\/dome-port-warum-nicht\/\">Weiterlesen<\/a><\/p>\n","protected":false},"author":2,"featured_media":1310,"parent":997,"menu_order":18,"comment_status":"closed","ping_status":"closed","template":"","meta":{"kt_blocks_editor_width":"","footnotes":""},"class_list":["post-1289","page","type-page","status-publish","has-post-thumbnail","hentry"],"yoast_head":"<!-- This site is optimized with the Yoast SEO plugin v27.4 - https:\/\/yoast.com\/product\/yoast-seo-wordpress\/ -->\n<title>Dome-Port: warum nicht? - ewa-marine<\/title>\n<meta name=\"description\" content=\"Obgleich ein Dome-Port f\u00fcr die starken Glasscheiben vorteilhaft ist, die in den Hartgeh\u00e4usen andere Hersteller benutzt werden, kann ewa-marine im Vergleich dazu ein verh\u00e4ltnism\u00e4\u00dfig d\u00fcnnes Frontglas benutzen.\" \/>\n<meta name=\"robots\" content=\"index, follow, max-snippet:-1, max-image-preview:large, max-video-preview:-1\" \/>\n<link rel=\"canonical\" href=\"https:\/\/ewa-marine.com\/de\/service\/dome-port-warum-nicht\/\" \/>\n<meta property=\"og:locale\" content=\"de_DE\" \/>\n<meta property=\"og:type\" content=\"article\" \/>\n<meta property=\"og:title\" content=\"Dome-Port: warum nicht? - ewa-marine\" \/>\n<meta property=\"og:description\" content=\"Obgleich ein Dome-Port f\u00fcr die starken Glasscheiben vorteilhaft ist, die in den Hartgeh\u00e4usen andere Hersteller benutzt werden, kann ewa-marine im Vergleich dazu ein verh\u00e4ltnism\u00e4\u00dfig d\u00fcnnes Frontglas benutzen.\" \/>\n<meta property=\"og:url\" content=\"https:\/\/ewa-marine.com\/de\/service\/dome-port-warum-nicht\/\" \/>\n<meta property=\"og:site_name\" content=\"ewa-marine\" \/>\n<meta property=\"article:publisher\" content=\"https:\/\/www.facebook.com\/ewa-marine\" \/>\n<meta property=\"article:modified_time\" content=\"2017-10-06T09:32:07+00:00\" \/>\n<meta property=\"og:image\" content=\"https:\/\/ewa-marine.com\/wp-content\/uploads\/2015\/07\/ewa-marine-icon.jpg\" \/>\n\t<meta property=\"og:image:width\" content=\"250\" \/>\n\t<meta property=\"og:image:height\" content=\"250\" \/>\n\t<meta property=\"og:image:type\" content=\"image\/jpeg\" \/>\n<meta name=\"twitter:card\" content=\"summary_large_image\" \/>\n<meta name=\"twitter:site\" content=\"@ewa_marine\" \/>\n<meta name=\"twitter:label1\" content=\"Gesch\u00e4tzte Lesezeit\" \/>\n\t<meta name=\"twitter:data1\" content=\"1\u00a0Minute\" \/>\n<script type=\"application\/ld+json\" class=\"yoast-schema-graph\">{\"@context\":\"https:\\\/\\\/schema.org\",\"@graph\":[{\"@type\":\"WebPage\",\"@id\":\"https:\\\/\\\/ewa-marine.com\\\/de\\\/service\\\/dome-port-warum-nicht\\\/\",\"url\":\"https:\\\/\\\/ewa-marine.com\\\/de\\\/service\\\/dome-port-warum-nicht\\\/\",\"name\":\"Dome-Port: warum nicht? - ewa-marine\",\"isPartOf\":{\"@id\":\"https:\\\/\\\/ewa-marine.com\\\/de\\\/#website\"},\"primaryImageOfPage\":{\"@id\":\"https:\\\/\\\/ewa-marine.com\\\/de\\\/service\\\/dome-port-warum-nicht\\\/#primaryimage\"},\"image\":{\"@id\":\"https:\\\/\\\/ewa-marine.com\\\/de\\\/service\\\/dome-port-warum-nicht\\\/#primaryimage\"},\"thumbnailUrl\":\"https:\\\/\\\/ewa-marine.com\\\/wp-content\\\/uploads\\\/2015\\\/07\\\/read-more-U-AX.jpg\",\"datePublished\":\"2015-07-15T13:51:41+00:00\",\"dateModified\":\"2017-10-06T09:32:07+00:00\",\"description\":\"Obgleich ein Dome-Port f\u00fcr die starken Glasscheiben vorteilhaft ist, die in den Hartgeh\u00e4usen andere Hersteller benutzt werden, kann ewa-marine im Vergleich dazu ein verh\u00e4ltnism\u00e4\u00dfig d\u00fcnnes Frontglas benutzen.\",\"breadcrumb\":{\"@id\":\"https:\\\/\\\/ewa-marine.com\\\/de\\\/service\\\/dome-port-warum-nicht\\\/#breadcrumb\"},\"inLanguage\":\"de\",\"potentialAction\":[{\"@type\":\"ReadAction\",\"target\":[\"https:\\\/\\\/ewa-marine.com\\\/de\\\/service\\\/dome-port-warum-nicht\\\/\"]}]},{\"@type\":\"ImageObject\",\"inLanguage\":\"de\",\"@id\":\"https:\\\/\\\/ewa-marine.com\\\/de\\\/service\\\/dome-port-warum-nicht\\\/#primaryimage\",\"url\":\"https:\\\/\\\/ewa-marine.com\\\/wp-content\\\/uploads\\\/2015\\\/07\\\/read-more-U-AX.jpg\",\"contentUrl\":\"https:\\\/\\\/ewa-marine.com\\\/wp-content\\\/uploads\\\/2015\\\/07\\\/read-more-U-AX.jpg\",\"width\":200,\"height\":200,\"caption\":\"ewa-marine SLR underwater housings\"},{\"@type\":\"BreadcrumbList\",\"@id\":\"https:\\\/\\\/ewa-marine.com\\\/de\\\/service\\\/dome-port-warum-nicht\\\/#breadcrumb\",\"itemListElement\":[{\"@type\":\"ListItem\",\"position\":1,\"name\":\"Startseite\",\"item\":\"https:\\\/\\\/www.ewa-marine.de\\\/\"},{\"@type\":\"ListItem\",\"position\":2,\"name\":\"Service\",\"item\":\"https:\\\/\\\/www.ewa-marine.de\\\/service\\\/\"},{\"@type\":\"ListItem\",\"position\":3,\"name\":\"Dome-Port: warum nicht?\"}]},{\"@type\":\"WebSite\",\"@id\":\"https:\\\/\\\/ewa-marine.com\\\/de\\\/#website\",\"url\":\"https:\\\/\\\/ewa-marine.com\\\/de\\\/\",\"name\":\"ewa-marine\",\"description\":\"Capture the Extreme !\",\"potentialAction\":[{\"@type\":\"SearchAction\",\"target\":{\"@type\":\"EntryPoint\",\"urlTemplate\":\"https:\\\/\\\/ewa-marine.com\\\/de\\\/?s={search_term_string}\"},\"query-input\":{\"@type\":\"PropertyValueSpecification\",\"valueRequired\":true,\"valueName\":\"search_term_string\"}}],\"inLanguage\":\"de\"}]}<\/script>\n<!-- \/ Yoast SEO plugin. -->","yoast_head_json":{"title":"Dome-Port: warum nicht? - ewa-marine","description":"Obgleich ein Dome-Port f\u00fcr die starken Glasscheiben vorteilhaft ist, die in den Hartgeh\u00e4usen andere Hersteller benutzt werden, kann ewa-marine im Vergleich dazu ein verh\u00e4ltnism\u00e4\u00dfig d\u00fcnnes Frontglas benutzen.","robots":{"index":"index","follow":"follow","max-snippet":"max-snippet:-1","max-image-preview":"max-image-preview:large","max-video-preview":"max-video-preview:-1"},"canonical":"https:\/\/ewa-marine.com\/de\/service\/dome-port-warum-nicht\/","og_locale":"de_DE","og_type":"article","og_title":"Dome-Port: warum nicht? - ewa-marine","og_description":"Obgleich ein Dome-Port f\u00fcr die starken Glasscheiben vorteilhaft ist, die in den Hartgeh\u00e4usen andere Hersteller benutzt werden, kann ewa-marine im Vergleich dazu ein verh\u00e4ltnism\u00e4\u00dfig d\u00fcnnes Frontglas benutzen.","og_url":"https:\/\/ewa-marine.com\/de\/service\/dome-port-warum-nicht\/","og_site_name":"ewa-marine","article_publisher":"https:\/\/www.facebook.com\/ewa-marine","article_modified_time":"2017-10-06T09:32:07+00:00","og_image":[{"width":250,"height":250,"url":"https:\/\/ewa-marine.com\/wp-content\/uploads\/2015\/07\/ewa-marine-icon.jpg","type":"image\/jpeg"}],"twitter_card":"summary_large_image","twitter_site":"@ewa_marine","twitter_misc":{"Gesch\u00e4tzte Lesezeit":"1\u00a0Minute"},"schema":{"@context":"https:\/\/schema.org","@graph":[{"@type":"WebPage","@id":"https:\/\/ewa-marine.com\/de\/service\/dome-port-warum-nicht\/","url":"https:\/\/ewa-marine.com\/de\/service\/dome-port-warum-nicht\/","name":"Dome-Port: warum nicht? - ewa-marine","isPartOf":{"@id":"https:\/\/ewa-marine.com\/de\/#website"},"primaryImageOfPage":{"@id":"https:\/\/ewa-marine.com\/de\/service\/dome-port-warum-nicht\/#primaryimage"},"image":{"@id":"https:\/\/ewa-marine.com\/de\/service\/dome-port-warum-nicht\/#primaryimage"},"thumbnailUrl":"https:\/\/ewa-marine.com\/wp-content\/uploads\/2015\/07\/read-more-U-AX.jpg","datePublished":"2015-07-15T13:51:41+00:00","dateModified":"2017-10-06T09:32:07+00:00","description":"Obgleich ein Dome-Port f\u00fcr die starken Glasscheiben vorteilhaft ist, die in den Hartgeh\u00e4usen andere Hersteller benutzt werden, kann ewa-marine im Vergleich dazu ein verh\u00e4ltnism\u00e4\u00dfig d\u00fcnnes Frontglas benutzen.","breadcrumb":{"@id":"https:\/\/ewa-marine.com\/de\/service\/dome-port-warum-nicht\/#breadcrumb"},"inLanguage":"de","potentialAction":[{"@type":"ReadAction","target":["https:\/\/ewa-marine.com\/de\/service\/dome-port-warum-nicht\/"]}]},{"@type":"ImageObject","inLanguage":"de","@id":"https:\/\/ewa-marine.com\/de\/service\/dome-port-warum-nicht\/#primaryimage","url":"https:\/\/ewa-marine.com\/wp-content\/uploads\/2015\/07\/read-more-U-AX.jpg","contentUrl":"https:\/\/ewa-marine.com\/wp-content\/uploads\/2015\/07\/read-more-U-AX.jpg","width":200,"height":200,"caption":"ewa-marine SLR underwater housings"},{"@type":"BreadcrumbList","@id":"https:\/\/ewa-marine.com\/de\/service\/dome-port-warum-nicht\/#breadcrumb","itemListElement":[{"@type":"ListItem","position":1,"name":"Startseite","item":"https:\/\/www.ewa-marine.de\/"},{"@type":"ListItem","position":2,"name":"Service","item":"https:\/\/www.ewa-marine.de\/service\/"},{"@type":"ListItem","position":3,"name":"Dome-Port: warum nicht?"}]},{"@type":"WebSite","@id":"https:\/\/ewa-marine.com\/de\/#website","url":"https:\/\/ewa-marine.com\/de\/","name":"ewa-marine","description":"Capture the Extreme !","potentialAction":[{"@type":"SearchAction","target":{"@type":"EntryPoint","urlTemplate":"https:\/\/ewa-marine.com\/de\/?s={search_term_string}"},"query-input":{"@type":"PropertyValueSpecification","valueRequired":true,"valueName":"search_term_string"}}],"inLanguage":"de"}]}},"_links":{"self":[{"href":"https:\/\/ewa-marine.com\/de\/wp-json\/wp\/v2\/pages\/1289","targetHints":{"allow":["GET"]}}],"collection":[{"href":"https:\/\/ewa-marine.com\/de\/wp-json\/wp\/v2\/pages"}],"about":[{"href":"https:\/\/ewa-marine.com\/de\/wp-json\/wp\/v2\/types\/page"}],"author":[{"embeddable":true,"href":"https:\/\/ewa-marine.com\/de\/wp-json\/wp\/v2\/users\/2"}],"replies":[{"embeddable":true,"href":"https:\/\/ewa-marine.com\/de\/wp-json\/wp\/v2\/comments?post=1289"}],"version-history":[{"count":0,"href":"https:\/\/ewa-marine.com\/de\/wp-json\/wp\/v2\/pages\/1289\/revisions"}],"up":[{"embeddable":true,"href":"https:\/\/ewa-marine.com\/de\/wp-json\/wp\/v2\/pages\/997"}],"wp:featuredmedia":[{"embeddable":true,"href":"https:\/\/ewa-marine.com\/de\/wp-json\/wp\/v2\/media\/1310"}],"wp:attachment":[{"href":"https:\/\/ewa-marine.com\/de\/wp-json\/wp\/v2\/media?parent=1289"}],"curies":[{"name":"wp","href":"https:\/\/api.w.org\/{rel}","templated":true}]}}