{"id":129,"date":"2015-07-05T14:19:31","date_gmt":"2015-07-05T13:19:31","guid":{"rendered":"http:\/\/www.dicapac.de\/de\/?page_id=129"},"modified":"2017-01-30T16:35:18","modified_gmt":"2017-01-30T15:35:18","slug":"ueber-uns","status":"publish","type":"page","link":"https:\/\/ewa-marine.com\/de\/ueber-uns\/","title":{"rendered":"\u00dcber Uns"},"content":{"rendered":"<div id=\"pl-129\"  class=\"panel-layout\" ><div id=\"pg-129-0\"  class=\"panel-grid panel-no-style\" ><div id=\"pgc-129-0-0\"  class=\"panel-grid-cell\" ><div id=\"panel-129-0-0-0\" class=\"so-panel widget widget_black-studio-tinymce widget_black_studio_tinymce panel-first-child panel-last-child\" data-index=\"0\" ><div class=\"textwidget\"><h1>Mehr \u00fcber ewa-marine<\/h1>\n<h2>Gegr\u00fcndet 1947 und Hersteller von Unterwassergeh\u00e4usen f\u00fcr Film-, Video-, und Fotokameras seit 1969<\/h2>\n<p>Unsere Firma ein sicherlich typischer Deutscher Mittelst\u00e4ndler und Familienunternehmen, wurde 1947 in Tutzing am Starnberger See in Bayern gegr\u00fcndet und ist seit vielen Jahren als Hersteller von Zubeh\u00f6r f\u00fcr Foto- und Filmkameras weltweit bekannt. 1969, also vor \u00fcber 40 Jahren, entwickelten wir das erste flexible Geh\u00e4use f\u00fcr Super-8 Filmkameras. Diese wurden dann erstmal auf der Photokina 1970 der \u00d6ffentlichkeit vorgestellt. Seit damals sind wir weltweit f\u00fchrend in der\u00a0Herstellung dieser\u00a0flexiblen Schutzgeh\u00e4use sowie diverser Regencapes.<br \/> In unserem Werk in Wolfratshausen, s\u00fcdlich von M\u00fcnchen, werden alle Produkte entwickelt, in einem aufwendigen Verfahren hergestellt, gepr\u00fcft und f\u00fcr den nationalen und internationalen Handel verpackt und verschickt.<\/p>\n<p>Die Palette der ewa-marine Geh\u00e4use deckt die meisten der auf dem Markt verf\u00fcgbaren Foto- (digital sowie, nach wie vor, analog), Film- und Videokameras ab. Egal, ob Sie eine einfache, analoge 35mm Kompaktkamera, eine teuere Mittelformatkamera oder gar eine Film- oder TV-Kamera besitzen. Wir haben f\u00fcr Sie eine L\u00f6sung parat.<br \/> Unsere derzeitige Produktpalette umfa\u00dft den Bereich flexible Schutz-Geh\u00e4use f\u00fcr:<\/p>\n<ul type=\"disc\">\n<li>\n<div>Video-Camcorder<\/div>\n<\/li>\n<li>\n<div>Spiegelreflexkameras (AF wie manuell)<\/div>\n<\/li>\n<li>\n<div>Kompakt-Kameras<\/div>\n<\/li>\n<li>\n<div>Film- und Fernsehkameras<\/div>\n<\/li>\n<li>\n<div>Mobiltelefone<\/div>\n<\/li>\n<li>\n<div>VHF-Funkger\u00e4te<\/div>\n<\/li>\n<li>\n<div>Ausweise und Papiere<\/div>\n<\/li>\n<\/ul>\n<p>Die Schutz-Geh\u00e4use sind alle absolut dicht gegen (Meer-) Wasser, Sand, Staub und sonstige widrige Umwelteinfl\u00fcsse, die dem Ger\u00e4t zum Verh\u00e4ngnis werden k\u00f6nnten.<br \/> Die flexible, extra starke Folie (bis zu 1mm dick) ist\u00a0zu einem soliden Schutz-Geh\u00e4use geformt und sch\u00fctzt sogar unter Wasser.<br \/> Die Capes sind f\u00fcr den Einsatz im leichten bis starken Regen bestimmt. Wo Sie sich bisher mit einer Plastikt\u00fcte beholfen haben, wird Ihnen unser Cape mit Sicherheit von gr\u00f6\u00dfter Hilfe sein.<\/p>\n<\/div><\/div><\/div><\/div><div id=\"pg-129-1\"  class=\"panel-grid panel-no-style\" ><div id=\"pgc-129-1-0\"  class=\"panel-grid-cell\" ><div id=\"panel-129-1-0-0\" class=\"so-panel widget widget_kadence_simple_image kadence_simple_image panel-first-child panel-last-child\" data-index=\"1\" ><div class=\"kad_img_upload_widget  kt-shape-type- kt-image-align-center kt-image-widget-widget-1-0-0\"><a href=\"https:\/\/ewa-marine.com\/wp-content\/uploads\/2015\/07\/Firma-01.jpg\" rel=\"lightbox\"><div class=\"kt-image-contain  \"><div class=\"kt-image-inner-contain\"><img decoding=\"async\" src=\"https:\/\/ewa-marine.com\/wp-content\/uploads\/2015\/07\/Firma-01.jpg\"><\/div><\/div><\/a><div class=\"kadence_image_widget_caption\">Der Kunststoff wird von Rollenmaterial zugeschnitten<\/div><\/div><\/div><\/div><div id=\"pgc-129-1-1\"  class=\"panel-grid-cell\" ><div id=\"panel-129-1-1-0\" class=\"so-panel widget widget_kadence_simple_image kadence_simple_image panel-first-child panel-last-child\" data-index=\"2\" ><div class=\"kad_img_upload_widget  kt-shape-type- kt-image-align-center kt-image-widget-widget-1-1-0\"><a href=\"https:\/\/ewa-marine.com\/wp-content\/uploads\/2015\/07\/Firma-02.jpg\" rel=\"lightbox\"><div class=\"kt-image-contain  \"><div class=\"kt-image-inner-contain\"><img decoding=\"async\" src=\"https:\/\/ewa-marine.com\/wp-content\/uploads\/2015\/07\/Firma-02.jpg\"><\/div><\/div><\/a><div class=\"kadence_image_widget_caption\">Jedes Geh\u00e4use wird vor dem Versand gepr\u00fcft<\/div><\/div><\/div><\/div><\/div><\/div>","protected":false},"excerpt":{"rendered":"<p>Mehr \u00fcber ewa-marineGegr\u00fcndet 1947 und Hersteller von Unterwassergeh\u00e4usen f\u00fcr Film-, Video-, und Fotokameras seit 1969Unsere Firma ein sicherlich typischer Deutscher Mittelst\u00e4ndler und Familienunternehmen, wurde 1947 in Tutzing am Starnberger See in Bayern gegr\u00fcndet und ist seit vielen Jahren als Hersteller von Zubeh\u00f6r f\u00fcr Foto- und Filmkameras weltweit bekannt. 1969, also vor \u00fcber 40 Jahren, entwickelten wir das erste flexible Geh\u00e4use f\u00fcr Super-8 Filmkameras. Diese wurden dann erstmal auf der Photokina 1970 der \u00d6ffentlichkeit vorgestellt. Seit damals sind wir weltweit f\u00fchrend &hellip; <a href=\"https:\/\/ewa-marine.com\/de\/ueber-uns\/\">Weiterlesen<\/a><\/p>\n","protected":false},"author":1,"featured_media":2491,"parent":0,"menu_order":8,"comment_status":"closed","ping_status":"closed","template":"","meta":{"kt_blocks_editor_width":"","footnotes":""},"class_list":["post-129","page","type-page","status-publish","has-post-thumbnail","hentry"],"yoast_head":"<!-- This site is optimized with the Yoast SEO plugin v27.4 - https:\/\/yoast.com\/product\/yoast-seo-wordpress\/ -->\n<title>Mehr \u00fcber ewa-marine, dem Erfinder des flexiblen Unterwassergeh\u00e4use<\/title>\n<meta name=\"description\" content=\"Mehr \u00fcber ewa-marine, Erfinder und Hersteller der kosteng\u00fcnstigen, flexiblen Unterwassergeh\u00e4use f\u00fcr Foto, Film und Videokameras und unserem Werk in Bayern\" \/>\n<meta name=\"robots\" content=\"index, follow, max-snippet:-1, max-image-preview:large, max-video-preview:-1\" \/>\n<link rel=\"canonical\" href=\"https:\/\/ewa-marine.com\/de\/ueber-uns\/\" \/>\n<meta property=\"og:locale\" content=\"de_DE\" \/>\n<meta property=\"og:type\" content=\"article\" \/>\n<meta property=\"og:title\" content=\"Mehr \u00fcber ewa-marine, dem Erfinder des flexiblen Unterwassergeh\u00e4use\" \/>\n<meta property=\"og:description\" content=\"Mehr \u00fcber ewa-marine, Erfinder und Hersteller der kosteng\u00fcnstigen, flexiblen Unterwassergeh\u00e4use f\u00fcr Foto, Film und Videokameras und unserem Werk in Bayern\" \/>\n<meta property=\"og:url\" content=\"https:\/\/ewa-marine.com\/de\/ueber-uns\/\" \/>\n<meta property=\"og:site_name\" content=\"ewa-marine\" \/>\n<meta property=\"article:publisher\" content=\"https:\/\/www.facebook.com\/ewa-marine\" \/>\n<meta property=\"article:modified_time\" content=\"2017-01-30T15:35:18+00:00\" \/>\n<meta property=\"og:image\" content=\"https:\/\/i0.wp.com\/www.ewa-marine.de\/wp-content\/uploads\/2015\/07\/featured-diver.jpg?fit=200%2C200&ssl=1\" \/>\n\t<meta property=\"og:image:width\" content=\"200\" \/>\n\t<meta property=\"og:image:height\" content=\"200\" \/>\n\t<meta property=\"og:image:type\" content=\"image\/jpeg\" \/>\n<meta name=\"twitter:card\" content=\"summary_large_image\" \/>\n<meta name=\"twitter:site\" content=\"@ewa_marine\" \/>\n<meta name=\"twitter:label1\" content=\"Gesch\u00e4tzte Lesezeit\" \/>\n\t<meta name=\"twitter:data1\" content=\"2\u00a0Minuten\" \/>\n<script type=\"application\/ld+json\" class=\"yoast-schema-graph\">{\"@context\":\"https:\\\/\\\/schema.org\",\"@graph\":[{\"@type\":\"WebPage\",\"@id\":\"https:\\\/\\\/ewa-marine.com\\\/de\\\/ueber-uns\\\/\",\"url\":\"https:\\\/\\\/ewa-marine.com\\\/de\\\/ueber-uns\\\/\",\"name\":\"Mehr \u00fcber ewa-marine, dem Erfinder des flexiblen Unterwassergeh\u00e4use\",\"isPartOf\":{\"@id\":\"https:\\\/\\\/ewa-marine.com\\\/de\\\/#website\"},\"primaryImageOfPage\":{\"@id\":\"https:\\\/\\\/ewa-marine.com\\\/de\\\/ueber-uns\\\/#primaryimage\"},\"image\":{\"@id\":\"https:\\\/\\\/ewa-marine.com\\\/de\\\/ueber-uns\\\/#primaryimage\"},\"thumbnailUrl\":\"https:\\\/\\\/ewa-marine.com\\\/wp-content\\\/uploads\\\/2015\\\/07\\\/featured-diver.jpg\",\"datePublished\":\"2015-07-05T13:19:31+00:00\",\"dateModified\":\"2017-01-30T15:35:18+00:00\",\"description\":\"Mehr \u00fcber ewa-marine, Erfinder und Hersteller der kosteng\u00fcnstigen, flexiblen Unterwassergeh\u00e4use f\u00fcr Foto, Film und Videokameras und unserem Werk in Bayern\",\"breadcrumb\":{\"@id\":\"https:\\\/\\\/ewa-marine.com\\\/de\\\/ueber-uns\\\/#breadcrumb\"},\"inLanguage\":\"de\",\"potentialAction\":[{\"@type\":\"ReadAction\",\"target\":[\"https:\\\/\\\/ewa-marine.com\\\/de\\\/ueber-uns\\\/\"]}]},{\"@type\":\"ImageObject\",\"inLanguage\":\"de\",\"@id\":\"https:\\\/\\\/ewa-marine.com\\\/de\\\/ueber-uns\\\/#primaryimage\",\"url\":\"https:\\\/\\\/ewa-marine.com\\\/wp-content\\\/uploads\\\/2015\\\/07\\\/featured-diver.jpg\",\"contentUrl\":\"https:\\\/\\\/ewa-marine.com\\\/wp-content\\\/uploads\\\/2015\\\/07\\\/featured-diver.jpg\",\"width\":200,\"height\":200},{\"@type\":\"BreadcrumbList\",\"@id\":\"https:\\\/\\\/ewa-marine.com\\\/de\\\/ueber-uns\\\/#breadcrumb\",\"itemListElement\":[{\"@type\":\"ListItem\",\"position\":1,\"name\":\"Startseite\",\"item\":\"https:\\\/\\\/www.ewa-marine.de\\\/\"},{\"@type\":\"ListItem\",\"position\":2,\"name\":\"\u00dcber Uns\"}]},{\"@type\":\"WebSite\",\"@id\":\"https:\\\/\\\/ewa-marine.com\\\/de\\\/#website\",\"url\":\"https:\\\/\\\/ewa-marine.com\\\/de\\\/\",\"name\":\"ewa-marine\",\"description\":\"Capture the Extreme !\",\"potentialAction\":[{\"@type\":\"SearchAction\",\"target\":{\"@type\":\"EntryPoint\",\"urlTemplate\":\"https:\\\/\\\/ewa-marine.com\\\/de\\\/?s={search_term_string}\"},\"query-input\":{\"@type\":\"PropertyValueSpecification\",\"valueRequired\":true,\"valueName\":\"search_term_string\"}}],\"inLanguage\":\"de\"}]}<\/script>\n<!-- \/ Yoast SEO plugin. -->","yoast_head_json":{"title":"Mehr \u00fcber ewa-marine, dem Erfinder des flexiblen Unterwassergeh\u00e4use","description":"Mehr \u00fcber ewa-marine, Erfinder und Hersteller der kosteng\u00fcnstigen, flexiblen Unterwassergeh\u00e4use f\u00fcr Foto, Film und Videokameras und unserem Werk in Bayern","robots":{"index":"index","follow":"follow","max-snippet":"max-snippet:-1","max-image-preview":"max-image-preview:large","max-video-preview":"max-video-preview:-1"},"canonical":"https:\/\/ewa-marine.com\/de\/ueber-uns\/","og_locale":"de_DE","og_type":"article","og_title":"Mehr \u00fcber ewa-marine, dem Erfinder des flexiblen Unterwassergeh\u00e4use","og_description":"Mehr \u00fcber ewa-marine, Erfinder und Hersteller der kosteng\u00fcnstigen, flexiblen Unterwassergeh\u00e4use f\u00fcr Foto, Film und Videokameras und unserem Werk in Bayern","og_url":"https:\/\/ewa-marine.com\/de\/ueber-uns\/","og_site_name":"ewa-marine","article_publisher":"https:\/\/www.facebook.com\/ewa-marine","article_modified_time":"2017-01-30T15:35:18+00:00","og_image":[{"width":200,"height":200,"url":"https:\/\/i0.wp.com\/www.ewa-marine.de\/wp-content\/uploads\/2015\/07\/featured-diver.jpg?fit=200%2C200&ssl=1","type":"image\/jpeg"}],"twitter_card":"summary_large_image","twitter_site":"@ewa_marine","twitter_misc":{"Gesch\u00e4tzte Lesezeit":"2\u00a0Minuten"},"schema":{"@context":"https:\/\/schema.org","@graph":[{"@type":"WebPage","@id":"https:\/\/ewa-marine.com\/de\/ueber-uns\/","url":"https:\/\/ewa-marine.com\/de\/ueber-uns\/","name":"Mehr \u00fcber ewa-marine, dem Erfinder des flexiblen Unterwassergeh\u00e4use","isPartOf":{"@id":"https:\/\/ewa-marine.com\/de\/#website"},"primaryImageOfPage":{"@id":"https:\/\/ewa-marine.com\/de\/ueber-uns\/#primaryimage"},"image":{"@id":"https:\/\/ewa-marine.com\/de\/ueber-uns\/#primaryimage"},"thumbnailUrl":"https:\/\/ewa-marine.com\/wp-content\/uploads\/2015\/07\/featured-diver.jpg","datePublished":"2015-07-05T13:19:31+00:00","dateModified":"2017-01-30T15:35:18+00:00","description":"Mehr \u00fcber ewa-marine, Erfinder und Hersteller der kosteng\u00fcnstigen, flexiblen Unterwassergeh\u00e4use f\u00fcr Foto, Film und Videokameras und unserem Werk in Bayern","breadcrumb":{"@id":"https:\/\/ewa-marine.com\/de\/ueber-uns\/#breadcrumb"},"inLanguage":"de","potentialAction":[{"@type":"ReadAction","target":["https:\/\/ewa-marine.com\/de\/ueber-uns\/"]}]},{"@type":"ImageObject","inLanguage":"de","@id":"https:\/\/ewa-marine.com\/de\/ueber-uns\/#primaryimage","url":"https:\/\/ewa-marine.com\/wp-content\/uploads\/2015\/07\/featured-diver.jpg","contentUrl":"https:\/\/ewa-marine.com\/wp-content\/uploads\/2015\/07\/featured-diver.jpg","width":200,"height":200},{"@type":"BreadcrumbList","@id":"https:\/\/ewa-marine.com\/de\/ueber-uns\/#breadcrumb","itemListElement":[{"@type":"ListItem","position":1,"name":"Startseite","item":"https:\/\/www.ewa-marine.de\/"},{"@type":"ListItem","position":2,"name":"\u00dcber Uns"}]},{"@type":"WebSite","@id":"https:\/\/ewa-marine.com\/de\/#website","url":"https:\/\/ewa-marine.com\/de\/","name":"ewa-marine","description":"Capture the Extreme !","potentialAction":[{"@type":"SearchAction","target":{"@type":"EntryPoint","urlTemplate":"https:\/\/ewa-marine.com\/de\/?s={search_term_string}"},"query-input":{"@type":"PropertyValueSpecification","valueRequired":true,"valueName":"search_term_string"}}],"inLanguage":"de"}]}},"_links":{"self":[{"href":"https:\/\/ewa-marine.com\/de\/wp-json\/wp\/v2\/pages\/129","targetHints":{"allow":["GET"]}}],"collection":[{"href":"https:\/\/ewa-marine.com\/de\/wp-json\/wp\/v2\/pages"}],"about":[{"href":"https:\/\/ewa-marine.com\/de\/wp-json\/wp\/v2\/types\/page"}],"author":[{"embeddable":true,"href":"https:\/\/ewa-marine.com\/de\/wp-json\/wp\/v2\/users\/1"}],"replies":[{"embeddable":true,"href":"https:\/\/ewa-marine.com\/de\/wp-json\/wp\/v2\/comments?post=129"}],"version-history":[{"count":0,"href":"https:\/\/ewa-marine.com\/de\/wp-json\/wp\/v2\/pages\/129\/revisions"}],"wp:featuredmedia":[{"embeddable":true,"href":"https:\/\/ewa-marine.com\/de\/wp-json\/wp\/v2\/media\/2491"}],"wp:attachment":[{"href":"https:\/\/ewa-marine.com\/de\/wp-json\/wp\/v2\/media?parent=129"}],"curies":[{"name":"wp","href":"https:\/\/api.w.org\/{rel}","templated":true}]}}