{"id":1337,"date":"2015-07-16T07:14:19","date_gmt":"2015-07-16T06:14:19","guid":{"rendered":"http:\/\/de.dicapac.de\/?page_id=1337"},"modified":"2015-07-16T08:07:46","modified_gmt":"2015-07-16T07:07:46","slug":"dichtigkeit-des-gehaeuses","status":"publish","type":"page","link":"https:\/\/ewa-marine.com\/de\/service\/dichtigkeit-des-gehaeuses\/","title":{"rendered":"Dichtigkeit der Geh\u00e4use"},"content":{"rendered":"<div id=\"pl-1337\"  class=\"panel-layout\" ><div id=\"pg-1337-0\"  class=\"panel-grid panel-no-style\" ><div id=\"pgc-1337-0-0\"  class=\"panel-grid-cell\" ><div id=\"panel-1337-0-0-0\" class=\"so-panel widget widget_kadence_simple_image kadence_simple_image panel-first-child panel-last-child\" data-index=\"0\" ><div class=\"kad_img_upload_widget  kt-shape-type- kt-image-align-center kt-image-widget-widget-0-0-0\"><a href=\"https:\/\/ewa-marine.com\/wp-content\/uploads\/2015\/07\/diver1.jpg\" rel=\"lightbox\"><div class=\"kt-image-contain  \"><div class=\"kt-image-inner-contain\"><img decoding=\"async\" src=\"https:\/\/ewa-marine.com\/wp-content\/uploads\/2015\/07\/diver1.jpg\"><\/div><\/div><\/a><\/div><\/div><\/div><div id=\"pgc-1337-0-1\"  class=\"panel-grid-cell\" ><div id=\"panel-1337-0-1-0\" class=\"so-panel widget widget_black-studio-tinymce widget_black_studio_tinymce panel-first-child panel-last-child\" data-index=\"1\" ><div class=\"textwidget\"><h1>Sind diese flexiblen Folien-Schutz-Geh\u00e4use \u00fcberhaupt dicht ?<\/h1>\n<h2>Ja, die ewa-marine Schutz-Geh\u00e4use sind absolut dicht !<\/h2>\n<p>Wir stellen <strong>seit 1970<\/strong> Schutz-Geh\u00e4use dieser Art her.<br \/> W\u00e4ren sie nicht dicht, h\u00e4tten wir uns mit gro\u00dfer Wahrscheinlichkeit nicht so lange auf dem internationalen, weltweiten Markt gehalten und behaupten k\u00f6nnen. <strong>Wir haben seither \u00fcber 875.000 Geh\u00e4use weltweit verkauft.<\/strong><\/p>\n<p>Die Folie wird zum Teil in eigens von uns daf\u00fcr entwickelten Maschinen tiefgezogen und dann im Hochfrequenz-Verfahren miteinander verschwei\u00dft. Nachdem die Geh\u00e4use fertig montiert sind, wird jedes einzelne gem\u00e4\u00df unseren hohen Qualit\u00e4tsnormen individuell auf seine Dichtigkeit gepr\u00fcft bevor es in den Versand geht. Alle Produkte werden hier bei uns in Geretsried im S\u00fcden von M\u00fcnchen hergestellt und gefertigt. <strong>Qualit\u00e4t: \"made in Germany\"<\/strong><\/p>\n<p>Vor jedem Einsatz unter Wasser sollten Sie das Geh\u00e4use selbst immer wieder pr\u00fcfen, ob es auch dicht geblieben ist. Es kann passieren, da\u00df durch Unachtsamkeit, Vibrationen im Transport etc. ein Loch in die Folien kommt. Einfach das Geh\u00e4use ohne Kamera verschlie\u00dfen, unter Wasser halten und fest drauf dr\u00fccken. Wenn keine Luftblasen an die Wasseroberfl\u00e4che aufsteigen ist das Geh\u00e4use dicht und Sie k\u00f6nnen es auf Ihre Expedition mitnehmen und einsetzten. Da im Inneren und \u00c4usseren des Geh\u00e4uses bei Einsatz immer der gleiche Druck herrscht, ist ein Geh\u00e4use, das bei 10cm Tauchtiefe dicht bleibt auch noch bei 10m dicht.<\/p>\n<p>HINWEIS:<\/p>\n<p>In kleinen Hohlr\u00e4umen an der Unterschiene sammelt sich Luft, die nach dem Eintauchen und leichtem Schr\u00e4ghalten an die Wasseroberfl\u00e4che aufsteigt. Dieser Vorgang dauert ca. 1\/2 Minute und stoppt dann. Diese Luftbl\u00e4schen sind kein Zeichen von Undichtigkeit.<\/p>\n<p>Siehe auch: \"<a href=\"http:\/\/de.ewa-marine.com\/service\/flexible-gehaeuse-was-ist-das\/\">Flexible Geh\u00e4use: Was ist das und wie funktioniert es?<\/a>\"<\/p>\n<\/div><\/div><\/div><\/div><\/div>","protected":false},"excerpt":{"rendered":"<p>Sind diese flexiblen Folien-Schutz-Geh\u00e4use \u00fcberhaupt dicht ?Ja, die ewa-marine Schutz-Geh\u00e4use sind absolut dicht !Wir stellen seit 1970 Schutz-Geh\u00e4use dieser Art her. W\u00e4ren sie nicht dicht, h\u00e4tten wir uns mit gro\u00dfer Wahrscheinlichkeit nicht so lange auf dem internationalen, weltweiten Markt gehalten und behaupten k\u00f6nnen. Wir haben seither \u00fcber 875.000 Geh\u00e4use weltweit verkauft.Die Folie wird zum Teil in eigens von uns daf\u00fcr entwickelten Maschinen tiefgezogen und dann im Hochfrequenz-Verfahren miteinander verschwei\u00dft. Nachdem die Geh\u00e4use fertig montiert sind, wird jedes einzelne gem\u00e4\u00df unseren &hellip; <a href=\"https:\/\/ewa-marine.com\/de\/service\/dichtigkeit-des-gehaeuses\/\">Weiterlesen<\/a><\/p>\n","protected":false},"author":2,"featured_media":384,"parent":997,"menu_order":19,"comment_status":"closed","ping_status":"closed","template":"","meta":{"kt_blocks_editor_width":"","footnotes":""},"class_list":["post-1337","page","type-page","status-publish","has-post-thumbnail","hentry"],"yoast_head":"<!-- This site is optimized with the Yoast SEO plugin v27.4 - https:\/\/yoast.com\/product\/yoast-seo-wordpress\/ -->\n<title>Dichtigkeit der Geh\u00e4use - ewa-marine<\/title>\n<meta name=\"description\" content=\"W\u00e4re die Dichtigkeit unserer Geh\u00e4use nicht bewiesen, h\u00e4tten wir uns mit gro\u00dfer Wahrscheinlichkeit nicht so lange auf dem weltweiten Markt behaupten k\u00f6nnen.\" \/>\n<meta name=\"robots\" content=\"index, follow, max-snippet:-1, max-image-preview:large, max-video-preview:-1\" \/>\n<link rel=\"canonical\" href=\"https:\/\/ewa-marine.com\/de\/service\/dichtigkeit-des-gehaeuses\/\" \/>\n<meta property=\"og:locale\" content=\"de_DE\" \/>\n<meta property=\"og:type\" content=\"article\" \/>\n<meta property=\"og:title\" content=\"Dichtigkeit der Geh\u00e4use - ewa-marine\" \/>\n<meta property=\"og:description\" content=\"W\u00e4re die Dichtigkeit unserer Geh\u00e4use nicht bewiesen, h\u00e4tten wir uns mit gro\u00dfer Wahrscheinlichkeit nicht so lange auf dem weltweiten Markt behaupten k\u00f6nnen.\" \/>\n<meta property=\"og:url\" content=\"https:\/\/ewa-marine.com\/de\/service\/dichtigkeit-des-gehaeuses\/\" \/>\n<meta property=\"og:site_name\" content=\"ewa-marine\" \/>\n<meta property=\"article:publisher\" content=\"https:\/\/www.facebook.com\/ewa-marine\" \/>\n<meta property=\"article:modified_time\" content=\"2015-07-16T07:07:46+00:00\" \/>\n<meta property=\"og:image\" content=\"https:\/\/ewa-marine.com\/wp-content\/uploads\/2015\/07\/read-more.png\" \/>\n\t<meta property=\"og:image:width\" content=\"200\" \/>\n\t<meta property=\"og:image:height\" content=\"200\" \/>\n\t<meta property=\"og:image:type\" content=\"image\/png\" \/>\n<meta name=\"twitter:card\" content=\"summary_large_image\" \/>\n<meta name=\"twitter:site\" content=\"@ewa_marine\" \/>\n<meta name=\"twitter:label1\" content=\"Gesch\u00e4tzte Lesezeit\" \/>\n\t<meta name=\"twitter:data1\" content=\"1\u00a0Minute\" \/>\n<script type=\"application\/ld+json\" class=\"yoast-schema-graph\">{\"@context\":\"https:\\\/\\\/schema.org\",\"@graph\":[{\"@type\":\"WebPage\",\"@id\":\"https:\\\/\\\/ewa-marine.com\\\/de\\\/service\\\/dichtigkeit-des-gehaeuses\\\/\",\"url\":\"https:\\\/\\\/ewa-marine.com\\\/de\\\/service\\\/dichtigkeit-des-gehaeuses\\\/\",\"name\":\"Dichtigkeit der Geh\u00e4use - ewa-marine\",\"isPartOf\":{\"@id\":\"https:\\\/\\\/ewa-marine.com\\\/de\\\/#website\"},\"primaryImageOfPage\":{\"@id\":\"https:\\\/\\\/ewa-marine.com\\\/de\\\/service\\\/dichtigkeit-des-gehaeuses\\\/#primaryimage\"},\"image\":{\"@id\":\"https:\\\/\\\/ewa-marine.com\\\/de\\\/service\\\/dichtigkeit-des-gehaeuses\\\/#primaryimage\"},\"thumbnailUrl\":\"https:\\\/\\\/ewa-marine.com\\\/wp-content\\\/uploads\\\/2015\\\/07\\\/read-more.png\",\"datePublished\":\"2015-07-16T06:14:19+00:00\",\"dateModified\":\"2015-07-16T07:07:46+00:00\",\"description\":\"W\u00e4re die Dichtigkeit unserer Geh\u00e4use nicht bewiesen, h\u00e4tten wir uns mit gro\u00dfer Wahrscheinlichkeit nicht so lange auf dem weltweiten Markt behaupten k\u00f6nnen.\",\"breadcrumb\":{\"@id\":\"https:\\\/\\\/ewa-marine.com\\\/de\\\/service\\\/dichtigkeit-des-gehaeuses\\\/#breadcrumb\"},\"inLanguage\":\"de\",\"potentialAction\":[{\"@type\":\"ReadAction\",\"target\":[\"https:\\\/\\\/ewa-marine.com\\\/de\\\/service\\\/dichtigkeit-des-gehaeuses\\\/\"]}]},{\"@type\":\"ImageObject\",\"inLanguage\":\"de\",\"@id\":\"https:\\\/\\\/ewa-marine.com\\\/de\\\/service\\\/dichtigkeit-des-gehaeuses\\\/#primaryimage\",\"url\":\"https:\\\/\\\/ewa-marine.com\\\/wp-content\\\/uploads\\\/2015\\\/07\\\/read-more.png\",\"contentUrl\":\"https:\\\/\\\/ewa-marine.com\\\/wp-content\\\/uploads\\\/2015\\\/07\\\/read-more.png\",\"width\":200,\"height\":200,\"caption\":\"Stativ-Bodenplatte\"},{\"@type\":\"BreadcrumbList\",\"@id\":\"https:\\\/\\\/ewa-marine.com\\\/de\\\/service\\\/dichtigkeit-des-gehaeuses\\\/#breadcrumb\",\"itemListElement\":[{\"@type\":\"ListItem\",\"position\":1,\"name\":\"Startseite\",\"item\":\"https:\\\/\\\/www.ewa-marine.de\\\/\"},{\"@type\":\"ListItem\",\"position\":2,\"name\":\"Service\",\"item\":\"https:\\\/\\\/www.ewa-marine.de\\\/service\\\/\"},{\"@type\":\"ListItem\",\"position\":3,\"name\":\"Dichtigkeit der Geh\u00e4use\"}]},{\"@type\":\"WebSite\",\"@id\":\"https:\\\/\\\/ewa-marine.com\\\/de\\\/#website\",\"url\":\"https:\\\/\\\/ewa-marine.com\\\/de\\\/\",\"name\":\"ewa-marine\",\"description\":\"Capture the Extreme !\",\"potentialAction\":[{\"@type\":\"SearchAction\",\"target\":{\"@type\":\"EntryPoint\",\"urlTemplate\":\"https:\\\/\\\/ewa-marine.com\\\/de\\\/?s={search_term_string}\"},\"query-input\":{\"@type\":\"PropertyValueSpecification\",\"valueRequired\":true,\"valueName\":\"search_term_string\"}}],\"inLanguage\":\"de\"}]}<\/script>\n<!-- \/ Yoast SEO plugin. -->","yoast_head_json":{"title":"Dichtigkeit der Geh\u00e4use - ewa-marine","description":"W\u00e4re die Dichtigkeit unserer Geh\u00e4use nicht bewiesen, h\u00e4tten wir uns mit gro\u00dfer Wahrscheinlichkeit nicht so lange auf dem weltweiten Markt behaupten k\u00f6nnen.","robots":{"index":"index","follow":"follow","max-snippet":"max-snippet:-1","max-image-preview":"max-image-preview:large","max-video-preview":"max-video-preview:-1"},"canonical":"https:\/\/ewa-marine.com\/de\/service\/dichtigkeit-des-gehaeuses\/","og_locale":"de_DE","og_type":"article","og_title":"Dichtigkeit der Geh\u00e4use - ewa-marine","og_description":"W\u00e4re die Dichtigkeit unserer Geh\u00e4use nicht bewiesen, h\u00e4tten wir uns mit gro\u00dfer Wahrscheinlichkeit nicht so lange auf dem weltweiten Markt behaupten k\u00f6nnen.","og_url":"https:\/\/ewa-marine.com\/de\/service\/dichtigkeit-des-gehaeuses\/","og_site_name":"ewa-marine","article_publisher":"https:\/\/www.facebook.com\/ewa-marine","article_modified_time":"2015-07-16T07:07:46+00:00","og_image":[{"width":200,"height":200,"url":"https:\/\/ewa-marine.com\/wp-content\/uploads\/2015\/07\/read-more.png","type":"image\/png"}],"twitter_card":"summary_large_image","twitter_site":"@ewa_marine","twitter_misc":{"Gesch\u00e4tzte Lesezeit":"1\u00a0Minute"},"schema":{"@context":"https:\/\/schema.org","@graph":[{"@type":"WebPage","@id":"https:\/\/ewa-marine.com\/de\/service\/dichtigkeit-des-gehaeuses\/","url":"https:\/\/ewa-marine.com\/de\/service\/dichtigkeit-des-gehaeuses\/","name":"Dichtigkeit der Geh\u00e4use - ewa-marine","isPartOf":{"@id":"https:\/\/ewa-marine.com\/de\/#website"},"primaryImageOfPage":{"@id":"https:\/\/ewa-marine.com\/de\/service\/dichtigkeit-des-gehaeuses\/#primaryimage"},"image":{"@id":"https:\/\/ewa-marine.com\/de\/service\/dichtigkeit-des-gehaeuses\/#primaryimage"},"thumbnailUrl":"https:\/\/ewa-marine.com\/wp-content\/uploads\/2015\/07\/read-more.png","datePublished":"2015-07-16T06:14:19+00:00","dateModified":"2015-07-16T07:07:46+00:00","description":"W\u00e4re die Dichtigkeit unserer Geh\u00e4use nicht bewiesen, h\u00e4tten wir uns mit gro\u00dfer Wahrscheinlichkeit nicht so lange auf dem weltweiten Markt behaupten k\u00f6nnen.","breadcrumb":{"@id":"https:\/\/ewa-marine.com\/de\/service\/dichtigkeit-des-gehaeuses\/#breadcrumb"},"inLanguage":"de","potentialAction":[{"@type":"ReadAction","target":["https:\/\/ewa-marine.com\/de\/service\/dichtigkeit-des-gehaeuses\/"]}]},{"@type":"ImageObject","inLanguage":"de","@id":"https:\/\/ewa-marine.com\/de\/service\/dichtigkeit-des-gehaeuses\/#primaryimage","url":"https:\/\/ewa-marine.com\/wp-content\/uploads\/2015\/07\/read-more.png","contentUrl":"https:\/\/ewa-marine.com\/wp-content\/uploads\/2015\/07\/read-more.png","width":200,"height":200,"caption":"Stativ-Bodenplatte"},{"@type":"BreadcrumbList","@id":"https:\/\/ewa-marine.com\/de\/service\/dichtigkeit-des-gehaeuses\/#breadcrumb","itemListElement":[{"@type":"ListItem","position":1,"name":"Startseite","item":"https:\/\/www.ewa-marine.de\/"},{"@type":"ListItem","position":2,"name":"Service","item":"https:\/\/www.ewa-marine.de\/service\/"},{"@type":"ListItem","position":3,"name":"Dichtigkeit der Geh\u00e4use"}]},{"@type":"WebSite","@id":"https:\/\/ewa-marine.com\/de\/#website","url":"https:\/\/ewa-marine.com\/de\/","name":"ewa-marine","description":"Capture the Extreme !","potentialAction":[{"@type":"SearchAction","target":{"@type":"EntryPoint","urlTemplate":"https:\/\/ewa-marine.com\/de\/?s={search_term_string}"},"query-input":{"@type":"PropertyValueSpecification","valueRequired":true,"valueName":"search_term_string"}}],"inLanguage":"de"}]}},"_links":{"self":[{"href":"https:\/\/ewa-marine.com\/de\/wp-json\/wp\/v2\/pages\/1337","targetHints":{"allow":["GET"]}}],"collection":[{"href":"https:\/\/ewa-marine.com\/de\/wp-json\/wp\/v2\/pages"}],"about":[{"href":"https:\/\/ewa-marine.com\/de\/wp-json\/wp\/v2\/types\/page"}],"author":[{"embeddable":true,"href":"https:\/\/ewa-marine.com\/de\/wp-json\/wp\/v2\/users\/2"}],"replies":[{"embeddable":true,"href":"https:\/\/ewa-marine.com\/de\/wp-json\/wp\/v2\/comments?post=1337"}],"version-history":[{"count":0,"href":"https:\/\/ewa-marine.com\/de\/wp-json\/wp\/v2\/pages\/1337\/revisions"}],"up":[{"embeddable":true,"href":"https:\/\/ewa-marine.com\/de\/wp-json\/wp\/v2\/pages\/997"}],"wp:featuredmedia":[{"embeddable":true,"href":"https:\/\/ewa-marine.com\/de\/wp-json\/wp\/v2\/media\/384"}],"wp:attachment":[{"href":"https:\/\/ewa-marine.com\/de\/wp-json\/wp\/v2\/media?parent=1337"}],"curies":[{"name":"wp","href":"https:\/\/api.w.org\/{rel}","templated":true}]}}