{"id":1340,"date":"2015-07-16T07:29:34","date_gmt":"2015-07-16T06:29:34","guid":{"rendered":"http:\/\/de.dicapac.de\/?page_id=1340"},"modified":"2017-10-06T10:36:23","modified_gmt":"2017-10-06T09:36:23","slug":"entfernungen-unter-wasser-einschaetzung","status":"publish","type":"page","link":"https:\/\/ewa-marine.com\/de\/service\/entfernungen-unter-wasser-einschaetzung\/","title":{"rendered":"Entfernungen unter Wasser richtig einsch\u00e4tzen"},"content":{"rendered":"<div id=\"pl-1340\"  class=\"panel-layout\" ><div id=\"pg-1340-0\"  class=\"panel-grid panel-no-style\" ><div id=\"pgc-1340-0-0\"  class=\"panel-grid-cell\" ><div id=\"panel-1340-0-0-0\" class=\"so-panel widget widget_kadence_simple_image kadence_simple_image panel-first-child panel-last-child\" data-index=\"0\" ><div class=\"kad_img_upload_widget  kt-shape-type- kt-image-align-center kt-image-widget-widget-0-0-0\"><a href=\"https:\/\/ewa-marine.com\/wp-content\/uploads\/2015\/07\/u-ax_pool1.jpg\" rel=\"lightbox\"><div class=\"kt-image-contain  \"><div class=\"kt-image-inner-contain\"><img decoding=\"async\" src=\"https:\/\/ewa-marine.com\/wp-content\/uploads\/2015\/07\/u-ax_pool1.jpg\"><\/div><\/div><\/a><\/div><\/div><\/div><div id=\"pgc-1340-0-1\"  class=\"panel-grid-cell\" ><div id=\"panel-1340-0-1-0\" class=\"so-panel widget widget_black-studio-tinymce widget_black_studio_tinymce panel-first-child panel-last-child\" data-index=\"1\" ><div class=\"textwidget\"><h1>Entfernungen unter Wasser<\/h1>\n<h2>Wie man sie richtig einsch\u00e4tzt<\/h2>\n<p>Durch die <strong>Brechung des Lichts im \u00dcbergang zwischen Luft und Wasser<\/strong> erscheinen Ihnen Objekte unter Wasser im Faktor 3:4 n\u00e4her als Sie in Wirklichkeit sind. In anderen Worten ein Objekt, welches unter Wasser so aussieht, als w\u00e4re es 3 m weit von Ihnen entfernt, ist in Wirklichkeit 4 m weit von Ihnen entfernt.<\/p>\n<p><strong>Dasselbe gilt f\u00fcr Ihre Digitalkamera bzw. Ihren Camcorder.<\/strong><\/p>\n<p>W\u00e4hrend normalerweise der Entfernungsmesser Ihrer Kamera ebenfalls auf einem optischen System basiert, hat dieses Ph\u00e4nomen keine Auswirkungen auf normale bzw. \u00fcbliche Schnappsch\u00fcsse. Dies macht sich jedoch bei Nahaufnahmen bemerkbar (und statistisch werden diese h\u00e4ufiger unter Wasser als wie an Land angewendet), wo Sie mit Ihrer Macrolinse normalerweise streng auf die Einhaltung der Entfernungen achten sollten. Unter diesen Umst\u00e4nden bedenken Sie bitte folgendes: ist vom Hersteller der Kameralinse eine Entfernung von 40 cm angegeben, so multiplizieren Sie diese Zahl mit dem Faktor 3\/4 (also 0,75) und dann vergewissern Sie sich, dass das Fotomotiv nur 30 cm von Ihrem Objektiv f\u00fcr die Unterwasseraufnahme entfernt ist.<\/p>\n<\/div><\/div><\/div><\/div><\/div>","protected":false},"excerpt":{"rendered":"<p>Entfernungen unter WasserWie man sie richtig einsch\u00e4tztDurch die Brechung des Lichts im \u00dcbergang zwischen Luft und Wasser erscheinen Ihnen Objekte unter Wasser im Faktor 3:4 n\u00e4her als Sie in Wirklichkeit sind. In anderen Worten ein Objekt, welches unter Wasser so aussieht, als w\u00e4re es 3 m weit von Ihnen entfernt, ist in Wirklichkeit 4 m weit von Ihnen entfernt.Dasselbe gilt f\u00fcr Ihre Digitalkamera bzw. Ihren Camcorder.W\u00e4hrend normalerweise der Entfernungsmesser Ihrer Kamera ebenfalls auf einem optischen System basiert, hat dieses Ph\u00e4nomen &hellip; <a href=\"https:\/\/ewa-marine.com\/de\/service\/entfernungen-unter-wasser-einschaetzung\/\">Weiterlesen<\/a><\/p>\n","protected":false},"author":2,"featured_media":866,"parent":997,"menu_order":20,"comment_status":"closed","ping_status":"closed","template":"","meta":{"kt_blocks_editor_width":"","footnotes":""},"class_list":["post-1340","page","type-page","status-publish","has-post-thumbnail","hentry"],"yoast_head":"<!-- This site is optimized with the Yoast SEO plugin v27.4 - https:\/\/yoast.com\/product\/yoast-seo-wordpress\/ -->\n<title>Entfernungen unter Wasser richtig einsch\u00e4tzen - ewa-marine<\/title>\n<meta name=\"description\" content=\"Durch die Brechung des Lichts im \u00dcbergang zwischen Luft und Wasser werden die Entfernungen im Wasser optisch gek\u00fcrzt. Das Selbe gilt f\u00fcr Ihre Digitalkamera.\" \/>\n<meta name=\"robots\" content=\"index, follow, max-snippet:-1, max-image-preview:large, max-video-preview:-1\" \/>\n<link rel=\"canonical\" href=\"https:\/\/ewa-marine.com\/de\/service\/entfernungen-unter-wasser-einschaetzung\/\" \/>\n<meta property=\"og:locale\" content=\"de_DE\" \/>\n<meta property=\"og:type\" content=\"article\" \/>\n<meta property=\"og:title\" content=\"Entfernungen unter Wasser richtig einsch\u00e4tzen - ewa-marine\" \/>\n<meta property=\"og:description\" content=\"Durch die Brechung des Lichts im \u00dcbergang zwischen Luft und Wasser werden die Entfernungen im Wasser optisch gek\u00fcrzt. Das Selbe gilt f\u00fcr Ihre Digitalkamera.\" \/>\n<meta property=\"og:url\" content=\"https:\/\/ewa-marine.com\/de\/service\/entfernungen-unter-wasser-einschaetzung\/\" \/>\n<meta property=\"og:site_name\" content=\"ewa-marine\" \/>\n<meta property=\"article:publisher\" content=\"https:\/\/www.facebook.com\/ewa-marine\" \/>\n<meta property=\"article:modified_time\" content=\"2017-10-06T09:36:23+00:00\" \/>\n<meta property=\"og:image\" content=\"https:\/\/i0.wp.com\/www.ewa-marine.de\/wp-content\/uploads\/2015\/07\/u-ax_pool1.jpg?fit=200%2C174&ssl=1\" \/>\n\t<meta property=\"og:image:width\" content=\"200\" \/>\n\t<meta property=\"og:image:height\" content=\"174\" \/>\n\t<meta property=\"og:image:type\" content=\"image\/jpeg\" \/>\n<meta name=\"twitter:card\" content=\"summary_large_image\" \/>\n<meta name=\"twitter:site\" content=\"@ewa_marine\" \/>\n<meta name=\"twitter:label1\" content=\"Gesch\u00e4tzte Lesezeit\" \/>\n\t<meta name=\"twitter:data1\" content=\"1\u00a0Minute\" \/>\n<script type=\"application\/ld+json\" class=\"yoast-schema-graph\">{\"@context\":\"https:\\\/\\\/schema.org\",\"@graph\":[{\"@type\":\"WebPage\",\"@id\":\"https:\\\/\\\/ewa-marine.com\\\/de\\\/service\\\/entfernungen-unter-wasser-einschaetzung\\\/\",\"url\":\"https:\\\/\\\/ewa-marine.com\\\/de\\\/service\\\/entfernungen-unter-wasser-einschaetzung\\\/\",\"name\":\"Entfernungen unter Wasser richtig einsch\u00e4tzen - ewa-marine\",\"isPartOf\":{\"@id\":\"https:\\\/\\\/ewa-marine.com\\\/de\\\/#website\"},\"primaryImageOfPage\":{\"@id\":\"https:\\\/\\\/ewa-marine.com\\\/de\\\/service\\\/entfernungen-unter-wasser-einschaetzung\\\/#primaryimage\"},\"image\":{\"@id\":\"https:\\\/\\\/ewa-marine.com\\\/de\\\/service\\\/entfernungen-unter-wasser-einschaetzung\\\/#primaryimage\"},\"thumbnailUrl\":\"https:\\\/\\\/ewa-marine.com\\\/wp-content\\\/uploads\\\/2015\\\/07\\\/u-ax_pool1.jpg\",\"datePublished\":\"2015-07-16T06:29:34+00:00\",\"dateModified\":\"2017-10-06T09:36:23+00:00\",\"description\":\"Durch die Brechung des Lichts im \u00dcbergang zwischen Luft und Wasser werden die Entfernungen im Wasser optisch gek\u00fcrzt. Das Selbe gilt f\u00fcr Ihre Digitalkamera.\",\"breadcrumb\":{\"@id\":\"https:\\\/\\\/ewa-marine.com\\\/de\\\/service\\\/entfernungen-unter-wasser-einschaetzung\\\/#breadcrumb\"},\"inLanguage\":\"de\",\"potentialAction\":[{\"@type\":\"ReadAction\",\"target\":[\"https:\\\/\\\/ewa-marine.com\\\/de\\\/service\\\/entfernungen-unter-wasser-einschaetzung\\\/\"]}]},{\"@type\":\"ImageObject\",\"inLanguage\":\"de\",\"@id\":\"https:\\\/\\\/ewa-marine.com\\\/de\\\/service\\\/entfernungen-unter-wasser-einschaetzung\\\/#primaryimage\",\"url\":\"https:\\\/\\\/ewa-marine.com\\\/wp-content\\\/uploads\\\/2015\\\/07\\\/u-ax_pool1.jpg\",\"contentUrl\":\"https:\\\/\\\/ewa-marine.com\\\/wp-content\\\/uploads\\\/2015\\\/07\\\/u-ax_pool1.jpg\",\"width\":200,\"height\":174,\"caption\":\"Entfernungen unter Wasser einsch\u00e4tzen ist schwieriger\"},{\"@type\":\"BreadcrumbList\",\"@id\":\"https:\\\/\\\/ewa-marine.com\\\/de\\\/service\\\/entfernungen-unter-wasser-einschaetzung\\\/#breadcrumb\",\"itemListElement\":[{\"@type\":\"ListItem\",\"position\":1,\"name\":\"Startseite\",\"item\":\"https:\\\/\\\/www.ewa-marine.de\\\/\"},{\"@type\":\"ListItem\",\"position\":2,\"name\":\"Service\",\"item\":\"https:\\\/\\\/www.ewa-marine.de\\\/service\\\/\"},{\"@type\":\"ListItem\",\"position\":3,\"name\":\"Entfernungen unter Wasser richtig einsch\u00e4tzen\"}]},{\"@type\":\"WebSite\",\"@id\":\"https:\\\/\\\/ewa-marine.com\\\/de\\\/#website\",\"url\":\"https:\\\/\\\/ewa-marine.com\\\/de\\\/\",\"name\":\"ewa-marine\",\"description\":\"Capture the Extreme !\",\"potentialAction\":[{\"@type\":\"SearchAction\",\"target\":{\"@type\":\"EntryPoint\",\"urlTemplate\":\"https:\\\/\\\/ewa-marine.com\\\/de\\\/?s={search_term_string}\"},\"query-input\":{\"@type\":\"PropertyValueSpecification\",\"valueRequired\":true,\"valueName\":\"search_term_string\"}}],\"inLanguage\":\"de\"}]}<\/script>\n<!-- \/ Yoast SEO plugin. -->","yoast_head_json":{"title":"Entfernungen unter Wasser richtig einsch\u00e4tzen - ewa-marine","description":"Durch die Brechung des Lichts im \u00dcbergang zwischen Luft und Wasser werden die Entfernungen im Wasser optisch gek\u00fcrzt. Das Selbe gilt f\u00fcr Ihre Digitalkamera.","robots":{"index":"index","follow":"follow","max-snippet":"max-snippet:-1","max-image-preview":"max-image-preview:large","max-video-preview":"max-video-preview:-1"},"canonical":"https:\/\/ewa-marine.com\/de\/service\/entfernungen-unter-wasser-einschaetzung\/","og_locale":"de_DE","og_type":"article","og_title":"Entfernungen unter Wasser richtig einsch\u00e4tzen - ewa-marine","og_description":"Durch die Brechung des Lichts im \u00dcbergang zwischen Luft und Wasser werden die Entfernungen im Wasser optisch gek\u00fcrzt. Das Selbe gilt f\u00fcr Ihre Digitalkamera.","og_url":"https:\/\/ewa-marine.com\/de\/service\/entfernungen-unter-wasser-einschaetzung\/","og_site_name":"ewa-marine","article_publisher":"https:\/\/www.facebook.com\/ewa-marine","article_modified_time":"2017-10-06T09:36:23+00:00","og_image":[{"width":200,"height":174,"url":"https:\/\/i0.wp.com\/www.ewa-marine.de\/wp-content\/uploads\/2015\/07\/u-ax_pool1.jpg?fit=200%2C174&ssl=1","type":"image\/jpeg"}],"twitter_card":"summary_large_image","twitter_site":"@ewa_marine","twitter_misc":{"Gesch\u00e4tzte Lesezeit":"1\u00a0Minute"},"schema":{"@context":"https:\/\/schema.org","@graph":[{"@type":"WebPage","@id":"https:\/\/ewa-marine.com\/de\/service\/entfernungen-unter-wasser-einschaetzung\/","url":"https:\/\/ewa-marine.com\/de\/service\/entfernungen-unter-wasser-einschaetzung\/","name":"Entfernungen unter Wasser richtig einsch\u00e4tzen - ewa-marine","isPartOf":{"@id":"https:\/\/ewa-marine.com\/de\/#website"},"primaryImageOfPage":{"@id":"https:\/\/ewa-marine.com\/de\/service\/entfernungen-unter-wasser-einschaetzung\/#primaryimage"},"image":{"@id":"https:\/\/ewa-marine.com\/de\/service\/entfernungen-unter-wasser-einschaetzung\/#primaryimage"},"thumbnailUrl":"https:\/\/ewa-marine.com\/wp-content\/uploads\/2015\/07\/u-ax_pool1.jpg","datePublished":"2015-07-16T06:29:34+00:00","dateModified":"2017-10-06T09:36:23+00:00","description":"Durch die Brechung des Lichts im \u00dcbergang zwischen Luft und Wasser werden die Entfernungen im Wasser optisch gek\u00fcrzt. Das Selbe gilt f\u00fcr Ihre Digitalkamera.","breadcrumb":{"@id":"https:\/\/ewa-marine.com\/de\/service\/entfernungen-unter-wasser-einschaetzung\/#breadcrumb"},"inLanguage":"de","potentialAction":[{"@type":"ReadAction","target":["https:\/\/ewa-marine.com\/de\/service\/entfernungen-unter-wasser-einschaetzung\/"]}]},{"@type":"ImageObject","inLanguage":"de","@id":"https:\/\/ewa-marine.com\/de\/service\/entfernungen-unter-wasser-einschaetzung\/#primaryimage","url":"https:\/\/ewa-marine.com\/wp-content\/uploads\/2015\/07\/u-ax_pool1.jpg","contentUrl":"https:\/\/ewa-marine.com\/wp-content\/uploads\/2015\/07\/u-ax_pool1.jpg","width":200,"height":174,"caption":"Entfernungen unter Wasser einsch\u00e4tzen ist schwieriger"},{"@type":"BreadcrumbList","@id":"https:\/\/ewa-marine.com\/de\/service\/entfernungen-unter-wasser-einschaetzung\/#breadcrumb","itemListElement":[{"@type":"ListItem","position":1,"name":"Startseite","item":"https:\/\/www.ewa-marine.de\/"},{"@type":"ListItem","position":2,"name":"Service","item":"https:\/\/www.ewa-marine.de\/service\/"},{"@type":"ListItem","position":3,"name":"Entfernungen unter Wasser richtig einsch\u00e4tzen"}]},{"@type":"WebSite","@id":"https:\/\/ewa-marine.com\/de\/#website","url":"https:\/\/ewa-marine.com\/de\/","name":"ewa-marine","description":"Capture the Extreme !","potentialAction":[{"@type":"SearchAction","target":{"@type":"EntryPoint","urlTemplate":"https:\/\/ewa-marine.com\/de\/?s={search_term_string}"},"query-input":{"@type":"PropertyValueSpecification","valueRequired":true,"valueName":"search_term_string"}}],"inLanguage":"de"}]}},"_links":{"self":[{"href":"https:\/\/ewa-marine.com\/de\/wp-json\/wp\/v2\/pages\/1340","targetHints":{"allow":["GET"]}}],"collection":[{"href":"https:\/\/ewa-marine.com\/de\/wp-json\/wp\/v2\/pages"}],"about":[{"href":"https:\/\/ewa-marine.com\/de\/wp-json\/wp\/v2\/types\/page"}],"author":[{"embeddable":true,"href":"https:\/\/ewa-marine.com\/de\/wp-json\/wp\/v2\/users\/2"}],"replies":[{"embeddable":true,"href":"https:\/\/ewa-marine.com\/de\/wp-json\/wp\/v2\/comments?post=1340"}],"version-history":[{"count":0,"href":"https:\/\/ewa-marine.com\/de\/wp-json\/wp\/v2\/pages\/1340\/revisions"}],"up":[{"embeddable":true,"href":"https:\/\/ewa-marine.com\/de\/wp-json\/wp\/v2\/pages\/997"}],"wp:featuredmedia":[{"embeddable":true,"href":"https:\/\/ewa-marine.com\/de\/wp-json\/wp\/v2\/media\/866"}],"wp:attachment":[{"href":"https:\/\/ewa-marine.com\/de\/wp-json\/wp\/v2\/media?parent=1340"}],"curies":[{"name":"wp","href":"https:\/\/api.w.org\/{rel}","templated":true}]}}