{"id":146,"date":"2015-07-02T18:10:07","date_gmt":"2015-07-02T17:10:07","guid":{"rendered":"http:\/\/de.dicapac.de\/?page_id=146"},"modified":"2019-10-21T09:20:48","modified_gmt":"2019-10-21T07:20:48","slug":"products","status":"publish","type":"page","link":"https:\/\/ewa-marine.com\/de\/products\/","title":{"rendered":"Produkte"},"content":{"rendered":"<div id=\"pl-146\"  class=\"panel-layout\" ><div id=\"pg-146-0\"  class=\"panel-grid panel-no-style\" ><div id=\"pgc-146-0-0\"  class=\"panel-grid-cell\" ><div id=\"panel-146-0-0-0\" class=\"so-panel widget widget_black-studio-tinymce widget_black_studio_tinymce panel-first-child panel-last-child\" data-index=\"0\" ><div class=\"textwidget\"><h2>ewa-marine Produkt\u00fcbersicht<\/h2>\n<h3>Capture the Extreme! Mit Produkten von ewa-marine<\/h3>\n<p>ewa-marine produziert seit 1969 Unterwassergeh\u00e4use und anderes Kamerazubeh\u00f6r. Alle Produkte werden ausschliesslich in unserem Werk in Wolfratshausen, in Deutschland, hergestellt.<br \/> Egal ob Sie mit Ihrer Kamera tauchen wollen oder sie nur vor extremen Staub und Schmutz sch\u00fctzen m\u00fcssen..., ob Sie ein fotografierender Freizeitsportler sind, oder den Einsatz bei Rettungsdiensten oder im Milit\u00e4r dokumentieren sollen. Wir haben das richtige Produkt: Unterwassergeh\u00e4use, Regencape oder hermetisch dichte Tasche f\u00fcr genau Ihre Anwendung....<\/p>\n<\/div><\/div><\/div><\/div><div id=\"pg-146-1\"  class=\"panel-grid panel-no-style\" ><div id=\"pgc-146-1-0\"  class=\"panel-grid-cell\" ><div id=\"panel-146-1-0-0\" class=\"so-panel widget widget_black-studio-tinymce widget_black_studio_tinymce panel-first-child panel-last-child\" data-index=\"1\" ><div class=\"textwidget\"><h2 style=\"text-align: center;\"><strong><span style=\"color: #162379;\">Unterwassergeh\u00e4use f\u00fcr Kameras:<\/span><\/strong><\/h2>\n<\/div><\/div><\/div><\/div><div id=\"pg-146-2\"  class=\"panel-grid panel-no-style\" ><div id=\"pgc-146-2-0\"  class=\"panel-grid-cell\" >\n\n          <div id=\"panel-146-2-0-0\" class=\"so-panel widget widget_kadence_infobox_widget kadence_infobox_widget panel-first-child panel-last-child\" data-index=\"2\" >\t<a href=\"\/products\/foto\/slr\/\" target=\"_self\" class=\"kadinfolink\">\t<div class=\"kad-info-box kad-info-box-widget-2-0-0 clearfix\" style=\"padding-left:0px; padding-right:0px;\">\n\t\t<div class=\"kt-info-icon-case\"> <img decoding=\"async\" src=\"\/wp-content\/uploads\/2015\/09\/icon_uw_slr1.jpg\" > <\/div>\n\t\t<div class=\"kt-info-content-case\"> <h4 class=\"info_box_title\">Kameras mit Wechselobjektiv<\/h4> <p>dSLR und System-Kameras*<\/p><\/div>\n\t<\/div>\n\t<\/a>\t<\/div>\n    <\/div><div id=\"pgc-146-2-1\"  class=\"panel-grid-cell\" >\n\n          <div id=\"panel-146-2-1-0\" class=\"so-panel widget widget_kadence_infobox_widget kadence_infobox_widget panel-first-child panel-last-child\" data-index=\"3\" >\t<a href=\"\/products\/foto\/slr\/\" target=\"_self\" class=\"kadinfolink\">\t<div class=\"kad-info-box kad-info-box-widget-2-1-0 clearfix\" style=\"padding-left:0px; padding-right:0px;\">\n\t\t<div class=\"kt-info-icon-case\"> <img decoding=\"async\" src=\"\/wp-content\/uploads\/2015\/09\/icon_uw_bridge1.jpg\" > <\/div>\n\t\t<div class=\"kt-info-content-case\"> <h4 class=\"info_box_title\">\"Bridge\"-Kameras<\/h4> <p>SLR-\u00e4hnliche Kameras mit festem, nicht wechselbarem Objektiv<\/p><\/div>\n\t<\/div>\n\t<\/a>\t<\/div>\n    <\/div><div id=\"pgc-146-2-2\"  class=\"panel-grid-cell\" >\n\n          <div id=\"panel-146-2-2-0\" class=\"so-panel widget widget_kadence_infobox_widget kadence_infobox_widget panel-first-child panel-last-child\" data-index=\"4\" >\t<a href=\"\/products\/foto\/kompaktkameras\/\" target=\"_self\" class=\"kadinfolink\">\t<div class=\"kad-info-box kad-info-box-widget-2-2-0 clearfix\" style=\"padding-left:0px; padding-right:0px;\">\n\t\t<div class=\"kt-info-icon-case\"> <img decoding=\"async\" src=\"\/wp-content\/uploads\/2015\/09\/icon_uw_compact1.jpg\" > <\/div>\n\t\t<div class=\"kt-info-content-case\"> <h4 class=\"info_box_title\">Kompakt-Kameras<\/h4> <p>analog und digital<\/p><\/div>\n\t<\/div>\n\t<\/a>\t<\/div>\n    <\/div><\/div><div id=\"pg-146-3\"  class=\"panel-grid panel-no-style\" ><div id=\"pgc-146-3-0\"  class=\"panel-grid-cell\" >\n\n          <div id=\"panel-146-3-0-0\" class=\"so-panel widget widget_kadence_infobox_widget kadence_infobox_widget panel-first-child panel-last-child\" data-index=\"5\" >\t<a href=\"\/products\/video\/\" target=\"_self\" class=\"kadinfolink\">\t<div class=\"kad-info-box kad-info-box-widget-3-0-0 clearfix\" style=\"padding-left:0px; padding-right:0px;\">\n\t\t<div class=\"kt-info-icon-case\"> <img decoding=\"async\" src=\"\/wp-content\/uploads\/2015\/09\/icon_uw_video1.jpg\" > <\/div>\n\t\t<div class=\"kt-info-content-case\"> <h4 class=\"info_box_title\">Videocamcorder<\/h4> <p>Unterwassergeh\u00e4use f\u00fcr Videokameras aller f\u00fchrender Hersteller<\/p><\/div>\n\t<\/div>\n\t<\/a>\t<\/div>\n    <\/div><div id=\"pgc-146-3-1\"  class=\"panel-grid-cell\" >\n\n          <div id=\"panel-146-3-1-0\" class=\"so-panel widget widget_kadence_infobox_widget kadence_infobox_widget panel-first-child panel-last-child\" data-index=\"6\" >\t<a href=\"\/products\/broadcast\/\" target=\"_self\" class=\"kadinfolink\">\t<div class=\"kad-info-box kad-info-box-widget-3-1-0 clearfix\" style=\"padding-left:0px; padding-right:0px;\">\n\t\t<div class=\"kt-info-icon-case\"> <img decoding=\"async\" src=\"\/wp-content\/uploads\/2015\/09\/icon_uw_eng1.jpg\" > <\/div>\n\t\t<div class=\"kt-info-content-case\"> <h4 class=\"info_box_title\">TV und Cine-Kameras<\/h4> <p>f\u00fcr professionelle Video- und Filmkameras<\/p><\/div>\n\t<\/div>\n\t<\/a>\t<\/div>\n    <\/div><div id=\"pgc-146-3-2\"  class=\"panel-grid-cell\" >\n\n          <div id=\"panel-146-3-2-0\" class=\"so-panel widget widget_kadence_infobox_widget kadence_infobox_widget panel-first-child panel-last-child\" data-index=\"7\" >\t<a href=\"\/products\/industrie\/\" target=\"_self\" class=\"kadinfolink\">\t<div class=\"kad-info-box kad-info-box-widget-3-2-0 clearfix\" style=\"padding-left:0px; padding-right:0px;\">\n\t\t<div class=\"kt-info-icon-case\"> <img decoding=\"async\" src=\"\/wp-content\/uploads\/2015\/09\/icon_uw_special.jpg\" > <\/div>\n\t\t<div class=\"kt-info-content-case\"> <h4 class=\"info_box_title\">Spezialkameras<\/h4> <p>Sonderanfertigungen f\u00fcr Film-, Labor- und Industriekameras<\/p><\/div>\n\t<\/div>\n\t<\/a>\t<\/div>\n    <\/div><\/div><div id=\"pg-146-4\"  class=\"panel-grid panel-no-style\" ><div id=\"pgc-146-4-0\"  class=\"panel-grid-cell\" ><div id=\"panel-146-4-0-0\" class=\"so-panel widget widget_black-studio-tinymce widget_black_studio_tinymce panel-first-child panel-last-child\" data-index=\"8\" ><div class=\"textwidget\"><h2 style=\"text-align: center;\"><strong><span style=\"color: #162379;\">Regencapes f\u00fcr Kameras<\/span><\/strong><\/h2>\n<\/div><\/div><\/div><\/div><div id=\"pg-146-5\"  class=\"panel-grid panel-no-style\" ><div id=\"pgc-146-5-0\"  class=\"panel-grid-cell\" >\n\n          <div id=\"panel-146-5-0-0\" class=\"so-panel widget widget_kadence_infobox_widget kadence_infobox_widget panel-first-child panel-last-child\" data-index=\"9\" >\t<a href=\"\/products\/regencapes\/fotokameras\/\" target=\"_self\" class=\"kadinfolink\">\t<div class=\"kad-info-box kad-info-box-widget-5-0-0 clearfix\" style=\"padding-left:0px; padding-right:0px;\">\n\t\t<div class=\"kt-info-icon-case\"> <img decoding=\"async\" src=\"\/wp-content\/uploads\/2015\/09\/icon_rain_slr1.jpg\" > <\/div>\n\t\t<div class=\"kt-info-content-case\"> <h4 class=\"info_box_title\">Fotokameras<\/h4> <p>Regencapes f\u00fcr Fotoapparate<\/p><\/div>\n\t<\/div>\n\t<\/a>\t<\/div>\n    <\/div><div id=\"pgc-146-5-1\"  class=\"panel-grid-cell\" >\n\n          <div id=\"panel-146-5-1-0\" class=\"so-panel widget widget_kadence_infobox_widget kadence_infobox_widget panel-first-child panel-last-child\" data-index=\"10\" >\t<a href=\"\/products\/regencapes\/camcorders\/\" target=\"_self\" class=\"kadinfolink\">\t<div class=\"kad-info-box kad-info-box-widget-5-1-0 clearfix\" style=\"padding-left:0px; padding-right:0px;\">\n\t\t<div class=\"kt-info-icon-case\"> <img decoding=\"async\" src=\"\/wp-content\/uploads\/2015\/09\/icon_rain_video1.jpg\" > <\/div>\n\t\t<div class=\"kt-info-content-case\"> <h4 class=\"info_box_title\">Videokameras<\/h4> <p>Regencapes f\u00fcr Video-Camcorder<\/p><\/div>\n\t<\/div>\n\t<\/a>\t<\/div>\n    <\/div><div id=\"pgc-146-5-2\"  class=\"panel-grid-cell\" >\n\n          <div id=\"panel-146-5-2-0\" class=\"so-panel widget widget_kadence_infobox_widget kadence_infobox_widget panel-first-child panel-last-child\" data-index=\"11\" >\t<a href=\"http:\/\/www.ewa-marine.de\/products\/regencapes\/rundfunk-und-filmkameras\/\" target=\"_self\" class=\"kadinfolink\">\t<div class=\"kad-info-box kad-info-box-widget-5-2-0 clearfix\" style=\"padding-left:0px; padding-right:0px;\">\n\t\t<div class=\"kt-info-icon-case\"> <img decoding=\"async\" src=\"\/wp-content\/uploads\/2015\/09\/icon_rain_eng1.jpg\" > <\/div>\n\t\t<div class=\"kt-info-content-case\"> <h4 class=\"info_box_title\">Film- und Fernsehkameras<\/h4> <p>Regencapes \"Hurricane Hoods\"<\/p><\/div>\n\t<\/div>\n\t<\/a>\t<\/div>\n    <\/div><\/div><div id=\"pg-146-6\"  class=\"panel-grid panel-no-style\" ><div id=\"pgc-146-6-0\"  class=\"panel-grid-cell\" ><div id=\"panel-146-6-0-0\" class=\"so-panel widget widget_black-studio-tinymce widget_black_studio_tinymce panel-first-child panel-last-child\" data-index=\"12\" ><div class=\"textwidget\"><h2 style=\"text-align: center;\"><span style=\"color: #162379;\"><strong>Zubeh\u00f6r, wasserdichte Taschen und Sonderanfertigungen<\/strong><\/span><\/h2>\n<\/div><\/div><\/div><\/div><div id=\"pg-146-7\"  class=\"panel-grid panel-no-style\" ><div id=\"pgc-146-7-0\"  class=\"panel-grid-cell\" >\n\n          <div id=\"panel-146-7-0-0\" class=\"so-panel widget widget_kadence_infobox_widget kadence_infobox_widget panel-first-child panel-last-child\" data-index=\"13\" >\t<a href=\"\/products\/zubehoer\/\" target=\"_self\" class=\"kadinfolink\">\t<div class=\"kad-info-box kad-info-box-widget-7-0-0 clearfix\" style=\"padding-left:0px; padding-right:0px;\">\n\t\t<div class=\"kt-info-icon-case\"> <img decoding=\"async\" src=\"\/wp-content\/uploads\/2015\/09\/icon_industry1.jpg\" > <\/div>\n\t\t<div class=\"kt-info-content-case\"> <h4 class=\"info_box_title\">Zubeh\u00f6r<\/h4> <p>Zubeh\u00f6r f\u00fcr ewa-marine Produkte<\/p><\/div>\n\t<\/div>\n\t<\/a>\t<\/div>\n    <\/div><div id=\"pgc-146-7-1\"  class=\"panel-grid-cell\" >\n\n          <div id=\"panel-146-7-1-0\" class=\"so-panel widget widget_kadence_infobox_widget kadence_infobox_widget panel-first-child panel-last-child\" data-index=\"14\" >\t<a href=\"\/products\/ewa-sports\/\" target=\"_self\" class=\"kadinfolink\">\t<div class=\"kad-info-box kad-info-box-widget-7-1-0 clearfix\" style=\"padding-left:0px; padding-right:0px;\">\n\t\t<div class=\"kt-info-icon-case\"> <img decoding=\"async\" src=\"\/wp-content\/uploads\/2015\/09\/icon_sports1.jpg\" > <\/div>\n\t\t<div class=\"kt-info-content-case\"> <h4 class=\"info_box_title\">ewa-sports<\/h4> <p>Wasserdichte Taschen f\u00fcr\nSmart Phones, iPads, VHF-Radios, usw.<\/p><\/div>\n\t<\/div>\n\t<\/a>\t<\/div>\n    <\/div><div id=\"pgc-146-7-2\"  class=\"panel-grid-cell\" >\n\n          <div id=\"panel-146-7-2-0\" class=\"so-panel widget widget_kadence_infobox_widget kadence_infobox_widget panel-first-child panel-last-child\" data-index=\"15\" >\t<a href=\"\/products\/industrie\/\" target=\"_self\" class=\"kadinfolink\">\t<div class=\"kad-info-box kad-info-box-widget-7-2-0 clearfix\" style=\"padding-left:0px; padding-right:0px;\">\n\t\t<div class=\"kt-info-icon-case\"> <img decoding=\"async\" src=\"\/wp-content\/uploads\/2015\/09\/icon_industry1.jpg\" > <\/div>\n\t\t<div class=\"kt-info-content-case\"> <h4 class=\"info_box_title\">L\u00f6sungen f\u00fcr die Industrie<\/h4> <p>Hermetische und wasserdichte L\u00f6sungen f\u00fcr die Bereiche Medizin, Messebau, Bauwirtschaft sowie Milit\u00e4r und Sicherheitstechnik<\/p><\/div>\n\t<\/div>\n\t<\/a>\t<\/div>\n    <\/div><\/div><div id=\"pg-146-8\"  class=\"panel-grid panel-no-style\" ><div id=\"pgc-146-8-0\"  class=\"panel-grid-cell\" ><div id=\"panel-146-8-0-0\" class=\"so-panel widget widget_black-studio-tinymce widget_black_studio_tinymce panel-first-child panel-last-child\" data-index=\"16\" ><div class=\"textwidget\"><h2 style=\"text-align: center;\"><span style=\"color: #162379;\"><strong>Unterwassergeh\u00e4use anderer Marken in unserem Sortiment<\/strong><\/span><\/h2>\n<\/div><\/div><\/div><\/div><div id=\"pg-146-9\"  class=\"panel-grid panel-no-style\" ><div id=\"pgc-146-9-0\"  class=\"panel-grid-cell\" >\n\n          <div id=\"panel-146-9-0-0\" class=\"so-panel widget widget_kadence_infobox_widget kadence_infobox_widget panel-first-child panel-last-child\" data-index=\"17\" >\t<a href=\"\/ikelite\/\" target=\"_self\" class=\"kadinfolink\">\t<div class=\"kad-info-box kad-info-box-widget-9-0-0 clearfix\" style=\"padding-left:0px; padding-right:0px;\">\n\t\t<div class=\"kt-info-icon-case\"> <img decoding=\"async\" src=\"\/wp-content\/uploads\/2015\/07\/ikelite-icon.jpg\" > <\/div>\n\t\t<div class=\"kt-info-content-case\"> <h4 class=\"info_box_title\">Ikelite<\/h4> <p>Kosteng\u00fcnstige, transparente Geh\u00e4use aus stabilem Polycarbonat und robuste Taucherlampen f\u00fcr den engagierten Taucher<\/p><\/div>\n\t<\/div>\n\t<\/a>\t<\/div>\n    <\/div><div id=\"pgc-146-9-1\"  class=\"panel-grid-cell\" >\n\n          <div id=\"panel-146-9-1-0\" class=\"so-panel widget widget_kadence_infobox_widget kadence_infobox_widget panel-first-child panel-last-child\" data-index=\"18\" >\t<a href=\"\/gates\/\" target=\"_self\" class=\"kadinfolink\">\t<div class=\"kad-info-box kad-info-box-widget-9-1-0 clearfix\" style=\"padding-left:0px; padding-right:0px;\">\n\t\t<div class=\"kt-info-icon-case\"> <img decoding=\"async\" src=\"\/wp-content\/uploads\/2015\/07\/gates-icon.jpg\" > <\/div>\n\t\t<div class=\"kt-info-content-case\"> <h4 class=\"info_box_title\">Gates Unterwassergeh\u00e4use<\/h4> <p>Hochwertige Geh\u00e4use aus seewasserbest\u00e4ndigem Aluminium f\u00fcr den Profi-Kameramann in Film und Fernsehen<\/p><\/div>\n\t<\/div>\n\t<\/a>\t<\/div>\n    <\/div><\/div><div id=\"pg-146-10\"  class=\"panel-grid panel-no-style\" ><div id=\"pgc-146-10-0\"  class=\"panel-grid-cell\" ><div id=\"panel-146-10-0-0\" class=\"so-panel widget widget_black-studio-tinymce widget_black_studio_tinymce panel-first-child panel-last-child\" data-index=\"19\" ><div class=\"textwidget\"><p>* System-Kameras, mit auswechselbarem Objektiv, werden oft auch mit CSC,\u00a0MSC,\u00a0MILC, DSLM, MFT, EVIL, Nikon 1, Canon EOS M, Fujifilm X, Samsung NX, usw. bezeichnet.<\/p>\n<\/div><\/div><\/div><\/div><\/div>","protected":false},"excerpt":{"rendered":"<p>ewa-marine Produkt\u00fcbersichtCapture the Extreme! Mit Produkten von ewa-marineewa-marine produziert seit 1969 Unterwassergeh\u00e4use und anderes Kamerazubeh\u00f6r. Alle Produkte werden ausschliesslich in unserem Werk in Wolfratshausen, in Deutschland, hergestellt. Egal ob Sie mit Ihrer Kamera tauchen wollen oder sie nur vor extremen Staub und Schmutz sch\u00fctzen m\u00fcssen&#8230;, ob Sie ein fotografierender Freizeitsportler sind, oder den Einsatz bei Rettungsdiensten oder im Milit\u00e4r dokumentieren sollen. Wir haben das richtige Produkt: Unterwassergeh\u00e4use, Regencape oder hermetisch dichte Tasche f\u00fcr genau Ihre Anwendung&#8230;. Unterwassergeh\u00e4use f\u00fcr Kameras:<\/p>\n","protected":false},"author":1,"featured_media":1310,"parent":0,"menu_order":5,"comment_status":"closed","ping_status":"closed","template":"","meta":{"kt_blocks_editor_width":"","footnotes":""},"class_list":["post-146","page","type-page","status-publish","has-post-thumbnail","hentry"],"yoast_head":"<!-- This site is optimized with the Yoast SEO plugin v27.3 - https:\/\/yoast.com\/product\/yoast-seo-wordpress\/ -->\n<title>ewa-marine Unterwassergeh\u00e4use, Regen-Capes und andere Produkte<\/title>\n<meta name=\"description\" content=\"ewa-marine products: Underwater housings, rain-capes, waterproof pouches to protect cameras and valuable electronics during underwater or out-door use.\" \/>\n<meta name=\"robots\" content=\"index, follow, max-snippet:-1, max-image-preview:large, max-video-preview:-1\" \/>\n<link rel=\"canonical\" href=\"https:\/\/ewa-marine.com\/de\/products\/\" \/>\n<meta property=\"og:locale\" content=\"de_DE\" \/>\n<meta property=\"og:type\" content=\"article\" \/>\n<meta property=\"og:title\" content=\"ewa-marine Unterwassergeh\u00e4use, Regen-Capes und andere Produkte\" \/>\n<meta property=\"og:description\" content=\"ewa-marine products: Underwater housings, rain-capes, waterproof pouches to protect cameras and valuable electronics during underwater or out-door use.\" \/>\n<meta property=\"og:url\" content=\"https:\/\/ewa-marine.com\/de\/products\/\" \/>\n<meta property=\"og:site_name\" content=\"ewa-marine\" \/>\n<meta property=\"article:publisher\" content=\"https:\/\/www.facebook.com\/ewa-marine\" \/>\n<meta property=\"article:modified_time\" content=\"2019-10-21T07:20:48+00:00\" \/>\n<meta property=\"og:image\" content=\"https:\/\/i0.wp.com\/www.ewa-marine.de\/wp-content\/uploads\/2015\/07\/read-more-U-AX.jpg?fit=200%2C200&ssl=1\" \/>\n\t<meta property=\"og:image:width\" content=\"200\" \/>\n\t<meta property=\"og:image:height\" content=\"200\" \/>\n\t<meta property=\"og:image:type\" content=\"image\/jpeg\" \/>\n<meta name=\"twitter:card\" content=\"summary_large_image\" \/>\n<meta name=\"twitter:site\" content=\"@ewa_marine\" \/>\n<meta name=\"twitter:label1\" content=\"Gesch\u00e4tzte Lesezeit\" \/>\n\t<meta name=\"twitter:data1\" content=\"1\u00a0Minute\" \/>\n<script type=\"application\/ld+json\" class=\"yoast-schema-graph\">{\"@context\":\"https:\\\/\\\/schema.org\",\"@graph\":[{\"@type\":\"WebPage\",\"@id\":\"https:\\\/\\\/ewa-marine.com\\\/de\\\/products\\\/\",\"url\":\"https:\\\/\\\/ewa-marine.com\\\/de\\\/products\\\/\",\"name\":\"ewa-marine Unterwassergeh\u00e4use, Regen-Capes und andere Produkte\",\"isPartOf\":{\"@id\":\"https:\\\/\\\/ewa-marine.com\\\/de\\\/#website\"},\"primaryImageOfPage\":{\"@id\":\"https:\\\/\\\/ewa-marine.com\\\/de\\\/products\\\/#primaryimage\"},\"image\":{\"@id\":\"https:\\\/\\\/ewa-marine.com\\\/de\\\/products\\\/#primaryimage\"},\"thumbnailUrl\":\"https:\\\/\\\/ewa-marine.com\\\/wp-content\\\/uploads\\\/2015\\\/07\\\/read-more-U-AX.jpg\",\"datePublished\":\"2015-07-02T17:10:07+00:00\",\"dateModified\":\"2019-10-21T07:20:48+00:00\",\"description\":\"ewa-marine products: Underwater housings, rain-capes, waterproof pouches to protect cameras and valuable electronics during underwater or out-door use.\",\"breadcrumb\":{\"@id\":\"https:\\\/\\\/ewa-marine.com\\\/de\\\/products\\\/#breadcrumb\"},\"inLanguage\":\"de\",\"potentialAction\":[{\"@type\":\"ReadAction\",\"target\":[\"https:\\\/\\\/ewa-marine.com\\\/de\\\/products\\\/\"]}]},{\"@type\":\"ImageObject\",\"inLanguage\":\"de\",\"@id\":\"https:\\\/\\\/ewa-marine.com\\\/de\\\/products\\\/#primaryimage\",\"url\":\"https:\\\/\\\/ewa-marine.com\\\/wp-content\\\/uploads\\\/2015\\\/07\\\/read-more-U-AX.jpg\",\"contentUrl\":\"https:\\\/\\\/ewa-marine.com\\\/wp-content\\\/uploads\\\/2015\\\/07\\\/read-more-U-AX.jpg\",\"width\":200,\"height\":200,\"caption\":\"ewa-marine SLR underwater housings\"},{\"@type\":\"BreadcrumbList\",\"@id\":\"https:\\\/\\\/ewa-marine.com\\\/de\\\/products\\\/#breadcrumb\",\"itemListElement\":[{\"@type\":\"ListItem\",\"position\":1,\"name\":\"Startseite\",\"item\":\"https:\\\/\\\/www.ewa-marine.de\\\/\"},{\"@type\":\"ListItem\",\"position\":2,\"name\":\"Produkte\"}]},{\"@type\":\"WebSite\",\"@id\":\"https:\\\/\\\/ewa-marine.com\\\/de\\\/#website\",\"url\":\"https:\\\/\\\/ewa-marine.com\\\/de\\\/\",\"name\":\"ewa-marine\",\"description\":\"Capture the Extreme !\",\"potentialAction\":[{\"@type\":\"SearchAction\",\"target\":{\"@type\":\"EntryPoint\",\"urlTemplate\":\"https:\\\/\\\/ewa-marine.com\\\/de\\\/?s={search_term_string}\"},\"query-input\":{\"@type\":\"PropertyValueSpecification\",\"valueRequired\":true,\"valueName\":\"search_term_string\"}}],\"inLanguage\":\"de\"}]}<\/script>\n<!-- \/ Yoast SEO plugin. -->","yoast_head_json":{"title":"ewa-marine Unterwassergeh\u00e4use, Regen-Capes und andere Produkte","description":"ewa-marine products: Underwater housings, rain-capes, waterproof pouches to protect cameras and valuable electronics during underwater or out-door use.","robots":{"index":"index","follow":"follow","max-snippet":"max-snippet:-1","max-image-preview":"max-image-preview:large","max-video-preview":"max-video-preview:-1"},"canonical":"https:\/\/ewa-marine.com\/de\/products\/","og_locale":"de_DE","og_type":"article","og_title":"ewa-marine Unterwassergeh\u00e4use, Regen-Capes und andere Produkte","og_description":"ewa-marine products: Underwater housings, rain-capes, waterproof pouches to protect cameras and valuable electronics during underwater or out-door use.","og_url":"https:\/\/ewa-marine.com\/de\/products\/","og_site_name":"ewa-marine","article_publisher":"https:\/\/www.facebook.com\/ewa-marine","article_modified_time":"2019-10-21T07:20:48+00:00","og_image":[{"width":200,"height":200,"url":"https:\/\/i0.wp.com\/www.ewa-marine.de\/wp-content\/uploads\/2015\/07\/read-more-U-AX.jpg?fit=200%2C200&ssl=1","type":"image\/jpeg"}],"twitter_card":"summary_large_image","twitter_site":"@ewa_marine","twitter_misc":{"Gesch\u00e4tzte Lesezeit":"1\u00a0Minute"},"schema":{"@context":"https:\/\/schema.org","@graph":[{"@type":"WebPage","@id":"https:\/\/ewa-marine.com\/de\/products\/","url":"https:\/\/ewa-marine.com\/de\/products\/","name":"ewa-marine Unterwassergeh\u00e4use, Regen-Capes und andere Produkte","isPartOf":{"@id":"https:\/\/ewa-marine.com\/de\/#website"},"primaryImageOfPage":{"@id":"https:\/\/ewa-marine.com\/de\/products\/#primaryimage"},"image":{"@id":"https:\/\/ewa-marine.com\/de\/products\/#primaryimage"},"thumbnailUrl":"https:\/\/ewa-marine.com\/wp-content\/uploads\/2015\/07\/read-more-U-AX.jpg","datePublished":"2015-07-02T17:10:07+00:00","dateModified":"2019-10-21T07:20:48+00:00","description":"ewa-marine products: Underwater housings, rain-capes, waterproof pouches to protect cameras and valuable electronics during underwater or out-door use.","breadcrumb":{"@id":"https:\/\/ewa-marine.com\/de\/products\/#breadcrumb"},"inLanguage":"de","potentialAction":[{"@type":"ReadAction","target":["https:\/\/ewa-marine.com\/de\/products\/"]}]},{"@type":"ImageObject","inLanguage":"de","@id":"https:\/\/ewa-marine.com\/de\/products\/#primaryimage","url":"https:\/\/ewa-marine.com\/wp-content\/uploads\/2015\/07\/read-more-U-AX.jpg","contentUrl":"https:\/\/ewa-marine.com\/wp-content\/uploads\/2015\/07\/read-more-U-AX.jpg","width":200,"height":200,"caption":"ewa-marine SLR underwater housings"},{"@type":"BreadcrumbList","@id":"https:\/\/ewa-marine.com\/de\/products\/#breadcrumb","itemListElement":[{"@type":"ListItem","position":1,"name":"Startseite","item":"https:\/\/www.ewa-marine.de\/"},{"@type":"ListItem","position":2,"name":"Produkte"}]},{"@type":"WebSite","@id":"https:\/\/ewa-marine.com\/de\/#website","url":"https:\/\/ewa-marine.com\/de\/","name":"ewa-marine","description":"Capture the Extreme !","potentialAction":[{"@type":"SearchAction","target":{"@type":"EntryPoint","urlTemplate":"https:\/\/ewa-marine.com\/de\/?s={search_term_string}"},"query-input":{"@type":"PropertyValueSpecification","valueRequired":true,"valueName":"search_term_string"}}],"inLanguage":"de"}]}},"_links":{"self":[{"href":"https:\/\/ewa-marine.com\/de\/wp-json\/wp\/v2\/pages\/146","targetHints":{"allow":["GET"]}}],"collection":[{"href":"https:\/\/ewa-marine.com\/de\/wp-json\/wp\/v2\/pages"}],"about":[{"href":"https:\/\/ewa-marine.com\/de\/wp-json\/wp\/v2\/types\/page"}],"author":[{"embeddable":true,"href":"https:\/\/ewa-marine.com\/de\/wp-json\/wp\/v2\/users\/1"}],"replies":[{"embeddable":true,"href":"https:\/\/ewa-marine.com\/de\/wp-json\/wp\/v2\/comments?post=146"}],"version-history":[{"count":5,"href":"https:\/\/ewa-marine.com\/de\/wp-json\/wp\/v2\/pages\/146\/revisions"}],"predecessor-version":[{"id":33943,"href":"https:\/\/ewa-marine.com\/de\/wp-json\/wp\/v2\/pages\/146\/revisions\/33943"}],"wp:featuredmedia":[{"embeddable":true,"href":"https:\/\/ewa-marine.com\/de\/wp-json\/wp\/v2\/media\/1310"}],"wp:attachment":[{"href":"https:\/\/ewa-marine.com\/de\/wp-json\/wp\/v2\/media?parent=146"}],"curies":[{"name":"wp","href":"https:\/\/api.w.org\/{rel}","templated":true}]}}