{"id":1481,"date":"2015-07-17T09:35:39","date_gmt":"2015-07-17T08:35:39","guid":{"rendered":"http:\/\/de.ewa-marine.at\/?page_id=1481"},"modified":"2019-02-12T12:08:54","modified_gmt":"2019-02-12T11:08:54","slug":"c-af","status":"publish","type":"page","link":"https:\/\/ewa-marine.com\/de\/products\/regencapes\/fotokameras\/c-af\/","title":{"rendered":"C-AF"},"content":{"rendered":"<div id=\"pl-1481\"  class=\"panel-layout\" ><div id=\"pg-1481-0\"  class=\"panel-grid panel-has-style\" ><div class=\"panel-widget-style panel-row-style panel-row-style-for-1481-0\" ><div id=\"pgc-1481-0-0\"  class=\"panel-grid-cell\" ><div id=\"panel-1481-0-0-0\" class=\"so-panel widget widget_kadence_simple_image kadence_simple_image panel-first-child\" data-index=\"0\" ><div class=\"panel-widget-style panel-widget-style-for-1481-0-0-0\" ><div class=\"kad_img_upload_widget  kt-shape-type- kt-image-align-center kt-image-widget-widget-0-0-0\"><a href=\"https:\/\/ewa-marine.com\/wp-content\/uploads\/2015\/07\/C-AF-300x300_03.jpg\" rel=\"lightbox\"><div class=\"kt-image-contain  \"><div class=\"kt-image-inner-contain\"><img decoding=\"async\" src=\"https:\/\/ewa-marine.com\/wp-content\/uploads\/2015\/07\/C-AF-300x300_03.jpg\"><\/div><\/div><\/a><div class=\"kadence_image_widget_caption\">ewa-marine C-AF Regencape, Kamera nicht im Lieferumfang enthalten.<\/div><\/div><\/div><\/div><div id=\"panel-1481-0-0-1\" class=\"so-panel widget widget_siteorigin-panels-builder panel-last-child\" data-index=\"1\" ><div id=\"pl-w55a8d5427f4ff\"  class=\"panel-layout\" ><div id=\"pg-w55a8d5427f4ff-0\"  class=\"panel-grid panel-no-style\" ><div id=\"pgc-w55a8d5427f4ff-0-0\"  class=\"panel-grid-cell\" ><div id=\"panel-w55a8d5427f4ff-0-0-0\" class=\"so-panel widget widget_kadence_simple_image kadence_simple_image panel-first-child panel-last-child\" data-index=\"0\" ><div class=\"kad_img_upload_widget  kt-shape-type- kt-image-align-center kt-image-widget-widget-0-0-0\"><div class=\"kt-image-contain  \"><div class=\"kt-image-inner-contain\"><img decoding=\"async\" src=\"https:\/\/ewa-marine.com\/wp-content\/uploads\/2015\/07\/made-in-Germany-100x50.gif\"><\/div><\/div><\/div><\/div><\/div><div id=\"pgc-w55a8d5427f4ff-0-1\"  class=\"panel-grid-cell panel-grid-cell-mobile-last\" ><div id=\"panel-w55a8d5427f4ff-0-1-0\" class=\"so-panel widget widget_kadence_simple_image kadence_simple_image panel-first-child panel-last-child\" data-index=\"1\" ><div class=\"kad_img_upload_widget  kt-shape-type- kt-image-align-center kt-image-widget-widget-0-1-0\"><div class=\"kt-image-contain  \"><div class=\"kt-image-inner-contain\"><img decoding=\"async\" src=\"https:\/\/ewa-marine.com\/wp-content\/uploads\/2015\/07\/opticalglass_100x45.png\"><\/div><\/div><\/div><\/div><\/div><div id=\"pgc-w55a8d5427f4ff-0-2\"  class=\"panel-grid-cell panel-grid-cell-empty\" ><\/div><\/div><\/div><\/div><\/div><div id=\"pgc-1481-0-1\"  class=\"panel-grid-cell\" ><div id=\"panel-1481-0-1-0\" class=\"so-panel widget widget_black-studio-tinymce widget_black_studio_tinymce panel-first-child\" data-index=\"2\" ><div class=\"panel-widget-style panel-widget-style-for-1481-0-1-0\" ><div class=\"textwidget\"><p><a href=\"https:\/\/www.marinsolar.de\/produkt\/ewa-marine-caf-regencape\/\" target=\"_blank\" rel=\"noopener\"><img loading=\"lazy\" decoding=\"async\" class=\"alignright wp-image-5203\" src=\"\/wp-content\/uploads\/2016\/03\/online-kaufen.png\" alt=\"Online Einkaufen bei marinSolar\" width=\"149\" height=\"50\" \/><\/a><\/p>\n<h1 class=\"bodytext\">ewa-marine C-AF Regencape<\/h1>\n<h2 class=\"bodytext\">Der perfekte Regenschutz f\u00fcr Spiegelreflexkameras<\/h2>\n<h6>Bestellcode: C-AF<\/h6>\n<p class=\"bodytext\">Das Regencape C-AF ist der perfekte Regenschutz f\u00fcr Spiegelreflexkameras mit Zoomobjektiv.<\/p>\n<p class=\"bodytext\">Das Cape wird aus Spezialfolie hergestellt und hat eine integrierte optische Planglasscheibe.<br \/>\nDie Kamera wird mittels eines <a href=\"http:\/\/de.ewa-marine.at\/produkte\/zubehoer-2\/ca-adapter\/\">C-A Adapters<\/a> direkt an der Frontscheibe befestigt, wodurch diese optimal im Cape sitzt.<\/p>\n<p class=\"bodytext\">In dem Cape k\u00f6nnen verschiedenste Zoomobjektive, bis zu einer maximalen Brennweite von 300mm, verwendet werden. Alle Filtergewindegr\u00f6\u00dfen von 49-62mm werden standardm\u00e4\u00dfig unterst\u00fctzt. Optional gibt es einen speziellen C-A67 Adapter f\u00fcr 67mm Filtergewinde.<\/p>\n<p class=\"bodytext\">Wir bieten auch ein modifiziertes Cape <a href=\"http:\/\/www.ewa-marine.de\/products\/regencapes\/fotokameras\/c-af100\/\">C-AF100<\/a> an, speziell f\u00fcr Objektive mit einem Filtergewinde von 72mm, 77mm bzw. 82mm.<\/p>\n<p class=\"bodytext\">Die Kamera kann immer noch auf einem Stativ verwendet werden.<\/p>\n<p class=\"bodytext\">An der R\u00fcckseite wird das CAF Regencape mit einem Zipp-Verschlu\u00df und mittels Druckkn\u00f6pfen verschlossen.<\/p>\n<\/div><\/div><\/div><div id=\"panel-1481-0-1-1\" class=\"so-panel widget widget_black-studio-tinymce widget_black_studio_tinymce panel-last-child\" data-index=\"3\" ><div class=\"textwidget\"><p><b class=\"\">\n<div class=\"panel-group\" id=\"accordionname330\"><div class=\"panel panel-default\"><div class=\"panel-heading\"><a class=\"accordion-toggle collapsed\" data-toggle=\"collapse\" data-parent=\"#accordionname330\" href=\"#collapse3300\"><h5><i class=\"kt-icon-minus primary-color\"><\/i><i class=\"kt-icon-plus\"><\/i>Technische Daten<\/h5><\/a><\/div><div id=\"collapse3300\" class=\"panel-collapse collapse \"><div class=\"panel-body postclass\">\n<table class=\"contenttable contenttable-0\">\n<tbody>\n<tr class=\"tr-even tr-0\">\n<td class=\"td-0\">L\u00e4nge<\/td>\n<td class=\"td-last\">30 cm<\/td>\n<\/tr>\n<tr class=\"tr-odd tr-1\">\n<td class=\"td-0\">Breite<\/td>\n<td class=\"td-last\">18 cm<\/td>\n<\/tr>\n<tr class=\"tr-even tr-2\">\n<td class=\"td-0\">H\u00f6he<\/td>\n<td class=\"td-last\">10 cm<\/td>\n<\/tr>\n<tr class=\"tr-odd tr-3\">\n<td class=\"td-0\">Durchmesser Frontglas<\/td>\n<td class=\"td-last\">75 mm<\/td>\n<\/tr>\n<tr class=\"tr-odd tr-3\">\n<td class=\"td-0\">max. Filtergewindedurchmesser<\/td>\n<td class=\"td-last\">67 mm<\/td>\n<\/tr>\n<tr class=\"tr-even tr-last\">\n<td class=\"td-0\">Gewicht<\/td>\n<td class=\"td-last\">ca. 180 g<\/td>\n<\/tr>\n<\/tbody>\n<\/table>\n<div class=\"csc-frame csc-frame-rulerBefore\"><\/div>\n<p><b class=\"\"><\/div><\/div><\/div><\/div>\n<\/b><\/p>\n<\/div><\/div><\/div><\/div><\/div><div id=\"pg-1481-1\"  class=\"panel-grid panel-has-style\" ><div class=\"panel-widget-style panel-row-style panel-row-style-for-1481-1\" ><div id=\"pgc-1481-1-0\"  class=\"panel-grid-cell\" ><div id=\"panel-1481-1-0-0\" class=\"so-panel widget widget_text panel-first-child\" data-index=\"4\" >\t\t\t<div class=\"textwidget\"><h4>   Produkte, die Sie ebenfalls interessieren k\u00f6nnten: <\/h4>\n<\/div>\n\t\t<\/div><div id=\"panel-1481-1-0-1\" class=\"so-panel widget widget_siteorigin-panels-builder panel-last-child\" data-index=\"5\" ><div class=\"Optional Extras panel-widget-style panel-widget-style-for-1481-1-0-1\" ><div id=\"pl-w5c62a94627be1\"  class=\"panel-layout\" ><div id=\"pg-w5c62a94627be1-0\"  class=\"panel-grid panel-no-style\" ><div id=\"pgc-w5c62a94627be1-0-0\"  class=\"panel-grid-cell\" ><div id=\"panel-w5c62a94627be1-0-0-0\" class=\"so-panel widget widget_kadence_simple_image kadence_simple_image panel-first-child panel-last-child\" data-index=\"0\" ><div class=\"kad_img_upload_widget  kt-shape-type- kt-image-align-center kt-image-widget-widget-0-0-0\"><a href=\"\/products\/accessories\/ewa-marine-ca-adapter\/%20\" target=\"_self\"><div class=\"kt-image-contain  \"><div class=\"kt-image-inner-contain\"><img decoding=\"async\" src=\"https:\/\/ewa-marine.com\/wp-content\/uploads\/2015\/07\/CAF-Ringadapter-200x150.jpg\"><\/div><\/div><\/a><div class=\"kadence_image_widget_caption\">CA Adapter Set<\/div><\/div><\/div><\/div><div id=\"pgc-w5c62a94627be1-0-1\"  class=\"panel-grid-cell\" ><div id=\"panel-w5c62a94627be1-0-1-0\" class=\"so-panel widget widget_kadence_simple_image kadence_simple_image panel-first-child panel-last-child\" data-index=\"1\" ><div class=\"kad_img_upload_widget  kt-shape-type- kt-image-align-center kt-image-widget-widget-0-1-0\"><a href=\"https:\/\/ewa-marine.com\/wp-content\/uploads\/2015\/07\/Step_Up_Ring_200x150.jpg\" rel=\"lightbox\"><div class=\"kt-image-contain  \"><div class=\"kt-image-inner-contain\"><img decoding=\"async\" src=\"https:\/\/ewa-marine.com\/wp-content\/uploads\/2015\/07\/Step_Up_Ring_200x150.jpg\"><\/div><\/div><\/a><div class=\"kadence_image_widget_caption\">Step-Up Adapter<\/div><\/div><\/div><\/div><div id=\"pgc-w5c62a94627be1-0-2\"  class=\"panel-grid-cell\" ><div id=\"panel-w5c62a94627be1-0-2-0\" class=\"so-panel widget widget_kadence_simple_image kadence_simple_image panel-first-child panel-last-child\" data-index=\"2\" ><div class=\"kad_img_upload_widget  kt-shape-type- kt-image-align-center kt-image-widget-widget-0-2-0\"><a href=\"\/products\/accessories\/ewa-marine-ca-adapter\/\" target=\"_self\"><div class=\"kt-image-contain  \"><div class=\"kt-image-inner-contain\"><img decoding=\"async\" src=\"https:\/\/ewa-marine.com\/wp-content\/uploads\/2015\/07\/C-A67-200x150.jpg\"><\/div><\/div><\/a><div class=\"kadence_image_widget_caption\">CA67<\/div><\/div><\/div><\/div><div id=\"pgc-w5c62a94627be1-0-3\"  class=\"panel-grid-cell panel-grid-cell-empty panel-grid-cell-mobile-last\" ><\/div><div id=\"pgc-w5c62a94627be1-0-4\"  class=\"panel-grid-cell panel-grid-cell-empty\" ><\/div><\/div><\/div><\/div><\/div><\/div><\/div><\/div><div id=\"pg-1481-2\"  class=\"panel-grid panel-no-style\" ><div id=\"pgc-1481-2-0\"  class=\"panel-grid-cell\" ><div id=\"panel-1481-2-0-0\" class=\"so-panel widget widget_black-studio-tinymce widget_black_studio_tinymce panel-first-child panel-last-child\" data-index=\"6\" ><div class=\"textwidget\"><hr \/>\n<p>\u00a0<\/p>\n<h6>Alle Daten und Bilder von Unterwassergeh\u00e4usen und Regencapes entsprechen dem Stand unserer Produkte zum Zeitpunkt der letzten redaktionellen Bearbeitung dieser Seite. ewa-marine beh\u00e4lt sich jedoch vor, alle Produkte im Rahmen unseres kontinuierlichen Verbesserungprozesses zu \u00e4ndern und zu verbessern. Daher k\u00f6nnen die aktuell im Markt angebotenen Produkte in Einzelpunkten eventuell von den Abbildungen abweichen. Eine Garantie f\u00fcr Vollst\u00e4ndigkeit oder Richtigkeit kann nicht \u00fcbernommen werden, ebenso wenig wie eine Haftung f\u00fcr die Verwendung dieser Seiten oder deren Inhalt.<br \/> Einige Bilder auf dieser Website zeigen die ewa-marine Produkt einschlie\u00dflich Kamera oder anderer elektronischer Ger\u00e4te. Diese Kameras oder andere Elektronik sind nicht im Lieferumfang enthalten und dienen hier nur als Anwendungsbeispiel.<\/h6>\n<\/div><\/div><\/div><\/div><\/div>","protected":false},"excerpt":{"rendered":"<p>ewa-marine C-AF Regencape Der perfekte Regenschutz f\u00fcr Spiegelreflexkameras Bestellcode: C-AF Das Regencape C-AF ist der perfekte Regenschutz f\u00fcr Spiegelreflexkameras mit Zoomobjektiv. Das Cape wird aus Spezialfolie hergestellt und hat eine integrierte optische Planglasscheibe. Die Kamera wird mittels eines C-A Adapters direkt an der Frontscheibe befestigt, wodurch diese optimal im Cape sitzt. In dem Cape k\u00f6nnen verschiedenste Zoomobjektive, bis zu einer maximalen Brennweite von 300mm, verwendet werden. Alle Filtergewindegr\u00f6\u00dfen von 49-62mm werden standardm\u00e4\u00dfig unterst\u00fctzt. Optional gibt es einen speziellen C-A67 Adapter &hellip; <a href=\"https:\/\/ewa-marine.com\/de\/products\/regencapes\/fotokameras\/c-af\/\">Weiterlesen<\/a><\/p>\n","protected":false},"author":2,"featured_media":2766,"parent":825,"menu_order":0,"comment_status":"closed","ping_status":"closed","template":"","meta":{"kt_blocks_editor_width":"","footnotes":""},"class_list":["post-1481","page","type-page","status-publish","has-post-thumbnail","hentry"],"yoast_head":"<!-- This site is optimized with the Yoast SEO plugin v27.3 - https:\/\/yoast.com\/product\/yoast-seo-wordpress\/ -->\n<title>ewa-marine C-AF Regencape f\u00fcr dSLR Kameras mit Zoomobjektiv<\/title>\n<meta name=\"description\" content=\"Das Regencape C-AF ist der perfekte Regenschutz f\u00fcr Spiegelreflexkameras mit Zoomobjektiv. Die Kamera kann immer noch auf einem Stativ verwendet werden\" \/>\n<meta name=\"robots\" content=\"index, follow, max-snippet:-1, max-image-preview:large, max-video-preview:-1\" \/>\n<link rel=\"canonical\" href=\"https:\/\/ewa-marine.com\/de\/products\/regencapes\/fotokameras\/c-af\/\" \/>\n<meta property=\"og:locale\" content=\"de_DE\" \/>\n<meta property=\"og:type\" content=\"article\" \/>\n<meta property=\"og:title\" content=\"ewa-marine C-AF Regencape f\u00fcr dSLR Kameras mit Zoomobjektiv\" \/>\n<meta property=\"og:description\" content=\"Das Regencape C-AF ist der perfekte Regenschutz f\u00fcr Spiegelreflexkameras mit Zoomobjektiv. Die Kamera kann immer noch auf einem Stativ verwendet werden\" \/>\n<meta property=\"og:url\" content=\"https:\/\/ewa-marine.com\/de\/products\/regencapes\/fotokameras\/c-af\/\" \/>\n<meta property=\"og:site_name\" content=\"ewa-marine\" \/>\n<meta property=\"article:publisher\" content=\"https:\/\/www.facebook.com\/ewa-marine\" \/>\n<meta property=\"article:modified_time\" content=\"2019-02-12T11:08:54+00:00\" \/>\n<meta property=\"og:image\" content=\"https:\/\/www.ewa-marine.de\/wp-content\/uploads\/\/2016\/03\/online-kaufen.png\" \/>\n<meta name=\"twitter:card\" content=\"summary_large_image\" \/>\n<meta name=\"twitter:site\" content=\"@ewa_marine\" \/>\n<meta name=\"twitter:label1\" content=\"Gesch\u00e4tzte Lesezeit\" \/>\n\t<meta name=\"twitter:data1\" content=\"2\u00a0Minuten\" \/>\n<script type=\"application\/ld+json\" class=\"yoast-schema-graph\">{\"@context\":\"https:\\\/\\\/schema.org\",\"@graph\":[{\"@type\":\"WebPage\",\"@id\":\"https:\\\/\\\/ewa-marine.com\\\/de\\\/products\\\/regencapes\\\/fotokameras\\\/c-af\\\/\",\"url\":\"https:\\\/\\\/ewa-marine.com\\\/de\\\/products\\\/regencapes\\\/fotokameras\\\/c-af\\\/\",\"name\":\"ewa-marine C-AF Regencape f\u00fcr dSLR Kameras mit Zoomobjektiv\",\"isPartOf\":{\"@id\":\"https:\\\/\\\/ewa-marine.com\\\/de\\\/#website\"},\"primaryImageOfPage\":{\"@id\":\"https:\\\/\\\/ewa-marine.com\\\/de\\\/products\\\/regencapes\\\/fotokameras\\\/c-af\\\/#primaryimage\"},\"image\":{\"@id\":\"https:\\\/\\\/ewa-marine.com\\\/de\\\/products\\\/regencapes\\\/fotokameras\\\/c-af\\\/#primaryimage\"},\"thumbnailUrl\":\"https:\\\/\\\/ewa-marine.com\\\/wp-content\\\/uploads\\\/2015\\\/12\\\/C-AF-200x200.jpg\",\"datePublished\":\"2015-07-17T08:35:39+00:00\",\"dateModified\":\"2019-02-12T11:08:54+00:00\",\"description\":\"Das Regencape C-AF ist der perfekte Regenschutz f\u00fcr Spiegelreflexkameras mit Zoomobjektiv. Die Kamera kann immer noch auf einem Stativ verwendet werden\",\"breadcrumb\":{\"@id\":\"https:\\\/\\\/ewa-marine.com\\\/de\\\/products\\\/regencapes\\\/fotokameras\\\/c-af\\\/#breadcrumb\"},\"inLanguage\":\"de\",\"potentialAction\":[{\"@type\":\"ReadAction\",\"target\":[\"https:\\\/\\\/ewa-marine.com\\\/de\\\/products\\\/regencapes\\\/fotokameras\\\/c-af\\\/\"]}]},{\"@type\":\"ImageObject\",\"inLanguage\":\"de\",\"@id\":\"https:\\\/\\\/ewa-marine.com\\\/de\\\/products\\\/regencapes\\\/fotokameras\\\/c-af\\\/#primaryimage\",\"url\":\"https:\\\/\\\/ewa-marine.com\\\/wp-content\\\/uploads\\\/2015\\\/12\\\/C-AF-200x200.jpg\",\"contentUrl\":\"https:\\\/\\\/ewa-marine.com\\\/wp-content\\\/uploads\\\/2015\\\/12\\\/C-AF-200x200.jpg\",\"width\":200,\"height\":200,\"caption\":\"C-AF rain cape for SLR\"},{\"@type\":\"BreadcrumbList\",\"@id\":\"https:\\\/\\\/ewa-marine.com\\\/de\\\/products\\\/regencapes\\\/fotokameras\\\/c-af\\\/#breadcrumb\",\"itemListElement\":[{\"@type\":\"ListItem\",\"position\":1,\"name\":\"Startseite\",\"item\":\"https:\\\/\\\/www.ewa-marine.de\\\/\"},{\"@type\":\"ListItem\",\"position\":2,\"name\":\"Produkte\",\"item\":\"https:\\\/\\\/www.ewa-marine.de\\\/products\\\/\"},{\"@type\":\"ListItem\",\"position\":3,\"name\":\"Regencapes\",\"item\":\"https:\\\/\\\/www.ewa-marine.de\\\/products\\\/regencapes\\\/\"},{\"@type\":\"ListItem\",\"position\":4,\"name\":\"Fotokameras\",\"item\":\"https:\\\/\\\/www.ewa-marine.de\\\/products\\\/regencapes\\\/fotokameras\\\/\"},{\"@type\":\"ListItem\",\"position\":5,\"name\":\"C-AF\"}]},{\"@type\":\"WebSite\",\"@id\":\"https:\\\/\\\/ewa-marine.com\\\/de\\\/#website\",\"url\":\"https:\\\/\\\/ewa-marine.com\\\/de\\\/\",\"name\":\"ewa-marine\",\"description\":\"Capture the Extreme !\",\"potentialAction\":[{\"@type\":\"SearchAction\",\"target\":{\"@type\":\"EntryPoint\",\"urlTemplate\":\"https:\\\/\\\/ewa-marine.com\\\/de\\\/?s={search_term_string}\"},\"query-input\":{\"@type\":\"PropertyValueSpecification\",\"valueRequired\":true,\"valueName\":\"search_term_string\"}}],\"inLanguage\":\"de\"}]}<\/script>\n<!-- \/ Yoast SEO plugin. -->","yoast_head_json":{"title":"ewa-marine C-AF Regencape f\u00fcr dSLR Kameras mit Zoomobjektiv","description":"Das Regencape C-AF ist der perfekte Regenschutz f\u00fcr Spiegelreflexkameras mit Zoomobjektiv. Die Kamera kann immer noch auf einem Stativ verwendet werden","robots":{"index":"index","follow":"follow","max-snippet":"max-snippet:-1","max-image-preview":"max-image-preview:large","max-video-preview":"max-video-preview:-1"},"canonical":"https:\/\/ewa-marine.com\/de\/products\/regencapes\/fotokameras\/c-af\/","og_locale":"de_DE","og_type":"article","og_title":"ewa-marine C-AF Regencape f\u00fcr dSLR Kameras mit Zoomobjektiv","og_description":"Das Regencape C-AF ist der perfekte Regenschutz f\u00fcr Spiegelreflexkameras mit Zoomobjektiv. Die Kamera kann immer noch auf einem Stativ verwendet werden","og_url":"https:\/\/ewa-marine.com\/de\/products\/regencapes\/fotokameras\/c-af\/","og_site_name":"ewa-marine","article_publisher":"https:\/\/www.facebook.com\/ewa-marine","article_modified_time":"2019-02-12T11:08:54+00:00","og_image":[{"url":"https:\/\/www.ewa-marine.de\/wp-content\/uploads\/\/2016\/03\/online-kaufen.png","type":"","width":"","height":""}],"twitter_card":"summary_large_image","twitter_site":"@ewa_marine","twitter_misc":{"Gesch\u00e4tzte Lesezeit":"2\u00a0Minuten"},"schema":{"@context":"https:\/\/schema.org","@graph":[{"@type":"WebPage","@id":"https:\/\/ewa-marine.com\/de\/products\/regencapes\/fotokameras\/c-af\/","url":"https:\/\/ewa-marine.com\/de\/products\/regencapes\/fotokameras\/c-af\/","name":"ewa-marine C-AF Regencape f\u00fcr dSLR Kameras mit Zoomobjektiv","isPartOf":{"@id":"https:\/\/ewa-marine.com\/de\/#website"},"primaryImageOfPage":{"@id":"https:\/\/ewa-marine.com\/de\/products\/regencapes\/fotokameras\/c-af\/#primaryimage"},"image":{"@id":"https:\/\/ewa-marine.com\/de\/products\/regencapes\/fotokameras\/c-af\/#primaryimage"},"thumbnailUrl":"https:\/\/ewa-marine.com\/wp-content\/uploads\/2015\/12\/C-AF-200x200.jpg","datePublished":"2015-07-17T08:35:39+00:00","dateModified":"2019-02-12T11:08:54+00:00","description":"Das Regencape C-AF ist der perfekte Regenschutz f\u00fcr Spiegelreflexkameras mit Zoomobjektiv. Die Kamera kann immer noch auf einem Stativ verwendet werden","breadcrumb":{"@id":"https:\/\/ewa-marine.com\/de\/products\/regencapes\/fotokameras\/c-af\/#breadcrumb"},"inLanguage":"de","potentialAction":[{"@type":"ReadAction","target":["https:\/\/ewa-marine.com\/de\/products\/regencapes\/fotokameras\/c-af\/"]}]},{"@type":"ImageObject","inLanguage":"de","@id":"https:\/\/ewa-marine.com\/de\/products\/regencapes\/fotokameras\/c-af\/#primaryimage","url":"https:\/\/ewa-marine.com\/wp-content\/uploads\/2015\/12\/C-AF-200x200.jpg","contentUrl":"https:\/\/ewa-marine.com\/wp-content\/uploads\/2015\/12\/C-AF-200x200.jpg","width":200,"height":200,"caption":"C-AF rain cape for SLR"},{"@type":"BreadcrumbList","@id":"https:\/\/ewa-marine.com\/de\/products\/regencapes\/fotokameras\/c-af\/#breadcrumb","itemListElement":[{"@type":"ListItem","position":1,"name":"Startseite","item":"https:\/\/www.ewa-marine.de\/"},{"@type":"ListItem","position":2,"name":"Produkte","item":"https:\/\/www.ewa-marine.de\/products\/"},{"@type":"ListItem","position":3,"name":"Regencapes","item":"https:\/\/www.ewa-marine.de\/products\/regencapes\/"},{"@type":"ListItem","position":4,"name":"Fotokameras","item":"https:\/\/www.ewa-marine.de\/products\/regencapes\/fotokameras\/"},{"@type":"ListItem","position":5,"name":"C-AF"}]},{"@type":"WebSite","@id":"https:\/\/ewa-marine.com\/de\/#website","url":"https:\/\/ewa-marine.com\/de\/","name":"ewa-marine","description":"Capture the Extreme !","potentialAction":[{"@type":"SearchAction","target":{"@type":"EntryPoint","urlTemplate":"https:\/\/ewa-marine.com\/de\/?s={search_term_string}"},"query-input":{"@type":"PropertyValueSpecification","valueRequired":true,"valueName":"search_term_string"}}],"inLanguage":"de"}]}},"_links":{"self":[{"href":"https:\/\/ewa-marine.com\/de\/wp-json\/wp\/v2\/pages\/1481","targetHints":{"allow":["GET"]}}],"collection":[{"href":"https:\/\/ewa-marine.com\/de\/wp-json\/wp\/v2\/pages"}],"about":[{"href":"https:\/\/ewa-marine.com\/de\/wp-json\/wp\/v2\/types\/page"}],"author":[{"embeddable":true,"href":"https:\/\/ewa-marine.com\/de\/wp-json\/wp\/v2\/users\/2"}],"replies":[{"embeddable":true,"href":"https:\/\/ewa-marine.com\/de\/wp-json\/wp\/v2\/comments?post=1481"}],"version-history":[{"count":2,"href":"https:\/\/ewa-marine.com\/de\/wp-json\/wp\/v2\/pages\/1481\/revisions"}],"predecessor-version":[{"id":32241,"href":"https:\/\/ewa-marine.com\/de\/wp-json\/wp\/v2\/pages\/1481\/revisions\/32241"}],"up":[{"embeddable":true,"href":"https:\/\/ewa-marine.com\/de\/wp-json\/wp\/v2\/pages\/825"}],"wp:featuredmedia":[{"embeddable":true,"href":"https:\/\/ewa-marine.com\/de\/wp-json\/wp\/v2\/media\/2766"}],"wp:attachment":[{"href":"https:\/\/ewa-marine.com\/de\/wp-json\/wp\/v2\/media?parent=1481"}],"curies":[{"name":"wp","href":"https:\/\/api.w.org\/{rel}","templated":true}]}}