{"id":1485,"date":"2015-07-17T09:48:57","date_gmt":"2015-07-17T08:48:57","guid":{"rendered":"http:\/\/de.ewa-marine.at\/?page_id=1485"},"modified":"2018-07-24T21:28:06","modified_gmt":"2018-07-24T20:28:06","slug":"c-af100","status":"publish","type":"page","link":"https:\/\/ewa-marine.com\/de\/products\/regencapes\/fotokameras\/c-af100\/","title":{"rendered":"C-AF100"},"content":{"rendered":"<div id=\"pl-1485\"  class=\"panel-layout\" ><div id=\"pg-1485-0\"  class=\"panel-grid panel-has-style\" ><div class=\"panel-widget-style panel-row-style panel-row-style-for-1485-0\" ><div id=\"pgc-1485-0-0\"  class=\"panel-grid-cell\" ><div id=\"panel-1485-0-0-0\" class=\"so-panel widget widget_kadence_simple_image kadence_simple_image panel-first-child\" data-index=\"0\" ><div class=\"panel-widget-style panel-widget-style-for-1485-0-0-0\" ><div class=\"kad_img_upload_widget  kt-shape-type- kt-image-align-center kt-image-widget-widget-0-0-0\"><a href=\"https:\/\/ewa-marine.com\/wp-content\/uploads\/2015\/07\/C-AF-300x300_03.jpg\" rel=\"lightbox\"><div class=\"kt-image-contain  \"><div class=\"kt-image-inner-contain\"><img decoding=\"async\" src=\"https:\/\/ewa-marine.com\/wp-content\/uploads\/2015\/07\/C-AF-300x300_03.jpg\"><\/div><\/div><\/a><div class=\"kadence_image_widget_caption\">ewa-marine C-AF100 Regencape, Kamera nicht im Lieferumfang enthalten.<\/div><\/div><\/div><\/div><div id=\"panel-1485-0-0-1\" class=\"so-panel widget widget_siteorigin-panels-builder panel-last-child\" data-index=\"1\" ><div id=\"pl-w55a8d72c64dc5\"  class=\"panel-layout\" ><div id=\"pg-w55a8d72c64dc5-0\"  class=\"panel-grid panel-no-style\" ><div id=\"pgc-w55a8d72c64dc5-0-0\"  class=\"panel-grid-cell\" ><div id=\"panel-w55a8d72c64dc5-0-0-0\" class=\"so-panel widget widget_kadence_simple_image kadence_simple_image panel-first-child panel-last-child\" data-index=\"0\" ><div class=\"kad_img_upload_widget  kt-shape-type- kt-image-align-center kt-image-widget-widget-0-0-0\"><div class=\"kt-image-contain  \"><div class=\"kt-image-inner-contain\"><img decoding=\"async\" src=\"https:\/\/ewa-marine.com\/wp-content\/uploads\/2015\/07\/made-in-Germany-100x50.gif\"><\/div><\/div><\/div><\/div><\/div><div id=\"pgc-w55a8d72c64dc5-0-1\"  class=\"panel-grid-cell panel-grid-cell-mobile-last\" ><div id=\"panel-w55a8d72c64dc5-0-1-0\" class=\"so-panel widget widget_kadence_simple_image kadence_simple_image panel-first-child panel-last-child\" data-index=\"1\" ><div class=\"kad_img_upload_widget  kt-shape-type- kt-image-align-center kt-image-widget-widget-0-1-0\"><div class=\"kt-image-contain  \"><div class=\"kt-image-inner-contain\"><img decoding=\"async\" src=\"https:\/\/ewa-marine.com\/wp-content\/uploads\/2015\/07\/opticalglass_100x45.png\"><\/div><\/div><\/div><\/div><\/div><div id=\"pgc-w55a8d72c64dc5-0-2\"  class=\"panel-grid-cell panel-grid-cell-empty\" ><\/div><\/div><\/div><\/div><\/div><div id=\"pgc-1485-0-1\"  class=\"panel-grid-cell\" ><div id=\"panel-1485-0-1-0\" class=\"so-panel widget widget_black-studio-tinymce widget_black_studio_tinymce panel-first-child\" data-index=\"2\" ><div class=\"panel-widget-style panel-widget-style-for-1485-0-1-0\" ><div class=\"textwidget\"><p><a href=\"https:\/\/www.marinsolar.de\/produkt\/ewa-marine-caf-100-regencape\/\" target=\"_blank\"><img loading=\"lazy\" decoding=\"async\" class=\"alignright wp-image-5203\" src=\"\/wp-content\/uploads\/2016\/03\/online-kaufen.png\" alt=\"Online Einkaufen bei marinSolar\" width=\"149\" height=\"50\" \/><\/a><\/p>\n<h1 class=\"bodytext\">ewa-marine C-AF100 Regencape<\/h1>\n<h2 class=\"bodytext\">Der perfekte Regenschutz f\u00fcr Spiegelreflexkameras<\/h2>\n<h6>Bestellcode: C-AF100<\/h6>\n<p class=\"bodytext\">Das Regencape C-AF100 ist der perfekte Regenschutz f\u00fcr Spiegelreflexkameras mit Zoomobjektiv.<\/p>\n<p class=\"bodytext\">Das Cape wird aus Spezialfolie hergestellt und hat eine integrierte optische Planglasscheibe.<br \/>\nDie Kamera wird mittels des im Lieferumfang enthaltenen <a href=\"http:\/\/de.ewa-marine.at\/products\/zubehoer\/ca-adapter\/\">C-A82 Adapters<\/a> (bis September 2017 wurde dieses Geh\u00e4use mit einem C-A77 Adapter ausgeliefert) und des Reduzieradapters RA77-82 direkt an der Frontscheibe befestigt, wodurch diese auch optimal in dem Cape sitzt.<\/p>\n<p class=\"bodytext\">In dem Cape k\u00f6nnen verschiedenste Zoomobjektive bis zu einer maximalen Brennweite von 300mm verwendet werden. Die verwendeten Objektive m\u00fcssen innenfokusierend sein, sowie ein Filtergewinde von 77mm oder 82mm besitzen. Objektive mit einem kleineren Filtergewinde k\u00f6nnen ebenso in dem Cape verwendet werden, allerdings m\u00fcssen diese ebenfalls einen interen Fokus haben und Sie ben\u00f6tigen zus\u00e4tzlich die entsprechenden <a href=\"http:\/\/www.ewa-marine.de\/products\/zubehoer\/reduzieradapter\/\">Reduzieradapter<\/a>.<\/p>\n<p class=\"bodytext\">Die Kamera kann immer noch auf einem Stativ verwendet werden.<\/p>\n<p class=\"bodytext\">An der R\u00fcckseite wird das C-AF100 Regencape mit einem Zipp-Verschlu\u00df und mittels Druckkn\u00f6pfen verschlossen.<\/p>\n<\/div><\/div><\/div><div id=\"panel-1485-0-1-1\" class=\"so-panel widget widget_black-studio-tinymce widget_black_studio_tinymce panel-last-child\" data-index=\"3\" ><div class=\"textwidget\"><p><b class=\"\">\n<div class=\"panel-group\" id=\"accordionname164\"><div class=\"panel panel-default\"><div class=\"panel-heading\"><a class=\"accordion-toggle collapsed\" data-toggle=\"collapse\" data-parent=\"#accordionname164\" href=\"#collapse1640\"><h5><i class=\"kt-icon-minus primary-color\"><\/i><i class=\"kt-icon-plus\"><\/i>Technische Daten<\/h5><\/a><\/div><div id=\"collapse1640\" class=\"panel-collapse collapse \"><div class=\"panel-body postclass\">\n<table class=\"contenttable contenttable-0\">\n<tbody>\n<tr class=\"tr-even tr-0\">\n<td class=\"td-0\"><strong>L\u00e4nge:<\/strong><\/td>\n<td class=\"td-last\">30 cm<\/td>\n<\/tr>\n<tr class=\"tr-odd tr-1\">\n<td class=\"td-0\"><strong>Breite:<\/strong><\/td>\n<td class=\"td-last\">20 cm<\/td>\n<\/tr>\n<tr class=\"tr-even tr-2\">\n<td class=\"td-0\"><strong>H\u00f6he:<\/strong><\/td>\n<td class=\"td-last\">10 cm<\/td>\n<\/tr>\n<tr class=\"tr-odd tr-3\">\n<td class=\"td-0\"><strong>Durchmesser Frontglas: <br \/><\/strong><\/td>\n<td class=\"td-last\">95 mm<\/td>\n<\/tr>\n<tr class=\"tr-even tr-last\">\n<td class=\"td-0\"><strong>Gewicht:<\/strong><\/td>\n<td class=\"td-last\">ca. 180 g<\/td>\n<\/tr>\n<\/tbody>\n<\/table>\n<p><b class=\"\"><\/div><\/div><\/div><\/div>\n<\/b><\/p>\n<\/div><\/div><\/div><\/div><\/div><div id=\"pg-1485-1\"  class=\"panel-grid panel-has-style\" ><div class=\"panel-widget-style panel-row-style panel-row-style-for-1485-1\" ><div id=\"pgc-1485-1-0\"  class=\"panel-grid-cell\" ><div id=\"panel-1485-1-0-0\" class=\"so-panel widget widget_text panel-first-child\" data-index=\"4\" >\t\t\t<div class=\"textwidget\"><h4>   Produkte, die Sie ebenfalls interessieren k\u00f6nnten:<\/h4>\n<\/div>\n\t\t<\/div><div id=\"panel-1485-1-0-1\" class=\"so-panel widget widget_siteorigin-panels-builder panel-last-child\" data-index=\"5\" ><div class=\"Optional Extras panel-widget-style panel-widget-style-for-1485-1-0-1\" ><div id=\"pl-w55a8d7591b10f\"  class=\"panel-layout\" ><div id=\"pg-w55a8d7591b10f-0\"  class=\"panel-grid panel-no-style\" ><div id=\"pgc-w55a8d7591b10f-0-0\"  class=\"panel-grid-cell\" ><div id=\"panel-w55a8d7591b10f-0-0-0\" class=\"so-panel widget widget_kadence_simple_image kadence_simple_image panel-first-child panel-last-child\" data-index=\"0\" ><div class=\"kad_img_upload_widget  kt-shape-type- kt-image-align-center kt-image-widget-widget-0-0-0\"><a href=\"https:\/\/ewa-marine.com\/wp-content\/uploads\/2015\/07\/Step_Up_Ring_200x150.jpg\" rel=\"lightbox\"><div class=\"kt-image-contain  \"><div class=\"kt-image-inner-contain\"><img decoding=\"async\" src=\"https:\/\/ewa-marine.com\/wp-content\/uploads\/2015\/07\/Step_Up_Ring_200x150.jpg\"><\/div><\/div><\/a><div class=\"kadence_image_widget_caption\">Step-Up Adapter<\/div><\/div><\/div><\/div><div id=\"pgc-w55a8d7591b10f-0-1\"  class=\"panel-grid-cell\" ><div id=\"panel-w55a8d7591b10f-0-1-0\" class=\"so-panel widget widget_kadence_simple_image kadence_simple_image panel-first-child panel-last-child\" data-index=\"1\" ><div class=\"kad_img_upload_widget  kt-shape-type- kt-image-align-center kt-image-widget-widget-0-1-0\"><a href=\"\/products\/accessories\/ewa-marine-ca-adapter\/\" target=\"_self\"><div class=\"kt-image-contain  \"><div class=\"kt-image-inner-contain\"><img decoding=\"async\" src=\"https:\/\/ewa-marine.com\/wp-content\/uploads\/2015\/07\/Adapter-82-200x150.jpg\"><\/div><\/div><\/a><div class=\"kadence_image_widget_caption\">CA77 &amp; CA82<\/div><\/div><\/div><\/div><div id=\"pgc-w55a8d7591b10f-0-2\"  class=\"panel-grid-cell panel-grid-cell-empty\" ><\/div><div id=\"pgc-w55a8d7591b10f-0-3\"  class=\"panel-grid-cell panel-grid-cell-empty panel-grid-cell-mobile-last\" ><\/div><div id=\"pgc-w55a8d7591b10f-0-4\"  class=\"panel-grid-cell panel-grid-cell-empty\" ><\/div><\/div><\/div><\/div><\/div><\/div><\/div><\/div><div id=\"pg-1485-2\"  class=\"panel-grid panel-no-style\" ><div id=\"pgc-1485-2-0\"  class=\"panel-grid-cell\" ><div id=\"panel-1485-2-0-0\" class=\"so-panel widget widget_black-studio-tinymce widget_black_studio_tinymce panel-first-child panel-last-child\" data-index=\"6\" ><div class=\"textwidget\"><hr \/>\n<p>\u00a0<\/p>\n<h6>Alle Daten und Bilder von Unterwassergeh\u00e4usen und Regencapes entsprechen dem Stand unserer Produkte zum Zeitpunkt der letzten redaktionellen Bearbeitung dieser Seite. ewa-marine beh\u00e4lt sich jedoch vor, alle Produkte im Rahmen unseres kontinuierlichen Verbesserungprozesses zu \u00e4ndern und zu verbessern. Daher k\u00f6nnen die aktuell im Markt angebotenen Produkte in Einzelpunkten eventuell von den Abbildungen abweichen. Eine Garantie f\u00fcr Vollst\u00e4ndigkeit oder Richtigkeit kann nicht \u00fcbernommen werden, ebenso wenig wie eine Haftung f\u00fcr die Verwendung dieser Seiten oder deren Inhalt.<br \/> Einige Bilder auf dieser Website zeigen die ewa-marine Produkt einschlie\u00dflich Kamera oder anderer elektronischer Ger\u00e4te. Diese Kameras oder andere Elektronik sind nicht im Lieferumfang enthalten und dienen hier nur als Anwendungsbeispiel.<\/h6>\n<\/div><\/div><\/div><\/div><\/div>","protected":false},"excerpt":{"rendered":"<p>ewa-marine C-AF100 Regencape Der perfekte Regenschutz f\u00fcr Spiegelreflexkameras Bestellcode: C-AF100 Das Regencape C-AF100 ist der perfekte Regenschutz f\u00fcr Spiegelreflexkameras mit Zoomobjektiv. Das Cape wird aus Spezialfolie hergestellt und hat eine integrierte optische Planglasscheibe. Die Kamera wird mittels des im Lieferumfang enthaltenen C-A82 Adapters (bis September 2017 wurde dieses Geh\u00e4use mit einem C-A77 Adapter ausgeliefert) und des Reduzieradapters RA77-82 direkt an der Frontscheibe befestigt, wodurch diese auch optimal in dem Cape sitzt. In dem Cape k\u00f6nnen verschiedenste Zoomobjektive bis zu einer &hellip; <a href=\"https:\/\/ewa-marine.com\/de\/products\/regencapes\/fotokameras\/c-af100\/\">Weiterlesen<\/a><\/p>\n","protected":false},"author":2,"featured_media":5928,"parent":825,"menu_order":2,"comment_status":"closed","ping_status":"closed","template":"","meta":{"kt_blocks_editor_width":"","footnotes":""},"class_list":["post-1485","page","type-page","status-publish","has-post-thumbnail","hentry"],"yoast_head":"<!-- This site is optimized with the Yoast SEO plugin v27.4 - https:\/\/yoast.com\/product\/yoast-seo-wordpress\/ -->\n<title>ewa-marine C-AF100 Regencape f\u00fcr dSLR Kameras mit Zoomobjektiv<\/title>\n<meta name=\"description\" content=\"Das Regencape C-AF100 ist der perfekte Regenschutz f\u00fcr Spiegelreflexkameras mit Zoomobjektiv. Im Lieferumfang ist ein C-A77 Adapter enthalten.\" \/>\n<meta name=\"robots\" content=\"index, follow, max-snippet:-1, max-image-preview:large, max-video-preview:-1\" \/>\n<link rel=\"canonical\" href=\"https:\/\/ewa-marine.com\/de\/products\/regencapes\/fotokameras\/c-af100\/\" \/>\n<meta property=\"og:locale\" content=\"de_DE\" \/>\n<meta property=\"og:type\" content=\"article\" \/>\n<meta property=\"og:title\" content=\"ewa-marine C-AF100 Regencape f\u00fcr dSLR Kameras mit Zoomobjektiv\" \/>\n<meta property=\"og:description\" content=\"Das Regencape C-AF100 ist der perfekte Regenschutz f\u00fcr Spiegelreflexkameras mit Zoomobjektiv. Im Lieferumfang ist ein C-A77 Adapter enthalten.\" \/>\n<meta property=\"og:url\" content=\"https:\/\/ewa-marine.com\/de\/products\/regencapes\/fotokameras\/c-af100\/\" \/>\n<meta property=\"og:site_name\" content=\"ewa-marine\" \/>\n<meta property=\"article:publisher\" content=\"https:\/\/www.facebook.com\/ewa-marine\" \/>\n<meta property=\"article:modified_time\" content=\"2018-07-24T20:28:06+00:00\" \/>\n<meta property=\"og:image\" content=\"https:\/\/ewa-marine.com\/wp-content\/uploads\/2017\/01\/caf-2.png\" \/>\n\t<meta property=\"og:image:width\" content=\"200\" \/>\n\t<meta property=\"og:image:height\" content=\"250\" \/>\n\t<meta property=\"og:image:type\" content=\"image\/png\" \/>\n<meta name=\"twitter:card\" content=\"summary_large_image\" \/>\n<meta name=\"twitter:site\" content=\"@ewa_marine\" \/>\n<meta name=\"twitter:label1\" content=\"Gesch\u00e4tzte Lesezeit\" \/>\n\t<meta name=\"twitter:data1\" content=\"2\u00a0Minuten\" \/>\n<script type=\"application\/ld+json\" class=\"yoast-schema-graph\">{\"@context\":\"https:\\\/\\\/schema.org\",\"@graph\":[{\"@type\":\"WebPage\",\"@id\":\"https:\\\/\\\/ewa-marine.com\\\/de\\\/products\\\/regencapes\\\/fotokameras\\\/c-af100\\\/\",\"url\":\"https:\\\/\\\/ewa-marine.com\\\/de\\\/products\\\/regencapes\\\/fotokameras\\\/c-af100\\\/\",\"name\":\"ewa-marine C-AF100 Regencape f\u00fcr dSLR Kameras mit Zoomobjektiv\",\"isPartOf\":{\"@id\":\"https:\\\/\\\/ewa-marine.com\\\/de\\\/#website\"},\"primaryImageOfPage\":{\"@id\":\"https:\\\/\\\/ewa-marine.com\\\/de\\\/products\\\/regencapes\\\/fotokameras\\\/c-af100\\\/#primaryimage\"},\"image\":{\"@id\":\"https:\\\/\\\/ewa-marine.com\\\/de\\\/products\\\/regencapes\\\/fotokameras\\\/c-af100\\\/#primaryimage\"},\"thumbnailUrl\":\"https:\\\/\\\/ewa-marine.com\\\/wp-content\\\/uploads\\\/2017\\\/01\\\/caf-2.png\",\"datePublished\":\"2015-07-17T08:48:57+00:00\",\"dateModified\":\"2018-07-24T20:28:06+00:00\",\"description\":\"Das Regencape C-AF100 ist der perfekte Regenschutz f\u00fcr Spiegelreflexkameras mit Zoomobjektiv. Im Lieferumfang ist ein C-A77 Adapter enthalten.\",\"breadcrumb\":{\"@id\":\"https:\\\/\\\/ewa-marine.com\\\/de\\\/products\\\/regencapes\\\/fotokameras\\\/c-af100\\\/#breadcrumb\"},\"inLanguage\":\"de\",\"potentialAction\":[{\"@type\":\"ReadAction\",\"target\":[\"https:\\\/\\\/ewa-marine.com\\\/de\\\/products\\\/regencapes\\\/fotokameras\\\/c-af100\\\/\"]}]},{\"@type\":\"ImageObject\",\"inLanguage\":\"de\",\"@id\":\"https:\\\/\\\/ewa-marine.com\\\/de\\\/products\\\/regencapes\\\/fotokameras\\\/c-af100\\\/#primaryimage\",\"url\":\"https:\\\/\\\/ewa-marine.com\\\/wp-content\\\/uploads\\\/2017\\\/01\\\/caf-2.png\",\"contentUrl\":\"https:\\\/\\\/ewa-marine.com\\\/wp-content\\\/uploads\\\/2017\\\/01\\\/caf-2.png\",\"width\":200,\"height\":250},{\"@type\":\"BreadcrumbList\",\"@id\":\"https:\\\/\\\/ewa-marine.com\\\/de\\\/products\\\/regencapes\\\/fotokameras\\\/c-af100\\\/#breadcrumb\",\"itemListElement\":[{\"@type\":\"ListItem\",\"position\":1,\"name\":\"Startseite\",\"item\":\"https:\\\/\\\/www.ewa-marine.de\\\/\"},{\"@type\":\"ListItem\",\"position\":2,\"name\":\"Produkte\",\"item\":\"https:\\\/\\\/www.ewa-marine.de\\\/products\\\/\"},{\"@type\":\"ListItem\",\"position\":3,\"name\":\"Regencapes\",\"item\":\"https:\\\/\\\/www.ewa-marine.de\\\/products\\\/regencapes\\\/\"},{\"@type\":\"ListItem\",\"position\":4,\"name\":\"Fotokameras\",\"item\":\"https:\\\/\\\/www.ewa-marine.de\\\/products\\\/regencapes\\\/fotokameras\\\/\"},{\"@type\":\"ListItem\",\"position\":5,\"name\":\"C-AF100\"}]},{\"@type\":\"WebSite\",\"@id\":\"https:\\\/\\\/ewa-marine.com\\\/de\\\/#website\",\"url\":\"https:\\\/\\\/ewa-marine.com\\\/de\\\/\",\"name\":\"ewa-marine\",\"description\":\"Capture the Extreme !\",\"potentialAction\":[{\"@type\":\"SearchAction\",\"target\":{\"@type\":\"EntryPoint\",\"urlTemplate\":\"https:\\\/\\\/ewa-marine.com\\\/de\\\/?s={search_term_string}\"},\"query-input\":{\"@type\":\"PropertyValueSpecification\",\"valueRequired\":true,\"valueName\":\"search_term_string\"}}],\"inLanguage\":\"de\"}]}<\/script>\n<!-- \/ Yoast SEO plugin. -->","yoast_head_json":{"title":"ewa-marine C-AF100 Regencape f\u00fcr dSLR Kameras mit Zoomobjektiv","description":"Das Regencape C-AF100 ist der perfekte Regenschutz f\u00fcr Spiegelreflexkameras mit Zoomobjektiv. Im Lieferumfang ist ein C-A77 Adapter enthalten.","robots":{"index":"index","follow":"follow","max-snippet":"max-snippet:-1","max-image-preview":"max-image-preview:large","max-video-preview":"max-video-preview:-1"},"canonical":"https:\/\/ewa-marine.com\/de\/products\/regencapes\/fotokameras\/c-af100\/","og_locale":"de_DE","og_type":"article","og_title":"ewa-marine C-AF100 Regencape f\u00fcr dSLR Kameras mit Zoomobjektiv","og_description":"Das Regencape C-AF100 ist der perfekte Regenschutz f\u00fcr Spiegelreflexkameras mit Zoomobjektiv. Im Lieferumfang ist ein C-A77 Adapter enthalten.","og_url":"https:\/\/ewa-marine.com\/de\/products\/regencapes\/fotokameras\/c-af100\/","og_site_name":"ewa-marine","article_publisher":"https:\/\/www.facebook.com\/ewa-marine","article_modified_time":"2018-07-24T20:28:06+00:00","og_image":[{"width":200,"height":250,"url":"https:\/\/ewa-marine.com\/wp-content\/uploads\/2017\/01\/caf-2.png","type":"image\/png"}],"twitter_card":"summary_large_image","twitter_site":"@ewa_marine","twitter_misc":{"Gesch\u00e4tzte Lesezeit":"2\u00a0Minuten"},"schema":{"@context":"https:\/\/schema.org","@graph":[{"@type":"WebPage","@id":"https:\/\/ewa-marine.com\/de\/products\/regencapes\/fotokameras\/c-af100\/","url":"https:\/\/ewa-marine.com\/de\/products\/regencapes\/fotokameras\/c-af100\/","name":"ewa-marine C-AF100 Regencape f\u00fcr dSLR Kameras mit Zoomobjektiv","isPartOf":{"@id":"https:\/\/ewa-marine.com\/de\/#website"},"primaryImageOfPage":{"@id":"https:\/\/ewa-marine.com\/de\/products\/regencapes\/fotokameras\/c-af100\/#primaryimage"},"image":{"@id":"https:\/\/ewa-marine.com\/de\/products\/regencapes\/fotokameras\/c-af100\/#primaryimage"},"thumbnailUrl":"https:\/\/ewa-marine.com\/wp-content\/uploads\/2017\/01\/caf-2.png","datePublished":"2015-07-17T08:48:57+00:00","dateModified":"2018-07-24T20:28:06+00:00","description":"Das Regencape C-AF100 ist der perfekte Regenschutz f\u00fcr Spiegelreflexkameras mit Zoomobjektiv. Im Lieferumfang ist ein C-A77 Adapter enthalten.","breadcrumb":{"@id":"https:\/\/ewa-marine.com\/de\/products\/regencapes\/fotokameras\/c-af100\/#breadcrumb"},"inLanguage":"de","potentialAction":[{"@type":"ReadAction","target":["https:\/\/ewa-marine.com\/de\/products\/regencapes\/fotokameras\/c-af100\/"]}]},{"@type":"ImageObject","inLanguage":"de","@id":"https:\/\/ewa-marine.com\/de\/products\/regencapes\/fotokameras\/c-af100\/#primaryimage","url":"https:\/\/ewa-marine.com\/wp-content\/uploads\/2017\/01\/caf-2.png","contentUrl":"https:\/\/ewa-marine.com\/wp-content\/uploads\/2017\/01\/caf-2.png","width":200,"height":250},{"@type":"BreadcrumbList","@id":"https:\/\/ewa-marine.com\/de\/products\/regencapes\/fotokameras\/c-af100\/#breadcrumb","itemListElement":[{"@type":"ListItem","position":1,"name":"Startseite","item":"https:\/\/www.ewa-marine.de\/"},{"@type":"ListItem","position":2,"name":"Produkte","item":"https:\/\/www.ewa-marine.de\/products\/"},{"@type":"ListItem","position":3,"name":"Regencapes","item":"https:\/\/www.ewa-marine.de\/products\/regencapes\/"},{"@type":"ListItem","position":4,"name":"Fotokameras","item":"https:\/\/www.ewa-marine.de\/products\/regencapes\/fotokameras\/"},{"@type":"ListItem","position":5,"name":"C-AF100"}]},{"@type":"WebSite","@id":"https:\/\/ewa-marine.com\/de\/#website","url":"https:\/\/ewa-marine.com\/de\/","name":"ewa-marine","description":"Capture the Extreme !","potentialAction":[{"@type":"SearchAction","target":{"@type":"EntryPoint","urlTemplate":"https:\/\/ewa-marine.com\/de\/?s={search_term_string}"},"query-input":{"@type":"PropertyValueSpecification","valueRequired":true,"valueName":"search_term_string"}}],"inLanguage":"de"}]}},"_links":{"self":[{"href":"https:\/\/ewa-marine.com\/de\/wp-json\/wp\/v2\/pages\/1485","targetHints":{"allow":["GET"]}}],"collection":[{"href":"https:\/\/ewa-marine.com\/de\/wp-json\/wp\/v2\/pages"}],"about":[{"href":"https:\/\/ewa-marine.com\/de\/wp-json\/wp\/v2\/types\/page"}],"author":[{"embeddable":true,"href":"https:\/\/ewa-marine.com\/de\/wp-json\/wp\/v2\/users\/2"}],"replies":[{"embeddable":true,"href":"https:\/\/ewa-marine.com\/de\/wp-json\/wp\/v2\/comments?post=1485"}],"version-history":[{"count":0,"href":"https:\/\/ewa-marine.com\/de\/wp-json\/wp\/v2\/pages\/1485\/revisions"}],"up":[{"embeddable":true,"href":"https:\/\/ewa-marine.com\/de\/wp-json\/wp\/v2\/pages\/825"}],"wp:featuredmedia":[{"embeddable":true,"href":"https:\/\/ewa-marine.com\/de\/wp-json\/wp\/v2\/media\/5928"}],"wp:attachment":[{"href":"https:\/\/ewa-marine.com\/de\/wp-json\/wp\/v2\/media?parent=1485"}],"curies":[{"name":"wp","href":"https:\/\/api.w.org\/{rel}","templated":true}]}}