{"id":150,"date":"2015-07-02T18:10:50","date_gmt":"2015-07-02T17:10:50","guid":{"rendered":"http:\/\/de.dicapac.de\/?page_id=150"},"modified":"2017-01-19T17:20:16","modified_gmt":"2017-01-19T16:20:16","slug":"foto","status":"publish","type":"page","link":"https:\/\/ewa-marine.com\/de\/products\/foto\/","title":{"rendered":"Foto"},"content":{"rendered":"<div id=\"pl-150\"  class=\"panel-layout\" ><div id=\"pg-150-0\"  class=\"panel-grid panel-no-style\" ><div id=\"pgc-150-0-0\"  class=\"panel-grid-cell\" ><div id=\"panel-150-0-0-0\" class=\"so-panel widget widget_sow-editor panel-first-child\" data-index=\"0\" ><div\n\t\t\t\n\t\t\tclass=\"so-widget-sow-editor so-widget-sow-editor-base\"\n\t\t\t\n\t\t>\n<div class=\"siteorigin-widget-tinymce textwidget\">\n\t<h1>ewa-marine Fotokameraprodukte<\/h1>\n<p>ewa-marine Fotogeh\u00e4use eignen sich f\u00fcr nahezu alle Arten von Kompakt- und Spiegelreflex- \/ SLR-Kameras, oft auch mit Optionen wie zus\u00e4tzlichem Batteriefach, Zoom-Objektiv, Blitzger\u00e4t und Autofokus-Objektiv. Unsere flexiblen Geh\u00e4use sind, trotz ihres geringen Gewichts von ca. 500 gr., extrem robust und haben eine langes Produktleben das meist \u00fcber viele Kameragenerationen andauert.<a href=\"https:\/\/ewa-marine.com\/wp-content\/uploads\/2015\/07\/u-ax_pool1.jpg\"><img loading=\"lazy\" decoding=\"async\" class=\"wp-image-865 size-full alignleft\" src=\"https:\/\/ewa-marine.com\/wp-content\/uploads\/2015\/07\/u-ax_pool1.jpg\" alt=\"operating the protected equipment\" width=\"200\" height=\"174\" \/><\/a><\/p>\n<p>Details wie die optisch neutrale Frontglasscheibe, ein AF-Vorsatz f\u00fcr Autofokusobjektive oder der in bestimmten Geh\u00e4usen eingearbeitete Handschuh zur direkten Bedienung von Blende, Verschlu\u00dfzeit, Bedienung und Filmtransport verhelfen Ihnen zu Aufnahmen, um die Sie Ihre Freunde beneiden werden. Die Spezialfolie die wir f\u00fcr die Geh\u00e4use verwenden besteht aus laminierten Schichten die dann bei uns im Haus, je nach Model, thermisch verformt und im Hochfrequenzverfahren verschwei\u00dft werden.<\/p>\n<p>Die ewa-marine Kamerageh\u00e4use erm\u00f6glichen es Ihnen nicht nur beeindruckende Unterwasseraufnahmen in der Tiefe von 10, 20 oder sogar 50 Meter (je nach Model) aufzunehmen, sondern erm\u00f6glicht es Ihnen auch, Ihre Kamera in den meisten kamerafeindlichen Umgebungen mitzunehmen (Feuchtigkeit, Meerwasser, Spray, Sand, Staub), ohne dass Sie sich Sorgen um die Sicherheit Ihrer Kamera und Objektiv machen m\u00fcssen.<\/p>\n<p>Die folgenden Verbindungen werden Ihnen helfen, ein Geh\u00e4use f\u00fcr Ihre Kamera finden:<\/p>\n<ul>\n<li><a href=\"\/produkte\/foto\/slr\/\">Geh\u00e4use f\u00fcr SLR und Systemkameras\/ Spiegelreflex und System \/ MFT-Kameras<\/a><\/li>\n<li><a href=\"\/produkte\/foto\/kompaktkameras\/\">Geh\u00e4use f\u00fcr Kompaktkameras<\/a><\/li>\n<\/ul>\n<\/div>\n<\/div><\/div>\n          <div id=\"panel-150-0-0-1\" class=\"so-panel widget widget_kadence_gallery_widget kadence_gallery_widget\" data-index=\"1\" ><h3 class=\"widget-title\">Einige Beispiele unserer Universal-Unterwassergeh\u00e4use f\u00fcr verschiedenen Kameratypen und Anwendungen:<\/h3>          <div class=\"carousel_outerrim kad-animation\" data-animation=\"fade-in\" data-delay=\"0\">\n              \t<div id=\"gallery-carousel-61\" class=\"rowtight\">\n                \t<div id=\"carousel-61\"  class=\"slick-slider kt-slickslider kad-light-wp-gallery kt-image-carousel loading clearfix\" data-slider-fade=\"false\" data-slider-type=\"content-carousel\" data-slider-anim-speed=\"400\" data-slider-arrows=\"true\" data-slider-scroll=\"1\" data-slider-auto=true\" data-slider-speed=\"5000\" data-slider-xxl=\"4\" data-slider-xl=\"4\" data-slider-md=\"4\" data-slider-sm=\"3\" data-slider-xs=\"2\" data-slider-ss=\"2\">\n               \t\t <div class=\"tcol-lg-3 tcol-md-3 tcol-sm-4 tcol-xs-4 tcol-ss-12 g_item\"><div class=\"carousel_item grid_item gallery_item\"><a href=\"https:\/\/ewa-marine.com\/wp-content\/uploads\/2015\/12\/U-A-200x200.jpg\" data-rel=\"lightbox\" class=\"gallery-link\"><div class=\"kt-intrinsic\" style=\"padding-bottom:100%;\" itemprop=\"image\" itemscope itemtype=\"http:\/\/schema.org\/ImageObject\"><img loading=\"lazy\" decoding=\"async\" src=\"https:\/\/ewa-marine.com\/wp-content\/uploads\/2015\/12\/U-A-200x200.jpg\" width=\"200\" height=\"200\" alt=\"\" data-caption=\"\" itemprop=\"contentUrl\" srcset=\"https:\/\/ewa-marine.com\/wp-content\/uploads\/2015\/12\/U-A-200x200.jpg 200w, https:\/\/ewa-marine.com\/wp-content\/uploads\/2015\/12\/U-A-200x200-150x150.jpg 150w, https:\/\/ewa-marine.com\/wp-content\/uploads\/2015\/12\/U-A-200x200-60x60.jpg 60w\" sizes=\"auto, (max-width: 200px) 100vw, 200px\" class=\"kt-gallery-img\"\/><meta itemprop=\"url\" content=\"https:\/\/ewa-marine.com\/wp-content\/uploads\/2015\/12\/U-A-200x200.jpg\"><meta itemprop=\"width\" content=\"200\"><meta itemprop=\"height\" content=\"200>\"><\/div><\/a><\/div><\/div><div class=\"tcol-lg-3 tcol-md-3 tcol-sm-4 tcol-xs-4 tcol-ss-12 g_item\"><div class=\"carousel_item grid_item gallery_item\"><a href=\"https:\/\/ewa-marine.com\/wp-content\/uploads\/2016\/03\/3D-S_600x600.jpg\" data-rel=\"lightbox\" class=\"gallery-link\"><div class=\"kt-intrinsic\" style=\"padding-bottom:100%;\" itemprop=\"image\" itemscope itemtype=\"http:\/\/schema.org\/ImageObject\"><img loading=\"lazy\" decoding=\"async\" src=\"https:\/\/i0.wp.com\/ewa-marine.com\/wp-content\/uploads\/2016\/03\/3D-S_600x600.jpg?resize=300%2C300&#038;ssl=1\" width=\"300\" height=\"300\" alt=\"\" data-caption=\"\" itemprop=\"contentUrl\" srcset=\"https:\/\/ewa-marine.com\/wp-content\/uploads\/2016\/03\/3D-S_600x600.jpg 600w, https:\/\/ewa-marine.com\/wp-content\/uploads\/2016\/03\/3D-S_600x600-150x150.jpg 150w, https:\/\/ewa-marine.com\/wp-content\/uploads\/2016\/03\/3D-S_600x600-300x300.jpg 300w, https:\/\/ewa-marine.com\/wp-content\/uploads\/2016\/03\/3D-S_600x600-60x60.jpg 60w\" sizes=\"auto, (max-width: 300px) 100vw, 300px\" class=\"kt-gallery-img\"\/><meta itemprop=\"url\" content=\"https:\/\/i0.wp.com\/ewa-marine.com\/wp-content\/uploads\/2016\/03\/3D-S_600x600.jpg?resize=300%2C300&#038;ssl=1\"><meta itemprop=\"width\" content=\"300\"><meta itemprop=\"height\" content=\"300>\"><\/div><\/a><\/div><\/div><div class=\"tcol-lg-3 tcol-md-3 tcol-sm-4 tcol-xs-4 tcol-ss-12 g_item\"><div class=\"carousel_item grid_item gallery_item\"><a href=\"https:\/\/ewa-marine.com\/wp-content\/uploads\/2015\/08\/U-AXP1.jpg\" data-rel=\"lightbox\" class=\"gallery-link\"><div class=\"kt-intrinsic\" style=\"padding-bottom:100%;\" itemprop=\"image\" itemscope itemtype=\"http:\/\/schema.org\/ImageObject\"><img loading=\"lazy\" decoding=\"async\" src=\"https:\/\/i0.wp.com\/ewa-marine.com\/wp-content\/uploads\/2015\/08\/U-AXP1.jpg?resize=300%2C300&#038;ssl=1\" width=\"300\" height=\"300\" alt=\"\" data-caption=\"\" itemprop=\"contentUrl\" srcset=\"https:\/\/ewa-marine.com\/wp-content\/uploads\/2015\/08\/U-AXP1.jpg 600w, https:\/\/ewa-marine.com\/wp-content\/uploads\/2015\/08\/U-AXP1-150x150.jpg 150w, https:\/\/ewa-marine.com\/wp-content\/uploads\/2015\/08\/U-AXP1-300x300.jpg 300w, https:\/\/ewa-marine.com\/wp-content\/uploads\/2015\/08\/U-AXP1-60x60.jpg 60w, https:\/\/ewa-marine.com\/wp-content\/uploads\/2015\/08\/U-AXP1-370x370.jpg 370w\" sizes=\"auto, (max-width: 300px) 100vw, 300px\" class=\"kt-gallery-img\"\/><meta itemprop=\"url\" content=\"https:\/\/i0.wp.com\/ewa-marine.com\/wp-content\/uploads\/2015\/08\/U-AXP1.jpg?resize=300%2C300&#038;ssl=1\"><meta itemprop=\"width\" content=\"300\"><meta itemprop=\"height\" content=\"300>\"><\/div><\/a><\/div><\/div><div class=\"tcol-lg-3 tcol-md-3 tcol-sm-4 tcol-xs-4 tcol-ss-12 g_item\"><div class=\"carousel_item grid_item gallery_item\"><a href=\"https:\/\/ewa-marine.com\/wp-content\/uploads\/2015\/12\/U-BZ-200x200.jpg\" data-rel=\"lightbox\" class=\"gallery-link\"><div class=\"kt-intrinsic\" style=\"padding-bottom:100%;\" itemprop=\"image\" itemscope itemtype=\"http:\/\/schema.org\/ImageObject\"><img loading=\"lazy\" decoding=\"async\" src=\"https:\/\/ewa-marine.com\/wp-content\/uploads\/2015\/12\/U-BZ-200x200.jpg\" width=\"200\" height=\"200\" alt=\"\" data-caption=\"\" itemprop=\"contentUrl\" srcset=\"https:\/\/ewa-marine.com\/wp-content\/uploads\/2015\/12\/U-BZ-200x200.jpg 200w, https:\/\/ewa-marine.com\/wp-content\/uploads\/2015\/12\/U-BZ-200x200-150x150.jpg 150w, https:\/\/ewa-marine.com\/wp-content\/uploads\/2015\/12\/U-BZ-200x200-60x60.jpg 60w\" sizes=\"auto, (max-width: 200px) 100vw, 200px\" class=\"kt-gallery-img\"\/><meta itemprop=\"url\" content=\"https:\/\/ewa-marine.com\/wp-content\/uploads\/2015\/12\/U-BZ-200x200.jpg\"><meta itemprop=\"width\" content=\"200\"><meta itemprop=\"height\" content=\"200>\"><\/div><\/a><\/div><\/div><div class=\"tcol-lg-3 tcol-md-3 tcol-sm-4 tcol-xs-4 tcol-ss-12 g_item\"><div class=\"carousel_item grid_item gallery_item\"><a href=\"https:\/\/ewa-marine.com\/wp-content\/uploads\/2015\/12\/U-BF100_200x200.jpg\" data-rel=\"lightbox\" class=\"gallery-link\"><div class=\"kt-intrinsic\" style=\"padding-bottom:100%;\" itemprop=\"image\" itemscope itemtype=\"http:\/\/schema.org\/ImageObject\"><img loading=\"lazy\" decoding=\"async\" src=\"https:\/\/ewa-marine.com\/wp-content\/uploads\/2015\/12\/U-BF100_200x200.jpg\" width=\"200\" height=\"200\" alt=\"\" data-caption=\"\" itemprop=\"contentUrl\" srcset=\"https:\/\/ewa-marine.com\/wp-content\/uploads\/2015\/12\/U-BF100_200x200.jpg 200w, https:\/\/ewa-marine.com\/wp-content\/uploads\/2015\/12\/U-BF100_200x200-150x150.jpg 150w, https:\/\/ewa-marine.com\/wp-content\/uploads\/2015\/12\/U-BF100_200x200-60x60.jpg 60w\" sizes=\"auto, (max-width: 200px) 100vw, 200px\" class=\"kt-gallery-img\"\/><meta itemprop=\"url\" content=\"https:\/\/ewa-marine.com\/wp-content\/uploads\/2015\/12\/U-BF100_200x200.jpg\"><meta itemprop=\"width\" content=\"200\"><meta itemprop=\"height\" content=\"200>\"><\/div><\/a><\/div><\/div><div class=\"tcol-lg-3 tcol-md-3 tcol-sm-4 tcol-xs-4 tcol-ss-12 g_item\"><div class=\"carousel_item grid_item gallery_item\"><a href=\"https:\/\/ewa-marine.com\/wp-content\/uploads\/2015\/12\/D-CP2-200x200.jpg\" data-rel=\"lightbox\" class=\"gallery-link\"><div class=\"kt-intrinsic\" style=\"padding-bottom:100%;\" itemprop=\"image\" itemscope itemtype=\"http:\/\/schema.org\/ImageObject\"><img loading=\"lazy\" decoding=\"async\" src=\"https:\/\/ewa-marine.com\/wp-content\/uploads\/2015\/12\/D-CP2-200x200.jpg\" width=\"200\" height=\"200\" alt=\"\" data-caption=\"\" itemprop=\"contentUrl\" srcset=\"https:\/\/ewa-marine.com\/wp-content\/uploads\/2015\/12\/D-CP2-200x200.jpg 200w, https:\/\/ewa-marine.com\/wp-content\/uploads\/2015\/12\/D-CP2-200x200-150x150.jpg 150w, https:\/\/ewa-marine.com\/wp-content\/uploads\/2015\/12\/D-CP2-200x200-60x60.jpg 60w\" sizes=\"auto, (max-width: 200px) 100vw, 200px\" class=\"kt-gallery-img\"\/><meta itemprop=\"url\" content=\"https:\/\/ewa-marine.com\/wp-content\/uploads\/2015\/12\/D-CP2-200x200.jpg\"><meta itemprop=\"width\" content=\"200\"><meta itemprop=\"height\" content=\"200>\"><\/div><\/a><\/div><\/div><div class=\"tcol-lg-3 tcol-md-3 tcol-sm-4 tcol-xs-4 tcol-ss-12 g_item\"><div class=\"carousel_item grid_item gallery_item\"><a href=\"https:\/\/ewa-marine.com\/wp-content\/uploads\/2015\/12\/U-B-200x200.jpg\" data-rel=\"lightbox\" class=\"gallery-link\"><div class=\"kt-intrinsic\" style=\"padding-bottom:100%;\" itemprop=\"image\" itemscope itemtype=\"http:\/\/schema.org\/ImageObject\"><img loading=\"lazy\" decoding=\"async\" src=\"https:\/\/ewa-marine.com\/wp-content\/uploads\/2015\/12\/U-B-200x200.jpg\" width=\"200\" height=\"200\" alt=\"\" data-caption=\"\" itemprop=\"contentUrl\" srcset=\"https:\/\/ewa-marine.com\/wp-content\/uploads\/2015\/12\/U-B-200x200.jpg 200w, https:\/\/ewa-marine.com\/wp-content\/uploads\/2015\/12\/U-B-200x200-150x150.jpg 150w, https:\/\/ewa-marine.com\/wp-content\/uploads\/2015\/12\/U-B-200x200-60x60.jpg 60w\" sizes=\"auto, (max-width: 200px) 100vw, 200px\" class=\"kt-gallery-img\"\/><meta itemprop=\"url\" content=\"https:\/\/ewa-marine.com\/wp-content\/uploads\/2015\/12\/U-B-200x200.jpg\"><meta itemprop=\"width\" content=\"200\"><meta itemprop=\"height\" content=\"200>\"><\/div><\/a><\/div><\/div><div class=\"tcol-lg-3 tcol-md-3 tcol-sm-4 tcol-xs-4 tcol-ss-12 g_item\"><div class=\"carousel_item grid_item gallery_item\"><a href=\"https:\/\/ewa-marine.com\/wp-content\/uploads\/2015\/12\/D-B_200x200.png\" data-rel=\"lightbox\" class=\"gallery-link\"><div class=\"kt-intrinsic\" style=\"padding-bottom:100%;\" itemprop=\"image\" itemscope itemtype=\"http:\/\/schema.org\/ImageObject\"><img loading=\"lazy\" decoding=\"async\" src=\"https:\/\/ewa-marine.com\/wp-content\/uploads\/2015\/12\/D-B_200x200.png\" width=\"200\" height=\"200\" alt=\"\" data-caption=\"\" itemprop=\"contentUrl\" srcset=\"https:\/\/ewa-marine.com\/wp-content\/uploads\/2015\/12\/D-B_200x200.png 200w, https:\/\/ewa-marine.com\/wp-content\/uploads\/2015\/12\/D-B_200x200-150x150.png 150w, https:\/\/ewa-marine.com\/wp-content\/uploads\/2015\/12\/D-B_200x200-60x60.png 60w\" sizes=\"auto, (max-width: 200px) 100vw, 200px\" class=\"kt-gallery-img\"\/><meta itemprop=\"url\" content=\"https:\/\/ewa-marine.com\/wp-content\/uploads\/2015\/12\/D-B_200x200.png\"><meta itemprop=\"width\" content=\"200\"><meta itemprop=\"height\" content=\"200>\"><\/div><\/a><\/div><\/div>\n             \t\t<\/div>\n            \t<\/div>\n            <div class=\"clearfix\"><\/div>\n        <\/div>  \n    <\/div>\n    <div id=\"panel-150-0-0-2\" class=\"so-panel widget widget_kadence_simple_image kadence_simple_image panel-last-child\" data-index=\"2\" ><div class=\"kad_img_upload_widget  kt-shape-type- kt-image-align-center kt-image-widget-widget-0-0-2\"><a href=\"\/wp-content\/uploads\/2015\/07\/made-in-Germany-100x50.gif\" rel=\"lightbox\"><div class=\"kt-image-contain  \"><div class=\"kt-image-inner-contain\"><img loading=\"lazy\" decoding=\"async\" width=\"100\" height=\"50\" src=\"https:\/\/ewa-marine.com\/wp-content\/uploads\/2015\/07\/made-in-Germany-100x50.gif\" class=\"attachment-full size-full\" alt=\"made in Germany by ewa-marine\" \/><\/div><\/div><\/a><\/div><\/div><\/div><\/div><\/div>","protected":false},"excerpt":{"rendered":"<p>ewa-marine Fotokameraprodukteewa-marine Fotogeh\u00e4use eignen sich f\u00fcr nahezu alle Arten von Kompakt- und Spiegelreflex- \/ SLR-Kameras, oft auch mit Optionen wie zus\u00e4tzlichem Batteriefach, Zoom-Objektiv, Blitzger\u00e4t und Autofokus-Objektiv. Unsere flexiblen Geh\u00e4use sind, trotz ihres geringen Gewichts von ca. 500 gr., extrem robust und haben eine langes Produktleben das meist \u00fcber viele Kameragenerationen andauert.Details wie die optisch neutrale Frontglasscheibe, ein AF-Vorsatz f\u00fcr Autofokusobjektive oder der in bestimmten Geh\u00e4usen eingearbeitete Handschuh zur direkten Bedienung von Blende, Verschlu\u00dfzeit, Bedienung und Filmtransport verhelfen Ihnen zu Aufnahmen, &hellip; <a href=\"https:\/\/ewa-marine.com\/de\/products\/foto\/\">Weiterlesen<\/a><\/p>\n","protected":false},"author":1,"featured_media":1310,"parent":146,"menu_order":0,"comment_status":"closed","ping_status":"closed","template":"","meta":{"kt_blocks_editor_width":"","footnotes":""},"class_list":["post-150","page","type-page","status-publish","has-post-thumbnail","hentry"],"yoast_head":"<!-- This site is optimized with the Yoast SEO plugin v27.4 - https:\/\/yoast.com\/product\/yoast-seo-wordpress\/ -->\n<title>ewa-marine Unterwassergeh\u00e4use f\u00fcr Fotokameras<\/title>\n<meta name=\"description\" content=\"ewa-marine ewa-marine Unterwassergeh\u00e4use f\u00fcr analoge and digitale SLR, system, MFT and kompakte Fotokameras. Capture the Extreme! Tauchtiefen bis zu 50m.\" \/>\n<meta name=\"robots\" content=\"index, follow, max-snippet:-1, max-image-preview:large, max-video-preview:-1\" \/>\n<link rel=\"canonical\" href=\"https:\/\/ewa-marine.com\/de\/products\/foto\/\" \/>\n<meta property=\"og:locale\" content=\"de_DE\" \/>\n<meta property=\"og:type\" content=\"article\" \/>\n<meta property=\"og:title\" content=\"ewa-marine Unterwassergeh\u00e4use f\u00fcr Fotokameras\" \/>\n<meta property=\"og:description\" content=\"ewa-marine ewa-marine Unterwassergeh\u00e4use f\u00fcr analoge and digitale SLR, system, MFT and kompakte Fotokameras. Capture the Extreme! Tauchtiefen bis zu 50m.\" \/>\n<meta property=\"og:url\" content=\"https:\/\/ewa-marine.com\/de\/products\/foto\/\" \/>\n<meta property=\"og:site_name\" content=\"ewa-marine\" \/>\n<meta property=\"article:publisher\" content=\"https:\/\/www.facebook.com\/ewa-marine\" \/>\n<meta property=\"article:modified_time\" content=\"2017-01-19T16:20:16+00:00\" \/>\n<meta property=\"og:image\" content=\"https:\/\/i0.wp.com\/www.ewa-marine.de\/wp-content\/uploads\/2015\/07\/read-more-U-AX.jpg?fit=200%2C200&ssl=1\" \/>\n\t<meta property=\"og:image:width\" content=\"200\" \/>\n\t<meta property=\"og:image:height\" content=\"200\" \/>\n\t<meta property=\"og:image:type\" content=\"image\/jpeg\" \/>\n<meta name=\"twitter:card\" content=\"summary_large_image\" \/>\n<meta name=\"twitter:site\" content=\"@ewa_marine\" \/>\n<meta name=\"twitter:label1\" content=\"Gesch\u00e4tzte Lesezeit\" \/>\n\t<meta name=\"twitter:data1\" content=\"1\u00a0Minute\" \/>\n<script type=\"application\/ld+json\" class=\"yoast-schema-graph\">{\"@context\":\"https:\\\/\\\/schema.org\",\"@graph\":[{\"@type\":\"WebPage\",\"@id\":\"https:\\\/\\\/ewa-marine.com\\\/de\\\/products\\\/foto\\\/\",\"url\":\"https:\\\/\\\/ewa-marine.com\\\/de\\\/products\\\/foto\\\/\",\"name\":\"ewa-marine Unterwassergeh\u00e4use f\u00fcr Fotokameras\",\"isPartOf\":{\"@id\":\"https:\\\/\\\/ewa-marine.com\\\/de\\\/#website\"},\"primaryImageOfPage\":{\"@id\":\"https:\\\/\\\/ewa-marine.com\\\/de\\\/products\\\/foto\\\/#primaryimage\"},\"image\":{\"@id\":\"https:\\\/\\\/ewa-marine.com\\\/de\\\/products\\\/foto\\\/#primaryimage\"},\"thumbnailUrl\":\"https:\\\/\\\/ewa-marine.com\\\/wp-content\\\/uploads\\\/2015\\\/07\\\/read-more-U-AX.jpg\",\"datePublished\":\"2015-07-02T17:10:50+00:00\",\"dateModified\":\"2017-01-19T16:20:16+00:00\",\"description\":\"ewa-marine ewa-marine Unterwassergeh\u00e4use f\u00fcr analoge and digitale SLR, system, MFT and kompakte Fotokameras. Capture the Extreme! Tauchtiefen bis zu 50m.\",\"breadcrumb\":{\"@id\":\"https:\\\/\\\/ewa-marine.com\\\/de\\\/products\\\/foto\\\/#breadcrumb\"},\"inLanguage\":\"de\",\"potentialAction\":[{\"@type\":\"ReadAction\",\"target\":[\"https:\\\/\\\/ewa-marine.com\\\/de\\\/products\\\/foto\\\/\"]}]},{\"@type\":\"ImageObject\",\"inLanguage\":\"de\",\"@id\":\"https:\\\/\\\/ewa-marine.com\\\/de\\\/products\\\/foto\\\/#primaryimage\",\"url\":\"https:\\\/\\\/ewa-marine.com\\\/wp-content\\\/uploads\\\/2015\\\/07\\\/read-more-U-AX.jpg\",\"contentUrl\":\"https:\\\/\\\/ewa-marine.com\\\/wp-content\\\/uploads\\\/2015\\\/07\\\/read-more-U-AX.jpg\",\"width\":200,\"height\":200,\"caption\":\"ewa-marine SLR underwater housings\"},{\"@type\":\"BreadcrumbList\",\"@id\":\"https:\\\/\\\/ewa-marine.com\\\/de\\\/products\\\/foto\\\/#breadcrumb\",\"itemListElement\":[{\"@type\":\"ListItem\",\"position\":1,\"name\":\"Startseite\",\"item\":\"https:\\\/\\\/www.ewa-marine.de\\\/\"},{\"@type\":\"ListItem\",\"position\":2,\"name\":\"Produkte\",\"item\":\"https:\\\/\\\/www.ewa-marine.de\\\/products\\\/\"},{\"@type\":\"ListItem\",\"position\":3,\"name\":\"Foto\"}]},{\"@type\":\"WebSite\",\"@id\":\"https:\\\/\\\/ewa-marine.com\\\/de\\\/#website\",\"url\":\"https:\\\/\\\/ewa-marine.com\\\/de\\\/\",\"name\":\"ewa-marine\",\"description\":\"Capture the Extreme !\",\"potentialAction\":[{\"@type\":\"SearchAction\",\"target\":{\"@type\":\"EntryPoint\",\"urlTemplate\":\"https:\\\/\\\/ewa-marine.com\\\/de\\\/?s={search_term_string}\"},\"query-input\":{\"@type\":\"PropertyValueSpecification\",\"valueRequired\":true,\"valueName\":\"search_term_string\"}}],\"inLanguage\":\"de\"}]}<\/script>\n<!-- \/ Yoast SEO plugin. -->","yoast_head_json":{"title":"ewa-marine Unterwassergeh\u00e4use f\u00fcr Fotokameras","description":"ewa-marine ewa-marine Unterwassergeh\u00e4use f\u00fcr analoge and digitale SLR, system, MFT and kompakte Fotokameras. Capture the Extreme! Tauchtiefen bis zu 50m.","robots":{"index":"index","follow":"follow","max-snippet":"max-snippet:-1","max-image-preview":"max-image-preview:large","max-video-preview":"max-video-preview:-1"},"canonical":"https:\/\/ewa-marine.com\/de\/products\/foto\/","og_locale":"de_DE","og_type":"article","og_title":"ewa-marine Unterwassergeh\u00e4use f\u00fcr Fotokameras","og_description":"ewa-marine ewa-marine Unterwassergeh\u00e4use f\u00fcr analoge and digitale SLR, system, MFT and kompakte Fotokameras. Capture the Extreme! Tauchtiefen bis zu 50m.","og_url":"https:\/\/ewa-marine.com\/de\/products\/foto\/","og_site_name":"ewa-marine","article_publisher":"https:\/\/www.facebook.com\/ewa-marine","article_modified_time":"2017-01-19T16:20:16+00:00","og_image":[{"width":200,"height":200,"url":"https:\/\/i0.wp.com\/www.ewa-marine.de\/wp-content\/uploads\/2015\/07\/read-more-U-AX.jpg?fit=200%2C200&ssl=1","type":"image\/jpeg"}],"twitter_card":"summary_large_image","twitter_site":"@ewa_marine","twitter_misc":{"Gesch\u00e4tzte Lesezeit":"1\u00a0Minute"},"schema":{"@context":"https:\/\/schema.org","@graph":[{"@type":"WebPage","@id":"https:\/\/ewa-marine.com\/de\/products\/foto\/","url":"https:\/\/ewa-marine.com\/de\/products\/foto\/","name":"ewa-marine Unterwassergeh\u00e4use f\u00fcr Fotokameras","isPartOf":{"@id":"https:\/\/ewa-marine.com\/de\/#website"},"primaryImageOfPage":{"@id":"https:\/\/ewa-marine.com\/de\/products\/foto\/#primaryimage"},"image":{"@id":"https:\/\/ewa-marine.com\/de\/products\/foto\/#primaryimage"},"thumbnailUrl":"https:\/\/ewa-marine.com\/wp-content\/uploads\/2015\/07\/read-more-U-AX.jpg","datePublished":"2015-07-02T17:10:50+00:00","dateModified":"2017-01-19T16:20:16+00:00","description":"ewa-marine ewa-marine Unterwassergeh\u00e4use f\u00fcr analoge and digitale SLR, system, MFT and kompakte Fotokameras. Capture the Extreme! Tauchtiefen bis zu 50m.","breadcrumb":{"@id":"https:\/\/ewa-marine.com\/de\/products\/foto\/#breadcrumb"},"inLanguage":"de","potentialAction":[{"@type":"ReadAction","target":["https:\/\/ewa-marine.com\/de\/products\/foto\/"]}]},{"@type":"ImageObject","inLanguage":"de","@id":"https:\/\/ewa-marine.com\/de\/products\/foto\/#primaryimage","url":"https:\/\/ewa-marine.com\/wp-content\/uploads\/2015\/07\/read-more-U-AX.jpg","contentUrl":"https:\/\/ewa-marine.com\/wp-content\/uploads\/2015\/07\/read-more-U-AX.jpg","width":200,"height":200,"caption":"ewa-marine SLR underwater housings"},{"@type":"BreadcrumbList","@id":"https:\/\/ewa-marine.com\/de\/products\/foto\/#breadcrumb","itemListElement":[{"@type":"ListItem","position":1,"name":"Startseite","item":"https:\/\/www.ewa-marine.de\/"},{"@type":"ListItem","position":2,"name":"Produkte","item":"https:\/\/www.ewa-marine.de\/products\/"},{"@type":"ListItem","position":3,"name":"Foto"}]},{"@type":"WebSite","@id":"https:\/\/ewa-marine.com\/de\/#website","url":"https:\/\/ewa-marine.com\/de\/","name":"ewa-marine","description":"Capture the Extreme !","potentialAction":[{"@type":"SearchAction","target":{"@type":"EntryPoint","urlTemplate":"https:\/\/ewa-marine.com\/de\/?s={search_term_string}"},"query-input":{"@type":"PropertyValueSpecification","valueRequired":true,"valueName":"search_term_string"}}],"inLanguage":"de"}]}},"_links":{"self":[{"href":"https:\/\/ewa-marine.com\/de\/wp-json\/wp\/v2\/pages\/150","targetHints":{"allow":["GET"]}}],"collection":[{"href":"https:\/\/ewa-marine.com\/de\/wp-json\/wp\/v2\/pages"}],"about":[{"href":"https:\/\/ewa-marine.com\/de\/wp-json\/wp\/v2\/types\/page"}],"author":[{"embeddable":true,"href":"https:\/\/ewa-marine.com\/de\/wp-json\/wp\/v2\/users\/1"}],"replies":[{"embeddable":true,"href":"https:\/\/ewa-marine.com\/de\/wp-json\/wp\/v2\/comments?post=150"}],"version-history":[{"count":0,"href":"https:\/\/ewa-marine.com\/de\/wp-json\/wp\/v2\/pages\/150\/revisions"}],"up":[{"embeddable":true,"href":"https:\/\/ewa-marine.com\/de\/wp-json\/wp\/v2\/pages\/146"}],"wp:featuredmedia":[{"embeddable":true,"href":"https:\/\/ewa-marine.com\/de\/wp-json\/wp\/v2\/media\/1310"}],"wp:attachment":[{"href":"https:\/\/ewa-marine.com\/de\/wp-json\/wp\/v2\/media?parent=150"}],"curies":[{"name":"wp","href":"https:\/\/api.w.org\/{rel}","templated":true}]}}