{"id":1518,"date":"2015-07-17T10:28:39","date_gmt":"2015-07-17T09:28:39","guid":{"rendered":"http:\/\/de.ewa-marine.at\/?page_id=1518"},"modified":"2022-09-14T12:13:05","modified_gmt":"2022-09-14T10:13:05","slug":"c-afx","status":"publish","type":"page","link":"https:\/\/ewa-marine.com\/de\/products\/regencapes\/fotokameras\/c-afx\/","title":{"rendered":"C-AFX"},"content":{"rendered":"<div id=\"pl-1518\"  class=\"panel-layout\" ><div id=\"pg-1518-0\"  class=\"panel-grid panel-has-style\" ><div class=\"panel-widget-style panel-row-style panel-row-style-for-1518-0\" ><div id=\"pgc-1518-0-0\"  class=\"panel-grid-cell\" ><div id=\"panel-1518-0-0-0\" class=\"so-panel widget widget_kadence_simple_image kadence_simple_image panel-first-child\" data-index=\"0\" ><div class=\"panel-widget-style panel-widget-style-for-1518-0-0-0\" ><div class=\"kad_img_upload_widget  kt-shape-type- kt-image-align-center kt-image-widget-widget-0-0-0\"><a href=\"https:\/\/ewa-marine.com\/wp-content\/uploads\/2015\/07\/CAFX-200x200.jpg\" rel=\"lightbox\"><div class=\"kt-image-contain  \"><div class=\"kt-image-inner-contain\"><img decoding=\"async\" src=\"https:\/\/ewa-marine.com\/wp-content\/uploads\/2015\/07\/CAFX-200x200.jpg\"><\/div><\/div><\/a><div class=\"kadence_image_widget_caption\">ewa-marine C-AFX Regencape, Kamera nicht im Lieferumfang enthalten.<\/div><\/div><\/div><\/div><div id=\"panel-1518-0-0-1\" class=\"so-panel widget widget_siteorigin-panels-builder panel-last-child\" data-index=\"1\" ><div id=\"pl-w6321a931c423c\"  class=\"panel-layout\" ><div id=\"pg-w6321a931c423c-0\"  class=\"panel-grid panel-no-style\" ><div id=\"pgc-w6321a931c423c-0-0\"  class=\"panel-grid-cell\" ><div id=\"panel-w6321a931c423c-0-0-0\" class=\"so-panel widget widget_kadence_simple_image kadence_simple_image panel-first-child panel-last-child\" data-index=\"0\" ><div class=\"kad_img_upload_widget  kt-shape-type- kt-image-align-center kt-image-widget-widget-0-0-0\"><div class=\"kt-image-contain  \"><div class=\"kt-image-inner-contain\"><img decoding=\"async\" src=\"https:\/\/ewa-marine.com\/wp-content\/uploads\/2015\/07\/made-in-Germany-100x50.gif\"><\/div><\/div><\/div><\/div><\/div><div id=\"pgc-w6321a931c423c-0-1\"  class=\"panel-grid-cell panel-grid-cell-empty\" ><\/div><div id=\"pgc-w6321a931c423c-0-2\"  class=\"panel-grid-cell\" ><div id=\"panel-w6321a931c423c-0-2-0\" class=\"so-panel widget widget_kadence_simple_image kadence_simple_image panel-first-child panel-last-child\" data-index=\"1\" ><div class=\"kad_img_upload_widget  kt-shape-type- kt-image-align-center kt-image-widget-widget-0-2-0\"><div class=\"kt-image-contain  \"><div class=\"kt-image-inner-contain\"><img decoding=\"async\" src=\"https:\/\/ewa-marine.com\/wp-content\/uploads\/2015\/07\/opticalglass_100x45.png\"><\/div><\/div><\/div><\/div><\/div><\/div><\/div><\/div><\/div><div id=\"pgc-1518-0-1\"  class=\"panel-grid-cell\" ><div id=\"panel-1518-0-1-0\" class=\"so-panel widget widget_black-studio-tinymce widget_black_studio_tinymce panel-first-child\" data-index=\"2\" ><div class=\"panel-widget-style panel-widget-style-for-1518-0-1-0\" ><div class=\"textwidget\"><p><a href=\"https:\/\/www.marinsolar.de\/produkt\/ewa-marine-cafx-regencape\/\" target=\"_blank\" rel=\"noopener\"><img loading=\"lazy\" decoding=\"async\" class=\"alignright wp-image-5203\" src=\"\/wp-content\/uploads\/2016\/03\/online-kaufen.png\" alt=\"Online Einkaufen bei marinSolar\" width=\"149\" height=\"50\" \/><\/a><\/p>\n<h1 class=\"bodytext\">ewa-marine C-AFX Regencape<\/h1>\n<h2 class=\"bodytext\">Der perfekte Regenschutz f\u00fcr Spiegelreflexkameras<\/h2>\n<h6>Bestellcode: C-AFX<\/h6>\n<p class=\"bodytext\">Das Regencape C-AFX ist der perfekte Regenschutz f\u00fcr Spiegelreflexkameras mit Zoomobjektiv und aufgesetztem Blitzger\u00e4t.<\/p>\n<p class=\"bodytext\">Das Cape wird aus Spezialfolie hergestellt und hat eine integrierte optische Planglasscheibe.<br \/>\nDie Kamera wird mittels eines <a href=\"http:\/\/de.ewa-marine.at\/products\/zubehoer\/ca-adapter\/\">C-A Adapters<\/a> direkt an der Frontscheibe befestigt, wodurch diese optimal im Cape sitzt.<\/p>\n<p class=\"bodytext\">In dem Cape k\u00f6nnen verschiedenste Zoomobjektive, bis zu einer maximalen Brennweite von 300mm, verwendet werden. Alle Filtergewindegr\u00f6\u00dfen von 49-62mm werden durch das im Lieferumfang enthaltene CA-Set abgedeckt. Optional gibt es einen speziellen C-A67 Adapter f\u00fcr 67mm Filtergewinde.<\/p>\n<p class=\"bodytext\">Wir bieten auch ein modifiziertes Cape <a href=\"\/products\/regencapes\/fotokameras\/c-afx100\/\">C-AFX100<\/a> an, welches speziell f\u00fcr Objektive mit einem Filtergewinde von 72mm, 77mm bzw. 82mm ist.<\/p>\n<p class=\"bodytext\">An der Seite wird das C-AFX Regencape mit einem Zipp-Verschluss verschlossen.<\/p>\n<\/div><\/div><\/div><div id=\"panel-1518-0-1-1\" class=\"so-panel widget widget_black-studio-tinymce widget_black_studio_tinymce panel-last-child\" data-index=\"3\" ><div class=\"textwidget\"><p><b class=\"\">\n<div class=\"panel-group\" id=\"accordionname787\"><div class=\"panel panel-default\"><div class=\"panel-heading\"><a class=\"accordion-toggle collapsed\" data-toggle=\"collapse\" data-parent=\"#accordionname787\" href=\"#collapse7870\"><h5><i class=\"kt-icon-minus primary-color\"><\/i><i class=\"kt-icon-plus\"><\/i>Technische Daten<\/h5><\/a><\/div><div id=\"collapse7870\" class=\"panel-collapse collapse \"><div class=\"panel-body postclass\">\n<table class=\"contenttable contenttable-0\" style=\"height: 167px;\" width=\"274\">\n<tbody>\n<tr class=\"tr-even tr-0\">\n<td class=\"td-0\"><strong>L\u00e4nge<\/strong><\/td>\n<td class=\"td-last\">23 cm<\/td>\n<\/tr>\n<tr class=\"tr-odd tr-1\">\n<td class=\"td-0\"><strong>Breite<\/strong><\/td>\n<td class=\"td-last\">17 cm<\/td>\n<\/tr>\n<tr class=\"tr-even tr-2\">\n<td class=\"td-0\"><strong>H\u00f6he<\/strong><\/td>\n<td class=\"td-last\">24 cm<\/td>\n<\/tr>\n<tr class=\"tr-odd tr-3\">\n<td class=\"td-0\"><strong>Durchmesser Frontglas<\/strong><\/td>\n<td class=\"td-last\">75 mm<\/td>\n<\/tr>\n<tr class=\"tr-odd tr-3\">\n<td class=\"td-0\"><strong>max. Filtergewindedurchmesser<\/strong><\/td>\n<td class=\"td-last\">67 mm<\/td>\n<\/tr>\n<tr class=\"tr-even tr-last\">\n<td class=\"td-0\"><strong>Gewicht<\/strong><\/td>\n<td class=\"td-last\">ca. 200 g<\/td>\n<\/tr>\n<\/tbody>\n<\/table>\n<div class=\"csc-frame csc-frame-rulerBefore\"><\/div>\n<p><b class=\"\"><\/div><\/div><\/div><\/div>\n<\/b><\/p>\n<\/div><\/div><\/div><\/div><\/div><div id=\"pg-1518-1\"  class=\"panel-grid panel-has-style\" ><div class=\"panel-widget-style panel-row-style panel-row-style-for-1518-1\" ><div id=\"pgc-1518-1-0\"  class=\"panel-grid-cell\" ><div id=\"panel-1518-1-0-0\" class=\"so-panel widget widget_text panel-first-child\" data-index=\"4\" >\t\t\t<div class=\"textwidget\"><h4>   Produkte, die Sie ebenfalls interessieren k\u00f6nnten:<\/h4>\n<\/div>\n\t\t<\/div><div id=\"panel-1518-1-0-1\" class=\"so-panel widget widget_siteorigin-panels-builder panel-last-child\" data-index=\"5\" ><div class=\"Optional Extras panel-widget-style panel-widget-style-for-1518-1-0-1\" ><div id=\"pl-w5c62a9ce3f97e\"  class=\"panel-layout\" ><div id=\"pg-w5c62a9ce3f97e-0\"  class=\"panel-grid panel-no-style\" ><div id=\"pgc-w5c62a9ce3f97e-0-0\"  class=\"panel-grid-cell\" ><div id=\"panel-w5c62a9ce3f97e-0-0-0\" class=\"so-panel widget widget_kadence_simple_image kadence_simple_image panel-first-child\" data-index=\"0\" ><div class=\"kad_img_upload_widget  kt-shape-type- kt-image-align-center kt-image-widget-widget-0-0-0\"><a href=\"\/products\/accessories\/cd5-silica-gel\/\" target=\"_self\"><div class=\"kt-image-contain  \"><div class=\"kt-image-inner-contain\"><img decoding=\"async\" src=\"https:\/\/ewa-marine.com\/wp-content\/uploads\/2015\/07\/CD5_200x150.jpg\"><\/div><\/div><\/a><div class=\"kadence_image_widget_caption\">CD5 Silica gel<\/div><\/div><\/div><div id=\"panel-w5c62a9ce3f97e-0-0-1\" class=\"so-panel widget widget_kadence_simple_image kadence_simple_image\" data-index=\"1\" ><div class=\"kad_img_upload_widget  kt-shape-type- kt-image-align-center kt-image-widget-widget-0-0-1\"><a href=\"\/products\/accessories\/av110\/\" target=\"_self\"><div class=\"kt-image-contain  \"><div class=\"kt-image-inner-contain\"><img decoding=\"async\" src=\"https:\/\/ewa-marine.com\/wp-content\/uploads\/2015\/07\/AV110-Adapter-200x150.jpg\"><\/div><\/div><\/a><div class=\"kadence_image_widget_caption\">AV110 Adapter<\/div><\/div><\/div><div id=\"panel-w5c62a9ce3f97e-0-0-2\" class=\"so-panel widget widget_kadence_simple_image kadence_simple_image panel-last-child\" data-index=\"2\" ><div class=\"kad_img_upload_widget  kt-shape-type- kt-image-align-center kt-image-widget-widget-0-0-2\"><a href=\"\/products\/accessories\/cable-exit\/\" target=\"_self\"><div class=\"kt-image-contain  \"><div class=\"kt-image-inner-contain\"><img decoding=\"async\" src=\"https:\/\/ewa-marine.com\/wp-content\/uploads\/2015\/07\/cableexit-200-150.jpg\"><\/div><\/div><\/a><div class=\"kadence_image_widget_caption\">Kabelausgang<\/div><\/div><\/div><\/div><div id=\"pgc-w5c62a9ce3f97e-0-1\"  class=\"panel-grid-cell\" ><div id=\"panel-w5c62a9ce3f97e-0-1-0\" class=\"so-panel widget widget_kadence_simple_image kadence_simple_image panel-first-child\" data-index=\"3\" ><div class=\"kad_img_upload_widget  kt-shape-type- kt-image-align-center kt-image-widget-widget-0-1-0\"><a href=\"\/products\/accessories\/ewa-marine-ca-adapter\/%20\" target=\"_self\"><div class=\"kt-image-contain  \"><div class=\"kt-image-inner-contain\"><img decoding=\"async\" src=\"https:\/\/ewa-marine.com\/wp-content\/uploads\/2015\/07\/CAF-Ringadapter-200x150.jpg\"><\/div><\/div><\/a><div class=\"kadence_image_widget_caption\">CA Adapter Set<\/div><\/div><\/div><div id=\"panel-w5c62a9ce3f97e-0-1-1\" class=\"so-panel widget widget_kadence_simple_image kadence_simple_image\" data-index=\"4\" ><div class=\"kad_img_upload_widget  kt-shape-type- kt-image-align-center kt-image-widget-widget-0-1-1\"><a href=\"https:\/\/ewa-marine.com\/wp-content\/uploads\/2015\/07\/Step_Up_Ring_200x150.jpg\" rel=\"lightbox\"><div class=\"kt-image-contain  \"><div class=\"kt-image-inner-contain\"><img decoding=\"async\" src=\"https:\/\/ewa-marine.com\/wp-content\/uploads\/2015\/07\/Step_Up_Ring_200x150.jpg\"><\/div><\/div><\/a><div class=\"kadence_image_widget_caption\">Step-Up Adapter<\/div><\/div><\/div><div id=\"panel-w5c62a9ce3f97e-0-1-2\" class=\"so-panel widget widget_kadence_simple_image kadence_simple_image panel-last-child\" data-index=\"5\" ><div class=\"kad_img_upload_widget  kt-shape-type- kt-image-align-center kt-image-widget-widget-0-1-2\"><a href=\"\/products\/accessories\/tripod-connector\/\" target=\"_self\"><div class=\"kt-image-contain  \"><div class=\"kt-image-inner-contain\"><img decoding=\"async\" src=\"https:\/\/ewa-marine.com\/wp-content\/uploads\/2015\/07\/tripodmount-200x150.jpg\"><\/div><\/div><\/a><div class=\"kadence_image_widget_caption\">Stativ-Bodenplatte<\/div><\/div><\/div><\/div><div id=\"pgc-w5c62a9ce3f97e-0-2\"  class=\"panel-grid-cell\" ><div id=\"panel-w5c62a9ce3f97e-0-2-0\" class=\"so-panel widget widget_kadence_simple_image kadence_simple_image panel-first-child\" data-index=\"6\" ><div class=\"panel-widget-style panel-widget-style-for-w5c62a9ce3f97e-0-2-0\" ><div class=\"kad_img_upload_widget  kt-shape-type- kt-image-align-center kt-image-widget-widget-0-2-0\"><a href=\"\/products\/accessories\/bv2\/\" target=\"_self\"><div class=\"kt-image-contain  \"><div class=\"kt-image-inner-contain\"><img decoding=\"async\" src=\"https:\/\/ewa-marine.com\/wp-content\/uploads\/2015\/07\/BV2_200x150.jpg\"><\/div><\/div><\/a><div class=\"kadence_image_widget_caption\">BV2\nBlei<\/div><\/div><\/div><\/div><div id=\"panel-w5c62a9ce3f97e-0-2-1\" class=\"so-panel widget widget_kadence_simple_image kadence_simple_image panel-last-child\" data-index=\"7\" ><div class=\"kad_img_upload_widget  kt-shape-type- kt-image-align-center kt-image-widget-widget-0-2-1\"><a href=\"\/products\/accessories\/ewa-marine-ca-adapter\/\" target=\"_self\"><div class=\"kt-image-contain  \"><div class=\"kt-image-inner-contain\"><img decoding=\"async\" src=\"https:\/\/ewa-marine.com\/wp-content\/uploads\/2015\/07\/C-A67-200x150.jpg\"><\/div><\/div><\/a><div class=\"kadence_image_widget_caption\">CA67<\/div><\/div><\/div><\/div><div id=\"pgc-w5c62a9ce3f97e-0-3\"  class=\"panel-grid-cell\" ><div id=\"panel-w5c62a9ce3f97e-0-3-0\" class=\"so-panel widget widget_kadence_simple_image kadence_simple_image panel-first-child panel-last-child\" data-index=\"8\" ><div class=\"panel-widget-style panel-widget-style-for-w5c62a9ce3f97e-0-3-0\" ><div class=\"kad_img_upload_widget  kt-shape-type- kt-image-align-center kt-image-widget-widget-0-3-0\"><a href=\"\/products\/accessories\/bf1\/\" target=\"_self\"><div class=\"kt-image-contain  \"><div class=\"kt-image-inner-contain\"><img decoding=\"async\" src=\"https:\/\/ewa-marine.com\/wp-content\/uploads\/2015\/07\/BF1-200x150.jpg\"><\/div><\/div><\/a><div class=\"kadence_image_widget_caption\">BF1 Blei<\/div><\/div><\/div><\/div><\/div><div id=\"pgc-w5c62a9ce3f97e-0-4\"  class=\"panel-grid-cell\" ><div id=\"panel-w5c62a9ce3f97e-0-4-0\" class=\"so-panel widget widget_kadence_simple_image kadence_simple_image panel-first-child panel-last-child\" data-index=\"9\" ><div class=\"kad_img_upload_widget  kt-shape-type- kt-image-align-center kt-image-widget-widget-0-4-0\"><a href=\"\/soft-lead-weights-bs7\/\" target=\"_self\"><div class=\"kt-image-contain  \"><div class=\"kt-image-inner-contain\"><img decoding=\"async\" src=\"https:\/\/ewa-marine.com\/wp-content\/uploads\/2015\/07\/BS7-200x150.jpg\"><\/div><\/div><\/a><div class=\"kadence_image_widget_caption\">BS7\nSoft-Blei<\/div><\/div><\/div><\/div><\/div><\/div><\/div><\/div><\/div><\/div><\/div><div id=\"pg-1518-2\"  class=\"panel-grid panel-no-style\" ><div id=\"pgc-1518-2-0\"  class=\"panel-grid-cell\" ><div id=\"panel-1518-2-0-0\" class=\"so-panel widget widget_black-studio-tinymce widget_black_studio_tinymce panel-first-child panel-last-child\" data-index=\"6\" ><div class=\"textwidget\"><hr \/>\n<p>\u00a0<\/p>\n<h6>Alle Daten und Bilder von Unterwassergeh\u00e4usen und Regencapes entsprechen dem Stand unserer Produkte zum Zeitpunkt der letzten redaktionellen Bearbeitung dieser Seite. ewa-marine beh\u00e4lt sich jedoch vor, alle Produkte im Rahmen unseres kontinuierlichen Verbesserungprozesses zu \u00e4ndern und zu verbessern. Daher k\u00f6nnen die aktuell im Markt angebotenen Produkte in Einzelpunkten eventuell von den Abbildungen abweichen. Eine Garantie f\u00fcr Vollst\u00e4ndigkeit oder Richtigkeit kann nicht \u00fcbernommen werden, ebenso wenig wie eine Haftung f\u00fcr die Verwendung dieser Seiten oder deren Inhalt.<br \/> Einige Bilder auf dieser Website zeigen die ewa-marine Produkt einschlie\u00dflich Kamera oder anderer elektronischer Ger\u00e4te. Diese Kameras oder andere Elektronik sind nicht im Lieferumfang enthalten und dienen hier nur als Anwendungsbeispiel.<\/h6>\n<\/div><\/div><\/div><\/div><\/div>","protected":false},"excerpt":{"rendered":"<p>ewa-marine C-AFX Regencape Der perfekte Regenschutz f\u00fcr Spiegelreflexkameras Bestellcode: C-AFX Das Regencape C-AFX ist der perfekte Regenschutz f\u00fcr Spiegelreflexkameras mit Zoomobjektiv und aufgesetztem Blitzger\u00e4t. Das Cape wird aus Spezialfolie hergestellt und hat eine integrierte optische Planglasscheibe. Die Kamera wird mittels eines C-A Adapters direkt an der Frontscheibe befestigt, wodurch diese optimal im Cape sitzt. In dem Cape k\u00f6nnen verschiedenste Zoomobjektive, bis zu einer maximalen Brennweite von 300mm, verwendet werden. Alle Filtergewindegr\u00f6\u00dfen von 49-62mm werden durch das im Lieferumfang enthaltene CA-Set &hellip; <a href=\"https:\/\/ewa-marine.com\/de\/products\/regencapes\/fotokameras\/c-afx\/\">Weiterlesen<\/a><\/p>\n","protected":false},"author":2,"featured_media":768,"parent":825,"menu_order":3,"comment_status":"closed","ping_status":"closed","template":"","meta":{"kt_blocks_editor_width":"","footnotes":""},"class_list":["post-1518","page","type-page","status-publish","has-post-thumbnail","hentry"],"yoast_head":"<!-- This site is optimized with the Yoast SEO plugin v27.3 - https:\/\/yoast.com\/product\/yoast-seo-wordpress\/ -->\n<title>ewa-marine C-AFX Regencape f\u00fcr SLR Kameras mit Aufsteckblitz<\/title>\n<meta name=\"description\" content=\"Das aus Spezialfolie hergestellte Regencape C-AFX ist der perfekte Regenschutz f\u00fcr Spiegelreflexkameras mit Zoomobjektiv und aufgesetztem Blitzger\u00e4t.\" \/>\n<meta name=\"robots\" content=\"index, follow, max-snippet:-1, max-image-preview:large, max-video-preview:-1\" \/>\n<link rel=\"canonical\" href=\"https:\/\/ewa-marine.com\/de\/products\/regencapes\/fotokameras\/c-afx\/\" \/>\n<meta property=\"og:locale\" content=\"de_DE\" \/>\n<meta property=\"og:type\" content=\"article\" \/>\n<meta property=\"og:title\" content=\"ewa-marine C-AFX Regencape f\u00fcr SLR Kameras mit Aufsteckblitz\" \/>\n<meta property=\"og:description\" content=\"Das aus Spezialfolie hergestellte Regencape C-AFX ist der perfekte Regenschutz f\u00fcr Spiegelreflexkameras mit Zoomobjektiv und aufgesetztem Blitzger\u00e4t.\" \/>\n<meta property=\"og:url\" content=\"https:\/\/ewa-marine.com\/de\/products\/regencapes\/fotokameras\/c-afx\/\" \/>\n<meta property=\"og:site_name\" content=\"ewa-marine\" \/>\n<meta property=\"article:publisher\" content=\"https:\/\/www.facebook.com\/ewa-marine\" \/>\n<meta property=\"article:modified_time\" content=\"2022-09-14T10:13:05+00:00\" \/>\n<meta property=\"og:image\" content=\"https:\/\/ewa-marine.com\/wp-content\/uploads\/2015\/07\/ewa-marine-icon.jpg\" \/>\n\t<meta property=\"og:image:width\" content=\"250\" \/>\n\t<meta property=\"og:image:height\" content=\"250\" \/>\n\t<meta property=\"og:image:type\" content=\"image\/jpeg\" \/>\n<meta name=\"twitter:card\" content=\"summary_large_image\" \/>\n<meta name=\"twitter:site\" content=\"@ewa_marine\" \/>\n<meta name=\"twitter:label1\" content=\"Gesch\u00e4tzte Lesezeit\" \/>\n\t<meta name=\"twitter:data1\" content=\"2\u00a0Minuten\" \/>\n<script type=\"application\/ld+json\" class=\"yoast-schema-graph\">{\"@context\":\"https:\\\/\\\/schema.org\",\"@graph\":[{\"@type\":\"WebPage\",\"@id\":\"https:\\\/\\\/ewa-marine.com\\\/de\\\/products\\\/regencapes\\\/fotokameras\\\/c-afx\\\/\",\"url\":\"https:\\\/\\\/ewa-marine.com\\\/de\\\/products\\\/regencapes\\\/fotokameras\\\/c-afx\\\/\",\"name\":\"ewa-marine C-AFX Regencape f\u00fcr SLR Kameras mit Aufsteckblitz\",\"isPartOf\":{\"@id\":\"https:\\\/\\\/ewa-marine.com\\\/de\\\/#website\"},\"primaryImageOfPage\":{\"@id\":\"https:\\\/\\\/ewa-marine.com\\\/de\\\/products\\\/regencapes\\\/fotokameras\\\/c-afx\\\/#primaryimage\"},\"image\":{\"@id\":\"https:\\\/\\\/ewa-marine.com\\\/de\\\/products\\\/regencapes\\\/fotokameras\\\/c-afx\\\/#primaryimage\"},\"thumbnailUrl\":\"https:\\\/\\\/ewa-marine.com\\\/wp-content\\\/uploads\\\/2015\\\/07\\\/CAFX-200x200.jpg\",\"datePublished\":\"2015-07-17T09:28:39+00:00\",\"dateModified\":\"2022-09-14T10:13:05+00:00\",\"description\":\"Das aus Spezialfolie hergestellte Regencape C-AFX ist der perfekte Regenschutz f\u00fcr Spiegelreflexkameras mit Zoomobjektiv und aufgesetztem Blitzger\u00e4t.\",\"breadcrumb\":{\"@id\":\"https:\\\/\\\/ewa-marine.com\\\/de\\\/products\\\/regencapes\\\/fotokameras\\\/c-afx\\\/#breadcrumb\"},\"inLanguage\":\"de\",\"potentialAction\":[{\"@type\":\"ReadAction\",\"target\":[\"https:\\\/\\\/ewa-marine.com\\\/de\\\/products\\\/regencapes\\\/fotokameras\\\/c-afx\\\/\"]}]},{\"@type\":\"ImageObject\",\"inLanguage\":\"de\",\"@id\":\"https:\\\/\\\/ewa-marine.com\\\/de\\\/products\\\/regencapes\\\/fotokameras\\\/c-afx\\\/#primaryimage\",\"url\":\"https:\\\/\\\/ewa-marine.com\\\/wp-content\\\/uploads\\\/2015\\\/07\\\/CAFX-200x200.jpg\",\"contentUrl\":\"https:\\\/\\\/ewa-marine.com\\\/wp-content\\\/uploads\\\/2015\\\/07\\\/CAFX-200x200.jpg\",\"width\":200,\"height\":200},{\"@type\":\"BreadcrumbList\",\"@id\":\"https:\\\/\\\/ewa-marine.com\\\/de\\\/products\\\/regencapes\\\/fotokameras\\\/c-afx\\\/#breadcrumb\",\"itemListElement\":[{\"@type\":\"ListItem\",\"position\":1,\"name\":\"Startseite\",\"item\":\"https:\\\/\\\/www.ewa-marine.de\\\/\"},{\"@type\":\"ListItem\",\"position\":2,\"name\":\"Produkte\",\"item\":\"https:\\\/\\\/www.ewa-marine.de\\\/products\\\/\"},{\"@type\":\"ListItem\",\"position\":3,\"name\":\"Regencapes\",\"item\":\"https:\\\/\\\/www.ewa-marine.de\\\/products\\\/regencapes\\\/\"},{\"@type\":\"ListItem\",\"position\":4,\"name\":\"Fotokameras\",\"item\":\"https:\\\/\\\/www.ewa-marine.de\\\/products\\\/regencapes\\\/fotokameras\\\/\"},{\"@type\":\"ListItem\",\"position\":5,\"name\":\"C-AFX\"}]},{\"@type\":\"WebSite\",\"@id\":\"https:\\\/\\\/ewa-marine.com\\\/de\\\/#website\",\"url\":\"https:\\\/\\\/ewa-marine.com\\\/de\\\/\",\"name\":\"ewa-marine\",\"description\":\"Capture the Extreme !\",\"potentialAction\":[{\"@type\":\"SearchAction\",\"target\":{\"@type\":\"EntryPoint\",\"urlTemplate\":\"https:\\\/\\\/ewa-marine.com\\\/de\\\/?s={search_term_string}\"},\"query-input\":{\"@type\":\"PropertyValueSpecification\",\"valueRequired\":true,\"valueName\":\"search_term_string\"}}],\"inLanguage\":\"de\"}]}<\/script>\n<!-- \/ Yoast SEO plugin. -->","yoast_head_json":{"title":"ewa-marine C-AFX Regencape f\u00fcr SLR Kameras mit Aufsteckblitz","description":"Das aus Spezialfolie hergestellte Regencape C-AFX ist der perfekte Regenschutz f\u00fcr Spiegelreflexkameras mit Zoomobjektiv und aufgesetztem Blitzger\u00e4t.","robots":{"index":"index","follow":"follow","max-snippet":"max-snippet:-1","max-image-preview":"max-image-preview:large","max-video-preview":"max-video-preview:-1"},"canonical":"https:\/\/ewa-marine.com\/de\/products\/regencapes\/fotokameras\/c-afx\/","og_locale":"de_DE","og_type":"article","og_title":"ewa-marine C-AFX Regencape f\u00fcr SLR Kameras mit Aufsteckblitz","og_description":"Das aus Spezialfolie hergestellte Regencape C-AFX ist der perfekte Regenschutz f\u00fcr Spiegelreflexkameras mit Zoomobjektiv und aufgesetztem Blitzger\u00e4t.","og_url":"https:\/\/ewa-marine.com\/de\/products\/regencapes\/fotokameras\/c-afx\/","og_site_name":"ewa-marine","article_publisher":"https:\/\/www.facebook.com\/ewa-marine","article_modified_time":"2022-09-14T10:13:05+00:00","og_image":[{"width":250,"height":250,"url":"https:\/\/ewa-marine.com\/wp-content\/uploads\/2015\/07\/ewa-marine-icon.jpg","type":"image\/jpeg"}],"twitter_card":"summary_large_image","twitter_site":"@ewa_marine","twitter_misc":{"Gesch\u00e4tzte Lesezeit":"2\u00a0Minuten"},"schema":{"@context":"https:\/\/schema.org","@graph":[{"@type":"WebPage","@id":"https:\/\/ewa-marine.com\/de\/products\/regencapes\/fotokameras\/c-afx\/","url":"https:\/\/ewa-marine.com\/de\/products\/regencapes\/fotokameras\/c-afx\/","name":"ewa-marine C-AFX Regencape f\u00fcr SLR Kameras mit Aufsteckblitz","isPartOf":{"@id":"https:\/\/ewa-marine.com\/de\/#website"},"primaryImageOfPage":{"@id":"https:\/\/ewa-marine.com\/de\/products\/regencapes\/fotokameras\/c-afx\/#primaryimage"},"image":{"@id":"https:\/\/ewa-marine.com\/de\/products\/regencapes\/fotokameras\/c-afx\/#primaryimage"},"thumbnailUrl":"https:\/\/ewa-marine.com\/wp-content\/uploads\/2015\/07\/CAFX-200x200.jpg","datePublished":"2015-07-17T09:28:39+00:00","dateModified":"2022-09-14T10:13:05+00:00","description":"Das aus Spezialfolie hergestellte Regencape C-AFX ist der perfekte Regenschutz f\u00fcr Spiegelreflexkameras mit Zoomobjektiv und aufgesetztem Blitzger\u00e4t.","breadcrumb":{"@id":"https:\/\/ewa-marine.com\/de\/products\/regencapes\/fotokameras\/c-afx\/#breadcrumb"},"inLanguage":"de","potentialAction":[{"@type":"ReadAction","target":["https:\/\/ewa-marine.com\/de\/products\/regencapes\/fotokameras\/c-afx\/"]}]},{"@type":"ImageObject","inLanguage":"de","@id":"https:\/\/ewa-marine.com\/de\/products\/regencapes\/fotokameras\/c-afx\/#primaryimage","url":"https:\/\/ewa-marine.com\/wp-content\/uploads\/2015\/07\/CAFX-200x200.jpg","contentUrl":"https:\/\/ewa-marine.com\/wp-content\/uploads\/2015\/07\/CAFX-200x200.jpg","width":200,"height":200},{"@type":"BreadcrumbList","@id":"https:\/\/ewa-marine.com\/de\/products\/regencapes\/fotokameras\/c-afx\/#breadcrumb","itemListElement":[{"@type":"ListItem","position":1,"name":"Startseite","item":"https:\/\/www.ewa-marine.de\/"},{"@type":"ListItem","position":2,"name":"Produkte","item":"https:\/\/www.ewa-marine.de\/products\/"},{"@type":"ListItem","position":3,"name":"Regencapes","item":"https:\/\/www.ewa-marine.de\/products\/regencapes\/"},{"@type":"ListItem","position":4,"name":"Fotokameras","item":"https:\/\/www.ewa-marine.de\/products\/regencapes\/fotokameras\/"},{"@type":"ListItem","position":5,"name":"C-AFX"}]},{"@type":"WebSite","@id":"https:\/\/ewa-marine.com\/de\/#website","url":"https:\/\/ewa-marine.com\/de\/","name":"ewa-marine","description":"Capture the Extreme !","potentialAction":[{"@type":"SearchAction","target":{"@type":"EntryPoint","urlTemplate":"https:\/\/ewa-marine.com\/de\/?s={search_term_string}"},"query-input":{"@type":"PropertyValueSpecification","valueRequired":true,"valueName":"search_term_string"}}],"inLanguage":"de"}]}},"_links":{"self":[{"href":"https:\/\/ewa-marine.com\/de\/wp-json\/wp\/v2\/pages\/1518","targetHints":{"allow":["GET"]}}],"collection":[{"href":"https:\/\/ewa-marine.com\/de\/wp-json\/wp\/v2\/pages"}],"about":[{"href":"https:\/\/ewa-marine.com\/de\/wp-json\/wp\/v2\/types\/page"}],"author":[{"embeddable":true,"href":"https:\/\/ewa-marine.com\/de\/wp-json\/wp\/v2\/users\/2"}],"replies":[{"embeddable":true,"href":"https:\/\/ewa-marine.com\/de\/wp-json\/wp\/v2\/comments?post=1518"}],"version-history":[{"count":5,"href":"https:\/\/ewa-marine.com\/de\/wp-json\/wp\/v2\/pages\/1518\/revisions"}],"predecessor-version":[{"id":33887,"href":"https:\/\/ewa-marine.com\/de\/wp-json\/wp\/v2\/pages\/1518\/revisions\/33887"}],"up":[{"embeddable":true,"href":"https:\/\/ewa-marine.com\/de\/wp-json\/wp\/v2\/pages\/825"}],"wp:featuredmedia":[{"embeddable":true,"href":"https:\/\/ewa-marine.com\/de\/wp-json\/wp\/v2\/media\/768"}],"wp:attachment":[{"href":"https:\/\/ewa-marine.com\/de\/wp-json\/wp\/v2\/media?parent=1518"}],"curies":[{"name":"wp","href":"https:\/\/api.w.org\/{rel}","templated":true}]}}