{"id":1529,"date":"2015-07-17T10:51:31","date_gmt":"2015-07-17T09:51:31","guid":{"rendered":"http:\/\/de.ewa-marine.at\/?page_id=1529"},"modified":"2019-02-07T10:10:03","modified_gmt":"2019-02-07T09:10:03","slug":"c-z100","status":"publish","type":"page","link":"https:\/\/ewa-marine.com\/de\/products\/regencapes\/fotokameras\/c-z100\/","title":{"rendered":"C-Z100"},"content":{"rendered":"<div id=\"pl-1529\"  class=\"panel-layout\" ><div id=\"pg-1529-0\"  class=\"panel-grid panel-has-style\" ><div class=\"panel-widget-style panel-row-style panel-row-style-for-1529-0\" ><div id=\"pgc-1529-0-0\"  class=\"panel-grid-cell\" ><div id=\"panel-1529-0-0-0\" class=\"so-panel widget widget_kadence_simple_image kadence_simple_image panel-first-child\" data-index=\"0\" ><div class=\"panel-widget-style panel-widget-style-for-1529-0-0-0\" ><div class=\"kad_img_upload_widget  kt-shape-type- kt-image-align-center kt-image-widget-widget-0-0-0\"><a href=\"https:\/\/ewa-marine.com\/wp-content\/uploads\/2015\/07\/CZ100-200x2001.jpg\" rel=\"lightbox\"><div class=\"kt-image-contain  \"><div class=\"kt-image-inner-contain\"><img decoding=\"async\" src=\"https:\/\/ewa-marine.com\/wp-content\/uploads\/2015\/07\/CZ100-200x2001.jpg\"><\/div><\/div><\/a><div class=\"kadence_image_widget_caption\">Zoom eingefahren. Kamera nicht im Lieferumfang enthalten.<\/div><\/div><\/div><\/div><div id=\"panel-1529-0-0-1\" class=\"so-panel widget widget_kadence_simple_image kadence_simple_image\" data-index=\"1\" ><div class=\"kad_img_upload_widget  kt-shape-type- kt-image-align-center kt-image-widget-widget-0-0-1\"><a href=\"https:\/\/ewa-marine.com\/wp-content\/uploads\/2015\/07\/CZ100-2-200x200.jpg\" rel=\"lightbox\"><div class=\"kt-image-contain  \"><div class=\"kt-image-inner-contain\"><img decoding=\"async\" src=\"https:\/\/ewa-marine.com\/wp-content\/uploads\/2015\/07\/CZ100-2-200x200.jpg\"><\/div><\/div><\/a><div class=\"kadence_image_widget_caption\">Zoom voll ausgefahren. Kamera nicht im Lieferumfang enthalten.<\/div><\/div><\/div><div id=\"panel-1529-0-0-2\" class=\"so-panel widget widget_siteorigin-panels-builder panel-last-child\" data-index=\"2\" ><div id=\"pl-w55a62a027440b\"  class=\"panel-layout\" ><div id=\"pg-w55a62a027440b-0\"  class=\"panel-grid panel-no-style\" ><div id=\"pgc-w55a62a027440b-0-0\"  class=\"panel-grid-cell\" ><div id=\"panel-w55a62a027440b-0-0-0\" class=\"so-panel widget widget_kadence_simple_image kadence_simple_image panel-first-child panel-last-child\" data-index=\"0\" ><div class=\"kad_img_upload_widget  kt-shape-type- kt-image-align-center kt-image-widget-widget-0-0-0\"><div class=\"kt-image-contain  \"><div class=\"kt-image-inner-contain\"><img decoding=\"async\" src=\"https:\/\/ewa-marine.com\/wp-content\/uploads\/2015\/07\/made-in-Germany-100x50.gif\"><\/div><\/div><\/div><\/div><\/div><div id=\"pgc-w55a62a027440b-0-1\"  class=\"panel-grid-cell\" ><div id=\"panel-w55a62a027440b-0-1-0\" class=\"so-panel widget widget_kadence_simple_image kadence_simple_image panel-first-child panel-last-child\" data-index=\"1\" ><div class=\"kad_img_upload_widget  kt-shape-type- kt-image-align-center kt-image-widget-widget-0-1-0\"><div class=\"kt-image-contain  \"><div class=\"kt-image-inner-contain\"><img decoding=\"async\" src=\"https:\/\/ewa-marine.com\/wp-content\/uploads\/2015\/07\/e-ts-20m.png\"><\/div><\/div><\/div><\/div><\/div><div id=\"pgc-w55a62a027440b-0-2\"  class=\"panel-grid-cell\" ><div id=\"panel-w55a62a027440b-0-2-0\" class=\"so-panel widget widget_kadence_simple_image kadence_simple_image panel-first-child panel-last-child\" data-index=\"2\" ><div class=\"kad_img_upload_widget  kt-shape-type- kt-image-align-center kt-image-widget-widget-0-2-0\"><div class=\"kt-image-contain  \"><div class=\"kt-image-inner-contain\"><img decoding=\"async\" src=\"https:\/\/ewa-marine.com\/wp-content\/uploads\/2015\/07\/opticalglass_100x45.png\"><\/div><\/div><\/div><\/div><\/div><\/div><\/div><\/div><\/div><div id=\"pgc-1529-0-1\"  class=\"panel-grid-cell\" ><div id=\"panel-1529-0-1-0\" class=\"so-panel widget widget_black-studio-tinymce widget_black_studio_tinymce panel-first-child\" data-index=\"3\" ><div class=\"panel-widget-style panel-widget-style-for-1529-0-1-0\" ><div class=\"textwidget\"><p><a href=\"https:\/\/www.marinsolar.de\/produkt\/ewa-marine-c-z100-regencape\/\" target=\"_blank\" rel=\"noopener\"><img loading=\"lazy\" decoding=\"async\" class=\"alignright wp-image-5203\" src=\"\/wp-content\/uploads\/2016\/03\/online-kaufen.png\" alt=\"Online Einkaufen bei marinSolar\" width=\"149\" height=\"50\" \/><\/a><\/p>\n<h1 class=\"bodytext\">ewa-marine CZ-100 Regencape<\/h1>\n<h2 class=\"bodytext\">Der perfekte Regenschutz f\u00fcr Spiegelreflexkameras mit professionellen Zoomobjektiven<\/h2>\n<h6>Bestellcode: CZ-100<\/h6>\n<p class=\"bodytext\">Das Regencape C-Z100 ist der perfekte Regenschutz f\u00fcr Spiegelreflexkameras mit professionellen Zoomobjektiven.<br \/>\nIn dem Cape lassen sich Objektive verschiedener Hersteller wie z.B. Canon 100-400 und 28-300 oder Nikon 80-400 und 70-200 verwenden.<\/p>\n<p class=\"bodytext\">Das Cape wird aus Spezialfolie hergestellt und hat eine integrierte optische Planglasscheibe.<\/p>\n<p>Die Kamera wird mittels des im Lieferumfang enthaltenen <a href=\"http:\/\/www.ewa-marine.at\/products\/accessories\/ewa-marine-ca-adapter\/\">C-A82 Adapters<\/a> (bis September 2017 wurde dieses Geh\u00e4use mit einem CA77 Adapter ausgeliefert) und des Reduzieradapters RA77-82 direkt an der Frontscheibe befestigt. Objektive mit einem kleineren Filtergewinde k\u00f6nnen ebenso in dem Cape verwendet werden, allerdings ben\u00f6tigen Sie zus\u00e4tzlich die entsprechenden <a href=\"https:\/\/www.ewa-marine.de\/products\/zubehoer\/reduzieradapter\/\">Reduzieradapter<\/a>.<\/p>\n<p>Auf der R\u00fcckseite befindet sich ein Fenster f\u00fcr den Sucher. Dieses wird mittels einer daran angebrachten Gummischlaufe auf den Blitzschuh geschoben und liegt dadurch optimal vor dem Sucher.<br \/>\nDurch diese beiden Befestigungen sitzt das Cape optimal. Der Zoom kann nat\u00fcrlich voll verwendet werden.<\/p>\n<p class=\"bodytext\">Die Kamera kann immer noch auf einem Stativ verwendet werden.<\/p>\n<\/div><\/div><\/div><div id=\"panel-1529-0-1-1\" class=\"so-panel widget widget_black-studio-tinymce widget_black_studio_tinymce panel-last-child\" data-index=\"4\" ><div class=\"textwidget\"><p><b class=\"\">\n<div class=\"panel-group\" id=\"accordionname984\"><div class=\"panel panel-default\"><div class=\"panel-heading\"><a class=\"accordion-toggle collapsed\" data-toggle=\"collapse\" data-parent=\"#accordionname984\" href=\"#collapse9840\"><h5><i class=\"kt-icon-minus primary-color\"><\/i><i class=\"kt-icon-plus\"><\/i>Technische Daten<\/h5><\/a><\/div><div id=\"collapse9840\" class=\"panel-collapse collapse \"><div class=\"panel-body postclass\"> <strong>L\u00e4nge<\/strong>: 15-35 cm<br \/> <strong>Breite<\/strong>:\u00a0 25 cm<br \/> <strong>H\u00f6he<\/strong>: \u00a0 30 cm<br \/> <strong>Durchmesser Frontglas<\/strong>: 95 mm<br \/> <strong>Gewicht<\/strong>: ca. 250 g<br \/><b class=\"\"><\/div><\/div><\/div><\/div>\n<\/b><\/p>\n<\/div><\/div><\/div><\/div><\/div><div id=\"pg-1529-1\"  class=\"panel-grid panel-has-style\" ><div class=\"panel-widget-style panel-row-style panel-row-style-for-1529-1\" ><div id=\"pgc-1529-1-0\"  class=\"panel-grid-cell\" ><div id=\"panel-1529-1-0-0\" class=\"so-panel widget widget_text panel-first-child\" data-index=\"5\" >\t\t\t<div class=\"textwidget\"><hr>\n<h4>   Produkte, die Sie ebenfalls interessieren k\u00f6nnten:<\/h4>\n<\/div>\n\t\t<\/div><div id=\"panel-1529-1-0-1\" class=\"so-panel widget widget_siteorigin-panels-builder panel-last-child\" data-index=\"6\" ><div class=\"Optional Extras panel-widget-style panel-widget-style-for-1529-1-0-1\" ><div id=\"pl-w5c5bf5eaf0609\"  class=\"panel-layout\" ><div id=\"pg-w5c5bf5eaf0609-0\"  class=\"panel-grid panel-no-style\" ><div id=\"pgc-w5c5bf5eaf0609-0-0\"  class=\"panel-grid-cell\" ><div id=\"panel-w5c5bf5eaf0609-0-0-0\" class=\"so-panel widget widget_kadence_simple_image kadence_simple_image panel-first-child\" data-index=\"0\" ><div class=\"kad_img_upload_widget  kt-shape-type- kt-image-align-center kt-image-widget-widget-0-0-0\"><a href=\"\/products\/accessories\/cd5-silica-gel\/\" target=\"_self\"><div class=\"kt-image-contain  \"><div class=\"kt-image-inner-contain\"><img decoding=\"async\" src=\"https:\/\/ewa-marine.com\/wp-content\/uploads\/2015\/07\/CD5_200x150.jpg\"><\/div><\/div><\/a><div class=\"kadence_image_widget_caption\">CD5 Silica gel<\/div><\/div><\/div><div id=\"panel-w5c5bf5eaf0609-0-0-1\" class=\"so-panel widget widget_kadence_simple_image kadence_simple_image\" data-index=\"1\" ><div class=\"kad_img_upload_widget  kt-shape-type- kt-image-align-center kt-image-widget-widget-0-0-1\"><a href=\"\/products\/accessories\/av110\/\" target=\"_self\"><div class=\"kt-image-contain  \"><div class=\"kt-image-inner-contain\"><img decoding=\"async\" src=\"https:\/\/ewa-marine.com\/wp-content\/uploads\/2015\/07\/AV110-Adapter-200x150.jpg\"><\/div><\/div><\/a><div class=\"kadence_image_widget_caption\">AV110 Adapter<\/div><\/div><\/div><div id=\"panel-w5c5bf5eaf0609-0-0-2\" class=\"so-panel widget widget_kadence_simple_image kadence_simple_image panel-last-child\" data-index=\"2\" ><div class=\"kad_img_upload_widget  kt-shape-type- kt-image-align-center kt-image-widget-widget-0-0-2\"><a href=\"\/products\/accessories\/cable-exit\/\" target=\"_self\"><div class=\"kt-image-contain  \"><div class=\"kt-image-inner-contain\"><img decoding=\"async\" src=\"https:\/\/ewa-marine.com\/wp-content\/uploads\/2015\/07\/cableexit-200-150.jpg\"><\/div><\/div><\/a><div class=\"kadence_image_widget_caption\">Kabelausgang<\/div><\/div><\/div><\/div><div id=\"pgc-w5c5bf5eaf0609-0-1\"  class=\"panel-grid-cell\" ><div id=\"panel-w5c5bf5eaf0609-0-1-0\" class=\"so-panel widget widget_kadence_simple_image kadence_simple_image panel-first-child\" data-index=\"3\" ><div class=\"kad_img_upload_widget  kt-shape-type- kt-image-align-center kt-image-widget-widget-0-1-0\"><a href=\"\/products\/accessories\/ewa-marine-ca-adapter\/%20\" target=\"_self\"><div class=\"kt-image-contain  \"><div class=\"kt-image-inner-contain\"><img decoding=\"async\" src=\"https:\/\/ewa-marine.com\/wp-content\/uploads\/2015\/07\/CAF-Ringadapter-200x150.jpg\"><\/div><\/div><\/a><div class=\"kadence_image_widget_caption\">CA Adapter Set<\/div><\/div><\/div><div id=\"panel-w5c5bf5eaf0609-0-1-1\" class=\"so-panel widget widget_kadence_simple_image kadence_simple_image\" data-index=\"4\" ><div class=\"kad_img_upload_widget  kt-shape-type-kt-image-shape-standard kt-image-align-center kt-image-widget-widget-0-1-1\"><a href=\"https:\/\/ewa-marine.com\/wp-content\/uploads\/2015\/07\/Step_Up_Ring_200x150.jpg\" rel=\"lightbox\"><div class=\"kt-image-contain kt-image-shadow-none kt-image-shape-standard\"><div class=\"kt-image-inner-contain\"><img decoding=\"async\" src=\"https:\/\/ewa-marine.com\/wp-content\/uploads\/2015\/07\/Step_Up_Ring_200x150.jpg\"><\/div><\/div><\/a><div class=\"kadence_image_widget_caption\">Reduzieradapter<\/div><\/div><\/div><div id=\"panel-w5c5bf5eaf0609-0-1-2\" class=\"so-panel widget widget_kadence_simple_image kadence_simple_image panel-last-child\" data-index=\"5\" ><div class=\"kad_img_upload_widget  kt-shape-type- kt-image-align-center kt-image-widget-widget-0-1-2\"><a href=\"\/products\/accessories\/tripod-connector\/\" target=\"_self\"><div class=\"kt-image-contain  \"><div class=\"kt-image-inner-contain\"><img decoding=\"async\" src=\"https:\/\/ewa-marine.com\/wp-content\/uploads\/2015\/07\/tripodmount-200x150.jpg\"><\/div><\/div><\/a><div class=\"kadence_image_widget_caption\">Stativ-Bodenplatte<\/div><\/div><\/div><\/div><div id=\"pgc-w5c5bf5eaf0609-0-2\"  class=\"panel-grid-cell\" ><div id=\"panel-w5c5bf5eaf0609-0-2-0\" class=\"so-panel widget widget_kadence_simple_image kadence_simple_image panel-first-child\" data-index=\"6\" ><div class=\"panel-widget-style panel-widget-style-for-w5c5bf5eaf0609-0-2-0\" ><div class=\"kad_img_upload_widget  kt-shape-type- kt-image-align-center kt-image-widget-widget-0-2-0\"><a href=\"\/products\/accessories\/bv2\/\" target=\"_self\"><div class=\"kt-image-contain  \"><div class=\"kt-image-inner-contain\"><img decoding=\"async\" src=\"https:\/\/ewa-marine.com\/wp-content\/uploads\/2015\/07\/BV2_200x150.jpg\"><\/div><\/div><\/a><div class=\"kadence_image_widget_caption\">BV2\nBlei<\/div><\/div><\/div><\/div><div id=\"panel-w5c5bf5eaf0609-0-2-1\" class=\"so-panel widget widget_kadence_simple_image kadence_simple_image panel-last-child\" data-index=\"7\" ><div class=\"kad_img_upload_widget  kt-shape-type- kt-image-align-center kt-image-widget-widget-0-2-1\"><a href=\"\/products\/accessories\/ewa-marine-ca-adapter\/\" target=\"_self\"><div class=\"kt-image-contain  \"><div class=\"kt-image-inner-contain\"><img decoding=\"async\" src=\"https:\/\/ewa-marine.com\/wp-content\/uploads\/2015\/07\/C-A67-200x150.jpg\"><\/div><\/div><\/a><div class=\"kadence_image_widget_caption\">CA67<\/div><\/div><\/div><\/div><div id=\"pgc-w5c5bf5eaf0609-0-3\"  class=\"panel-grid-cell\" ><div id=\"panel-w5c5bf5eaf0609-0-3-0\" class=\"so-panel widget widget_kadence_simple_image kadence_simple_image panel-first-child\" data-index=\"8\" ><div class=\"panel-widget-style panel-widget-style-for-w5c5bf5eaf0609-0-3-0\" ><div class=\"kad_img_upload_widget  kt-shape-type- kt-image-align-center kt-image-widget-widget-0-3-0\"><a href=\"\/products\/accessories\/bf1\/\" target=\"_self\"><div class=\"kt-image-contain  \"><div class=\"kt-image-inner-contain\"><img decoding=\"async\" src=\"https:\/\/ewa-marine.com\/wp-content\/uploads\/2015\/07\/BF1-200x150.jpg\"><\/div><\/div><\/a><div class=\"kadence_image_widget_caption\">BF1 Soft-Blei<\/div><\/div><\/div><\/div><div id=\"panel-w5c5bf5eaf0609-0-3-1\" class=\"so-panel widget widget_kadence_simple_image kadence_simple_image panel-last-child\" data-index=\"9\" ><div class=\"kad_img_upload_widget  kt-shape-type-kt-image-shape-standard kt-image-align-center kt-image-widget-widget-0-3-1\"><a href=\"\/products\/accessories\/ewa-marine-ca-adapter\/\" target=\"_self\"><div class=\"kt-image-contain kt-image-shadow-none kt-image-shape-standard\"><div class=\"kt-image-inner-contain\"><img decoding=\"async\" src=\"https:\/\/ewa-marine.com\/wp-content\/uploads\/2015\/07\/Adapter-82-200x150.jpg\"><\/div><\/div><\/a><div class=\"kadence_image_widget_caption\">CA82<\/div><\/div><\/div><\/div><div id=\"pgc-w5c5bf5eaf0609-0-4\"  class=\"panel-grid-cell\" ><div id=\"panel-w5c5bf5eaf0609-0-4-0\" class=\"so-panel widget widget_kadence_simple_image kadence_simple_image panel-first-child panel-last-child\" data-index=\"10\" ><div class=\"kad_img_upload_widget  kt-shape-type- kt-image-align-center kt-image-widget-widget-0-4-0\"><a href=\"\/soft-lead-weights-bs7\/\" target=\"_self\"><div class=\"kt-image-contain  \"><div class=\"kt-image-inner-contain\"><img decoding=\"async\" src=\"https:\/\/ewa-marine.com\/wp-content\/uploads\/2015\/07\/BS7-200x150.jpg\"><\/div><\/div><\/a><div class=\"kadence_image_widget_caption\">BS7\nBlei<\/div><\/div><\/div><\/div><\/div><\/div><\/div><\/div><\/div><\/div><\/div><div id=\"pg-1529-2\"  class=\"panel-grid panel-no-style\" ><div id=\"pgc-1529-2-0\"  class=\"panel-grid-cell\" ><div id=\"panel-1529-2-0-0\" class=\"so-panel widget widget_black-studio-tinymce widget_black_studio_tinymce panel-first-child panel-last-child\" data-index=\"7\" ><div class=\"textwidget\"><hr \/>\n<p>\u00a0<\/p>\n<h6>Alle Daten und Bilder von Unterwassergeh\u00e4usen und Regencapes entsprechen dem Stand unserer Produkte zum Zeitpunkt der letzten redaktionellen Bearbeitung dieser Seite. ewa-marine beh\u00e4lt sich jedoch vor, alle Produkte im Rahmen unseres kontinuierlichen Verbesserungprozesses zu \u00e4ndern und zu verbessern. Daher k\u00f6nnen die aktuell im Markt angebotenen Produkte in Einzelpunkten eventuell von den Abbildungen abweichen. Eine Garantie f\u00fcr Vollst\u00e4ndigkeit oder Richtigkeit kann nicht \u00fcbernommen werden, ebenso wenig wie eine Haftung f\u00fcr die Verwendung dieser Seiten oder deren Inhalt.<br \/> Einige Bilder auf dieser Website zeigen die ewa-marine Produkt einschlie\u00dflich Kamera oder anderer elektronischer Ger\u00e4te. Diese Kameras oder andere Elektronik sind nicht im Lieferumfang enthalten und dienen hier nur als Anwendungsbeispiel.<\/h6>\n<\/div><\/div><\/div><\/div><\/div>","protected":false},"excerpt":{"rendered":"<p>ewa-marine CZ-100 Regencape Der perfekte Regenschutz f\u00fcr Spiegelreflexkameras mit professionellen Zoomobjektiven Bestellcode: CZ-100 Das Regencape C-Z100 ist der perfekte Regenschutz f\u00fcr Spiegelreflexkameras mit professionellen Zoomobjektiven. In dem Cape lassen sich Objektive verschiedener Hersteller wie z.B. Canon 100-400 und 28-300 oder Nikon 80-400 und 70-200 verwenden. Das Cape wird aus Spezialfolie hergestellt und hat eine integrierte optische Planglasscheibe. Die Kamera wird mittels des im Lieferumfang enthaltenen C-A82 Adapters (bis September 2017 wurde dieses Geh\u00e4use mit einem CA77 Adapter ausgeliefert) und des &hellip; <a href=\"https:\/\/ewa-marine.com\/de\/products\/regencapes\/fotokameras\/c-z100\/\">Weiterlesen<\/a><\/p>\n","protected":false},"author":2,"featured_media":0,"parent":825,"menu_order":5,"comment_status":"closed","ping_status":"closed","template":"","meta":{"kt_blocks_editor_width":"","footnotes":""},"class_list":["post-1529","page","type-page","status-publish","hentry"],"yoast_head":"<!-- This site is optimized with the Yoast SEO plugin v27.3 - https:\/\/yoast.com\/product\/yoast-seo-wordpress\/ -->\n<title>ewa-marine C-Z100 Regencape f\u00fcr Kameras mit gro\u00dfem Zoomobjektiv<\/title>\n<meta name=\"description\" content=\"Das aus Spezialfolie hergestellte Regencape C-Z100 ist der perfekte Regenschutz f\u00fcr Spiegelreflexkameras mit professionellen Zoomobjektiven.\" \/>\n<meta name=\"robots\" content=\"index, follow, max-snippet:-1, max-image-preview:large, max-video-preview:-1\" \/>\n<link rel=\"canonical\" href=\"https:\/\/ewa-marine.com\/de\/products\/regencapes\/fotokameras\/c-z100\/\" \/>\n<meta property=\"og:locale\" content=\"de_DE\" \/>\n<meta property=\"og:type\" content=\"article\" \/>\n<meta property=\"og:title\" content=\"ewa-marine C-Z100 Regencape f\u00fcr Kameras mit gro\u00dfem Zoomobjektiv\" \/>\n<meta property=\"og:description\" content=\"Das aus Spezialfolie hergestellte Regencape C-Z100 ist der perfekte Regenschutz f\u00fcr Spiegelreflexkameras mit professionellen Zoomobjektiven.\" \/>\n<meta property=\"og:url\" content=\"https:\/\/ewa-marine.com\/de\/products\/regencapes\/fotokameras\/c-z100\/\" \/>\n<meta property=\"og:site_name\" content=\"ewa-marine\" \/>\n<meta property=\"article:publisher\" content=\"https:\/\/www.facebook.com\/ewa-marine\" \/>\n<meta property=\"article:modified_time\" content=\"2019-02-07T09:10:03+00:00\" \/>\n<meta property=\"og:image\" content=\"https:\/\/ewa-marine.com\/wp-content\/uploads\/2015\/07\/ewa-marine-icon.jpg\" \/>\n\t<meta property=\"og:image:width\" content=\"250\" \/>\n\t<meta property=\"og:image:height\" content=\"250\" \/>\n\t<meta property=\"og:image:type\" content=\"image\/jpeg\" \/>\n<meta name=\"twitter:card\" content=\"summary_large_image\" \/>\n<meta name=\"twitter:site\" content=\"@ewa_marine\" \/>\n<meta name=\"twitter:label1\" content=\"Gesch\u00e4tzte Lesezeit\" \/>\n\t<meta name=\"twitter:data1\" content=\"2\u00a0Minuten\" \/>\n<script type=\"application\/ld+json\" class=\"yoast-schema-graph\">{\"@context\":\"https:\\\/\\\/schema.org\",\"@graph\":[{\"@type\":\"WebPage\",\"@id\":\"https:\\\/\\\/ewa-marine.com\\\/de\\\/products\\\/regencapes\\\/fotokameras\\\/c-z100\\\/\",\"url\":\"https:\\\/\\\/ewa-marine.com\\\/de\\\/products\\\/regencapes\\\/fotokameras\\\/c-z100\\\/\",\"name\":\"ewa-marine C-Z100 Regencape f\u00fcr Kameras mit gro\u00dfem Zoomobjektiv\",\"isPartOf\":{\"@id\":\"https:\\\/\\\/ewa-marine.com\\\/de\\\/#website\"},\"datePublished\":\"2015-07-17T09:51:31+00:00\",\"dateModified\":\"2019-02-07T09:10:03+00:00\",\"description\":\"Das aus Spezialfolie hergestellte Regencape C-Z100 ist der perfekte Regenschutz f\u00fcr Spiegelreflexkameras mit professionellen Zoomobjektiven.\",\"breadcrumb\":{\"@id\":\"https:\\\/\\\/ewa-marine.com\\\/de\\\/products\\\/regencapes\\\/fotokameras\\\/c-z100\\\/#breadcrumb\"},\"inLanguage\":\"de\",\"potentialAction\":[{\"@type\":\"ReadAction\",\"target\":[\"https:\\\/\\\/ewa-marine.com\\\/de\\\/products\\\/regencapes\\\/fotokameras\\\/c-z100\\\/\"]}]},{\"@type\":\"BreadcrumbList\",\"@id\":\"https:\\\/\\\/ewa-marine.com\\\/de\\\/products\\\/regencapes\\\/fotokameras\\\/c-z100\\\/#breadcrumb\",\"itemListElement\":[{\"@type\":\"ListItem\",\"position\":1,\"name\":\"Startseite\",\"item\":\"https:\\\/\\\/www.ewa-marine.de\\\/\"},{\"@type\":\"ListItem\",\"position\":2,\"name\":\"Produkte\",\"item\":\"https:\\\/\\\/www.ewa-marine.de\\\/products\\\/\"},{\"@type\":\"ListItem\",\"position\":3,\"name\":\"Regencapes\",\"item\":\"https:\\\/\\\/www.ewa-marine.de\\\/products\\\/regencapes\\\/\"},{\"@type\":\"ListItem\",\"position\":4,\"name\":\"Fotokameras\",\"item\":\"https:\\\/\\\/www.ewa-marine.de\\\/products\\\/regencapes\\\/fotokameras\\\/\"},{\"@type\":\"ListItem\",\"position\":5,\"name\":\"C-Z100\"}]},{\"@type\":\"WebSite\",\"@id\":\"https:\\\/\\\/ewa-marine.com\\\/de\\\/#website\",\"url\":\"https:\\\/\\\/ewa-marine.com\\\/de\\\/\",\"name\":\"ewa-marine\",\"description\":\"Capture the Extreme !\",\"potentialAction\":[{\"@type\":\"SearchAction\",\"target\":{\"@type\":\"EntryPoint\",\"urlTemplate\":\"https:\\\/\\\/ewa-marine.com\\\/de\\\/?s={search_term_string}\"},\"query-input\":{\"@type\":\"PropertyValueSpecification\",\"valueRequired\":true,\"valueName\":\"search_term_string\"}}],\"inLanguage\":\"de\"}]}<\/script>\n<!-- \/ Yoast SEO plugin. -->","yoast_head_json":{"title":"ewa-marine C-Z100 Regencape f\u00fcr Kameras mit gro\u00dfem Zoomobjektiv","description":"Das aus Spezialfolie hergestellte Regencape C-Z100 ist der perfekte Regenschutz f\u00fcr Spiegelreflexkameras mit professionellen Zoomobjektiven.","robots":{"index":"index","follow":"follow","max-snippet":"max-snippet:-1","max-image-preview":"max-image-preview:large","max-video-preview":"max-video-preview:-1"},"canonical":"https:\/\/ewa-marine.com\/de\/products\/regencapes\/fotokameras\/c-z100\/","og_locale":"de_DE","og_type":"article","og_title":"ewa-marine C-Z100 Regencape f\u00fcr Kameras mit gro\u00dfem Zoomobjektiv","og_description":"Das aus Spezialfolie hergestellte Regencape C-Z100 ist der perfekte Regenschutz f\u00fcr Spiegelreflexkameras mit professionellen Zoomobjektiven.","og_url":"https:\/\/ewa-marine.com\/de\/products\/regencapes\/fotokameras\/c-z100\/","og_site_name":"ewa-marine","article_publisher":"https:\/\/www.facebook.com\/ewa-marine","article_modified_time":"2019-02-07T09:10:03+00:00","og_image":[{"width":250,"height":250,"url":"https:\/\/ewa-marine.com\/wp-content\/uploads\/2015\/07\/ewa-marine-icon.jpg","type":"image\/jpeg"}],"twitter_card":"summary_large_image","twitter_site":"@ewa_marine","twitter_misc":{"Gesch\u00e4tzte Lesezeit":"2\u00a0Minuten"},"schema":{"@context":"https:\/\/schema.org","@graph":[{"@type":"WebPage","@id":"https:\/\/ewa-marine.com\/de\/products\/regencapes\/fotokameras\/c-z100\/","url":"https:\/\/ewa-marine.com\/de\/products\/regencapes\/fotokameras\/c-z100\/","name":"ewa-marine C-Z100 Regencape f\u00fcr Kameras mit gro\u00dfem Zoomobjektiv","isPartOf":{"@id":"https:\/\/ewa-marine.com\/de\/#website"},"datePublished":"2015-07-17T09:51:31+00:00","dateModified":"2019-02-07T09:10:03+00:00","description":"Das aus Spezialfolie hergestellte Regencape C-Z100 ist der perfekte Regenschutz f\u00fcr Spiegelreflexkameras mit professionellen Zoomobjektiven.","breadcrumb":{"@id":"https:\/\/ewa-marine.com\/de\/products\/regencapes\/fotokameras\/c-z100\/#breadcrumb"},"inLanguage":"de","potentialAction":[{"@type":"ReadAction","target":["https:\/\/ewa-marine.com\/de\/products\/regencapes\/fotokameras\/c-z100\/"]}]},{"@type":"BreadcrumbList","@id":"https:\/\/ewa-marine.com\/de\/products\/regencapes\/fotokameras\/c-z100\/#breadcrumb","itemListElement":[{"@type":"ListItem","position":1,"name":"Startseite","item":"https:\/\/www.ewa-marine.de\/"},{"@type":"ListItem","position":2,"name":"Produkte","item":"https:\/\/www.ewa-marine.de\/products\/"},{"@type":"ListItem","position":3,"name":"Regencapes","item":"https:\/\/www.ewa-marine.de\/products\/regencapes\/"},{"@type":"ListItem","position":4,"name":"Fotokameras","item":"https:\/\/www.ewa-marine.de\/products\/regencapes\/fotokameras\/"},{"@type":"ListItem","position":5,"name":"C-Z100"}]},{"@type":"WebSite","@id":"https:\/\/ewa-marine.com\/de\/#website","url":"https:\/\/ewa-marine.com\/de\/","name":"ewa-marine","description":"Capture the Extreme !","potentialAction":[{"@type":"SearchAction","target":{"@type":"EntryPoint","urlTemplate":"https:\/\/ewa-marine.com\/de\/?s={search_term_string}"},"query-input":{"@type":"PropertyValueSpecification","valueRequired":true,"valueName":"search_term_string"}}],"inLanguage":"de"}]}},"_links":{"self":[{"href":"https:\/\/ewa-marine.com\/de\/wp-json\/wp\/v2\/pages\/1529","targetHints":{"allow":["GET"]}}],"collection":[{"href":"https:\/\/ewa-marine.com\/de\/wp-json\/wp\/v2\/pages"}],"about":[{"href":"https:\/\/ewa-marine.com\/de\/wp-json\/wp\/v2\/types\/page"}],"author":[{"embeddable":true,"href":"https:\/\/ewa-marine.com\/de\/wp-json\/wp\/v2\/users\/2"}],"replies":[{"embeddable":true,"href":"https:\/\/ewa-marine.com\/de\/wp-json\/wp\/v2\/comments?post=1529"}],"version-history":[{"count":4,"href":"https:\/\/ewa-marine.com\/de\/wp-json\/wp\/v2\/pages\/1529\/revisions"}],"predecessor-version":[{"id":32231,"href":"https:\/\/ewa-marine.com\/de\/wp-json\/wp\/v2\/pages\/1529\/revisions\/32231"}],"up":[{"embeddable":true,"href":"https:\/\/ewa-marine.com\/de\/wp-json\/wp\/v2\/pages\/825"}],"wp:attachment":[{"href":"https:\/\/ewa-marine.com\/de\/wp-json\/wp\/v2\/media?parent=1529"}],"curies":[{"name":"wp","href":"https:\/\/api.w.org\/{rel}","templated":true}]}}