{"id":153,"date":"2015-07-05T16:07:41","date_gmt":"2015-07-05T15:07:41","guid":{"rendered":"http:\/\/de.dicapac.de\/?page_id=153"},"modified":"2018-07-23T19:45:04","modified_gmt":"2018-07-23T18:45:04","slug":"kompaktkameras","status":"publish","type":"page","link":"https:\/\/ewa-marine.com\/de\/products\/foto\/kompaktkameras\/","title":{"rendered":"Kompaktkameras"},"content":{"rendered":"<div id=\"pl-153\"  class=\"panel-layout\" ><div id=\"pg-153-0\"  class=\"panel-grid panel-no-style\" ><div id=\"pgc-153-0-0\"  class=\"panel-grid-cell\" ><div id=\"panel-153-0-0-0\" class=\"so-panel widget widget_sow-editor panel-first-child panel-last-child\" data-index=\"0\" ><div\n\t\t\t\n\t\t\tclass=\"so-widget-sow-editor so-widget-sow-editor-base\"\n\t\t\t\n\t\t>\n<div class=\"siteorigin-widget-tinymce textwidget\">\n\t<h1>Unterwasssergeh\u00e4use f\u00fcr Kompaktkameras<\/h1>\n<h2>Capture the Extreme!<\/h2>\n<p>Erziele gro\u00dfartige Bilder in extremen Bedingungen mit Deiner \"standard\", high quality, digitalen, Kompaktkamera von Premium-Herstellern wie Canon, Fuji, Leica, Nikon, Olympus, Panasonic, Pentax, Samsung, Sony und anderer Hersteller*.<a href=\"https:\/\/ewa-marine.com\/wp-content\/uploads\/2015\/12\/3D-S_200x200.jpg\" rel=\"attachment wp-att-2761\"><img loading=\"lazy\" decoding=\"async\" class=\"wp-image-2761 size-full alignright\" src=\"https:\/\/ewa-marine.com\/wp-content\/uploads\/2015\/12\/3D-S_200x200.jpg\" alt=\"ewa-marien compact camera housing 3D-S\" width=\"200\" height=\"200\" srcset=\"https:\/\/ewa-marine.com\/wp-content\/uploads\/2015\/12\/3D-S_200x200.jpg 200w, https:\/\/ewa-marine.com\/wp-content\/uploads\/2015\/12\/3D-S_200x200-150x150.jpg 150w, https:\/\/ewa-marine.com\/wp-content\/uploads\/2015\/12\/3D-S_200x200-60x60.jpg 60w\" sizes=\"auto, (max-width: 200px) 100vw, 200px\" \/><\/a><\/p>\n<p><span id=\"result_box\" class=\"\" lang=\"de\">Seit den fr\u00fchen 70er Jahren fertigt ewa-marine Geh\u00e4use f\u00fcr Kompaktkameras. Nat\u00fcrlich waren diese fr\u00fchen Geh\u00e4use alle f\u00fcr analoge 35mm Kameras. <span class=\"\">Und dann, auf der Photokina 1998, haben wir die ersten Unterwassergeh\u00e4use f\u00fcr kompakte Digitalkameras eingef\u00fchrt und diese Sparte ist seitdem gewachsen.<\/span><\/span><\/p>\n<p>Alle Geh\u00e4use bestehen aus einem speziellen, mehrschichtig laminierten PVC um dem Kunden und Seiner Kamera absolute Sicherheit und lange Haltbarkeit zu gew\u00e4hrleisten. Das verwendete Material wird im \"3D-Verfahren\" mehrfach verschwei\u00dft, d. h. mit H\u00f6he, Breite und Tiefe, und nicht nur einem flachen Beutel, um einen ergonomischen Zugang zu den Bedienelementen zu erm\u00f6glichen. Die N\u00e4hte werden auch alle zweifach geschwei\u00dft, um eine flache und extrem starke Verbindung zu gew\u00e4hrleisten. Und nat\u00fcrlich sind alle ewa-marine Kamera Unterwassergeh\u00e4use mit einem, sogenannten, Front-Port aus optischem Mineralglas versehen. Dieses Glas, sowie das gesamte Geh\u00e4use sind zu 100% \"made in Germany\" Damit Ihre Kamera nicht nur sicher untertauchen kann, sondern die damit gemachten Bilder auch den h\u00f6chsten Anspr\u00fcchen Gen\u00fcge tun. Qualit\u00e4t, der Sie vertrauen k\u00f6nnen.<\/p>\n<p><span id=\"result_box\" class=\"\" lang=\"de\"><span class=\"\">Unser gegenw\u00e4rtiges, allgemeines Sortiment der Unterwassergeh\u00e4use f\u00fcr kompakte Digitalkameras sind<\/span><\/span>:<\/p>\n<ul>\n<li><a href=\"https:\/\/www.ewa-marine.de\/products\/foto\/kompaktkameras\/3d-s\/\">3D-S\u00a0\u00a0\u00a0 (Small \/ f\u00fcr sehr kleine Kameras)<\/a><\/li>\n<li><a href=\"https:\/\/www.ewa-marine.de\/products\/foto\/kompaktkameras\/3d-m\/\">3D-M \u00a0\u00a0 (Medium \/ f\u00fcr mittelgro\u00dfe Kameras)<\/a><\/li>\n<li><a href=\"https:\/\/www.ewa-marine.de\/products\/foto\/kompaktkameras\/3d-l\/\">3D-L\u00a0\u00a0\u00a0 (Large \/ f\u00fcr gro\u00dfe Kompaktkameras)<\/a><\/li>\n<\/ul>\n<p><span id=\"result_box\" class=\"\" lang=\"de\"><span class=\"\">Nat\u00fcrlich haben wir auch eine Reihe von speziellen Geh\u00e4usen, in die Kameras mit einem \"ungew\u00f6hnlichen\" Design, Form oder andere besondere Anforderungen passen:<\/span><\/span><\/p>\n<ul>\n<li><a href=\"https:\/\/www.ewa-marine.de\/products\/foto\/kompaktkameras\/aeltere-gehaeuse\/d-cp1\/\">D-CP1<\/a><\/li>\n<li><a href=\"https:\/\/www.ewa-marine.de\/products\/foto\/kompaktkameras\/aeltere-gehaeuse\/d-cp2\/\">D-CP2<\/a><\/li>\n<li><a href=\"https:\/\/www.ewa-marine.de\/products\/foto\/kompaktkameras\/aeltere-gehaeuse\/\"><span id=\"result_box\" class=\"\" lang=\"de\"><span class=\"\">Verschiedene kundenspezifische Geh\u00e4use f\u00fcr \u00e4ltere kompakte digitale und analoge Kameras<\/span><\/span><\/a><\/li>\n<\/ul>\n<p><span id=\"result_box\" class=\"\" lang=\"de\"><span class=\"\">F\u00fcr sogenannte Brigde-Kameras und Systemkameras mit Wechselobjektiven (MFT) bieten wir folgende Unterwassergeh\u00e4use an:<\/span><\/span><\/p>\n<ul>\n<li><a href=\"https:\/\/www.ewa-marine.de\/products\/foto\/slr\/d-b\/\">D-B<\/a><\/li>\n<li><a href=\"https:\/\/www.ewa-marine.de\/products\/foto\/slr\/d-a\/\">D-A<\/a><\/li>\n<li><a href=\"https:\/\/www.ewa-marine.de\/products\/foto\/slr\/d-ax\/\">D-AX<\/a><\/li>\n<\/ul>\n<hr \/>\n<h6>* Die oben genannten Kamerahersteller sind die aktuell popul\u00e4ren Marken. Nat\u00fcrlich passen unsere Geh\u00e4use auch f\u00fcr Kameras anderer Hersteller wie Agfa, Casio, GE, Kodak, Konica, Lomo, Medion, Minolta, Minox, Ricoh, Rollei, Sharp, Vivitar, Walmart, Yashica, usw.<br \/>\nAlle genannten Marken sind gesch\u00fctzte Marken der jeweiligen Unternehmen. Die Markennamen werden auf diesen Seiten als Kundendienst verwendet um dem Besitzer von Kameras dieser Hersteller zu helfen ein passendes Unterwassergeh\u00e4use zu finden.<\/h6>\n<\/div>\n<\/div><\/div><\/div><\/div><\/div>","protected":false},"excerpt":{"rendered":"<p>Unterwasssergeh\u00e4use f\u00fcr Kompaktkameras Capture the Extreme! Erziele gro\u00dfartige Bilder in extremen Bedingungen mit Deiner &#8222;standard&#8220;, high quality, digitalen, Kompaktkamera von Premium-Herstellern wie Canon, Fuji, Leica, Nikon, Olympus, Panasonic, Pentax, Samsung, Sony und anderer Hersteller*. Seit den fr\u00fchen 70er Jahren fertigt ewa-marine Geh\u00e4use f\u00fcr Kompaktkameras. Nat\u00fcrlich waren diese fr\u00fchen Geh\u00e4use alle f\u00fcr analoge 35mm Kameras. Und dann, auf der Photokina 1998, haben wir die ersten Unterwassergeh\u00e4use f\u00fcr kompakte Digitalkameras eingef\u00fchrt und diese Sparte ist seitdem gewachsen. Alle Geh\u00e4use bestehen aus einem &hellip; <a href=\"https:\/\/ewa-marine.com\/de\/products\/foto\/kompaktkameras\/\">Weiterlesen<\/a><\/p>\n","protected":false},"author":1,"featured_media":3797,"parent":150,"menu_order":0,"comment_status":"closed","ping_status":"closed","template":"","meta":{"kt_blocks_editor_width":"","footnotes":""},"class_list":["post-153","page","type-page","status-publish","has-post-thumbnail","hentry"],"yoast_head":"<!-- This site is optimized with the Yoast SEO plugin v27.3 - https:\/\/yoast.com\/product\/yoast-seo-wordpress\/ -->\n<title>ewa-marine: Unterwassergeh\u00e4use f\u00fcr Kompaktkameras<\/title>\n<meta name=\"description\" content=\"ewa-marine, Hersteller kosteng\u00fcnstiger, Unterwassergeh\u00e4use f\u00fcr analoge und digitaln Kameras mit einem optischen Frontglas. Seit 1969 &quot;made in Germany&quot;\" \/>\n<meta name=\"robots\" content=\"index, follow, max-snippet:-1, max-image-preview:large, max-video-preview:-1\" \/>\n<link rel=\"canonical\" href=\"https:\/\/ewa-marine.com\/de\/products\/foto\/kompaktkameras\/\" \/>\n<meta property=\"og:locale\" content=\"de_DE\" \/>\n<meta property=\"og:type\" content=\"article\" \/>\n<meta property=\"og:title\" content=\"ewa-marine: Unterwassergeh\u00e4use f\u00fcr Kompaktkameras\" \/>\n<meta property=\"og:description\" content=\"ewa-marine, Hersteller kosteng\u00fcnstiger, Unterwassergeh\u00e4use f\u00fcr analoge und digitaln Kameras mit einem optischen Frontglas. Seit 1969 &quot;made in Germany&quot;\" \/>\n<meta property=\"og:url\" content=\"https:\/\/ewa-marine.com\/de\/products\/foto\/kompaktkameras\/\" \/>\n<meta property=\"og:site_name\" content=\"ewa-marine\" \/>\n<meta property=\"article:publisher\" content=\"https:\/\/www.facebook.com\/ewa-marine\" \/>\n<meta property=\"article:modified_time\" content=\"2018-07-23T18:45:04+00:00\" \/>\n<meta property=\"og:image\" content=\"https:\/\/ewa-marine.com\/wp-content\/uploads\/2015\/07\/featured-image-3D.jpg\" \/>\n\t<meta property=\"og:image:width\" content=\"200\" \/>\n\t<meta property=\"og:image:height\" content=\"200\" \/>\n\t<meta property=\"og:image:type\" content=\"image\/jpeg\" \/>\n<meta name=\"twitter:card\" content=\"summary_large_image\" \/>\n<meta name=\"twitter:site\" content=\"@ewa_marine\" \/>\n<meta name=\"twitter:label1\" content=\"Gesch\u00e4tzte Lesezeit\" \/>\n\t<meta name=\"twitter:data1\" content=\"2\u00a0Minuten\" \/>\n<script type=\"application\/ld+json\" class=\"yoast-schema-graph\">{\"@context\":\"https:\\\/\\\/schema.org\",\"@graph\":[{\"@type\":\"WebPage\",\"@id\":\"https:\\\/\\\/ewa-marine.com\\\/de\\\/products\\\/foto\\\/kompaktkameras\\\/\",\"url\":\"https:\\\/\\\/ewa-marine.com\\\/de\\\/products\\\/foto\\\/kompaktkameras\\\/\",\"name\":\"ewa-marine: Unterwassergeh\u00e4use f\u00fcr Kompaktkameras\",\"isPartOf\":{\"@id\":\"https:\\\/\\\/ewa-marine.com\\\/de\\\/#website\"},\"primaryImageOfPage\":{\"@id\":\"https:\\\/\\\/ewa-marine.com\\\/de\\\/products\\\/foto\\\/kompaktkameras\\\/#primaryimage\"},\"image\":{\"@id\":\"https:\\\/\\\/ewa-marine.com\\\/de\\\/products\\\/foto\\\/kompaktkameras\\\/#primaryimage\"},\"thumbnailUrl\":\"https:\\\/\\\/ewa-marine.com\\\/wp-content\\\/uploads\\\/2015\\\/07\\\/featured-image-3D.jpg\",\"datePublished\":\"2015-07-05T15:07:41+00:00\",\"dateModified\":\"2018-07-23T18:45:04+00:00\",\"description\":\"ewa-marine, Hersteller kosteng\u00fcnstiger, Unterwassergeh\u00e4use f\u00fcr analoge und digitaln Kameras mit einem optischen Frontglas. Seit 1969 \\\"made in Germany\\\"\",\"breadcrumb\":{\"@id\":\"https:\\\/\\\/ewa-marine.com\\\/de\\\/products\\\/foto\\\/kompaktkameras\\\/#breadcrumb\"},\"inLanguage\":\"de\",\"potentialAction\":[{\"@type\":\"ReadAction\",\"target\":[\"https:\\\/\\\/ewa-marine.com\\\/de\\\/products\\\/foto\\\/kompaktkameras\\\/\"]}]},{\"@type\":\"ImageObject\",\"inLanguage\":\"de\",\"@id\":\"https:\\\/\\\/ewa-marine.com\\\/de\\\/products\\\/foto\\\/kompaktkameras\\\/#primaryimage\",\"url\":\"https:\\\/\\\/ewa-marine.com\\\/wp-content\\\/uploads\\\/2015\\\/07\\\/featured-image-3D.jpg\",\"contentUrl\":\"https:\\\/\\\/ewa-marine.com\\\/wp-content\\\/uploads\\\/2015\\\/07\\\/featured-image-3D.jpg\",\"width\":200,\"height\":200},{\"@type\":\"BreadcrumbList\",\"@id\":\"https:\\\/\\\/ewa-marine.com\\\/de\\\/products\\\/foto\\\/kompaktkameras\\\/#breadcrumb\",\"itemListElement\":[{\"@type\":\"ListItem\",\"position\":1,\"name\":\"Startseite\",\"item\":\"https:\\\/\\\/www.ewa-marine.de\\\/\"},{\"@type\":\"ListItem\",\"position\":2,\"name\":\"Produkte\",\"item\":\"https:\\\/\\\/www.ewa-marine.de\\\/products\\\/\"},{\"@type\":\"ListItem\",\"position\":3,\"name\":\"Foto\",\"item\":\"https:\\\/\\\/www.ewa-marine.de\\\/products\\\/foto\\\/\"},{\"@type\":\"ListItem\",\"position\":4,\"name\":\"Kompaktkameras\"}]},{\"@type\":\"WebSite\",\"@id\":\"https:\\\/\\\/ewa-marine.com\\\/de\\\/#website\",\"url\":\"https:\\\/\\\/ewa-marine.com\\\/de\\\/\",\"name\":\"ewa-marine\",\"description\":\"Capture the Extreme !\",\"potentialAction\":[{\"@type\":\"SearchAction\",\"target\":{\"@type\":\"EntryPoint\",\"urlTemplate\":\"https:\\\/\\\/ewa-marine.com\\\/de\\\/?s={search_term_string}\"},\"query-input\":{\"@type\":\"PropertyValueSpecification\",\"valueRequired\":true,\"valueName\":\"search_term_string\"}}],\"inLanguage\":\"de\"}]}<\/script>\n<!-- \/ Yoast SEO plugin. -->","yoast_head_json":{"title":"ewa-marine: Unterwassergeh\u00e4use f\u00fcr Kompaktkameras","description":"ewa-marine, Hersteller kosteng\u00fcnstiger, Unterwassergeh\u00e4use f\u00fcr analoge und digitaln Kameras mit einem optischen Frontglas. Seit 1969 \"made in Germany\"","robots":{"index":"index","follow":"follow","max-snippet":"max-snippet:-1","max-image-preview":"max-image-preview:large","max-video-preview":"max-video-preview:-1"},"canonical":"https:\/\/ewa-marine.com\/de\/products\/foto\/kompaktkameras\/","og_locale":"de_DE","og_type":"article","og_title":"ewa-marine: Unterwassergeh\u00e4use f\u00fcr Kompaktkameras","og_description":"ewa-marine, Hersteller kosteng\u00fcnstiger, Unterwassergeh\u00e4use f\u00fcr analoge und digitaln Kameras mit einem optischen Frontglas. Seit 1969 \"made in Germany\"","og_url":"https:\/\/ewa-marine.com\/de\/products\/foto\/kompaktkameras\/","og_site_name":"ewa-marine","article_publisher":"https:\/\/www.facebook.com\/ewa-marine","article_modified_time":"2018-07-23T18:45:04+00:00","og_image":[{"width":200,"height":200,"url":"https:\/\/ewa-marine.com\/wp-content\/uploads\/2015\/07\/featured-image-3D.jpg","type":"image\/jpeg"}],"twitter_card":"summary_large_image","twitter_site":"@ewa_marine","twitter_misc":{"Gesch\u00e4tzte Lesezeit":"2\u00a0Minuten"},"schema":{"@context":"https:\/\/schema.org","@graph":[{"@type":"WebPage","@id":"https:\/\/ewa-marine.com\/de\/products\/foto\/kompaktkameras\/","url":"https:\/\/ewa-marine.com\/de\/products\/foto\/kompaktkameras\/","name":"ewa-marine: Unterwassergeh\u00e4use f\u00fcr Kompaktkameras","isPartOf":{"@id":"https:\/\/ewa-marine.com\/de\/#website"},"primaryImageOfPage":{"@id":"https:\/\/ewa-marine.com\/de\/products\/foto\/kompaktkameras\/#primaryimage"},"image":{"@id":"https:\/\/ewa-marine.com\/de\/products\/foto\/kompaktkameras\/#primaryimage"},"thumbnailUrl":"https:\/\/ewa-marine.com\/wp-content\/uploads\/2015\/07\/featured-image-3D.jpg","datePublished":"2015-07-05T15:07:41+00:00","dateModified":"2018-07-23T18:45:04+00:00","description":"ewa-marine, Hersteller kosteng\u00fcnstiger, Unterwassergeh\u00e4use f\u00fcr analoge und digitaln Kameras mit einem optischen Frontglas. Seit 1969 \"made in Germany\"","breadcrumb":{"@id":"https:\/\/ewa-marine.com\/de\/products\/foto\/kompaktkameras\/#breadcrumb"},"inLanguage":"de","potentialAction":[{"@type":"ReadAction","target":["https:\/\/ewa-marine.com\/de\/products\/foto\/kompaktkameras\/"]}]},{"@type":"ImageObject","inLanguage":"de","@id":"https:\/\/ewa-marine.com\/de\/products\/foto\/kompaktkameras\/#primaryimage","url":"https:\/\/ewa-marine.com\/wp-content\/uploads\/2015\/07\/featured-image-3D.jpg","contentUrl":"https:\/\/ewa-marine.com\/wp-content\/uploads\/2015\/07\/featured-image-3D.jpg","width":200,"height":200},{"@type":"BreadcrumbList","@id":"https:\/\/ewa-marine.com\/de\/products\/foto\/kompaktkameras\/#breadcrumb","itemListElement":[{"@type":"ListItem","position":1,"name":"Startseite","item":"https:\/\/www.ewa-marine.de\/"},{"@type":"ListItem","position":2,"name":"Produkte","item":"https:\/\/www.ewa-marine.de\/products\/"},{"@type":"ListItem","position":3,"name":"Foto","item":"https:\/\/www.ewa-marine.de\/products\/foto\/"},{"@type":"ListItem","position":4,"name":"Kompaktkameras"}]},{"@type":"WebSite","@id":"https:\/\/ewa-marine.com\/de\/#website","url":"https:\/\/ewa-marine.com\/de\/","name":"ewa-marine","description":"Capture the Extreme !","potentialAction":[{"@type":"SearchAction","target":{"@type":"EntryPoint","urlTemplate":"https:\/\/ewa-marine.com\/de\/?s={search_term_string}"},"query-input":{"@type":"PropertyValueSpecification","valueRequired":true,"valueName":"search_term_string"}}],"inLanguage":"de"}]}},"_links":{"self":[{"href":"https:\/\/ewa-marine.com\/de\/wp-json\/wp\/v2\/pages\/153","targetHints":{"allow":["GET"]}}],"collection":[{"href":"https:\/\/ewa-marine.com\/de\/wp-json\/wp\/v2\/pages"}],"about":[{"href":"https:\/\/ewa-marine.com\/de\/wp-json\/wp\/v2\/types\/page"}],"author":[{"embeddable":true,"href":"https:\/\/ewa-marine.com\/de\/wp-json\/wp\/v2\/users\/1"}],"replies":[{"embeddable":true,"href":"https:\/\/ewa-marine.com\/de\/wp-json\/wp\/v2\/comments?post=153"}],"version-history":[{"count":0,"href":"https:\/\/ewa-marine.com\/de\/wp-json\/wp\/v2\/pages\/153\/revisions"}],"up":[{"embeddable":true,"href":"https:\/\/ewa-marine.com\/de\/wp-json\/wp\/v2\/pages\/150"}],"wp:featuredmedia":[{"embeddable":true,"href":"https:\/\/ewa-marine.com\/de\/wp-json\/wp\/v2\/media\/3797"}],"wp:attachment":[{"href":"https:\/\/ewa-marine.com\/de\/wp-json\/wp\/v2\/media?parent=153"}],"curies":[{"name":"wp","href":"https:\/\/api.w.org\/{rel}","templated":true}]}}