{"id":1549,"date":"2015-07-17T11:07:56","date_gmt":"2015-07-17T10:07:56","guid":{"rendered":"http:\/\/de.ewa-marine.at\/?page_id=1549"},"modified":"2018-07-24T21:28:26","modified_gmt":"2018-07-24T20:28:26","slug":"c-500","status":"publish","type":"page","link":"https:\/\/ewa-marine.com\/de\/products\/regencapes\/fotokameras\/c-500\/","title":{"rendered":"C-500"},"content":{"rendered":"<div id=\"pl-1549\"  class=\"panel-layout\" ><div id=\"pg-1549-0\"  class=\"panel-grid panel-has-style\" ><div class=\"panel-widget-style panel-row-style panel-row-style-for-1549-0\" ><div id=\"pgc-1549-0-0\"  class=\"panel-grid-cell\" ><div id=\"panel-1549-0-0-0\" class=\"so-panel widget widget_kadence_simple_image kadence_simple_image panel-first-child\" data-index=\"0\" ><div class=\"panel-widget-style panel-widget-style-for-1549-0-0-0\" ><div class=\"kad_img_upload_widget  kt-shape-type- kt-image-align-center kt-image-widget-widget-0-0-0\"><a href=\"https:\/\/ewa-marine.com\/wp-content\/uploads\/2015\/07\/C500-400x400.jpg\" rel=\"lightbox\"><div class=\"kt-image-contain  \"><div class=\"kt-image-inner-contain\"><img loading=\"lazy\" decoding=\"async\" width=\"400\" height=\"400\" src=\"https:\/\/ewa-marine.com\/wp-content\/uploads\/2015\/07\/C500-400x400.jpg\" class=\"attachment-full size-full\" alt=\"\" srcset=\"https:\/\/ewa-marine.com\/wp-content\/uploads\/2015\/07\/C500-400x400.jpg 400w, https:\/\/ewa-marine.com\/wp-content\/uploads\/2015\/07\/C500-400x400-150x150.jpg 150w, https:\/\/ewa-marine.com\/wp-content\/uploads\/2015\/07\/C500-400x400-300x300.jpg 300w, https:\/\/ewa-marine.com\/wp-content\/uploads\/2015\/07\/C500-400x400-60x60.jpg 60w\" sizes=\"auto, (max-width: 400px) 100vw, 400px\" \/><\/div><\/div><\/a><div class=\"kadence_image_widget_caption\">ewa-marine C-500 Regencape, Kamera nicht im Lieferumfang enthalten.<\/div><\/div><\/div><\/div><div id=\"panel-1549-0-0-1\" class=\"so-panel widget widget_siteorigin-panels-builder panel-last-child\" data-index=\"1\" ><div id=\"pl-w58243f46a64fc\"  class=\"panel-layout\" ><div id=\"pg-w58243f46a64fc-0\"  class=\"panel-grid panel-no-style\" ><div id=\"pgc-w58243f46a64fc-0-0\"  class=\"panel-grid-cell\" ><div id=\"panel-w58243f46a64fc-0-0-0\" class=\"so-panel widget widget_kadence_simple_image kadence_simple_image panel-first-child panel-last-child\" data-index=\"0\" ><div class=\"kad_img_upload_widget  kt-shape-type- kt-image-align-center kt-image-widget-widget-0-0-0\"><div class=\"kt-image-contain  \"><div class=\"kt-image-inner-contain\"><img decoding=\"async\" src=\"https:\/\/ewa-marine.com\/wp-content\/uploads\/2015\/07\/made-in-Germany-100x50.gif\"><\/div><\/div><\/div><\/div><\/div><\/div><\/div><\/div><\/div><div id=\"pgc-1549-0-1\"  class=\"panel-grid-cell\" ><div id=\"panel-1549-0-1-0\" class=\"so-panel widget widget_black-studio-tinymce widget_black_studio_tinymce panel-first-child\" data-index=\"2\" ><div class=\"panel-widget-style panel-widget-style-for-1549-0-1-0\" ><div class=\"textwidget\"><p><a href=\"https:\/\/www.marinsolar.de\/produkt\/ewa-marine-c500-regencape\/\" target=\"_blank\"><img loading=\"lazy\" decoding=\"async\" class=\"alignright wp-image-5203\" src=\"\/wp-content\/uploads\/2016\/03\/online-kaufen.png\" alt=\"Online Einkaufen bei marinSolar\" width=\"149\" height=\"50\" \/><\/a><\/p>\n<h1 class=\"bodytext\">ewa-marine C-500 Regencape<\/h1>\n<h2 class=\"bodytext\">Der perfekte Regenschutz f\u00fcr Spiegelreflexkameras mit professionellen Objektiven mit gro\u00dfen Festbrennweiten<\/h2>\n<h6>Bestellcode: C-500<\/h6>\n<p class=\"bodytext\">Das Regencape C-500 ist der perfekte Regenschutz f\u00fcr Spiegelreflexkameras mit professionellen Objektiven mit gro\u00dfen Festbrennweiten.<br \/>\nIn dem Cape lassen sich Objektive\u00a0wie z.B. Canon mit 300mm, 400mm, 500mm und 600mm Brennweite, sowie \u00e4hnliche Objektive von Nikon und anderen Herstellern, verwenden.<\/p>\n<p class=\"bodytext\">Das Cape wird aus Spezialfolie hergestellt. Es hat keine Frontscheibe, sondern wird eng um die Sinnenblende des Objektives geschlossen.<\/p>\n<p>Auf der R\u00fcckseite befindet sich\u00a0ein Glas f\u00fcr den Sucher. Dieses wird mittels einer daran angebrachten Aluminiumschiene auf den Blitzschuh aufgeschoben und liegt dadurch optimal vor dem Sucher. Durch diese beiden Befestigungen sitzt das Cape optimal.<\/p>\n<p class=\"bodytext\">Die Kamera kann immer noch auf einem Stativ verwendet werden.<\/p>\n<\/div><\/div><\/div><div id=\"panel-1549-0-1-1\" class=\"so-panel widget widget_black-studio-tinymce widget_black_studio_tinymce panel-last-child\" data-index=\"3\" ><div class=\"textwidget\">\n<div class=\"panel-group\" id=\"accordionname538\"><div class=\"panel panel-default\"><div class=\"panel-heading\"><a class=\"accordion-toggle collapsed\" data-toggle=\"collapse\" data-parent=\"#accordionname538\" href=\"#collapse5380\"><h5><i class=\"kt-icon-minus primary-color\"><\/i><i class=\"kt-icon-plus\"><\/i>Technische Daten<\/h5><\/a><\/div><div id=\"collapse5380\" class=\"panel-collapse collapse \"><div class=\"panel-body postclass\">\n<table class=\"contenttable contenttable-0\" style=\"height: 103px;\" width=\"224\">\n<tbody>\n<tr class=\"tr-even tr-0\">\n<td class=\"td-0\">L\u00e4nge<\/td>\n<td class=\"td-last\">35 cm<\/td>\n<\/tr>\n<tr class=\"tr-odd tr-1\">\n<td class=\"td-0\">Breite<\/td>\n<td class=\"td-last\">20 cm<\/td>\n<\/tr>\n<tr class=\"tr-even tr-2\">\n<td class=\"td-0\">H\u00f6he<\/td>\n<td class=\"td-last\">30 cm<\/td>\n<\/tr>\n<tr class=\"tr-odd tr-3\">\n<td class=\"td-0\">Gewicht<\/td>\n<td class=\"td-last\">ca. 180 g<\/td>\n<\/tr>\n<tr class=\"tr-even tr-last\">\n<td class=\"td-0\">\u00a0<\/td>\n<td class=\"td-last\">\u00a0<\/td>\n<\/tr>\n<\/tbody>\n<\/table>\n<div class=\"csc-frame csc-frame-rulerBefore\">\u00a0<\/div>\n<p><b class=\"\"><\/div><\/div><\/div><\/div>\n<\/b><\/p>\n<\/div><\/div><\/div><\/div><\/div><div id=\"pg-1549-1\"  class=\"panel-grid panel-has-style\" ><div class=\"panel-widget-style panel-row-style panel-row-style-for-1549-1\" ><div id=\"pgc-1549-1-0\"  class=\"panel-grid-cell\" ><div id=\"panel-1549-1-0-0\" class=\"so-panel widget widget_text panel-first-child\" data-index=\"4\" >\t\t\t<div class=\"textwidget\"><hr>\n<h4>   Produkte, die Sie ebenfalls interessieren k\u00f6nnten:<\/h4>\n<\/div>\n\t\t<\/div><div id=\"panel-1549-1-0-1\" class=\"so-panel widget widget_siteorigin-panels-builder panel-last-child\" data-index=\"5\" ><div class=\"Optional Extras panel-widget-style panel-widget-style-for-1549-1-0-1\" ><div id=\"pl-w58243e44b6692\"  class=\"panel-layout\" ><div id=\"pg-w58243e44b6692-0\"  class=\"panel-grid panel-no-style\" ><div id=\"pgc-w58243e44b6692-0-0\"  class=\"panel-grid-cell\" ><div id=\"panel-w58243e44b6692-0-0-0\" class=\"so-panel widget widget_kadence_simple_image kadence_simple_image panel-first-child panel-last-child\" data-index=\"0\" ><div class=\"kad_img_upload_widget  kt-shape-type- kt-image-align-center kt-image-widget-widget-0-0-0\"><a href=\"\/produkte\/foto\/slr\/u-b100\/\" target=\"_self\"><div class=\"kt-image-contain  \"><div class=\"kt-image-inner-contain\"><img loading=\"lazy\" decoding=\"async\" width=\"200\" height=\"200\" src=\"https:\/\/ewa-marine.com\/wp-content\/uploads\/2015\/12\/U-B-200x200.jpg\" class=\"attachment-full size-full\" alt=\"\" srcset=\"https:\/\/ewa-marine.com\/wp-content\/uploads\/2015\/12\/U-B-200x200.jpg 200w, https:\/\/ewa-marine.com\/wp-content\/uploads\/2015\/12\/U-B-200x200-150x150.jpg 150w, https:\/\/ewa-marine.com\/wp-content\/uploads\/2015\/12\/U-B-200x200-60x60.jpg 60w\" sizes=\"auto, (max-width: 200px) 100vw, 200px\" \/><\/div><\/div><\/a><div class=\"kadence_image_widget_caption\">U-B100 Unterwassergeh\u00e4use<\/div><\/div><\/div><\/div><div id=\"pgc-w58243e44b6692-0-1\"  class=\"panel-grid-cell\" ><div id=\"panel-w58243e44b6692-0-1-0\" class=\"so-panel widget widget_kadence_simple_image kadence_simple_image panel-first-child panel-last-child\" data-index=\"1\" ><div class=\"kad_img_upload_widget  kt-shape-type- kt-image-align-center kt-image-widget-widget-0-1-0\"><a href=\"\/produkte\/foto\/slr\/u-bxp\/\" target=\"_self\"><div class=\"kt-image-contain  \"><div class=\"kt-image-inner-contain\"><img loading=\"lazy\" decoding=\"async\" width=\"200\" height=\"200\" src=\"https:\/\/ewa-marine.com\/wp-content\/uploads\/2015\/12\/U-BXP-200x200.jpg\" class=\"attachment-full size-full\" alt=\"ewa-marien U-BXP underwater housing\" srcset=\"https:\/\/ewa-marine.com\/wp-content\/uploads\/2015\/12\/U-BXP-200x200.jpg 200w, https:\/\/ewa-marine.com\/wp-content\/uploads\/2015\/12\/U-BXP-200x200-150x150.jpg 150w, https:\/\/ewa-marine.com\/wp-content\/uploads\/2015\/12\/U-BXP-200x200-60x60.jpg 60w\" sizes=\"auto, (max-width: 200px) 100vw, 200px\" \/><\/div><\/div><\/a><div class=\"kadence_image_widget_caption\">U-BXP Unterwassergeh\u00e4use<\/div><\/div><\/div><\/div><div id=\"pgc-w58243e44b6692-0-2\"  class=\"panel-grid-cell\" ><div id=\"panel-w58243e44b6692-0-2-0\" class=\"so-panel widget widget_kadence_simple_image kadence_simple_image panel-first-child panel-last-child\" data-index=\"2\" ><div class=\"kad_img_upload_widget  kt-shape-type- kt-image-align-center kt-image-widget-widget-0-2-0\"><a href=\"\/products\/regencapes\/fotokameras\/c-z100\/\" target=\"_self\"><div class=\"kt-image-contain  \"><div class=\"kt-image-inner-contain\"><img loading=\"lazy\" decoding=\"async\" width=\"200\" height=\"200\" src=\"https:\/\/ewa-marine.com\/wp-content\/uploads\/2015\/12\/CZ100-200x200.jpg\" class=\"attachment-full size-full\" alt=\"ewa-marine C-Z100 rain cape\" srcset=\"https:\/\/ewa-marine.com\/wp-content\/uploads\/2015\/12\/CZ100-200x200.jpg 200w, https:\/\/ewa-marine.com\/wp-content\/uploads\/2015\/12\/CZ100-200x200-150x150.jpg 150w, https:\/\/ewa-marine.com\/wp-content\/uploads\/2015\/12\/CZ100-200x200-60x60.jpg 60w\" sizes=\"auto, (max-width: 200px) 100vw, 200px\" \/><\/div><\/div><\/a><div class=\"kadence_image_widget_caption\">C-Z100 rain cape<\/div><\/div><\/div><\/div><div id=\"pgc-w58243e44b6692-0-3\"  class=\"panel-grid-cell\" ><div id=\"panel-w58243e44b6692-0-3-0\" class=\"so-panel widget widget_kadence_simple_image kadence_simple_image panel-first-child panel-last-child\" data-index=\"3\" ><div class=\"kad_img_upload_widget  kt-shape-type- kt-image-align-center kt-image-widget-widget-0-3-0\"><a href=\"\/products\/regencapes\/fotokameras\/c-af\/\" target=\"_self\"><div class=\"kt-image-contain  \"><div class=\"kt-image-inner-contain\"><img loading=\"lazy\" decoding=\"async\" width=\"200\" height=\"200\" src=\"https:\/\/ewa-marine.com\/wp-content\/uploads\/2015\/12\/C-AF-200x200.jpg\" class=\"attachment-full size-full\" alt=\"C-AF rain cape for SLR\" srcset=\"https:\/\/ewa-marine.com\/wp-content\/uploads\/2015\/12\/C-AF-200x200.jpg 200w, https:\/\/ewa-marine.com\/wp-content\/uploads\/2015\/12\/C-AF-200x200-150x150.jpg 150w, https:\/\/ewa-marine.com\/wp-content\/uploads\/2015\/12\/C-AF-200x200-60x60.jpg 60w\" sizes=\"auto, (max-width: 200px) 100vw, 200px\" \/><\/div><\/div><\/a><div class=\"kadence_image_widget_caption\">C-AF rain cape<\/div><\/div><\/div><\/div><div id=\"pgc-w58243e44b6692-0-4\"  class=\"panel-grid-cell\" ><div id=\"panel-w58243e44b6692-0-4-0\" class=\"so-panel widget widget_kadence_simple_image kadence_simple_image panel-first-child panel-last-child\" data-index=\"4\" ><div class=\"kad_img_upload_widget  kt-shape-type- kt-image-align-center kt-image-widget-widget-0-4-0\"><a href=\"\/products\/regencapes\/fotokameras\/c-35\/\" target=\"_self\"><div class=\"kt-image-contain  \"><div class=\"kt-image-inner-contain\"><img loading=\"lazy\" decoding=\"async\" width=\"200\" height=\"200\" src=\"https:\/\/ewa-marine.com\/wp-content\/uploads\/2015\/12\/C35-200x200.jpg\" class=\"attachment-full size-full\" alt=\"ewa-marine C35 rain cape for SLR\" srcset=\"https:\/\/ewa-marine.com\/wp-content\/uploads\/2015\/12\/C35-200x200.jpg 200w, https:\/\/ewa-marine.com\/wp-content\/uploads\/2015\/12\/C35-200x200-150x150.jpg 150w, https:\/\/ewa-marine.com\/wp-content\/uploads\/2015\/12\/C35-200x200-60x60.jpg 60w\" sizes=\"auto, (max-width: 200px) 100vw, 200px\" \/><\/div><\/div><\/a><div class=\"kadence_image_widget_caption\">C35 rain cape for SLR<\/div><\/div><\/div><\/div><\/div><\/div><\/div><\/div><\/div><\/div><\/div><div id=\"pg-1549-2\"  class=\"panel-grid panel-no-style\" ><div id=\"pgc-1549-2-0\"  class=\"panel-grid-cell\" ><div id=\"panel-1549-2-0-0\" class=\"so-panel widget widget_black-studio-tinymce widget_black_studio_tinymce panel-first-child panel-last-child\" data-index=\"6\" ><div class=\"textwidget\"><hr \/>\n<p>\u00a0<\/p>\n<h6>Alle Daten und Bilder von Unterwassergeh\u00e4usen und Regencapes entsprechen dem Stand unserer Produkte zum Zeitpunkt der letzten redaktionellen Bearbeitung dieser Seite. ewa-marine beh\u00e4lt sich jedoch vor, alle Produkte im Rahmen unseres kontinuierlichen Verbesserungprozesses zu \u00e4ndern und zu verbessern. Daher k\u00f6nnen die aktuell im Markt angebotenen Produkte in Einzelpunkten eventuell von den Abbildungen abweichen. Eine Garantie f\u00fcr Vollst\u00e4ndigkeit oder Richtigkeit kann nicht \u00fcbernommen werden, ebenso wenig wie eine Haftung f\u00fcr die Verwendung dieser Seiten oder deren Inhalt.<br \/> Einige Bilder auf dieser Website zeigen die ewa-marine Produkt einschlie\u00dflich Kamera oder anderer elektronischer Ger\u00e4te. Diese Kameras oder andere Elektronik sind nicht im Lieferumfang enthalten und dienen hier nur als Anwendungsbeispiel.<\/h6>\n<\/div><\/div><\/div><\/div><\/div>","protected":false},"excerpt":{"rendered":"<p>ewa-marine C-500 Regencape Der perfekte Regenschutz f\u00fcr Spiegelreflexkameras mit professionellen Objektiven mit gro\u00dfen Festbrennweiten Bestellcode: C-500 Das Regencape C-500 ist der perfekte Regenschutz f\u00fcr Spiegelreflexkameras mit professionellen Objektiven mit gro\u00dfen Festbrennweiten. In dem Cape lassen sich Objektive\u00a0wie z.B. Canon mit 300mm, 400mm, 500mm und 600mm Brennweite, sowie \u00e4hnliche Objektive von Nikon und anderen Herstellern, verwenden. Das Cape wird aus Spezialfolie hergestellt. Es hat keine Frontscheibe, sondern wird eng um die Sinnenblende des Objektives geschlossen. Auf der R\u00fcckseite befindet sich\u00a0ein Glas &hellip; <a href=\"https:\/\/ewa-marine.com\/de\/products\/regencapes\/fotokameras\/c-500\/\">Weiterlesen<\/a><\/p>\n","protected":false},"author":2,"featured_media":2772,"parent":825,"menu_order":6,"comment_status":"closed","ping_status":"closed","template":"","meta":{"kt_blocks_editor_width":"","footnotes":""},"class_list":["post-1549","page","type-page","status-publish","has-post-thumbnail","hentry"],"yoast_head":"<!-- This site is optimized with the Yoast SEO plugin v27.3 - https:\/\/yoast.com\/product\/yoast-seo-wordpress\/ -->\n<title>ewa-marine C-500 Regencape f\u00fcr dSLR Kameras mit Teleobjektiven<\/title>\n<meta name=\"description\" content=\"Das Spezialfolie-Regencape C-500 ist der perfekte Regenschutz f\u00fcr Spiegelreflexkameras mit professionellen Objektiven mit gro\u00dfen Festbrennweiten.\" \/>\n<meta name=\"robots\" content=\"index, follow, max-snippet:-1, max-image-preview:large, max-video-preview:-1\" \/>\n<link rel=\"canonical\" href=\"https:\/\/ewa-marine.com\/de\/products\/regencapes\/fotokameras\/c-500\/\" \/>\n<meta property=\"og:locale\" content=\"de_DE\" \/>\n<meta property=\"og:type\" content=\"article\" \/>\n<meta property=\"og:title\" content=\"ewa-marine C-500 Regencape f\u00fcr dSLR Kameras mit Teleobjektiven\" \/>\n<meta property=\"og:description\" content=\"Das Spezialfolie-Regencape C-500 ist der perfekte Regenschutz f\u00fcr Spiegelreflexkameras mit professionellen Objektiven mit gro\u00dfen Festbrennweiten.\" \/>\n<meta property=\"og:url\" content=\"https:\/\/ewa-marine.com\/de\/products\/regencapes\/fotokameras\/c-500\/\" \/>\n<meta property=\"og:site_name\" content=\"ewa-marine\" \/>\n<meta property=\"article:publisher\" content=\"https:\/\/www.facebook.com\/ewa-marine\" \/>\n<meta property=\"article:modified_time\" content=\"2018-07-24T20:28:26+00:00\" \/>\n<meta property=\"og:image\" content=\"https:\/\/www.ewa-marine.de\/wp-content\/uploads\/\/2016\/03\/online-kaufen.png\" \/>\n<meta name=\"twitter:card\" content=\"summary_large_image\" \/>\n<meta name=\"twitter:site\" content=\"@ewa_marine\" \/>\n<meta name=\"twitter:label1\" content=\"Gesch\u00e4tzte Lesezeit\" \/>\n\t<meta name=\"twitter:data1\" content=\"2\u00a0Minuten\" \/>\n<script type=\"application\/ld+json\" class=\"yoast-schema-graph\">{\"@context\":\"https:\\\/\\\/schema.org\",\"@graph\":[{\"@type\":\"WebPage\",\"@id\":\"https:\\\/\\\/ewa-marine.com\\\/de\\\/products\\\/regencapes\\\/fotokameras\\\/c-500\\\/\",\"url\":\"https:\\\/\\\/ewa-marine.com\\\/de\\\/products\\\/regencapes\\\/fotokameras\\\/c-500\\\/\",\"name\":\"ewa-marine C-500 Regencape f\u00fcr dSLR Kameras mit Teleobjektiven\",\"isPartOf\":{\"@id\":\"https:\\\/\\\/ewa-marine.com\\\/de\\\/#website\"},\"primaryImageOfPage\":{\"@id\":\"https:\\\/\\\/ewa-marine.com\\\/de\\\/products\\\/regencapes\\\/fotokameras\\\/c-500\\\/#primaryimage\"},\"image\":{\"@id\":\"https:\\\/\\\/ewa-marine.com\\\/de\\\/products\\\/regencapes\\\/fotokameras\\\/c-500\\\/#primaryimage\"},\"thumbnailUrl\":\"https:\\\/\\\/ewa-marine.com\\\/wp-content\\\/uploads\\\/2015\\\/12\\\/C500-200x200.jpg\",\"datePublished\":\"2015-07-17T10:07:56+00:00\",\"dateModified\":\"2018-07-24T20:28:26+00:00\",\"description\":\"Das Spezialfolie-Regencape C-500 ist der perfekte Regenschutz f\u00fcr Spiegelreflexkameras mit professionellen Objektiven mit gro\u00dfen Festbrennweiten.\",\"breadcrumb\":{\"@id\":\"https:\\\/\\\/ewa-marine.com\\\/de\\\/products\\\/regencapes\\\/fotokameras\\\/c-500\\\/#breadcrumb\"},\"inLanguage\":\"de\",\"potentialAction\":[{\"@type\":\"ReadAction\",\"target\":[\"https:\\\/\\\/ewa-marine.com\\\/de\\\/products\\\/regencapes\\\/fotokameras\\\/c-500\\\/\"]}]},{\"@type\":\"ImageObject\",\"inLanguage\":\"de\",\"@id\":\"https:\\\/\\\/ewa-marine.com\\\/de\\\/products\\\/regencapes\\\/fotokameras\\\/c-500\\\/#primaryimage\",\"url\":\"https:\\\/\\\/ewa-marine.com\\\/wp-content\\\/uploads\\\/2015\\\/12\\\/C500-200x200.jpg\",\"contentUrl\":\"https:\\\/\\\/ewa-marine.com\\\/wp-content\\\/uploads\\\/2015\\\/12\\\/C500-200x200.jpg\",\"width\":200,\"height\":200},{\"@type\":\"BreadcrumbList\",\"@id\":\"https:\\\/\\\/ewa-marine.com\\\/de\\\/products\\\/regencapes\\\/fotokameras\\\/c-500\\\/#breadcrumb\",\"itemListElement\":[{\"@type\":\"ListItem\",\"position\":1,\"name\":\"Startseite\",\"item\":\"https:\\\/\\\/www.ewa-marine.de\\\/\"},{\"@type\":\"ListItem\",\"position\":2,\"name\":\"Produkte\",\"item\":\"https:\\\/\\\/www.ewa-marine.de\\\/products\\\/\"},{\"@type\":\"ListItem\",\"position\":3,\"name\":\"Regencapes\",\"item\":\"https:\\\/\\\/www.ewa-marine.de\\\/products\\\/regencapes\\\/\"},{\"@type\":\"ListItem\",\"position\":4,\"name\":\"Fotokameras\",\"item\":\"https:\\\/\\\/www.ewa-marine.de\\\/products\\\/regencapes\\\/fotokameras\\\/\"},{\"@type\":\"ListItem\",\"position\":5,\"name\":\"C-500\"}]},{\"@type\":\"WebSite\",\"@id\":\"https:\\\/\\\/ewa-marine.com\\\/de\\\/#website\",\"url\":\"https:\\\/\\\/ewa-marine.com\\\/de\\\/\",\"name\":\"ewa-marine\",\"description\":\"Capture the Extreme !\",\"potentialAction\":[{\"@type\":\"SearchAction\",\"target\":{\"@type\":\"EntryPoint\",\"urlTemplate\":\"https:\\\/\\\/ewa-marine.com\\\/de\\\/?s={search_term_string}\"},\"query-input\":{\"@type\":\"PropertyValueSpecification\",\"valueRequired\":true,\"valueName\":\"search_term_string\"}}],\"inLanguage\":\"de\"}]}<\/script>\n<!-- \/ Yoast SEO plugin. -->","yoast_head_json":{"title":"ewa-marine C-500 Regencape f\u00fcr dSLR Kameras mit Teleobjektiven","description":"Das Spezialfolie-Regencape C-500 ist der perfekte Regenschutz f\u00fcr Spiegelreflexkameras mit professionellen Objektiven mit gro\u00dfen Festbrennweiten.","robots":{"index":"index","follow":"follow","max-snippet":"max-snippet:-1","max-image-preview":"max-image-preview:large","max-video-preview":"max-video-preview:-1"},"canonical":"https:\/\/ewa-marine.com\/de\/products\/regencapes\/fotokameras\/c-500\/","og_locale":"de_DE","og_type":"article","og_title":"ewa-marine C-500 Regencape f\u00fcr dSLR Kameras mit Teleobjektiven","og_description":"Das Spezialfolie-Regencape C-500 ist der perfekte Regenschutz f\u00fcr Spiegelreflexkameras mit professionellen Objektiven mit gro\u00dfen Festbrennweiten.","og_url":"https:\/\/ewa-marine.com\/de\/products\/regencapes\/fotokameras\/c-500\/","og_site_name":"ewa-marine","article_publisher":"https:\/\/www.facebook.com\/ewa-marine","article_modified_time":"2018-07-24T20:28:26+00:00","og_image":[{"url":"https:\/\/www.ewa-marine.de\/wp-content\/uploads\/\/2016\/03\/online-kaufen.png","type":"","width":"","height":""}],"twitter_card":"summary_large_image","twitter_site":"@ewa_marine","twitter_misc":{"Gesch\u00e4tzte Lesezeit":"2\u00a0Minuten"},"schema":{"@context":"https:\/\/schema.org","@graph":[{"@type":"WebPage","@id":"https:\/\/ewa-marine.com\/de\/products\/regencapes\/fotokameras\/c-500\/","url":"https:\/\/ewa-marine.com\/de\/products\/regencapes\/fotokameras\/c-500\/","name":"ewa-marine C-500 Regencape f\u00fcr dSLR Kameras mit Teleobjektiven","isPartOf":{"@id":"https:\/\/ewa-marine.com\/de\/#website"},"primaryImageOfPage":{"@id":"https:\/\/ewa-marine.com\/de\/products\/regencapes\/fotokameras\/c-500\/#primaryimage"},"image":{"@id":"https:\/\/ewa-marine.com\/de\/products\/regencapes\/fotokameras\/c-500\/#primaryimage"},"thumbnailUrl":"https:\/\/ewa-marine.com\/wp-content\/uploads\/2015\/12\/C500-200x200.jpg","datePublished":"2015-07-17T10:07:56+00:00","dateModified":"2018-07-24T20:28:26+00:00","description":"Das Spezialfolie-Regencape C-500 ist der perfekte Regenschutz f\u00fcr Spiegelreflexkameras mit professionellen Objektiven mit gro\u00dfen Festbrennweiten.","breadcrumb":{"@id":"https:\/\/ewa-marine.com\/de\/products\/regencapes\/fotokameras\/c-500\/#breadcrumb"},"inLanguage":"de","potentialAction":[{"@type":"ReadAction","target":["https:\/\/ewa-marine.com\/de\/products\/regencapes\/fotokameras\/c-500\/"]}]},{"@type":"ImageObject","inLanguage":"de","@id":"https:\/\/ewa-marine.com\/de\/products\/regencapes\/fotokameras\/c-500\/#primaryimage","url":"https:\/\/ewa-marine.com\/wp-content\/uploads\/2015\/12\/C500-200x200.jpg","contentUrl":"https:\/\/ewa-marine.com\/wp-content\/uploads\/2015\/12\/C500-200x200.jpg","width":200,"height":200},{"@type":"BreadcrumbList","@id":"https:\/\/ewa-marine.com\/de\/products\/regencapes\/fotokameras\/c-500\/#breadcrumb","itemListElement":[{"@type":"ListItem","position":1,"name":"Startseite","item":"https:\/\/www.ewa-marine.de\/"},{"@type":"ListItem","position":2,"name":"Produkte","item":"https:\/\/www.ewa-marine.de\/products\/"},{"@type":"ListItem","position":3,"name":"Regencapes","item":"https:\/\/www.ewa-marine.de\/products\/regencapes\/"},{"@type":"ListItem","position":4,"name":"Fotokameras","item":"https:\/\/www.ewa-marine.de\/products\/regencapes\/fotokameras\/"},{"@type":"ListItem","position":5,"name":"C-500"}]},{"@type":"WebSite","@id":"https:\/\/ewa-marine.com\/de\/#website","url":"https:\/\/ewa-marine.com\/de\/","name":"ewa-marine","description":"Capture the Extreme !","potentialAction":[{"@type":"SearchAction","target":{"@type":"EntryPoint","urlTemplate":"https:\/\/ewa-marine.com\/de\/?s={search_term_string}"},"query-input":{"@type":"PropertyValueSpecification","valueRequired":true,"valueName":"search_term_string"}}],"inLanguage":"de"}]}},"_links":{"self":[{"href":"https:\/\/ewa-marine.com\/de\/wp-json\/wp\/v2\/pages\/1549","targetHints":{"allow":["GET"]}}],"collection":[{"href":"https:\/\/ewa-marine.com\/de\/wp-json\/wp\/v2\/pages"}],"about":[{"href":"https:\/\/ewa-marine.com\/de\/wp-json\/wp\/v2\/types\/page"}],"author":[{"embeddable":true,"href":"https:\/\/ewa-marine.com\/de\/wp-json\/wp\/v2\/users\/2"}],"replies":[{"embeddable":true,"href":"https:\/\/ewa-marine.com\/de\/wp-json\/wp\/v2\/comments?post=1549"}],"version-history":[{"count":0,"href":"https:\/\/ewa-marine.com\/de\/wp-json\/wp\/v2\/pages\/1549\/revisions"}],"up":[{"embeddable":true,"href":"https:\/\/ewa-marine.com\/de\/wp-json\/wp\/v2\/pages\/825"}],"wp:featuredmedia":[{"embeddable":true,"href":"https:\/\/ewa-marine.com\/de\/wp-json\/wp\/v2\/media\/2772"}],"wp:attachment":[{"href":"https:\/\/ewa-marine.com\/de\/wp-json\/wp\/v2\/media?parent=1549"}],"curies":[{"name":"wp","href":"https:\/\/api.w.org\/{rel}","templated":true}]}}