{"id":155,"date":"2015-07-02T18:12:11","date_gmt":"2015-07-02T17:12:11","guid":{"rendered":"http:\/\/de.dicapac.de\/?page_id=155"},"modified":"2022-07-05T12:02:10","modified_gmt":"2022-07-05T10:02:10","slug":"slr","status":"publish","type":"page","link":"https:\/\/ewa-marine.com\/de\/products\/foto\/slr\/","title":{"rendered":"Unterwassergeh\u00e4use f\u00fcr SLR und Systemkameras"},"content":{"rendered":"<div id=\"pl-155\"  class=\"panel-layout\" ><div id=\"pg-155-0\"  class=\"panel-grid panel-no-style\" ><div id=\"pgc-155-0-0\"  class=\"panel-grid-cell\" ><div id=\"panel-155-0-0-0\" class=\"so-panel widget widget_sow-editor panel-first-child panel-last-child\" data-index=\"0\" ><div\n\t\t\t\n\t\t\tclass=\"so-widget-sow-editor so-widget-sow-editor-base\"\n\t\t\t\n\t\t>\n<div class=\"siteorigin-widget-tinymce textwidget\">\n\t<h1>Unterwassergeh\u00e4use f\u00fcr SLR und dSLR Kameras<\/h1>\n<p>Seit 1971 produziert ewa-marine jetzt schon Unterwassergeh\u00e4use f\u00fcr Spiegelreflexkameras. Seit damals haben sich nicht nur diese Kameras sehr stark weiterentwickelt, sondern auch unser Geh\u00e4use. Daher bieten wir diese Produkte aktuell in mehreren Bereichen, je nach Kameratyp und Anwendungsbereich, an.<\/p>\n<p>Alle Geh\u00e4use bestehen aus einem speziellen, mehrschichtig laminierten PVC um dem Kunden und Seiner Kamera absolute Sicherheit und lange Haltbarkeit zu gew\u00e4hrleisten. Das verwendete Material wird im \"3D-Verfahren\" mehrfach verschwei\u00dft, d. h. mit H\u00f6he, Breite und Tiefe, und nicht nur einem flachen Beutel, um einen ergonomischen Zugang zu den Bedienelementen zu erm\u00f6glichen. Die N\u00e4hte werden auch alle zweifach geschwei\u00dft, um eine flache und extrem starke Verbindung zu gew\u00e4hrleisten. Und nat\u00fcrlich sind alle ewa-marine Kamera Unterwassergeh\u00e4use mit einem, sogenannten, Front-Port aus optischem Mineralglas versehen. Dieses Glas, sowie das gesamte Geh\u00e4use sind zu 100% \"made in Germany\". Damit Ihre Kamera nicht nur sicher untertauchen kann, sondern die damit gemachten Bilder auch den h\u00f6chsten Anspr\u00fcchen Gen\u00fcge tun. Qualit\u00e4t, der Sie vertrauen k\u00f6nnen.<\/p>\n<\/div>\n<\/div><\/div><\/div><\/div><div id=\"pg-155-1\"  class=\"panel-grid panel-no-style\" ><div id=\"pgc-155-1-0\"  class=\"panel-grid-cell\" ><div id=\"panel-155-1-0-0\" class=\"so-panel widget widget_black-studio-tinymce widget_black_studio_tinymce panel-first-child panel-last-child\" data-index=\"1\" ><div class=\"textwidget\"><hr \/>\n<\/div><\/div><\/div><\/div><div id=\"pg-155-2\"  class=\"panel-grid panel-no-style\" ><div id=\"pgc-155-2-0\"  class=\"panel-grid-cell\" ><div id=\"panel-155-2-0-0\" class=\"so-panel widget widget_black-studio-tinymce widget_black_studio_tinymce panel-first-child panel-last-child\" data-index=\"2\" ><div class=\"textwidget\"><p><strong>D-A.. and D-B Serien<\/strong><\/p>\n<p>Diese Geh\u00e4use sind f\u00fcr kompakte Digitalkameras mit austauschbarem Objektiv \/ Systemkameras ausgelegt. Die D-A.. Serie eignet sich auch f\u00fcr sogenannte Bridge-Kameras (d. h. Kameras mit einem nicht austauschbaren Objektiv)<\/p>\n<p>Die D-B und D-A.. Serien sind f\u00fcr eine Tauchtiefe von bis zu 20m ausgelegt.<\/p>\n<p>\u00a0<\/p>\n<\/div><\/div><\/div><div id=\"pgc-155-2-1\"  class=\"panel-grid-cell\" ><div id=\"panel-155-2-1-0\" class=\"so-panel widget widget_black-studio-tinymce widget_black_studio_tinymce panel-first-child panel-last-child\" data-index=\"3\" ><div class=\"textwidget\"><p><span style=\"text-decoration: underline;\">Die digital Serien:<\/span><\/p>\n<ul>\n<li><a href=\"\/products\/foto\/slr\/d-a\/\">D-A<\/a><\/li>\n<li><a href=\"\/products\/foto\/slr\/d-ax\/\">D-AX<\/a><\/li>\n<li><a href=\"\/products\/foto\/slr\/d-b\/\">D-B<\/a><\/li>\n<\/ul>\n<\/div><\/div><\/div><\/div><div id=\"pg-155-3\"  class=\"panel-grid panel-no-style\" ><div id=\"pgc-155-3-0\"  class=\"panel-grid-cell\" ><div id=\"panel-155-3-0-0\" class=\"so-panel widget widget_black-studio-tinymce widget_black_studio_tinymce panel-first-child panel-last-child\" data-index=\"4\" ><div class=\"textwidget\"><hr \/>\n<\/div><\/div><\/div><\/div><div id=\"pg-155-4\"  class=\"panel-grid panel-no-style\" ><div id=\"pgc-155-4-0\"  class=\"panel-grid-cell\" ><div id=\"panel-155-4-0-0\" class=\"so-panel widget widget_black-studio-tinymce widget_black_studio_tinymce panel-first-child panel-last-child\" data-index=\"5\" ><div class=\"textwidget\"><p class=\"bodytext\"><strong>U-A.. Serie<\/strong><\/p>\n<p>Die U-A .. Serie ist f\u00fcr die \"normalen\", Consumer dSLR Kameras, wie die Canon EOS 700, Nikon D5500 und Pentax K50 sowie gro\u00dfe Spiegellose wie die Sony A7 Serie oder Fuji X-T2 ausgelegt.<\/p>\n<p>Prim\u00e4r ist das Geh\u00e4use so ausgelegt, das Sie das Objektiv per Autofokus und mit einer festgelegten Brennweite, in der Regel Weitwinkel, einsetzen. Die Geh\u00e4use passen nicht nur f\u00fcr die meisten modernen, digitalen Spiegelreflexkameras sondern auch f\u00fcr beinahe alle \u00e4lteren, analogen Kameras. Der gro\u00dfe Vorteil ist, dass Sie diese mit einer Reihe von Kameras verwenden k\u00f6nnen. So ist das Geh\u00e4use nicht nur mit Ihrer alten und Ihrer aktuellen SLR Kamera verwendbar, sondern sehr wahrscheinlich auch noch mit der Kamera, die Sie sich erst in ein paar Jahren kaufen werden.<\/p>\n<p>Je nach Modell sind die Geh\u00e4use der U-A.. Serie f\u00fcr eine Tauchtiefe von 20m bis 50m ausgelegt.<\/p>\n<p>\u00a0<\/p>\n<\/div><\/div><\/div><div id=\"pgc-155-4-1\"  class=\"panel-grid-cell\" ><div id=\"panel-155-4-1-0\" class=\"so-panel widget widget_black-studio-tinymce widget_black_studio_tinymce panel-first-child panel-last-child\" data-index=\"6\" ><div class=\"textwidget\"><p><span style=\"text-decoration: underline;\">Die U-A.. Serie:<\/span><\/p>\n<ul>\n<li><a href=\"\/products\/foto\/slr\/u-a\/\">U-A<\/a><\/li>\n<li><a href=\"\/products\/foto\/slr\/u-a100\/\">U-A100<\/a><\/li>\n<li><a href=\"\/products\/foto\/slr\/u-ax\/\">U-AX<\/a><\/li>\n<li><a href=\"\/products\/foto\/slr\/u-axp\/\">U-AXP<\/a><\/li>\n<li><a href=\"\/products\/foto\/slr\/u-axp100\/\">U-AXP100<\/a><\/li>\n<li><a href=\"\/products\/foto\/slr\/u-az\/\">U-AZ<\/a><\/li>\n<\/ul>\n<\/div><\/div><\/div><\/div><div id=\"pg-155-5\"  class=\"panel-grid panel-no-style\" ><div id=\"pgc-155-5-0\"  class=\"panel-grid-cell\" ><div id=\"panel-155-5-0-0\" class=\"so-panel widget widget_black-studio-tinymce widget_black_studio_tinymce panel-first-child panel-last-child\" data-index=\"7\" ><div class=\"textwidget\"><hr \/>\n<\/div><\/div><\/div><\/div><div id=\"pg-155-6\"  class=\"panel-grid panel-no-style\" ><div id=\"pgc-155-6-0\"  class=\"panel-grid-cell\" ><div id=\"panel-155-6-0-0\" class=\"so-panel widget widget_black-studio-tinymce widget_black_studio_tinymce panel-first-child panel-last-child\" data-index=\"8\" ><div class=\"textwidget\"><p><strong>U-B.. Serie<\/strong><\/p>\n<p>Die U-B .. Serie wurde f\u00fcr die gr\u00f6\u00dferen, modernen, digitalen SLRs wie die Nikon D300, D800, D3, D4 und Canon 5D Mark III, 5D Mark IV, EOS 1DX und \u00e4hnliche Kameras entwickelt. Diese Kameras sind, im Bereich des Ausl\u00f6sers, einfach zu sperrig um in die kleinere U-A.. Serie zu passen.<\/p>\n<p>Je nach Modell sind die Unterwassergeh\u00e4use der U-B.. Serie f\u00fcr Tauchtiefen von 20m bis 50m ausgelegt.<\/p>\n<p>\u00a0<\/p>\n<\/div><\/div><\/div><div id=\"pgc-155-6-1\"  class=\"panel-grid-cell\" ><div id=\"panel-155-6-1-0\" class=\"so-panel widget widget_black-studio-tinymce widget_black_studio_tinymce panel-first-child panel-last-child\" data-index=\"9\" ><div class=\"textwidget\"><p><span style=\"text-decoration: underline;\">Die U-B.. Serie:<\/span><\/p>\n<ul>\n<li><a href=\"\/products\/foto\/slr\/u-b\/\">U-B<\/a><\/li>\n<li><a href=\"\/products\/foto\/slr\/u-b100\/\">U-B100<\/a><\/li>\n<li><a href=\"\/products\/foto\/slr\/u-bxp\/\">U-BXP<\/a><\/li>\n<li><a href=\"\/products\/foto\/slr\/u-bxp100\/\">U-BXP100<\/a><\/li>\n<li><a href=\"\/products\/foto\/slr\/u-bz\/\">U-BZ<\/a><\/li>\n<li><a href=\"\/products\/foto\/slr\/u-bz100\/\">U-BZ100<\/a><\/li>\n<\/ul>\n<\/div><\/div><\/div><\/div><div id=\"pg-155-7\"  class=\"panel-grid panel-no-style\" ><div id=\"pgc-155-7-0\"  class=\"panel-grid-cell\" ><div id=\"panel-155-7-0-0\" class=\"so-panel widget widget_black-studio-tinymce widget_black_studio_tinymce panel-first-child panel-last-child\" data-index=\"10\" ><div class=\"textwidget\"><hr \/>\n<\/div><\/div><\/div><\/div><div id=\"pg-155-8\"  class=\"panel-grid panel-no-style\" ><div id=\"pgc-155-8-0\"  class=\"panel-grid-cell\" ><div id=\"panel-155-8-0-0\" class=\"so-panel widget widget_black-studio-tinymce widget_black_studio_tinymce panel-first-child panel-last-child\" data-index=\"11\" ><div class=\"textwidget\"><p><strong>U-BF.. Serie<\/strong><\/p>\n<p>Wie die gesamte U-B.. Serie wurden auch die U-BF.. Serie f\u00fcr die gr\u00f6\u00dferen, modernen, digitalen Spiegelreflexkameras wie Nikon D300, D800, D3, D4 und Canon 5D Mark II, 5D Mark IV, EOS 1DX und \u00e4hnliche Kameras entwickelt. Ihr Einsatzbereich liegt besonders in der Modell-, Mode- oder Kunstfotografie in Schwimmb\u00e4dern, am Strand oder in der Brandung. Hier ist es oft w\u00fcnschenswert, die Blende \/ Tiefensch\u00e4rfe oder andere Einstellungen auf dem Objektiv einzustellen. Aus diesem Grund haben wir die U-BF.. Serie mit einem Handschuh f\u00fcr die linke Hand konstruiert. Die Kamera liegt im Geh\u00e4use ganz konventionell in Ihrer linken Hand, so dass Sie mit Daumen und Zeigefinger das Objektiv bedienen k\u00f6nnen, w\u00e4hrend der rechte Finger auf dem Verschluss positioniert ist.<\/p>\n<p>Die U-BF.. Serie ist f\u00fcr Schwimmb\u00e4der ausgelegt und nicht zum Schwimmen oder Tauchen geeignet. Einsetzbar bis zu ca. 5m Tiefe. Dieser Begrenzungsfaktor wird durch Betriebsschwierigkeiten der Hand im Handschuh unterhalb dieser Tiefe verursacht und hat keinen Bezug auf die Wasserdichtigkeit.<\/p>\n<p>\u00a0<\/p>\n<\/div><\/div><\/div><div id=\"pgc-155-8-1\"  class=\"panel-grid-cell\" ><div id=\"panel-155-8-1-0\" class=\"so-panel widget widget_black-studio-tinymce widget_black_studio_tinymce panel-first-child panel-last-child\" data-index=\"12\" ><div class=\"textwidget\"><p><span style=\"text-decoration: underline;\">Die U-BF.. Serie:<\/span><\/p>\n<ul>\n<li><a href=\"\/products\/foto\/slr\/u-bf100\/\">U-BF100<\/a><\/li>\n<li><a href=\"\/products\/foto\/slr\/u-bfz100\/\">U-BFZ100<\/a><\/li>\n<li><a href=\"\/products\/foto\/slr\/u-bfx100\/\">U-BFX100<\/a><\/li>\n<li><a href=\"\/products\/foto\/slr\/u-bfxz100\/\">U-BFXZ100<\/a><\/li>\n<\/ul>\n<\/div><\/div><\/div><\/div><div id=\"pg-155-9\"  class=\"panel-grid panel-no-style\" ><div id=\"pgc-155-9-0\"  class=\"panel-grid-cell\" ><div id=\"panel-155-9-0-0\" class=\"so-panel widget widget_black-studio-tinymce widget_black_studio_tinymce panel-first-child panel-last-child\" data-index=\"13\" ><div class=\"textwidget\"><hr \/>\n<\/div><\/div><\/div><\/div><div id=\"pg-155-10\"  class=\"panel-grid panel-no-style\" ><div id=\"pgc-155-10-0\"  class=\"panel-grid-cell\" ><div id=\"panel-155-10-0-0\" class=\"so-panel widget widget_black-studio-tinymce widget_black_studio_tinymce panel-first-child panel-last-child\" data-index=\"14\" ><div class=\"textwidget\"><p><strong>U-F.. Serie<\/strong><\/p>\n<p>Die U-F-Serie wurde urspr\u00fcnglich im Jahr 1971 eingef\u00fchrt. Damals nat\u00fcrlich noch f\u00fcr reinmanuelle SLRs, ganz ohne Autofokus oder automatischen Filmtransport. Das Objektiv musste von Hand vor jedem Schuss fokussiert werden und der Film von Hand weitergespult werden. Da einige Fotografen diese traditionelle Form der Fotografie nach wie vor pflegen, haben wir mit der Entwicklung und Aktualisierung der U-F-Serie nie aufgeh\u00f6rt und produzieren und vertreiben diese auch noch nach wie vor.<\/p>\n<p>Die U-F-Serie ist f\u00fcr eine Tauchtiefe von 10 m ausgelegt. Der Begrenzungsfaktor wird durch Betriebsschwierigkeiten der Hand im Handschuh unterhalb dieser Tiefe verursacht und hat keinen Bezug auf die Wasserdichtigkeit.<\/p>\n<p>\u00a0<\/p>\n<hr \/>\n<p>\u00a0<\/p>\n<\/div><\/div><\/div><div id=\"pgc-155-10-1\"  class=\"panel-grid-cell\" ><div id=\"panel-155-10-1-0\" class=\"so-panel widget widget_black-studio-tinymce widget_black_studio_tinymce panel-first-child panel-last-child\" data-index=\"15\" ><div class=\"textwidget\"><p><span style=\"text-decoration: underline;\">Die U-F.. Serie:<\/span><\/p>\n<ul>\n<li><a href=\"http:\/\/www.ewa-marine.de\/products\/foto\/slr\/u-f\/\">U-F<\/a><\/li>\n<li><a href=\"http:\/\/www.ewa-marine.de\/products\/foto\/slr\/u-fx\/\">U-FX<\/a><\/li>\n<li><a href=\"http:\/\/www.ewa-marine.de\/products\/foto\/slr\/u-fxp\/\">U-FXP<\/a><\/li>\n<li><a href=\"http:\/\/www.ewa-marine.de\/products\/foto\/slr\/u-fgm\/\">U-FGM<\/a><\/li>\n<\/ul>\n<\/div><\/div><\/div><\/div><div id=\"pg-155-11\"  class=\"panel-grid panel-no-style\" ><div id=\"pgc-155-11-0\"  class=\"panel-grid-cell\" ><div id=\"panel-155-11-0-0\" class=\"so-panel widget widget_black-studio-tinymce widget_black_studio_tinymce panel-first-child panel-last-child\" data-index=\"16\" ><div class=\"textwidget\"><h6>* Systemkameras umfassen Kameras die unter den Bezeichnungen CSC, MSC, MILC, DSLM, MFT, EVIL, Nikon 1, Canon EOS M, Fujifilm X, Samsung NX, usw. angeboten werden.<\/h6>\n<\/div><\/div><\/div><\/div><\/div>","protected":false},"excerpt":{"rendered":"<p>Unterwassergeh\u00e4use f\u00fcr SLR und dSLR KamerasSeit 1971 produziert ewa-marine jetzt schon Unterwassergeh\u00e4use f\u00fcr Spiegelreflexkameras. Seit damals haben sich nicht nur diese Kameras sehr stark weiterentwickelt, sondern auch unser Geh\u00e4use. Daher bieten wir diese Produkte aktuell in mehreren Bereichen, je nach Kameratyp und Anwendungsbereich, an.Alle Geh\u00e4use bestehen aus einem speziellen, mehrschichtig laminierten PVC um dem Kunden und Seiner Kamera absolute Sicherheit und lange Haltbarkeit zu gew\u00e4hrleisten. Das verwendete Material wird im &#8222;3D-Verfahren&#8220; mehrfach verschwei\u00dft, d. h. mit H\u00f6he, Breite und Tiefe, &hellip; <a href=\"https:\/\/ewa-marine.com\/de\/products\/foto\/slr\/\">Weiterlesen<\/a><\/p>\n","protected":false},"author":1,"featured_media":1310,"parent":150,"menu_order":2,"comment_status":"closed","ping_status":"closed","template":"","meta":{"kt_blocks_editor_width":"","footnotes":""},"class_list":["post-155","page","type-page","status-publish","has-post-thumbnail","hentry"],"yoast_head":"<!-- This site is optimized with the Yoast SEO plugin v27.3 - https:\/\/yoast.com\/product\/yoast-seo-wordpress\/ -->\n<title>Unterwassergeh\u00e4use f\u00fcr Spiegelreflexkameras \/ SLR und Systemkameras<\/title>\n<meta name=\"description\" content=\"ewa-marine produziert seit 1971 Unterwassergeh\u00e4use f\u00fcr Spiegelreflexkameras. Passender UW-Schutz f\u00fcr alle Anwendungen und dSLR Marken (Canon, Nikon, Sony..)\" \/>\n<meta name=\"robots\" content=\"index, follow, max-snippet:-1, max-image-preview:large, max-video-preview:-1\" \/>\n<link rel=\"canonical\" href=\"https:\/\/ewa-marine.com\/de\/products\/foto\/slr\/\" \/>\n<meta property=\"og:locale\" content=\"de_DE\" \/>\n<meta property=\"og:type\" content=\"article\" \/>\n<meta property=\"og:title\" content=\"Unterwassergeh\u00e4use f\u00fcr Spiegelreflexkameras \/ SLR und Systemkameras\" \/>\n<meta property=\"og:description\" content=\"ewa-marine produziert seit 1971 Unterwassergeh\u00e4use f\u00fcr Spiegelreflexkameras. Passender UW-Schutz f\u00fcr alle Anwendungen und dSLR Marken (Canon, Nikon, Sony..)\" \/>\n<meta property=\"og:url\" content=\"https:\/\/ewa-marine.com\/de\/products\/foto\/slr\/\" \/>\n<meta property=\"og:site_name\" content=\"ewa-marine\" \/>\n<meta property=\"article:publisher\" content=\"https:\/\/www.facebook.com\/ewa-marine\" \/>\n<meta property=\"article:modified_time\" content=\"2022-07-05T10:02:10+00:00\" \/>\n<meta property=\"og:image\" content=\"https:\/\/i0.wp.com\/www.ewa-marine.de\/wp-content\/uploads\/2015\/07\/read-more-U-AX.jpg?fit=200%2C200&ssl=1\" \/>\n\t<meta property=\"og:image:width\" content=\"200\" \/>\n\t<meta property=\"og:image:height\" content=\"200\" \/>\n\t<meta property=\"og:image:type\" content=\"image\/jpeg\" \/>\n<meta name=\"twitter:card\" content=\"summary_large_image\" \/>\n<meta name=\"twitter:site\" content=\"@ewa_marine\" \/>\n<meta name=\"twitter:label1\" content=\"Gesch\u00e4tzte Lesezeit\" \/>\n\t<meta name=\"twitter:data1\" content=\"4\u00a0Minuten\" \/>\n<script type=\"application\/ld+json\" class=\"yoast-schema-graph\">{\"@context\":\"https:\\\/\\\/schema.org\",\"@graph\":[{\"@type\":\"WebPage\",\"@id\":\"https:\\\/\\\/ewa-marine.com\\\/de\\\/products\\\/foto\\\/slr\\\/\",\"url\":\"https:\\\/\\\/ewa-marine.com\\\/de\\\/products\\\/foto\\\/slr\\\/\",\"name\":\"Unterwassergeh\u00e4use f\u00fcr Spiegelreflexkameras \\\/ SLR und Systemkameras\",\"isPartOf\":{\"@id\":\"https:\\\/\\\/ewa-marine.com\\\/de\\\/#website\"},\"primaryImageOfPage\":{\"@id\":\"https:\\\/\\\/ewa-marine.com\\\/de\\\/products\\\/foto\\\/slr\\\/#primaryimage\"},\"image\":{\"@id\":\"https:\\\/\\\/ewa-marine.com\\\/de\\\/products\\\/foto\\\/slr\\\/#primaryimage\"},\"thumbnailUrl\":\"https:\\\/\\\/ewa-marine.com\\\/wp-content\\\/uploads\\\/2015\\\/07\\\/read-more-U-AX.jpg\",\"datePublished\":\"2015-07-02T17:12:11+00:00\",\"dateModified\":\"2022-07-05T10:02:10+00:00\",\"description\":\"ewa-marine produziert seit 1971 Unterwassergeh\u00e4use f\u00fcr Spiegelreflexkameras. Passender UW-Schutz f\u00fcr alle Anwendungen und dSLR Marken (Canon, Nikon, Sony..)\",\"breadcrumb\":{\"@id\":\"https:\\\/\\\/ewa-marine.com\\\/de\\\/products\\\/foto\\\/slr\\\/#breadcrumb\"},\"inLanguage\":\"de\",\"potentialAction\":[{\"@type\":\"ReadAction\",\"target\":[\"https:\\\/\\\/ewa-marine.com\\\/de\\\/products\\\/foto\\\/slr\\\/\"]}]},{\"@type\":\"ImageObject\",\"inLanguage\":\"de\",\"@id\":\"https:\\\/\\\/ewa-marine.com\\\/de\\\/products\\\/foto\\\/slr\\\/#primaryimage\",\"url\":\"https:\\\/\\\/ewa-marine.com\\\/wp-content\\\/uploads\\\/2015\\\/07\\\/read-more-U-AX.jpg\",\"contentUrl\":\"https:\\\/\\\/ewa-marine.com\\\/wp-content\\\/uploads\\\/2015\\\/07\\\/read-more-U-AX.jpg\",\"width\":200,\"height\":200,\"caption\":\"ewa-marine SLR underwater housings\"},{\"@type\":\"BreadcrumbList\",\"@id\":\"https:\\\/\\\/ewa-marine.com\\\/de\\\/products\\\/foto\\\/slr\\\/#breadcrumb\",\"itemListElement\":[{\"@type\":\"ListItem\",\"position\":1,\"name\":\"Startseite\",\"item\":\"https:\\\/\\\/www.ewa-marine.de\\\/\"},{\"@type\":\"ListItem\",\"position\":2,\"name\":\"Produkte\",\"item\":\"https:\\\/\\\/www.ewa-marine.de\\\/products\\\/\"},{\"@type\":\"ListItem\",\"position\":3,\"name\":\"Foto\",\"item\":\"https:\\\/\\\/www.ewa-marine.de\\\/products\\\/foto\\\/\"},{\"@type\":\"ListItem\",\"position\":4,\"name\":\"Unterwassergeh\u00e4use f\u00fcr SLR und Systemkameras\"}]},{\"@type\":\"WebSite\",\"@id\":\"https:\\\/\\\/ewa-marine.com\\\/de\\\/#website\",\"url\":\"https:\\\/\\\/ewa-marine.com\\\/de\\\/\",\"name\":\"ewa-marine\",\"description\":\"Capture the Extreme !\",\"potentialAction\":[{\"@type\":\"SearchAction\",\"target\":{\"@type\":\"EntryPoint\",\"urlTemplate\":\"https:\\\/\\\/ewa-marine.com\\\/de\\\/?s={search_term_string}\"},\"query-input\":{\"@type\":\"PropertyValueSpecification\",\"valueRequired\":true,\"valueName\":\"search_term_string\"}}],\"inLanguage\":\"de\"}]}<\/script>\n<!-- \/ Yoast SEO plugin. -->","yoast_head_json":{"title":"Unterwassergeh\u00e4use f\u00fcr Spiegelreflexkameras \/ SLR und Systemkameras","description":"ewa-marine produziert seit 1971 Unterwassergeh\u00e4use f\u00fcr Spiegelreflexkameras. Passender UW-Schutz f\u00fcr alle Anwendungen und dSLR Marken (Canon, Nikon, Sony..)","robots":{"index":"index","follow":"follow","max-snippet":"max-snippet:-1","max-image-preview":"max-image-preview:large","max-video-preview":"max-video-preview:-1"},"canonical":"https:\/\/ewa-marine.com\/de\/products\/foto\/slr\/","og_locale":"de_DE","og_type":"article","og_title":"Unterwassergeh\u00e4use f\u00fcr Spiegelreflexkameras \/ SLR und Systemkameras","og_description":"ewa-marine produziert seit 1971 Unterwassergeh\u00e4use f\u00fcr Spiegelreflexkameras. Passender UW-Schutz f\u00fcr alle Anwendungen und dSLR Marken (Canon, Nikon, Sony..)","og_url":"https:\/\/ewa-marine.com\/de\/products\/foto\/slr\/","og_site_name":"ewa-marine","article_publisher":"https:\/\/www.facebook.com\/ewa-marine","article_modified_time":"2022-07-05T10:02:10+00:00","og_image":[{"width":200,"height":200,"url":"https:\/\/i0.wp.com\/www.ewa-marine.de\/wp-content\/uploads\/2015\/07\/read-more-U-AX.jpg?fit=200%2C200&ssl=1","type":"image\/jpeg"}],"twitter_card":"summary_large_image","twitter_site":"@ewa_marine","twitter_misc":{"Gesch\u00e4tzte Lesezeit":"4\u00a0Minuten"},"schema":{"@context":"https:\/\/schema.org","@graph":[{"@type":"WebPage","@id":"https:\/\/ewa-marine.com\/de\/products\/foto\/slr\/","url":"https:\/\/ewa-marine.com\/de\/products\/foto\/slr\/","name":"Unterwassergeh\u00e4use f\u00fcr Spiegelreflexkameras \/ SLR und Systemkameras","isPartOf":{"@id":"https:\/\/ewa-marine.com\/de\/#website"},"primaryImageOfPage":{"@id":"https:\/\/ewa-marine.com\/de\/products\/foto\/slr\/#primaryimage"},"image":{"@id":"https:\/\/ewa-marine.com\/de\/products\/foto\/slr\/#primaryimage"},"thumbnailUrl":"https:\/\/ewa-marine.com\/wp-content\/uploads\/2015\/07\/read-more-U-AX.jpg","datePublished":"2015-07-02T17:12:11+00:00","dateModified":"2022-07-05T10:02:10+00:00","description":"ewa-marine produziert seit 1971 Unterwassergeh\u00e4use f\u00fcr Spiegelreflexkameras. Passender UW-Schutz f\u00fcr alle Anwendungen und dSLR Marken (Canon, Nikon, Sony..)","breadcrumb":{"@id":"https:\/\/ewa-marine.com\/de\/products\/foto\/slr\/#breadcrumb"},"inLanguage":"de","potentialAction":[{"@type":"ReadAction","target":["https:\/\/ewa-marine.com\/de\/products\/foto\/slr\/"]}]},{"@type":"ImageObject","inLanguage":"de","@id":"https:\/\/ewa-marine.com\/de\/products\/foto\/slr\/#primaryimage","url":"https:\/\/ewa-marine.com\/wp-content\/uploads\/2015\/07\/read-more-U-AX.jpg","contentUrl":"https:\/\/ewa-marine.com\/wp-content\/uploads\/2015\/07\/read-more-U-AX.jpg","width":200,"height":200,"caption":"ewa-marine SLR underwater housings"},{"@type":"BreadcrumbList","@id":"https:\/\/ewa-marine.com\/de\/products\/foto\/slr\/#breadcrumb","itemListElement":[{"@type":"ListItem","position":1,"name":"Startseite","item":"https:\/\/www.ewa-marine.de\/"},{"@type":"ListItem","position":2,"name":"Produkte","item":"https:\/\/www.ewa-marine.de\/products\/"},{"@type":"ListItem","position":3,"name":"Foto","item":"https:\/\/www.ewa-marine.de\/products\/foto\/"},{"@type":"ListItem","position":4,"name":"Unterwassergeh\u00e4use f\u00fcr SLR und Systemkameras"}]},{"@type":"WebSite","@id":"https:\/\/ewa-marine.com\/de\/#website","url":"https:\/\/ewa-marine.com\/de\/","name":"ewa-marine","description":"Capture the Extreme !","potentialAction":[{"@type":"SearchAction","target":{"@type":"EntryPoint","urlTemplate":"https:\/\/ewa-marine.com\/de\/?s={search_term_string}"},"query-input":{"@type":"PropertyValueSpecification","valueRequired":true,"valueName":"search_term_string"}}],"inLanguage":"de"}]}},"_links":{"self":[{"href":"https:\/\/ewa-marine.com\/de\/wp-json\/wp\/v2\/pages\/155","targetHints":{"allow":["GET"]}}],"collection":[{"href":"https:\/\/ewa-marine.com\/de\/wp-json\/wp\/v2\/pages"}],"about":[{"href":"https:\/\/ewa-marine.com\/de\/wp-json\/wp\/v2\/types\/page"}],"author":[{"embeddable":true,"href":"https:\/\/ewa-marine.com\/de\/wp-json\/wp\/v2\/users\/1"}],"replies":[{"embeddable":true,"href":"https:\/\/ewa-marine.com\/de\/wp-json\/wp\/v2\/comments?post=155"}],"version-history":[{"count":2,"href":"https:\/\/ewa-marine.com\/de\/wp-json\/wp\/v2\/pages\/155\/revisions"}],"predecessor-version":[{"id":33870,"href":"https:\/\/ewa-marine.com\/de\/wp-json\/wp\/v2\/pages\/155\/revisions\/33870"}],"up":[{"embeddable":true,"href":"https:\/\/ewa-marine.com\/de\/wp-json\/wp\/v2\/pages\/150"}],"wp:featuredmedia":[{"embeddable":true,"href":"https:\/\/ewa-marine.com\/de\/wp-json\/wp\/v2\/media\/1310"}],"wp:attachment":[{"href":"https:\/\/ewa-marine.com\/de\/wp-json\/wp\/v2\/media?parent=155"}],"curies":[{"name":"wp","href":"https:\/\/api.w.org\/{rel}","templated":true}]}}