{"id":157,"date":"2015-07-02T18:11:13","date_gmt":"2015-07-02T17:11:13","guid":{"rendered":"http:\/\/de.dicapac.de\/?page_id=157"},"modified":"2017-04-04T12:57:50","modified_gmt":"2017-04-04T11:57:50","slug":"video","status":"publish","type":"page","link":"https:\/\/ewa-marine.com\/de\/products\/video\/","title":{"rendered":"Video"},"content":{"rendered":"<div id=\"pl-157\"  class=\"panel-layout\" ><div id=\"pg-157-0\"  class=\"panel-grid panel-no-style\" ><div id=\"pgc-157-0-0\"  class=\"panel-grid-cell\" ><div id=\"panel-157-0-0-0\" class=\"so-panel widget widget_black-studio-tinymce widget_black_studio_tinymce panel-first-child\" data-index=\"0\" ><div class=\"textwidget\"><h1>ewa-marine Video-Produkte<\/h1>\n<p><a href=\"https:\/\/ewa-marine.com\/wp-content\/uploads\/2015\/07\/vst_diver1.jpg\" rel=\"attachment wp-att-102\"><img loading=\"lazy\" decoding=\"async\" class=\"size-medium wp-image-102 alignleft\" src=\"https:\/\/ewa-marine.com\/wp-content\/uploads\/2015\/07\/vst_diver1-300x184.jpg\" alt=\"vst_diver1\" width=\"300\" height=\"184\" srcset=\"https:\/\/ewa-marine.com\/wp-content\/uploads\/2015\/07\/vst_diver1-300x184.jpg 300w, https:\/\/ewa-marine.com\/wp-content\/uploads\/2015\/07\/vst_diver1.jpg 400w\" sizes=\"auto, (max-width: 300px) 100vw, 300px\" \/><\/a>Ein Video von Ihren ersten Schnorchelerlebnissen, vom Urlaub oder der Rafting-Tour am Wochenende? Mit ewa-marine Videogeh\u00e4usen gelingen Ihnen beeindruckende Aufnahmen. Leicht und dennoch \u00e4u\u00dferst widerstandsf\u00e4hig, sch\u00fctzen sie wie alle ewa-marine Geh\u00e4use auch zuverl\u00e4ssig gegen Sand, Staub oder Schlamm.<\/p>\n<p>Ganz gleich, ob das Familienvideo vom Strand oder die Aufnahmen aus der ersten Reihe beim Moto-Cross - in einem ewa-marine Videogeh\u00e4use ist Ihre Kamera absolut sicher vor gef\u00e4hrlicher Verschmutzung. Er\u00f6ffnen Sie sich damit neue M\u00f6glichkeiten und Perspektiven. ewa-marine Videogeh\u00e4use sind f\u00fcr fast alle g\u00e4ngigen Videocamcorder verf\u00fcgbar<br \/>\u00a0<br \/>ewa-marine Videogeh\u00e4use, das sch\u00fctzende und universelle Zubeh\u00f6r f\u00fcr Ihren Video-camcorder.<\/p>\n<\/div><\/div>\n          <div id=\"panel-157-0-0-1\" class=\"so-panel widget widget_kadence_gallery_widget kadence_gallery_widget\" data-index=\"1\" ><h3 class=\"widget-title\">Einige Beispiele unserer kameraspezifischen sowie von universellen Unterwassergeh\u00e4usen:<\/h3>          <div class=\"carousel_outerrim kad-animation\" data-animation=\"fade-in\" data-delay=\"0\">\n              \t<div id=\"gallery-carousel-59\" class=\"rowtight\">\n                \t<div id=\"carousel-59\"  class=\"slick-slider kt-slickslider kad-light-wp-gallery kt-image-carousel loading clearfix\" data-slider-fade=\"false\" data-slider-type=\"content-carousel\" data-slider-anim-speed=\"400\" data-slider-arrows=\"true\" data-slider-scroll=\"1\" data-slider-auto=true\" data-slider-speed=\"5000\" data-slider-xxl=\"4\" data-slider-xl=\"4\" data-slider-md=\"4\" data-slider-sm=\"3\" data-slider-xs=\"2\" data-slider-ss=\"2\">\n               \t\t <div class=\"tcol-lg-3 tcol-md-3 tcol-sm-4 tcol-xs-4 tcol-ss-12 g_item\"><div class=\"carousel_item grid_item gallery_item\"><a href=\"https:\/\/ewa-marine.com\/wp-content\/uploads\/2016\/03\/VFS7_600x600.jpg\" data-rel=\"lightbox\" class=\"gallery-link\"><div class=\"kt-intrinsic\" style=\"padding-bottom:100%;\" itemprop=\"image\" itemscope itemtype=\"http:\/\/schema.org\/ImageObject\"><img loading=\"lazy\" decoding=\"async\" src=\"https:\/\/i0.wp.com\/ewa-marine.com\/wp-content\/uploads\/2016\/03\/VFS7_600x600.jpg?resize=300%2C300&#038;ssl=1\" width=\"300\" height=\"300\" alt=\"\" data-caption=\"\" itemprop=\"contentUrl\" srcset=\"https:\/\/ewa-marine.com\/wp-content\/uploads\/2016\/03\/VFS7_600x600.jpg 600w, https:\/\/ewa-marine.com\/wp-content\/uploads\/2016\/03\/VFS7_600x600-150x150.jpg 150w, https:\/\/ewa-marine.com\/wp-content\/uploads\/2016\/03\/VFS7_600x600-300x300.jpg 300w, https:\/\/ewa-marine.com\/wp-content\/uploads\/2016\/03\/VFS7_600x600-60x60.jpg 60w\" sizes=\"auto, (max-width: 300px) 100vw, 300px\" class=\"kt-gallery-img\"\/><meta itemprop=\"url\" content=\"https:\/\/i0.wp.com\/ewa-marine.com\/wp-content\/uploads\/2016\/03\/VFS7_600x600.jpg?resize=300%2C300&#038;ssl=1\"><meta itemprop=\"width\" content=\"300\"><meta itemprop=\"height\" content=\"300>\"><\/div><\/a><\/div><\/div><div class=\"tcol-lg-3 tcol-md-3 tcol-sm-4 tcol-xs-4 tcol-ss-12 g_item\"><div class=\"carousel_item grid_item gallery_item\"><a href=\"https:\/\/ewa-marine.com\/wp-content\/uploads\/2016\/03\/VLA_400x400.jpg\" data-rel=\"lightbox\" class=\"gallery-link\"><div class=\"kt-intrinsic\" style=\"padding-bottom:100%;\" itemprop=\"image\" itemscope itemtype=\"http:\/\/schema.org\/ImageObject\"><img loading=\"lazy\" decoding=\"async\" src=\"https:\/\/i0.wp.com\/ewa-marine.com\/wp-content\/uploads\/2016\/03\/VLA_400x400.jpg?resize=300%2C300&#038;ssl=1\" width=\"300\" height=\"300\" alt=\"\" data-caption=\"\" itemprop=\"contentUrl\" srcset=\"https:\/\/ewa-marine.com\/wp-content\/uploads\/2016\/03\/VLA_400x400.jpg 400w, https:\/\/ewa-marine.com\/wp-content\/uploads\/2016\/03\/VLA_400x400-150x150.jpg 150w, https:\/\/ewa-marine.com\/wp-content\/uploads\/2016\/03\/VLA_400x400-300x300.jpg 300w, https:\/\/ewa-marine.com\/wp-content\/uploads\/2016\/03\/VLA_400x400-60x60.jpg 60w\" sizes=\"auto, (max-width: 300px) 100vw, 300px\" class=\"kt-gallery-img\"\/><meta itemprop=\"url\" content=\"https:\/\/i0.wp.com\/ewa-marine.com\/wp-content\/uploads\/2016\/03\/VLA_400x400.jpg?resize=300%2C300&#038;ssl=1\"><meta itemprop=\"width\" content=\"300\"><meta itemprop=\"height\" content=\"300>\"><\/div><\/a><\/div><\/div><div class=\"tcol-lg-3 tcol-md-3 tcol-sm-4 tcol-xs-4 tcol-ss-12 g_item\"><div class=\"carousel_item grid_item gallery_item\"><a href=\"https:\/\/ewa-marine.com\/wp-content\/uploads\/2016\/03\/vxf3_600x600.jpg\" data-rel=\"lightbox\" class=\"gallery-link\"><div class=\"kt-intrinsic\" style=\"padding-bottom:100%;\" itemprop=\"image\" itemscope itemtype=\"http:\/\/schema.org\/ImageObject\"><img loading=\"lazy\" decoding=\"async\" src=\"https:\/\/i0.wp.com\/ewa-marine.com\/wp-content\/uploads\/2016\/03\/vxf3_600x600.jpg?resize=300%2C300&#038;ssl=1\" width=\"300\" height=\"300\" alt=\"\" data-caption=\"\" itemprop=\"contentUrl\" srcset=\"https:\/\/ewa-marine.com\/wp-content\/uploads\/2016\/03\/vxf3_600x600.jpg 600w, https:\/\/ewa-marine.com\/wp-content\/uploads\/2016\/03\/vxf3_600x600-150x150.jpg 150w, https:\/\/ewa-marine.com\/wp-content\/uploads\/2016\/03\/vxf3_600x600-300x300.jpg 300w, https:\/\/ewa-marine.com\/wp-content\/uploads\/2016\/03\/vxf3_600x600-60x60.jpg 60w\" sizes=\"auto, (max-width: 300px) 100vw, 300px\" class=\"kt-gallery-img\"\/><meta itemprop=\"url\" content=\"https:\/\/i0.wp.com\/ewa-marine.com\/wp-content\/uploads\/2016\/03\/vxf3_600x600.jpg?resize=300%2C300&#038;ssl=1\"><meta itemprop=\"width\" content=\"300\"><meta itemprop=\"height\" content=\"300>\"><\/div><\/a><\/div><\/div><div class=\"tcol-lg-3 tcol-md-3 tcol-sm-4 tcol-xs-4 tcol-ss-12 g_item\"><div class=\"carousel_item grid_item gallery_item\"><a href=\"https:\/\/ewa-marine.com\/wp-content\/uploads\/2015\/12\/VAF1_200x200-1.png\" data-rel=\"lightbox\" class=\"gallery-link\"><div class=\"kt-intrinsic\" style=\"padding-bottom:100%;\" itemprop=\"image\" itemscope itemtype=\"http:\/\/schema.org\/ImageObject\"><img loading=\"lazy\" decoding=\"async\" src=\"https:\/\/ewa-marine.com\/wp-content\/uploads\/2015\/12\/VAF1_200x200-1.png\" width=\"200\" height=\"200\" alt=\"\" data-caption=\"\" itemprop=\"contentUrl\" srcset=\"https:\/\/ewa-marine.com\/wp-content\/uploads\/2015\/12\/VAF1_200x200-1.png 200w, https:\/\/ewa-marine.com\/wp-content\/uploads\/2015\/12\/VAF1_200x200-1-150x150.png 150w, https:\/\/ewa-marine.com\/wp-content\/uploads\/2015\/12\/VAF1_200x200-1-60x60.png 60w\" sizes=\"auto, (max-width: 200px) 100vw, 200px\" class=\"kt-gallery-img\"\/><meta itemprop=\"url\" content=\"https:\/\/ewa-marine.com\/wp-content\/uploads\/2015\/12\/VAF1_200x200-1.png\"><meta itemprop=\"width\" content=\"200\"><meta itemprop=\"height\" content=\"200>\"><\/div><\/a><\/div><\/div><div class=\"tcol-lg-3 tcol-md-3 tcol-sm-4 tcol-xs-4 tcol-ss-12 g_item\"><div class=\"carousel_item grid_item gallery_item\"><a href=\"https:\/\/ewa-marine.com\/wp-content\/uploads\/2016\/04\/V100_400x400.jpg\" data-rel=\"lightbox\" class=\"gallery-link\"><div class=\"kt-intrinsic\" style=\"padding-bottom:100%;\" itemprop=\"image\" itemscope itemtype=\"http:\/\/schema.org\/ImageObject\"><img loading=\"lazy\" decoding=\"async\" src=\"https:\/\/i0.wp.com\/ewa-marine.com\/wp-content\/uploads\/2016\/04\/V100_400x400.jpg?resize=300%2C300&#038;ssl=1\" width=\"300\" height=\"300\" alt=\"\" data-caption=\"\" itemprop=\"contentUrl\" srcset=\"https:\/\/ewa-marine.com\/wp-content\/uploads\/2016\/04\/V100_400x400.jpg 400w, https:\/\/ewa-marine.com\/wp-content\/uploads\/2016\/04\/V100_400x400-150x150.jpg 150w, https:\/\/ewa-marine.com\/wp-content\/uploads\/2016\/04\/V100_400x400-300x300.jpg 300w, https:\/\/ewa-marine.com\/wp-content\/uploads\/2016\/04\/V100_400x400-60x60.jpg 60w, https:\/\/ewa-marine.com\/wp-content\/uploads\/2016\/04\/V100_400x400-370x370.jpg 370w\" sizes=\"auto, (max-width: 300px) 100vw, 300px\" class=\"kt-gallery-img\"\/><meta itemprop=\"url\" content=\"https:\/\/i0.wp.com\/ewa-marine.com\/wp-content\/uploads\/2016\/04\/V100_400x400.jpg?resize=300%2C300&#038;ssl=1\"><meta itemprop=\"width\" content=\"300\"><meta itemprop=\"height\" content=\"300>\"><\/div><\/a><\/div><\/div><div class=\"tcol-lg-3 tcol-md-3 tcol-sm-4 tcol-xs-4 tcol-ss-12 g_item\"><div class=\"carousel_item grid_item gallery_item\"><a href=\"https:\/\/ewa-marine.com\/wp-content\/uploads\/2016\/03\/vxf1_600x600.jpg\" data-rel=\"lightbox\" class=\"gallery-link\"><div class=\"kt-intrinsic\" style=\"padding-bottom:100%;\" itemprop=\"image\" itemscope itemtype=\"http:\/\/schema.org\/ImageObject\"><img loading=\"lazy\" decoding=\"async\" src=\"https:\/\/i0.wp.com\/ewa-marine.com\/wp-content\/uploads\/2016\/03\/vxf1_600x600.jpg?resize=300%2C300&#038;ssl=1\" width=\"300\" height=\"300\" alt=\"\" data-caption=\"\" itemprop=\"contentUrl\" srcset=\"https:\/\/ewa-marine.com\/wp-content\/uploads\/2016\/03\/vxf1_600x600.jpg 600w, https:\/\/ewa-marine.com\/wp-content\/uploads\/2016\/03\/vxf1_600x600-150x150.jpg 150w, https:\/\/ewa-marine.com\/wp-content\/uploads\/2016\/03\/vxf1_600x600-300x300.jpg 300w, https:\/\/ewa-marine.com\/wp-content\/uploads\/2016\/03\/vxf1_600x600-60x60.jpg 60w\" sizes=\"auto, (max-width: 300px) 100vw, 300px\" class=\"kt-gallery-img\"\/><meta itemprop=\"url\" content=\"https:\/\/i0.wp.com\/ewa-marine.com\/wp-content\/uploads\/2016\/03\/vxf1_600x600.jpg?resize=300%2C300&#038;ssl=1\"><meta itemprop=\"width\" content=\"300\"><meta itemprop=\"height\" content=\"300>\"><\/div><\/a><\/div><\/div><div class=\"tcol-lg-3 tcol-md-3 tcol-sm-4 tcol-xs-4 tcol-ss-12 g_item\"><div class=\"carousel_item grid_item gallery_item\"><a href=\"https:\/\/ewa-marine.com\/wp-content\/uploads\/2016\/03\/VLA_2_400x400.jpg\" data-rel=\"lightbox\" class=\"gallery-link\"><div class=\"kt-intrinsic\" style=\"padding-bottom:100%;\" itemprop=\"image\" itemscope itemtype=\"http:\/\/schema.org\/ImageObject\"><img loading=\"lazy\" decoding=\"async\" src=\"https:\/\/i0.wp.com\/ewa-marine.com\/wp-content\/uploads\/2016\/03\/VLA_2_400x400.jpg?resize=300%2C300&#038;ssl=1\" width=\"300\" height=\"300\" alt=\"\" data-caption=\"\" itemprop=\"contentUrl\" srcset=\"https:\/\/ewa-marine.com\/wp-content\/uploads\/2016\/03\/VLA_2_400x400.jpg 400w, https:\/\/ewa-marine.com\/wp-content\/uploads\/2016\/03\/VLA_2_400x400-150x150.jpg 150w, https:\/\/ewa-marine.com\/wp-content\/uploads\/2016\/03\/VLA_2_400x400-300x300.jpg 300w, https:\/\/ewa-marine.com\/wp-content\/uploads\/2016\/03\/VLA_2_400x400-60x60.jpg 60w\" sizes=\"auto, (max-width: 300px) 100vw, 300px\" class=\"kt-gallery-img\"\/><meta itemprop=\"url\" content=\"https:\/\/i0.wp.com\/ewa-marine.com\/wp-content\/uploads\/2016\/03\/VLA_2_400x400.jpg?resize=300%2C300&#038;ssl=1\"><meta itemprop=\"width\" content=\"300\"><meta itemprop=\"height\" content=\"300>\"><\/div><\/a><\/div><\/div><div class=\"tcol-lg-3 tcol-md-3 tcol-sm-4 tcol-xs-4 tcol-ss-12 g_item\"><div class=\"carousel_item grid_item gallery_item\"><a href=\"https:\/\/ewa-marine.com\/wp-content\/uploads\/2015\/12\/VP2-200x200.jpg\" data-rel=\"lightbox\" class=\"gallery-link\"><div class=\"kt-intrinsic\" style=\"padding-bottom:100%;\" itemprop=\"image\" itemscope itemtype=\"http:\/\/schema.org\/ImageObject\"><img loading=\"lazy\" decoding=\"async\" src=\"https:\/\/ewa-marine.com\/wp-content\/uploads\/2015\/12\/VP2-200x200.jpg\" width=\"200\" height=\"200\" alt=\"\" data-caption=\"\" itemprop=\"contentUrl\" srcset=\"https:\/\/ewa-marine.com\/wp-content\/uploads\/2015\/12\/VP2-200x200.jpg 200w, https:\/\/ewa-marine.com\/wp-content\/uploads\/2015\/12\/VP2-200x200-150x150.jpg 150w, https:\/\/ewa-marine.com\/wp-content\/uploads\/2015\/12\/VP2-200x200-60x60.jpg 60w\" sizes=\"auto, (max-width: 200px) 100vw, 200px\" class=\"kt-gallery-img\"\/><meta itemprop=\"url\" content=\"https:\/\/ewa-marine.com\/wp-content\/uploads\/2015\/12\/VP2-200x200.jpg\"><meta itemprop=\"width\" content=\"200\"><meta itemprop=\"height\" content=\"200>\"><\/div><\/a><\/div><\/div><div class=\"tcol-lg-3 tcol-md-3 tcol-sm-4 tcol-xs-4 tcol-ss-12 g_item\"><div class=\"carousel_item grid_item gallery_item\"><a href=\"https:\/\/ewa-marine.com\/wp-content\/uploads\/2016\/03\/VXA20_600x600.png\" data-rel=\"lightbox\" class=\"gallery-link\"><div class=\"kt-intrinsic\" style=\"padding-bottom:100%;\" itemprop=\"image\" itemscope itemtype=\"http:\/\/schema.org\/ImageObject\"><img loading=\"lazy\" decoding=\"async\" src=\"https:\/\/i0.wp.com\/ewa-marine.com\/wp-content\/uploads\/2016\/03\/VXA20_600x600.png?resize=300%2C300&#038;ssl=1\" width=\"300\" height=\"300\" alt=\"\" data-caption=\"\" itemprop=\"contentUrl\" srcset=\"https:\/\/ewa-marine.com\/wp-content\/uploads\/2016\/03\/VXA20_600x600.png 600w, https:\/\/ewa-marine.com\/wp-content\/uploads\/2016\/03\/VXA20_600x600-150x150.png 150w, https:\/\/ewa-marine.com\/wp-content\/uploads\/2016\/03\/VXA20_600x600-300x300.png 300w, https:\/\/ewa-marine.com\/wp-content\/uploads\/2016\/03\/VXA20_600x600-60x60.png 60w, https:\/\/ewa-marine.com\/wp-content\/uploads\/2016\/03\/VXA20_600x600-370x370.png 370w\" sizes=\"auto, (max-width: 300px) 100vw, 300px\" class=\"kt-gallery-img\"\/><meta itemprop=\"url\" content=\"https:\/\/i0.wp.com\/ewa-marine.com\/wp-content\/uploads\/2016\/03\/VXA20_600x600.png?resize=300%2C300&#038;ssl=1\"><meta itemprop=\"width\" content=\"300\"><meta itemprop=\"height\" content=\"300>\"><\/div><\/a><\/div><\/div><div class=\"tcol-lg-3 tcol-md-3 tcol-sm-4 tcol-xs-4 tcol-ss-12 g_item\"><div class=\"carousel_item grid_item gallery_item\"><a href=\"https:\/\/ewa-marine.com\/wp-content\/uploads\/2015\/12\/v300_200x200-1.jpg\" data-rel=\"lightbox\" class=\"gallery-link\"><div class=\"kt-intrinsic\" style=\"padding-bottom:100%;\" itemprop=\"image\" itemscope itemtype=\"http:\/\/schema.org\/ImageObject\"><img loading=\"lazy\" decoding=\"async\" src=\"https:\/\/ewa-marine.com\/wp-content\/uploads\/2015\/12\/v300_200x200-1.jpg\" width=\"200\" height=\"200\" alt=\"\" data-caption=\"\" itemprop=\"contentUrl\" srcset=\"https:\/\/ewa-marine.com\/wp-content\/uploads\/2015\/12\/v300_200x200-1.jpg 200w, https:\/\/ewa-marine.com\/wp-content\/uploads\/2015\/12\/v300_200x200-1-150x150.jpg 150w, https:\/\/ewa-marine.com\/wp-content\/uploads\/2015\/12\/v300_200x200-1-60x60.jpg 60w\" sizes=\"auto, (max-width: 200px) 100vw, 200px\" class=\"kt-gallery-img\"\/><meta itemprop=\"url\" content=\"https:\/\/ewa-marine.com\/wp-content\/uploads\/2015\/12\/v300_200x200-1.jpg\"><meta itemprop=\"width\" content=\"200\"><meta itemprop=\"height\" content=\"200>\"><\/div><\/a><\/div><\/div>\n             \t\t<\/div>\n            \t<\/div>\n            <div class=\"clearfix\"><\/div>\n        <\/div>  \n    <\/div>\n    <div id=\"panel-157-0-0-2\" class=\"so-panel widget widget_kadence_simple_image kadence_simple_image panel-last-child\" data-index=\"2\" ><div class=\"kad_img_upload_widget  kt-shape-type- kt-image-align-center kt-image-widget-widget-0-0-2\"><a href=\"https:\/\/ewa-marine.com\/wp-content\/uploads\/2015\/07\/made-in-Germany-100x50.gif\" rel=\"lightbox\"><div class=\"kt-image-contain  \"><div class=\"kt-image-inner-contain\"><img loading=\"lazy\" decoding=\"async\" width=\"100\" height=\"50\" src=\"https:\/\/ewa-marine.com\/wp-content\/uploads\/2015\/07\/made-in-Germany-100x50.gif\" class=\"attachment-full size-full\" alt=\"made in Germany by ewa-marine\" \/><\/div><\/div><\/a><\/div><\/div><\/div><\/div><\/div>","protected":false},"excerpt":{"rendered":"<p>ewa-marine Video-ProdukteEin Video von Ihren ersten Schnorchelerlebnissen, vom Urlaub oder der Rafting-Tour am Wochenende? Mit ewa-marine Videogeh\u00e4usen gelingen Ihnen beeindruckende Aufnahmen. Leicht und dennoch \u00e4u\u00dferst widerstandsf\u00e4hig, sch\u00fctzen sie wie alle ewa-marine Geh\u00e4use auch zuverl\u00e4ssig gegen Sand, Staub oder Schlamm.Ganz gleich, ob das Familienvideo vom Strand oder die Aufnahmen aus der ersten Reihe beim Moto-Cross &#8211; in einem ewa-marine Videogeh\u00e4use ist Ihre Kamera absolut sicher vor gef\u00e4hrlicher Verschmutzung. Er\u00f6ffnen Sie sich damit neue M\u00f6glichkeiten und Perspektiven. ewa-marine Videogeh\u00e4use sind f\u00fcr fast &hellip; <a href=\"https:\/\/ewa-marine.com\/de\/products\/video\/\">Weiterlesen<\/a><\/p>\n","protected":false},"author":1,"featured_media":3828,"parent":146,"menu_order":2,"comment_status":"closed","ping_status":"closed","template":"","meta":{"kt_blocks_editor_width":"","footnotes":""},"class_list":["post-157","page","type-page","status-publish","has-post-thumbnail","hentry"],"yoast_head":"<!-- This site is optimized with the Yoast SEO plugin v27.3 - https:\/\/yoast.com\/product\/yoast-seo-wordpress\/ -->\n<title>ewa-marine Unterwassergeh\u00e4use f\u00fcr Film &amp; Videokameras<\/title>\n<meta name=\"description\" content=\"ewa-marine Videokamera-Unterwassergeh\u00e4use f\u00fcr Konsumer- und Prosumer-Camcorder. &quot;Capture the Extreme&quot;, mit Ihrer Full-HD, 4K oder 3D-Videokamera!\" \/>\n<meta name=\"robots\" content=\"index, follow, max-snippet:-1, max-image-preview:large, max-video-preview:-1\" \/>\n<link rel=\"canonical\" href=\"https:\/\/ewa-marine.com\/de\/products\/video\/\" \/>\n<meta property=\"og:locale\" content=\"de_DE\" \/>\n<meta property=\"og:type\" content=\"article\" \/>\n<meta property=\"og:title\" content=\"ewa-marine Unterwassergeh\u00e4use f\u00fcr Film &amp; Videokameras\" \/>\n<meta property=\"og:description\" content=\"ewa-marine Videokamera-Unterwassergeh\u00e4use f\u00fcr Konsumer- und Prosumer-Camcorder. &quot;Capture the Extreme&quot;, mit Ihrer Full-HD, 4K oder 3D-Videokamera!\" \/>\n<meta property=\"og:url\" content=\"https:\/\/ewa-marine.com\/de\/products\/video\/\" \/>\n<meta property=\"og:site_name\" content=\"ewa-marine\" \/>\n<meta property=\"article:publisher\" content=\"https:\/\/www.facebook.com\/ewa-marine\" \/>\n<meta property=\"article:modified_time\" content=\"2017-04-04T11:57:50+00:00\" \/>\n<meta property=\"og:image\" content=\"https:\/\/i0.wp.com\/www.ewa-marine.de\/wp-content\/uploads\/2015\/07\/featured-image-video.jpg?fit=200%2C200&ssl=1\" \/>\n\t<meta property=\"og:image:width\" content=\"200\" \/>\n\t<meta property=\"og:image:height\" content=\"200\" \/>\n\t<meta property=\"og:image:type\" content=\"image\/jpeg\" \/>\n<meta name=\"twitter:card\" content=\"summary_large_image\" \/>\n<meta name=\"twitter:site\" content=\"@ewa_marine\" \/>\n<meta name=\"twitter:label1\" content=\"Gesch\u00e4tzte Lesezeit\" \/>\n\t<meta name=\"twitter:data1\" content=\"1\u00a0Minute\" \/>\n<script type=\"application\/ld+json\" class=\"yoast-schema-graph\">{\"@context\":\"https:\\\/\\\/schema.org\",\"@graph\":[{\"@type\":\"WebPage\",\"@id\":\"https:\\\/\\\/ewa-marine.com\\\/de\\\/products\\\/video\\\/\",\"url\":\"https:\\\/\\\/ewa-marine.com\\\/de\\\/products\\\/video\\\/\",\"name\":\"ewa-marine Unterwassergeh\u00e4use f\u00fcr Film & Videokameras\",\"isPartOf\":{\"@id\":\"https:\\\/\\\/ewa-marine.com\\\/de\\\/#website\"},\"primaryImageOfPage\":{\"@id\":\"https:\\\/\\\/ewa-marine.com\\\/de\\\/products\\\/video\\\/#primaryimage\"},\"image\":{\"@id\":\"https:\\\/\\\/ewa-marine.com\\\/de\\\/products\\\/video\\\/#primaryimage\"},\"thumbnailUrl\":\"https:\\\/\\\/ewa-marine.com\\\/wp-content\\\/uploads\\\/2015\\\/07\\\/featured-image-video.jpg\",\"datePublished\":\"2015-07-02T17:11:13+00:00\",\"dateModified\":\"2017-04-04T11:57:50+00:00\",\"description\":\"ewa-marine Videokamera-Unterwassergeh\u00e4use f\u00fcr Konsumer- und Prosumer-Camcorder. \\\"Capture the Extreme\\\", mit Ihrer Full-HD, 4K oder 3D-Videokamera!\",\"breadcrumb\":{\"@id\":\"https:\\\/\\\/ewa-marine.com\\\/de\\\/products\\\/video\\\/#breadcrumb\"},\"inLanguage\":\"de\",\"potentialAction\":[{\"@type\":\"ReadAction\",\"target\":[\"https:\\\/\\\/ewa-marine.com\\\/de\\\/products\\\/video\\\/\"]}]},{\"@type\":\"ImageObject\",\"inLanguage\":\"de\",\"@id\":\"https:\\\/\\\/ewa-marine.com\\\/de\\\/products\\\/video\\\/#primaryimage\",\"url\":\"https:\\\/\\\/ewa-marine.com\\\/wp-content\\\/uploads\\\/2015\\\/07\\\/featured-image-video.jpg\",\"contentUrl\":\"https:\\\/\\\/ewa-marine.com\\\/wp-content\\\/uploads\\\/2015\\\/07\\\/featured-image-video.jpg\",\"width\":200,\"height\":200},{\"@type\":\"BreadcrumbList\",\"@id\":\"https:\\\/\\\/ewa-marine.com\\\/de\\\/products\\\/video\\\/#breadcrumb\",\"itemListElement\":[{\"@type\":\"ListItem\",\"position\":1,\"name\":\"Startseite\",\"item\":\"https:\\\/\\\/www.ewa-marine.de\\\/\"},{\"@type\":\"ListItem\",\"position\":2,\"name\":\"Produkte\",\"item\":\"https:\\\/\\\/www.ewa-marine.de\\\/products\\\/\"},{\"@type\":\"ListItem\",\"position\":3,\"name\":\"Video\"}]},{\"@type\":\"WebSite\",\"@id\":\"https:\\\/\\\/ewa-marine.com\\\/de\\\/#website\",\"url\":\"https:\\\/\\\/ewa-marine.com\\\/de\\\/\",\"name\":\"ewa-marine\",\"description\":\"Capture the Extreme !\",\"potentialAction\":[{\"@type\":\"SearchAction\",\"target\":{\"@type\":\"EntryPoint\",\"urlTemplate\":\"https:\\\/\\\/ewa-marine.com\\\/de\\\/?s={search_term_string}\"},\"query-input\":{\"@type\":\"PropertyValueSpecification\",\"valueRequired\":true,\"valueName\":\"search_term_string\"}}],\"inLanguage\":\"de\"}]}<\/script>\n<!-- \/ Yoast SEO plugin. -->","yoast_head_json":{"title":"ewa-marine Unterwassergeh\u00e4use f\u00fcr Film & Videokameras","description":"ewa-marine Videokamera-Unterwassergeh\u00e4use f\u00fcr Konsumer- und Prosumer-Camcorder. \"Capture the Extreme\", mit Ihrer Full-HD, 4K oder 3D-Videokamera!","robots":{"index":"index","follow":"follow","max-snippet":"max-snippet:-1","max-image-preview":"max-image-preview:large","max-video-preview":"max-video-preview:-1"},"canonical":"https:\/\/ewa-marine.com\/de\/products\/video\/","og_locale":"de_DE","og_type":"article","og_title":"ewa-marine Unterwassergeh\u00e4use f\u00fcr Film & Videokameras","og_description":"ewa-marine Videokamera-Unterwassergeh\u00e4use f\u00fcr Konsumer- und Prosumer-Camcorder. \"Capture the Extreme\", mit Ihrer Full-HD, 4K oder 3D-Videokamera!","og_url":"https:\/\/ewa-marine.com\/de\/products\/video\/","og_site_name":"ewa-marine","article_publisher":"https:\/\/www.facebook.com\/ewa-marine","article_modified_time":"2017-04-04T11:57:50+00:00","og_image":[{"width":200,"height":200,"url":"https:\/\/i0.wp.com\/www.ewa-marine.de\/wp-content\/uploads\/2015\/07\/featured-image-video.jpg?fit=200%2C200&ssl=1","type":"image\/jpeg"}],"twitter_card":"summary_large_image","twitter_site":"@ewa_marine","twitter_misc":{"Gesch\u00e4tzte Lesezeit":"1\u00a0Minute"},"schema":{"@context":"https:\/\/schema.org","@graph":[{"@type":"WebPage","@id":"https:\/\/ewa-marine.com\/de\/products\/video\/","url":"https:\/\/ewa-marine.com\/de\/products\/video\/","name":"ewa-marine Unterwassergeh\u00e4use f\u00fcr Film & Videokameras","isPartOf":{"@id":"https:\/\/ewa-marine.com\/de\/#website"},"primaryImageOfPage":{"@id":"https:\/\/ewa-marine.com\/de\/products\/video\/#primaryimage"},"image":{"@id":"https:\/\/ewa-marine.com\/de\/products\/video\/#primaryimage"},"thumbnailUrl":"https:\/\/ewa-marine.com\/wp-content\/uploads\/2015\/07\/featured-image-video.jpg","datePublished":"2015-07-02T17:11:13+00:00","dateModified":"2017-04-04T11:57:50+00:00","description":"ewa-marine Videokamera-Unterwassergeh\u00e4use f\u00fcr Konsumer- und Prosumer-Camcorder. \"Capture the Extreme\", mit Ihrer Full-HD, 4K oder 3D-Videokamera!","breadcrumb":{"@id":"https:\/\/ewa-marine.com\/de\/products\/video\/#breadcrumb"},"inLanguage":"de","potentialAction":[{"@type":"ReadAction","target":["https:\/\/ewa-marine.com\/de\/products\/video\/"]}]},{"@type":"ImageObject","inLanguage":"de","@id":"https:\/\/ewa-marine.com\/de\/products\/video\/#primaryimage","url":"https:\/\/ewa-marine.com\/wp-content\/uploads\/2015\/07\/featured-image-video.jpg","contentUrl":"https:\/\/ewa-marine.com\/wp-content\/uploads\/2015\/07\/featured-image-video.jpg","width":200,"height":200},{"@type":"BreadcrumbList","@id":"https:\/\/ewa-marine.com\/de\/products\/video\/#breadcrumb","itemListElement":[{"@type":"ListItem","position":1,"name":"Startseite","item":"https:\/\/www.ewa-marine.de\/"},{"@type":"ListItem","position":2,"name":"Produkte","item":"https:\/\/www.ewa-marine.de\/products\/"},{"@type":"ListItem","position":3,"name":"Video"}]},{"@type":"WebSite","@id":"https:\/\/ewa-marine.com\/de\/#website","url":"https:\/\/ewa-marine.com\/de\/","name":"ewa-marine","description":"Capture the Extreme !","potentialAction":[{"@type":"SearchAction","target":{"@type":"EntryPoint","urlTemplate":"https:\/\/ewa-marine.com\/de\/?s={search_term_string}"},"query-input":{"@type":"PropertyValueSpecification","valueRequired":true,"valueName":"search_term_string"}}],"inLanguage":"de"}]}},"_links":{"self":[{"href":"https:\/\/ewa-marine.com\/de\/wp-json\/wp\/v2\/pages\/157","targetHints":{"allow":["GET"]}}],"collection":[{"href":"https:\/\/ewa-marine.com\/de\/wp-json\/wp\/v2\/pages"}],"about":[{"href":"https:\/\/ewa-marine.com\/de\/wp-json\/wp\/v2\/types\/page"}],"author":[{"embeddable":true,"href":"https:\/\/ewa-marine.com\/de\/wp-json\/wp\/v2\/users\/1"}],"replies":[{"embeddable":true,"href":"https:\/\/ewa-marine.com\/de\/wp-json\/wp\/v2\/comments?post=157"}],"version-history":[{"count":0,"href":"https:\/\/ewa-marine.com\/de\/wp-json\/wp\/v2\/pages\/157\/revisions"}],"up":[{"embeddable":true,"href":"https:\/\/ewa-marine.com\/de\/wp-json\/wp\/v2\/pages\/146"}],"wp:featuredmedia":[{"embeddable":true,"href":"https:\/\/ewa-marine.com\/de\/wp-json\/wp\/v2\/media\/3828"}],"wp:attachment":[{"href":"https:\/\/ewa-marine.com\/de\/wp-json\/wp\/v2\/media?parent=157"}],"curies":[{"name":"wp","href":"https:\/\/api.w.org\/{rel}","templated":true}]}}