{"id":1582,"date":"2015-07-17T11:46:56","date_gmt":"2015-07-17T10:46:56","guid":{"rendered":"http:\/\/de.ewa-marine.at\/?page_id=1582"},"modified":"2018-07-24T21:28:31","modified_gmt":"2018-07-24T20:28:31","slug":"c-35","status":"publish","type":"page","link":"https:\/\/ewa-marine.com\/de\/products\/regencapes\/fotokameras\/c-35\/","title":{"rendered":"C-35"},"content":{"rendered":"<div id=\"pl-1582\"  class=\"panel-layout\" ><div id=\"pg-1582-0\"  class=\"panel-grid panel-has-style\" ><div class=\"panel-widget-style panel-row-style panel-row-style-for-1582-0\" ><div id=\"pgc-1582-0-0\"  class=\"panel-grid-cell\" ><div id=\"panel-1582-0-0-0\" class=\"so-panel widget widget_kadence_simple_image kadence_simple_image panel-first-child\" data-index=\"0\" ><div class=\"panel-widget-style panel-widget-style-for-1582-0-0-0\" ><div class=\"kad_img_upload_widget  kt-shape-type- kt-image-align-center kt-image-widget-widget-0-0-0\"><a href=\"https:\/\/ewa-marine.com\/wp-content\/uploads\/2015\/07\/C35-200x200.jpg\" rel=\"lightbox\"><div class=\"kt-image-contain  \"><div class=\"kt-image-inner-contain\"><img decoding=\"async\" src=\"https:\/\/ewa-marine.com\/wp-content\/uploads\/2015\/07\/C35-200x200.jpg\"><\/div><\/div><\/a><div class=\"kadence_image_widget_caption\">ewa-marine C-35 Regencape, \nKamera ist nicht im Lieferumfang enthalten.<\/div><\/div><\/div><\/div><div id=\"panel-1582-0-0-1\" class=\"so-panel widget widget_siteorigin-panels-builder panel-last-child\" data-index=\"1\" ><div id=\"pl-w58243f110d266\"  class=\"panel-layout\" ><div id=\"pg-w58243f110d266-0\"  class=\"panel-grid panel-no-style\" ><div id=\"pgc-w58243f110d266-0-0\"  class=\"panel-grid-cell panel-grid-cell-empty\" ><\/div><div id=\"pgc-w58243f110d266-0-1\"  class=\"panel-grid-cell panel-grid-cell-mobile-last\" ><div id=\"panel-w58243f110d266-0-1-0\" class=\"so-panel widget widget_kadence_simple_image kadence_simple_image panel-first-child panel-last-child\" data-index=\"0\" ><div class=\"kad_img_upload_widget  kt-shape-type- kt-image-align-center kt-image-widget-widget-0-1-0\"><div class=\"kt-image-contain  \"><div class=\"kt-image-inner-contain\"><img decoding=\"async\" src=\"https:\/\/ewa-marine.com\/wp-content\/uploads\/2015\/07\/made-in-Germany-100x50.gif\"><\/div><\/div><\/div><\/div><\/div><div id=\"pgc-w58243f110d266-0-2\"  class=\"panel-grid-cell panel-grid-cell-empty\" ><\/div><\/div><\/div><\/div><\/div><div id=\"pgc-1582-0-1\"  class=\"panel-grid-cell\" ><div id=\"panel-1582-0-1-0\" class=\"so-panel widget widget_black-studio-tinymce widget_black_studio_tinymce panel-first-child\" data-index=\"2\" ><div class=\"panel-widget-style panel-widget-style-for-1582-0-1-0\" ><div class=\"textwidget\"><p><a href=\"https:\/\/www.marinsolar.de\/produkt\/ewa-marine-c35-regencape\/\" target=\"_blank\"><img loading=\"lazy\" decoding=\"async\" class=\"alignright wp-image-5203\" src=\"\/wp-content\/uploads\/2016\/03\/online-kaufen.png\" alt=\"Online Einkaufen bei marinSolar\" width=\"149\" height=\"50\" \/><\/a><\/p>\n<h1 class=\"bodytext\">ewa-marine C-35 Regencape<\/h1>\n<h2 class=\"bodytext\">Ein guter Regenschutz f\u00fcr Spiegelreflexkameras mit kleinem Zoomobjektiv<\/h2>\n<h6>Bestellcode: C-35<\/h6>\n<p class=\"bodytext\">Das Regencape C35 ist ein guter Regenschutz f\u00fcr Spiegelreflexkameras mit kleinem oder Standard-Zoomobjektiv.<\/p>\n<p class=\"bodytext\">Das Cape wird aus Spezialfolie hergestellt und hat an seiner Oberseite Durchf\u00fchrungen f\u00fcr die Haltegurte der Kamera.<br \/>\nDas Objektiv wird durch eine Lasche, die heruntergeklappt werden kann, vor Regen gesch\u00fctzt.<\/p>\n<p class=\"bodytext\">In dem Cape k\u00f6nnen kleine und Standard-Zoomobjektive verschiedener Hersteller verwendet werden.<br \/>\nDie Kamera kann immer noch auf einem Stativ verwendet werden.<\/p>\n<p class=\"bodytext\">Bitte beachten Sie, dass Sie das C35 Regencape nur bei leichtem Regen verwenden k\u00f6nnen. Bei starkem Regen oder bei Spritzwasser ist der Schutz durch das Cape nicht ausreichend.<\/p>\n<\/div><\/div><\/div><div id=\"panel-1582-0-1-1\" class=\"so-panel widget widget_black-studio-tinymce widget_black_studio_tinymce panel-last-child\" data-index=\"3\" ><div class=\"textwidget\">\n<div class=\"panel-group\" id=\"accordionname563\"><div class=\"panel panel-default\"><div class=\"panel-heading\"><a class=\"accordion-toggle collapsed\" data-toggle=\"collapse\" data-parent=\"#accordionname563\" href=\"#collapse5630\"><h5><i class=\"kt-icon-minus primary-color\"><\/i><i class=\"kt-icon-plus\"><\/i>Technische Daten<\/h5><\/a><\/div><div id=\"collapse5630\" class=\"panel-collapse collapse \"><div class=\"panel-body postclass\">\n<table class=\"contenttable contenttable-0\">\n<tbody>\n<tr class=\"tr-even tr-0\">\n<td class=\"td-0\">L\u00e4nge<\/td>\n<td class=\"td-last\">30 cm<\/td>\n<\/tr>\n<tr class=\"tr-odd tr-1\">\n<td class=\"td-0\">Breite<\/td>\n<td class=\"td-last\">18 cm<\/td>\n<\/tr>\n<tr class=\"tr-even tr-2\">\n<td class=\"td-0\">H\u00f6he<\/td>\n<td class=\"td-last\">10 cm<\/td>\n<\/tr>\n<tr class=\"tr-odd tr-3\">\n<td class=\"td-0\">Durchmesser Frontglas<\/td>\n<td class=\"td-last\">75 mm<\/td>\n<\/tr>\n<tr class=\"tr-even tr-last\">\n<td class=\"td-0\">Gewicht<\/td>\n<td class=\"td-last\">ca. 180 g<\/td>\n<\/tr>\n<\/tbody>\n<\/table>\n<div class=\"csc-frame csc-frame-rulerBefore\">\u00a0<\/div>\n<\/div><\/div><\/div><\/div>\n\n<\/div><\/div><\/div><\/div><\/div><div id=\"pg-1582-1\"  class=\"panel-grid panel-has-style\" ><div class=\"panel-widget-style panel-row-style panel-row-style-for-1582-1\" ><div id=\"pgc-1582-1-0\"  class=\"panel-grid-cell\" ><div id=\"panel-1582-1-0-0\" class=\"so-panel widget widget_text panel-first-child\" data-index=\"4\" >\t\t\t<div class=\"textwidget\"><h4>   Produkte, die Sie ebenfalls interessieren k\u00f6nnten:<\/h4>\n<\/div>\n\t\t<\/div><div id=\"panel-1582-1-0-1\" class=\"so-panel widget widget_siteorigin-panels-builder panel-last-child\" data-index=\"5\" ><div class=\"Optional Extras panel-widget-style panel-widget-style-for-1582-1-0-1\" ><div id=\"pl-w588729ee51fe0\"  class=\"panel-layout\" ><div id=\"pg-w588729ee51fe0-0\"  class=\"panel-grid panel-no-style\" ><div id=\"pgc-w588729ee51fe0-0-0\"  class=\"panel-grid-cell\" ><div id=\"panel-w588729ee51fe0-0-0-0\" class=\"so-panel widget widget_kadence_simple_image kadence_simple_image panel-first-child panel-last-child\" data-index=\"0\" ><div class=\"kad_img_upload_widget  kt-shape-type- kt-image-align-center kt-image-widget-widget-0-0-0\"><a href=\"\/products\/regencapes\/fotokameras\/c-af\/\" target=\"_self\"><div class=\"kt-image-contain  \"><div class=\"kt-image-inner-contain\"><img loading=\"lazy\" decoding=\"async\" width=\"300\" height=\"300\" src=\"https:\/\/ewa-marine.com\/wp-content\/uploads\/2015\/07\/C-AF-300x300_03.jpg\" class=\"attachment-full size-full\" alt=\"\" srcset=\"https:\/\/ewa-marine.com\/wp-content\/uploads\/2015\/07\/C-AF-300x300_03.jpg 300w, https:\/\/ewa-marine.com\/wp-content\/uploads\/2015\/07\/C-AF-300x300_03-150x150.jpg 150w, https:\/\/ewa-marine.com\/wp-content\/uploads\/2015\/07\/C-AF-300x300_03-60x60.jpg 60w\" sizes=\"auto, (max-width: 300px) 100vw, 300px\" \/><\/div><\/div><\/a><div class=\"kadence_image_widget_caption\">C-AF Regencape<\/div><\/div><\/div><\/div><div id=\"pgc-w588729ee51fe0-0-1\"  class=\"panel-grid-cell\" ><div id=\"panel-w588729ee51fe0-0-1-0\" class=\"so-panel widget widget_kadence_simple_image kadence_simple_image panel-first-child panel-last-child\" data-index=\"1\" ><div class=\"kad_img_upload_widget  kt-shape-type- kt-image-align-center kt-image-widget-widget-0-1-0\"><a href=\"https:\/\/ewa-marine.com\/wp-content\/uploads\/2015\/07\/C-AFX-400x400.jpg\" rel=\"lightbox\"><div class=\"kt-image-contain  \"><div class=\"kt-image-inner-contain\"><img loading=\"lazy\" decoding=\"async\" width=\"400\" height=\"400\" src=\"https:\/\/ewa-marine.com\/wp-content\/uploads\/2015\/07\/C-AFX-400x400.jpg\" class=\"attachment-full size-full\" alt=\"\" srcset=\"https:\/\/ewa-marine.com\/wp-content\/uploads\/2015\/07\/C-AFX-400x400.jpg 400w, https:\/\/ewa-marine.com\/wp-content\/uploads\/2015\/07\/C-AFX-400x400-150x150.jpg 150w, https:\/\/ewa-marine.com\/wp-content\/uploads\/2015\/07\/C-AFX-400x400-300x300.jpg 300w, https:\/\/ewa-marine.com\/wp-content\/uploads\/2015\/07\/C-AFX-400x400-60x60.jpg 60w\" sizes=\"auto, (max-width: 400px) 100vw, 400px\" \/><\/div><\/div><\/a><div class=\"kadence_image_widget_caption\">C-AFX Regencape<\/div><\/div><\/div><\/div><div id=\"pgc-w588729ee51fe0-0-2\"  class=\"panel-grid-cell\" ><div id=\"panel-w588729ee51fe0-0-2-0\" class=\"so-panel widget widget_kadence_simple_image kadence_simple_image panel-first-child panel-last-child\" data-index=\"2\" ><div class=\"kad_img_upload_widget  kt-shape-type- kt-image-align-center kt-image-widget-widget-0-2-0\"><a href=\"\/products\/regencapes\/fotokameras\/c-z100\/\" target=\"_self\"><div class=\"kt-image-contain  \"><div class=\"kt-image-inner-contain\"><img loading=\"lazy\" decoding=\"async\" width=\"400\" height=\"400\" src=\"https:\/\/ewa-marine.com\/wp-content\/uploads\/2015\/07\/CZ100-400x400.jpg\" class=\"attachment-full size-full\" alt=\"\" srcset=\"https:\/\/ewa-marine.com\/wp-content\/uploads\/2015\/07\/CZ100-400x400.jpg 400w, https:\/\/ewa-marine.com\/wp-content\/uploads\/2015\/07\/CZ100-400x400-150x150.jpg 150w, https:\/\/ewa-marine.com\/wp-content\/uploads\/2015\/07\/CZ100-400x400-300x300.jpg 300w, https:\/\/ewa-marine.com\/wp-content\/uploads\/2015\/07\/CZ100-400x400-60x60.jpg 60w\" sizes=\"auto, (max-width: 400px) 100vw, 400px\" \/><\/div><\/div><\/a><div class=\"kadence_image_widget_caption\">C-Z 100 Regencape<\/div><\/div><\/div><\/div><div id=\"pgc-w588729ee51fe0-0-3\"  class=\"panel-grid-cell panel-grid-cell-mobile-last\" ><div id=\"panel-w588729ee51fe0-0-3-0\" class=\"so-panel widget widget_kadence_simple_image kadence_simple_image panel-first-child panel-last-child\" data-index=\"3\" ><div class=\"kad_img_upload_widget  kt-shape-type- kt-image-align-center kt-image-widget-widget-0-3-0\"><a href=\"\/produkte\/foto\/slr\/u-a\/\" target=\"_self\"><div class=\"kt-image-contain  \"><div class=\"kt-image-inner-contain\"><img loading=\"lazy\" decoding=\"async\" width=\"200\" height=\"200\" src=\"https:\/\/ewa-marine.com\/wp-content\/uploads\/2015\/12\/U-A-200x200.jpg\" class=\"attachment-full size-full\" alt=\"\" srcset=\"https:\/\/ewa-marine.com\/wp-content\/uploads\/2015\/12\/U-A-200x200.jpg 200w, https:\/\/ewa-marine.com\/wp-content\/uploads\/2015\/12\/U-A-200x200-150x150.jpg 150w, https:\/\/ewa-marine.com\/wp-content\/uploads\/2015\/12\/U-A-200x200-60x60.jpg 60w\" sizes=\"auto, (max-width: 200px) 100vw, 200px\" \/><\/div><\/div><\/a><div class=\"kadence_image_widget_caption\">U-A Unterwassergeh\u00e4use<\/div><\/div><\/div><\/div><div id=\"pgc-w588729ee51fe0-0-4\"  class=\"panel-grid-cell panel-grid-cell-empty\" ><\/div><\/div><\/div><\/div><\/div><\/div><\/div><\/div><div id=\"pg-1582-2\"  class=\"panel-grid panel-no-style\" ><div id=\"pgc-1582-2-0\"  class=\"panel-grid-cell\" ><div id=\"panel-1582-2-0-0\" class=\"so-panel widget widget_black-studio-tinymce widget_black_studio_tinymce panel-first-child panel-last-child\" data-index=\"6\" ><div class=\"textwidget\"><hr \/>\n<h6>Alle Daten und Bilder von Unterwassergeh\u00e4usen und Regencapes entsprechen dem Stand unserer Produkte zum Zeitpunkt der letzten redaktionellen Bearbeitung dieser Seite. ewa-marine beh\u00e4lt sich jedoch vor, alle Produkte im Rahmen unseres kontinuierlichen Verbesserungprozesses zu \u00e4ndern und zu verbessern. Daher k\u00f6nnen die aktuell im Markt angebotenen Produkte in Einzelpunkten eventuell von den Abbildungen abweichen. Eine Garantie f\u00fcr Vollst\u00e4ndigkeit oder Richtigkeit kann nicht \u00fcbernommen werden, ebenso wenig wie eine Haftung f\u00fcr die Verwendung dieser Seiten oder deren Inhalt.<br \/>\nEinige Bilder auf dieser Website zeigen die ewa-marine Produkt einschlie\u00dflich Kamera oder anderer elektronischer Ger\u00e4te. Diese Kameras oder andere Elektronik sind nicht im Lieferumfang enthalten und dienen hier nur als Anwendungsbeispiel.<\/h6>\n<\/div><\/div><\/div><\/div><\/div>","protected":false},"excerpt":{"rendered":"<p>ewa-marine C-35 Regencape Ein guter Regenschutz f\u00fcr Spiegelreflexkameras mit kleinem Zoomobjektiv Bestellcode: C-35 Das Regencape C35 ist ein guter Regenschutz f\u00fcr Spiegelreflexkameras mit kleinem oder Standard-Zoomobjektiv. Das Cape wird aus Spezialfolie hergestellt und hat an seiner Oberseite Durchf\u00fchrungen f\u00fcr die Haltegurte der Kamera. Das Objektiv wird durch eine Lasche, die heruntergeklappt werden kann, vor Regen gesch\u00fctzt. In dem Cape k\u00f6nnen kleine und Standard-Zoomobjektive verschiedener Hersteller verwendet werden. Die Kamera kann immer noch auf einem Stativ verwendet werden. Bitte beachten Sie, &hellip; <a href=\"https:\/\/ewa-marine.com\/de\/products\/regencapes\/fotokameras\/c-35\/\">Weiterlesen<\/a><\/p>\n","protected":false},"author":2,"featured_media":2769,"parent":825,"menu_order":7,"comment_status":"closed","ping_status":"closed","template":"","meta":{"kt_blocks_editor_width":"","footnotes":""},"class_list":["post-1582","page","type-page","status-publish","has-post-thumbnail","hentry"],"yoast_head":"<!-- This site is optimized with the Yoast SEO plugin v27.3 - https:\/\/yoast.com\/product\/yoast-seo-wordpress\/ -->\n<title>ewa-marine C-35 Regencape f\u00fcr slr Kameras mit Standard- oder kleinen Objektiven<\/title>\n<meta name=\"description\" content=\"Das Regencape C-35 ist ein guter Regenschutz f\u00fcr Spiegelreflexkameras mit kleinem Zoomobjektiv. Das Cape wird aus einer Spezialfolie hergestellt\" \/>\n<meta name=\"robots\" content=\"index, follow, max-snippet:-1, max-image-preview:large, max-video-preview:-1\" \/>\n<link rel=\"canonical\" href=\"https:\/\/ewa-marine.com\/de\/products\/regencapes\/fotokameras\/c-35\/\" \/>\n<meta property=\"og:locale\" content=\"de_DE\" \/>\n<meta property=\"og:type\" content=\"article\" \/>\n<meta property=\"og:title\" content=\"ewa-marine C-35 Regencape f\u00fcr slr Kameras mit Standard- oder kleinen Objektiven\" \/>\n<meta property=\"og:description\" content=\"Das Regencape C-35 ist ein guter Regenschutz f\u00fcr Spiegelreflexkameras mit kleinem Zoomobjektiv. Das Cape wird aus einer Spezialfolie hergestellt\" \/>\n<meta property=\"og:url\" content=\"https:\/\/ewa-marine.com\/de\/products\/regencapes\/fotokameras\/c-35\/\" \/>\n<meta property=\"og:site_name\" content=\"ewa-marine\" \/>\n<meta property=\"article:publisher\" content=\"https:\/\/www.facebook.com\/ewa-marine\" \/>\n<meta property=\"article:modified_time\" content=\"2018-07-24T20:28:31+00:00\" \/>\n<meta property=\"og:image\" content=\"https:\/\/ewa-marine.com\/wp-content\/uploads\/2015\/12\/C35-200x200.jpg\" \/>\n\t<meta property=\"og:image:width\" content=\"200\" \/>\n\t<meta property=\"og:image:height\" content=\"200\" \/>\n\t<meta property=\"og:image:type\" content=\"image\/jpeg\" \/>\n<meta name=\"twitter:card\" content=\"summary_large_image\" \/>\n<meta name=\"twitter:site\" content=\"@ewa_marine\" \/>\n<meta name=\"twitter:label1\" content=\"Gesch\u00e4tzte Lesezeit\" \/>\n\t<meta name=\"twitter:data1\" content=\"1\u00a0Minute\" \/>\n<script type=\"application\/ld+json\" class=\"yoast-schema-graph\">{\"@context\":\"https:\\\/\\\/schema.org\",\"@graph\":[{\"@type\":\"WebPage\",\"@id\":\"https:\\\/\\\/ewa-marine.com\\\/de\\\/products\\\/regencapes\\\/fotokameras\\\/c-35\\\/\",\"url\":\"https:\\\/\\\/ewa-marine.com\\\/de\\\/products\\\/regencapes\\\/fotokameras\\\/c-35\\\/\",\"name\":\"ewa-marine C-35 Regencape f\u00fcr slr Kameras mit Standard- oder kleinen Objektiven\",\"isPartOf\":{\"@id\":\"https:\\\/\\\/ewa-marine.com\\\/de\\\/#website\"},\"primaryImageOfPage\":{\"@id\":\"https:\\\/\\\/ewa-marine.com\\\/de\\\/products\\\/regencapes\\\/fotokameras\\\/c-35\\\/#primaryimage\"},\"image\":{\"@id\":\"https:\\\/\\\/ewa-marine.com\\\/de\\\/products\\\/regencapes\\\/fotokameras\\\/c-35\\\/#primaryimage\"},\"thumbnailUrl\":\"https:\\\/\\\/ewa-marine.com\\\/wp-content\\\/uploads\\\/2015\\\/12\\\/C35-200x200.jpg\",\"datePublished\":\"2015-07-17T10:46:56+00:00\",\"dateModified\":\"2018-07-24T20:28:31+00:00\",\"description\":\"Das Regencape C-35 ist ein guter Regenschutz f\u00fcr Spiegelreflexkameras mit kleinem Zoomobjektiv. Das Cape wird aus einer Spezialfolie hergestellt\",\"breadcrumb\":{\"@id\":\"https:\\\/\\\/ewa-marine.com\\\/de\\\/products\\\/regencapes\\\/fotokameras\\\/c-35\\\/#breadcrumb\"},\"inLanguage\":\"de\",\"potentialAction\":[{\"@type\":\"ReadAction\",\"target\":[\"https:\\\/\\\/ewa-marine.com\\\/de\\\/products\\\/regencapes\\\/fotokameras\\\/c-35\\\/\"]}]},{\"@type\":\"ImageObject\",\"inLanguage\":\"de\",\"@id\":\"https:\\\/\\\/ewa-marine.com\\\/de\\\/products\\\/regencapes\\\/fotokameras\\\/c-35\\\/#primaryimage\",\"url\":\"https:\\\/\\\/ewa-marine.com\\\/wp-content\\\/uploads\\\/2015\\\/12\\\/C35-200x200.jpg\",\"contentUrl\":\"https:\\\/\\\/ewa-marine.com\\\/wp-content\\\/uploads\\\/2015\\\/12\\\/C35-200x200.jpg\",\"width\":200,\"height\":200,\"caption\":\"ewa-marine C35 rain cape for SLR\"},{\"@type\":\"BreadcrumbList\",\"@id\":\"https:\\\/\\\/ewa-marine.com\\\/de\\\/products\\\/regencapes\\\/fotokameras\\\/c-35\\\/#breadcrumb\",\"itemListElement\":[{\"@type\":\"ListItem\",\"position\":1,\"name\":\"Startseite\",\"item\":\"https:\\\/\\\/www.ewa-marine.de\\\/\"},{\"@type\":\"ListItem\",\"position\":2,\"name\":\"Produkte\",\"item\":\"https:\\\/\\\/www.ewa-marine.de\\\/products\\\/\"},{\"@type\":\"ListItem\",\"position\":3,\"name\":\"Regencapes\",\"item\":\"https:\\\/\\\/www.ewa-marine.de\\\/products\\\/regencapes\\\/\"},{\"@type\":\"ListItem\",\"position\":4,\"name\":\"Fotokameras\",\"item\":\"https:\\\/\\\/www.ewa-marine.de\\\/products\\\/regencapes\\\/fotokameras\\\/\"},{\"@type\":\"ListItem\",\"position\":5,\"name\":\"C-35\"}]},{\"@type\":\"WebSite\",\"@id\":\"https:\\\/\\\/ewa-marine.com\\\/de\\\/#website\",\"url\":\"https:\\\/\\\/ewa-marine.com\\\/de\\\/\",\"name\":\"ewa-marine\",\"description\":\"Capture the Extreme !\",\"potentialAction\":[{\"@type\":\"SearchAction\",\"target\":{\"@type\":\"EntryPoint\",\"urlTemplate\":\"https:\\\/\\\/ewa-marine.com\\\/de\\\/?s={search_term_string}\"},\"query-input\":{\"@type\":\"PropertyValueSpecification\",\"valueRequired\":true,\"valueName\":\"search_term_string\"}}],\"inLanguage\":\"de\"}]}<\/script>\n<!-- \/ Yoast SEO plugin. -->","yoast_head_json":{"title":"ewa-marine C-35 Regencape f\u00fcr slr Kameras mit Standard- oder kleinen Objektiven","description":"Das Regencape C-35 ist ein guter Regenschutz f\u00fcr Spiegelreflexkameras mit kleinem Zoomobjektiv. Das Cape wird aus einer Spezialfolie hergestellt","robots":{"index":"index","follow":"follow","max-snippet":"max-snippet:-1","max-image-preview":"max-image-preview:large","max-video-preview":"max-video-preview:-1"},"canonical":"https:\/\/ewa-marine.com\/de\/products\/regencapes\/fotokameras\/c-35\/","og_locale":"de_DE","og_type":"article","og_title":"ewa-marine C-35 Regencape f\u00fcr slr Kameras mit Standard- oder kleinen Objektiven","og_description":"Das Regencape C-35 ist ein guter Regenschutz f\u00fcr Spiegelreflexkameras mit kleinem Zoomobjektiv. Das Cape wird aus einer Spezialfolie hergestellt","og_url":"https:\/\/ewa-marine.com\/de\/products\/regencapes\/fotokameras\/c-35\/","og_site_name":"ewa-marine","article_publisher":"https:\/\/www.facebook.com\/ewa-marine","article_modified_time":"2018-07-24T20:28:31+00:00","og_image":[{"width":200,"height":200,"url":"https:\/\/ewa-marine.com\/wp-content\/uploads\/2015\/12\/C35-200x200.jpg","type":"image\/jpeg"}],"twitter_card":"summary_large_image","twitter_site":"@ewa_marine","twitter_misc":{"Gesch\u00e4tzte Lesezeit":"1\u00a0Minute"},"schema":{"@context":"https:\/\/schema.org","@graph":[{"@type":"WebPage","@id":"https:\/\/ewa-marine.com\/de\/products\/regencapes\/fotokameras\/c-35\/","url":"https:\/\/ewa-marine.com\/de\/products\/regencapes\/fotokameras\/c-35\/","name":"ewa-marine C-35 Regencape f\u00fcr slr Kameras mit Standard- oder kleinen Objektiven","isPartOf":{"@id":"https:\/\/ewa-marine.com\/de\/#website"},"primaryImageOfPage":{"@id":"https:\/\/ewa-marine.com\/de\/products\/regencapes\/fotokameras\/c-35\/#primaryimage"},"image":{"@id":"https:\/\/ewa-marine.com\/de\/products\/regencapes\/fotokameras\/c-35\/#primaryimage"},"thumbnailUrl":"https:\/\/ewa-marine.com\/wp-content\/uploads\/2015\/12\/C35-200x200.jpg","datePublished":"2015-07-17T10:46:56+00:00","dateModified":"2018-07-24T20:28:31+00:00","description":"Das Regencape C-35 ist ein guter Regenschutz f\u00fcr Spiegelreflexkameras mit kleinem Zoomobjektiv. Das Cape wird aus einer Spezialfolie hergestellt","breadcrumb":{"@id":"https:\/\/ewa-marine.com\/de\/products\/regencapes\/fotokameras\/c-35\/#breadcrumb"},"inLanguage":"de","potentialAction":[{"@type":"ReadAction","target":["https:\/\/ewa-marine.com\/de\/products\/regencapes\/fotokameras\/c-35\/"]}]},{"@type":"ImageObject","inLanguage":"de","@id":"https:\/\/ewa-marine.com\/de\/products\/regencapes\/fotokameras\/c-35\/#primaryimage","url":"https:\/\/ewa-marine.com\/wp-content\/uploads\/2015\/12\/C35-200x200.jpg","contentUrl":"https:\/\/ewa-marine.com\/wp-content\/uploads\/2015\/12\/C35-200x200.jpg","width":200,"height":200,"caption":"ewa-marine C35 rain cape for SLR"},{"@type":"BreadcrumbList","@id":"https:\/\/ewa-marine.com\/de\/products\/regencapes\/fotokameras\/c-35\/#breadcrumb","itemListElement":[{"@type":"ListItem","position":1,"name":"Startseite","item":"https:\/\/www.ewa-marine.de\/"},{"@type":"ListItem","position":2,"name":"Produkte","item":"https:\/\/www.ewa-marine.de\/products\/"},{"@type":"ListItem","position":3,"name":"Regencapes","item":"https:\/\/www.ewa-marine.de\/products\/regencapes\/"},{"@type":"ListItem","position":4,"name":"Fotokameras","item":"https:\/\/www.ewa-marine.de\/products\/regencapes\/fotokameras\/"},{"@type":"ListItem","position":5,"name":"C-35"}]},{"@type":"WebSite","@id":"https:\/\/ewa-marine.com\/de\/#website","url":"https:\/\/ewa-marine.com\/de\/","name":"ewa-marine","description":"Capture the Extreme !","potentialAction":[{"@type":"SearchAction","target":{"@type":"EntryPoint","urlTemplate":"https:\/\/ewa-marine.com\/de\/?s={search_term_string}"},"query-input":{"@type":"PropertyValueSpecification","valueRequired":true,"valueName":"search_term_string"}}],"inLanguage":"de"}]}},"_links":{"self":[{"href":"https:\/\/ewa-marine.com\/de\/wp-json\/wp\/v2\/pages\/1582","targetHints":{"allow":["GET"]}}],"collection":[{"href":"https:\/\/ewa-marine.com\/de\/wp-json\/wp\/v2\/pages"}],"about":[{"href":"https:\/\/ewa-marine.com\/de\/wp-json\/wp\/v2\/types\/page"}],"author":[{"embeddable":true,"href":"https:\/\/ewa-marine.com\/de\/wp-json\/wp\/v2\/users\/2"}],"replies":[{"embeddable":true,"href":"https:\/\/ewa-marine.com\/de\/wp-json\/wp\/v2\/comments?post=1582"}],"version-history":[{"count":0,"href":"https:\/\/ewa-marine.com\/de\/wp-json\/wp\/v2\/pages\/1582\/revisions"}],"up":[{"embeddable":true,"href":"https:\/\/ewa-marine.com\/de\/wp-json\/wp\/v2\/pages\/825"}],"wp:featuredmedia":[{"embeddable":true,"href":"https:\/\/ewa-marine.com\/de\/wp-json\/wp\/v2\/media\/2769"}],"wp:attachment":[{"href":"https:\/\/ewa-marine.com\/de\/wp-json\/wp\/v2\/media?parent=1582"}],"curies":[{"name":"wp","href":"https:\/\/api.w.org\/{rel}","templated":true}]}}