{"id":1616,"date":"2015-07-17T12:34:24","date_gmt":"2015-07-17T11:34:24","guid":{"rendered":"http:\/\/de.ewa-marine.at\/?page_id=1616"},"modified":"2019-01-30T09:37:27","modified_gmt":"2019-01-30T08:37:27","slug":"vc-2000","status":"publish","type":"page","link":"https:\/\/ewa-marine.com\/de\/products\/regencapes\/camcorders\/vc-2000\/","title":{"rendered":"VC-2000"},"content":{"rendered":"<div id=\"pl-1616\"  class=\"panel-layout\" ><div id=\"pg-1616-0\"  class=\"panel-grid panel-no-style\" ><div id=\"pgc-1616-0-0\"  class=\"panel-grid-cell\" ><div id=\"panel-1616-0-0-0\" class=\"so-panel widget widget_kadence_simple_image kadence_simple_image panel-first-child\" data-index=\"0\" ><div class=\"panel-widget-style panel-widget-style-for-1616-0-0-0\" ><div class=\"kad_img_upload_widget  kt-shape-type- kt-image-align-center kt-image-widget-widget-0-0-0\"><a href=\"https:\/\/ewa-marine.com\/wp-content\/uploads\/2015\/07\/VC-2000-2-400x400.jpg\" rel=\"lightbox\"><div class=\"kt-image-contain  \"><div class=\"kt-image-inner-contain\"><img decoding=\"async\" src=\"https:\/\/ewa-marine.com\/wp-content\/uploads\/2015\/07\/VC-2000-2-400x400.jpg\"><\/div><\/div><\/a><div class=\"kadence_image_widget_caption\">ewa-marine VC-2000 Regencape, Kamera nicht im Lieferumfang enthalten.<\/div><\/div><\/div><\/div><div id=\"panel-1616-0-0-1\" class=\"so-panel widget widget_siteorigin-panels-builder panel-last-child\" data-index=\"1\" ><div id=\"pl-w588877e4c709a\"  class=\"panel-layout\" ><div id=\"pg-w588877e4c709a-0\"  class=\"panel-grid panel-no-style\" ><div id=\"pgc-w588877e4c709a-0-0\"  class=\"panel-grid-cell\" ><div id=\"panel-w588877e4c709a-0-0-0\" class=\"so-panel widget widget_kadence_simple_image kadence_simple_image panel-first-child panel-last-child\" data-index=\"0\" ><div class=\"kad_img_upload_widget  kt-shape-type- kt-image-align-center kt-image-widget-widget-0-0-0\"><div class=\"kt-image-contain  \"><div class=\"kt-image-inner-contain\"><img decoding=\"async\" src=\"https:\/\/ewa-marine.com\/wp-content\/uploads\/2015\/07\/made-in-Germany-100x50.gif\"><\/div><\/div><\/div><\/div><\/div><div id=\"pgc-w588877e4c709a-0-1\"  class=\"panel-grid-cell panel-grid-cell-empty\" ><\/div><div id=\"pgc-w588877e4c709a-0-2\"  class=\"panel-grid-cell\" ><div id=\"panel-w588877e4c709a-0-2-0\" class=\"so-panel widget widget_kadence_simple_image kadence_simple_image panel-first-child panel-last-child\" data-index=\"1\" ><div class=\"kad_img_upload_widget  kt-shape-type- kt-image-align-center kt-image-widget-widget-0-2-0\"><div class=\"kt-image-contain  \"><div class=\"kt-image-inner-contain\"><img decoding=\"async\" src=\"https:\/\/ewa-marine.com\/wp-content\/uploads\/2015\/07\/opticalglass_100x45.png\"><\/div><\/div><\/div><\/div><\/div><\/div><\/div><\/div><\/div><div id=\"pgc-1616-0-1\"  class=\"panel-grid-cell\" ><div id=\"panel-1616-0-1-0\" class=\"so-panel widget widget_black-studio-tinymce widget_black_studio_tinymce panel-first-child\" data-index=\"2\" ><div class=\"textwidget\"><p><a href=\"https:\/\/www.marinsolar.de\/produkt\/ewa-marine-vc-2000-regencape\/\" target=\"_blank\"><img loading=\"lazy\" decoding=\"async\" class=\"alignright wp-image-5203\" src=\"\/wp-content\/uploads\/2016\/03\/online-kaufen.png\" alt=\"Online Einkaufen bei marinSolar\" width=\"149\" height=\"50\" \/><\/a><\/p>\n<h1 class=\"bodytext\" style=\"text-align: left;\">ewa-marine VC-2000 Regencape<\/h1>\n<h2 style=\"text-align: left;\">Speziell f\u00fcr den Camcorder Sony VX 2000 angefertigt<\/h2>\n<h6>Bestellcode: VC-2000<\/h6>\n<p><span style=\"color: #ff0000;\"><u><strong>Auslaufmodell\/ Bitte beachten Sie:<\/strong><\/u> Dieses Geh\u00e4use wird nicht mehr produziert und wir haben auch keinen Lagerbestand mehr im Werk. Bitte kontaktieren Sie Ihren lokalen H\u00e4ndler oder Distributeur ob dieser Sie noch beliefern kann<\/span><\/p>\n<p class=\"bodytext\">Das Regencape VC-2000 wird speziell f\u00fcr den Camcorder Sony VX 2000 angefertigt.<\/p>\n<p class=\"bodytext\">Das Cape wird aus Spezialfolie hergestellt und hat eine integrierte optische Planglasscheibe.<br \/>\nDie Kamera wird mittels eines <a href=\"http:\/\/de.ewa-marine.at\/products\/zubehoer\/ca-adapter\/\">C-A Adapters<\/a> direkt an der Frontscheibe befestigt. Dadurch sitzt das Cape optimal auf dem <span id=\"result_box\" class=\"\" lang=\"de\"><span class=\"\">Camcorder und h\u00e4lt den Frontport parallel und mittig vor der Linse, wie ein klarer, neutraler, optischer\u00a0Filter.<\/span><\/span><\/p>\n<p class=\"bodytext\">Aufgrund der neuen Bauweise k\u00f6nnen Sie nun sogar den ausgeklappten Monitor unter dem Cape verwenden.<\/p>\n<p class=\"bodytext\">Selbstverst\u00e4ndlich k\u00f6nnen sie die Kamera immer noch auf einem Stativ verwenden.<\/p>\n<p class=\"bodytext\">Am Boden wird das VC-2000 Regencape mit Druckkn\u00f6pfen geschlossen.<\/p>\n<\/div><\/div><div id=\"panel-1616-0-1-1\" class=\"so-panel widget widget_black-studio-tinymce widget_black_studio_tinymce\" data-index=\"3\" ><div class=\"textwidget\">\n<div class=\"panel-group\" id=\"accordionname766\"><div class=\"panel panel-default\"><div class=\"panel-heading\"><a class=\"accordion-toggle collapsed\" data-toggle=\"collapse\" data-parent=\"#accordionname766\" href=\"#collapse7660\"><h5><i class=\"kt-icon-minus primary-color\"><\/i><i class=\"kt-icon-plus\"><\/i>Abmessungen<\/h5><\/a><\/div><div id=\"collapse7660\" class=\"panel-collapse collapse \"><div class=\"panel-body postclass\"> L\u00e4nge: ca. 32 cm<\/p>\n<p>Breite: ca. 9 cm<\/p>\n<p>H\u00f6he: 20 cm<\/p>\n<p>Position des Suchers: gro\u00df, zentral<\/p>\n<p>Durchmesser Frontglas: 75 mm<\/p>\n<p>Gewicht: ca. 300 g<br \/><\/div><\/div><\/div><\/div>\n\n<\/div><\/div><div id=\"panel-1616-0-1-2\" class=\"so-panel widget widget_black-studio-tinymce widget_black_studio_tinymce panel-last-child\" data-index=\"4\" ><div class=\"textwidget\">\n<div class=\"panel-group\" id=\"accordionname472\"><div class=\"panel panel-default\"><div class=\"panel-heading\"><a class=\"accordion-toggle collapsed\" data-toggle=\"collapse\" data-parent=\"#accordionname472\" href=\"#collapse4720\"><h5><i class=\"kt-icon-minus primary-color\"><\/i><i class=\"kt-icon-plus\"><\/i>Was im Lieferumfang enthalten ist<\/h5><\/a><\/div><div id=\"collapse4720\" class=\"panel-collapse collapse \"><div class=\"panel-body postclass\">\n<ul type=\"disc\">\n<li>Reduzieradapter 58 - 62 mm<\/li>\n<li><a href=\"http:\/\/de.ewa-marine.at\/products\/zubehoer\/ca-adapter\/\">CA-62 Adapter<\/a> f\u00fcr 62mm Filtergewinde<\/li>\n<\/ul>\n<\/div><\/div><\/div><\/div>\n\n<\/div><\/div><\/div><\/div><div id=\"pg-1616-1\"  class=\"panel-grid panel-has-style\" ><div class=\"panel-row-style panel-row-style-for-1616-1\" ><div id=\"pgc-1616-1-0\"  class=\"panel-grid-cell\" ><div id=\"panel-1616-1-0-0\" class=\"so-panel widget widget_text panel-first-child\" data-index=\"5\" >\t\t\t<div class=\"textwidget\"><hr>\n<h4> Produkte, die Sie ebenfalls interessieren k\u00f6nnten:<\/h4><\/div>\n\t\t<\/div><div id=\"panel-1616-1-0-1\" class=\"so-panel widget widget_siteorigin-panels-builder panel-last-child\" data-index=\"6\" ><div class=\"Optional Extras panel-widget-style panel-widget-style-for-1616-1-0-1\" ><div id=\"pl-w5c5162472da5c\"  class=\"panel-layout\" ><div id=\"pg-w5c5162472da5c-0\"  class=\"panel-grid panel-no-style\" ><div id=\"pgc-w5c5162472da5c-0-0\"  class=\"panel-grid-cell\" ><div id=\"panel-w5c5162472da5c-0-0-0\" class=\"so-panel widget widget_kadence_simple_image kadence_simple_image panel-first-child\" data-index=\"0\" ><div class=\"kad_img_upload_widget  kt-shape-type- kt-image-align-center kt-image-widget-widget-0-0-0\"><a href=\"\/products\/zubehoer\/cd5\/\" target=\"_self\"><div class=\"kt-image-contain  \"><div class=\"kt-image-inner-contain\"><img decoding=\"async\" src=\"https:\/\/ewa-marine.com\/wp-content\/uploads\/2015\/07\/CD5_200x150.jpg\"><\/div><\/div><\/a><div class=\"kadence_image_widget_caption\">CD5 Silica-gel Beutel<\/div><\/div><\/div><div id=\"panel-w5c5162472da5c-0-0-1\" class=\"so-panel widget widget_kadence_simple_image kadence_simple_image\" data-index=\"1\" ><div class=\"kad_img_upload_widget  kt-shape-type- kt-image-align-center kt-image-widget-widget-0-0-1\"><a href=\"\/products\/zubehoer\/av110\/\" target=\"_self\"><div class=\"kt-image-contain  \"><div class=\"kt-image-inner-contain\"><img decoding=\"async\" src=\"https:\/\/ewa-marine.com\/wp-content\/uploads\/2015\/07\/AV110-Adapter-200x150.jpg\"><\/div><\/div><\/a><div class=\"kadence_image_widget_caption\">AV110 Adapter<\/div><\/div><\/div><div id=\"panel-w5c5162472da5c-0-0-2\" class=\"so-panel widget widget_kadence_simple_image kadence_simple_image panel-last-child\" data-index=\"2\" ><div class=\"kad_img_upload_widget  kt-shape-type- kt-image-align-center kt-image-widget-widget-0-0-2\"><a href=\"\/products\/zubehoer\/kabelausgang\/\" target=\"_self\"><div class=\"kt-image-contain  \"><div class=\"kt-image-inner-contain\"><img decoding=\"async\" src=\"https:\/\/ewa-marine.com\/wp-content\/uploads\/2015\/07\/cableexit-200-150.jpg\"><\/div><\/div><\/a><div class=\"kadence_image_widget_caption\">Kabelausgang<\/div><\/div><\/div><\/div><div id=\"pgc-w5c5162472da5c-0-1\"  class=\"panel-grid-cell\" ><div id=\"panel-w5c5162472da5c-0-1-0\" class=\"so-panel widget widget_kadence_simple_image kadence_simple_image panel-first-child\" data-index=\"3\" ><div class=\"kad_img_upload_widget  kt-shape-type- kt-image-align-center kt-image-widget-widget-0-1-0\"><a href=\"\/products\/zubehoer\/ca-adapter\/\" target=\"_self\"><div class=\"kt-image-contain  \"><div class=\"kt-image-inner-contain\"><img decoding=\"async\" src=\"https:\/\/ewa-marine.com\/wp-content\/uploads\/2015\/07\/CAF-Ringadapter-200x150.jpg\"><\/div><\/div><\/a><div class=\"kadence_image_widget_caption\">CA Adapter Set\n<\/div><\/div><\/div><div id=\"panel-w5c5162472da5c-0-1-1\" class=\"so-panel widget widget_kadence_simple_image kadence_simple_image\" data-index=\"4\" ><div class=\"kad_img_upload_widget  kt-shape-type- kt-image-align-center kt-image-widget-widget-0-1-1\"><a href=\"\/products\/zubehoer\/reduzieradapter\/\" target=\"_self\"><div class=\"kt-image-contain  \"><div class=\"kt-image-inner-contain\"><img decoding=\"async\" src=\"https:\/\/ewa-marine.com\/wp-content\/uploads\/2015\/07\/Step_Up_Ring_200x150.jpg\"><\/div><\/div><\/a><div class=\"kadence_image_widget_caption\">Reduzieradapter<\/div><\/div><\/div><div id=\"panel-w5c5162472da5c-0-1-2\" class=\"so-panel widget widget_kadence_simple_image kadence_simple_image panel-last-child\" data-index=\"5\" ><div class=\"kad_img_upload_widget  kt-shape-type- kt-image-align-center kt-image-widget-widget-0-1-2\"><a href=\"\/products\/zubehoer\/stativ-bodenplatte\/\" target=\"_self\"><div class=\"kt-image-contain  \"><div class=\"kt-image-inner-contain\"><img decoding=\"async\" src=\"https:\/\/ewa-marine.com\/wp-content\/uploads\/2015\/07\/tripodmount-200x150.jpg\"><\/div><\/div><\/a><div class=\"kadence_image_widget_caption\">Stativbodenplatte<\/div><\/div><\/div><\/div><div id=\"pgc-w5c5162472da5c-0-2\"  class=\"panel-grid-cell\" ><div id=\"panel-w5c5162472da5c-0-2-0\" class=\"so-panel widget widget_kadence_simple_image kadence_simple_image panel-first-child\" data-index=\"6\" ><div class=\"kad_img_upload_widget  kt-shape-type- kt-image-align-center kt-image-widget-widget-0-2-0\"><a href=\"\/products\/zubehoer\/bf1-fotoblei\/\" target=\"_self\"><div class=\"kt-image-contain  \"><div class=\"kt-image-inner-contain\"><img decoding=\"async\" src=\"https:\/\/ewa-marine.com\/wp-content\/uploads\/2015\/07\/BF1-200x150.jpg\"><\/div><\/div><\/a><div class=\"kadence_image_widget_caption\">BF1 Blei<\/div><\/div><\/div><div id=\"panel-w5c5162472da5c-0-2-1\" class=\"so-panel widget widget_kadence_simple_image kadence_simple_image panel-last-child\" data-index=\"7\" ><div class=\"kad_img_upload_widget  kt-shape-type- kt-image-align-center kt-image-widget-widget-0-2-1\"><a href=\"\/products\/zubehoer\/ca-adapter\/\" target=\"_self\"><div class=\"kt-image-contain  \"><div class=\"kt-image-inner-contain\"><img decoding=\"async\" src=\"https:\/\/ewa-marine.com\/wp-content\/uploads\/2015\/07\/C-A67-200x150.jpg\"><\/div><\/div><\/a><div class=\"kadence_image_widget_caption\">C-A67 Adapter<\/div><\/div><\/div><\/div><div id=\"pgc-w5c5162472da5c-0-3\"  class=\"panel-grid-cell\" ><div id=\"panel-w5c5162472da5c-0-3-0\" class=\"so-panel widget widget_kadence_simple_image kadence_simple_image panel-first-child\" data-index=\"8\" ><div class=\"kad_img_upload_widget  kt-shape-type- kt-image-align-center kt-image-widget-widget-0-3-0\"><a href=\"\/products\/zubehoer\/bv2\/\" target=\"_self\"><div class=\"kt-image-contain  \"><div class=\"kt-image-inner-contain\"><img decoding=\"async\" src=\"https:\/\/ewa-marine.com\/wp-content\/uploads\/2015\/07\/BV2_200x150.jpg\"><\/div><\/div><\/a><div class=\"kadence_image_widget_caption\">BV2 Blei<\/div><\/div><\/div><div id=\"panel-w5c5162472da5c-0-3-1\" class=\"so-panel widget widget_kadence_simple_image kadence_simple_image panel-last-child\" data-index=\"9\" ><div class=\"kad_img_upload_widget  kt-shape-type- kt-image-align-center kt-image-widget-widget-0-3-1\"><a href=\"\/products\/zubehoer\/ca-adapter\/\" target=\"_self\"><div class=\"kt-image-contain  \"><div class=\"kt-image-inner-contain\"><img decoding=\"async\" src=\"https:\/\/ewa-marine.com\/wp-content\/uploads\/2015\/07\/Adapter-82-200x150.jpg\"><\/div><\/div><\/a><div class=\"kadence_image_widget_caption\">CA77 &amp; CA82<\/div><\/div><\/div><\/div><div id=\"pgc-w5c5162472da5c-0-4\"  class=\"panel-grid-cell\" ><div id=\"panel-w5c5162472da5c-0-4-0\" class=\"so-panel widget widget_kadence_simple_image kadence_simple_image panel-first-child panel-last-child\" data-index=\"10\" ><div class=\"kad_img_upload_widget  kt-shape-type- kt-image-align-center kt-image-widget-widget-0-4-0\"><a href=\"\/products\/zubehoer\/bs7\/\" target=\"_self\"><div class=\"kt-image-contain  \"><div class=\"kt-image-inner-contain\"><img decoding=\"async\" src=\"https:\/\/ewa-marine.com\/wp-content\/uploads\/2015\/07\/BS7-200x150.jpg\"><\/div><\/div><\/a><div class=\"kadence_image_widget_caption\">BS7 Blei<\/div><\/div><\/div><\/div><\/div><\/div><\/div><\/div><\/div><\/div><\/div><div id=\"pg-1616-2\"  class=\"panel-grid panel-no-style\" ><div id=\"pgc-1616-2-0\"  class=\"panel-grid-cell\" ><div id=\"panel-1616-2-0-0\" class=\"so-panel widget widget_black-studio-tinymce widget_black_studio_tinymce panel-first-child panel-last-child\" data-index=\"7\" ><div class=\"textwidget\"><hr \/>\n<h6>Alle Daten und Bilder von Unterwassergeh\u00e4usen und Regencapes entsprechen dem Stand unserer Produkte zum Zeitpunkt der letzten redaktionellen Bearbeitung dieser Seite. ewa-marine beh\u00e4lt sich jedoch vor, alle Produkte im Rahmen unseres kontinuierlichen Verbesserungprozesses zu \u00e4ndern und zu verbessern. Daher k\u00f6nnen die aktuell im Markt angebotenen Produkte in Einzelpunkten eventuell von den Abbildungen abweichen. Eine Garantie f\u00fcr Vollst\u00e4ndigkeit oder Richtigkeit kann nicht \u00fcbernommen werden, ebenso wenig wie eine Haftung f\u00fcr die Verwendung dieser Seiten oder deren Inhalt.<br \/>\nEinige Bilder auf dieser Website zeigen die ewa-marine Produkt einschlie\u00dflich Kamera oder anderer elektronischer Ger\u00e4te. Diese Kameras oder andere Elektronik sind nicht im Lieferumfang enthalten und dienen hier nur als Anwendungsbeispiel.<\/h6>\n<\/div><\/div><\/div><\/div><\/div>","protected":false},"excerpt":{"rendered":"<p>ewa-marine VC-2000 Regencape Speziell f\u00fcr den Camcorder Sony VX 2000 angefertigt Bestellcode: VC-2000 Auslaufmodell\/ Bitte beachten Sie: Dieses Geh\u00e4use wird nicht mehr produziert und wir haben auch keinen Lagerbestand mehr im Werk. Bitte kontaktieren Sie Ihren lokalen H\u00e4ndler oder Distributeur ob dieser Sie noch beliefern kann Das Regencape VC-2000 wird speziell f\u00fcr den Camcorder Sony VX 2000 angefertigt. Das Cape wird aus Spezialfolie hergestellt und hat eine integrierte optische Planglasscheibe. Die Kamera wird mittels eines C-A Adapters direkt an der &hellip; <a href=\"https:\/\/ewa-marine.com\/de\/products\/regencapes\/camcorders\/vc-2000\/\">Weiterlesen<\/a><\/p>\n","protected":false},"author":2,"featured_media":0,"parent":828,"menu_order":4,"comment_status":"closed","ping_status":"closed","template":"","meta":{"kt_blocks_editor_width":"","footnotes":""},"class_list":["post-1616","page","type-page","status-publish","hentry"],"yoast_head":"<!-- This site is optimized with the Yoast SEO plugin v27.3 - https:\/\/yoast.com\/product\/yoast-seo-wordpress\/ -->\n<title>ewa-marine VC-2000 Regencape f\u00fcr die Sony VX2000 Kamera<\/title>\n<meta name=\"description\" content=\"ewa-marine VC-2000 Regencape speziell f\u00fcr die Sony VX2000 Kamera entwickelt. Aus Spezialfolie hergestellt, mit integrierter optischer Planglasscheibe.\" \/>\n<meta name=\"robots\" content=\"index, follow, max-snippet:-1, max-image-preview:large, max-video-preview:-1\" \/>\n<link rel=\"canonical\" href=\"https:\/\/ewa-marine.com\/de\/products\/regencapes\/camcorders\/vc-2000\/\" \/>\n<meta property=\"og:locale\" content=\"de_DE\" \/>\n<meta property=\"og:type\" content=\"article\" \/>\n<meta property=\"og:title\" content=\"ewa-marine VC-2000 Regencape f\u00fcr die Sony VX2000 Kamera\" \/>\n<meta property=\"og:description\" content=\"ewa-marine VC-2000 Regencape speziell f\u00fcr die Sony VX2000 Kamera entwickelt. Aus Spezialfolie hergestellt, mit integrierter optischer Planglasscheibe.\" \/>\n<meta property=\"og:url\" content=\"https:\/\/ewa-marine.com\/de\/products\/regencapes\/camcorders\/vc-2000\/\" \/>\n<meta property=\"og:site_name\" content=\"ewa-marine\" \/>\n<meta property=\"article:publisher\" content=\"https:\/\/www.facebook.com\/ewa-marine\" \/>\n<meta property=\"article:modified_time\" content=\"2019-01-30T08:37:27+00:00\" \/>\n<meta property=\"og:image\" content=\"https:\/\/ewa-marine.com\/wp-content\/uploads\/2016\/03\/online-kaufen.png\" \/>\n<meta name=\"twitter:card\" content=\"summary_large_image\" \/>\n<meta name=\"twitter:site\" content=\"@ewa_marine\" \/>\n<meta name=\"twitter:label1\" content=\"Gesch\u00e4tzte Lesezeit\" \/>\n\t<meta name=\"twitter:data1\" content=\"2\u00a0Minuten\" \/>\n<script type=\"application\/ld+json\" class=\"yoast-schema-graph\">{\"@context\":\"https:\\\/\\\/schema.org\",\"@graph\":[{\"@type\":\"WebPage\",\"@id\":\"https:\\\/\\\/ewa-marine.com\\\/de\\\/products\\\/regencapes\\\/camcorders\\\/vc-2000\\\/\",\"url\":\"https:\\\/\\\/ewa-marine.com\\\/de\\\/products\\\/regencapes\\\/camcorders\\\/vc-2000\\\/\",\"name\":\"ewa-marine VC-2000 Regencape f\u00fcr die Sony VX2000 Kamera\",\"isPartOf\":{\"@id\":\"https:\\\/\\\/ewa-marine.com\\\/de\\\/#website\"},\"primaryImageOfPage\":{\"@id\":\"https:\\\/\\\/ewa-marine.com\\\/de\\\/products\\\/regencapes\\\/camcorders\\\/vc-2000\\\/#primaryimage\"},\"image\":{\"@id\":\"https:\\\/\\\/ewa-marine.com\\\/de\\\/products\\\/regencapes\\\/camcorders\\\/vc-2000\\\/#primaryimage\"},\"thumbnailUrl\":\"https:\\\/\\\/ewa-marine.com\\\/wp-content\\\/uploads\\\/2016\\\/03\\\/online-kaufen.png\",\"datePublished\":\"2015-07-17T11:34:24+00:00\",\"dateModified\":\"2019-01-30T08:37:27+00:00\",\"description\":\"ewa-marine VC-2000 Regencape speziell f\u00fcr die Sony VX2000 Kamera entwickelt. Aus Spezialfolie hergestellt, mit integrierter optischer Planglasscheibe.\",\"breadcrumb\":{\"@id\":\"https:\\\/\\\/ewa-marine.com\\\/de\\\/products\\\/regencapes\\\/camcorders\\\/vc-2000\\\/#breadcrumb\"},\"inLanguage\":\"de\",\"potentialAction\":[{\"@type\":\"ReadAction\",\"target\":[\"https:\\\/\\\/ewa-marine.com\\\/de\\\/products\\\/regencapes\\\/camcorders\\\/vc-2000\\\/\"]}]},{\"@type\":\"ImageObject\",\"inLanguage\":\"de\",\"@id\":\"https:\\\/\\\/ewa-marine.com\\\/de\\\/products\\\/regencapes\\\/camcorders\\\/vc-2000\\\/#primaryimage\",\"url\":\"https:\\\/\\\/ewa-marine.com\\\/wp-content\\\/uploads\\\/2016\\\/03\\\/online-kaufen.png\",\"contentUrl\":\"https:\\\/\\\/ewa-marine.com\\\/wp-content\\\/uploads\\\/2016\\\/03\\\/online-kaufen.png\"},{\"@type\":\"BreadcrumbList\",\"@id\":\"https:\\\/\\\/ewa-marine.com\\\/de\\\/products\\\/regencapes\\\/camcorders\\\/vc-2000\\\/#breadcrumb\",\"itemListElement\":[{\"@type\":\"ListItem\",\"position\":1,\"name\":\"Startseite\",\"item\":\"https:\\\/\\\/www.ewa-marine.de\\\/\"},{\"@type\":\"ListItem\",\"position\":2,\"name\":\"Produkte\",\"item\":\"https:\\\/\\\/www.ewa-marine.de\\\/products\\\/\"},{\"@type\":\"ListItem\",\"position\":3,\"name\":\"Regencapes\",\"item\":\"https:\\\/\\\/www.ewa-marine.de\\\/products\\\/regencapes\\\/\"},{\"@type\":\"ListItem\",\"position\":4,\"name\":\"Camcorders\",\"item\":\"https:\\\/\\\/www.ewa-marine.de\\\/products\\\/regencapes\\\/camcorders\\\/\"},{\"@type\":\"ListItem\",\"position\":5,\"name\":\"VC-2000\"}]},{\"@type\":\"WebSite\",\"@id\":\"https:\\\/\\\/ewa-marine.com\\\/de\\\/#website\",\"url\":\"https:\\\/\\\/ewa-marine.com\\\/de\\\/\",\"name\":\"ewa-marine\",\"description\":\"Capture the Extreme !\",\"potentialAction\":[{\"@type\":\"SearchAction\",\"target\":{\"@type\":\"EntryPoint\",\"urlTemplate\":\"https:\\\/\\\/ewa-marine.com\\\/de\\\/?s={search_term_string}\"},\"query-input\":{\"@type\":\"PropertyValueSpecification\",\"valueRequired\":true,\"valueName\":\"search_term_string\"}}],\"inLanguage\":\"de\"}]}<\/script>\n<!-- \/ Yoast SEO plugin. -->","yoast_head_json":{"title":"ewa-marine VC-2000 Regencape f\u00fcr die Sony VX2000 Kamera","description":"ewa-marine VC-2000 Regencape speziell f\u00fcr die Sony VX2000 Kamera entwickelt. Aus Spezialfolie hergestellt, mit integrierter optischer Planglasscheibe.","robots":{"index":"index","follow":"follow","max-snippet":"max-snippet:-1","max-image-preview":"max-image-preview:large","max-video-preview":"max-video-preview:-1"},"canonical":"https:\/\/ewa-marine.com\/de\/products\/regencapes\/camcorders\/vc-2000\/","og_locale":"de_DE","og_type":"article","og_title":"ewa-marine VC-2000 Regencape f\u00fcr die Sony VX2000 Kamera","og_description":"ewa-marine VC-2000 Regencape speziell f\u00fcr die Sony VX2000 Kamera entwickelt. Aus Spezialfolie hergestellt, mit integrierter optischer Planglasscheibe.","og_url":"https:\/\/ewa-marine.com\/de\/products\/regencapes\/camcorders\/vc-2000\/","og_site_name":"ewa-marine","article_publisher":"https:\/\/www.facebook.com\/ewa-marine","article_modified_time":"2019-01-30T08:37:27+00:00","og_image":[{"url":"https:\/\/ewa-marine.com\/wp-content\/uploads\/2016\/03\/online-kaufen.png","type":"","width":"","height":""}],"twitter_card":"summary_large_image","twitter_site":"@ewa_marine","twitter_misc":{"Gesch\u00e4tzte Lesezeit":"2\u00a0Minuten"},"schema":{"@context":"https:\/\/schema.org","@graph":[{"@type":"WebPage","@id":"https:\/\/ewa-marine.com\/de\/products\/regencapes\/camcorders\/vc-2000\/","url":"https:\/\/ewa-marine.com\/de\/products\/regencapes\/camcorders\/vc-2000\/","name":"ewa-marine VC-2000 Regencape f\u00fcr die Sony VX2000 Kamera","isPartOf":{"@id":"https:\/\/ewa-marine.com\/de\/#website"},"primaryImageOfPage":{"@id":"https:\/\/ewa-marine.com\/de\/products\/regencapes\/camcorders\/vc-2000\/#primaryimage"},"image":{"@id":"https:\/\/ewa-marine.com\/de\/products\/regencapes\/camcorders\/vc-2000\/#primaryimage"},"thumbnailUrl":"https:\/\/ewa-marine.com\/wp-content\/uploads\/2016\/03\/online-kaufen.png","datePublished":"2015-07-17T11:34:24+00:00","dateModified":"2019-01-30T08:37:27+00:00","description":"ewa-marine VC-2000 Regencape speziell f\u00fcr die Sony VX2000 Kamera entwickelt. Aus Spezialfolie hergestellt, mit integrierter optischer Planglasscheibe.","breadcrumb":{"@id":"https:\/\/ewa-marine.com\/de\/products\/regencapes\/camcorders\/vc-2000\/#breadcrumb"},"inLanguage":"de","potentialAction":[{"@type":"ReadAction","target":["https:\/\/ewa-marine.com\/de\/products\/regencapes\/camcorders\/vc-2000\/"]}]},{"@type":"ImageObject","inLanguage":"de","@id":"https:\/\/ewa-marine.com\/de\/products\/regencapes\/camcorders\/vc-2000\/#primaryimage","url":"https:\/\/ewa-marine.com\/wp-content\/uploads\/2016\/03\/online-kaufen.png","contentUrl":"https:\/\/ewa-marine.com\/wp-content\/uploads\/2016\/03\/online-kaufen.png"},{"@type":"BreadcrumbList","@id":"https:\/\/ewa-marine.com\/de\/products\/regencapes\/camcorders\/vc-2000\/#breadcrumb","itemListElement":[{"@type":"ListItem","position":1,"name":"Startseite","item":"https:\/\/www.ewa-marine.de\/"},{"@type":"ListItem","position":2,"name":"Produkte","item":"https:\/\/www.ewa-marine.de\/products\/"},{"@type":"ListItem","position":3,"name":"Regencapes","item":"https:\/\/www.ewa-marine.de\/products\/regencapes\/"},{"@type":"ListItem","position":4,"name":"Camcorders","item":"https:\/\/www.ewa-marine.de\/products\/regencapes\/camcorders\/"},{"@type":"ListItem","position":5,"name":"VC-2000"}]},{"@type":"WebSite","@id":"https:\/\/ewa-marine.com\/de\/#website","url":"https:\/\/ewa-marine.com\/de\/","name":"ewa-marine","description":"Capture the Extreme !","potentialAction":[{"@type":"SearchAction","target":{"@type":"EntryPoint","urlTemplate":"https:\/\/ewa-marine.com\/de\/?s={search_term_string}"},"query-input":{"@type":"PropertyValueSpecification","valueRequired":true,"valueName":"search_term_string"}}],"inLanguage":"de"}]}},"_links":{"self":[{"href":"https:\/\/ewa-marine.com\/de\/wp-json\/wp\/v2\/pages\/1616","targetHints":{"allow":["GET"]}}],"collection":[{"href":"https:\/\/ewa-marine.com\/de\/wp-json\/wp\/v2\/pages"}],"about":[{"href":"https:\/\/ewa-marine.com\/de\/wp-json\/wp\/v2\/types\/page"}],"author":[{"embeddable":true,"href":"https:\/\/ewa-marine.com\/de\/wp-json\/wp\/v2\/users\/2"}],"replies":[{"embeddable":true,"href":"https:\/\/ewa-marine.com\/de\/wp-json\/wp\/v2\/comments?post=1616"}],"version-history":[{"count":0,"href":"https:\/\/ewa-marine.com\/de\/wp-json\/wp\/v2\/pages\/1616\/revisions"}],"up":[{"embeddable":true,"href":"https:\/\/ewa-marine.com\/de\/wp-json\/wp\/v2\/pages\/828"}],"wp:attachment":[{"href":"https:\/\/ewa-marine.com\/de\/wp-json\/wp\/v2\/media?parent=1616"}],"curies":[{"name":"wp","href":"https:\/\/api.w.org\/{rel}","templated":true}]}}