{"id":1624,"date":"2015-07-17T12:39:13","date_gmt":"2015-07-17T11:39:13","guid":{"rendered":"http:\/\/de.ewa-marine.at\/?page_id=1624"},"modified":"2016-12-19T12:54:18","modified_gmt":"2016-12-19T11:54:18","slug":"kundenspezifischer_front-port","status":"publish","type":"page","link":"https:\/\/ewa-marine.com\/de\/products\/zubehoer\/kundenspezifischer_front-port\/","title":{"rendered":"Kundenspezifischer Front-Port"},"content":{"rendered":"<div id=\"pl-1624\"  class=\"panel-layout\" ><div id=\"pg-1624-0\"  class=\"panel-grid panel-has-style\" ><div class=\"panel-widget-style panel-row-style panel-row-style-for-1624-0\" ><div id=\"pgc-1624-0-0\"  class=\"panel-grid-cell\" ><div id=\"panel-1624-0-0-0\" class=\"so-panel widget widget_kadence_simple_image kadence_simple_image panel-first-child\" data-index=\"0\" ><div class=\"kad_img_upload_widget  kt-shape-type- kt-image-align-center kt-image-widget-widget-0-0-0\"><a href=\"https:\/\/ewa-marine.com\/wp-content\/uploads\/2015\/07\/vaf1_z_400x400.png\" rel=\"lightbox\"><div class=\"kt-image-contain  \"><div class=\"kt-image-inner-contain\"><img loading=\"lazy\" decoding=\"async\" width=\"400\" height=\"400\" src=\"https:\/\/ewa-marine.com\/wp-content\/uploads\/2015\/07\/vaf1_z_400x400.png\" class=\"attachment-full size-full\" alt=\"ewa-marine Front Port\" srcset=\"https:\/\/ewa-marine.com\/wp-content\/uploads\/2015\/07\/vaf1_z_400x400.png 400w, https:\/\/ewa-marine.com\/wp-content\/uploads\/2015\/07\/vaf1_z_400x400-150x150.png 150w, https:\/\/ewa-marine.com\/wp-content\/uploads\/2015\/07\/vaf1_z_400x400-300x300.png 300w, https:\/\/ewa-marine.com\/wp-content\/uploads\/2015\/07\/vaf1_z_400x400-60x60.png 60w\" sizes=\"auto, (max-width: 400px) 100vw, 400px\" \/><\/div><\/div><\/a><div class=\"kadence_image_widget_caption\">Wir bieten einen kundenspezifischen Front Port an<\/div><\/div><\/div><div id=\"panel-1624-0-0-1\" class=\"so-panel widget widget_siteorigin-panels-builder panel-last-child\" data-index=\"1\" ><div id=\"pl-w5857ca075a063\"  class=\"panel-layout\" ><div id=\"pg-w5857ca075a063-0\"  class=\"panel-grid panel-no-style\" ><div id=\"pgc-w5857ca075a063-0-0\"  class=\"panel-grid-cell\" ><div id=\"panel-w5857ca075a063-0-0-0\" class=\"so-panel widget widget_kadence_simple_image kadence_simple_image panel-first-child panel-last-child\" data-index=\"0\" ><div class=\"kad_img_upload_widget  kt-shape-type- kt-image-align-center kt-image-widget-widget-0-0-0\"><a href=\"https:\/\/ewa-marine.com\/wp-content\/uploads\/2015\/07\/made-in-Germany-100x50.gif\" rel=\"lightbox\"><div class=\"kt-image-contain  \"><div class=\"kt-image-inner-contain\"><img loading=\"lazy\" decoding=\"async\" width=\"100\" height=\"50\" src=\"https:\/\/ewa-marine.com\/wp-content\/uploads\/2015\/07\/made-in-Germany-100x50.gif\" class=\"attachment-full size-full\" alt=\"made in Germany by ewa-marine\" \/><\/div><\/div><\/a><\/div><\/div><\/div><div id=\"pgc-w5857ca075a063-0-1\"  class=\"panel-grid-cell\" ><div id=\"panel-w5857ca075a063-0-1-0\" class=\"so-panel widget widget_kadence_simple_image kadence_simple_image panel-first-child panel-last-child\" data-index=\"1\" ><div class=\"kad_img_upload_widget  kt-shape-type- kt-image-align-center kt-image-widget-widget-0-1-0\"><a href=\"https:\/\/ewa-marine.com\/wp-content\/uploads\/2015\/07\/opticalglass_100x45.png\" rel=\"lightbox\"><div class=\"kt-image-contain  \"><div class=\"kt-image-inner-contain\"><img loading=\"lazy\" decoding=\"async\" width=\"100\" height=\"45\" src=\"https:\/\/ewa-marine.com\/wp-content\/uploads\/2015\/07\/opticalglass_100x45.png\" class=\"attachment-full size-full\" alt=\"made with optical grade glass port\" \/><\/div><\/div><\/a><\/div><\/div><\/div><\/div><\/div><\/div><\/div><div id=\"pgc-1624-0-1\"  class=\"panel-grid-cell\" ><div id=\"panel-1624-0-1-0\" class=\"so-panel widget widget_black-studio-tinymce widget_black_studio_tinymce panel-first-child panel-last-child\" data-index=\"2\" ><div class=\"panel-widget-style panel-widget-style-for-1624-0-1-0\" ><div class=\"textwidget\"><h1 class=\"csc-firstHeader\">ewa-marine kundenspezifischer Front Port<\/h1>\n<h2 class=\"bodytext\">F\u00fcr spezielle Kamera \/ Objektiv Kombinationen die nicht von unserem Standard-Programm abgedeckt werden<\/h2>\n<h6>Bestellcode: kundenspezifische Bestellung<\/h6>\n<p><span id=\"result_box\" class=\"\" lang=\"de\">Wir bem\u00fchen uns, alle \"normalen\" Kamera und Objektivkombinationen sowie die \"\u00fcblichen\" Anwendungen mit unserer offiziellen, umfassenden Auswahl an Unterwassergeh\u00e4usen abzudecken. <span class=\"\">Zum Beispiel, liefert Unterwasser Kameraarbeit in der Regel die besten Ergebnisse mit Weitwinkel-Objektiven.<\/span> <span class=\"\">Daher sind die meisten unserer Produkte f\u00fcr diese Art von Objektiven ausgerichtet.<\/span><\/span><\/p>\n<p><span id=\"result_box\" class=\"\" lang=\"de\">Dennoch k\u00f6nnen spezielle Szenarien zu einer bestimmten Kamera \/ Objektiv-Kombination f\u00fchren. Vor allem, wenn die Kamera Wechselobjektive aufnimmt. Oder in einigen F\u00e4llen Weitwinkel- oder 3D-Konverter, die Sie Ihrer Standardkamera hinzuf\u00fcgen m\u00f6chten. Anpassungen an den Objektivanschluss k\u00f6nnen normalerweise relativ schnell erfolgen. Gr\u00f6\u00dfere <span class=\"\">Modifikationen, f\u00fcr gr\u00f6\u00dfere Batterien, Fernbedienungen und andere Extras, die Sie innerhalb des Geh\u00e4uses zusammen mit Ihrer Kamera haben m\u00f6chten, k\u00f6nnte mehr Zeit erfordern.<\/span><\/span><\/p>\n<p><span id=\"result_box\" class=\"\" lang=\"de\">Das ist kein Problem f\u00fcr ewa-marine und unsere flexiblen Geh\u00e4use:<br \/><span class=\"\">Wir sollten in der Lage sein, in den meisten F\u00e4llen helfen zu k\u00f6nnen!<\/span><\/span><\/p>\n<p><span id=\"result_box\" class=\"\" lang=\"de\">Ob das Objektiv, das Sie verwenden m\u00f6chten, l\u00e4nger oder k\u00fcrzer ist als das, das wir normalerweise versenden. Oder wenn der Durchmesser des Objektives gr\u00f6\u00dfer ist als das 82mm Filtergewinde, das wir normalerweise auf dem Geh\u00e4use Ihrer Wahl anbieten. Wir k\u00f6nnen kurzfristig ein Geh\u00e4use an Ihre Bed\u00fcrfnisse anpassen! Aber denken Sie daran: ewa-marine fertigt alle Produkte in unserem Werk in Wolfratshausen. <span class=\"\">Bitte beachten Sie daher Transportkosten sowie Zollabwicklung, die f\u00fcr Sendungen an Kunden au\u00dferhalb der EU gelten k\u00f6nnen.<\/span><\/span><\/p>\n<p><span id=\"result_box\" class=\"\" lang=\"de\">Bitte wenden Sie sich an Ihren H\u00e4ndler, Distributeur oder rufen Sie uns im Werk an f\u00fcr weitere Details zu Lieferzeiten und Bestellung.<br \/><span class=\"\">F\u00fcgen Sie nach M\u00f6glichkeit immer vollst\u00e4ndige Details, Modellnummer sowie ein PDF oder Link auf die Herstellerseite bei, \u00fcber das Zubeh\u00f6r das Sie verwenden m\u00f6chten.<br \/><\/span><\/span><\/p>\n<\/div><\/div><\/div><\/div><\/div><\/div><\/div>","protected":false},"excerpt":{"rendered":"<p>ewa-marine kundenspezifischer Front PortF\u00fcr spezielle Kamera \/ Objektiv Kombinationen die nicht von unserem Standard-Programm abgedeckt werdenBestellcode: kundenspezifische BestellungWir bem\u00fchen uns, alle &#8222;normalen&#8220; Kamera und Objektivkombinationen sowie die &#8222;\u00fcblichen&#8220; Anwendungen mit unserer offiziellen, umfassenden Auswahl an Unterwassergeh\u00e4usen abzudecken. Zum Beispiel, liefert Unterwasser Kameraarbeit in der Regel die besten Ergebnisse mit Weitwinkel-Objektiven. Daher sind die meisten unserer Produkte f\u00fcr diese Art von Objektiven ausgerichtet.Dennoch k\u00f6nnen spezielle Szenarien zu einer bestimmten Kamera \/ Objektiv-Kombination f\u00fchren. Vor allem, wenn die Kamera Wechselobjektive aufnimmt. Oder &hellip; <a href=\"https:\/\/ewa-marine.com\/de\/products\/zubehoer\/kundenspezifischer_front-port\/\">Weiterlesen<\/a><\/p>\n","protected":false},"author":1,"featured_media":3624,"parent":604,"menu_order":11,"comment_status":"closed","ping_status":"closed","template":"","meta":{"kt_blocks_editor_width":"","footnotes":""},"class_list":["post-1624","page","type-page","status-publish","has-post-thumbnail","hentry"],"yoast_head":"<!-- This site is optimized with the Yoast SEO plugin v27.3 - https:\/\/yoast.com\/product\/yoast-seo-wordpress\/ -->\n<title>Wir k\u00f6nnen auch Geh\u00e4use mit einem kundenspezifischen Front Port liefern<\/title>\n<meta name=\"description\" content=\"Wir liefern Front-Ports f\u00fcr alle &quot;normalen&quot; Kamera\/Objektiv Kombinationen, aber auch benutzerdefinierte Ports f\u00fcr Ihre spezielle Anwendung\" \/>\n<meta name=\"robots\" content=\"index, follow, max-snippet:-1, max-image-preview:large, max-video-preview:-1\" \/>\n<link rel=\"canonical\" href=\"https:\/\/ewa-marine.com\/de\/products\/zubehoer\/kundenspezifischer_front-port\/\" \/>\n<meta property=\"og:locale\" content=\"de_DE\" \/>\n<meta property=\"og:type\" content=\"article\" \/>\n<meta property=\"og:title\" content=\"Wir k\u00f6nnen auch Geh\u00e4use mit einem kundenspezifischen Front Port liefern\" \/>\n<meta property=\"og:description\" content=\"Wir liefern Front-Ports f\u00fcr alle &quot;normalen&quot; Kamera\/Objektiv Kombinationen, aber auch benutzerdefinierte Ports f\u00fcr Ihre spezielle Anwendung\" \/>\n<meta property=\"og:url\" content=\"https:\/\/ewa-marine.com\/de\/products\/zubehoer\/kundenspezifischer_front-port\/\" \/>\n<meta property=\"og:site_name\" content=\"ewa-marine\" \/>\n<meta property=\"article:publisher\" content=\"https:\/\/www.facebook.com\/ewa-marine\" \/>\n<meta property=\"article:modified_time\" content=\"2016-12-19T11:54:18+00:00\" \/>\n<meta property=\"og:image\" content=\"https:\/\/ewa-marine.com\/wp-content\/uploads\/2015\/12\/vaf1_z_200x200-2.png\" \/>\n\t<meta property=\"og:image:width\" content=\"200\" \/>\n\t<meta property=\"og:image:height\" content=\"200\" \/>\n\t<meta property=\"og:image:type\" content=\"image\/png\" \/>\n<meta name=\"twitter:card\" content=\"summary_large_image\" \/>\n<meta name=\"twitter:site\" content=\"@ewa_marine\" \/>\n<meta name=\"twitter:label1\" content=\"Gesch\u00e4tzte Lesezeit\" \/>\n\t<meta name=\"twitter:data1\" content=\"2\u00a0Minuten\" \/>\n<script type=\"application\/ld+json\" class=\"yoast-schema-graph\">{\"@context\":\"https:\\\/\\\/schema.org\",\"@graph\":[{\"@type\":\"WebPage\",\"@id\":\"https:\\\/\\\/ewa-marine.com\\\/de\\\/products\\\/zubehoer\\\/kundenspezifischer_front-port\\\/\",\"url\":\"https:\\\/\\\/ewa-marine.com\\\/de\\\/products\\\/zubehoer\\\/kundenspezifischer_front-port\\\/\",\"name\":\"Wir k\u00f6nnen auch Geh\u00e4use mit einem kundenspezifischen Front Port liefern\",\"isPartOf\":{\"@id\":\"https:\\\/\\\/ewa-marine.com\\\/de\\\/#website\"},\"primaryImageOfPage\":{\"@id\":\"https:\\\/\\\/ewa-marine.com\\\/de\\\/products\\\/zubehoer\\\/kundenspezifischer_front-port\\\/#primaryimage\"},\"image\":{\"@id\":\"https:\\\/\\\/ewa-marine.com\\\/de\\\/products\\\/zubehoer\\\/kundenspezifischer_front-port\\\/#primaryimage\"},\"thumbnailUrl\":\"https:\\\/\\\/ewa-marine.com\\\/wp-content\\\/uploads\\\/2015\\\/12\\\/vaf1_z_200x200-2.png\",\"datePublished\":\"2015-07-17T11:39:13+00:00\",\"dateModified\":\"2016-12-19T11:54:18+00:00\",\"description\":\"Wir liefern Front-Ports f\u00fcr alle \\\"normalen\\\" Kamera\\\/Objektiv Kombinationen, aber auch benutzerdefinierte Ports f\u00fcr Ihre spezielle Anwendung\",\"breadcrumb\":{\"@id\":\"https:\\\/\\\/ewa-marine.com\\\/de\\\/products\\\/zubehoer\\\/kundenspezifischer_front-port\\\/#breadcrumb\"},\"inLanguage\":\"de\",\"potentialAction\":[{\"@type\":\"ReadAction\",\"target\":[\"https:\\\/\\\/ewa-marine.com\\\/de\\\/products\\\/zubehoer\\\/kundenspezifischer_front-port\\\/\"]}]},{\"@type\":\"ImageObject\",\"inLanguage\":\"de\",\"@id\":\"https:\\\/\\\/ewa-marine.com\\\/de\\\/products\\\/zubehoer\\\/kundenspezifischer_front-port\\\/#primaryimage\",\"url\":\"https:\\\/\\\/ewa-marine.com\\\/wp-content\\\/uploads\\\/2015\\\/12\\\/vaf1_z_200x200-2.png\",\"contentUrl\":\"https:\\\/\\\/ewa-marine.com\\\/wp-content\\\/uploads\\\/2015\\\/12\\\/vaf1_z_200x200-2.png\",\"width\":200,\"height\":200},{\"@type\":\"BreadcrumbList\",\"@id\":\"https:\\\/\\\/ewa-marine.com\\\/de\\\/products\\\/zubehoer\\\/kundenspezifischer_front-port\\\/#breadcrumb\",\"itemListElement\":[{\"@type\":\"ListItem\",\"position\":1,\"name\":\"Startseite\",\"item\":\"https:\\\/\\\/www.ewa-marine.de\\\/\"},{\"@type\":\"ListItem\",\"position\":2,\"name\":\"Produkte\",\"item\":\"https:\\\/\\\/www.ewa-marine.de\\\/products\\\/\"},{\"@type\":\"ListItem\",\"position\":3,\"name\":\"Zubeh\u00f6r\",\"item\":\"https:\\\/\\\/www.ewa-marine.de\\\/products\\\/zubehoer\\\/\"},{\"@type\":\"ListItem\",\"position\":4,\"name\":\"Kundenspezifischer Front-Port\"}]},{\"@type\":\"WebSite\",\"@id\":\"https:\\\/\\\/ewa-marine.com\\\/de\\\/#website\",\"url\":\"https:\\\/\\\/ewa-marine.com\\\/de\\\/\",\"name\":\"ewa-marine\",\"description\":\"Capture the Extreme !\",\"potentialAction\":[{\"@type\":\"SearchAction\",\"target\":{\"@type\":\"EntryPoint\",\"urlTemplate\":\"https:\\\/\\\/ewa-marine.com\\\/de\\\/?s={search_term_string}\"},\"query-input\":{\"@type\":\"PropertyValueSpecification\",\"valueRequired\":true,\"valueName\":\"search_term_string\"}}],\"inLanguage\":\"de\"}]}<\/script>\n<!-- \/ Yoast SEO plugin. -->","yoast_head_json":{"title":"Wir k\u00f6nnen auch Geh\u00e4use mit einem kundenspezifischen Front Port liefern","description":"Wir liefern Front-Ports f\u00fcr alle \"normalen\" Kamera\/Objektiv Kombinationen, aber auch benutzerdefinierte Ports f\u00fcr Ihre spezielle Anwendung","robots":{"index":"index","follow":"follow","max-snippet":"max-snippet:-1","max-image-preview":"max-image-preview:large","max-video-preview":"max-video-preview:-1"},"canonical":"https:\/\/ewa-marine.com\/de\/products\/zubehoer\/kundenspezifischer_front-port\/","og_locale":"de_DE","og_type":"article","og_title":"Wir k\u00f6nnen auch Geh\u00e4use mit einem kundenspezifischen Front Port liefern","og_description":"Wir liefern Front-Ports f\u00fcr alle \"normalen\" Kamera\/Objektiv Kombinationen, aber auch benutzerdefinierte Ports f\u00fcr Ihre spezielle Anwendung","og_url":"https:\/\/ewa-marine.com\/de\/products\/zubehoer\/kundenspezifischer_front-port\/","og_site_name":"ewa-marine","article_publisher":"https:\/\/www.facebook.com\/ewa-marine","article_modified_time":"2016-12-19T11:54:18+00:00","og_image":[{"width":200,"height":200,"url":"https:\/\/ewa-marine.com\/wp-content\/uploads\/2015\/12\/vaf1_z_200x200-2.png","type":"image\/png"}],"twitter_card":"summary_large_image","twitter_site":"@ewa_marine","twitter_misc":{"Gesch\u00e4tzte Lesezeit":"2\u00a0Minuten"},"schema":{"@context":"https:\/\/schema.org","@graph":[{"@type":"WebPage","@id":"https:\/\/ewa-marine.com\/de\/products\/zubehoer\/kundenspezifischer_front-port\/","url":"https:\/\/ewa-marine.com\/de\/products\/zubehoer\/kundenspezifischer_front-port\/","name":"Wir k\u00f6nnen auch Geh\u00e4use mit einem kundenspezifischen Front Port liefern","isPartOf":{"@id":"https:\/\/ewa-marine.com\/de\/#website"},"primaryImageOfPage":{"@id":"https:\/\/ewa-marine.com\/de\/products\/zubehoer\/kundenspezifischer_front-port\/#primaryimage"},"image":{"@id":"https:\/\/ewa-marine.com\/de\/products\/zubehoer\/kundenspezifischer_front-port\/#primaryimage"},"thumbnailUrl":"https:\/\/ewa-marine.com\/wp-content\/uploads\/2015\/12\/vaf1_z_200x200-2.png","datePublished":"2015-07-17T11:39:13+00:00","dateModified":"2016-12-19T11:54:18+00:00","description":"Wir liefern Front-Ports f\u00fcr alle \"normalen\" Kamera\/Objektiv Kombinationen, aber auch benutzerdefinierte Ports f\u00fcr Ihre spezielle Anwendung","breadcrumb":{"@id":"https:\/\/ewa-marine.com\/de\/products\/zubehoer\/kundenspezifischer_front-port\/#breadcrumb"},"inLanguage":"de","potentialAction":[{"@type":"ReadAction","target":["https:\/\/ewa-marine.com\/de\/products\/zubehoer\/kundenspezifischer_front-port\/"]}]},{"@type":"ImageObject","inLanguage":"de","@id":"https:\/\/ewa-marine.com\/de\/products\/zubehoer\/kundenspezifischer_front-port\/#primaryimage","url":"https:\/\/ewa-marine.com\/wp-content\/uploads\/2015\/12\/vaf1_z_200x200-2.png","contentUrl":"https:\/\/ewa-marine.com\/wp-content\/uploads\/2015\/12\/vaf1_z_200x200-2.png","width":200,"height":200},{"@type":"BreadcrumbList","@id":"https:\/\/ewa-marine.com\/de\/products\/zubehoer\/kundenspezifischer_front-port\/#breadcrumb","itemListElement":[{"@type":"ListItem","position":1,"name":"Startseite","item":"https:\/\/www.ewa-marine.de\/"},{"@type":"ListItem","position":2,"name":"Produkte","item":"https:\/\/www.ewa-marine.de\/products\/"},{"@type":"ListItem","position":3,"name":"Zubeh\u00f6r","item":"https:\/\/www.ewa-marine.de\/products\/zubehoer\/"},{"@type":"ListItem","position":4,"name":"Kundenspezifischer Front-Port"}]},{"@type":"WebSite","@id":"https:\/\/ewa-marine.com\/de\/#website","url":"https:\/\/ewa-marine.com\/de\/","name":"ewa-marine","description":"Capture the Extreme !","potentialAction":[{"@type":"SearchAction","target":{"@type":"EntryPoint","urlTemplate":"https:\/\/ewa-marine.com\/de\/?s={search_term_string}"},"query-input":{"@type":"PropertyValueSpecification","valueRequired":true,"valueName":"search_term_string"}}],"inLanguage":"de"}]}},"_links":{"self":[{"href":"https:\/\/ewa-marine.com\/de\/wp-json\/wp\/v2\/pages\/1624","targetHints":{"allow":["GET"]}}],"collection":[{"href":"https:\/\/ewa-marine.com\/de\/wp-json\/wp\/v2\/pages"}],"about":[{"href":"https:\/\/ewa-marine.com\/de\/wp-json\/wp\/v2\/types\/page"}],"author":[{"embeddable":true,"href":"https:\/\/ewa-marine.com\/de\/wp-json\/wp\/v2\/users\/1"}],"replies":[{"embeddable":true,"href":"https:\/\/ewa-marine.com\/de\/wp-json\/wp\/v2\/comments?post=1624"}],"version-history":[{"count":0,"href":"https:\/\/ewa-marine.com\/de\/wp-json\/wp\/v2\/pages\/1624\/revisions"}],"up":[{"embeddable":true,"href":"https:\/\/ewa-marine.com\/de\/wp-json\/wp\/v2\/pages\/604"}],"wp:featuredmedia":[{"embeddable":true,"href":"https:\/\/ewa-marine.com\/de\/wp-json\/wp\/v2\/media\/3624"}],"wp:attachment":[{"href":"https:\/\/ewa-marine.com\/de\/wp-json\/wp\/v2\/media?parent=1624"}],"curies":[{"name":"wp","href":"https:\/\/api.w.org\/{rel}","templated":true}]}}