{"id":372,"date":"2015-07-08T09:08:47","date_gmt":"2015-07-08T08:08:47","guid":{"rendered":"http:\/\/de.dicapac.de\/?page_id=372"},"modified":"2018-07-24T21:42:34","modified_gmt":"2018-07-24T20:42:34","slug":"cd5","status":"publish","type":"page","link":"https:\/\/ewa-marine.com\/de\/products\/zubehoer\/cd5\/","title":{"rendered":"CD5 Silicagel"},"content":{"rendered":"<div id=\"pl-372\"  class=\"panel-layout\" ><div id=\"pg-372-0\"  class=\"panel-grid panel-has-style\" ><div class=\"panel-widget-style panel-row-style panel-row-style-for-372-0\" ><div id=\"pgc-372-0-0\"  class=\"panel-grid-cell\" ><div id=\"panel-372-0-0-0\" class=\"so-panel widget widget_kadence_simple_image kadence_simple_image panel-first-child panel-last-child\" data-index=\"0\" ><div class=\"kad_img_upload_widget  kt-shape-type- kt-image-align-center kt-image-widget-widget-0-0-0\"><a href=\"https:\/\/ewa-marine.com\/wp-content\/uploads\/2015\/07\/CD5_600x6001.jpg\" rel=\"lightbox\"><div class=\"kt-image-contain  \"><div class=\"kt-image-inner-contain\"><img decoding=\"async\" src=\"https:\/\/ewa-marine.com\/wp-content\/uploads\/2015\/07\/CD5_600x6001.jpg\"><\/div><\/div><\/a><div class=\"kadence_image_widget_caption\">ewa-marine CD5 Beutel, auch Silikagel genannt<\/div><\/div><\/div><\/div><div id=\"pgc-372-0-1\"  class=\"panel-grid-cell\" ><div id=\"panel-372-0-1-0\" class=\"so-panel widget widget_black-studio-tinymce widget_black_studio_tinymce panel-first-child panel-last-child\" data-index=\"1\" ><div class=\"panel-widget-style panel-widget-style-for-372-0-1-0\" ><div class=\"textwidget\"><p><a href=\"https:\/\/www.marinsolar.de\/produkt\/ewa-marine-cd5-trockenmittel\/\" target=\"_blank\"><img loading=\"lazy\" decoding=\"async\" class=\"alignright wp-image-5203\" src=\"\/wp-content\/uploads\/2016\/03\/online-kaufen.png\" alt=\"Online Einkaufen bei marinSolar\" width=\"149\" height=\"50\" \/><\/a><\/p>\n<h1 class=\"bodytext\">ewa-marine CD5<\/h1>\n<h2 class=\"bodytext\">Set von f\u00fcnf \"Camera-Dry\" Silikagel Beutel<\/h2>\n<h6>Bestellcode: CD5<\/h6>\n<p class=\"bodytext\">Wenn Sie Ihre Kamera in das Geh\u00e4use einbauen, schlie\u00dfen Sie auch automatisch eine hohe Luftfeuchtigkeit mit ein. Sobald Sie nun mit dem Geh\u00e4use ins Wasser gehen, k\u00fchlt sich die Luft innen ab und es bilden sich Kondenstr\u00f6pfchen. Sollten sich diese auf das Objektiv legen, kann es Ihnen die sch\u00f6nsten Aufnahmen zunichte machen. Im schlimmsten Fall kann sogar Ihre Kamera Schaden nehmen.<\/p>\n<p class=\"bodytext\">Dieses k\u00f6nnen Sie dadurch verhindern, indem Sie ca. 10 - 15 Minuten vor dem Tauchgang das Trockenmittel CD5 von ewa-marine in das Unterwassergeh\u00e4use einlegen. Bei den meisten Geh\u00e4usen sind bereits spezielle Taschen hierf\u00fcr angebracht.<\/p>\n<p class=\"bodytext\">Das Trockenmittel hat eine blaue Farbe. Sobald es mit Feuchtigkeit ges\u00e4ttigt ist, f\u00e4rbt es sich rot. Nach Benutzung k\u00f6nnen Sie das Mittel wieder trocknen. Dieser Vorgang kann f\u00fcnf Mal wiederholt werden.<\/p>\n<p class=\"bodytext\">Wenn Sie unter Wasser fotografieren oder filmen wollen, brauchen Sie unbedingt das Trockenmittel CD5 von ewa-marine !<\/p>\n<\/div><\/div><\/div><\/div><\/div><\/div><\/div>","protected":false},"excerpt":{"rendered":"<p>ewa-marine CD5 Set von f\u00fcnf &#8222;Camera-Dry&#8220; Silikagel Beutel Bestellcode: CD5 Wenn Sie Ihre Kamera in das Geh\u00e4use einbauen, schlie\u00dfen Sie auch automatisch eine hohe Luftfeuchtigkeit mit ein. Sobald Sie nun mit dem Geh\u00e4use ins Wasser gehen, k\u00fchlt sich die Luft innen ab und es bilden sich Kondenstr\u00f6pfchen. Sollten sich diese auf das Objektiv legen, kann es Ihnen die sch\u00f6nsten Aufnahmen zunichte machen. Im schlimmsten Fall kann sogar Ihre Kamera Schaden nehmen. Dieses k\u00f6nnen Sie dadurch verhindern, indem Sie ca. 10 &hellip; <a href=\"https:\/\/ewa-marine.com\/de\/products\/zubehoer\/cd5\/\">Weiterlesen<\/a><\/p>\n","protected":false},"author":2,"featured_media":920,"parent":604,"menu_order":3,"comment_status":"closed","ping_status":"closed","template":"","meta":{"kt_blocks_editor_width":"","footnotes":""},"class_list":["post-372","page","type-page","status-publish","has-post-thumbnail","hentry"],"yoast_head":"<!-- This site is optimized with the Yoast SEO plugin v27.3 - https:\/\/yoast.com\/product\/yoast-seo-wordpress\/ -->\n<title>ewa-marine CD5 Silikagel f\u00fcr Kamera im Unterwassergeh\u00e4use<\/title>\n<meta name=\"description\" content=\"Wenn Sie Unterwasser fotografieren oder filmen wollen, ben\u00f6tigen Sie CD5 Silikagel von ewa-marine um Ihre Kamera vor gef\u00e4hrlichem Kondenswasser zu sch\u00fctzen!\" \/>\n<meta name=\"robots\" content=\"index, follow, max-snippet:-1, max-image-preview:large, max-video-preview:-1\" \/>\n<link rel=\"canonical\" href=\"https:\/\/ewa-marine.com\/de\/products\/zubehoer\/cd5\/\" \/>\n<meta property=\"og:locale\" content=\"de_DE\" \/>\n<meta property=\"og:type\" content=\"article\" \/>\n<meta property=\"og:title\" content=\"ewa-marine CD5 Silikagel f\u00fcr Kamera im Unterwassergeh\u00e4use\" \/>\n<meta property=\"og:description\" content=\"Wenn Sie Unterwasser fotografieren oder filmen wollen, ben\u00f6tigen Sie CD5 Silikagel von ewa-marine um Ihre Kamera vor gef\u00e4hrlichem Kondenswasser zu sch\u00fctzen!\" \/>\n<meta property=\"og:url\" content=\"https:\/\/ewa-marine.com\/de\/products\/zubehoer\/cd5\/\" \/>\n<meta property=\"og:site_name\" content=\"ewa-marine\" \/>\n<meta property=\"article:publisher\" content=\"https:\/\/www.facebook.com\/ewa-marine\" \/>\n<meta property=\"article:modified_time\" content=\"2018-07-24T20:42:34+00:00\" \/>\n<meta property=\"og:image\" content=\"https:\/\/i0.wp.com\/www.ewa-marine.de\/wp-content\/uploads\/2015\/07\/CD5_200x2002.jpg?fit=200%2C200&ssl=1\" \/>\n\t<meta property=\"og:image:width\" content=\"200\" \/>\n\t<meta property=\"og:image:height\" content=\"200\" \/>\n\t<meta property=\"og:image:type\" content=\"image\/jpeg\" \/>\n<meta name=\"twitter:card\" content=\"summary_large_image\" \/>\n<meta name=\"twitter:site\" content=\"@ewa_marine\" \/>\n<meta name=\"twitter:label1\" content=\"Gesch\u00e4tzte Lesezeit\" \/>\n\t<meta name=\"twitter:data1\" content=\"1\u00a0Minute\" \/>\n<script type=\"application\/ld+json\" class=\"yoast-schema-graph\">{\"@context\":\"https:\\\/\\\/schema.org\",\"@graph\":[{\"@type\":\"WebPage\",\"@id\":\"https:\\\/\\\/ewa-marine.com\\\/de\\\/products\\\/zubehoer\\\/cd5\\\/\",\"url\":\"https:\\\/\\\/ewa-marine.com\\\/de\\\/products\\\/zubehoer\\\/cd5\\\/\",\"name\":\"ewa-marine CD5 Silikagel f\u00fcr Kamera im Unterwassergeh\u00e4use\",\"isPartOf\":{\"@id\":\"https:\\\/\\\/ewa-marine.com\\\/de\\\/#website\"},\"primaryImageOfPage\":{\"@id\":\"https:\\\/\\\/ewa-marine.com\\\/de\\\/products\\\/zubehoer\\\/cd5\\\/#primaryimage\"},\"image\":{\"@id\":\"https:\\\/\\\/ewa-marine.com\\\/de\\\/products\\\/zubehoer\\\/cd5\\\/#primaryimage\"},\"thumbnailUrl\":\"https:\\\/\\\/ewa-marine.com\\\/wp-content\\\/uploads\\\/2015\\\/07\\\/CD5_200x2002.jpg\",\"datePublished\":\"2015-07-08T08:08:47+00:00\",\"dateModified\":\"2018-07-24T20:42:34+00:00\",\"description\":\"Wenn Sie Unterwasser fotografieren oder filmen wollen, ben\u00f6tigen Sie CD5 Silikagel von ewa-marine um Ihre Kamera vor gef\u00e4hrlichem Kondenswasser zu sch\u00fctzen!\",\"breadcrumb\":{\"@id\":\"https:\\\/\\\/ewa-marine.com\\\/de\\\/products\\\/zubehoer\\\/cd5\\\/#breadcrumb\"},\"inLanguage\":\"de\",\"potentialAction\":[{\"@type\":\"ReadAction\",\"target\":[\"https:\\\/\\\/ewa-marine.com\\\/de\\\/products\\\/zubehoer\\\/cd5\\\/\"]}]},{\"@type\":\"ImageObject\",\"inLanguage\":\"de\",\"@id\":\"https:\\\/\\\/ewa-marine.com\\\/de\\\/products\\\/zubehoer\\\/cd5\\\/#primaryimage\",\"url\":\"https:\\\/\\\/ewa-marine.com\\\/wp-content\\\/uploads\\\/2015\\\/07\\\/CD5_200x2002.jpg\",\"contentUrl\":\"https:\\\/\\\/ewa-marine.com\\\/wp-content\\\/uploads\\\/2015\\\/07\\\/CD5_200x2002.jpg\",\"width\":200,\"height\":200,\"caption\":\"cd5 silica-gel\"},{\"@type\":\"BreadcrumbList\",\"@id\":\"https:\\\/\\\/ewa-marine.com\\\/de\\\/products\\\/zubehoer\\\/cd5\\\/#breadcrumb\",\"itemListElement\":[{\"@type\":\"ListItem\",\"position\":1,\"name\":\"Startseite\",\"item\":\"https:\\\/\\\/www.ewa-marine.de\\\/\"},{\"@type\":\"ListItem\",\"position\":2,\"name\":\"Produkte\",\"item\":\"https:\\\/\\\/www.ewa-marine.de\\\/products\\\/\"},{\"@type\":\"ListItem\",\"position\":3,\"name\":\"Zubeh\u00f6r\",\"item\":\"https:\\\/\\\/www.ewa-marine.de\\\/products\\\/zubehoer\\\/\"},{\"@type\":\"ListItem\",\"position\":4,\"name\":\"CD5 Silicagel\"}]},{\"@type\":\"WebSite\",\"@id\":\"https:\\\/\\\/ewa-marine.com\\\/de\\\/#website\",\"url\":\"https:\\\/\\\/ewa-marine.com\\\/de\\\/\",\"name\":\"ewa-marine\",\"description\":\"Capture the Extreme !\",\"potentialAction\":[{\"@type\":\"SearchAction\",\"target\":{\"@type\":\"EntryPoint\",\"urlTemplate\":\"https:\\\/\\\/ewa-marine.com\\\/de\\\/?s={search_term_string}\"},\"query-input\":{\"@type\":\"PropertyValueSpecification\",\"valueRequired\":true,\"valueName\":\"search_term_string\"}}],\"inLanguage\":\"de\"}]}<\/script>\n<!-- \/ Yoast SEO plugin. -->","yoast_head_json":{"title":"ewa-marine CD5 Silikagel f\u00fcr Kamera im Unterwassergeh\u00e4use","description":"Wenn Sie Unterwasser fotografieren oder filmen wollen, ben\u00f6tigen Sie CD5 Silikagel von ewa-marine um Ihre Kamera vor gef\u00e4hrlichem Kondenswasser zu sch\u00fctzen!","robots":{"index":"index","follow":"follow","max-snippet":"max-snippet:-1","max-image-preview":"max-image-preview:large","max-video-preview":"max-video-preview:-1"},"canonical":"https:\/\/ewa-marine.com\/de\/products\/zubehoer\/cd5\/","og_locale":"de_DE","og_type":"article","og_title":"ewa-marine CD5 Silikagel f\u00fcr Kamera im Unterwassergeh\u00e4use","og_description":"Wenn Sie Unterwasser fotografieren oder filmen wollen, ben\u00f6tigen Sie CD5 Silikagel von ewa-marine um Ihre Kamera vor gef\u00e4hrlichem Kondenswasser zu sch\u00fctzen!","og_url":"https:\/\/ewa-marine.com\/de\/products\/zubehoer\/cd5\/","og_site_name":"ewa-marine","article_publisher":"https:\/\/www.facebook.com\/ewa-marine","article_modified_time":"2018-07-24T20:42:34+00:00","og_image":[{"width":200,"height":200,"url":"https:\/\/i0.wp.com\/www.ewa-marine.de\/wp-content\/uploads\/2015\/07\/CD5_200x2002.jpg?fit=200%2C200&ssl=1","type":"image\/jpeg"}],"twitter_card":"summary_large_image","twitter_site":"@ewa_marine","twitter_misc":{"Gesch\u00e4tzte Lesezeit":"1\u00a0Minute"},"schema":{"@context":"https:\/\/schema.org","@graph":[{"@type":"WebPage","@id":"https:\/\/ewa-marine.com\/de\/products\/zubehoer\/cd5\/","url":"https:\/\/ewa-marine.com\/de\/products\/zubehoer\/cd5\/","name":"ewa-marine CD5 Silikagel f\u00fcr Kamera im Unterwassergeh\u00e4use","isPartOf":{"@id":"https:\/\/ewa-marine.com\/de\/#website"},"primaryImageOfPage":{"@id":"https:\/\/ewa-marine.com\/de\/products\/zubehoer\/cd5\/#primaryimage"},"image":{"@id":"https:\/\/ewa-marine.com\/de\/products\/zubehoer\/cd5\/#primaryimage"},"thumbnailUrl":"https:\/\/ewa-marine.com\/wp-content\/uploads\/2015\/07\/CD5_200x2002.jpg","datePublished":"2015-07-08T08:08:47+00:00","dateModified":"2018-07-24T20:42:34+00:00","description":"Wenn Sie Unterwasser fotografieren oder filmen wollen, ben\u00f6tigen Sie CD5 Silikagel von ewa-marine um Ihre Kamera vor gef\u00e4hrlichem Kondenswasser zu sch\u00fctzen!","breadcrumb":{"@id":"https:\/\/ewa-marine.com\/de\/products\/zubehoer\/cd5\/#breadcrumb"},"inLanguage":"de","potentialAction":[{"@type":"ReadAction","target":["https:\/\/ewa-marine.com\/de\/products\/zubehoer\/cd5\/"]}]},{"@type":"ImageObject","inLanguage":"de","@id":"https:\/\/ewa-marine.com\/de\/products\/zubehoer\/cd5\/#primaryimage","url":"https:\/\/ewa-marine.com\/wp-content\/uploads\/2015\/07\/CD5_200x2002.jpg","contentUrl":"https:\/\/ewa-marine.com\/wp-content\/uploads\/2015\/07\/CD5_200x2002.jpg","width":200,"height":200,"caption":"cd5 silica-gel"},{"@type":"BreadcrumbList","@id":"https:\/\/ewa-marine.com\/de\/products\/zubehoer\/cd5\/#breadcrumb","itemListElement":[{"@type":"ListItem","position":1,"name":"Startseite","item":"https:\/\/www.ewa-marine.de\/"},{"@type":"ListItem","position":2,"name":"Produkte","item":"https:\/\/www.ewa-marine.de\/products\/"},{"@type":"ListItem","position":3,"name":"Zubeh\u00f6r","item":"https:\/\/www.ewa-marine.de\/products\/zubehoer\/"},{"@type":"ListItem","position":4,"name":"CD5 Silicagel"}]},{"@type":"WebSite","@id":"https:\/\/ewa-marine.com\/de\/#website","url":"https:\/\/ewa-marine.com\/de\/","name":"ewa-marine","description":"Capture the Extreme !","potentialAction":[{"@type":"SearchAction","target":{"@type":"EntryPoint","urlTemplate":"https:\/\/ewa-marine.com\/de\/?s={search_term_string}"},"query-input":{"@type":"PropertyValueSpecification","valueRequired":true,"valueName":"search_term_string"}}],"inLanguage":"de"}]}},"_links":{"self":[{"href":"https:\/\/ewa-marine.com\/de\/wp-json\/wp\/v2\/pages\/372","targetHints":{"allow":["GET"]}}],"collection":[{"href":"https:\/\/ewa-marine.com\/de\/wp-json\/wp\/v2\/pages"}],"about":[{"href":"https:\/\/ewa-marine.com\/de\/wp-json\/wp\/v2\/types\/page"}],"author":[{"embeddable":true,"href":"https:\/\/ewa-marine.com\/de\/wp-json\/wp\/v2\/users\/2"}],"replies":[{"embeddable":true,"href":"https:\/\/ewa-marine.com\/de\/wp-json\/wp\/v2\/comments?post=372"}],"version-history":[{"count":0,"href":"https:\/\/ewa-marine.com\/de\/wp-json\/wp\/v2\/pages\/372\/revisions"}],"up":[{"embeddable":true,"href":"https:\/\/ewa-marine.com\/de\/wp-json\/wp\/v2\/pages\/604"}],"wp:featuredmedia":[{"embeddable":true,"href":"https:\/\/ewa-marine.com\/de\/wp-json\/wp\/v2\/media\/920"}],"wp:attachment":[{"href":"https:\/\/ewa-marine.com\/de\/wp-json\/wp\/v2\/media?parent=372"}],"curies":[{"name":"wp","href":"https:\/\/api.w.org\/{rel}","templated":true}]}}