{"id":390,"date":"2015-07-08T09:42:45","date_gmt":"2015-07-08T08:42:45","guid":{"rendered":"http:\/\/de.dicapac.de\/?page_id=390"},"modified":"2017-03-02T12:40:07","modified_gmt":"2017-03-02T11:40:07","slug":"kabelausgang","status":"publish","type":"page","link":"https:\/\/ewa-marine.com\/de\/products\/zubehoer\/kabelausgang\/","title":{"rendered":"Kabelausgang"},"content":{"rendered":"<div id=\"pl-390\"  class=\"panel-layout\" ><div id=\"pg-390-0\"  class=\"panel-grid panel-has-style\" ><div class=\"panel-widget-style panel-row-style panel-row-style-for-390-0\" ><div id=\"pgc-390-0-0\"  class=\"panel-grid-cell\" ><div id=\"panel-390-0-0-0\" class=\"so-panel widget widget_kadence_simple_image kadence_simple_image panel-first-child panel-last-child\" data-index=\"0\" ><div class=\"kad_img_upload_widget  kt-shape-type- kt-image-align-center kt-image-widget-widget-0-0-0\"><a href=\"https:\/\/ewa-marine.com\/wp-content\/uploads\/2015\/07\/cableexit.jpg\" rel=\"lightbox\"><div class=\"kt-image-contain  \"><div class=\"kt-image-inner-contain\"><img decoding=\"async\" src=\"https:\/\/ewa-marine.com\/wp-content\/uploads\/2015\/07\/cableexit.jpg\"><\/div><\/div><\/a><div class=\"kadence_image_widget_caption\">ewa-marine Kabelausgang\n<\/div><\/div><\/div><\/div><div id=\"pgc-390-0-1\"  class=\"panel-grid-cell\" ><div id=\"panel-390-0-1-0\" class=\"so-panel widget widget_black-studio-tinymce widget_black_studio_tinymce panel-first-child panel-last-child\" data-index=\"1\" ><div class=\"panel-widget-style panel-widget-style-for-390-0-1-0\" ><div class=\"textwidget\"><h1 class=\"bodytext\">ewa-marine Kabelausgang<\/h1>\n<h2 class=\"bodytext\">Kabelausgang - f\u00fchrt bis zu vier Kabel aus dem Geh\u00e4use<\/h2>\n<h6>Bestellcode: Kabelausgang<\/h6>\n<p>\u00a0<\/p>\n<p class=\"bodytext\">Wir k\u00f6nnen alle ewa-marine Unterwassergeh\u00e4use und auch unsere <a href=\"http:\/\/www.ewa-marine.de\/products\/ewa-sports\/dus\/\">DUS Serie<\/a> (wasserdichte, flexible Dokumententaschen f\u00fcr Wertgegenst\u00e4nde) mit unserem <strong>ewa-marine Kabelausgang<\/strong> modifizieren.<\/p>\n<p class=\"bodytext\">Sie k\u00f6nnen mit dem speziellen Kabelausgang <strong>bis zu vier Kabel aus dem Geh\u00e4use f\u00fchren<\/strong> und trotzdem bleibt das Geh\u00e4use absolut wasserdicht und ist somit weiterhin f\u00fcr den Taucheinsatz geeignet.<\/p>\n<p class=\"bodytext\">Bitte beachten Sie das jedes Kabel einen maximalen Durchmesser von 3 bis 4 mm besitzen darf.<\/p>\n<p class=\"bodytext\">Sie k\u00f6nnen nat\u00fcrlich auch nur ein, zwei oder drei Kabel ausf\u00fchren. F\u00fcr den oder die Ausg\u00e4nge, welche nicht von Ihnen genutzt werden wollen, sind spezielle Gummischl\u00e4uche im Lieferumfang enthalten, mit welchen sich das System abdichten l\u00e4sst.<\/p>\n<p class=\"bodytext\">Sie erhalten mit dem Kabelausgang eine spezielle Gebrauchsanweisung sowie einen Inbusschl\u00fcssel, um das System zu verschlie\u00dfen oder zu \u00f6ffnen.<\/p>\n<p class=\"bodytext\">Sollten Sie Interesse an einem Kabelausgang oder an einer Modifikation eines Geh\u00e4uses haben, melden Sie sich bitte \u00fcber das <a href=\"\/kontakt\/\">Kontaktformular<\/a> bei uns oder rufen Sie uns an!<\/p>\n<p class=\"bodytext\">Vielen Dank!<\/p>\n<p>\u00a0<\/p>\n<\/div><\/div><\/div><\/div><\/div><\/div><\/div>","protected":false},"excerpt":{"rendered":"<p>ewa-marine KabelausgangKabelausgang &#8211; f\u00fchrt bis zu vier Kabel aus dem Geh\u00e4useBestellcode: Kabelausgang\u00a0Wir k\u00f6nnen alle ewa-marine Unterwassergeh\u00e4use und auch unsere DUS Serie (wasserdichte, flexible Dokumententaschen f\u00fcr Wertgegenst\u00e4nde) mit unserem ewa-marine Kabelausgang modifizieren.Sie k\u00f6nnen mit dem speziellen Kabelausgang bis zu vier Kabel aus dem Geh\u00e4use f\u00fchren und trotzdem bleibt das Geh\u00e4use absolut wasserdicht und ist somit weiterhin f\u00fcr den Taucheinsatz geeignet.Bitte beachten Sie das jedes Kabel einen maximalen Durchmesser von 3 bis 4 mm besitzen darf.Sie k\u00f6nnen nat\u00fcrlich auch nur ein, zwei &hellip; <a href=\"https:\/\/ewa-marine.com\/de\/products\/zubehoer\/kabelausgang\/\">Weiterlesen<\/a><\/p>\n","protected":false},"author":2,"featured_media":165,"parent":604,"menu_order":8,"comment_status":"closed","ping_status":"closed","template":"","meta":{"kt_blocks_editor_width":"","footnotes":""},"class_list":["post-390","page","type-page","status-publish","has-post-thumbnail","hentry"],"yoast_head":"<!-- This site is optimized with the Yoast SEO plugin v27.3 - https:\/\/yoast.com\/product\/yoast-seo-wordpress\/ -->\n<title>Kabelausgang - ewa-marine<\/title>\n<meta name=\"description\" content=\"Sie k\u00f6nnen mit dem speziellen Kabelausgang bis zu vier Kabel aus dem Geh\u00e4use f\u00fchren. Trotzdem bleibt das Geh\u00e4use wasserdicht und f\u00fcr das Tauchen geeignet.\" \/>\n<meta name=\"robots\" content=\"index, follow, max-snippet:-1, max-image-preview:large, max-video-preview:-1\" \/>\n<link rel=\"canonical\" href=\"https:\/\/ewa-marine.com\/de\/products\/zubehoer\/kabelausgang\/\" \/>\n<meta property=\"og:locale\" content=\"de_DE\" \/>\n<meta property=\"og:type\" content=\"article\" \/>\n<meta property=\"og:title\" content=\"Kabelausgang - ewa-marine\" \/>\n<meta property=\"og:description\" content=\"Sie k\u00f6nnen mit dem speziellen Kabelausgang bis zu vier Kabel aus dem Geh\u00e4use f\u00fchren. Trotzdem bleibt das Geh\u00e4use wasserdicht und f\u00fcr das Tauchen geeignet.\" \/>\n<meta property=\"og:url\" content=\"https:\/\/ewa-marine.com\/de\/products\/zubehoer\/kabelausgang\/\" \/>\n<meta property=\"og:site_name\" content=\"ewa-marine\" \/>\n<meta property=\"article:publisher\" content=\"https:\/\/www.facebook.com\/ewa-marine\" \/>\n<meta property=\"article:modified_time\" content=\"2017-03-02T11:40:07+00:00\" \/>\n<meta property=\"og:image\" content=\"https:\/\/ewa-marine.com\/wp-content\/uploads\/2015\/07\/cableexit-400x400.jpg\" \/>\n\t<meta property=\"og:image:width\" content=\"400\" \/>\n\t<meta property=\"og:image:height\" content=\"400\" \/>\n\t<meta property=\"og:image:type\" content=\"image\/jpeg\" \/>\n<meta name=\"twitter:card\" content=\"summary_large_image\" \/>\n<meta name=\"twitter:site\" content=\"@ewa_marine\" \/>\n<meta name=\"twitter:label1\" content=\"Gesch\u00e4tzte Lesezeit\" \/>\n\t<meta name=\"twitter:data1\" content=\"1\u00a0Minute\" \/>\n<script type=\"application\/ld+json\" class=\"yoast-schema-graph\">{\"@context\":\"https:\\\/\\\/schema.org\",\"@graph\":[{\"@type\":\"WebPage\",\"@id\":\"https:\\\/\\\/ewa-marine.com\\\/de\\\/products\\\/zubehoer\\\/kabelausgang\\\/\",\"url\":\"https:\\\/\\\/ewa-marine.com\\\/de\\\/products\\\/zubehoer\\\/kabelausgang\\\/\",\"name\":\"Kabelausgang - ewa-marine\",\"isPartOf\":{\"@id\":\"https:\\\/\\\/ewa-marine.com\\\/de\\\/#website\"},\"primaryImageOfPage\":{\"@id\":\"https:\\\/\\\/ewa-marine.com\\\/de\\\/products\\\/zubehoer\\\/kabelausgang\\\/#primaryimage\"},\"image\":{\"@id\":\"https:\\\/\\\/ewa-marine.com\\\/de\\\/products\\\/zubehoer\\\/kabelausgang\\\/#primaryimage\"},\"thumbnailUrl\":\"https:\\\/\\\/ewa-marine.com\\\/wp-content\\\/uploads\\\/2015\\\/07\\\/cableexit-400x400.jpg\",\"datePublished\":\"2015-07-08T08:42:45+00:00\",\"dateModified\":\"2017-03-02T11:40:07+00:00\",\"description\":\"Sie k\u00f6nnen mit dem speziellen Kabelausgang bis zu vier Kabel aus dem Geh\u00e4use f\u00fchren. Trotzdem bleibt das Geh\u00e4use wasserdicht und f\u00fcr das Tauchen geeignet.\",\"breadcrumb\":{\"@id\":\"https:\\\/\\\/ewa-marine.com\\\/de\\\/products\\\/zubehoer\\\/kabelausgang\\\/#breadcrumb\"},\"inLanguage\":\"de\",\"potentialAction\":[{\"@type\":\"ReadAction\",\"target\":[\"https:\\\/\\\/ewa-marine.com\\\/de\\\/products\\\/zubehoer\\\/kabelausgang\\\/\"]}]},{\"@type\":\"ImageObject\",\"inLanguage\":\"de\",\"@id\":\"https:\\\/\\\/ewa-marine.com\\\/de\\\/products\\\/zubehoer\\\/kabelausgang\\\/#primaryimage\",\"url\":\"https:\\\/\\\/ewa-marine.com\\\/wp-content\\\/uploads\\\/2015\\\/07\\\/cableexit-400x400.jpg\",\"contentUrl\":\"https:\\\/\\\/ewa-marine.com\\\/wp-content\\\/uploads\\\/2015\\\/07\\\/cableexit-400x400.jpg\",\"width\":400,\"height\":400},{\"@type\":\"BreadcrumbList\",\"@id\":\"https:\\\/\\\/ewa-marine.com\\\/de\\\/products\\\/zubehoer\\\/kabelausgang\\\/#breadcrumb\",\"itemListElement\":[{\"@type\":\"ListItem\",\"position\":1,\"name\":\"Startseite\",\"item\":\"https:\\\/\\\/www.ewa-marine.de\\\/\"},{\"@type\":\"ListItem\",\"position\":2,\"name\":\"Produkte\",\"item\":\"https:\\\/\\\/www.ewa-marine.de\\\/products\\\/\"},{\"@type\":\"ListItem\",\"position\":3,\"name\":\"Zubeh\u00f6r\",\"item\":\"https:\\\/\\\/www.ewa-marine.de\\\/products\\\/zubehoer\\\/\"},{\"@type\":\"ListItem\",\"position\":4,\"name\":\"Kabelausgang\"}]},{\"@type\":\"WebSite\",\"@id\":\"https:\\\/\\\/ewa-marine.com\\\/de\\\/#website\",\"url\":\"https:\\\/\\\/ewa-marine.com\\\/de\\\/\",\"name\":\"ewa-marine\",\"description\":\"Capture the Extreme !\",\"potentialAction\":[{\"@type\":\"SearchAction\",\"target\":{\"@type\":\"EntryPoint\",\"urlTemplate\":\"https:\\\/\\\/ewa-marine.com\\\/de\\\/?s={search_term_string}\"},\"query-input\":{\"@type\":\"PropertyValueSpecification\",\"valueRequired\":true,\"valueName\":\"search_term_string\"}}],\"inLanguage\":\"de\"}]}<\/script>\n<!-- \/ Yoast SEO plugin. -->","yoast_head_json":{"title":"Kabelausgang - ewa-marine","description":"Sie k\u00f6nnen mit dem speziellen Kabelausgang bis zu vier Kabel aus dem Geh\u00e4use f\u00fchren. Trotzdem bleibt das Geh\u00e4use wasserdicht und f\u00fcr das Tauchen geeignet.","robots":{"index":"index","follow":"follow","max-snippet":"max-snippet:-1","max-image-preview":"max-image-preview:large","max-video-preview":"max-video-preview:-1"},"canonical":"https:\/\/ewa-marine.com\/de\/products\/zubehoer\/kabelausgang\/","og_locale":"de_DE","og_type":"article","og_title":"Kabelausgang - ewa-marine","og_description":"Sie k\u00f6nnen mit dem speziellen Kabelausgang bis zu vier Kabel aus dem Geh\u00e4use f\u00fchren. Trotzdem bleibt das Geh\u00e4use wasserdicht und f\u00fcr das Tauchen geeignet.","og_url":"https:\/\/ewa-marine.com\/de\/products\/zubehoer\/kabelausgang\/","og_site_name":"ewa-marine","article_publisher":"https:\/\/www.facebook.com\/ewa-marine","article_modified_time":"2017-03-02T11:40:07+00:00","og_image":[{"width":400,"height":400,"url":"https:\/\/ewa-marine.com\/wp-content\/uploads\/2015\/07\/cableexit-400x400.jpg","type":"image\/jpeg"}],"twitter_card":"summary_large_image","twitter_site":"@ewa_marine","twitter_misc":{"Gesch\u00e4tzte Lesezeit":"1\u00a0Minute"},"schema":{"@context":"https:\/\/schema.org","@graph":[{"@type":"WebPage","@id":"https:\/\/ewa-marine.com\/de\/products\/zubehoer\/kabelausgang\/","url":"https:\/\/ewa-marine.com\/de\/products\/zubehoer\/kabelausgang\/","name":"Kabelausgang - ewa-marine","isPartOf":{"@id":"https:\/\/ewa-marine.com\/de\/#website"},"primaryImageOfPage":{"@id":"https:\/\/ewa-marine.com\/de\/products\/zubehoer\/kabelausgang\/#primaryimage"},"image":{"@id":"https:\/\/ewa-marine.com\/de\/products\/zubehoer\/kabelausgang\/#primaryimage"},"thumbnailUrl":"https:\/\/ewa-marine.com\/wp-content\/uploads\/2015\/07\/cableexit-400x400.jpg","datePublished":"2015-07-08T08:42:45+00:00","dateModified":"2017-03-02T11:40:07+00:00","description":"Sie k\u00f6nnen mit dem speziellen Kabelausgang bis zu vier Kabel aus dem Geh\u00e4use f\u00fchren. Trotzdem bleibt das Geh\u00e4use wasserdicht und f\u00fcr das Tauchen geeignet.","breadcrumb":{"@id":"https:\/\/ewa-marine.com\/de\/products\/zubehoer\/kabelausgang\/#breadcrumb"},"inLanguage":"de","potentialAction":[{"@type":"ReadAction","target":["https:\/\/ewa-marine.com\/de\/products\/zubehoer\/kabelausgang\/"]}]},{"@type":"ImageObject","inLanguage":"de","@id":"https:\/\/ewa-marine.com\/de\/products\/zubehoer\/kabelausgang\/#primaryimage","url":"https:\/\/ewa-marine.com\/wp-content\/uploads\/2015\/07\/cableexit-400x400.jpg","contentUrl":"https:\/\/ewa-marine.com\/wp-content\/uploads\/2015\/07\/cableexit-400x400.jpg","width":400,"height":400},{"@type":"BreadcrumbList","@id":"https:\/\/ewa-marine.com\/de\/products\/zubehoer\/kabelausgang\/#breadcrumb","itemListElement":[{"@type":"ListItem","position":1,"name":"Startseite","item":"https:\/\/www.ewa-marine.de\/"},{"@type":"ListItem","position":2,"name":"Produkte","item":"https:\/\/www.ewa-marine.de\/products\/"},{"@type":"ListItem","position":3,"name":"Zubeh\u00f6r","item":"https:\/\/www.ewa-marine.de\/products\/zubehoer\/"},{"@type":"ListItem","position":4,"name":"Kabelausgang"}]},{"@type":"WebSite","@id":"https:\/\/ewa-marine.com\/de\/#website","url":"https:\/\/ewa-marine.com\/de\/","name":"ewa-marine","description":"Capture the Extreme !","potentialAction":[{"@type":"SearchAction","target":{"@type":"EntryPoint","urlTemplate":"https:\/\/ewa-marine.com\/de\/?s={search_term_string}"},"query-input":{"@type":"PropertyValueSpecification","valueRequired":true,"valueName":"search_term_string"}}],"inLanguage":"de"}]}},"_links":{"self":[{"href":"https:\/\/ewa-marine.com\/de\/wp-json\/wp\/v2\/pages\/390","targetHints":{"allow":["GET"]}}],"collection":[{"href":"https:\/\/ewa-marine.com\/de\/wp-json\/wp\/v2\/pages"}],"about":[{"href":"https:\/\/ewa-marine.com\/de\/wp-json\/wp\/v2\/types\/page"}],"author":[{"embeddable":true,"href":"https:\/\/ewa-marine.com\/de\/wp-json\/wp\/v2\/users\/2"}],"replies":[{"embeddable":true,"href":"https:\/\/ewa-marine.com\/de\/wp-json\/wp\/v2\/comments?post=390"}],"version-history":[{"count":0,"href":"https:\/\/ewa-marine.com\/de\/wp-json\/wp\/v2\/pages\/390\/revisions"}],"up":[{"embeddable":true,"href":"https:\/\/ewa-marine.com\/de\/wp-json\/wp\/v2\/pages\/604"}],"wp:featuredmedia":[{"embeddable":true,"href":"https:\/\/ewa-marine.com\/de\/wp-json\/wp\/v2\/media\/165"}],"wp:attachment":[{"href":"https:\/\/ewa-marine.com\/de\/wp-json\/wp\/v2\/media?parent=390"}],"curies":[{"name":"wp","href":"https:\/\/api.w.org\/{rel}","templated":true}]}}