{"id":417,"date":"2015-07-08T10:21:21","date_gmt":"2015-07-08T09:21:21","guid":{"rendered":"http:\/\/de.dicapac.de\/?page_id=417"},"modified":"2020-07-02T11:11:33","modified_gmt":"2020-07-02T09:11:33","slug":"av110","status":"publish","type":"page","link":"https:\/\/ewa-marine.com\/de\/products\/zubehoer\/av110\/","title":{"rendered":"AV110 Adapter"},"content":{"rendered":"<div id=\"pl-417\"  class=\"panel-layout\" ><div id=\"pg-417-0\"  class=\"panel-grid panel-has-style\" ><div class=\"panel-widget-style panel-row-style panel-row-style-for-417-0\" ><div id=\"pgc-417-0-0\"  class=\"panel-grid-cell\" ><div id=\"panel-417-0-0-0\" class=\"so-panel widget widget_kadence_simple_image kadence_simple_image panel-first-child\" data-index=\"0\" ><div class=\"panel-widget-style panel-widget-style-for-417-0-0-0\" ><div class=\"kad_img_upload_widget  kt-shape-type- kt-image-align-center kt-image-widget-widget-0-0-0\"><a href=\"https:\/\/ewa-marine.com\/wp-content\/uploads\/2015\/07\/AV110-Adapter-600x6001.jpg\" rel=\"lightbox\"><div class=\"kt-image-contain  \"><div class=\"kt-image-inner-contain\"><img decoding=\"async\" src=\"https:\/\/ewa-marine.com\/wp-content\/uploads\/2015\/07\/AV110-Adapter-600x6001.jpg\"><\/div><\/div><\/a><div class=\"kadence_image_widget_caption\">ewa-marine AV110 Autofokus Adapter<\/div><\/div><\/div><\/div><div id=\"panel-417-0-0-1\" class=\"so-panel widget widget_kadence_simple_image kadence_simple_image panel-last-child\" data-index=\"1\" ><div class=\"kad_img_upload_widget  kt-shape-type- kt-image-align-center kt-image-widget-widget-0-0-1\"><a href=\"https:\/\/ewa-marine.com\/wp-content\/uploads\/2015\/07\/av_110-adapter-2.gif\" rel=\"lightbox\"><div class=\"kt-image-contain  \"><div class=\"kt-image-inner-contain\"><img decoding=\"async\" src=\"https:\/\/ewa-marine.com\/wp-content\/uploads\/2015\/07\/av_110-adapter-2.gif\"><\/div><\/div><\/a><\/div><\/div><\/div><div id=\"pgc-417-0-1\"  class=\"panel-grid-cell\" ><div id=\"panel-417-0-1-0\" class=\"so-panel widget widget_black-studio-tinymce widget_black_studio_tinymce panel-first-child\" data-index=\"2\" ><div class=\"panel-widget-style panel-widget-style-for-417-0-1-0\" ><div class=\"textwidget\"><h1 class=\"bodytext\">ewa-marine AV110 Autofokus-Adapter<\/h1>\n<h2 class=\"bodytext\">- bildet eine feste Verbindung zwischen dem Stativgewinde der Kamera und dem optischen Frontglas des Geh\u00e4uses<\/h2>\n<h6>Bestellcode: sehen Sie unten unter \"Varianten des AV110\"<\/h6>\n<p>&nbsp;<\/p>\n<p>Der<strong> AV110<\/strong> wurde von uns f\u00fcr den Einsatz von Autofokus-Objektiven in den Produkten der U-A.. Serie entwickelt. Der AV110 bildet die <strong>feste Verbindung<\/strong> zwischen dem <strong>Stativgewinde der Kamera<\/strong> und dem <strong>optischen Frontglas des Geh\u00e4uses<\/strong>. Dadurch wird gew\u00e4hrleistet, dass sich das Objektiv beim Fokussieren in der L\u00e4nge regulieren kann, ohne gegen den Widerstand des Wassers ank\u00e4mpfen zu m\u00fcssen. Es wird ebenfalls sichergestellt, dass der Wasserdruck nicht auf das Objektiv wirkt, sonst k\u00f6nnte dieses verstellt, beziehungsweise sogar der AF-Motor besch\u00e4digt werden.<\/p>\n<p>&nbsp;<\/p>\n<\/div><\/div><\/div><div id=\"panel-417-0-1-1\" class=\"so-panel widget widget_black-studio-tinymce widget_black_studio_tinymce\" data-index=\"3\" ><div class=\"textwidget\">\n<div class=\"panel-group\" id=\"accordionname538\"><div class=\"panel panel-default\"><div class=\"panel-heading\"><a class=\"accordion-toggle collapsed\" data-toggle=\"collapse\" data-parent=\"#accordionname538\" href=\"#collapse5380\"><h5><i class=\"kt-icon-minus primary-color\"><\/i><i class=\"kt-icon-plus\"><\/i>Die f\u00fcnf Varianten des AV110 - Bestellcodes<\/h5><\/a><\/div><div id=\"collapse5380\" class=\"panel-collapse collapse \"><div class=\"panel-body postclass\">\n<ul>\n<li><strong>AV110<\/strong> - Serie im D-A, D-AX, U-B, U-A und U-AX (Systeml\u00e4nge Kamera und Objektiv max. 170 mm)<\/li>\n<li><strong>AV110-D<\/strong> *\u00a0 F\u00fcr den Einsatz von Kameras bei denen das Stativgewinde nicht direkt unter dem Okjektiv ist, sondern seitlich versetzt. In der Regel sind dieses mittelgro\u00dfe Digitalkameras. Dieser Adapter wurde fr\u00fcher serienm\u00e4ssig mit dem ewa-marine D-A und D-AX ausgeliefert. *<\/li>\n<li><strong>AV110-P<\/strong> - F\u00fcr den Einsatz von Kameras mit gro\u00dfem Unterbau (z.B. der Canon EOS1 oder der Nikon F5) in dem ewa-marine U-AXP und U-BXP Geh\u00e4use (Systeml\u00e4nge Kamera und Objektiv max.170 mm)<\/li>\n<li><strong>AV110-L<\/strong> - F\u00fcr den Einsatz von Kameras mit langem Zoom (z.B. 300mm Brennweite) im ewa-marine U-AZ und U-BZ Geh\u00e4use (Systeml\u00e4nge Kamera und Objektiv 170 bis 230 mm)<\/li>\n<li><strong>AV110-V<\/strong> - F\u00fcr den Einsatz bei einigen Videokameras \/ Camcordern die nicht \u00fcber ein Filtergewinde verf\u00fcgen und in einem der ewa-marine Regencapes eingesetzt werden sollen.<\/li>\n<\/ul>\n<p>Der AV110 ist eine Weiterentwicklung des AV100. Geh\u00e4use die f\u00fcr das AV100 ausgelegt sind, k\u00f6nnen ebenso mit dem AV110 genutzt werden. Geh\u00e4use, die f\u00fcr das \u00e4ltere Vorg\u00e4ngermodell AV90 ausgelegt sind, k\u00f6nnen hingegen nur mit diesem genutzt werden (AV90 sind als Ersatzteile weiterhin erh\u00e4ltlich).<\/p>\n<p>* Bitte beachten Sie, dass dieses Produkt aufgrund sinkender Nachfrage nicht mehr angeboten wird. Erkundigen Sie sich bei Ihrem H\u00e4ndler, ob er noch Lagerbest\u00e4nde hat.<\/p>\n<\/div><\/div><\/div><\/div>\n\n<\/div><\/div><div id=\"panel-417-0-1-2\" class=\"so-panel widget widget_black-studio-tinymce widget_black_studio_tinymce\" data-index=\"4\" ><div class=\"textwidget\">\n<div class=\"panel-group\" id=\"accordionname346\"><div class=\"panel panel-default\"><div class=\"panel-heading\"><a class=\"accordion-toggle collapsed\" data-toggle=\"collapse\" data-parent=\"#accordionname346\" href=\"#collapse3460\"><h5><i class=\"kt-icon-minus primary-color\"><\/i><i class=\"kt-icon-plus\"><\/i>Skizze<\/h5><\/a><\/div><div id=\"collapse3460\" class=\"panel-collapse collapse \"><div class=\"panel-body postclass\"> <a href=\"https:\/\/ewa-marine.com\/wp-content\/uploads\/2015\/07\/Sketch-adapter.gif\"><img loading=\"lazy\" decoding=\"async\" class=\"alignnone size-medium wp-image-399\" src=\"https:\/\/ewa-marine.com\/wp-content\/uploads\/2015\/07\/Sketch-adapter-185x300.gif\" alt=\"Sketch adapter\" width=\"185\" height=\"300\" \/><\/a><br \/> 1. kurze Distanzplatte<br \/> 2. lange Distanzplatte<br \/> 3. gewinkelte Distanzplatte<br \/> 4. Bodenplatte<br \/> 5. Frontring<br \/> 6. Stativschraube<br \/> 7. Verbindungsschraube<br \/> mit Unterlegscheibe<br \/> 8. zwei Verbindungsst\u00e4be<\/p>\n<p>Bemerkung:<\/p>\n<p>Die Skizze ist eine Darstellung des AV110. Der AV110-P (wie er f\u00fcr das ewa-marine U-AXP vorgesehen ist) und der AV110-L (f\u00fcr das ewa-marine U-AZ) enthalten andere und \/ oder zus\u00e4tzliche Distanzplatten, um die entsprechenden Kameras in den jeweiligen Geh\u00e4usen unterzubringen.<\/p>\n<\/div><\/div><\/div><\/div>\n\n<\/div><\/div><div id=\"panel-417-0-1-3\" class=\"so-panel widget widget_black-studio-tinymce widget_black_studio_tinymce panel-last-child\" data-index=\"5\" ><div class=\"textwidget\">\n<div class=\"panel-group\" id=\"accordionname220\"><div class=\"panel panel-default\"><div class=\"panel-heading\"><a class=\"accordion-toggle collapsed\" data-toggle=\"collapse\" data-parent=\"#accordionname220\" href=\"#collapse2200\"><h5><i class=\"kt-icon-minus primary-color\"><\/i><i class=\"kt-icon-plus\"><\/i>Montageanleitung<\/h5><\/a><\/div><div id=\"collapse2200\" class=\"panel-collapse collapse \"><div class=\"panel-body postclass\">\n<p>Montieren Sie den Frontring so, da\u00df der Mittelpunkt der Objektivlinse auf dem Mittelpunkt des Frontrings liegt. Benutzen Sie diesen Montagevorschlag oder \u00e4ndern Sie die Anordnung der Platten je nach Bedarf. Achten Sie bei au\u00dfenfokussierenden Objektiven darauf, dass Sie gen\u00fcgend Platz zur Frontscheibe lassen, damit der Autofokus ohne Probleme arbeiten kann. Dieser Abstand kann je nach Objektivtyp 0,5 bis 2 cm betragen. Hier einige Montagem\u00f6glichkeiten:<\/p>\n<p><a href=\"https:\/\/ewa-marine.com\/wp-content\/uploads\/2015\/07\/assembly-instructions.gif\"><img loading=\"lazy\" decoding=\"async\" class=\"alignnone size-full wp-image-402\" src=\"https:\/\/ewa-marine.com\/wp-content\/uploads\/2015\/07\/assembly-instructions.gif\" alt=\"assembly instructions\" width=\"142\" height=\"100\" \/><\/a><a href=\"https:\/\/ewa-marine.com\/wp-content\/uploads\/2015\/07\/assembly-instructions-2.gif\"><img loading=\"lazy\" decoding=\"async\" class=\"alignnone size-full wp-image-405\" src=\"https:\/\/ewa-marine.com\/wp-content\/uploads\/2015\/07\/assembly-instructions-2.gif\" alt=\"assembly instructions 2\" width=\"177\" height=\"100\" \/><\/a><a href=\"https:\/\/ewa-marine.com\/wp-content\/uploads\/2015\/07\/assembly-instructions-3.gif\"><img loading=\"lazy\" decoding=\"async\" class=\"alignnone size-full wp-image-408\" src=\"https:\/\/ewa-marine.com\/wp-content\/uploads\/2015\/07\/assembly-instructions-3.gif\" alt=\"assembly instructions 3\" width=\"143\" height=\"100\" \/><\/a><\/p>\n<\/div><\/div><\/div><\/div>\n\n<\/div><\/div><\/div><\/div><\/div><\/div>","protected":false},"excerpt":{"rendered":"<p>ewa-marine AV110 Autofokus-Adapter &#8211; bildet eine feste Verbindung zwischen dem Stativgewinde der Kamera und dem optischen Frontglas des Geh\u00e4uses Bestellcode: sehen Sie unten unter &#8222;Varianten des AV110&#8220; &nbsp; Der AV110 wurde von uns f\u00fcr den Einsatz von Autofokus-Objektiven in den Produkten der U-A.. Serie entwickelt. Der AV110 bildet die feste Verbindung zwischen dem Stativgewinde der Kamera und dem optischen Frontglas des Geh\u00e4uses. Dadurch wird gew\u00e4hrleistet, dass sich das Objektiv beim Fokussieren in der L\u00e4nge regulieren kann, ohne gegen den Widerstand &hellip; <a href=\"https:\/\/ewa-marine.com\/de\/products\/zubehoer\/av110\/\">Weiterlesen<\/a><\/p>\n","protected":false},"author":2,"featured_media":562,"parent":604,"menu_order":0,"comment_status":"closed","ping_status":"closed","template":"","meta":{"kt_blocks_editor_width":"","footnotes":""},"class_list":["post-417","page","type-page","status-publish","has-post-thumbnail","hentry"],"yoast_head":"<!-- This site is optimized with the Yoast SEO plugin v27.3 - https:\/\/yoast.com\/product\/yoast-seo-wordpress\/ -->\n<title>ewa-marine AV110 Autofokusadapter<\/title>\n<meta name=\"description\" content=\"Der AV110 Autofokusadapter bildet die feste Verbindung zwischen dem Stativgewinde der Kamera und dem optischen Frontglas des ewa-marine Geh\u00e4uses oder Capes\" \/>\n<meta name=\"robots\" content=\"index, follow, max-snippet:-1, max-image-preview:large, max-video-preview:-1\" \/>\n<link rel=\"canonical\" href=\"https:\/\/ewa-marine.com\/de\/products\/zubehoer\/av110\/\" \/>\n<meta property=\"og:locale\" content=\"de_DE\" \/>\n<meta property=\"og:type\" content=\"article\" \/>\n<meta property=\"og:title\" content=\"ewa-marine AV110 Autofokusadapter\" \/>\n<meta property=\"og:description\" content=\"Der AV110 Autofokusadapter bildet die feste Verbindung zwischen dem Stativgewinde der Kamera und dem optischen Frontglas des ewa-marine Geh\u00e4uses oder Capes\" \/>\n<meta property=\"og:url\" content=\"https:\/\/ewa-marine.com\/de\/products\/zubehoer\/av110\/\" \/>\n<meta property=\"og:site_name\" content=\"ewa-marine\" \/>\n<meta property=\"article:publisher\" content=\"https:\/\/www.facebook.com\/ewa-marine\" \/>\n<meta property=\"article:modified_time\" content=\"2020-07-02T09:11:33+00:00\" \/>\n<meta property=\"og:image\" content=\"https:\/\/ewa-marine.com\/wp-content\/uploads\/2015\/07\/AV110-200x200.jpg\" \/>\n\t<meta property=\"og:image:width\" content=\"200\" \/>\n\t<meta property=\"og:image:height\" content=\"200\" \/>\n\t<meta property=\"og:image:type\" content=\"image\/jpeg\" \/>\n<meta name=\"twitter:card\" content=\"summary_large_image\" \/>\n<meta name=\"twitter:site\" content=\"@ewa_marine\" \/>\n<meta name=\"twitter:label1\" content=\"Gesch\u00e4tzte Lesezeit\" \/>\n\t<meta name=\"twitter:data1\" content=\"2\u00a0Minuten\" \/>\n<script type=\"application\/ld+json\" class=\"yoast-schema-graph\">{\"@context\":\"https:\\\/\\\/schema.org\",\"@graph\":[{\"@type\":\"WebPage\",\"@id\":\"https:\\\/\\\/ewa-marine.com\\\/de\\\/products\\\/zubehoer\\\/av110\\\/\",\"url\":\"https:\\\/\\\/ewa-marine.com\\\/de\\\/products\\\/zubehoer\\\/av110\\\/\",\"name\":\"ewa-marine AV110 Autofokusadapter\",\"isPartOf\":{\"@id\":\"https:\\\/\\\/ewa-marine.com\\\/de\\\/#website\"},\"primaryImageOfPage\":{\"@id\":\"https:\\\/\\\/ewa-marine.com\\\/de\\\/products\\\/zubehoer\\\/av110\\\/#primaryimage\"},\"image\":{\"@id\":\"https:\\\/\\\/ewa-marine.com\\\/de\\\/products\\\/zubehoer\\\/av110\\\/#primaryimage\"},\"thumbnailUrl\":\"https:\\\/\\\/ewa-marine.com\\\/wp-content\\\/uploads\\\/2015\\\/07\\\/AV110-200x200.jpg\",\"datePublished\":\"2015-07-08T09:21:21+00:00\",\"dateModified\":\"2020-07-02T09:11:33+00:00\",\"description\":\"Der AV110 Autofokusadapter bildet die feste Verbindung zwischen dem Stativgewinde der Kamera und dem optischen Frontglas des ewa-marine Geh\u00e4uses oder Capes\",\"breadcrumb\":{\"@id\":\"https:\\\/\\\/ewa-marine.com\\\/de\\\/products\\\/zubehoer\\\/av110\\\/#breadcrumb\"},\"inLanguage\":\"de\",\"potentialAction\":[{\"@type\":\"ReadAction\",\"target\":[\"https:\\\/\\\/ewa-marine.com\\\/de\\\/products\\\/zubehoer\\\/av110\\\/\"]}]},{\"@type\":\"ImageObject\",\"inLanguage\":\"de\",\"@id\":\"https:\\\/\\\/ewa-marine.com\\\/de\\\/products\\\/zubehoer\\\/av110\\\/#primaryimage\",\"url\":\"https:\\\/\\\/ewa-marine.com\\\/wp-content\\\/uploads\\\/2015\\\/07\\\/AV110-200x200.jpg\",\"contentUrl\":\"https:\\\/\\\/ewa-marine.com\\\/wp-content\\\/uploads\\\/2015\\\/07\\\/AV110-200x200.jpg\",\"width\":200,\"height\":200},{\"@type\":\"BreadcrumbList\",\"@id\":\"https:\\\/\\\/ewa-marine.com\\\/de\\\/products\\\/zubehoer\\\/av110\\\/#breadcrumb\",\"itemListElement\":[{\"@type\":\"ListItem\",\"position\":1,\"name\":\"Startseite\",\"item\":\"https:\\\/\\\/www.ewa-marine.de\\\/\"},{\"@type\":\"ListItem\",\"position\":2,\"name\":\"Produkte\",\"item\":\"https:\\\/\\\/www.ewa-marine.de\\\/products\\\/\"},{\"@type\":\"ListItem\",\"position\":3,\"name\":\"Zubeh\u00f6r\",\"item\":\"https:\\\/\\\/www.ewa-marine.de\\\/products\\\/zubehoer\\\/\"},{\"@type\":\"ListItem\",\"position\":4,\"name\":\"AV110 Adapter\"}]},{\"@type\":\"WebSite\",\"@id\":\"https:\\\/\\\/ewa-marine.com\\\/de\\\/#website\",\"url\":\"https:\\\/\\\/ewa-marine.com\\\/de\\\/\",\"name\":\"ewa-marine\",\"description\":\"Capture the Extreme !\",\"potentialAction\":[{\"@type\":\"SearchAction\",\"target\":{\"@type\":\"EntryPoint\",\"urlTemplate\":\"https:\\\/\\\/ewa-marine.com\\\/de\\\/?s={search_term_string}\"},\"query-input\":{\"@type\":\"PropertyValueSpecification\",\"valueRequired\":true,\"valueName\":\"search_term_string\"}}],\"inLanguage\":\"de\"}]}<\/script>\n<!-- \/ Yoast SEO plugin. -->","yoast_head_json":{"title":"ewa-marine AV110 Autofokusadapter","description":"Der AV110 Autofokusadapter bildet die feste Verbindung zwischen dem Stativgewinde der Kamera und dem optischen Frontglas des ewa-marine Geh\u00e4uses oder Capes","robots":{"index":"index","follow":"follow","max-snippet":"max-snippet:-1","max-image-preview":"max-image-preview:large","max-video-preview":"max-video-preview:-1"},"canonical":"https:\/\/ewa-marine.com\/de\/products\/zubehoer\/av110\/","og_locale":"de_DE","og_type":"article","og_title":"ewa-marine AV110 Autofokusadapter","og_description":"Der AV110 Autofokusadapter bildet die feste Verbindung zwischen dem Stativgewinde der Kamera und dem optischen Frontglas des ewa-marine Geh\u00e4uses oder Capes","og_url":"https:\/\/ewa-marine.com\/de\/products\/zubehoer\/av110\/","og_site_name":"ewa-marine","article_publisher":"https:\/\/www.facebook.com\/ewa-marine","article_modified_time":"2020-07-02T09:11:33+00:00","og_image":[{"width":200,"height":200,"url":"https:\/\/ewa-marine.com\/wp-content\/uploads\/2015\/07\/AV110-200x200.jpg","type":"image\/jpeg"}],"twitter_card":"summary_large_image","twitter_site":"@ewa_marine","twitter_misc":{"Gesch\u00e4tzte Lesezeit":"2\u00a0Minuten"},"schema":{"@context":"https:\/\/schema.org","@graph":[{"@type":"WebPage","@id":"https:\/\/ewa-marine.com\/de\/products\/zubehoer\/av110\/","url":"https:\/\/ewa-marine.com\/de\/products\/zubehoer\/av110\/","name":"ewa-marine AV110 Autofokusadapter","isPartOf":{"@id":"https:\/\/ewa-marine.com\/de\/#website"},"primaryImageOfPage":{"@id":"https:\/\/ewa-marine.com\/de\/products\/zubehoer\/av110\/#primaryimage"},"image":{"@id":"https:\/\/ewa-marine.com\/de\/products\/zubehoer\/av110\/#primaryimage"},"thumbnailUrl":"https:\/\/ewa-marine.com\/wp-content\/uploads\/2015\/07\/AV110-200x200.jpg","datePublished":"2015-07-08T09:21:21+00:00","dateModified":"2020-07-02T09:11:33+00:00","description":"Der AV110 Autofokusadapter bildet die feste Verbindung zwischen dem Stativgewinde der Kamera und dem optischen Frontglas des ewa-marine Geh\u00e4uses oder Capes","breadcrumb":{"@id":"https:\/\/ewa-marine.com\/de\/products\/zubehoer\/av110\/#breadcrumb"},"inLanguage":"de","potentialAction":[{"@type":"ReadAction","target":["https:\/\/ewa-marine.com\/de\/products\/zubehoer\/av110\/"]}]},{"@type":"ImageObject","inLanguage":"de","@id":"https:\/\/ewa-marine.com\/de\/products\/zubehoer\/av110\/#primaryimage","url":"https:\/\/ewa-marine.com\/wp-content\/uploads\/2015\/07\/AV110-200x200.jpg","contentUrl":"https:\/\/ewa-marine.com\/wp-content\/uploads\/2015\/07\/AV110-200x200.jpg","width":200,"height":200},{"@type":"BreadcrumbList","@id":"https:\/\/ewa-marine.com\/de\/products\/zubehoer\/av110\/#breadcrumb","itemListElement":[{"@type":"ListItem","position":1,"name":"Startseite","item":"https:\/\/www.ewa-marine.de\/"},{"@type":"ListItem","position":2,"name":"Produkte","item":"https:\/\/www.ewa-marine.de\/products\/"},{"@type":"ListItem","position":3,"name":"Zubeh\u00f6r","item":"https:\/\/www.ewa-marine.de\/products\/zubehoer\/"},{"@type":"ListItem","position":4,"name":"AV110 Adapter"}]},{"@type":"WebSite","@id":"https:\/\/ewa-marine.com\/de\/#website","url":"https:\/\/ewa-marine.com\/de\/","name":"ewa-marine","description":"Capture the Extreme !","potentialAction":[{"@type":"SearchAction","target":{"@type":"EntryPoint","urlTemplate":"https:\/\/ewa-marine.com\/de\/?s={search_term_string}"},"query-input":{"@type":"PropertyValueSpecification","valueRequired":true,"valueName":"search_term_string"}}],"inLanguage":"de"}]}},"_links":{"self":[{"href":"https:\/\/ewa-marine.com\/de\/wp-json\/wp\/v2\/pages\/417","targetHints":{"allow":["GET"]}}],"collection":[{"href":"https:\/\/ewa-marine.com\/de\/wp-json\/wp\/v2\/pages"}],"about":[{"href":"https:\/\/ewa-marine.com\/de\/wp-json\/wp\/v2\/types\/page"}],"author":[{"embeddable":true,"href":"https:\/\/ewa-marine.com\/de\/wp-json\/wp\/v2\/users\/2"}],"replies":[{"embeddable":true,"href":"https:\/\/ewa-marine.com\/de\/wp-json\/wp\/v2\/comments?post=417"}],"version-history":[{"count":2,"href":"https:\/\/ewa-marine.com\/de\/wp-json\/wp\/v2\/pages\/417\/revisions"}],"predecessor-version":[{"id":33583,"href":"https:\/\/ewa-marine.com\/de\/wp-json\/wp\/v2\/pages\/417\/revisions\/33583"}],"up":[{"embeddable":true,"href":"https:\/\/ewa-marine.com\/de\/wp-json\/wp\/v2\/pages\/604"}],"wp:featuredmedia":[{"embeddable":true,"href":"https:\/\/ewa-marine.com\/de\/wp-json\/wp\/v2\/media\/562"}],"wp:attachment":[{"href":"https:\/\/ewa-marine.com\/de\/wp-json\/wp\/v2\/media?parent=417"}],"curies":[{"name":"wp","href":"https:\/\/api.w.org\/{rel}","templated":true}]}}