{"id":447,"date":"2015-07-08T11:26:02","date_gmt":"2015-07-08T10:26:02","guid":{"rendered":"http:\/\/de.dicapac.de\/?page_id=447"},"modified":"2019-01-30T09:46:59","modified_gmt":"2019-01-30T08:46:59","slug":"ca-adapter","status":"publish","type":"page","link":"https:\/\/ewa-marine.com\/de\/products\/zubehoer\/ca-adapter\/","title":{"rendered":"CA Adapter"},"content":{"rendered":"<div id=\"pl-447\"  class=\"panel-layout\" ><div id=\"pg-447-0\"  class=\"panel-grid panel-has-style\" ><div class=\"panel-widget-style panel-row-style panel-row-style-for-447-0\" ><div id=\"pgc-447-0-0\"  class=\"panel-grid-cell\" ><div id=\"panel-447-0-0-0\" class=\"so-panel widget widget_kadence_simple_image kadence_simple_image panel-first-child\" data-index=\"0\" ><div class=\"kad_img_upload_widget  kt-shape-type- kt-image-align-center kt-image-widget-widget-0-0-0\"><a href=\"https:\/\/ewa-marine.com\/wp-content\/uploads\/2015\/07\/C-A67-200x150.jpg\" rel=\"lightbox\"><div class=\"kt-image-contain  \"><div class=\"kt-image-inner-contain\"><img decoding=\"async\" src=\"https:\/\/ewa-marine.com\/wp-content\/uploads\/2015\/07\/C-A67-200x150.jpg\"><\/div><\/div><\/a><div class=\"kadence_image_widget_caption\">CA-67<\/div><\/div><\/div><div id=\"panel-447-0-0-1\" class=\"so-panel widget widget_kadence_simple_image kadence_simple_image\" data-index=\"1\" ><div class=\"kad_img_upload_widget  kt-shape-type- kt-image-align-center kt-image-widget-widget-0-0-1\"><a href=\"https:\/\/ewa-marine.com\/wp-content\/uploads\/2015\/07\/CAF-Ringadapter-200x200.jpg\" rel=\"lightbox\"><div class=\"kt-image-contain  \"><div class=\"kt-image-inner-contain\"><img decoding=\"async\" src=\"https:\/\/ewa-marine.com\/wp-content\/uploads\/2015\/07\/CAF-Ringadapter-200x200.jpg\"><\/div><\/div><\/a><div class=\"kadence_image_widget_caption\">CA Adapter Set<\/div><\/div><\/div><div id=\"panel-447-0-0-2\" class=\"so-panel widget widget_black-studio-tinymce widget_black_studio_tinymce panel-last-child\" data-index=\"2\" ><div class=\"textwidget\"><table border=\"0\" width=\"220\" cellpadding=\"5\" align=\"left\"><tbody><tr><td width=\"270\"><img loading=\"lazy\" decoding=\"async\" class=\"alignnone wp-image-227 size-full\" src=\"https:\/\/ewa-marine.com\/wp-content\/uploads\/2015\/07\/made-in-Germany-100x50.gif\" alt=\"ewa-marine, made in Germany since 1947\" width=\"100\" height=\"50\" \/><\/td><td width=\"100\">\u00a0<\/td><\/tr><\/tbody><\/table><\/div><\/div><\/div><div id=\"pgc-447-0-1\"  class=\"panel-grid-cell\" ><div id=\"panel-447-0-1-0\" class=\"so-panel widget widget_black-studio-tinymce widget_black_studio_tinymce panel-first-child\" data-index=\"3\" ><div class=\"panel-widget-style panel-widget-style-for-447-0-1-0\" ><div class=\"textwidget\"><h1 class=\"bodytext\">ewa-marine CA Adapter-System<\/h1>\n<h2 class=\"bodytext\">- verbindet die Kamera fest mit dem Frontglas des Geh\u00e4uses<\/h2>\n<h6>Bestellcode: Sehen Sie unter \"verschiedene Varianten\"<\/h6>\n<p>\u00a0<\/p>\n<p>Mit dem <strong>CA Adapter<\/strong> kann das Objektiv Ihrer Kamera fest mit dem Frontglas des Geh\u00e4uses verbunden werden. So wird sichergestellt, dass die beiden Oberfl\u00e4chen immer parallel verlaufen und das Frontglas des Geh\u00e4uses wie ein klares, optisches Filterglas wirkt.<\/p>\n<p>\u00a0<\/p>\n<\/div><\/div><\/div><div id=\"panel-447-0-1-1\" class=\"so-panel widget widget_black-studio-tinymce widget_black_studio_tinymce\" data-index=\"4\" ><div class=\"textwidget\">\n<div class=\"panel-group\" id=\"accordionname106\"><div class=\"panel panel-default\"><div class=\"panel-heading\"><a class=\"accordion-toggle collapsed\" data-toggle=\"collapse\" data-parent=\"#accordionname106\" href=\"#collapse1060\"><h5><i class=\"kt-icon-minus primary-color\"><\/i><i class=\"kt-icon-plus\"><\/i>Beschreibung<\/h5><\/a><\/div><div id=\"collapse1060\" class=\"panel-collapse collapse \"><div class=\"panel-body postclass\">\n<p class=\"bodytext\">Das CA-System besteht aus einem Filterring und dem Klemmring.<\/p>\n<p class=\"bodytext\">Bei Videogeh\u00e4usen finden Sie in der Regel den passenden Filterring im Lieferumfang. Leider k\u00f6nnen wir nicht alle auf dem Markt vorhandenen Gr\u00f6\u00dfen mitliefern und m\u00fcssen uns hier auf die g\u00e4ngigsten Gr\u00f6\u00dfen beschr\u00e4nken. Sollte Ihre Gr\u00f6\u00dfe im Lieferumfang nicht enthalten sein, m\u00f6chten wir Sie bitten, \u00fcber Ihren Fachh\u00e4ndler einen passenden Reduzieradapter zu bestellen (z.B. bei der Firma HAMA).<\/p>\n<p class=\"bodytext\">Bei den Produkten der U-F.. Serie sowie bei Nachbestellungen des CAF-Systems erhalten Sie neben dem Klemmring noch Filterringe in folgenden Gewindegr\u00f6\u00dfen:<\/p>\n<p class=\"align-center\"><strong>49, 52, 55, 58 und 62mm<\/strong><\/p>\n<p class=\"bodytext\">Die Filterringe mit den Gr\u00f6\u00dfen 67mm und 72mm k\u00f6nnen einzeln bestellt werden.<\/p>\n<\/div><\/div><\/div><\/div>\n\n<\/div><\/div><div id=\"panel-447-0-1-2\" class=\"so-panel widget widget_black-studio-tinymce widget_black_studio_tinymce\" data-index=\"5\" ><div class=\"textwidget\">\n<div class=\"panel-group\" id=\"accordionname639\"><div class=\"panel panel-default\"><div class=\"panel-heading\"><a class=\"accordion-toggle collapsed\" data-toggle=\"collapse\" data-parent=\"#accordionname639\" href=\"#collapse6390\"><h5><i class=\"kt-icon-minus primary-color\"><\/i><i class=\"kt-icon-plus\"><\/i>Montageanleitung<\/h5><\/a><\/div><div id=\"collapse6390\" class=\"panel-collapse collapse \"><div class=\"panel-body postclass\"> Schrauben Sie den passenden Filterring auf Ihre Kamera und setzen Sie dann den Klemmring wie oben gezeigt dar\u00fcber. Die Kamera kann nun mit einem sanften Druck mit dem Frontglas verbunden werden.<br \/><\/div><\/div><\/div><\/div>\n\n<\/div><\/div><div id=\"panel-447-0-1-3\" class=\"so-panel widget widget_black-studio-tinymce widget_black_studio_tinymce panel-last-child\" data-index=\"6\" ><div class=\"textwidget\">\n<div class=\"panel-group\" id=\"accordionname113\"><div class=\"panel panel-default\"><div class=\"panel-heading\"><a class=\"accordion-toggle collapsed\" data-toggle=\"collapse\" data-parent=\"#accordionname113\" href=\"#collapse1130\"><h5><i class=\"kt-icon-minus primary-color\"><\/i><i class=\"kt-icon-plus\"><\/i>Verschiedene Varianten des CA Adapters<\/h5><\/a><\/div><div id=\"collapse1130\" class=\"panel-collapse collapse \"><div class=\"panel-body postclass\">\n<p><strong>Bestellcodes<\/strong>:<\/p>\n<p><strong>CA-Set<\/strong> CA set f\u00fcr Filtergewinde 49, 52, 55, 58, 62 mm Durchmesser<\/p>\n<p><strong>CA-49 <\/strong> CA Ring f\u00fcr Filtergewinde, Durchmesser: 49 mm<\/p>\n<p><strong>CA-52<\/strong> CA Ring f\u00fcr Filtergewinde, Durchmesser: 52 mm<\/p>\n<p><strong>CA-55<\/strong> CA Ring f\u00fcr Filtergewinde, Durchmesser: 55 mm<\/p>\n<p><strong>CA-58<\/strong> CA Ring f\u00fcr Filtergewinde, Durchmesser: 58 mm<\/p>\n<p><strong>CA-62<\/strong> CA Ring f\u00fcr Filtergewinde, Durchmesser: 62 mm<\/p>\n<p><strong>CA-67<\/strong> CA Ring f\u00fcr Filtergewinde, Durchmesser: 67 mm<\/p>\n<p><strong>CA-72<\/strong> CA Ring f\u00fcr Filtergewinde, Durchmesser: 72 mm*<\/p>\n<p><strong>CA-77<\/strong> CA Ring f\u00fcr Filtergewinde, Durchmesser: 77 mm**<\/p>\n<p>*(seit Januar 2019 nicht mehr lieferbar, bitte benutzen Sie CA-82 + Reduzieradapter RA72-82)<\/p>\n<p>**(seit September 2017 nicht mehr lieferbar, bitte benutzen Sie CA-82 + Reduzieradapter RA77-82)<\/p>\n<p><strong>CA-82<\/strong> CA Ring f\u00fcr Filtergewinde, Durchmesser: 82 mm<br \/>\n<\/div><\/div><\/div><\/div>\n\n<\/div><\/div><\/div><\/div><\/div><\/div>","protected":false},"excerpt":{"rendered":"<p>\u00a0 ewa-marine CA Adapter-System- verbindet die Kamera fest mit dem Frontglas des Geh\u00e4usesBestellcode: Sehen Sie unter &#8222;verschiedene Varianten&#8220;\u00a0Mit dem CA Adapter kann das Objektiv Ihrer Kamera fest mit dem Frontglas des Geh\u00e4uses verbunden werden. So wird sichergestellt, dass die beiden Oberfl\u00e4chen immer parallel verlaufen und das Frontglas des Geh\u00e4uses wie ein klares, optisches Filterglas wirkt.\u00a0<\/p>\n","protected":false},"author":2,"featured_media":813,"parent":604,"menu_order":2,"comment_status":"closed","ping_status":"closed","template":"","meta":{"kt_blocks_editor_width":"","footnotes":""},"class_list":["post-447","page","type-page","status-publish","has-post-thumbnail","hentry"],"yoast_head":"<!-- This site is optimized with the Yoast SEO plugin v27.6 - https:\/\/yoast.com\/product\/yoast-seo-wordpress\/ -->\n<title>CA Adapter - ewa-marine<\/title>\n<meta name=\"description\" content=\"Mit dem CA Adapter kann das Objektiv Ihrer Kamera fest mit dem Frontglas des Geh\u00e4uses verbunden werden.\" \/>\n<meta name=\"robots\" content=\"index, follow, max-snippet:-1, max-image-preview:large, max-video-preview:-1\" \/>\n<link rel=\"canonical\" href=\"https:\/\/ewa-marine.com\/de\/products\/zubehoer\/ca-adapter\/\" \/>\n<meta property=\"og:locale\" content=\"de_DE\" \/>\n<meta property=\"og:type\" content=\"article\" \/>\n<meta property=\"og:title\" content=\"CA Adapter - ewa-marine\" \/>\n<meta property=\"og:description\" content=\"Mit dem CA Adapter kann das Objektiv Ihrer Kamera fest mit dem Frontglas des Geh\u00e4uses verbunden werden.\" \/>\n<meta property=\"og:url\" content=\"https:\/\/ewa-marine.com\/de\/products\/zubehoer\/ca-adapter\/\" \/>\n<meta property=\"og:site_name\" content=\"ewa-marine\" \/>\n<meta property=\"article:publisher\" content=\"https:\/\/www.facebook.com\/ewa-marine\" \/>\n<meta property=\"article:modified_time\" content=\"2019-01-30T08:46:59+00:00\" \/>\n<meta property=\"og:image\" content=\"https:\/\/i0.wp.com\/www.ewa-marine.de\/wp-content\/uploads\/2015\/07\/CAF-Ringadapter-200x200.jpg?fit=200%2C200&ssl=1\" \/>\n\t<meta property=\"og:image:width\" content=\"200\" \/>\n\t<meta property=\"og:image:height\" content=\"200\" \/>\n\t<meta property=\"og:image:type\" content=\"image\/jpeg\" \/>\n<meta name=\"twitter:card\" content=\"summary_large_image\" \/>\n<meta name=\"twitter:site\" content=\"@ewa_marine\" \/>\n<meta name=\"twitter:label1\" content=\"Gesch\u00e4tzte Lesezeit\" \/>\n\t<meta name=\"twitter:data1\" content=\"2\u00a0Minuten\" \/>\n<script type=\"application\/ld+json\" class=\"yoast-schema-graph\">{\"@context\":\"https:\\\/\\\/schema.org\",\"@graph\":[{\"@type\":\"WebPage\",\"@id\":\"https:\\\/\\\/ewa-marine.com\\\/de\\\/products\\\/zubehoer\\\/ca-adapter\\\/\",\"url\":\"https:\\\/\\\/ewa-marine.com\\\/de\\\/products\\\/zubehoer\\\/ca-adapter\\\/\",\"name\":\"CA Adapter - ewa-marine\",\"isPartOf\":{\"@id\":\"https:\\\/\\\/ewa-marine.com\\\/de\\\/#website\"},\"primaryImageOfPage\":{\"@id\":\"https:\\\/\\\/ewa-marine.com\\\/de\\\/products\\\/zubehoer\\\/ca-adapter\\\/#primaryimage\"},\"image\":{\"@id\":\"https:\\\/\\\/ewa-marine.com\\\/de\\\/products\\\/zubehoer\\\/ca-adapter\\\/#primaryimage\"},\"thumbnailUrl\":\"https:\\\/\\\/ewa-marine.com\\\/wp-content\\\/uploads\\\/2015\\\/07\\\/CAF-Ringadapter-200x200.jpg\",\"datePublished\":\"2015-07-08T10:26:02+00:00\",\"dateModified\":\"2019-01-30T08:46:59+00:00\",\"description\":\"Mit dem CA Adapter kann das Objektiv Ihrer Kamera fest mit dem Frontglas des Geh\u00e4uses verbunden werden.\",\"breadcrumb\":{\"@id\":\"https:\\\/\\\/ewa-marine.com\\\/de\\\/products\\\/zubehoer\\\/ca-adapter\\\/#breadcrumb\"},\"inLanguage\":\"de\",\"potentialAction\":[{\"@type\":\"ReadAction\",\"target\":[\"https:\\\/\\\/ewa-marine.com\\\/de\\\/products\\\/zubehoer\\\/ca-adapter\\\/\"]}]},{\"@type\":\"ImageObject\",\"inLanguage\":\"de\",\"@id\":\"https:\\\/\\\/ewa-marine.com\\\/de\\\/products\\\/zubehoer\\\/ca-adapter\\\/#primaryimage\",\"url\":\"https:\\\/\\\/ewa-marine.com\\\/wp-content\\\/uploads\\\/2015\\\/07\\\/CAF-Ringadapter-200x200.jpg\",\"contentUrl\":\"https:\\\/\\\/ewa-marine.com\\\/wp-content\\\/uploads\\\/2015\\\/07\\\/CAF-Ringadapter-200x200.jpg\",\"width\":200,\"height\":200},{\"@type\":\"BreadcrumbList\",\"@id\":\"https:\\\/\\\/ewa-marine.com\\\/de\\\/products\\\/zubehoer\\\/ca-adapter\\\/#breadcrumb\",\"itemListElement\":[{\"@type\":\"ListItem\",\"position\":1,\"name\":\"Startseite\",\"item\":\"https:\\\/\\\/www.ewa-marine.de\\\/\"},{\"@type\":\"ListItem\",\"position\":2,\"name\":\"Produkte\",\"item\":\"https:\\\/\\\/www.ewa-marine.de\\\/products\\\/\"},{\"@type\":\"ListItem\",\"position\":3,\"name\":\"Zubeh\u00f6r\",\"item\":\"https:\\\/\\\/www.ewa-marine.de\\\/products\\\/zubehoer\\\/\"},{\"@type\":\"ListItem\",\"position\":4,\"name\":\"CA Adapter\"}]},{\"@type\":\"WebSite\",\"@id\":\"https:\\\/\\\/ewa-marine.com\\\/de\\\/#website\",\"url\":\"https:\\\/\\\/ewa-marine.com\\\/de\\\/\",\"name\":\"ewa-marine\",\"description\":\"Capture the Extreme !\",\"potentialAction\":[{\"@type\":\"SearchAction\",\"target\":{\"@type\":\"EntryPoint\",\"urlTemplate\":\"https:\\\/\\\/ewa-marine.com\\\/de\\\/?s={search_term_string}\"},\"query-input\":{\"@type\":\"PropertyValueSpecification\",\"valueRequired\":true,\"valueName\":\"search_term_string\"}}],\"inLanguage\":\"de\"}]}<\/script>\n<!-- \/ Yoast SEO plugin. -->","yoast_head_json":{"title":"CA Adapter - ewa-marine","description":"Mit dem CA Adapter kann das Objektiv Ihrer Kamera fest mit dem Frontglas des Geh\u00e4uses verbunden werden.","robots":{"index":"index","follow":"follow","max-snippet":"max-snippet:-1","max-image-preview":"max-image-preview:large","max-video-preview":"max-video-preview:-1"},"canonical":"https:\/\/ewa-marine.com\/de\/products\/zubehoer\/ca-adapter\/","og_locale":"de_DE","og_type":"article","og_title":"CA Adapter - ewa-marine","og_description":"Mit dem CA Adapter kann das Objektiv Ihrer Kamera fest mit dem Frontglas des Geh\u00e4uses verbunden werden.","og_url":"https:\/\/ewa-marine.com\/de\/products\/zubehoer\/ca-adapter\/","og_site_name":"ewa-marine","article_publisher":"https:\/\/www.facebook.com\/ewa-marine","article_modified_time":"2019-01-30T08:46:59+00:00","og_image":[{"width":200,"height":200,"url":"https:\/\/i0.wp.com\/www.ewa-marine.de\/wp-content\/uploads\/2015\/07\/CAF-Ringadapter-200x200.jpg?fit=200%2C200&ssl=1","type":"image\/jpeg"}],"twitter_card":"summary_large_image","twitter_site":"@ewa_marine","twitter_misc":{"Gesch\u00e4tzte Lesezeit":"2\u00a0Minuten"},"schema":{"@context":"https:\/\/schema.org","@graph":[{"@type":"WebPage","@id":"https:\/\/ewa-marine.com\/de\/products\/zubehoer\/ca-adapter\/","url":"https:\/\/ewa-marine.com\/de\/products\/zubehoer\/ca-adapter\/","name":"CA Adapter - ewa-marine","isPartOf":{"@id":"https:\/\/ewa-marine.com\/de\/#website"},"primaryImageOfPage":{"@id":"https:\/\/ewa-marine.com\/de\/products\/zubehoer\/ca-adapter\/#primaryimage"},"image":{"@id":"https:\/\/ewa-marine.com\/de\/products\/zubehoer\/ca-adapter\/#primaryimage"},"thumbnailUrl":"https:\/\/ewa-marine.com\/wp-content\/uploads\/2015\/07\/CAF-Ringadapter-200x200.jpg","datePublished":"2015-07-08T10:26:02+00:00","dateModified":"2019-01-30T08:46:59+00:00","description":"Mit dem CA Adapter kann das Objektiv Ihrer Kamera fest mit dem Frontglas des Geh\u00e4uses verbunden werden.","breadcrumb":{"@id":"https:\/\/ewa-marine.com\/de\/products\/zubehoer\/ca-adapter\/#breadcrumb"},"inLanguage":"de","potentialAction":[{"@type":"ReadAction","target":["https:\/\/ewa-marine.com\/de\/products\/zubehoer\/ca-adapter\/"]}]},{"@type":"ImageObject","inLanguage":"de","@id":"https:\/\/ewa-marine.com\/de\/products\/zubehoer\/ca-adapter\/#primaryimage","url":"https:\/\/ewa-marine.com\/wp-content\/uploads\/2015\/07\/CAF-Ringadapter-200x200.jpg","contentUrl":"https:\/\/ewa-marine.com\/wp-content\/uploads\/2015\/07\/CAF-Ringadapter-200x200.jpg","width":200,"height":200},{"@type":"BreadcrumbList","@id":"https:\/\/ewa-marine.com\/de\/products\/zubehoer\/ca-adapter\/#breadcrumb","itemListElement":[{"@type":"ListItem","position":1,"name":"Startseite","item":"https:\/\/www.ewa-marine.de\/"},{"@type":"ListItem","position":2,"name":"Produkte","item":"https:\/\/www.ewa-marine.de\/products\/"},{"@type":"ListItem","position":3,"name":"Zubeh\u00f6r","item":"https:\/\/www.ewa-marine.de\/products\/zubehoer\/"},{"@type":"ListItem","position":4,"name":"CA Adapter"}]},{"@type":"WebSite","@id":"https:\/\/ewa-marine.com\/de\/#website","url":"https:\/\/ewa-marine.com\/de\/","name":"ewa-marine","description":"Capture the Extreme !","potentialAction":[{"@type":"SearchAction","target":{"@type":"EntryPoint","urlTemplate":"https:\/\/ewa-marine.com\/de\/?s={search_term_string}"},"query-input":{"@type":"PropertyValueSpecification","valueRequired":true,"valueName":"search_term_string"}}],"inLanguage":"de"}]}},"_links":{"self":[{"href":"https:\/\/ewa-marine.com\/de\/wp-json\/wp\/v2\/pages\/447","targetHints":{"allow":["GET"]}}],"collection":[{"href":"https:\/\/ewa-marine.com\/de\/wp-json\/wp\/v2\/pages"}],"about":[{"href":"https:\/\/ewa-marine.com\/de\/wp-json\/wp\/v2\/types\/page"}],"author":[{"embeddable":true,"href":"https:\/\/ewa-marine.com\/de\/wp-json\/wp\/v2\/users\/2"}],"replies":[{"embeddable":true,"href":"https:\/\/ewa-marine.com\/de\/wp-json\/wp\/v2\/comments?post=447"}],"version-history":[{"count":0,"href":"https:\/\/ewa-marine.com\/de\/wp-json\/wp\/v2\/pages\/447\/revisions"}],"up":[{"embeddable":true,"href":"https:\/\/ewa-marine.com\/de\/wp-json\/wp\/v2\/pages\/604"}],"wp:featuredmedia":[{"embeddable":true,"href":"https:\/\/ewa-marine.com\/de\/wp-json\/wp\/v2\/media\/813"}],"wp:attachment":[{"href":"https:\/\/ewa-marine.com\/de\/wp-json\/wp\/v2\/media?parent=447"}],"curies":[{"name":"wp","href":"https:\/\/api.w.org\/{rel}","templated":true}]}}