{"id":454,"date":"2015-07-08T12:27:45","date_gmt":"2015-07-08T11:27:45","guid":{"rendered":"http:\/\/de.dicapac.de\/?page_id=454"},"modified":"2019-02-22T10:22:09","modified_gmt":"2019-02-22T09:22:09","slug":"bf1-fotoblei","status":"publish","type":"page","link":"https:\/\/ewa-marine.com\/de\/products\/zubehoer\/bf1-fotoblei\/","title":{"rendered":"BF1 Fotoblei"},"content":{"rendered":"<div id=\"pl-454\"  class=\"panel-layout\" ><div id=\"pg-454-0\"  class=\"panel-grid panel-has-style\" ><div class=\"panel-widget-style panel-row-style panel-row-style-for-454-0\" ><div id=\"pgc-454-0-0\"  class=\"panel-grid-cell\" ><div id=\"panel-454-0-0-0\" class=\"so-panel widget widget_kadence_simple_image kadence_simple_image panel-first-child panel-last-child\" data-index=\"0\" ><div class=\"panel-widget-style panel-widget-style-for-454-0-0-0\" ><div class=\"kad_img_upload_widget  kt-shape-type-kt-image-shape-standard kt-image-align-center kt-image-widget-widget-0-0-0\"><a href=\"https:\/\/ewa-marine.com\/wp-content\/uploads\/2019\/02\/BF1-blk.png\" rel=\"lightbox\"><div class=\"kt-image-contain kt-image-shadow-none kt-image-shape-standard\"><div class=\"kt-image-inner-contain\"><img decoding=\"async\" src=\"https:\/\/ewa-marine.com\/wp-content\/uploads\/2019\/02\/BF1-blk.png\"><\/div><\/div><\/a><div class=\"kadence_image_widget_caption\">ewa-marine BF1 Fotoblei<\/div><\/div><\/div><\/div><\/div><div id=\"pgc-454-0-1\"  class=\"panel-grid-cell\" ><div id=\"panel-454-0-1-0\" class=\"so-panel widget widget_black-studio-tinymce widget_black_studio_tinymce panel-first-child\" data-index=\"1\" ><div class=\"panel-widget-style panel-widget-style-for-454-0-1-0\" ><div class=\"textwidget\"><p><a href=\"https:\/\/www.marinsolar.de\/produkt\/ewa-marine-bf1-taucherblei\/\" target=\"_blank\"><img loading=\"lazy\" decoding=\"async\" class=\"alignright wp-image-5203\" src=\"\/wp-content\/uploads\/2016\/03\/online-kaufen.png\" alt=\"Online Einkaufen bei marinSolar\" width=\"149\" height=\"50\" \/><\/a><\/p>\n<h1>ewa-marine BF1 Fotoblei<\/h1>\n<h2>- ersetzt das Schaumstoffteil im Geh\u00e4use<\/h2>\n<h6>Bestellcode: BF1<\/h6>\n<p>&nbsp;<\/p>\n<p class=\"bodytext\">Die Fotobleie haben die gleiche Form wie das Schaumstoffteil in den Geh\u00e4usen U-A, U-AX, U-AXP und U-AZ. Diese Schaumstoffteile k\u00f6nnen durch das Blei ersetzt werden.<\/p>\n<p class=\"bodytext\"><strong>Das BF1 Fotoblei ist mit Latex \u00fcberzogen und kann daher Ihre Kamera nicht verkratzen<\/strong>.<\/p>\n<p class=\"bodytext\">Bitte beachten Sie, dass sich die flexiblen Geh\u00e4use bez\u00fcglich des Wasserdrucks genauso wie der Taucher selbst verhalten. Gem\u00e4\u00df dem Gesetz von Boyle-Mariotte (Druck x Volumen = konstant) nimmt das Volumen der Luft im Geh\u00e4use (genau wie das in den Lungen, im Jacket und der Luftblasen im Neoprenanzug) mit zunehmender Tauchtiefe ab. Mit anderen Worten: Ein Geh\u00e4use, das an der Oberfl\u00e4che Auftrieb hat, ist bei einer gewissen Tauchtiefe neutral und hat danach einen gewissen Abtrieb. Dieser Punkt kann mittels der Bleie und der Luftmenge im Geh\u00e4use mit etwas \u00dcbung vor dem Tauchgang \"eingestellt\" werden.<\/p>\n<p>&nbsp;<\/p>\n<\/div><\/div><\/div><div id=\"panel-454-0-1-1\" class=\"so-panel widget widget_black-studio-tinymce widget_black_studio_tinymce panel-last-child\" data-index=\"2\" ><div class=\"textwidget\">\n<div class=\"panel-group\" id=\"accordionname346\"><div class=\"panel panel-default\"><div class=\"panel-heading\"><a class=\"accordion-toggle collapsed\" data-toggle=\"collapse\" data-parent=\"#accordionname346\" href=\"#collapse3460\"><h5><i class=\"kt-icon-minus primary-color\"><\/i><i class=\"kt-icon-plus\"><\/i>Technische Daten<\/h5><\/a><\/div><div id=\"collapse3460\" class=\"panel-collapse collapse \"><div class=\"panel-body postclass\">\n<p>L\u00e4nge:\u00a0\u00a0\u00a0 149 mm<br \/> Breite:\u00a0\u00a0\u00a0\u00a0 43 mm<br \/> H\u00f6he:\u00a0\u00a0\u00a0\u00a0\u00a0 37 mm<br \/> Gewicht:\u00a0 1,5 kg<\/p>\n<\/div><\/div><\/div><\/div>\n\n<\/div><\/div><\/div><\/div><\/div><\/div>","protected":false},"excerpt":{"rendered":"<p>ewa-marine BF1 Fotoblei &#8211; ersetzt das Schaumstoffteil im Geh\u00e4use Bestellcode: BF1 &nbsp; Die Fotobleie haben die gleiche Form wie das Schaumstoffteil in den Geh\u00e4usen U-A, U-AX, U-AXP und U-AZ. Diese Schaumstoffteile k\u00f6nnen durch das Blei ersetzt werden. Das BF1 Fotoblei ist mit Latex \u00fcberzogen und kann daher Ihre Kamera nicht verkratzen. Bitte beachten Sie, dass sich die flexiblen Geh\u00e4use bez\u00fcglich des Wasserdrucks genauso wie der Taucher selbst verhalten. Gem\u00e4\u00df dem Gesetz von Boyle-Mariotte (Druck x Volumen = konstant) nimmt das &hellip; <a href=\"https:\/\/ewa-marine.com\/de\/products\/zubehoer\/bf1-fotoblei\/\">Weiterlesen<\/a><\/p>\n","protected":false},"author":2,"featured_media":32307,"parent":604,"menu_order":7,"comment_status":"closed","ping_status":"closed","template":"","meta":{"kt_blocks_editor_width":"","footnotes":""},"class_list":["post-454","page","type-page","status-publish","has-post-thumbnail","hentry"],"yoast_head":"<!-- This site is optimized with the Yoast SEO plugin v27.3 - https:\/\/yoast.com\/product\/yoast-seo-wordpress\/ -->\n<title>ewa-marine Fotoblei BF1<\/title>\n<meta name=\"description\" content=\"Ein Geh\u00e4use, das an der Oberfl\u00e4che Auftrieb hat, hat danach einen gewissen Abtrieb. Dies Punkt kann mit dem BF1 Fotoblei &quot;eingestellt&quot; werden.\" \/>\n<meta name=\"robots\" content=\"index, follow, max-snippet:-1, max-image-preview:large, max-video-preview:-1\" \/>\n<link rel=\"canonical\" href=\"https:\/\/ewa-marine.com\/de\/products\/zubehoer\/bf1-fotoblei\/\" \/>\n<meta property=\"og:locale\" content=\"de_DE\" \/>\n<meta property=\"og:type\" content=\"article\" \/>\n<meta property=\"og:title\" content=\"ewa-marine Fotoblei BF1\" \/>\n<meta property=\"og:description\" content=\"Ein Geh\u00e4use, das an der Oberfl\u00e4che Auftrieb hat, hat danach einen gewissen Abtrieb. Dies Punkt kann mit dem BF1 Fotoblei &quot;eingestellt&quot; werden.\" \/>\n<meta property=\"og:url\" content=\"https:\/\/ewa-marine.com\/de\/products\/zubehoer\/bf1-fotoblei\/\" \/>\n<meta property=\"og:site_name\" content=\"ewa-marine\" \/>\n<meta property=\"article:publisher\" content=\"https:\/\/www.facebook.com\/ewa-marine\" \/>\n<meta property=\"article:modified_time\" content=\"2019-02-22T09:22:09+00:00\" \/>\n<meta property=\"og:image\" content=\"https:\/\/i0.wp.com\/www.ewa-marine.de\/wp-content\/uploads\/2019\/02\/BF1-blk.png?fit=1000%2C1000&ssl=1\" \/>\n\t<meta property=\"og:image:width\" content=\"1000\" \/>\n\t<meta property=\"og:image:height\" content=\"1000\" \/>\n\t<meta property=\"og:image:type\" content=\"image\/png\" \/>\n<meta name=\"twitter:card\" content=\"summary_large_image\" \/>\n<meta name=\"twitter:site\" content=\"@ewa_marine\" \/>\n<meta name=\"twitter:label1\" content=\"Gesch\u00e4tzte Lesezeit\" \/>\n\t<meta name=\"twitter:data1\" content=\"1\u00a0Minute\" \/>\n<script type=\"application\/ld+json\" class=\"yoast-schema-graph\">{\"@context\":\"https:\\\/\\\/schema.org\",\"@graph\":[{\"@type\":\"WebPage\",\"@id\":\"https:\\\/\\\/ewa-marine.com\\\/de\\\/products\\\/zubehoer\\\/bf1-fotoblei\\\/\",\"url\":\"https:\\\/\\\/ewa-marine.com\\\/de\\\/products\\\/zubehoer\\\/bf1-fotoblei\\\/\",\"name\":\"ewa-marine Fotoblei BF1\",\"isPartOf\":{\"@id\":\"https:\\\/\\\/ewa-marine.com\\\/de\\\/#website\"},\"primaryImageOfPage\":{\"@id\":\"https:\\\/\\\/ewa-marine.com\\\/de\\\/products\\\/zubehoer\\\/bf1-fotoblei\\\/#primaryimage\"},\"image\":{\"@id\":\"https:\\\/\\\/ewa-marine.com\\\/de\\\/products\\\/zubehoer\\\/bf1-fotoblei\\\/#primaryimage\"},\"thumbnailUrl\":\"https:\\\/\\\/ewa-marine.com\\\/wp-content\\\/uploads\\\/2019\\\/02\\\/BF1-blk.png\",\"datePublished\":\"2015-07-08T11:27:45+00:00\",\"dateModified\":\"2019-02-22T09:22:09+00:00\",\"description\":\"Ein Geh\u00e4use, das an der Oberfl\u00e4che Auftrieb hat, hat danach einen gewissen Abtrieb. Dies Punkt kann mit dem BF1 Fotoblei \\\"eingestellt\\\" werden.\",\"breadcrumb\":{\"@id\":\"https:\\\/\\\/ewa-marine.com\\\/de\\\/products\\\/zubehoer\\\/bf1-fotoblei\\\/#breadcrumb\"},\"inLanguage\":\"de\",\"potentialAction\":[{\"@type\":\"ReadAction\",\"target\":[\"https:\\\/\\\/ewa-marine.com\\\/de\\\/products\\\/zubehoer\\\/bf1-fotoblei\\\/\"]}]},{\"@type\":\"ImageObject\",\"inLanguage\":\"de\",\"@id\":\"https:\\\/\\\/ewa-marine.com\\\/de\\\/products\\\/zubehoer\\\/bf1-fotoblei\\\/#primaryimage\",\"url\":\"https:\\\/\\\/ewa-marine.com\\\/wp-content\\\/uploads\\\/2019\\\/02\\\/BF1-blk.png\",\"contentUrl\":\"https:\\\/\\\/ewa-marine.com\\\/wp-content\\\/uploads\\\/2019\\\/02\\\/BF1-blk.png\",\"width\":1000,\"height\":1000,\"caption\":\"ewa-marine BF1\"},{\"@type\":\"BreadcrumbList\",\"@id\":\"https:\\\/\\\/ewa-marine.com\\\/de\\\/products\\\/zubehoer\\\/bf1-fotoblei\\\/#breadcrumb\",\"itemListElement\":[{\"@type\":\"ListItem\",\"position\":1,\"name\":\"Startseite\",\"item\":\"https:\\\/\\\/www.ewa-marine.de\\\/\"},{\"@type\":\"ListItem\",\"position\":2,\"name\":\"Produkte\",\"item\":\"https:\\\/\\\/www.ewa-marine.de\\\/products\\\/\"},{\"@type\":\"ListItem\",\"position\":3,\"name\":\"Zubeh\u00f6r\",\"item\":\"https:\\\/\\\/www.ewa-marine.de\\\/products\\\/zubehoer\\\/\"},{\"@type\":\"ListItem\",\"position\":4,\"name\":\"BF1 Fotoblei\"}]},{\"@type\":\"WebSite\",\"@id\":\"https:\\\/\\\/ewa-marine.com\\\/de\\\/#website\",\"url\":\"https:\\\/\\\/ewa-marine.com\\\/de\\\/\",\"name\":\"ewa-marine\",\"description\":\"Capture the Extreme !\",\"potentialAction\":[{\"@type\":\"SearchAction\",\"target\":{\"@type\":\"EntryPoint\",\"urlTemplate\":\"https:\\\/\\\/ewa-marine.com\\\/de\\\/?s={search_term_string}\"},\"query-input\":{\"@type\":\"PropertyValueSpecification\",\"valueRequired\":true,\"valueName\":\"search_term_string\"}}],\"inLanguage\":\"de\"}]}<\/script>\n<!-- \/ Yoast SEO plugin. -->","yoast_head_json":{"title":"ewa-marine Fotoblei BF1","description":"Ein Geh\u00e4use, das an der Oberfl\u00e4che Auftrieb hat, hat danach einen gewissen Abtrieb. Dies Punkt kann mit dem BF1 Fotoblei \"eingestellt\" werden.","robots":{"index":"index","follow":"follow","max-snippet":"max-snippet:-1","max-image-preview":"max-image-preview:large","max-video-preview":"max-video-preview:-1"},"canonical":"https:\/\/ewa-marine.com\/de\/products\/zubehoer\/bf1-fotoblei\/","og_locale":"de_DE","og_type":"article","og_title":"ewa-marine Fotoblei BF1","og_description":"Ein Geh\u00e4use, das an der Oberfl\u00e4che Auftrieb hat, hat danach einen gewissen Abtrieb. Dies Punkt kann mit dem BF1 Fotoblei \"eingestellt\" werden.","og_url":"https:\/\/ewa-marine.com\/de\/products\/zubehoer\/bf1-fotoblei\/","og_site_name":"ewa-marine","article_publisher":"https:\/\/www.facebook.com\/ewa-marine","article_modified_time":"2019-02-22T09:22:09+00:00","og_image":[{"width":1000,"height":1000,"url":"https:\/\/i0.wp.com\/www.ewa-marine.de\/wp-content\/uploads\/2019\/02\/BF1-blk.png?fit=1000%2C1000&ssl=1","type":"image\/png"}],"twitter_card":"summary_large_image","twitter_site":"@ewa_marine","twitter_misc":{"Gesch\u00e4tzte Lesezeit":"1\u00a0Minute"},"schema":{"@context":"https:\/\/schema.org","@graph":[{"@type":"WebPage","@id":"https:\/\/ewa-marine.com\/de\/products\/zubehoer\/bf1-fotoblei\/","url":"https:\/\/ewa-marine.com\/de\/products\/zubehoer\/bf1-fotoblei\/","name":"ewa-marine Fotoblei BF1","isPartOf":{"@id":"https:\/\/ewa-marine.com\/de\/#website"},"primaryImageOfPage":{"@id":"https:\/\/ewa-marine.com\/de\/products\/zubehoer\/bf1-fotoblei\/#primaryimage"},"image":{"@id":"https:\/\/ewa-marine.com\/de\/products\/zubehoer\/bf1-fotoblei\/#primaryimage"},"thumbnailUrl":"https:\/\/ewa-marine.com\/wp-content\/uploads\/2019\/02\/BF1-blk.png","datePublished":"2015-07-08T11:27:45+00:00","dateModified":"2019-02-22T09:22:09+00:00","description":"Ein Geh\u00e4use, das an der Oberfl\u00e4che Auftrieb hat, hat danach einen gewissen Abtrieb. Dies Punkt kann mit dem BF1 Fotoblei \"eingestellt\" werden.","breadcrumb":{"@id":"https:\/\/ewa-marine.com\/de\/products\/zubehoer\/bf1-fotoblei\/#breadcrumb"},"inLanguage":"de","potentialAction":[{"@type":"ReadAction","target":["https:\/\/ewa-marine.com\/de\/products\/zubehoer\/bf1-fotoblei\/"]}]},{"@type":"ImageObject","inLanguage":"de","@id":"https:\/\/ewa-marine.com\/de\/products\/zubehoer\/bf1-fotoblei\/#primaryimage","url":"https:\/\/ewa-marine.com\/wp-content\/uploads\/2019\/02\/BF1-blk.png","contentUrl":"https:\/\/ewa-marine.com\/wp-content\/uploads\/2019\/02\/BF1-blk.png","width":1000,"height":1000,"caption":"ewa-marine BF1"},{"@type":"BreadcrumbList","@id":"https:\/\/ewa-marine.com\/de\/products\/zubehoer\/bf1-fotoblei\/#breadcrumb","itemListElement":[{"@type":"ListItem","position":1,"name":"Startseite","item":"https:\/\/www.ewa-marine.de\/"},{"@type":"ListItem","position":2,"name":"Produkte","item":"https:\/\/www.ewa-marine.de\/products\/"},{"@type":"ListItem","position":3,"name":"Zubeh\u00f6r","item":"https:\/\/www.ewa-marine.de\/products\/zubehoer\/"},{"@type":"ListItem","position":4,"name":"BF1 Fotoblei"}]},{"@type":"WebSite","@id":"https:\/\/ewa-marine.com\/de\/#website","url":"https:\/\/ewa-marine.com\/de\/","name":"ewa-marine","description":"Capture the Extreme !","potentialAction":[{"@type":"SearchAction","target":{"@type":"EntryPoint","urlTemplate":"https:\/\/ewa-marine.com\/de\/?s={search_term_string}"},"query-input":{"@type":"PropertyValueSpecification","valueRequired":true,"valueName":"search_term_string"}}],"inLanguage":"de"}]}},"_links":{"self":[{"href":"https:\/\/ewa-marine.com\/de\/wp-json\/wp\/v2\/pages\/454","targetHints":{"allow":["GET"]}}],"collection":[{"href":"https:\/\/ewa-marine.com\/de\/wp-json\/wp\/v2\/pages"}],"about":[{"href":"https:\/\/ewa-marine.com\/de\/wp-json\/wp\/v2\/types\/page"}],"author":[{"embeddable":true,"href":"https:\/\/ewa-marine.com\/de\/wp-json\/wp\/v2\/users\/2"}],"replies":[{"embeddable":true,"href":"https:\/\/ewa-marine.com\/de\/wp-json\/wp\/v2\/comments?post=454"}],"version-history":[{"count":4,"href":"https:\/\/ewa-marine.com\/de\/wp-json\/wp\/v2\/pages\/454\/revisions"}],"predecessor-version":[{"id":32315,"href":"https:\/\/ewa-marine.com\/de\/wp-json\/wp\/v2\/pages\/454\/revisions\/32315"}],"up":[{"embeddable":true,"href":"https:\/\/ewa-marine.com\/de\/wp-json\/wp\/v2\/pages\/604"}],"wp:featuredmedia":[{"embeddable":true,"href":"https:\/\/ewa-marine.com\/de\/wp-json\/wp\/v2\/media\/32307"}],"wp:attachment":[{"href":"https:\/\/ewa-marine.com\/de\/wp-json\/wp\/v2\/media?parent=454"}],"curies":[{"name":"wp","href":"https:\/\/api.w.org\/{rel}","templated":true}]}}