{"id":474,"date":"2015-07-08T13:06:09","date_gmt":"2015-07-08T12:06:09","guid":{"rendered":"http:\/\/de.dicapac.de\/?page_id=474"},"modified":"2019-04-23T11:36:34","modified_gmt":"2019-04-23T09:36:34","slug":"bv2","status":"publish","type":"page","link":"https:\/\/ewa-marine.com\/de\/products\/zubehoer\/bv2\/","title":{"rendered":"BV2 Taucherblei"},"content":{"rendered":"<div id=\"pl-474\"  class=\"panel-layout\" ><div id=\"pg-474-0\"  class=\"panel-grid panel-has-style\" ><div class=\"panel-widget-style panel-row-style panel-row-style-for-474-0\" ><div id=\"pgc-474-0-0\"  class=\"panel-grid-cell\" ><div id=\"panel-474-0-0-0\" class=\"so-panel widget widget_kadence_simple_image kadence_simple_image panel-first-child panel-last-child\" data-index=\"0\" ><div class=\"panel-widget-style panel-widget-style-for-474-0-0-0\" ><div class=\"kad_img_upload_widget  kt-shape-type-kt-image-shape-standard kt-image-align-center kt-image-widget-widget-0-0-0\"><a href=\"https:\/\/www.ewa-marine.de\/wp-content\/uploads\/\/2019\/02\/BV2.png\" rel=\"lightbox\"><div class=\"kt-image-contain kt-image-shadow-none kt-image-shape-standard\"><div class=\"kt-image-inner-contain\"><img loading=\"lazy\" decoding=\"async\" width=\"1000\" height=\"1000\" src=\"https:\/\/ewa-marine.com\/wp-content\/uploads\/2019\/02\/BV2.png\" class=\"attachment-full size-full\" alt=\"ewa-marine BV2\" srcset=\"https:\/\/ewa-marine.com\/wp-content\/uploads\/2019\/02\/BV2.png 1000w, https:\/\/ewa-marine.com\/wp-content\/uploads\/2019\/02\/BV2-150x150.png 150w, https:\/\/ewa-marine.com\/wp-content\/uploads\/2019\/02\/BV2-300x300.png 300w, https:\/\/ewa-marine.com\/wp-content\/uploads\/2019\/02\/BV2-768x768.png 768w, https:\/\/ewa-marine.com\/wp-content\/uploads\/2019\/02\/BV2-60x60.png 60w\" sizes=\"auto, (max-width: 1000px) 100vw, 1000px\" \/><\/div><\/div><\/a><div class=\"kadence_image_widget_caption\">ewa-marine Videobleie BV2<\/div><\/div><\/div><\/div><\/div><div id=\"pgc-474-0-1\"  class=\"panel-grid-cell\" ><div id=\"panel-474-0-1-0\" class=\"so-panel widget widget_black-studio-tinymce widget_black_studio_tinymce panel-first-child\" data-index=\"1\" ><div class=\"panel-widget-style panel-widget-style-for-474-0-1-0\" ><div class=\"textwidget\"><p><a href=\"https:\/\/www.marinsolar.de\/produkt\/ewa-marine-bv2-taucherblei\/\" target=\"_blank\"><img loading=\"lazy\" decoding=\"async\" class=\"alignright wp-image-5203\" src=\"\/wp-content\/uploads\/2016\/03\/online-kaufen.png\" alt=\"Online Einkaufen bei marinSolar\" width=\"149\" height=\"50\" \/><\/a><\/p>\n<h1>ewa-marine Videoblei BV2<\/h1>\n<h2 class=\"bodytext\">- Ideal f\u00fcr nahezu alle Video Geh\u00e4use<\/h2>\n<h6>Bestellcode: BV2<\/h6>\n<p>&nbsp;<\/p>\n<p class=\"bodytext\">Diese Bleigewichte k\u00f6nnen in Bleitaschen gelegt werden, die mit manchen Geh\u00e4usen geliefert werden, oder an die Bleihaltegurte geh\u00e4ngt werden, die an einigen Geh\u00e4usen befestigt sind. Au\u00dferhalb des Wassers d\u00fcrfen die Bleie keinen Zug auf die Gurte aus\u00fcben, da ansonsten Besch\u00e4digungen am Geh\u00e4use entstehen k\u00f6nnen. Setzen Sie die Bleie m\u00f6glichst erst ein, wenn das Geh\u00e4use im Wasser ist.<\/p>\n<p class=\"bodytext\"><strong>Beide Bleie sind mit Latex \u00fcberzogen und k\u00f6nnen daher Ihre Kamera nicht verkratzen.<\/strong><\/p>\n<p class=\"bodytext\">Bitte beachten Sie, dass sich die flexiblen Geh\u00e4use bez\u00fcglich des Wasserdrucks genauso wie der Taucher selbst verhalten. Gem\u00e4\u00df dem Gesetz von Boyle-Mariotte (Druck x Volumen = konstant) nimmt das Volumen der Luft im Geh\u00e4use (genau wie das in den Lungen, im Jacket und der Luftblasen im Neoprenanzug) mit zunehmender Tauchtiefe ab. Mit anderen Worten: Ein Geh\u00e4use, das an der Oberfl\u00e4che Auftrieb hat, ist bei einer gewissen Tauchtiefe neutral und hat danach einen gewissen Abtrieb. Dieser Punkt kann mittels der Bleie und der Luftmenge im Geh\u00e4use mit etwas \u00dcbung vor dem Tauchgang \"eingestellt\" werden.<\/p>\n<p class=\"bodytext\" style=\"text-align: left;\">Die Bleie k\u00f6nnen auch mit der <strong>U-A <\/strong>und<strong> U-B Autofokus SLR Geh\u00e4use-Serie<\/strong> verwendet werden.<\/p>\n<p class=\"bodytext\" style=\"text-align: left;\">Ideal auch f\u00fcr nahezu alle<strong> Video Geh\u00e4use.<\/strong><\/p>\n<p>&nbsp;<\/p>\n<p>&nbsp;<\/p>\n<\/div><\/div><\/div><div id=\"panel-474-0-1-1\" class=\"so-panel widget widget_black-studio-tinymce widget_black_studio_tinymce panel-last-child\" data-index=\"2\" ><div class=\"textwidget\">\n<div class=\"panel-group\" id=\"accordionname341\"><div class=\"panel panel-default\"><div class=\"panel-heading\"><a class=\"accordion-toggle collapsed\" data-toggle=\"collapse\" data-parent=\"#accordionname341\" href=\"#collapse3410\"><h5><i class=\"kt-icon-minus primary-color\"><\/i><i class=\"kt-icon-plus\"><\/i>Technische Daten<\/h5><\/a><\/div><div id=\"collapse3410\" class=\"panel-collapse collapse \"><div class=\"panel-body postclass\">\n<p>L\u00e4nge:\u00a0\u00a0 75 mm<br \/> Breite:\u00a0\u00a0\u00a0 75 mm<br \/> H\u00f6he:\u00a0\u00a0\u00a0\u00a0 15 mm<br \/> Gewicht: 1,5 kg<br \/><\/div><\/div><\/div><\/div>\n\n<\/div><\/div><\/div><\/div><\/div><\/div>","protected":false},"excerpt":{"rendered":"<p>ewa-marine Videoblei BV2 &#8211; Ideal f\u00fcr nahezu alle Video Geh\u00e4use Bestellcode: BV2 &nbsp; Diese Bleigewichte k\u00f6nnen in Bleitaschen gelegt werden, die mit manchen Geh\u00e4usen geliefert werden, oder an die Bleihaltegurte geh\u00e4ngt werden, die an einigen Geh\u00e4usen befestigt sind. Au\u00dferhalb des Wassers d\u00fcrfen die Bleie keinen Zug auf die Gurte aus\u00fcben, da ansonsten Besch\u00e4digungen am Geh\u00e4use entstehen k\u00f6nnen. Setzen Sie die Bleie m\u00f6glichst erst ein, wenn das Geh\u00e4use im Wasser ist. Beide Bleie sind mit Latex \u00fcberzogen und k\u00f6nnen daher Ihre &hellip; <a href=\"https:\/\/ewa-marine.com\/de\/products\/zubehoer\/bv2\/\">Weiterlesen<\/a><\/p>\n","protected":false},"author":2,"featured_media":32324,"parent":604,"menu_order":4,"comment_status":"closed","ping_status":"closed","template":"","meta":{"kt_blocks_editor_width":"","footnotes":""},"class_list":["post-474","page","type-page","status-publish","has-post-thumbnail","hentry"],"yoast_head":"<!-- This site is optimized with the Yoast SEO plugin v27.4 - https:\/\/yoast.com\/product\/yoast-seo-wordpress\/ -->\n<title>BV2 Taucherblei - ewa-marine<\/title>\n<meta name=\"description\" content=\"Ein Geh\u00e4use, das an der Oberfl\u00e4che Auftrieb hat, hat danach einen gewissen Abtrieb. Dies kann mittels der Videobleie BV2 &quot;eingestellt&quot; werden.\" \/>\n<meta name=\"robots\" content=\"index, follow, max-snippet:-1, max-image-preview:large, max-video-preview:-1\" \/>\n<link rel=\"canonical\" href=\"https:\/\/ewa-marine.com\/de\/products\/zubehoer\/bv2\/\" \/>\n<meta property=\"og:locale\" content=\"de_DE\" \/>\n<meta property=\"og:type\" content=\"article\" \/>\n<meta property=\"og:title\" content=\"BV2 Taucherblei - ewa-marine\" \/>\n<meta property=\"og:description\" content=\"Ein Geh\u00e4use, das an der Oberfl\u00e4che Auftrieb hat, hat danach einen gewissen Abtrieb. Dies kann mittels der Videobleie BV2 &quot;eingestellt&quot; werden.\" \/>\n<meta property=\"og:url\" content=\"https:\/\/ewa-marine.com\/de\/products\/zubehoer\/bv2\/\" \/>\n<meta property=\"og:site_name\" content=\"ewa-marine\" \/>\n<meta property=\"article:publisher\" content=\"https:\/\/www.facebook.com\/ewa-marine\" \/>\n<meta property=\"article:modified_time\" content=\"2019-04-23T09:36:34+00:00\" \/>\n<meta property=\"og:image\" content=\"https:\/\/i0.wp.com\/www.ewa-marine.de\/wp-content\/uploads\/2019\/02\/BV2.png?fit=1000%2C1000&ssl=1\" \/>\n\t<meta property=\"og:image:width\" content=\"1000\" \/>\n\t<meta property=\"og:image:height\" content=\"1000\" \/>\n\t<meta property=\"og:image:type\" content=\"image\/png\" \/>\n<meta name=\"twitter:card\" content=\"summary_large_image\" \/>\n<meta name=\"twitter:site\" content=\"@ewa_marine\" \/>\n<meta name=\"twitter:label1\" content=\"Gesch\u00e4tzte Lesezeit\" \/>\n\t<meta name=\"twitter:data1\" content=\"1\u00a0Minute\" \/>\n<script type=\"application\/ld+json\" class=\"yoast-schema-graph\">{\"@context\":\"https:\\\/\\\/schema.org\",\"@graph\":[{\"@type\":\"WebPage\",\"@id\":\"https:\\\/\\\/ewa-marine.com\\\/de\\\/products\\\/zubehoer\\\/bv2\\\/\",\"url\":\"https:\\\/\\\/ewa-marine.com\\\/de\\\/products\\\/zubehoer\\\/bv2\\\/\",\"name\":\"BV2 Taucherblei - ewa-marine\",\"isPartOf\":{\"@id\":\"https:\\\/\\\/ewa-marine.com\\\/de\\\/#website\"},\"primaryImageOfPage\":{\"@id\":\"https:\\\/\\\/ewa-marine.com\\\/de\\\/products\\\/zubehoer\\\/bv2\\\/#primaryimage\"},\"image\":{\"@id\":\"https:\\\/\\\/ewa-marine.com\\\/de\\\/products\\\/zubehoer\\\/bv2\\\/#primaryimage\"},\"thumbnailUrl\":\"https:\\\/\\\/ewa-marine.com\\\/wp-content\\\/uploads\\\/2019\\\/02\\\/BV2.png\",\"datePublished\":\"2015-07-08T12:06:09+00:00\",\"dateModified\":\"2019-04-23T09:36:34+00:00\",\"description\":\"Ein Geh\u00e4use, das an der Oberfl\u00e4che Auftrieb hat, hat danach einen gewissen Abtrieb. Dies kann mittels der Videobleie BV2 \\\"eingestellt\\\" werden.\",\"breadcrumb\":{\"@id\":\"https:\\\/\\\/ewa-marine.com\\\/de\\\/products\\\/zubehoer\\\/bv2\\\/#breadcrumb\"},\"inLanguage\":\"de\",\"potentialAction\":[{\"@type\":\"ReadAction\",\"target\":[\"https:\\\/\\\/ewa-marine.com\\\/de\\\/products\\\/zubehoer\\\/bv2\\\/\"]}]},{\"@type\":\"ImageObject\",\"inLanguage\":\"de\",\"@id\":\"https:\\\/\\\/ewa-marine.com\\\/de\\\/products\\\/zubehoer\\\/bv2\\\/#primaryimage\",\"url\":\"https:\\\/\\\/ewa-marine.com\\\/wp-content\\\/uploads\\\/2019\\\/02\\\/BV2.png\",\"contentUrl\":\"https:\\\/\\\/ewa-marine.com\\\/wp-content\\\/uploads\\\/2019\\\/02\\\/BV2.png\",\"width\":1000,\"height\":1000,\"caption\":\"ewa-marine BV2\"},{\"@type\":\"BreadcrumbList\",\"@id\":\"https:\\\/\\\/ewa-marine.com\\\/de\\\/products\\\/zubehoer\\\/bv2\\\/#breadcrumb\",\"itemListElement\":[{\"@type\":\"ListItem\",\"position\":1,\"name\":\"Startseite\",\"item\":\"https:\\\/\\\/www.ewa-marine.de\\\/\"},{\"@type\":\"ListItem\",\"position\":2,\"name\":\"Produkte\",\"item\":\"https:\\\/\\\/www.ewa-marine.de\\\/products\\\/\"},{\"@type\":\"ListItem\",\"position\":3,\"name\":\"Zubeh\u00f6r\",\"item\":\"https:\\\/\\\/www.ewa-marine.de\\\/products\\\/zubehoer\\\/\"},{\"@type\":\"ListItem\",\"position\":4,\"name\":\"BV2 Taucherblei\"}]},{\"@type\":\"WebSite\",\"@id\":\"https:\\\/\\\/ewa-marine.com\\\/de\\\/#website\",\"url\":\"https:\\\/\\\/ewa-marine.com\\\/de\\\/\",\"name\":\"ewa-marine\",\"description\":\"Capture the Extreme !\",\"potentialAction\":[{\"@type\":\"SearchAction\",\"target\":{\"@type\":\"EntryPoint\",\"urlTemplate\":\"https:\\\/\\\/ewa-marine.com\\\/de\\\/?s={search_term_string}\"},\"query-input\":{\"@type\":\"PropertyValueSpecification\",\"valueRequired\":true,\"valueName\":\"search_term_string\"}}],\"inLanguage\":\"de\"}]}<\/script>\n<!-- \/ Yoast SEO plugin. -->","yoast_head_json":{"title":"BV2 Taucherblei - ewa-marine","description":"Ein Geh\u00e4use, das an der Oberfl\u00e4che Auftrieb hat, hat danach einen gewissen Abtrieb. Dies kann mittels der Videobleie BV2 \"eingestellt\" werden.","robots":{"index":"index","follow":"follow","max-snippet":"max-snippet:-1","max-image-preview":"max-image-preview:large","max-video-preview":"max-video-preview:-1"},"canonical":"https:\/\/ewa-marine.com\/de\/products\/zubehoer\/bv2\/","og_locale":"de_DE","og_type":"article","og_title":"BV2 Taucherblei - ewa-marine","og_description":"Ein Geh\u00e4use, das an der Oberfl\u00e4che Auftrieb hat, hat danach einen gewissen Abtrieb. Dies kann mittels der Videobleie BV2 \"eingestellt\" werden.","og_url":"https:\/\/ewa-marine.com\/de\/products\/zubehoer\/bv2\/","og_site_name":"ewa-marine","article_publisher":"https:\/\/www.facebook.com\/ewa-marine","article_modified_time":"2019-04-23T09:36:34+00:00","og_image":[{"width":1000,"height":1000,"url":"https:\/\/i0.wp.com\/www.ewa-marine.de\/wp-content\/uploads\/2019\/02\/BV2.png?fit=1000%2C1000&ssl=1","type":"image\/png"}],"twitter_card":"summary_large_image","twitter_site":"@ewa_marine","twitter_misc":{"Gesch\u00e4tzte Lesezeit":"1\u00a0Minute"},"schema":{"@context":"https:\/\/schema.org","@graph":[{"@type":"WebPage","@id":"https:\/\/ewa-marine.com\/de\/products\/zubehoer\/bv2\/","url":"https:\/\/ewa-marine.com\/de\/products\/zubehoer\/bv2\/","name":"BV2 Taucherblei - ewa-marine","isPartOf":{"@id":"https:\/\/ewa-marine.com\/de\/#website"},"primaryImageOfPage":{"@id":"https:\/\/ewa-marine.com\/de\/products\/zubehoer\/bv2\/#primaryimage"},"image":{"@id":"https:\/\/ewa-marine.com\/de\/products\/zubehoer\/bv2\/#primaryimage"},"thumbnailUrl":"https:\/\/ewa-marine.com\/wp-content\/uploads\/2019\/02\/BV2.png","datePublished":"2015-07-08T12:06:09+00:00","dateModified":"2019-04-23T09:36:34+00:00","description":"Ein Geh\u00e4use, das an der Oberfl\u00e4che Auftrieb hat, hat danach einen gewissen Abtrieb. Dies kann mittels der Videobleie BV2 \"eingestellt\" werden.","breadcrumb":{"@id":"https:\/\/ewa-marine.com\/de\/products\/zubehoer\/bv2\/#breadcrumb"},"inLanguage":"de","potentialAction":[{"@type":"ReadAction","target":["https:\/\/ewa-marine.com\/de\/products\/zubehoer\/bv2\/"]}]},{"@type":"ImageObject","inLanguage":"de","@id":"https:\/\/ewa-marine.com\/de\/products\/zubehoer\/bv2\/#primaryimage","url":"https:\/\/ewa-marine.com\/wp-content\/uploads\/2019\/02\/BV2.png","contentUrl":"https:\/\/ewa-marine.com\/wp-content\/uploads\/2019\/02\/BV2.png","width":1000,"height":1000,"caption":"ewa-marine BV2"},{"@type":"BreadcrumbList","@id":"https:\/\/ewa-marine.com\/de\/products\/zubehoer\/bv2\/#breadcrumb","itemListElement":[{"@type":"ListItem","position":1,"name":"Startseite","item":"https:\/\/www.ewa-marine.de\/"},{"@type":"ListItem","position":2,"name":"Produkte","item":"https:\/\/www.ewa-marine.de\/products\/"},{"@type":"ListItem","position":3,"name":"Zubeh\u00f6r","item":"https:\/\/www.ewa-marine.de\/products\/zubehoer\/"},{"@type":"ListItem","position":4,"name":"BV2 Taucherblei"}]},{"@type":"WebSite","@id":"https:\/\/ewa-marine.com\/de\/#website","url":"https:\/\/ewa-marine.com\/de\/","name":"ewa-marine","description":"Capture the Extreme !","potentialAction":[{"@type":"SearchAction","target":{"@type":"EntryPoint","urlTemplate":"https:\/\/ewa-marine.com\/de\/?s={search_term_string}"},"query-input":{"@type":"PropertyValueSpecification","valueRequired":true,"valueName":"search_term_string"}}],"inLanguage":"de"}]}},"_links":{"self":[{"href":"https:\/\/ewa-marine.com\/de\/wp-json\/wp\/v2\/pages\/474","targetHints":{"allow":["GET"]}}],"collection":[{"href":"https:\/\/ewa-marine.com\/de\/wp-json\/wp\/v2\/pages"}],"about":[{"href":"https:\/\/ewa-marine.com\/de\/wp-json\/wp\/v2\/types\/page"}],"author":[{"embeddable":true,"href":"https:\/\/ewa-marine.com\/de\/wp-json\/wp\/v2\/users\/2"}],"replies":[{"embeddable":true,"href":"https:\/\/ewa-marine.com\/de\/wp-json\/wp\/v2\/comments?post=474"}],"version-history":[{"count":2,"href":"https:\/\/ewa-marine.com\/de\/wp-json\/wp\/v2\/pages\/474\/revisions"}],"predecessor-version":[{"id":32789,"href":"https:\/\/ewa-marine.com\/de\/wp-json\/wp\/v2\/pages\/474\/revisions\/32789"}],"up":[{"embeddable":true,"href":"https:\/\/ewa-marine.com\/de\/wp-json\/wp\/v2\/pages\/604"}],"wp:featuredmedia":[{"embeddable":true,"href":"https:\/\/ewa-marine.com\/de\/wp-json\/wp\/v2\/media\/32324"}],"wp:attachment":[{"href":"https:\/\/ewa-marine.com\/de\/wp-json\/wp\/v2\/media?parent=474"}],"curies":[{"name":"wp","href":"https:\/\/api.w.org\/{rel}","templated":true}]}}