{"id":4877,"date":"2016-04-13T09:17:29","date_gmt":"2016-04-13T08:17:29","guid":{"rendered":"http:\/\/www.dicapac.de\/de\/produkte\/zubehoer\/sf100\/"},"modified":"2017-10-16T10:38:45","modified_gmt":"2017-10-16T09:38:45","slug":"sf100","status":"publish","type":"page","link":"https:\/\/ewa-marine.com\/de\/products\/zubehoer\/sf100\/","title":{"rendered":"SF100"},"content":{"rendered":"<div id=\"pl-4877\"  class=\"panel-layout\" ><div id=\"pg-4877-0\"  class=\"panel-grid panel-has-style\" ><div class=\"panel-widget-style panel-row-style panel-row-style-for-4877-0\" ><div id=\"pgc-4877-0-0\"  class=\"panel-grid-cell\" ><div id=\"panel-4877-0-0-0\" class=\"so-panel widget widget_kadence_simple_image kadence_simple_image panel-first-child\" data-index=\"0\" ><div class=\"kad_img_upload_widget  kt-shape-type- kt-image-align-center kt-image-widget-widget-0-0-0\"><a href=\"https:\/\/ewa-marine.com\/wp-content\/uploads\/2016\/04\/SF100.jpg\" rel=\"lightbox\"><div class=\"kt-image-contain  \"><div class=\"kt-image-inner-contain\"><img loading=\"lazy\" decoding=\"async\" width=\"400\" height=\"400\" src=\"https:\/\/ewa-marine.com\/wp-content\/uploads\/2016\/04\/SF100.jpg\" class=\"attachment-full size-full\" alt=\"ewa-marine SF100, large diameter front port\" srcset=\"https:\/\/ewa-marine.com\/wp-content\/uploads\/2016\/04\/SF100.jpg 400w, https:\/\/ewa-marine.com\/wp-content\/uploads\/2016\/04\/SF100-150x150.jpg 150w, https:\/\/ewa-marine.com\/wp-content\/uploads\/2016\/04\/SF100-300x300.jpg 300w, https:\/\/ewa-marine.com\/wp-content\/uploads\/2016\/04\/SF100-60x60.jpg 60w, https:\/\/ewa-marine.com\/wp-content\/uploads\/2016\/04\/SF100-370x370.jpg 370w\" sizes=\"auto, (max-width: 400px) 100vw, 400px\" \/><\/div><\/div><\/a><div class=\"kadence_image_widget_caption\">ewa-marine SF100, Front Port mit gro\u00dfem Durchmesser\n<\/div><\/div><\/div><div id=\"panel-4877-0-0-1\" class=\"so-panel widget widget_siteorigin-panels-builder panel-last-child\" data-index=\"1\" ><div id=\"pl-w570e0099913ad\"  class=\"panel-layout\" ><div id=\"pg-w570e0099913ad-0\"  class=\"panel-grid panel-no-style\" ><div id=\"pgc-w570e0099913ad-0-0\"  class=\"panel-grid-cell\" ><div id=\"panel-w570e0099913ad-0-0-0\" class=\"so-panel widget widget_kadence_simple_image kadence_simple_image panel-first-child panel-last-child\" data-index=\"0\" ><div class=\"kad_img_upload_widget  kt-shape-type- kt-image-align-center kt-image-widget-widget-0-0-0\"><a href=\"https:\/\/ewa-marine.com\/wp-content\/uploads\/2015\/07\/made-in-Germany-100x50.gif\" rel=\"lightbox\"><div class=\"kt-image-contain  \"><div class=\"kt-image-inner-contain\"><img loading=\"lazy\" decoding=\"async\" width=\"100\" height=\"50\" src=\"https:\/\/ewa-marine.com\/wp-content\/uploads\/2015\/07\/made-in-Germany-100x50.gif\" class=\"attachment-full size-full\" alt=\"made in Germany by ewa-marine\" \/><\/div><\/div><\/a><\/div><\/div><\/div><div id=\"pgc-w570e0099913ad-0-1\"  class=\"panel-grid-cell\" ><div id=\"panel-w570e0099913ad-0-1-0\" class=\"so-panel widget widget_kadence_simple_image kadence_simple_image panel-first-child panel-last-child\" data-index=\"1\" ><div class=\"kad_img_upload_widget  kt-shape-type- kt-image-align-center kt-image-widget-widget-0-1-0\"><a href=\"https:\/\/ewa-marine.com\/wp-content\/uploads\/2015\/07\/opticalglass_100x45.png\" rel=\"lightbox\"><div class=\"kt-image-contain  \"><div class=\"kt-image-inner-contain\"><img loading=\"lazy\" decoding=\"async\" width=\"100\" height=\"45\" src=\"https:\/\/ewa-marine.com\/wp-content\/uploads\/2015\/07\/opticalglass_100x45.png\" class=\"attachment-full size-full\" alt=\"made with optical grade glass port\" \/><\/div><\/div><\/a><\/div><\/div><\/div><\/div><\/div><\/div><\/div><div id=\"pgc-4877-0-1\"  class=\"panel-grid-cell\" ><div id=\"panel-4877-0-1-0\" class=\"so-panel widget widget_black-studio-tinymce widget_black_studio_tinymce panel-first-child panel-last-child\" data-index=\"2\" ><div class=\"panel-widget-style panel-widget-style-for-4877-0-1-0\" ><div class=\"textwidget\"><h1 class=\"csc-firstHeader\">ewa-marine SF100 Front Port mit gr\u00f6\u00dferem Durchmesser<\/h1>\n<h2 class=\"bodytext\">Der SF100 erlaubt die Nutzung von Objektiven mit 77mm oder 82mm Filtergewindedurchmesser<\/h2>\n<h5>Bestellcode: SF100<\/h5>\n<p><span id=\"result_box\" class=\"\" lang=\"de\"><span class=\"\">In der Regel entwerfen wir die Geh\u00e4use f\u00fcr die Mehrheit der Kamerakonfigurationen, f\u00fcr die es ausgelegt ist.<\/span> <span class=\"\">So werden einige Geh\u00e4use ab Werk mit unserem SF90 Frontport versendet.<\/span> <span class=\"\">Dieser Anschluss erm\u00f6glicht einen maximalen Filtergewindedurchmesser von 72 mm.<\/span><\/span><\/p>\n<p><span id=\"result_box\" class=\"\" lang=\"de\"><span class=\"\">Aber vor allem mit SLR und Systemkameras, verwenden einige Anwender Objektive mit gr\u00f6\u00dferem Durchmesser, als das maximale 72mm Filtergewinde des SF90 akzeptiert.<\/span><\/span><\/p>\n<p><span id=\"result_box\" class=\"\" lang=\"de\"><span class=\"\">Sollten Sie Objektive in einem Geh\u00e4use verwenden wollen, welche 77mm oder 82mm Filtergewinde haben, das ab Werk aber mit unserem SF90 Frontport geliefert wird, dann m\u00fcssen Sie eine spezielle SF100 Version des Geh\u00e4uses bestellen.<\/span> <span class=\"\">Diese Sonderversionen werden f\u00fcr Sie in unserem Werk in Deutschland individuell angefertigt.<\/span>\u00a0<\/span><\/p>\n<p><span id=\"result_box\" class=\"\" lang=\"de\">Wenn keine zus\u00e4tzlichen Details in der Bestellung angegeben sind, werden alle SF100-modifizierten Geh\u00e4use mit einem CA82-Adapter geliefert, um die Verwendung von 82mm Filtergewinden zu erm\u00f6glichen. <span class=\"\">Selbstverst\u00e4ndlich k\u00f6nnen Sie auch einen zus\u00e4tzlichen Reduzieradapter wie unseren RA77-82 verwenden, um die 77mm Filterprofile an den CA82 anzupassen.<\/span><\/span><\/p>\n<p><span id=\"result_box\" class=\"\" lang=\"de\">Wir haben die SF100 mit einer Full-Frame Canon EOS 5D getestet und es war m\u00f6glich Brennweiten bis zu 17 mm ohne Vignettierung verwenden zu k\u00f6nnen (d. h. ohne den Frontport in den Ecken des Bildes zu sehen). <span class=\"\">\u00c4hnliche Ergebnisse k\u00f6nnen erreicht werden, mit anderen, \u00e4hnlichen Kamera-Objektiv-Kombinationen.<\/span> <span class=\"\">Die genaue erreichbare Brennweite k\u00f6nnte sich leicht unterscheiden.<\/span> <span class=\"\">Wenn Sie keine Vollbildkamera verwenden, k\u00f6nnen Sie nicht erwarten, auch kleinere Brennweiten verwenden zu k\u00f6nnen.<\/span><\/span><\/p>\n<p>Sollten Sie Interesse an einem SF100 haben, melden Sie sich bitte \u00fcber das <a href=\"https:\/\/ewa-marine.com\/kontakt\/\">Kontaktformular<\/a> bei uns oder rufen Sie uns an!<\/p>\n<hr \/>\n<p>Zus\u00e4tzliche Information:<\/p>\n<p><span id=\"result_box\" class=\"\" lang=\"de\">Die Bezeichnung 90 bzw. 100 im Code SF90 bzw. SF100 bezieht sich auf den Durchmesser des Glases im Frontport. Der SF100 hat einen physikalischen Glasdurchmesser von 100 mm. <span class=\"\">Aufgrund der Tatsache, dass der Rahmen und der O-Ring des vorderen Anschlusses einen Teil des Glases bedeckt, ist der volle Durchmesser f\u00fcr die Fotografie nicht verwendbar, was ein Maximum von 82 mm Filtergewinde in diesem Anschluss erm\u00f6glicht.<\/span><\/span><\/p>\n<p>\u00a0<\/p>\n<\/div><\/div><\/div><\/div><\/div><\/div><\/div>","protected":false},"excerpt":{"rendered":"<p>ewa-marine SF100 Front Port mit gr\u00f6\u00dferem DurchmesserDer SF100 erlaubt die Nutzung von Objektiven mit 77mm oder 82mm FiltergewindedurchmesserBestellcode: SF100In der Regel entwerfen wir die Geh\u00e4use f\u00fcr die Mehrheit der Kamerakonfigurationen, f\u00fcr die es ausgelegt ist. So werden einige Geh\u00e4use ab Werk mit unserem SF90 Frontport versendet. Dieser Anschluss erm\u00f6glicht einen maximalen Filtergewindedurchmesser von 72 mm.Aber vor allem mit SLR und Systemkameras, verwenden einige Anwender Objektive mit gr\u00f6\u00dferem Durchmesser, als das maximale 72mm Filtergewinde des SF90 akzeptiert.Sollten Sie Objektive in einem &hellip; <a href=\"https:\/\/ewa-marine.com\/de\/products\/zubehoer\/sf100\/\">Weiterlesen<\/a><\/p>\n","protected":false},"author":1,"featured_media":3836,"parent":604,"menu_order":12,"comment_status":"closed","ping_status":"closed","template":"","meta":{"kt_blocks_editor_width":"","footnotes":""},"class_list":["post-4877","page","type-page","status-publish","has-post-thumbnail","hentry"],"yoast_head":"<!-- This site is optimized with the Yoast SEO plugin v27.3 - https:\/\/yoast.com\/product\/yoast-seo-wordpress\/ -->\n<title>ewa-marine SF100 front port mit gr\u00f6\u00dferem Durchmesser<\/title>\n<meta name=\"description\" content=\"Der ewa-marine SF100 kann im Werk an die meisten ewa-marine Unterwassergeh\u00e4use montiert werden, f\u00fcr die Verwendung von gro\u00dfen Objektiven mit 77 oder 82mm Filtergewinde.\" \/>\n<meta name=\"robots\" content=\"index, follow, max-snippet:-1, max-image-preview:large, max-video-preview:-1\" \/>\n<link rel=\"canonical\" href=\"https:\/\/ewa-marine.com\/de\/products\/zubehoer\/sf100\/\" \/>\n<meta property=\"og:locale\" content=\"de_DE\" \/>\n<meta property=\"og:type\" content=\"article\" \/>\n<meta property=\"og:title\" content=\"ewa-marine SF100 front port mit gr\u00f6\u00dferem Durchmesser\" \/>\n<meta property=\"og:description\" content=\"Der ewa-marine SF100 kann im Werk an die meisten ewa-marine Unterwassergeh\u00e4use montiert werden, f\u00fcr die Verwendung von gro\u00dfen Objektiven mit 77 oder 82mm Filtergewinde.\" \/>\n<meta property=\"og:url\" content=\"https:\/\/ewa-marine.com\/de\/products\/zubehoer\/sf100\/\" \/>\n<meta property=\"og:site_name\" content=\"ewa-marine\" \/>\n<meta property=\"article:publisher\" content=\"https:\/\/www.facebook.com\/ewa-marine\" \/>\n<meta property=\"article:modified_time\" content=\"2017-10-16T09:38:45+00:00\" \/>\n<meta property=\"og:image\" content=\"https:\/\/ewa-marine.com\/wp-content\/uploads\/2016\/04\/SF100.jpg\" \/>\n\t<meta property=\"og:image:width\" content=\"400\" \/>\n\t<meta property=\"og:image:height\" content=\"400\" \/>\n\t<meta property=\"og:image:type\" content=\"image\/jpeg\" \/>\n<meta name=\"twitter:card\" content=\"summary_large_image\" \/>\n<meta name=\"twitter:site\" content=\"@ewa_marine\" \/>\n<meta name=\"twitter:label1\" content=\"Gesch\u00e4tzte Lesezeit\" \/>\n\t<meta name=\"twitter:data1\" content=\"2\u00a0Minuten\" \/>\n<script type=\"application\/ld+json\" class=\"yoast-schema-graph\">{\"@context\":\"https:\\\/\\\/schema.org\",\"@graph\":[{\"@type\":\"WebPage\",\"@id\":\"https:\\\/\\\/ewa-marine.com\\\/de\\\/products\\\/zubehoer\\\/sf100\\\/\",\"url\":\"https:\\\/\\\/ewa-marine.com\\\/de\\\/products\\\/zubehoer\\\/sf100\\\/\",\"name\":\"ewa-marine SF100 front port mit gr\u00f6\u00dferem Durchmesser\",\"isPartOf\":{\"@id\":\"https:\\\/\\\/ewa-marine.com\\\/de\\\/#website\"},\"primaryImageOfPage\":{\"@id\":\"https:\\\/\\\/ewa-marine.com\\\/de\\\/products\\\/zubehoer\\\/sf100\\\/#primaryimage\"},\"image\":{\"@id\":\"https:\\\/\\\/ewa-marine.com\\\/de\\\/products\\\/zubehoer\\\/sf100\\\/#primaryimage\"},\"thumbnailUrl\":\"https:\\\/\\\/ewa-marine.com\\\/wp-content\\\/uploads\\\/2016\\\/04\\\/SF100.jpg\",\"datePublished\":\"2016-04-13T08:17:29+00:00\",\"dateModified\":\"2017-10-16T09:38:45+00:00\",\"description\":\"Der ewa-marine SF100 kann im Werk an die meisten ewa-marine Unterwassergeh\u00e4use montiert werden, f\u00fcr die Verwendung von gro\u00dfen Objektiven mit 77 oder 82mm Filtergewinde.\",\"breadcrumb\":{\"@id\":\"https:\\\/\\\/ewa-marine.com\\\/de\\\/products\\\/zubehoer\\\/sf100\\\/#breadcrumb\"},\"inLanguage\":\"de\",\"potentialAction\":[{\"@type\":\"ReadAction\",\"target\":[\"https:\\\/\\\/ewa-marine.com\\\/de\\\/products\\\/zubehoer\\\/sf100\\\/\"]}]},{\"@type\":\"ImageObject\",\"inLanguage\":\"de\",\"@id\":\"https:\\\/\\\/ewa-marine.com\\\/de\\\/products\\\/zubehoer\\\/sf100\\\/#primaryimage\",\"url\":\"https:\\\/\\\/ewa-marine.com\\\/wp-content\\\/uploads\\\/2016\\\/04\\\/SF100.jpg\",\"contentUrl\":\"https:\\\/\\\/ewa-marine.com\\\/wp-content\\\/uploads\\\/2016\\\/04\\\/SF100.jpg\",\"width\":400,\"height\":400},{\"@type\":\"BreadcrumbList\",\"@id\":\"https:\\\/\\\/ewa-marine.com\\\/de\\\/products\\\/zubehoer\\\/sf100\\\/#breadcrumb\",\"itemListElement\":[{\"@type\":\"ListItem\",\"position\":1,\"name\":\"Startseite\",\"item\":\"https:\\\/\\\/www.ewa-marine.de\\\/\"},{\"@type\":\"ListItem\",\"position\":2,\"name\":\"Produkte\",\"item\":\"https:\\\/\\\/www.ewa-marine.de\\\/products\\\/\"},{\"@type\":\"ListItem\",\"position\":3,\"name\":\"Zubeh\u00f6r\",\"item\":\"https:\\\/\\\/www.ewa-marine.de\\\/products\\\/zubehoer\\\/\"},{\"@type\":\"ListItem\",\"position\":4,\"name\":\"SF100\"}]},{\"@type\":\"WebSite\",\"@id\":\"https:\\\/\\\/ewa-marine.com\\\/de\\\/#website\",\"url\":\"https:\\\/\\\/ewa-marine.com\\\/de\\\/\",\"name\":\"ewa-marine\",\"description\":\"Capture the Extreme !\",\"potentialAction\":[{\"@type\":\"SearchAction\",\"target\":{\"@type\":\"EntryPoint\",\"urlTemplate\":\"https:\\\/\\\/ewa-marine.com\\\/de\\\/?s={search_term_string}\"},\"query-input\":{\"@type\":\"PropertyValueSpecification\",\"valueRequired\":true,\"valueName\":\"search_term_string\"}}],\"inLanguage\":\"de\"}]}<\/script>\n<!-- \/ Yoast SEO plugin. -->","yoast_head_json":{"title":"ewa-marine SF100 front port mit gr\u00f6\u00dferem Durchmesser","description":"Der ewa-marine SF100 kann im Werk an die meisten ewa-marine Unterwassergeh\u00e4use montiert werden, f\u00fcr die Verwendung von gro\u00dfen Objektiven mit 77 oder 82mm Filtergewinde.","robots":{"index":"index","follow":"follow","max-snippet":"max-snippet:-1","max-image-preview":"max-image-preview:large","max-video-preview":"max-video-preview:-1"},"canonical":"https:\/\/ewa-marine.com\/de\/products\/zubehoer\/sf100\/","og_locale":"de_DE","og_type":"article","og_title":"ewa-marine SF100 front port mit gr\u00f6\u00dferem Durchmesser","og_description":"Der ewa-marine SF100 kann im Werk an die meisten ewa-marine Unterwassergeh\u00e4use montiert werden, f\u00fcr die Verwendung von gro\u00dfen Objektiven mit 77 oder 82mm Filtergewinde.","og_url":"https:\/\/ewa-marine.com\/de\/products\/zubehoer\/sf100\/","og_site_name":"ewa-marine","article_publisher":"https:\/\/www.facebook.com\/ewa-marine","article_modified_time":"2017-10-16T09:38:45+00:00","og_image":[{"width":400,"height":400,"url":"https:\/\/ewa-marine.com\/wp-content\/uploads\/2016\/04\/SF100.jpg","type":"image\/jpeg"}],"twitter_card":"summary_large_image","twitter_site":"@ewa_marine","twitter_misc":{"Gesch\u00e4tzte Lesezeit":"2\u00a0Minuten"},"schema":{"@context":"https:\/\/schema.org","@graph":[{"@type":"WebPage","@id":"https:\/\/ewa-marine.com\/de\/products\/zubehoer\/sf100\/","url":"https:\/\/ewa-marine.com\/de\/products\/zubehoer\/sf100\/","name":"ewa-marine SF100 front port mit gr\u00f6\u00dferem Durchmesser","isPartOf":{"@id":"https:\/\/ewa-marine.com\/de\/#website"},"primaryImageOfPage":{"@id":"https:\/\/ewa-marine.com\/de\/products\/zubehoer\/sf100\/#primaryimage"},"image":{"@id":"https:\/\/ewa-marine.com\/de\/products\/zubehoer\/sf100\/#primaryimage"},"thumbnailUrl":"https:\/\/ewa-marine.com\/wp-content\/uploads\/2016\/04\/SF100.jpg","datePublished":"2016-04-13T08:17:29+00:00","dateModified":"2017-10-16T09:38:45+00:00","description":"Der ewa-marine SF100 kann im Werk an die meisten ewa-marine Unterwassergeh\u00e4use montiert werden, f\u00fcr die Verwendung von gro\u00dfen Objektiven mit 77 oder 82mm Filtergewinde.","breadcrumb":{"@id":"https:\/\/ewa-marine.com\/de\/products\/zubehoer\/sf100\/#breadcrumb"},"inLanguage":"de","potentialAction":[{"@type":"ReadAction","target":["https:\/\/ewa-marine.com\/de\/products\/zubehoer\/sf100\/"]}]},{"@type":"ImageObject","inLanguage":"de","@id":"https:\/\/ewa-marine.com\/de\/products\/zubehoer\/sf100\/#primaryimage","url":"https:\/\/ewa-marine.com\/wp-content\/uploads\/2016\/04\/SF100.jpg","contentUrl":"https:\/\/ewa-marine.com\/wp-content\/uploads\/2016\/04\/SF100.jpg","width":400,"height":400},{"@type":"BreadcrumbList","@id":"https:\/\/ewa-marine.com\/de\/products\/zubehoer\/sf100\/#breadcrumb","itemListElement":[{"@type":"ListItem","position":1,"name":"Startseite","item":"https:\/\/www.ewa-marine.de\/"},{"@type":"ListItem","position":2,"name":"Produkte","item":"https:\/\/www.ewa-marine.de\/products\/"},{"@type":"ListItem","position":3,"name":"Zubeh\u00f6r","item":"https:\/\/www.ewa-marine.de\/products\/zubehoer\/"},{"@type":"ListItem","position":4,"name":"SF100"}]},{"@type":"WebSite","@id":"https:\/\/ewa-marine.com\/de\/#website","url":"https:\/\/ewa-marine.com\/de\/","name":"ewa-marine","description":"Capture the Extreme !","potentialAction":[{"@type":"SearchAction","target":{"@type":"EntryPoint","urlTemplate":"https:\/\/ewa-marine.com\/de\/?s={search_term_string}"},"query-input":{"@type":"PropertyValueSpecification","valueRequired":true,"valueName":"search_term_string"}}],"inLanguage":"de"}]}},"_links":{"self":[{"href":"https:\/\/ewa-marine.com\/de\/wp-json\/wp\/v2\/pages\/4877","targetHints":{"allow":["GET"]}}],"collection":[{"href":"https:\/\/ewa-marine.com\/de\/wp-json\/wp\/v2\/pages"}],"about":[{"href":"https:\/\/ewa-marine.com\/de\/wp-json\/wp\/v2\/types\/page"}],"author":[{"embeddable":true,"href":"https:\/\/ewa-marine.com\/de\/wp-json\/wp\/v2\/users\/1"}],"replies":[{"embeddable":true,"href":"https:\/\/ewa-marine.com\/de\/wp-json\/wp\/v2\/comments?post=4877"}],"version-history":[{"count":0,"href":"https:\/\/ewa-marine.com\/de\/wp-json\/wp\/v2\/pages\/4877\/revisions"}],"up":[{"embeddable":true,"href":"https:\/\/ewa-marine.com\/de\/wp-json\/wp\/v2\/pages\/604"}],"wp:featuredmedia":[{"embeddable":true,"href":"https:\/\/ewa-marine.com\/de\/wp-json\/wp\/v2\/media\/3836"}],"wp:attachment":[{"href":"https:\/\/ewa-marine.com\/de\/wp-json\/wp\/v2\/media?parent=4877"}],"curies":[{"name":"wp","href":"https:\/\/api.w.org\/{rel}","templated":true}]}}