{"id":501,"date":"2015-07-08T13:32:26","date_gmt":"2015-07-08T12:32:26","guid":{"rendered":"http:\/\/de.dicapac.de\/?page_id=501"},"modified":"2018-07-24T21:41:28","modified_gmt":"2018-07-24T20:41:28","slug":"bs7","status":"publish","type":"page","link":"https:\/\/ewa-marine.com\/de\/products\/zubehoer\/bs7\/","title":{"rendered":"BS7 Softblei"},"content":{"rendered":"<div id=\"pl-501\"  class=\"panel-layout\" ><div id=\"pg-501-0\"  class=\"panel-grid panel-has-style\" ><div class=\"panel-widget-style panel-row-style panel-row-style-for-501-0\" ><div id=\"pgc-501-0-0\"  class=\"panel-grid-cell\" ><div id=\"panel-501-0-0-0\" class=\"so-panel widget widget_kadence_simple_image kadence_simple_image panel-first-child\" data-index=\"0\" ><div class=\"kad_img_upload_widget  kt-shape-type- kt-image-align-center kt-image-widget-widget-0-0-0\"><a href=\"https:\/\/ewa-marine.com\/wp-content\/uploads\/2015\/07\/BS7.jpg\" rel=\"lightbox\"><div class=\"kt-image-contain  \"><div class=\"kt-image-inner-contain\"><img loading=\"lazy\" decoding=\"async\" width=\"200\" height=\"200\" src=\"https:\/\/ewa-marine.com\/wp-content\/uploads\/2015\/07\/BS7.jpg\" class=\"attachment-full size-full\" alt=\"\" srcset=\"https:\/\/ewa-marine.com\/wp-content\/uploads\/2015\/07\/BS7.jpg 200w, https:\/\/ewa-marine.com\/wp-content\/uploads\/2015\/07\/BS7-150x150.jpg 150w, https:\/\/ewa-marine.com\/wp-content\/uploads\/2015\/07\/BS7-60x60.jpg 60w\" sizes=\"auto, (max-width: 200px) 100vw, 200px\" \/><\/div><\/div><\/a><div class=\"kadence_image_widget_caption\">ewa-marine Softblei BS7<\/div><\/div><\/div><div id=\"panel-501-0-0-1\" class=\"so-panel widget widget_black-studio-tinymce widget_black_studio_tinymce panel-last-child\" data-index=\"1\" ><div class=\"textwidget\"><table border=\"0\" width=\"220\" cellpadding=\"5\" align=\"left\"><tbody><tr><td width=\"270\"><img loading=\"lazy\" decoding=\"async\" class=\"alignnone wp-image-227 size-full\" src=\"https:\/\/ewa-marine.com\/wp-content\/uploads\/2015\/07\/made-in-Germany-100x50.gif\" alt=\"ewa-marine, made in Germany since 1947\" width=\"100\" height=\"50\" \/><\/td><td width=\"100\">\u00a0<\/td><\/tr><\/tbody><\/table><\/div><\/div><\/div><div id=\"pgc-501-0-1\"  class=\"panel-grid-cell\" ><div id=\"panel-501-0-1-0\" class=\"so-panel widget widget_black-studio-tinymce widget_black_studio_tinymce panel-first-child\" data-index=\"2\" ><div class=\"panel-widget-style panel-widget-style-for-501-0-1-0\" ><div class=\"textwidget\"><p><a href=\"https:\/\/www.marinsolar.de\/produkt\/ewa-marine-bs7-taucherblei\/\" target=\"_blank\"><img loading=\"lazy\" decoding=\"async\" class=\"alignright wp-image-5203\" src=\"\/wp-content\/uploads\/2016\/03\/online-kaufen.png\" alt=\"Online Einkaufen bei marinSolar\" width=\"149\" height=\"50\" \/><\/a><\/p>\n<h1>Softblei BS7<\/h1>\n<h2 class=\"bodytext\">- kann f\u00fcr nahezu alle Foto- und Videogeh\u00e4use genutzt werden<\/h2>\n<h6>Bestellcode: BS7<\/h6>\n<p>&nbsp;<\/p>\n<p class=\"bodytext\">Das <strong>Softblei BS7<\/strong> l\u00e4sst sich in nahezu allen Foto- und Videogeh\u00e4usen der Firma ewa-marine verwenden. Es ist in schwarze Kunststoff Taschen verpackt und kann daher Ihre Kamera nicht verkratzen.<\/p>\n<p class=\"bodytext\">Das Softblei BS7 <strong>wiegt je 0,75 kg.<\/strong><\/p>\n<p class=\"bodytext\">Bitte beachten Sie, dass sich die flexiblen Geh\u00e4use bez\u00fcglich des Wasserdrucks genauso wie der Taucher selbst verhalten. Gem\u00e4\u00df dem Gesetz von Boyle-Mariotte (Druck x Volumen = konstant) nimmt das Volumen der Luft im Geh\u00e4use (genau wie das in den Lungen, im Jacket und der Luftblasen im Neoprenanzug) mit zunehmender Tauchtiefe ab. Mit anderen Worten: Ein Geh\u00e4use, das an der Oberfl\u00e4che Auftrieb hat, ist bei einer gewissen Tauchtiefe neutral und hat danach einen gewissen Abtrieb. Dieser Punkt kann mittels der Bleie und der Luftmenge im Geh\u00e4use mit etwas \u00dcbung vor dem Tauchgang \"eingestellt\" werden.<\/p>\n<p>&nbsp;<\/p>\n<\/div><\/div><\/div><div id=\"panel-501-0-1-1\" class=\"so-panel widget widget_black-studio-tinymce widget_black_studio_tinymce panel-last-child\" data-index=\"3\" ><div class=\"textwidget\">\n<div class=\"panel-group\" id=\"accordionname68\"><div class=\"panel panel-default\"><div class=\"panel-heading\"><a class=\"accordion-toggle collapsed\" data-toggle=\"collapse\" data-parent=\"#accordionname68\" href=\"#collapse680\"><h5><i class=\"kt-icon-minus primary-color\"><\/i><i class=\"kt-icon-plus\"><\/i>Technische Daten<\/h5><\/a><\/div><div id=\"collapse680\" class=\"panel-collapse collapse \"><div class=\"panel-body postclass\"> L\u00e4nge:\u00a0\u00a0 148 mm<br \/> Breite:\u00a0\u00a0\u00a0 70 mm<br \/> H\u00f6he:\u00a0\u00a0\u00a0\u00a0 20 mm<br \/> Gewicht: 0,75 kg<br \/><\/div><\/div><\/div><\/div>\n\n<\/div><\/div><\/div><\/div><\/div><\/div>","protected":false},"excerpt":{"rendered":"<p>\u00a0 Softblei BS7 &#8211; kann f\u00fcr nahezu alle Foto- und Videogeh\u00e4use genutzt werden Bestellcode: BS7 &nbsp; Das Softblei BS7 l\u00e4sst sich in nahezu allen Foto- und Videogeh\u00e4usen der Firma ewa-marine verwenden. Es ist in schwarze Kunststoff Taschen verpackt und kann daher Ihre Kamera nicht verkratzen. Das Softblei BS7 wiegt je 0,75 kg. Bitte beachten Sie, dass sich die flexiblen Geh\u00e4use bez\u00fcglich des Wasserdrucks genauso wie der Taucher selbst verhalten. Gem\u00e4\u00df dem Gesetz von Boyle-Mariotte (Druck x Volumen = konstant) nimmt &hellip; <a href=\"https:\/\/ewa-marine.com\/de\/products\/zubehoer\/bs7\/\">Weiterlesen<\/a><\/p>\n","protected":false},"author":2,"featured_media":267,"parent":604,"menu_order":5,"comment_status":"closed","ping_status":"closed","template":"","meta":{"kt_blocks_editor_width":"","footnotes":""},"class_list":["post-501","page","type-page","status-publish","has-post-thumbnail","hentry"],"yoast_head":"<!-- This site is optimized with the Yoast SEO plugin v27.4 - https:\/\/yoast.com\/product\/yoast-seo-wordpress\/ -->\n<title>Softblei BS7<\/title>\n<meta name=\"description\" content=\"Ein Geh\u00e4use, das an der Oberfl\u00e4che Auftrieb hat, hat danach einen gewissen Abtrieb. Dies kann mit dem Softblei BS7 &quot;eingestellt&quot; werden.\" \/>\n<meta name=\"robots\" content=\"index, follow, max-snippet:-1, max-image-preview:large, max-video-preview:-1\" \/>\n<link rel=\"canonical\" href=\"https:\/\/ewa-marine.com\/de\/products\/zubehoer\/bs7\/\" \/>\n<meta property=\"og:locale\" content=\"de_DE\" \/>\n<meta property=\"og:type\" content=\"article\" \/>\n<meta property=\"og:title\" content=\"Softblei BS7\" \/>\n<meta property=\"og:description\" content=\"Ein Geh\u00e4use, das an der Oberfl\u00e4che Auftrieb hat, hat danach einen gewissen Abtrieb. Dies kann mit dem Softblei BS7 &quot;eingestellt&quot; werden.\" \/>\n<meta property=\"og:url\" content=\"https:\/\/ewa-marine.com\/de\/products\/zubehoer\/bs7\/\" \/>\n<meta property=\"og:site_name\" content=\"ewa-marine\" \/>\n<meta property=\"article:publisher\" content=\"https:\/\/www.facebook.com\/ewa-marine\" \/>\n<meta property=\"article:modified_time\" content=\"2018-07-24T20:41:28+00:00\" \/>\n<meta property=\"og:image\" content=\"https:\/\/ewa-marine.com\/wp-content\/uploads\/2015\/07\/BS7.jpg\" \/>\n\t<meta property=\"og:image:width\" content=\"200\" \/>\n\t<meta property=\"og:image:height\" content=\"200\" \/>\n\t<meta property=\"og:image:type\" content=\"image\/jpeg\" \/>\n<meta name=\"twitter:card\" content=\"summary_large_image\" \/>\n<meta name=\"twitter:site\" content=\"@ewa_marine\" \/>\n<meta name=\"twitter:label1\" content=\"Gesch\u00e4tzte Lesezeit\" \/>\n\t<meta name=\"twitter:data1\" content=\"1\u00a0Minute\" \/>\n<script type=\"application\/ld+json\" class=\"yoast-schema-graph\">{\"@context\":\"https:\\\/\\\/schema.org\",\"@graph\":[{\"@type\":\"WebPage\",\"@id\":\"https:\\\/\\\/ewa-marine.com\\\/de\\\/products\\\/zubehoer\\\/bs7\\\/\",\"url\":\"https:\\\/\\\/ewa-marine.com\\\/de\\\/products\\\/zubehoer\\\/bs7\\\/\",\"name\":\"Softblei BS7\",\"isPartOf\":{\"@id\":\"https:\\\/\\\/ewa-marine.com\\\/de\\\/#website\"},\"primaryImageOfPage\":{\"@id\":\"https:\\\/\\\/ewa-marine.com\\\/de\\\/products\\\/zubehoer\\\/bs7\\\/#primaryimage\"},\"image\":{\"@id\":\"https:\\\/\\\/ewa-marine.com\\\/de\\\/products\\\/zubehoer\\\/bs7\\\/#primaryimage\"},\"thumbnailUrl\":\"https:\\\/\\\/ewa-marine.com\\\/wp-content\\\/uploads\\\/2015\\\/07\\\/BS7.jpg\",\"datePublished\":\"2015-07-08T12:32:26+00:00\",\"dateModified\":\"2018-07-24T20:41:28+00:00\",\"description\":\"Ein Geh\u00e4use, das an der Oberfl\u00e4che Auftrieb hat, hat danach einen gewissen Abtrieb. Dies kann mit dem Softblei BS7 \\\"eingestellt\\\" werden.\",\"breadcrumb\":{\"@id\":\"https:\\\/\\\/ewa-marine.com\\\/de\\\/products\\\/zubehoer\\\/bs7\\\/#breadcrumb\"},\"inLanguage\":\"de\",\"potentialAction\":[{\"@type\":\"ReadAction\",\"target\":[\"https:\\\/\\\/ewa-marine.com\\\/de\\\/products\\\/zubehoer\\\/bs7\\\/\"]}]},{\"@type\":\"ImageObject\",\"inLanguage\":\"de\",\"@id\":\"https:\\\/\\\/ewa-marine.com\\\/de\\\/products\\\/zubehoer\\\/bs7\\\/#primaryimage\",\"url\":\"https:\\\/\\\/ewa-marine.com\\\/wp-content\\\/uploads\\\/2015\\\/07\\\/BS7.jpg\",\"contentUrl\":\"https:\\\/\\\/ewa-marine.com\\\/wp-content\\\/uploads\\\/2015\\\/07\\\/BS7.jpg\",\"width\":200,\"height\":200},{\"@type\":\"BreadcrumbList\",\"@id\":\"https:\\\/\\\/ewa-marine.com\\\/de\\\/products\\\/zubehoer\\\/bs7\\\/#breadcrumb\",\"itemListElement\":[{\"@type\":\"ListItem\",\"position\":1,\"name\":\"Startseite\",\"item\":\"https:\\\/\\\/www.ewa-marine.de\\\/\"},{\"@type\":\"ListItem\",\"position\":2,\"name\":\"Produkte\",\"item\":\"https:\\\/\\\/www.ewa-marine.de\\\/products\\\/\"},{\"@type\":\"ListItem\",\"position\":3,\"name\":\"Zubeh\u00f6r\",\"item\":\"https:\\\/\\\/www.ewa-marine.de\\\/products\\\/zubehoer\\\/\"},{\"@type\":\"ListItem\",\"position\":4,\"name\":\"BS7 Softblei\"}]},{\"@type\":\"WebSite\",\"@id\":\"https:\\\/\\\/ewa-marine.com\\\/de\\\/#website\",\"url\":\"https:\\\/\\\/ewa-marine.com\\\/de\\\/\",\"name\":\"ewa-marine\",\"description\":\"Capture the Extreme !\",\"potentialAction\":[{\"@type\":\"SearchAction\",\"target\":{\"@type\":\"EntryPoint\",\"urlTemplate\":\"https:\\\/\\\/ewa-marine.com\\\/de\\\/?s={search_term_string}\"},\"query-input\":{\"@type\":\"PropertyValueSpecification\",\"valueRequired\":true,\"valueName\":\"search_term_string\"}}],\"inLanguage\":\"de\"}]}<\/script>\n<!-- \/ Yoast SEO plugin. -->","yoast_head_json":{"title":"Softblei BS7","description":"Ein Geh\u00e4use, das an der Oberfl\u00e4che Auftrieb hat, hat danach einen gewissen Abtrieb. Dies kann mit dem Softblei BS7 \"eingestellt\" werden.","robots":{"index":"index","follow":"follow","max-snippet":"max-snippet:-1","max-image-preview":"max-image-preview:large","max-video-preview":"max-video-preview:-1"},"canonical":"https:\/\/ewa-marine.com\/de\/products\/zubehoer\/bs7\/","og_locale":"de_DE","og_type":"article","og_title":"Softblei BS7","og_description":"Ein Geh\u00e4use, das an der Oberfl\u00e4che Auftrieb hat, hat danach einen gewissen Abtrieb. Dies kann mit dem Softblei BS7 \"eingestellt\" werden.","og_url":"https:\/\/ewa-marine.com\/de\/products\/zubehoer\/bs7\/","og_site_name":"ewa-marine","article_publisher":"https:\/\/www.facebook.com\/ewa-marine","article_modified_time":"2018-07-24T20:41:28+00:00","og_image":[{"width":200,"height":200,"url":"https:\/\/ewa-marine.com\/wp-content\/uploads\/2015\/07\/BS7.jpg","type":"image\/jpeg"}],"twitter_card":"summary_large_image","twitter_site":"@ewa_marine","twitter_misc":{"Gesch\u00e4tzte Lesezeit":"1\u00a0Minute"},"schema":{"@context":"https:\/\/schema.org","@graph":[{"@type":"WebPage","@id":"https:\/\/ewa-marine.com\/de\/products\/zubehoer\/bs7\/","url":"https:\/\/ewa-marine.com\/de\/products\/zubehoer\/bs7\/","name":"Softblei BS7","isPartOf":{"@id":"https:\/\/ewa-marine.com\/de\/#website"},"primaryImageOfPage":{"@id":"https:\/\/ewa-marine.com\/de\/products\/zubehoer\/bs7\/#primaryimage"},"image":{"@id":"https:\/\/ewa-marine.com\/de\/products\/zubehoer\/bs7\/#primaryimage"},"thumbnailUrl":"https:\/\/ewa-marine.com\/wp-content\/uploads\/2015\/07\/BS7.jpg","datePublished":"2015-07-08T12:32:26+00:00","dateModified":"2018-07-24T20:41:28+00:00","description":"Ein Geh\u00e4use, das an der Oberfl\u00e4che Auftrieb hat, hat danach einen gewissen Abtrieb. Dies kann mit dem Softblei BS7 \"eingestellt\" werden.","breadcrumb":{"@id":"https:\/\/ewa-marine.com\/de\/products\/zubehoer\/bs7\/#breadcrumb"},"inLanguage":"de","potentialAction":[{"@type":"ReadAction","target":["https:\/\/ewa-marine.com\/de\/products\/zubehoer\/bs7\/"]}]},{"@type":"ImageObject","inLanguage":"de","@id":"https:\/\/ewa-marine.com\/de\/products\/zubehoer\/bs7\/#primaryimage","url":"https:\/\/ewa-marine.com\/wp-content\/uploads\/2015\/07\/BS7.jpg","contentUrl":"https:\/\/ewa-marine.com\/wp-content\/uploads\/2015\/07\/BS7.jpg","width":200,"height":200},{"@type":"BreadcrumbList","@id":"https:\/\/ewa-marine.com\/de\/products\/zubehoer\/bs7\/#breadcrumb","itemListElement":[{"@type":"ListItem","position":1,"name":"Startseite","item":"https:\/\/www.ewa-marine.de\/"},{"@type":"ListItem","position":2,"name":"Produkte","item":"https:\/\/www.ewa-marine.de\/products\/"},{"@type":"ListItem","position":3,"name":"Zubeh\u00f6r","item":"https:\/\/www.ewa-marine.de\/products\/zubehoer\/"},{"@type":"ListItem","position":4,"name":"BS7 Softblei"}]},{"@type":"WebSite","@id":"https:\/\/ewa-marine.com\/de\/#website","url":"https:\/\/ewa-marine.com\/de\/","name":"ewa-marine","description":"Capture the Extreme !","potentialAction":[{"@type":"SearchAction","target":{"@type":"EntryPoint","urlTemplate":"https:\/\/ewa-marine.com\/de\/?s={search_term_string}"},"query-input":{"@type":"PropertyValueSpecification","valueRequired":true,"valueName":"search_term_string"}}],"inLanguage":"de"}]}},"_links":{"self":[{"href":"https:\/\/ewa-marine.com\/de\/wp-json\/wp\/v2\/pages\/501","targetHints":{"allow":["GET"]}}],"collection":[{"href":"https:\/\/ewa-marine.com\/de\/wp-json\/wp\/v2\/pages"}],"about":[{"href":"https:\/\/ewa-marine.com\/de\/wp-json\/wp\/v2\/types\/page"}],"author":[{"embeddable":true,"href":"https:\/\/ewa-marine.com\/de\/wp-json\/wp\/v2\/users\/2"}],"replies":[{"embeddable":true,"href":"https:\/\/ewa-marine.com\/de\/wp-json\/wp\/v2\/comments?post=501"}],"version-history":[{"count":0,"href":"https:\/\/ewa-marine.com\/de\/wp-json\/wp\/v2\/pages\/501\/revisions"}],"up":[{"embeddable":true,"href":"https:\/\/ewa-marine.com\/de\/wp-json\/wp\/v2\/pages\/604"}],"wp:featuredmedia":[{"embeddable":true,"href":"https:\/\/ewa-marine.com\/de\/wp-json\/wp\/v2\/media\/267"}],"wp:attachment":[{"href":"https:\/\/ewa-marine.com\/de\/wp-json\/wp\/v2\/media?parent=501"}],"curies":[{"name":"wp","href":"https:\/\/api.w.org\/{rel}","templated":true}]}}