{"id":5104,"date":"2016-12-29T09:05:33","date_gmt":"2016-12-29T08:05:33","guid":{"rendered":"http:\/\/www.dicapac.de\/de\/?page_id=5104"},"modified":"2023-09-13T20:10:14","modified_gmt":"2023-09-13T18:10:14","slug":"ikelite","status":"publish","type":"page","link":"https:\/\/ewa-marine.com\/de\/products\/ikelite\/","title":{"rendered":"Ikelite"},"content":{"rendered":"<div id=\"pl-5104\"  class=\"panel-layout\" ><div id=\"pg-5104-0\"  class=\"panel-grid panel-no-style\" ><div id=\"pgc-5104-0-0\"  class=\"panel-grid-cell\" ><div id=\"panel-5104-0-0-0\" class=\"so-panel widget widget_sow-editor panel-first-child panel-last-child\" data-index=\"0\" ><div\n\t\t\t\n\t\t\tclass=\"so-widget-sow-editor so-widget-sow-editor-base\"\n\t\t\t\n\t\t>\n<div class=\"siteorigin-widget-tinymce textwidget\">\n\t<h1>Ikelite<\/h1>\n<h2>Wir sind die offizielle Werksvertretung der Marke Ikelite f\u00fcr Deutschland und \u00d6sterreich<\/h2>\n<p>Kosteng\u00fcnstige, transparente Geh\u00e4use aus stabilem Polycarbonat und robuste Taucherlampen f\u00fcr den engagierten Taucher<\/p>\n<p align=\"center\">\"made in the USA\" seit 1962, von Tauchern, f\u00fcr den Taucher<\/p>\n<\/div>\n<\/div><\/div><\/div><\/div><div id=\"pg-5104-1\"  class=\"panel-grid panel-no-style\" ><div id=\"pgc-5104-1-0\"  class=\"panel-grid-cell\" ><div id=\"panel-5104-1-0-0\" class=\"so-panel widget widget_kadence_simple_image kadence_simple_image panel-first-child panel-last-child\" data-index=\"1\" ><div class=\"kad_img_upload_widget  kt-shape-type- kt-image-align-center kt-image-widget-widget-1-0-0\"><a href=\"https:\/\/ewa-marine.com\/wp-content\/uploads\/2016\/12\/6870.80-canon-80d.jpg\" rel=\"lightbox\"><div class=\"kt-image-contain  \"><div class=\"kt-image-inner-contain\"><img loading=\"lazy\" decoding=\"async\" width=\"200\" height=\"200\" src=\"https:\/\/ewa-marine.com\/wp-content\/uploads\/2016\/12\/6870.80-canon-80d.jpg\" class=\"attachment-full size-full\" alt=\"Ikelite 6870.80 f\u00fcr Canon 80d\" srcset=\"https:\/\/ewa-marine.com\/wp-content\/uploads\/2016\/12\/6870.80-canon-80d.jpg 200w, https:\/\/ewa-marine.com\/wp-content\/uploads\/2016\/12\/6870.80-canon-80d-150x150.jpg 150w, https:\/\/ewa-marine.com\/wp-content\/uploads\/2016\/12\/6870.80-canon-80d-60x60.jpg 60w\" sizes=\"auto, (max-width: 200px) 100vw, 200px\" \/><\/div><\/div><\/a><\/div><\/div><\/div><div id=\"pgc-5104-1-1\"  class=\"panel-grid-cell\" ><div id=\"panel-5104-1-1-0\" class=\"so-panel widget widget_kadence_simple_image kadence_simple_image panel-first-child panel-last-child\" data-index=\"2\" ><div class=\"kad_img_upload_widget  kt-shape-type- kt-image-align-center kt-image-widget-widget-1-1-0\"><a href=\"https:\/\/ewa-marine.com\/wp-content\/uploads\/2016\/12\/index.jpg\" rel=\"lightbox\"><div class=\"kt-image-contain  \"><div class=\"kt-image-inner-contain\"><img loading=\"lazy\" decoding=\"async\" width=\"200\" height=\"200\" src=\"https:\/\/ewa-marine.com\/wp-content\/uploads\/2016\/12\/index.jpg\" class=\"attachment-full size-full\" alt=\"Ikelite underwater light\" srcset=\"https:\/\/ewa-marine.com\/wp-content\/uploads\/2016\/12\/index.jpg 200w, https:\/\/ewa-marine.com\/wp-content\/uploads\/2016\/12\/index-150x150.jpg 150w, https:\/\/ewa-marine.com\/wp-content\/uploads\/2016\/12\/index-60x60.jpg 60w\" sizes=\"auto, (max-width: 200px) 100vw, 200px\" \/><\/div><\/div><\/a><\/div><\/div><\/div><div id=\"pgc-5104-1-2\"  class=\"panel-grid-cell\" ><div id=\"panel-5104-1-2-0\" class=\"so-panel widget widget_kadence_simple_image kadence_simple_image panel-first-child panel-last-child\" data-index=\"3\" ><div class=\"kad_img_upload_widget  kt-shape-type- kt-image-align-center kt-image-widget-widget-1-2-0\"><a href=\"https:\/\/ewa-marine.com\/wp-content\/uploads\/2016\/12\/6146.08-canon-g7x-mark-ii-1.jpg\" rel=\"lightbox\"><div class=\"kt-image-contain  \"><div class=\"kt-image-inner-contain\"><img loading=\"lazy\" decoding=\"async\" width=\"200\" height=\"200\" src=\"https:\/\/ewa-marine.com\/wp-content\/uploads\/2016\/12\/6146.08-canon-g7x-mark-ii-1.jpg\" class=\"attachment-full size-full\" alt=\"Ikelite 6146.08 f\u00fcr Canon G7x\" srcset=\"https:\/\/ewa-marine.com\/wp-content\/uploads\/2016\/12\/6146.08-canon-g7x-mark-ii-1.jpg 200w, https:\/\/ewa-marine.com\/wp-content\/uploads\/2016\/12\/6146.08-canon-g7x-mark-ii-1-150x150.jpg 150w, https:\/\/ewa-marine.com\/wp-content\/uploads\/2016\/12\/6146.08-canon-g7x-mark-ii-1-60x60.jpg 60w\" sizes=\"auto, (max-width: 200px) 100vw, 200px\" \/><\/div><\/div><\/a><\/div><\/div><\/div><\/div><div id=\"pg-5104-2\"  class=\"panel-grid panel-no-style\" ><div id=\"pgc-5104-2-0\"  class=\"panel-grid-cell\" ><div id=\"panel-5104-2-0-0\" class=\"so-panel widget widget_sow-editor panel-first-child panel-last-child\" data-index=\"4\" ><div\n\t\t\t\n\t\t\tclass=\"so-widget-sow-editor so-widget-sow-editor-base\"\n\t\t\t\n\t\t>\n<div class=\"siteorigin-widget-tinymce textwidget\">\n\t<p>Ikelite ist ein in den USA ans\u00e4ssiger Hersteller mit Sitz in Indianapolis, Indiana. Seit 1962 widmet sich Ikelite Qualit\u00e4tsprodukt und der Innovation im Bereich Unterwasserfotografie und Beleuchtung. Angefangen hat es mit der ersten, kommerziellen Taucherlampe. Seitdem kann Ikelite auch einige anderen \"Erste\" beanspruchen:<\/p>\n<ul>\n<li style=\"text-align: left;\">\u00a0 Tauchkompass mit drehbarer L\u00fcnette<\/li>\n<li style=\"text-align: left;\">\u00a0 Digitales Tauchlogbuch mit automatischer Zeitschaltuhr (patentiert)<\/li>\n<li style=\"text-align: left;\">\u00a0 Geh\u00e4use zu verwenden Deckel Snap Verschl\u00fcsse<\/li>\n<li style=\"text-align: left;\">\u00a0 Unterwasser-Digital-Belichtungsmesser<\/li>\n<li style=\"text-align: left;\">\u00a0 Unterwasser-Tauchleuchte mit Verriegelungsschalter<\/li>\n<li style=\"text-align: left;\">\u00a0 Unterwasserblitzsysteme mit Positionierungsleuchte, akustischem Signal, abnehmbare Akkus, intelligente Aufladung und Batterieleistungsanzeigen<\/li>\n<li style=\"text-align: left;\">\u00a0 Drahtloser TTL-Slave-Sensor<\/li>\n<\/ul>\n<p>Aber es geht nicht nur ums Produkt. Ikelite sucht auch immer wieder neue Wege, um Sie zu inspirieren und Ihnen als Fotograf weiterzuhelfen.<\/p>\n<p style=\"text-align: left;\" align=\"center\">Zu kaufen bei Ihrem \u00f6rtlichen Tauchsport- oder Fortofachh\u00e4ndler oder einfach online in unserem Shop unter <a href=\"https:\/\/www.marinSolar.de\">www.marinSolar.de<\/a><\/p>\n<p style=\"text-align: left;\" align=\"center\">Und Sollten Sie Fragen haben oder Kundendienst order einer Revisionswartung ben\u00f6tigen, schicken Sie uns eine <a href=\"https:\/\/www.marinsolar.de\/kontakt\/\">Mail<\/a> oder rufen Sie uns an unter\u00a0<strong>+49 (0) 81 71- 41 85 20<\/strong>.<\/p>\n<\/div>\n<\/div><\/div><\/div><\/div><\/div>","protected":false},"excerpt":{"rendered":"<p>Ikelite Wir sind die offizielle Werksvertretung der Marke Ikelite f\u00fcr Deutschland und \u00d6sterreich Kosteng\u00fcnstige, transparente Geh\u00e4use aus stabilem Polycarbonat und robuste Taucherlampen f\u00fcr den engagierten Taucher &#8222;made in the USA&#8220; seit 1962, von Tauchern, f\u00fcr den Taucher<\/p>\n","protected":false},"author":1,"featured_media":5133,"parent":146,"menu_order":8,"comment_status":"closed","ping_status":"closed","template":"","meta":{"kt_blocks_editor_width":"","footnotes":""},"class_list":["post-5104","page","type-page","status-publish","has-post-thumbnail","hentry"],"yoast_head":"<!-- This site is optimized with the Yoast SEO plugin v27.3 - https:\/\/yoast.com\/product\/yoast-seo-wordpress\/ -->\n<title>Ikelite Unterwassergeh\u00e4use und Taucherlampen in Deutschland\/\u00d6sterreich<\/title>\n<meta name=\"description\" content=\"Kosteng\u00fcnstige Unterwassergeh\u00e4use aus stabilem Makrolon \/ Polycarbonat und robuste Taucherlampen f\u00fcr den engagierten Taucher. &quot;Made in the USA&quot; seit 1962\" \/>\n<meta name=\"robots\" content=\"index, follow, max-snippet:-1, max-image-preview:large, max-video-preview:-1\" \/>\n<link rel=\"canonical\" href=\"https:\/\/ewa-marine.com\/de\/products\/ikelite\/\" \/>\n<meta property=\"og:locale\" content=\"de_DE\" \/>\n<meta property=\"og:type\" content=\"article\" \/>\n<meta property=\"og:title\" content=\"Ikelite Unterwassergeh\u00e4use und Taucherlampen in Deutschland\/\u00d6sterreich\" \/>\n<meta property=\"og:description\" content=\"Kosteng\u00fcnstige Unterwassergeh\u00e4use aus stabilem Makrolon \/ Polycarbonat und robuste Taucherlampen f\u00fcr den engagierten Taucher. &quot;Made in the USA&quot; seit 1962\" \/>\n<meta property=\"og:url\" content=\"https:\/\/ewa-marine.com\/de\/products\/ikelite\/\" \/>\n<meta property=\"og:site_name\" content=\"ewa-marine\" \/>\n<meta property=\"article:publisher\" content=\"https:\/\/www.facebook.com\/ewa-marine\" \/>\n<meta property=\"article:modified_time\" content=\"2023-09-13T18:10:14+00:00\" \/>\n<meta property=\"og:image\" content=\"https:\/\/ewa-marine.com\/wp-content\/uploads\/2016\/12\/ikelite2013.jpg\" \/>\n\t<meta property=\"og:image:width\" content=\"177\" \/>\n\t<meta property=\"og:image:height\" content=\"127\" \/>\n\t<meta property=\"og:image:type\" content=\"image\/jpeg\" \/>\n<meta name=\"twitter:card\" content=\"summary_large_image\" \/>\n<meta name=\"twitter:site\" content=\"@ewa_marine\" \/>\n<meta name=\"twitter:label1\" content=\"Gesch\u00e4tzte Lesezeit\" \/>\n\t<meta name=\"twitter:data1\" content=\"2\u00a0Minuten\" \/>\n<script type=\"application\/ld+json\" class=\"yoast-schema-graph\">{\"@context\":\"https:\\\/\\\/schema.org\",\"@graph\":[{\"@type\":\"WebPage\",\"@id\":\"https:\\\/\\\/ewa-marine.com\\\/de\\\/products\\\/ikelite\\\/\",\"url\":\"https:\\\/\\\/ewa-marine.com\\\/de\\\/products\\\/ikelite\\\/\",\"name\":\"Ikelite Unterwassergeh\u00e4use und Taucherlampen in Deutschland\\\/\u00d6sterreich\",\"isPartOf\":{\"@id\":\"https:\\\/\\\/ewa-marine.com\\\/de\\\/#website\"},\"primaryImageOfPage\":{\"@id\":\"https:\\\/\\\/ewa-marine.com\\\/de\\\/products\\\/ikelite\\\/#primaryimage\"},\"image\":{\"@id\":\"https:\\\/\\\/ewa-marine.com\\\/de\\\/products\\\/ikelite\\\/#primaryimage\"},\"thumbnailUrl\":\"https:\\\/\\\/ewa-marine.com\\\/wp-content\\\/uploads\\\/2016\\\/12\\\/ikelite2013.jpg\",\"datePublished\":\"2016-12-29T08:05:33+00:00\",\"dateModified\":\"2023-09-13T18:10:14+00:00\",\"description\":\"Kosteng\u00fcnstige Unterwassergeh\u00e4use aus stabilem Makrolon \\\/ Polycarbonat und robuste Taucherlampen f\u00fcr den engagierten Taucher. \\\"Made in the USA\\\" seit 1962\",\"breadcrumb\":{\"@id\":\"https:\\\/\\\/ewa-marine.com\\\/de\\\/products\\\/ikelite\\\/#breadcrumb\"},\"inLanguage\":\"de\",\"potentialAction\":[{\"@type\":\"ReadAction\",\"target\":[\"https:\\\/\\\/ewa-marine.com\\\/de\\\/products\\\/ikelite\\\/\"]}]},{\"@type\":\"ImageObject\",\"inLanguage\":\"de\",\"@id\":\"https:\\\/\\\/ewa-marine.com\\\/de\\\/products\\\/ikelite\\\/#primaryimage\",\"url\":\"https:\\\/\\\/ewa-marine.com\\\/wp-content\\\/uploads\\\/2016\\\/12\\\/ikelite2013.jpg\",\"contentUrl\":\"https:\\\/\\\/ewa-marine.com\\\/wp-content\\\/uploads\\\/2016\\\/12\\\/ikelite2013.jpg\",\"width\":177,\"height\":127,\"caption\":\"Ikelite Unterwassergeh\u00e4use logo\"},{\"@type\":\"BreadcrumbList\",\"@id\":\"https:\\\/\\\/ewa-marine.com\\\/de\\\/products\\\/ikelite\\\/#breadcrumb\",\"itemListElement\":[{\"@type\":\"ListItem\",\"position\":1,\"name\":\"Startseite\",\"item\":\"https:\\\/\\\/www.ewa-marine.de\\\/\"},{\"@type\":\"ListItem\",\"position\":2,\"name\":\"Produkte\",\"item\":\"https:\\\/\\\/www.ewa-marine.de\\\/products\\\/\"},{\"@type\":\"ListItem\",\"position\":3,\"name\":\"Ikelite\"}]},{\"@type\":\"WebSite\",\"@id\":\"https:\\\/\\\/ewa-marine.com\\\/de\\\/#website\",\"url\":\"https:\\\/\\\/ewa-marine.com\\\/de\\\/\",\"name\":\"ewa-marine\",\"description\":\"Capture the Extreme !\",\"potentialAction\":[{\"@type\":\"SearchAction\",\"target\":{\"@type\":\"EntryPoint\",\"urlTemplate\":\"https:\\\/\\\/ewa-marine.com\\\/de\\\/?s={search_term_string}\"},\"query-input\":{\"@type\":\"PropertyValueSpecification\",\"valueRequired\":true,\"valueName\":\"search_term_string\"}}],\"inLanguage\":\"de\"}]}<\/script>\n<!-- \/ Yoast SEO plugin. -->","yoast_head_json":{"title":"Ikelite Unterwassergeh\u00e4use und Taucherlampen in Deutschland\/\u00d6sterreich","description":"Kosteng\u00fcnstige Unterwassergeh\u00e4use aus stabilem Makrolon \/ Polycarbonat und robuste Taucherlampen f\u00fcr den engagierten Taucher. \"Made in the USA\" seit 1962","robots":{"index":"index","follow":"follow","max-snippet":"max-snippet:-1","max-image-preview":"max-image-preview:large","max-video-preview":"max-video-preview:-1"},"canonical":"https:\/\/ewa-marine.com\/de\/products\/ikelite\/","og_locale":"de_DE","og_type":"article","og_title":"Ikelite Unterwassergeh\u00e4use und Taucherlampen in Deutschland\/\u00d6sterreich","og_description":"Kosteng\u00fcnstige Unterwassergeh\u00e4use aus stabilem Makrolon \/ Polycarbonat und robuste Taucherlampen f\u00fcr den engagierten Taucher. \"Made in the USA\" seit 1962","og_url":"https:\/\/ewa-marine.com\/de\/products\/ikelite\/","og_site_name":"ewa-marine","article_publisher":"https:\/\/www.facebook.com\/ewa-marine","article_modified_time":"2023-09-13T18:10:14+00:00","og_image":[{"width":177,"height":127,"url":"https:\/\/ewa-marine.com\/wp-content\/uploads\/2016\/12\/ikelite2013.jpg","type":"image\/jpeg"}],"twitter_card":"summary_large_image","twitter_site":"@ewa_marine","twitter_misc":{"Gesch\u00e4tzte Lesezeit":"2\u00a0Minuten"},"schema":{"@context":"https:\/\/schema.org","@graph":[{"@type":"WebPage","@id":"https:\/\/ewa-marine.com\/de\/products\/ikelite\/","url":"https:\/\/ewa-marine.com\/de\/products\/ikelite\/","name":"Ikelite Unterwassergeh\u00e4use und Taucherlampen in Deutschland\/\u00d6sterreich","isPartOf":{"@id":"https:\/\/ewa-marine.com\/de\/#website"},"primaryImageOfPage":{"@id":"https:\/\/ewa-marine.com\/de\/products\/ikelite\/#primaryimage"},"image":{"@id":"https:\/\/ewa-marine.com\/de\/products\/ikelite\/#primaryimage"},"thumbnailUrl":"https:\/\/ewa-marine.com\/wp-content\/uploads\/2016\/12\/ikelite2013.jpg","datePublished":"2016-12-29T08:05:33+00:00","dateModified":"2023-09-13T18:10:14+00:00","description":"Kosteng\u00fcnstige Unterwassergeh\u00e4use aus stabilem Makrolon \/ Polycarbonat und robuste Taucherlampen f\u00fcr den engagierten Taucher. \"Made in the USA\" seit 1962","breadcrumb":{"@id":"https:\/\/ewa-marine.com\/de\/products\/ikelite\/#breadcrumb"},"inLanguage":"de","potentialAction":[{"@type":"ReadAction","target":["https:\/\/ewa-marine.com\/de\/products\/ikelite\/"]}]},{"@type":"ImageObject","inLanguage":"de","@id":"https:\/\/ewa-marine.com\/de\/products\/ikelite\/#primaryimage","url":"https:\/\/ewa-marine.com\/wp-content\/uploads\/2016\/12\/ikelite2013.jpg","contentUrl":"https:\/\/ewa-marine.com\/wp-content\/uploads\/2016\/12\/ikelite2013.jpg","width":177,"height":127,"caption":"Ikelite Unterwassergeh\u00e4use logo"},{"@type":"BreadcrumbList","@id":"https:\/\/ewa-marine.com\/de\/products\/ikelite\/#breadcrumb","itemListElement":[{"@type":"ListItem","position":1,"name":"Startseite","item":"https:\/\/www.ewa-marine.de\/"},{"@type":"ListItem","position":2,"name":"Produkte","item":"https:\/\/www.ewa-marine.de\/products\/"},{"@type":"ListItem","position":3,"name":"Ikelite"}]},{"@type":"WebSite","@id":"https:\/\/ewa-marine.com\/de\/#website","url":"https:\/\/ewa-marine.com\/de\/","name":"ewa-marine","description":"Capture the Extreme !","potentialAction":[{"@type":"SearchAction","target":{"@type":"EntryPoint","urlTemplate":"https:\/\/ewa-marine.com\/de\/?s={search_term_string}"},"query-input":{"@type":"PropertyValueSpecification","valueRequired":true,"valueName":"search_term_string"}}],"inLanguage":"de"}]}},"_links":{"self":[{"href":"https:\/\/ewa-marine.com\/de\/wp-json\/wp\/v2\/pages\/5104","targetHints":{"allow":["GET"]}}],"collection":[{"href":"https:\/\/ewa-marine.com\/de\/wp-json\/wp\/v2\/pages"}],"about":[{"href":"https:\/\/ewa-marine.com\/de\/wp-json\/wp\/v2\/types\/page"}],"author":[{"embeddable":true,"href":"https:\/\/ewa-marine.com\/de\/wp-json\/wp\/v2\/users\/1"}],"replies":[{"embeddable":true,"href":"https:\/\/ewa-marine.com\/de\/wp-json\/wp\/v2\/comments?post=5104"}],"version-history":[{"count":3,"href":"https:\/\/ewa-marine.com\/de\/wp-json\/wp\/v2\/pages\/5104\/revisions"}],"predecessor-version":[{"id":33946,"href":"https:\/\/ewa-marine.com\/de\/wp-json\/wp\/v2\/pages\/5104\/revisions\/33946"}],"up":[{"embeddable":true,"href":"https:\/\/ewa-marine.com\/de\/wp-json\/wp\/v2\/pages\/146"}],"wp:featuredmedia":[{"embeddable":true,"href":"https:\/\/ewa-marine.com\/de\/wp-json\/wp\/v2\/media\/5133"}],"wp:attachment":[{"href":"https:\/\/ewa-marine.com\/de\/wp-json\/wp\/v2\/media?parent=5104"}],"curies":[{"name":"wp","href":"https:\/\/api.w.org\/{rel}","templated":true}]}}