{"id":512,"date":"2015-07-08T13:51:21","date_gmt":"2015-07-08T12:51:21","guid":{"rendered":"http:\/\/de.dicapac.de\/?page_id=512"},"modified":"2017-10-26T08:32:31","modified_gmt":"2017-10-26T07:32:31","slug":"stativ-bodenplatte","status":"publish","type":"page","link":"https:\/\/ewa-marine.com\/de\/products\/zubehoer\/stativ-bodenplatte\/","title":{"rendered":"Stativ-Bodenplatte"},"content":{"rendered":"<div id=\"pl-512\"  class=\"panel-layout\" ><div id=\"pg-512-0\"  class=\"panel-grid panel-has-style\" ><div class=\"panel-widget-style panel-row-style panel-row-style-for-512-0\" ><div id=\"pgc-512-0-0\"  class=\"panel-grid-cell\" ><div id=\"panel-512-0-0-0\" class=\"so-panel widget widget_kadence_simple_image kadence_simple_image panel-first-child\" data-index=\"0\" ><div class=\"kad_img_upload_widget  kt-shape-type- kt-image-align-center kt-image-widget-widget-0-0-0\"><a href=\"https:\/\/ewa-marine.com\/wp-content\/uploads\/2015\/07\/tripod_in_river.jpg\" rel=\"lightbox\"><div class=\"kt-image-contain  \"><div class=\"kt-image-inner-contain\"><img decoding=\"async\" src=\"https:\/\/ewa-marine.com\/wp-content\/uploads\/2015\/07\/tripod_in_river.jpg\"><\/div><\/div><\/a><div class=\"kadence_image_widget_caption\">ewa-marine Stativ-Bodenplatte\n<\/div><\/div><\/div><div id=\"panel-512-0-0-1\" class=\"so-panel widget widget_kadence_simple_image kadence_simple_image\" data-index=\"1\" ><div class=\"kad_img_upload_widget  kt-shape-type- kt-image-align-center kt-image-widget-widget-0-0-1\"><a href=\"https:\/\/ewa-marine.com\/wp-content\/uploads\/2015\/07\/tri2-200x200.jpg\" rel=\"lightbox\"><div class=\"kt-image-contain  \"><div class=\"kt-image-inner-contain\"><img decoding=\"async\" src=\"https:\/\/ewa-marine.com\/wp-content\/uploads\/2015\/07\/tri2-200x200.jpg\"><\/div><\/div><\/a><\/div><\/div><div id=\"panel-512-0-0-2\" class=\"so-panel widget widget_black-studio-tinymce widget_black_studio_tinymce panel-last-child\" data-index=\"2\" ><div class=\"textwidget\"><table border=\"0\" width=\"220\" cellpadding=\"5\" align=\"left\"><tbody><tr><td width=\"270\"><img loading=\"lazy\" decoding=\"async\" class=\"alignnone wp-image-227 size-full\" src=\"https:\/\/ewa-marine.com\/wp-content\/uploads\/2015\/07\/made-in-Germany-100x50.gif\" alt=\"ewa-marine, made in Germany since 1947\" width=\"100\" height=\"50\" \/><\/td><td width=\"100\">\u00a0<\/td><\/tr><\/tbody><\/table><\/div><\/div><\/div><div id=\"pgc-512-0-1\"  class=\"panel-grid-cell\" ><div id=\"panel-512-0-1-0\" class=\"so-panel widget widget_black-studio-tinymce widget_black_studio_tinymce panel-first-child panel-last-child\" data-index=\"3\" ><div class=\"panel-widget-style panel-widget-style-for-512-0-1-0\" ><div class=\"textwidget\"><h1 class=\"csc-firstHeader\">Stativ-Bodenplatte<\/h1>\n<h2 class=\"bodytext\">- wird dauerhaft mit dem Geh\u00e4use Ihrer Wahl verbunden<\/h2>\n<h6>Bestellcode: Stativ-Bodenplatte<\/h6>\n<p>\u00a0<\/p>\n<p class=\"bodytext\">Es gibt Momente und Situationen, in denen Sie gerne Ihre Kamera mit dem ewa-marine Unterwassergeh\u00e4use auf einem Stativ, einem Kamerakran oder einfach nur an einer Halterung befestigen wollen?<\/p>\n<p class=\"bodytext\"><strong>Genau f\u00fcr diese F\u00e4lle haben wir die ewa-marine Stativ-Bodenplatte entwickelt!<\/strong><\/p>\n<p class=\"bodytext\">Die Stativ-Bodenplatte wird in unserem Werk montiert und dauerhaft mit dem Geh\u00e4use Ihrer Wahl verbunden. Es ist an der Au\u00dfenseite ein Schraub-Filtergewinde angebracht, sodass es an einem Stativkopf fixiert werden kann.\u00a0Das System beinhaltet eine Verbindungsplatte, \u00e4hnlich wie die auf Stativen, welche Sie an das Stativgewinde Ihrer Kamera anschrauben m\u00fcssen, bevor Sie die Kamera in den Stativkopf \"einklicken\". Beide Seiten haben ein Standart 1\/4\" Gewinde, welche mit allen g\u00e4ngigen Kameras kompatibel ist.<\/p>\n<p class=\"bodytext\">Sollten Sie Interesse an unserer Stativ-Bodenplatte haben, schicken Sie uns bitte einfach \u00fcber das <a href=\"\/kontakt\/\">Kontaktformular<\/a> Ihre Anfrage.<\/p>\n<p>Anmerkung:<br \/>Die Installation der Stativbodenplatte kann die Anzahl der Kameras die danach im Geh\u00e4use eingesetzt werden k\u00f6nnen beeinflussen.<br \/>Im Fall der SLR Geh\u00e4use unserer U-A.. und U-B.. Serien wird das Geh\u00e4use zum Beispiel mit einem Schwamm ausgeliefert, der im Geh\u00e4use unter die Kamera gelegt wird. F\u00fcr den Fall, dass Sie die Kamera mit einem Batteriegriff oder aber unserer Stativbodenplatte benutzen wollen muss dieser Platzhalter jedoch entfernt werden. Folglich k\u00f6nnen aber Kameras mit Batteriegriff oder aber auch Kameras wie die Nikon D4 oder Canon 1DX, die diesen \"Batteriegriff\" im Prinzip schon fest eingebaut haben, nicht mehr in einem dieser Geh\u00e4use benutzt werden, nachdem die Stativbodenplatte montiert wurde.<\/p>\n<\/div><\/div><\/div><\/div><\/div><\/div><\/div>","protected":false},"excerpt":{"rendered":"<p>\u00a0 Stativ-Bodenplatte- wird dauerhaft mit dem Geh\u00e4use Ihrer Wahl verbundenBestellcode: Stativ-Bodenplatte\u00a0Es gibt Momente und Situationen, in denen Sie gerne Ihre Kamera mit dem ewa-marine Unterwassergeh\u00e4use auf einem Stativ, einem Kamerakran oder einfach nur an einer Halterung befestigen wollen?Genau f\u00fcr diese F\u00e4lle haben wir die ewa-marine Stativ-Bodenplatte entwickelt!Die Stativ-Bodenplatte wird in unserem Werk montiert und dauerhaft mit dem Geh\u00e4use Ihrer Wahl verbunden. Es ist an der Au\u00dfenseite ein Schraub-Filtergewinde angebracht, sodass es an einem Stativkopf fixiert werden kann.\u00a0Das System beinhaltet eine &hellip; <a href=\"https:\/\/ewa-marine.com\/de\/products\/zubehoer\/stativ-bodenplatte\/\">Weiterlesen<\/a><\/p>\n","protected":false},"author":2,"featured_media":513,"parent":604,"menu_order":10,"comment_status":"closed","ping_status":"closed","template":"","meta":{"kt_blocks_editor_width":"","footnotes":""},"class_list":["post-512","page","type-page","status-publish","has-post-thumbnail","hentry"],"yoast_head":"<!-- This site is optimized with the Yoast SEO plugin v27.4 - https:\/\/yoast.com\/product\/yoast-seo-wordpress\/ -->\n<title>Stativ-bodenplatte<\/title>\n<meta name=\"description\" content=\"Es gibt Momente und Situationen in denen Sie gerne Ihre Kamera mit dem ewa-marine Unterwassergeh\u00e4use auf einer Stativ-Bodenplatte befestigen wollen?\" \/>\n<meta name=\"robots\" content=\"index, follow, max-snippet:-1, max-image-preview:large, max-video-preview:-1\" \/>\n<link rel=\"canonical\" href=\"https:\/\/ewa-marine.com\/de\/products\/zubehoer\/stativ-bodenplatte\/\" \/>\n<meta property=\"og:locale\" content=\"de_DE\" \/>\n<meta property=\"og:type\" content=\"article\" \/>\n<meta property=\"og:title\" content=\"Stativ-bodenplatte\" \/>\n<meta property=\"og:description\" content=\"Es gibt Momente und Situationen in denen Sie gerne Ihre Kamera mit dem ewa-marine Unterwassergeh\u00e4use auf einer Stativ-Bodenplatte befestigen wollen?\" \/>\n<meta property=\"og:url\" content=\"https:\/\/ewa-marine.com\/de\/products\/zubehoer\/stativ-bodenplatte\/\" \/>\n<meta property=\"og:site_name\" content=\"ewa-marine\" \/>\n<meta property=\"article:publisher\" content=\"https:\/\/www.facebook.com\/ewa-marine\" \/>\n<meta property=\"article:modified_time\" content=\"2017-10-26T07:32:31+00:00\" \/>\n<meta property=\"og:image\" content=\"https:\/\/ewa-marine.com\/wp-content\/uploads\/2015\/07\/tripod_in_river.jpg\" \/>\n\t<meta property=\"og:image:width\" content=\"400\" \/>\n\t<meta property=\"og:image:height\" content=\"400\" \/>\n\t<meta property=\"og:image:type\" content=\"image\/jpeg\" \/>\n<meta name=\"twitter:card\" content=\"summary_large_image\" \/>\n<meta name=\"twitter:site\" content=\"@ewa_marine\" \/>\n<meta name=\"twitter:label1\" content=\"Gesch\u00e4tzte Lesezeit\" \/>\n\t<meta name=\"twitter:data1\" content=\"1\u00a0Minute\" \/>\n<script type=\"application\/ld+json\" class=\"yoast-schema-graph\">{\"@context\":\"https:\\\/\\\/schema.org\",\"@graph\":[{\"@type\":\"WebPage\",\"@id\":\"https:\\\/\\\/ewa-marine.com\\\/de\\\/products\\\/zubehoer\\\/stativ-bodenplatte\\\/\",\"url\":\"https:\\\/\\\/ewa-marine.com\\\/de\\\/products\\\/zubehoer\\\/stativ-bodenplatte\\\/\",\"name\":\"Stativ-bodenplatte\",\"isPartOf\":{\"@id\":\"https:\\\/\\\/ewa-marine.com\\\/de\\\/#website\"},\"primaryImageOfPage\":{\"@id\":\"https:\\\/\\\/ewa-marine.com\\\/de\\\/products\\\/zubehoer\\\/stativ-bodenplatte\\\/#primaryimage\"},\"image\":{\"@id\":\"https:\\\/\\\/ewa-marine.com\\\/de\\\/products\\\/zubehoer\\\/stativ-bodenplatte\\\/#primaryimage\"},\"thumbnailUrl\":\"https:\\\/\\\/ewa-marine.com\\\/wp-content\\\/uploads\\\/2015\\\/07\\\/tripod_in_river.jpg\",\"datePublished\":\"2015-07-08T12:51:21+00:00\",\"dateModified\":\"2017-10-26T07:32:31+00:00\",\"description\":\"Es gibt Momente und Situationen in denen Sie gerne Ihre Kamera mit dem ewa-marine Unterwassergeh\u00e4use auf einer Stativ-Bodenplatte befestigen wollen?\",\"breadcrumb\":{\"@id\":\"https:\\\/\\\/ewa-marine.com\\\/de\\\/products\\\/zubehoer\\\/stativ-bodenplatte\\\/#breadcrumb\"},\"inLanguage\":\"de\",\"potentialAction\":[{\"@type\":\"ReadAction\",\"target\":[\"https:\\\/\\\/ewa-marine.com\\\/de\\\/products\\\/zubehoer\\\/stativ-bodenplatte\\\/\"]}]},{\"@type\":\"ImageObject\",\"inLanguage\":\"de\",\"@id\":\"https:\\\/\\\/ewa-marine.com\\\/de\\\/products\\\/zubehoer\\\/stativ-bodenplatte\\\/#primaryimage\",\"url\":\"https:\\\/\\\/ewa-marine.com\\\/wp-content\\\/uploads\\\/2015\\\/07\\\/tripod_in_river.jpg\",\"contentUrl\":\"https:\\\/\\\/ewa-marine.com\\\/wp-content\\\/uploads\\\/2015\\\/07\\\/tripod_in_river.jpg\",\"width\":400,\"height\":400,\"caption\":\"Stativ-Bodenplatte\"},{\"@type\":\"BreadcrumbList\",\"@id\":\"https:\\\/\\\/ewa-marine.com\\\/de\\\/products\\\/zubehoer\\\/stativ-bodenplatte\\\/#breadcrumb\",\"itemListElement\":[{\"@type\":\"ListItem\",\"position\":1,\"name\":\"Startseite\",\"item\":\"https:\\\/\\\/www.ewa-marine.de\\\/\"},{\"@type\":\"ListItem\",\"position\":2,\"name\":\"Produkte\",\"item\":\"https:\\\/\\\/www.ewa-marine.de\\\/products\\\/\"},{\"@type\":\"ListItem\",\"position\":3,\"name\":\"Zubeh\u00f6r\",\"item\":\"https:\\\/\\\/www.ewa-marine.de\\\/products\\\/zubehoer\\\/\"},{\"@type\":\"ListItem\",\"position\":4,\"name\":\"Stativ-Bodenplatte\"}]},{\"@type\":\"WebSite\",\"@id\":\"https:\\\/\\\/ewa-marine.com\\\/de\\\/#website\",\"url\":\"https:\\\/\\\/ewa-marine.com\\\/de\\\/\",\"name\":\"ewa-marine\",\"description\":\"Capture the Extreme !\",\"potentialAction\":[{\"@type\":\"SearchAction\",\"target\":{\"@type\":\"EntryPoint\",\"urlTemplate\":\"https:\\\/\\\/ewa-marine.com\\\/de\\\/?s={search_term_string}\"},\"query-input\":{\"@type\":\"PropertyValueSpecification\",\"valueRequired\":true,\"valueName\":\"search_term_string\"}}],\"inLanguage\":\"de\"}]}<\/script>\n<!-- \/ Yoast SEO plugin. -->","yoast_head_json":{"title":"Stativ-bodenplatte","description":"Es gibt Momente und Situationen in denen Sie gerne Ihre Kamera mit dem ewa-marine Unterwassergeh\u00e4use auf einer Stativ-Bodenplatte befestigen wollen?","robots":{"index":"index","follow":"follow","max-snippet":"max-snippet:-1","max-image-preview":"max-image-preview:large","max-video-preview":"max-video-preview:-1"},"canonical":"https:\/\/ewa-marine.com\/de\/products\/zubehoer\/stativ-bodenplatte\/","og_locale":"de_DE","og_type":"article","og_title":"Stativ-bodenplatte","og_description":"Es gibt Momente und Situationen in denen Sie gerne Ihre Kamera mit dem ewa-marine Unterwassergeh\u00e4use auf einer Stativ-Bodenplatte befestigen wollen?","og_url":"https:\/\/ewa-marine.com\/de\/products\/zubehoer\/stativ-bodenplatte\/","og_site_name":"ewa-marine","article_publisher":"https:\/\/www.facebook.com\/ewa-marine","article_modified_time":"2017-10-26T07:32:31+00:00","og_image":[{"width":400,"height":400,"url":"https:\/\/ewa-marine.com\/wp-content\/uploads\/2015\/07\/tripod_in_river.jpg","type":"image\/jpeg"}],"twitter_card":"summary_large_image","twitter_site":"@ewa_marine","twitter_misc":{"Gesch\u00e4tzte Lesezeit":"1\u00a0Minute"},"schema":{"@context":"https:\/\/schema.org","@graph":[{"@type":"WebPage","@id":"https:\/\/ewa-marine.com\/de\/products\/zubehoer\/stativ-bodenplatte\/","url":"https:\/\/ewa-marine.com\/de\/products\/zubehoer\/stativ-bodenplatte\/","name":"Stativ-bodenplatte","isPartOf":{"@id":"https:\/\/ewa-marine.com\/de\/#website"},"primaryImageOfPage":{"@id":"https:\/\/ewa-marine.com\/de\/products\/zubehoer\/stativ-bodenplatte\/#primaryimage"},"image":{"@id":"https:\/\/ewa-marine.com\/de\/products\/zubehoer\/stativ-bodenplatte\/#primaryimage"},"thumbnailUrl":"https:\/\/ewa-marine.com\/wp-content\/uploads\/2015\/07\/tripod_in_river.jpg","datePublished":"2015-07-08T12:51:21+00:00","dateModified":"2017-10-26T07:32:31+00:00","description":"Es gibt Momente und Situationen in denen Sie gerne Ihre Kamera mit dem ewa-marine Unterwassergeh\u00e4use auf einer Stativ-Bodenplatte befestigen wollen?","breadcrumb":{"@id":"https:\/\/ewa-marine.com\/de\/products\/zubehoer\/stativ-bodenplatte\/#breadcrumb"},"inLanguage":"de","potentialAction":[{"@type":"ReadAction","target":["https:\/\/ewa-marine.com\/de\/products\/zubehoer\/stativ-bodenplatte\/"]}]},{"@type":"ImageObject","inLanguage":"de","@id":"https:\/\/ewa-marine.com\/de\/products\/zubehoer\/stativ-bodenplatte\/#primaryimage","url":"https:\/\/ewa-marine.com\/wp-content\/uploads\/2015\/07\/tripod_in_river.jpg","contentUrl":"https:\/\/ewa-marine.com\/wp-content\/uploads\/2015\/07\/tripod_in_river.jpg","width":400,"height":400,"caption":"Stativ-Bodenplatte"},{"@type":"BreadcrumbList","@id":"https:\/\/ewa-marine.com\/de\/products\/zubehoer\/stativ-bodenplatte\/#breadcrumb","itemListElement":[{"@type":"ListItem","position":1,"name":"Startseite","item":"https:\/\/www.ewa-marine.de\/"},{"@type":"ListItem","position":2,"name":"Produkte","item":"https:\/\/www.ewa-marine.de\/products\/"},{"@type":"ListItem","position":3,"name":"Zubeh\u00f6r","item":"https:\/\/www.ewa-marine.de\/products\/zubehoer\/"},{"@type":"ListItem","position":4,"name":"Stativ-Bodenplatte"}]},{"@type":"WebSite","@id":"https:\/\/ewa-marine.com\/de\/#website","url":"https:\/\/ewa-marine.com\/de\/","name":"ewa-marine","description":"Capture the Extreme !","potentialAction":[{"@type":"SearchAction","target":{"@type":"EntryPoint","urlTemplate":"https:\/\/ewa-marine.com\/de\/?s={search_term_string}"},"query-input":{"@type":"PropertyValueSpecification","valueRequired":true,"valueName":"search_term_string"}}],"inLanguage":"de"}]}},"_links":{"self":[{"href":"https:\/\/ewa-marine.com\/de\/wp-json\/wp\/v2\/pages\/512","targetHints":{"allow":["GET"]}}],"collection":[{"href":"https:\/\/ewa-marine.com\/de\/wp-json\/wp\/v2\/pages"}],"about":[{"href":"https:\/\/ewa-marine.com\/de\/wp-json\/wp\/v2\/types\/page"}],"author":[{"embeddable":true,"href":"https:\/\/ewa-marine.com\/de\/wp-json\/wp\/v2\/users\/2"}],"replies":[{"embeddable":true,"href":"https:\/\/ewa-marine.com\/de\/wp-json\/wp\/v2\/comments?post=512"}],"version-history":[{"count":0,"href":"https:\/\/ewa-marine.com\/de\/wp-json\/wp\/v2\/pages\/512\/revisions"}],"up":[{"embeddable":true,"href":"https:\/\/ewa-marine.com\/de\/wp-json\/wp\/v2\/pages\/604"}],"wp:featuredmedia":[{"embeddable":true,"href":"https:\/\/ewa-marine.com\/de\/wp-json\/wp\/v2\/media\/513"}],"wp:attachment":[{"href":"https:\/\/ewa-marine.com\/de\/wp-json\/wp\/v2\/media?parent=512"}],"curies":[{"name":"wp","href":"https:\/\/api.w.org\/{rel}","templated":true}]}}